{"id":17047,"date":"2020-08-09T13:13:15","date_gmt":"2020-08-09T13:13:15","guid":{"rendered":"https:\/\/versano.nl\/shop\/slim-fit-dames-winterjas-zwart-jessica-versano\/"},"modified":"2026-02-23T11:24:03","modified_gmt":"2026-02-23T11:24:03","slug":"slim-fit-dames-winterjas-zwart-jessica-versano","status":"publish","type":"product","link":"https:\/\/versano.nl\/fr\/shop\/slim-fit-dames-winterjas-zwart-jessica-versano\/","title":{"rendered":"manteau d&#039;hiver pour femme avec col en fourrure Jessica noir avec fermeture \u00e0 bouton magn\u00e9tique Versano"},"content":{"rendered":"<h2>manteau d&#039;hiver pour femme avec col en fourrure Jessica noir avec fermeture \u00e0 bouton magn\u00e9tique Versano<\/h2>\n<p>Le Jessica a une double fermeture compos\u00e9e d&#039;une fermeture \u00e0 glissi\u00e8re et d&#039;un bouton aimant\u00e9 qui se prolonge dans le col haut. En plus, cette veste d&#039;hiver pour femme avec col en fourrure Jessica noir Versano poss\u00e8de \u00e9galement des mitaines en bord-c\u00f4te \u00e9lastique \u00e0 l&#039;extr\u00e9mit\u00e9 des manches au niveau du poignet. Vous mettez votre pouce \u00e0 travers cela et vous \u00eates assur\u00e9 d&#039;avoir des mains chaudes. La capuche amovible avec fermeture \u00e9clair a des boutons avec lesquels un col en fourrure peut \u00eatre attach\u00e9. De plus, la veste poss\u00e8de 6 poches ext\u00e9rieures, 4 poches basses dont 2 poches fendues avec fermeture \u00e9clair \u00e0 hauteur de hanches et 2 poches \u00e0 rabat avec fermeture boutonn\u00e9e \u00e0 hauteur de nombril. Les 2 poches sur la poitrine ont une fermeture boutonn\u00e9e. Toutes les poches ext\u00e9rieures sont en polaire pour garder les mains bien au chaud et la veste dispose \u00e9galement de 2 poches profondes \u00e0 l&#039;int\u00e9rieur.<\/p>\n<h2>Vous voulez acheter une veste d&#039;hiver pour femme avec col en fourrure Jessica Versano noir ?<\/h2>\n<p>Avec ce nouveau mod\u00e8le de veste d&#039;hiver pour femmes \u00e0 4 poches de Versano, vous obtenez une veste que vous appr\u00e9cierez certainement pendant longtemps. C&#039;est une veste avec laquelle vous pouvez \u00eatre s\u00fbr que vous l&#039;appr\u00e9cierez lorsque vous la sortirez par mauvais temps. Il vous garde au chaud et est si joliment con\u00e7u que vous attirerez certainement l&#039;attention avec lui. La commande est tr\u00e8s simple, et nos employ\u00e9s veilleront \u00e0 ce que votre veste vous soit envoy\u00e9e dans les plus brefs d\u00e9lais.<\/p>\n<p>Marque: Versano<br \/>\nlongueur: demi<br \/>\ncoupe: ajustement normal<br \/>\ndoublure: 100% polyester<br \/>\n\u00e9paisseur Doublure: 200 grammes align\u00e9s \u00e9pais<br \/>\nLongueur des manches: Manches longues<br \/>\nHotte: doubl\u00e9e, solide<br \/>\nLes plus: coutures renforc\u00e9es<br \/>\nfermeture: fermeture \u00e0 glissi\u00e8re et des boutons avec rabat de protection, zip<br \/>\npoches: poches lat\u00e9rales, poches droites et poche int\u00e9rieure<br \/>\nFonction: imperm\u00e9able, coupe-vent<br \/>\nmat\u00e9riel: polyester<br \/>\nAccessoires: col de fourrure (en option)<br \/>\nextra : gants sans doigts (bout de manche) en bande c\u00f4tel\u00e9e \u00e9lastique, fermeture \u00e0 bouton magn\u00e9tique<\/p>\n<p>D\u00e9lai de livraison: 2-3 jours<\/p>\n<p><strong>EN OPTION: REAL FUR BAGUE RATON ART DE RACCOON FOURRURE<\/strong><\/p>","protected":false},"excerpt":{"rendered":"<p><span style=\"color: #ff0000;\">CONSEILS DE FIT:<\/span> De pasvorm van deze jas is getailleerd. Onze model is 1.74 cm lang en draagt een maat XS.<\/p>\n<p>Si vous n&#039;\u00eates pas s\u00fbr de vos mesures, nous vous recommandons de commencer par mesurer vos mesures de taille et de les comparer avec notre tableau des tailles. Si vous n&#039;avez aucune exp\u00e9rience dans la mesure des tailles de circonf\u00e9rence, cliquez sur\u00a0<a href=\"https:\/\/www.youtube.com\/watch?v=3ZSfY87v6pM\"><em>ICI<\/em>\u00a0<\/a>\u00a0\u00e0\u00a0<span style=\"color: #ff0000;\"><a style=\"color: #ff0000;\" href=\"https:\/\/www.youtube.com\/watch?v=3ZSfY87v6pM\"><em>VIDEO<\/em><\/a><\/span>\u00a0 avec des instructions. Vous pouvez \u00e9galement nous appeler ou nous appliquer directement! Nos employ\u00e9s sont toujours disponibles pour vous aider.<\/p>\n<p><span style=\"color: #000000;\"><strong>HEURE DE LIVRAISON :<\/strong><\/span> 2 \u00e0 3 jours ouvr\u00e9s.<\/p>\n<p><span style=\"color: #ff0000;\">INFORMATION IMPORTANTE:<\/span><\/p>\n<p>Wij hebben een gedetailleerd pasvorm advies aangegeven in de product afbeeldingen. Bekijk dit voordat u een bestelling plaatst.<\/p>\n<p>Vous pouvez acheter n&#039;importe quelle veste Versano avec ou sans col en fourrure, le col en fourrure n&#039;est pas inclus.<\/p>","protected":false},"featured_media":30562,"comment_status":"closed","ping_status":"closed","template":"","meta":[],"product_brand":[],"product_cat":[1403,1012,1353,1406,1145,1384,1389,1382,1383,1037,1038,882,1143,1144,2204,1415,1041,1042,215,1404,1339],"product_tag":[396,1374,1407,1157,225,1048,1046],"class_list":{"0":"post-17047","1":"product","2":"type-product","3":"status-publish","4":"has-post-thumbnail","6":"product_cat-bontkraag-jas","7":"product_cat-dames-jas-met-bontkraag","8":"product_cat-dames-jas-met-pels","9":"product_cat-dames-parka-winterjas","10":"product_cat-dames-winterjas","11":"product_cat-dames-winterjas-met-bontkraag","12":"product_cat-dames-winterjas-met-pels","13":"product_cat-dames-winterjassen","14":"product_cat-dames-winterjassen-met-bontkraag","15":"product_cat-jas-met-bontkraag","16":"product_cat-jas-met-bontkraag-dames","17":"product_cat-versano","18":"product_cat-winterjas","19":"product_cat-winterjas-dames","20":"product_cat-winterjas-dames-halflang","21":"product_cat-winterjas-dames-met-bontkraag","22":"product_cat-winterjas-met-bontkraag","23":"product_cat-winterjas-met-bontkraag-dames","24":"product_cat-dames-jassen-met-bontkraag","25":"product_cat-winterjassen","26":"product_cat-winterjassen-dames","27":"product_tag-dames-winterjas-zwart","28":"product_tag-versano-winterjas","29":"product_tag-winterjas-dames-met-bontkraag","30":"product_tag-winterjas-dames-zwart","31":"product_tag-winterjas-met-bontkraag-dames","32":"product_tag-zwarte-dames-winterjas","33":"product_tag-zwarte-dames-winterjas-met-pels","34":"product_shipping_class-verzendkosten-1","35":"tm-has-options","37":"first","38":"instock","39":"sale","40":"taxable","41":"shipping-taxable","42":"purchasable","43":"product-type-variable"},"yoast_head":"<!-- This site is optimized with the Yoast SEO plugin v27.2 - https:\/\/yoast.com\/product\/yoast-seo-wordpress\/ -->\n<title>dames winterjas met bontkraag Jessica zwart Versano<\/title>\n<meta name=\"description\" content=\"Bent u op zoek naar dames winterjas met bontkraag Jessica zwart Versano? Dan bent u bij ons aan het juiste adres voor winterjassen.\" \/>\n<meta name=\"robots\" content=\"index, follow, max-snippet:-1, max-image-preview:large, max-video-preview:-1\" \/>\n<link rel=\"canonical\" href=\"https:\/\/versano.nl\/fr\/shop\/slim-fit-dames-winterjas-zwart-jessica-versano\/\" \/>\n<meta property=\"og:locale\" content=\"fr_FR\" \/>\n<meta property=\"og:type\" content=\"article\" \/>\n<meta property=\"og:title\" content=\"dames winterjas met bontkraag Jessica zwart Versano\" \/>\n<meta property=\"og:description\" content=\"Bent u op zoek naar dames winterjas met bontkraag Jessica zwart Versano? Dan bent u bij ons aan het juiste adres voor winterjassen.\" \/>\n<meta property=\"og:url\" content=\"https:\/\/versano.nl\/fr\/shop\/slim-fit-dames-winterjas-zwart-jessica-versano\/\" \/>\n<meta property=\"og:site_name\" content=\"Versano\" \/>\n<meta property=\"article:modified_time\" content=\"2026-02-23T11:24:03+00:00\" \/>\n<meta property=\"og:image\" content=\"https:\/\/versano.nl\/wp-content\/uploads\/2020\/08\/jessica-1-bewerkt.jpg\" \/>\n\t<meta property=\"og:image:width\" content=\"602\" \/>\n\t<meta property=\"og:image:height\" content=\"800\" \/>\n\t<meta property=\"og:image:type\" content=\"image\/jpeg\" \/>\n<meta name=\"twitter:card\" content=\"summary_large_image\" \/>\n<meta name=\"twitter:label1\" content=\"Dur\u00e9e de lecture estim\u00e9e\" \/>\n\t<meta name=\"twitter:data1\" content=\"2 minutes\" \/>\n<script type=\"application\/ld+json\" class=\"yoast-schema-graph\">{\"@context\":\"https:\/\/schema.org\",\"@graph\":[{\"@type\":\"WebPage\",\"@id\":\"https:\/\/versano.nl\/shop\/slim-fit-dames-winterjas-zwart-jessica-versano\/\",\"url\":\"https:\/\/versano.nl\/shop\/slim-fit-dames-winterjas-zwart-jessica-versano\/\",\"name\":\"dames winterjas met bontkraag Jessica zwart Versano\",\"isPartOf\":{\"@id\":\"https:\/\/versano.nl\/#website\"},\"primaryImageOfPage\":{\"@id\":\"https:\/\/versano.nl\/shop\/slim-fit-dames-winterjas-zwart-jessica-versano\/#primaryimage\"},\"image\":{\"@id\":\"https:\/\/versano.nl\/shop\/slim-fit-dames-winterjas-zwart-jessica-versano\/#primaryimage\"},\"thumbnailUrl\":\"https:\/\/versano.nl\/wp-content\/uploads\/2020\/08\/jessica-1-bewerkt.jpg\",\"datePublished\":\"2020-08-09T13:13:15+00:00\",\"dateModified\":\"2026-02-23T11:24:03+00:00\",\"description\":\"Bent u op zoek naar dames winterjas met bontkraag Jessica zwart Versano? Dan bent u bij ons aan het juiste adres voor winterjassen.\",\"breadcrumb\":{\"@id\":\"https:\/\/versano.nl\/shop\/slim-fit-dames-winterjas-zwart-jessica-versano\/#breadcrumb\"},\"inLanguage\":\"fr-FR\",\"potentialAction\":[{\"@type\":\"ReadAction\",\"target\":[\"https:\/\/versano.nl\/shop\/slim-fit-dames-winterjas-zwart-jessica-versano\/\"]}]},{\"@type\":\"ImageObject\",\"inLanguage\":\"fr-FR\",\"@id\":\"https:\/\/versano.nl\/shop\/slim-fit-dames-winterjas-zwart-jessica-versano\/#primaryimage\",\"url\":\"https:\/\/versano.nl\/wp-content\/uploads\/2020\/08\/jessica-1-bewerkt.jpg\",\"contentUrl\":\"https:\/\/versano.nl\/wp-content\/uploads\/2020\/08\/jessica-1-bewerkt.jpg\",\"width\":602,\"height\":800,\"caption\":\"dames winterjas met bontkraag Jessica zwart met magneet knoopsluiting Versano\"},{\"@type\":\"BreadcrumbList\",\"@id\":\"https:\/\/versano.nl\/shop\/slim-fit-dames-winterjas-zwart-jessica-versano\/#breadcrumb\",\"itemListElement\":[{\"@type\":\"ListItem\",\"position\":1,\"name\":\"Home\",\"item\":\"https:\/\/versano.nl\/\"},{\"@type\":\"ListItem\",\"position\":2,\"name\":\"Shop\",\"item\":\"https:\/\/versano.nl\/shop\/\"},{\"@type\":\"ListItem\",\"position\":3,\"name\":\"dames winterjas met bontkraag Jessica zwart met magneet knoopsluiting Versano\"}]},{\"@type\":\"WebSite\",\"@id\":\"https:\/\/versano.nl\/#website\",\"url\":\"https:\/\/versano.nl\/\",\"name\":\"Versano\",\"description\":\"winterjassen met bontkraag | leren dames jassen | leren heren jassen\",\"potentialAction\":[{\"@type\":\"SearchAction\",\"target\":{\"@type\":\"EntryPoint\",\"urlTemplate\":\"https:\/\/versano.nl\/?s={search_term_string}\"},\"query-input\":{\"@type\":\"PropertyValueSpecification\",\"valueRequired\":true,\"valueName\":\"search_term_string\"}}],\"inLanguage\":\"fr-FR\"}]}<\/script>\n<!-- \/ Yoast SEO plugin. -->","yoast_head_json":{"title":"manteau d&#039;hiver femme avec col en fourrure Jessica noir Versano","description":"Vous cherchez un manteau d&#039;hiver pour femme avec col en fourrure Jessica Versano noir ? Alors vous \u00eates au bon endroit pour les manteaux d&#039;hiver.","robots":{"index":"index","follow":"follow","max-snippet":"max-snippet:-1","max-image-preview":"max-image-preview:large","max-video-preview":"max-video-preview:-1"},"canonical":"https:\/\/versano.nl\/fr\/shop\/slim-fit-dames-winterjas-zwart-jessica-versano\/","og_locale":"fr_FR","og_type":"article","og_title":"dames winterjas met bontkraag Jessica zwart Versano","og_description":"Bent u op zoek naar dames winterjas met bontkraag Jessica zwart Versano? Dan bent u bij ons aan het juiste adres voor winterjassen.","og_url":"https:\/\/versano.nl\/fr\/shop\/slim-fit-dames-winterjas-zwart-jessica-versano\/","og_site_name":"Versano","article_modified_time":"2026-02-23T11:24:03+00:00","og_image":[{"width":602,"height":800,"url":"https:\/\/versano.nl\/wp-content\/uploads\/2020\/08\/jessica-1-bewerkt.jpg","type":"image\/jpeg"}],"twitter_card":"summary_large_image","twitter_misc":{"Dur\u00e9e de lecture estim\u00e9e":"2 minutes"},"schema":{"@context":"https:\/\/schema.org","@graph":[{"@type":"WebPage","@id":"https:\/\/versano.nl\/shop\/slim-fit-dames-winterjas-zwart-jessica-versano\/","url":"https:\/\/versano.nl\/shop\/slim-fit-dames-winterjas-zwart-jessica-versano\/","name":"manteau d&#039;hiver femme avec col en fourrure Jessica noir Versano","isPartOf":{"@id":"https:\/\/versano.nl\/#website"},"primaryImageOfPage":{"@id":"https:\/\/versano.nl\/shop\/slim-fit-dames-winterjas-zwart-jessica-versano\/#primaryimage"},"image":{"@id":"https:\/\/versano.nl\/shop\/slim-fit-dames-winterjas-zwart-jessica-versano\/#primaryimage"},"thumbnailUrl":"https:\/\/versano.nl\/wp-content\/uploads\/2020\/08\/jessica-1-bewerkt.jpg","datePublished":"2020-08-09T13:13:15+00:00","dateModified":"2026-02-23T11:24:03+00:00","description":"Vous cherchez un manteau d&#039;hiver pour femme avec col en fourrure Jessica Versano noir ? Alors vous \u00eates au bon endroit pour les manteaux d&#039;hiver.","breadcrumb":{"@id":"https:\/\/versano.nl\/shop\/slim-fit-dames-winterjas-zwart-jessica-versano\/#breadcrumb"},"inLanguage":"fr-FR","potentialAction":[{"@type":"ReadAction","target":["https:\/\/versano.nl\/shop\/slim-fit-dames-winterjas-zwart-jessica-versano\/"]}]},{"@type":"ImageObject","inLanguage":"fr-FR","@id":"https:\/\/versano.nl\/shop\/slim-fit-dames-winterjas-zwart-jessica-versano\/#primaryimage","url":"https:\/\/versano.nl\/wp-content\/uploads\/2020\/08\/jessica-1-bewerkt.jpg","contentUrl":"https:\/\/versano.nl\/wp-content\/uploads\/2020\/08\/jessica-1-bewerkt.jpg","width":602,"height":800,"caption":"dames winterjas met bontkraag Jessica zwart met magneet knoopsluiting Versano"},{"@type":"BreadcrumbList","@id":"https:\/\/versano.nl\/shop\/slim-fit-dames-winterjas-zwart-jessica-versano\/#breadcrumb","itemListElement":[{"@type":"ListItem","position":1,"name":"Home","item":"https:\/\/versano.nl\/"},{"@type":"ListItem","position":2,"name":"Shop","item":"https:\/\/versano.nl\/shop\/"},{"@type":"ListItem","position":3,"name":"dames winterjas met bontkraag Jessica zwart met magneet knoopsluiting Versano"}]},{"@type":"WebSite","@id":"https:\/\/versano.nl\/#website","url":"https:\/\/versano.nl\/","name":"Versano","description":"manteaux d&#039;hiver avec col en fourrure | vestes femme en cuir | vestes en cuir pour hommes","potentialAction":[{"@type":"SearchAction","target":{"@type":"EntryPoint","urlTemplate":"https:\/\/versano.nl\/?s={search_term_string}"},"query-input":{"@type":"PropertyValueSpecification","valueRequired":true,"valueName":"search_term_string"}}],"inLanguage":"fr-FR"}]}},"_links":{"self":[{"href":"https:\/\/versano.nl\/fr\/wp-json\/wp\/v2\/product\/17047","targetHints":{"allow":["GET"]}}],"collection":[{"href":"https:\/\/versano.nl\/fr\/wp-json\/wp\/v2\/product"}],"about":[{"href":"https:\/\/versano.nl\/fr\/wp-json\/wp\/v2\/types\/product"}],"replies":[{"embeddable":true,"href":"https:\/\/versano.nl\/fr\/wp-json\/wp\/v2\/comments?post=17047"}],"wp:featuredmedia":[{"embeddable":true,"href":"https:\/\/versano.nl\/fr\/wp-json\/wp\/v2\/media\/30562"}],"wp:attachment":[{"href":"https:\/\/versano.nl\/fr\/wp-json\/wp\/v2\/media?parent=17047"}],"wp:term":[{"taxonomy":"product_brand","embeddable":true,"href":"https:\/\/versano.nl\/fr\/wp-json\/wp\/v2\/product_brand?post=17047"},{"taxonomy":"product_cat","embeddable":true,"href":"https:\/\/versano.nl\/fr\/wp-json\/wp\/v2\/product_cat?post=17047"},{"taxonomy":"product_tag","embeddable":true,"href":"https:\/\/versano.nl\/fr\/wp-json\/wp\/v2\/product_tag?post=17047"}],"curies":[{"name":"wp","href":"https:\/\/api.w.org\/{rel}","templated":true}]}}