{"id":16889,"date":"2020-08-05T18:43:16","date_gmt":"2020-08-05T18:43:16","guid":{"rendered":"https:\/\/versano.nl\/shop\/dames-kunstdons-lightweight-jack-met-capuchon-zwart-versano-jennifer\/"},"modified":"2026-03-11T11:20:18","modified_gmt":"2026-03-11T11:20:18","slug":"dames-kunstdons-lightweight-jack-met-capuchon-zwart-versano-jennifer","status":"publish","type":"product","link":"https:\/\/versano.nl\/fr\/shop\/dames-kunstdons-lightweight-jack-met-capuchon-zwart-versano-jennifer\/","title":{"rendered":"Doudoune femme noire Jennifer Versano"},"content":{"rendered":"<h2>Doudoune femme noire Jennifer Versano<\/h2>\n<p>Cette veste matelass\u00e9e est doubl\u00e9e de duvet artificiel et se compose d&#039;une capuche fixe. La veste est faite de mat\u00e9riaux de tr\u00e8s haute qualit\u00e9 et ne p\u00e8se que 250 grammes. Cette doudoune artificielle est tr\u00e8s sp\u00e9ciale et s&#039;adapte tr\u00e8s bien \u00e0 votre corps en raison de son poids l\u00e9ger. La doudoune pour femme noire Jennifer Versano a une tr\u00e8s belle coupe ajust\u00e9e, ce qui la rend exceptionnellement plus jolie que les autres doudounes. Vous pouvez porter cette veste au printemps ou en automne, mais la veste est en fait adapt\u00e9e \u00e0 porter toute l&#039;ann\u00e9e. La veste a une fermeture \u00e9clair centrale, 2 poches lat\u00e9rales avec fermeture \u00e9clair et une poche int\u00e9rieure spacieuse. La veste matelass\u00e9e pour femme est livr\u00e9e dans une jolie pochette Versano, vous pouvez donc l&#039;enrouler facilement et l&#039;emporter partout. C&#039;est donc un mod\u00e8le que nous ne pouvons que recommander chaleureusement. Avec cette veste, vous pouvez \u00eatre s\u00fbr que vous aurez bient\u00f4t une nouvelle veste accroch\u00e9e \u00e0 vos \u00e9paules dans laquelle vous pourrez \u00eatre vu.<\/p>\n<h2>Commander le mod\u00e8le Jennifer en noir<\/h2>\n<p>Ce mod\u00e8le Versano n&#039;est pas seulement disponible dans la couleur cool noir, mais aussi dans les couleurs vert et bleu. Avec une si belle veste Versano, vous pouvez \u00eatre s\u00fbr que vous pourrez la porter tout l&#039;hiver. Vous pouvez facilement commander ce mod\u00e8le dans la boutique en ligne Versano. Nous avons rassembl\u00e9 ici toutes nos vestes pour que vous puissiez facilement passer une commande. Chez Versano, vous pouvez toujours \u00eatre s\u00fbr que vous achetez un beau manteau qui a \u00e9t\u00e9 travaill\u00e9 avec soin. Avec nous, vous pouvez facilement choisir la bonne taille en fonction de nos vid\u00e9os d&#039;instructions intelligentes. Vous avez des questions ou vous ne savez pas quelle taille commander ? Ensuite, vous pouvez toujours nous contacter par mail ou WhatsApp. Nos employ\u00e9s aimeraient vous aider!<\/p>\n<p>marque:\u00a0<a href=\"https:\/\/versano.nl\/\">Versano<\/a><br \/>\nLongueur: court<br \/>\nCoupe : coupe ajust\u00e9e<br \/>\nDoublure: 100% polyester<br \/>\nLongueur des manches: manches longues<br \/>\nPoches: poches lat\u00e9rales \u00e0 l&#039;int\u00e9rieur,<br \/>\nFonction: imperm\u00e9able, coupe-vent<br \/>\nmat\u00e9riau couche ext\u00e9rieure: 100% polyester<\/p>\n<p>D\u00e9lai de livraison: 2-3 jours ouvrables<\/p>","protected":false},"excerpt":{"rendered":"<p><span style=\"color: red;\">Conseils d&#039;ajustement:<\/span> Cette veste a une coupe ajust\u00e9e classique. Notre mannequin mesure 1,74 cm et porte un XS.<\/p>\n<p>Si vous n&#039;\u00eates pas s\u00fbr de vos mesures, nous vous recommandons de commencer par mesurer vos mesures de taille et de les comparer avec notre tableau des tailles. Si vous n&#039;avez aucune exp\u00e9rience dans la mesure des tailles de circonf\u00e9rence, cliquez sur\u00a0<a href=\"https:\/\/www.youtube.com\/watch?v=3ZSfY87v6pM\"><em>ICI<\/em>\u00a0<\/a>\u00a0\u00e0\u00a0<span style=\"color: red;\"><span style=\"color: #ff0000;\"><a style=\"color: #ff0000;\" href=\"https:\/\/www.youtube.com\/watch?v=3ZSfY87v6pM\"><em>VIDEO<\/em><\/a>\u00a0<\/span>\u00a0<\/span>avec des instructions. Vous pouvez \u00e9galement nous appeler ou nous appliquer directement! Nos employ\u00e9s sont toujours disponibles pour vous aider.<\/p>\n<p><strong>HEURE DE LIVRAISON<\/strong>\u00a0: 2 \u00e0 3 jours ouvr\u00e9s.<\/p>","protected":false},"featured_media":16885,"comment_status":"closed","ping_status":"closed","template":"","meta":[],"product_brand":[],"product_cat":[2003,1334,2001,1333,1335,882,1143,1144],"product_tag":[1829,1276,1814,1288,1833,1289,1836,1839,1834,1837,1838,1835],"class_list":{"0":"post-16889","1":"product","2":"type-product","3":"status-publish","4":"has-post-thumbnail","6":"product_cat-dames-donsjas","7":"product_cat-donsjassen-dames","8":"product_cat-dames-gewatteerde-jas","9":"product_cat-gewatteerde-jassen-dames","10":"product_cat-lightweight-jas-dames","11":"product_cat-versano","12":"product_cat-winterjas","13":"product_cat-winterjas-dames","14":"product_tag-dames-collectie-versano","15":"product_tag-dames-donsjas-zwart","16":"product_tag-dames-zomerjas","17":"product_tag-donsjasje-zwart-dames","18":"product_tag-donsjassen-dames-online","19":"product_tag-donzen-dames-jas-zwart","20":"product_tag-gewatteerde-dames-jas-kopen","21":"product_tag-goedkope-donsjassen-dames","22":"product_tag-goedkope-zomerjassen-dames","23":"product_tag-uitverkoop-versano","24":"product_tag-versano-jassen-in-sale","25":"product_tag-zwarte-donsjas-dames","26":"product_shipping_class-verzendkosten-1","27":"tm-no-options","29":"first","30":"instock","31":"sale","32":"taxable","33":"shipping-taxable","34":"purchasable","35":"product-type-variable"},"yoast_head":"<!-- This site is optimized with the Yoast SEO plugin v27.2 - https:\/\/yoast.com\/product\/yoast-seo-wordpress\/ -->\n<title>Dames donsjas zwart Jennifer Versano, dames donsjassen<\/title>\n<meta name=\"description\" content=\"Ben je op zoek naar een Dames donsjas zwart Jennifer Versano, dan zit je bij Versano aan het juiste adres voor gewatteerde dames jassen.\" \/>\n<meta name=\"robots\" content=\"index, follow, max-snippet:-1, max-image-preview:large, max-video-preview:-1\" \/>\n<link rel=\"canonical\" href=\"https:\/\/versano.nl\/fr\/shop\/dames-kunstdons-lightweight-jack-met-capuchon-zwart-versano-jennifer\/\" \/>\n<meta property=\"og:locale\" content=\"fr_FR\" \/>\n<meta property=\"og:type\" content=\"article\" \/>\n<meta property=\"og:title\" content=\"Dames donsjas zwart Jennifer Versano, dames donsjassen\" \/>\n<meta property=\"og:description\" content=\"Ben je op zoek naar een Dames donsjas zwart Jennifer Versano, dan zit je bij Versano aan het juiste adres voor gewatteerde dames jassen.\" \/>\n<meta property=\"og:url\" content=\"https:\/\/versano.nl\/fr\/shop\/dames-kunstdons-lightweight-jack-met-capuchon-zwart-versano-jennifer\/\" \/>\n<meta property=\"og:site_name\" content=\"Versano\" \/>\n<meta property=\"article:modified_time\" content=\"2026-03-11T11:20:18+00:00\" \/>\n<meta property=\"og:image\" content=\"https:\/\/versano.nl\/wp-content\/uploads\/2020\/08\/dames-lightweight-donsjas-zwart-met-capuchon-versano-jennifer-voorkant.jpg\" \/>\n\t<meta property=\"og:image:width\" content=\"900\" \/>\n\t<meta property=\"og:image:height\" content=\"1200\" \/>\n\t<meta property=\"og:image:type\" content=\"image\/jpeg\" \/>\n<meta name=\"twitter:card\" content=\"summary_large_image\" \/>\n<meta name=\"twitter:label1\" content=\"Dur\u00e9e de lecture estim\u00e9e\" \/>\n\t<meta name=\"twitter:data1\" content=\"2 minutes\" \/>\n<script type=\"application\/ld+json\" class=\"yoast-schema-graph\">{\"@context\":\"https:\/\/schema.org\",\"@graph\":[{\"@type\":\"WebPage\",\"@id\":\"https:\/\/versano.nl\/shop\/dames-kunstdons-lightweight-jack-met-capuchon-zwart-versano-jennifer\/\",\"url\":\"https:\/\/versano.nl\/shop\/dames-kunstdons-lightweight-jack-met-capuchon-zwart-versano-jennifer\/\",\"name\":\"Dames donsjas zwart Jennifer Versano, dames donsjassen\",\"isPartOf\":{\"@id\":\"https:\/\/versano.nl\/#website\"},\"primaryImageOfPage\":{\"@id\":\"https:\/\/versano.nl\/shop\/dames-kunstdons-lightweight-jack-met-capuchon-zwart-versano-jennifer\/#primaryimage\"},\"image\":{\"@id\":\"https:\/\/versano.nl\/shop\/dames-kunstdons-lightweight-jack-met-capuchon-zwart-versano-jennifer\/#primaryimage\"},\"thumbnailUrl\":\"https:\/\/versano.nl\/wp-content\/uploads\/2020\/08\/dames-lightweight-donsjas-zwart-met-capuchon-versano-jennifer-voorkant.jpg\",\"datePublished\":\"2020-08-05T18:43:16+00:00\",\"dateModified\":\"2026-03-11T11:20:18+00:00\",\"description\":\"Ben je op zoek naar een Dames donsjas zwart Jennifer Versano, dan zit je bij Versano aan het juiste adres voor gewatteerde dames jassen.\",\"breadcrumb\":{\"@id\":\"https:\/\/versano.nl\/shop\/dames-kunstdons-lightweight-jack-met-capuchon-zwart-versano-jennifer\/#breadcrumb\"},\"inLanguage\":\"fr-FR\",\"potentialAction\":[{\"@type\":\"ReadAction\",\"target\":[\"https:\/\/versano.nl\/shop\/dames-kunstdons-lightweight-jack-met-capuchon-zwart-versano-jennifer\/\"]}]},{\"@type\":\"ImageObject\",\"inLanguage\":\"fr-FR\",\"@id\":\"https:\/\/versano.nl\/shop\/dames-kunstdons-lightweight-jack-met-capuchon-zwart-versano-jennifer\/#primaryimage\",\"url\":\"https:\/\/versano.nl\/wp-content\/uploads\/2020\/08\/dames-lightweight-donsjas-zwart-met-capuchon-versano-jennifer-voorkant.jpg\",\"contentUrl\":\"https:\/\/versano.nl\/wp-content\/uploads\/2020\/08\/dames-lightweight-donsjas-zwart-met-capuchon-versano-jennifer-voorkant.jpg\",\"width\":900,\"height\":1200,\"caption\":\"Dames donsjas zwart Jennifer Versano\"},{\"@type\":\"BreadcrumbList\",\"@id\":\"https:\/\/versano.nl\/shop\/dames-kunstdons-lightweight-jack-met-capuchon-zwart-versano-jennifer\/#breadcrumb\",\"itemListElement\":[{\"@type\":\"ListItem\",\"position\":1,\"name\":\"Home\",\"item\":\"https:\/\/versano.nl\/\"},{\"@type\":\"ListItem\",\"position\":2,\"name\":\"Shop\",\"item\":\"https:\/\/versano.nl\/shop\/\"},{\"@type\":\"ListItem\",\"position\":3,\"name\":\"Dames donsjas zwart Jennifer Versano\"}]},{\"@type\":\"WebSite\",\"@id\":\"https:\/\/versano.nl\/#website\",\"url\":\"https:\/\/versano.nl\/\",\"name\":\"Versano\",\"description\":\"winterjassen met bontkraag | leren dames jassen | leren heren jassen\",\"potentialAction\":[{\"@type\":\"SearchAction\",\"target\":{\"@type\":\"EntryPoint\",\"urlTemplate\":\"https:\/\/versano.nl\/?s={search_term_string}\"},\"query-input\":{\"@type\":\"PropertyValueSpecification\",\"valueRequired\":true,\"valueName\":\"search_term_string\"}}],\"inLanguage\":\"fr-FR\"}]}<\/script>\n<!-- \/ Yoast SEO plugin. -->","yoast_head_json":{"title":"Doudoune femme noire Jennifer Versano, doudoune femme","description":"Si vous cherchez une doudoune femme noire Jennifer Versano, alors Versano est la bonne adresse pour les doudounes femme matelass\u00e9es.","robots":{"index":"index","follow":"follow","max-snippet":"max-snippet:-1","max-image-preview":"max-image-preview:large","max-video-preview":"max-video-preview:-1"},"canonical":"https:\/\/versano.nl\/fr\/shop\/dames-kunstdons-lightweight-jack-met-capuchon-zwart-versano-jennifer\/","og_locale":"fr_FR","og_type":"article","og_title":"Dames donsjas zwart Jennifer Versano, dames donsjassen","og_description":"Ben je op zoek naar een Dames donsjas zwart Jennifer Versano, dan zit je bij Versano aan het juiste adres voor gewatteerde dames jassen.","og_url":"https:\/\/versano.nl\/fr\/shop\/dames-kunstdons-lightweight-jack-met-capuchon-zwart-versano-jennifer\/","og_site_name":"Versano","article_modified_time":"2026-03-11T11:20:18+00:00","og_image":[{"width":900,"height":1200,"url":"https:\/\/versano.nl\/wp-content\/uploads\/2020\/08\/dames-lightweight-donsjas-zwart-met-capuchon-versano-jennifer-voorkant.jpg","type":"image\/jpeg"}],"twitter_card":"summary_large_image","twitter_misc":{"Dur\u00e9e de lecture estim\u00e9e":"2 minutes"},"schema":{"@context":"https:\/\/schema.org","@graph":[{"@type":"WebPage","@id":"https:\/\/versano.nl\/shop\/dames-kunstdons-lightweight-jack-met-capuchon-zwart-versano-jennifer\/","url":"https:\/\/versano.nl\/shop\/dames-kunstdons-lightweight-jack-met-capuchon-zwart-versano-jennifer\/","name":"Doudoune femme noire Jennifer Versano, doudoune femme","isPartOf":{"@id":"https:\/\/versano.nl\/#website"},"primaryImageOfPage":{"@id":"https:\/\/versano.nl\/shop\/dames-kunstdons-lightweight-jack-met-capuchon-zwart-versano-jennifer\/#primaryimage"},"image":{"@id":"https:\/\/versano.nl\/shop\/dames-kunstdons-lightweight-jack-met-capuchon-zwart-versano-jennifer\/#primaryimage"},"thumbnailUrl":"https:\/\/versano.nl\/wp-content\/uploads\/2020\/08\/dames-lightweight-donsjas-zwart-met-capuchon-versano-jennifer-voorkant.jpg","datePublished":"2020-08-05T18:43:16+00:00","dateModified":"2026-03-11T11:20:18+00:00","description":"Si vous cherchez une doudoune femme noire Jennifer Versano, alors Versano est la bonne adresse pour les doudounes femme matelass\u00e9es.","breadcrumb":{"@id":"https:\/\/versano.nl\/shop\/dames-kunstdons-lightweight-jack-met-capuchon-zwart-versano-jennifer\/#breadcrumb"},"inLanguage":"fr-FR","potentialAction":[{"@type":"ReadAction","target":["https:\/\/versano.nl\/shop\/dames-kunstdons-lightweight-jack-met-capuchon-zwart-versano-jennifer\/"]}]},{"@type":"ImageObject","inLanguage":"fr-FR","@id":"https:\/\/versano.nl\/shop\/dames-kunstdons-lightweight-jack-met-capuchon-zwart-versano-jennifer\/#primaryimage","url":"https:\/\/versano.nl\/wp-content\/uploads\/2020\/08\/dames-lightweight-donsjas-zwart-met-capuchon-versano-jennifer-voorkant.jpg","contentUrl":"https:\/\/versano.nl\/wp-content\/uploads\/2020\/08\/dames-lightweight-donsjas-zwart-met-capuchon-versano-jennifer-voorkant.jpg","width":900,"height":1200,"caption":"Dames donsjas zwart Jennifer Versano"},{"@type":"BreadcrumbList","@id":"https:\/\/versano.nl\/shop\/dames-kunstdons-lightweight-jack-met-capuchon-zwart-versano-jennifer\/#breadcrumb","itemListElement":[{"@type":"ListItem","position":1,"name":"Home","item":"https:\/\/versano.nl\/"},{"@type":"ListItem","position":2,"name":"Shop","item":"https:\/\/versano.nl\/shop\/"},{"@type":"ListItem","position":3,"name":"Dames donsjas zwart Jennifer Versano"}]},{"@type":"WebSite","@id":"https:\/\/versano.nl\/#website","url":"https:\/\/versano.nl\/","name":"Versano","description":"manteaux d&#039;hiver avec col en fourrure | vestes femme en cuir | vestes en cuir pour hommes","potentialAction":[{"@type":"SearchAction","target":{"@type":"EntryPoint","urlTemplate":"https:\/\/versano.nl\/?s={search_term_string}"},"query-input":{"@type":"PropertyValueSpecification","valueRequired":true,"valueName":"search_term_string"}}],"inLanguage":"fr-FR"}]}},"_links":{"self":[{"href":"https:\/\/versano.nl\/fr\/wp-json\/wp\/v2\/product\/16889","targetHints":{"allow":["GET"]}}],"collection":[{"href":"https:\/\/versano.nl\/fr\/wp-json\/wp\/v2\/product"}],"about":[{"href":"https:\/\/versano.nl\/fr\/wp-json\/wp\/v2\/types\/product"}],"replies":[{"embeddable":true,"href":"https:\/\/versano.nl\/fr\/wp-json\/wp\/v2\/comments?post=16889"}],"wp:featuredmedia":[{"embeddable":true,"href":"https:\/\/versano.nl\/fr\/wp-json\/wp\/v2\/media\/16885"}],"wp:attachment":[{"href":"https:\/\/versano.nl\/fr\/wp-json\/wp\/v2\/media?parent=16889"}],"wp:term":[{"taxonomy":"product_brand","embeddable":true,"href":"https:\/\/versano.nl\/fr\/wp-json\/wp\/v2\/product_brand?post=16889"},{"taxonomy":"product_cat","embeddable":true,"href":"https:\/\/versano.nl\/fr\/wp-json\/wp\/v2\/product_cat?post=16889"},{"taxonomy":"product_tag","embeddable":true,"href":"https:\/\/versano.nl\/fr\/wp-json\/wp\/v2\/product_tag?post=16889"}],"curies":[{"name":"wp","href":"https:\/\/api.w.org\/{rel}","templated":true}]}}