{"id":16845,"date":"2020-08-05T17:28:26","date_gmt":"2020-08-05T17:28:26","guid":{"rendered":"https:\/\/versano.nl\/shop\/dames-kunstdons-lightweight-jack-met-capuchon-groen-versano-jennifer\/"},"modified":"2026-03-17T19:19:33","modified_gmt":"2026-03-17T19:19:33","slug":"dames-kunstdons-lightweight-jack-met-capuchon-groen-versano-jennifer","status":"publish","type":"product","link":"https:\/\/versano.nl\/fr\/shop\/dames-kunstdons-lightweight-jack-met-capuchon-groen-versano-jennifer\/","title":{"rendered":"Veste matelass\u00e9e femme verte Jennifer Versano"},"content":{"rendered":"<h2>Veste matelass\u00e9e femme verte Jennifer Versano<\/h2>\n<p>Cette veste matelass\u00e9e est doubl\u00e9e de duvet artificiel et se compose d&#039;une capuche fixe. La veste est faite de mat\u00e9riaux de tr\u00e8s haute qualit\u00e9 et ne p\u00e8se que 250 grammes. Cette doudoune artificielle est tr\u00e8s sp\u00e9ciale et s&#039;adapte tr\u00e8s bien \u00e0 votre corps en raison de son poids l\u00e9ger. La veste matelass\u00e9e pour femme verte Jennifer Versano a une tr\u00e8s belle coupe ajust\u00e9e, ce qui la rend exceptionnellement plus jolie que les autres doudounes. Vous pouvez porter cette veste au printemps ou en automne, mais la veste est en fait adapt\u00e9e \u00e0 porter toute l&#039;ann\u00e9e. La veste a une fermeture \u00e9clair centrale, 2 poches lat\u00e9rales avec fermeture \u00e9clair et une poche int\u00e9rieure spacieuse. La veste matelass\u00e9e pour femme est livr\u00e9e dans une jolie pochette Versano, vous pouvez donc l&#039;enrouler facilement et l&#039;emporter partout. C&#039;est donc un mod\u00e8le que nous ne pouvons que recommander chaleureusement. Avec cette veste, vous pouvez \u00eatre s\u00fbr que vous aurez bient\u00f4t une nouvelle veste accroch\u00e9e \u00e0 vos \u00e9paules dans laquelle vous pourrez \u00eatre vu.<\/p>\n<h2>Commander le mod\u00e8le Jennifer en vert<\/h2>\n<p>Ce mod\u00e8le Versano n&#039;est pas seulement disponible dans la belle couleur verte, mais aussi dans les couleurs bleu et noir. Avec une si belle veste Versano, vous pouvez \u00eatre s\u00fbr que vous pourrez la porter tout l&#039;hiver. Vous pouvez facilement commander ce mod\u00e8le dans la boutique en ligne Versano. Nous avons rassembl\u00e9 ici toutes nos vestes pour que vous puissiez facilement passer une commande. Chez Versano, vous pouvez toujours \u00eatre s\u00fbr que vous achetez un beau manteau qui a \u00e9t\u00e9 travaill\u00e9 avec soin. Avec nous, vous pouvez facilement choisir la bonne taille en fonction de nos vid\u00e9os d&#039;instructions intelligentes. Vous avez des questions ou vous ne savez pas quelle taille commander ? Ensuite, vous pouvez toujours nous contacter par mail ou WhatsApp. Nos employ\u00e9s aimeraient vous aider!<\/p>\n<p>marque:\u00a0<a href=\"https:\/\/versano.nl\/\">Versano<\/a><br \/>\nLongueur: court<br \/>\nCoupe : coupe ajust\u00e9e<br \/>\nDoublure: 100% polyester<br \/>\nLongueur des manches: manches longues<br \/>\nPoches: poches lat\u00e9rales \u00e0 l&#039;int\u00e9rieur,<br \/>\nFonction: imperm\u00e9able, coupe-vent<br \/>\nmat\u00e9riau couche ext\u00e9rieure: 100% polyester<\/p>\n<p>D\u00e9lai de livraison: 2-3 jours ouvrables<\/p>","protected":false},"excerpt":{"rendered":"<p><span style=\"color: red;\">Conseils d&#039;ajustement:<\/span> Cette veste a une coupe ajust\u00e9e classique. Notre mannequin mesure 1,74 cm et porte un XS.<\/p>\n<p>Si vous n&#039;\u00eates pas s\u00fbr de vos mesures, nous vous recommandons de commencer par mesurer vos mesures de taille et de les comparer avec notre tableau des tailles. Si vous n&#039;avez aucune exp\u00e9rience dans la mesure des tailles de circonf\u00e9rence, cliquez sur\u00a0<a href=\"https:\/\/www.youtube.com\/watch?v=3ZSfY87v6pM\"><em>ICI<\/em>\u00a0<\/a>\u00a0\u00e0\u00a0<span style=\"color: red;\"><a href=\"https:\/\/www.youtube.com\/watch?v=3ZSfY87v6pM\"><em>VIDEO<\/em><\/a>\u00a0\u00a0<\/span>avec des instructions. Vous pouvez \u00e9galement nous appeler ou nous appliquer directement! Nos employ\u00e9s sont toujours disponibles pour vous aider.<\/p>\n<p><strong>HEURE DE LIVRAISON<\/strong>\u00a0: 2 \u00e0 3 jours ouvr\u00e9s.<\/p>","protected":false},"featured_media":16915,"comment_status":"closed","ping_status":"closed","template":"","meta":[],"product_brand":[],"product_cat":[2003,1334,2001,1333,2009,1335],"product_tag":[1287,1829,1286,1828,1285,1805,1284,1804,1831,1830,1813],"class_list":{"0":"post-16845","1":"product","2":"type-product","3":"status-publish","4":"has-post-thumbnail","6":"product_cat-dames-donsjas","7":"product_cat-donsjassen-dames","8":"product_cat-dames-gewatteerde-jas","9":"product_cat-gewatteerde-jassen-dames","10":"product_cat-lichtgewicht-donsjas-dames","11":"product_cat-lightweight-jas-dames","12":"product_tag-caupuchon-donsjas","13":"product_tag-dames-collectie-versano","14":"product_tag-dames-donsjasje-met-capuchon","15":"product_tag-dames-jas-gewatteerd","16":"product_tag-dons-jasje-dames-groen","17":"product_tag-donsjas-dames","18":"product_tag-donsjasje-dames-groen","19":"product_tag-gewatteerde-dames-jas","20":"product_tag-groene-donsjas","21":"product_tag-zomerjas-dames-kopen","22":"product_tag-zomerjassen-dames","23":"product_shipping_class-verzendkosten-1","24":"tm-no-options","26":"first","27":"instock","28":"sale","29":"taxable","30":"shipping-taxable","31":"purchasable","32":"product-type-variable"},"yoast_head":"<!-- This site is optimized with the Yoast SEO plugin v27.2 - https:\/\/yoast.com\/product\/yoast-seo-wordpress\/ -->\n<title>Dames gewatteerde jas groen Jennifer Versano, donsjassen voor dames<\/title>\n<meta name=\"description\" content=\"Ben je op zoek naar een Dames gewatteerde jas groen Jennifer Versano, dan zit je bij Versano aan het juiste adres voor dames donsjassen.\" \/>\n<meta name=\"robots\" content=\"index, follow, max-snippet:-1, max-image-preview:large, max-video-preview:-1\" \/>\n<link rel=\"canonical\" href=\"https:\/\/versano.nl\/fr\/shop\/dames-kunstdons-lightweight-jack-met-capuchon-groen-versano-jennifer\/\" \/>\n<meta property=\"og:locale\" content=\"fr_FR\" \/>\n<meta property=\"og:type\" content=\"article\" \/>\n<meta property=\"og:title\" content=\"Dames gewatteerde jas groen Jennifer Versano, donsjassen voor dames\" \/>\n<meta property=\"og:description\" content=\"Ben je op zoek naar een Dames gewatteerde jas groen Jennifer Versano, dan zit je bij Versano aan het juiste adres voor dames donsjassen.\" \/>\n<meta property=\"og:url\" content=\"https:\/\/versano.nl\/fr\/shop\/dames-kunstdons-lightweight-jack-met-capuchon-groen-versano-jennifer\/\" \/>\n<meta property=\"og:site_name\" content=\"Versano\" \/>\n<meta property=\"article:modified_time\" content=\"2026-03-17T19:19:33+00:00\" \/>\n<meta property=\"og:image\" content=\"https:\/\/versano.nl\/wp-content\/uploads\/2020\/08\/dames-lightweight-donsjas-groen-met-capuchon-versano-jennifer-voorkant2.jpg\" \/>\n\t<meta property=\"og:image:width\" content=\"900\" \/>\n\t<meta property=\"og:image:height\" content=\"1200\" \/>\n\t<meta property=\"og:image:type\" content=\"image\/jpeg\" \/>\n<meta name=\"twitter:card\" content=\"summary_large_image\" \/>\n<meta name=\"twitter:label1\" content=\"Dur\u00e9e de lecture estim\u00e9e\" \/>\n\t<meta name=\"twitter:data1\" content=\"2 minutes\" \/>\n<script type=\"application\/ld+json\" class=\"yoast-schema-graph\">{\"@context\":\"https:\/\/schema.org\",\"@graph\":[{\"@type\":\"WebPage\",\"@id\":\"https:\/\/versano.nl\/shop\/dames-kunstdons-lightweight-jack-met-capuchon-groen-versano-jennifer\/\",\"url\":\"https:\/\/versano.nl\/shop\/dames-kunstdons-lightweight-jack-met-capuchon-groen-versano-jennifer\/\",\"name\":\"Dames gewatteerde jas groen Jennifer Versano, donsjassen voor dames\",\"isPartOf\":{\"@id\":\"https:\/\/versano.nl\/#website\"},\"primaryImageOfPage\":{\"@id\":\"https:\/\/versano.nl\/shop\/dames-kunstdons-lightweight-jack-met-capuchon-groen-versano-jennifer\/#primaryimage\"},\"image\":{\"@id\":\"https:\/\/versano.nl\/shop\/dames-kunstdons-lightweight-jack-met-capuchon-groen-versano-jennifer\/#primaryimage\"},\"thumbnailUrl\":\"https:\/\/versano.nl\/wp-content\/uploads\/2020\/08\/dames-lightweight-donsjas-groen-met-capuchon-versano-jennifer-voorkant2.jpg\",\"datePublished\":\"2020-08-05T17:28:26+00:00\",\"dateModified\":\"2026-03-17T19:19:33+00:00\",\"description\":\"Ben je op zoek naar een Dames gewatteerde jas groen Jennifer Versano, dan zit je bij Versano aan het juiste adres voor dames donsjassen.\",\"breadcrumb\":{\"@id\":\"https:\/\/versano.nl\/shop\/dames-kunstdons-lightweight-jack-met-capuchon-groen-versano-jennifer\/#breadcrumb\"},\"inLanguage\":\"fr-FR\",\"potentialAction\":[{\"@type\":\"ReadAction\",\"target\":[\"https:\/\/versano.nl\/shop\/dames-kunstdons-lightweight-jack-met-capuchon-groen-versano-jennifer\/\"]}]},{\"@type\":\"ImageObject\",\"inLanguage\":\"fr-FR\",\"@id\":\"https:\/\/versano.nl\/shop\/dames-kunstdons-lightweight-jack-met-capuchon-groen-versano-jennifer\/#primaryimage\",\"url\":\"https:\/\/versano.nl\/wp-content\/uploads\/2020\/08\/dames-lightweight-donsjas-groen-met-capuchon-versano-jennifer-voorkant2.jpg\",\"contentUrl\":\"https:\/\/versano.nl\/wp-content\/uploads\/2020\/08\/dames-lightweight-donsjas-groen-met-capuchon-versano-jennifer-voorkant2.jpg\",\"width\":900,\"height\":1200,\"caption\":\"Dames gewatteerde jas groen Jennifer Versano\"},{\"@type\":\"BreadcrumbList\",\"@id\":\"https:\/\/versano.nl\/shop\/dames-kunstdons-lightweight-jack-met-capuchon-groen-versano-jennifer\/#breadcrumb\",\"itemListElement\":[{\"@type\":\"ListItem\",\"position\":1,\"name\":\"Home\",\"item\":\"https:\/\/versano.nl\/\"},{\"@type\":\"ListItem\",\"position\":2,\"name\":\"Shop\",\"item\":\"https:\/\/versano.nl\/shop\/\"},{\"@type\":\"ListItem\",\"position\":3,\"name\":\"Dames gewatteerde jas groen Jennifer Versano\"}]},{\"@type\":\"WebSite\",\"@id\":\"https:\/\/versano.nl\/#website\",\"url\":\"https:\/\/versano.nl\/\",\"name\":\"Versano\",\"description\":\"winterjassen met bontkraag | leren dames jassen | leren heren jassen\",\"potentialAction\":[{\"@type\":\"SearchAction\",\"target\":{\"@type\":\"EntryPoint\",\"urlTemplate\":\"https:\/\/versano.nl\/?s={search_term_string}\"},\"query-input\":{\"@type\":\"PropertyValueSpecification\",\"valueRequired\":true,\"valueName\":\"search_term_string\"}}],\"inLanguage\":\"fr-FR\"}]}<\/script>\n<!-- \/ Yoast SEO plugin. -->","yoast_head_json":{"title":"Doudoune femme verte Jennifer Versano, doudounes femme","description":"Si vous cherchez une doudoune femme verte Jennifer Versano, alors Versano est la bonne adresse pour les doudounes femme.","robots":{"index":"index","follow":"follow","max-snippet":"max-snippet:-1","max-image-preview":"max-image-preview:large","max-video-preview":"max-video-preview:-1"},"canonical":"https:\/\/versano.nl\/fr\/shop\/dames-kunstdons-lightweight-jack-met-capuchon-groen-versano-jennifer\/","og_locale":"fr_FR","og_type":"article","og_title":"Dames gewatteerde jas groen Jennifer Versano, donsjassen voor dames","og_description":"Ben je op zoek naar een Dames gewatteerde jas groen Jennifer Versano, dan zit je bij Versano aan het juiste adres voor dames donsjassen.","og_url":"https:\/\/versano.nl\/fr\/shop\/dames-kunstdons-lightweight-jack-met-capuchon-groen-versano-jennifer\/","og_site_name":"Versano","article_modified_time":"2026-03-17T19:19:33+00:00","og_image":[{"width":900,"height":1200,"url":"https:\/\/versano.nl\/wp-content\/uploads\/2020\/08\/dames-lightweight-donsjas-groen-met-capuchon-versano-jennifer-voorkant2.jpg","type":"image\/jpeg"}],"twitter_card":"summary_large_image","twitter_misc":{"Dur\u00e9e de lecture estim\u00e9e":"2 minutes"},"schema":{"@context":"https:\/\/schema.org","@graph":[{"@type":"WebPage","@id":"https:\/\/versano.nl\/shop\/dames-kunstdons-lightweight-jack-met-capuchon-groen-versano-jennifer\/","url":"https:\/\/versano.nl\/shop\/dames-kunstdons-lightweight-jack-met-capuchon-groen-versano-jennifer\/","name":"Doudoune femme verte Jennifer Versano, doudounes femme","isPartOf":{"@id":"https:\/\/versano.nl\/#website"},"primaryImageOfPage":{"@id":"https:\/\/versano.nl\/shop\/dames-kunstdons-lightweight-jack-met-capuchon-groen-versano-jennifer\/#primaryimage"},"image":{"@id":"https:\/\/versano.nl\/shop\/dames-kunstdons-lightweight-jack-met-capuchon-groen-versano-jennifer\/#primaryimage"},"thumbnailUrl":"https:\/\/versano.nl\/wp-content\/uploads\/2020\/08\/dames-lightweight-donsjas-groen-met-capuchon-versano-jennifer-voorkant2.jpg","datePublished":"2020-08-05T17:28:26+00:00","dateModified":"2026-03-17T19:19:33+00:00","description":"Si vous cherchez une doudoune femme verte Jennifer Versano, alors Versano est la bonne adresse pour les doudounes femme.","breadcrumb":{"@id":"https:\/\/versano.nl\/shop\/dames-kunstdons-lightweight-jack-met-capuchon-groen-versano-jennifer\/#breadcrumb"},"inLanguage":"fr-FR","potentialAction":[{"@type":"ReadAction","target":["https:\/\/versano.nl\/shop\/dames-kunstdons-lightweight-jack-met-capuchon-groen-versano-jennifer\/"]}]},{"@type":"ImageObject","inLanguage":"fr-FR","@id":"https:\/\/versano.nl\/shop\/dames-kunstdons-lightweight-jack-met-capuchon-groen-versano-jennifer\/#primaryimage","url":"https:\/\/versano.nl\/wp-content\/uploads\/2020\/08\/dames-lightweight-donsjas-groen-met-capuchon-versano-jennifer-voorkant2.jpg","contentUrl":"https:\/\/versano.nl\/wp-content\/uploads\/2020\/08\/dames-lightweight-donsjas-groen-met-capuchon-versano-jennifer-voorkant2.jpg","width":900,"height":1200,"caption":"Dames gewatteerde jas groen Jennifer Versano"},{"@type":"BreadcrumbList","@id":"https:\/\/versano.nl\/shop\/dames-kunstdons-lightweight-jack-met-capuchon-groen-versano-jennifer\/#breadcrumb","itemListElement":[{"@type":"ListItem","position":1,"name":"Home","item":"https:\/\/versano.nl\/"},{"@type":"ListItem","position":2,"name":"Shop","item":"https:\/\/versano.nl\/shop\/"},{"@type":"ListItem","position":3,"name":"Dames gewatteerde jas groen Jennifer Versano"}]},{"@type":"WebSite","@id":"https:\/\/versano.nl\/#website","url":"https:\/\/versano.nl\/","name":"Versano","description":"manteaux d&#039;hiver avec col en fourrure | vestes femme en cuir | vestes en cuir pour hommes","potentialAction":[{"@type":"SearchAction","target":{"@type":"EntryPoint","urlTemplate":"https:\/\/versano.nl\/?s={search_term_string}"},"query-input":{"@type":"PropertyValueSpecification","valueRequired":true,"valueName":"search_term_string"}}],"inLanguage":"fr-FR"}]}},"_links":{"self":[{"href":"https:\/\/versano.nl\/fr\/wp-json\/wp\/v2\/product\/16845","targetHints":{"allow":["GET"]}}],"collection":[{"href":"https:\/\/versano.nl\/fr\/wp-json\/wp\/v2\/product"}],"about":[{"href":"https:\/\/versano.nl\/fr\/wp-json\/wp\/v2\/types\/product"}],"replies":[{"embeddable":true,"href":"https:\/\/versano.nl\/fr\/wp-json\/wp\/v2\/comments?post=16845"}],"wp:featuredmedia":[{"embeddable":true,"href":"https:\/\/versano.nl\/fr\/wp-json\/wp\/v2\/media\/16915"}],"wp:attachment":[{"href":"https:\/\/versano.nl\/fr\/wp-json\/wp\/v2\/media?parent=16845"}],"wp:term":[{"taxonomy":"product_brand","embeddable":true,"href":"https:\/\/versano.nl\/fr\/wp-json\/wp\/v2\/product_brand?post=16845"},{"taxonomy":"product_cat","embeddable":true,"href":"https:\/\/versano.nl\/fr\/wp-json\/wp\/v2\/product_cat?post=16845"},{"taxonomy":"product_tag","embeddable":true,"href":"https:\/\/versano.nl\/fr\/wp-json\/wp\/v2\/product_tag?post=16845"}],"curies":[{"name":"wp","href":"https:\/\/api.w.org\/{rel}","templated":true}]}}