{"id":16826,"date":"2020-08-04T23:13:34","date_gmt":"2020-08-04T23:13:34","guid":{"rendered":"https:\/\/versano.nl\/shop\/lightweight-dames-kunstdons-jack-groen-versano-simi\/"},"modified":"2026-03-11T11:22:36","modified_gmt":"2026-03-11T11:22:36","slug":"lightweight-dames-kunstdons-jack-groen-versano-simi","status":"publish","type":"product","link":"https:\/\/versano.nl\/fr\/shop\/lightweight-dames-kunstdons-jack-groen-versano-simi\/","title":{"rendered":"Doudoune femme verte Simi Versano"},"content":{"rendered":"<h2>Doudoune femme verte Simi Versano<\/h2>\n<p>Cette doudoune femme verte Simi Versano a un duvet artificiel de haute qualit\u00e9 qui ne p\u00e8se que 265 grammes, cette doudoune artificielle est tr\u00e8s sp\u00e9ciale et elle est tr\u00e8s confortable en raison du poids l\u00e9ger sur votre corps. La veste a une tr\u00e8s belle coupe slim, ce qui la rend exceptionnellement plus jolie que les autres doudounes matelass\u00e9es. Vous pouvez porter cette veste au printemps ou en automne, mais la veste est en fait adapt\u00e9e \u00e0 porter toute l&#039;ann\u00e9e. La veste a un zip central, 2 poches lat\u00e9rales zipp\u00e9es et une poche int\u00e9rieure spacieuse. Ce mod\u00e8le Versano n&#039;est pas seulement disponible dans la couleur verte froide, mais aussi dans les couleurs bleu et noir. La veste est livr\u00e9e dans une jolie pochette Versano, vous pouvez donc l&#039;enrouler facilement et l&#039;emporter partout. C&#039;est donc un mod\u00e8le que nous ne pouvons que recommander chaleureusement. Avec cette veste, vous pouvez \u00eatre s\u00fbr que vous aurez bient\u00f4t une nouvelle veste accroch\u00e9e \u00e0 vos \u00e9paules dans laquelle vous pourrez \u00eatre vu.<\/p>\n<h2>Commander le mod\u00e8le Simi en vert<\/h2>\n<p>Avec une si belle veste Versano, vous pouvez \u00eatre s\u00fbr que vous pourrez la porter tout l&#039;hiver. Vous pouvez facilement commander ce mod\u00e8le dans la boutique en ligne Versano. Nous avons rassembl\u00e9 ici toutes nos vestes pour que vous puissiez facilement passer une commande. Chez Versano, vous pouvez toujours \u00eatre s\u00fbr que vous achetez un beau manteau qui a \u00e9t\u00e9 travaill\u00e9 avec soin. Avec nous, vous pouvez facilement choisir la bonne taille en fonction de nos vid\u00e9os d&#039;instructions intelligentes. Vous avez des questions ou vous ne savez pas quelle taille commander ? Ensuite, vous pouvez toujours nous contacter par mail ou WhatsApp. Nos employ\u00e9s aimeraient vous aider!<\/p>\n<p>marque:\u00a0<a title=\"Versano\" href=\"https:\/\/versano.nl\/\" target=\"_blank\" rel=\"noopener noreferrer\">Versano<\/a><br \/>\nLongueur: court<br \/>\nCoupe : coupe ajust\u00e9e<br \/>\nDoublure: 100% polyester<br \/>\nLongueur des manches: manches longues<br \/>\nPoches: poches lat\u00e9rales \u00e0 l&#039;int\u00e9rieur,<br \/>\nFonction: imperm\u00e9able, coupe-vent<br \/>\nmat\u00e9riau couche ext\u00e9rieure: 100% polyester<\/p>\n<p>D\u00e9lai de livraison: 2-3 jours ouvrables<\/p>","protected":false},"excerpt":{"rendered":"<p><span style=\"color: red;\">Conseils d&#039;ajustement:<\/span>\u00a0Cette veste a une coupe ajust\u00e9e classique. Notre mannequin mesure 1,68 cm et porte un XS.<\/p>\n<p>Si vous n&#039;\u00eates pas s\u00fbr de vos mesures, nous vous recommandons de commencer par mesurer vos mesures de taille et de les comparer avec notre tableau des tailles. Si vous n&#039;avez aucune exp\u00e9rience dans la mesure des tailles de circonf\u00e9rence, cliquez sur\u00a0<a href=\"https:\/\/www.youtube.com\/watch?v=3ZSfY87v6pM\"><em><span style=\"text-decoration: none;\">ICI<\/span><\/em>\u00a0<\/a>\u00a0\u00e0\u00a0<span style=\"color: red;\"><a href=\"https:\/\/www.youtube.com\/watch?v=3ZSfY87v6pM\"><em><span style=\"color: red; text-decoration: none;\">VIDEO<\/span><\/em><\/a>\u00a0\u00a0<\/span>avec des instructions. Vous pouvez \u00e9galement nous appeler ou nous appliquer directement! Nos employ\u00e9s sont toujours disponibles pour vous aider.<\/p>\n<p><strong>HEURE DE LIVRAISON<\/strong>\u00a0: 2 \u00e0 3 jours ouvr\u00e9s.<\/p>","protected":false},"featured_media":16836,"comment_status":"closed","ping_status":"closed","template":"","meta":[],"product_brand":[],"product_cat":[2003,1334,2001,1333,2009,1335],"product_tag":[1280,1283,1814,1805,1811,1281,1812,1810,1282,1816,1815,1819,1813],"class_list":{"0":"post-16826","1":"product","2":"type-product","3":"status-publish","4":"has-post-thumbnail","6":"product_cat-dames-donsjas","7":"product_cat-donsjassen-dames","8":"product_cat-dames-gewatteerde-jas","9":"product_cat-gewatteerde-jassen-dames","10":"product_cat-lichtgewicht-donsjas-dames","11":"product_cat-lightweight-jas-dames","12":"product_tag-dames-donsjasje-groen","13":"product_tag-dames-donsjasjes","14":"product_tag-dames-zomerjas","15":"product_tag-donsjas-dames","16":"product_tag-donsjas-dames-groen","17":"product_tag-donzen-dames-jassen","18":"product_tag-gewatteerde-dames-jas-groen","19":"product_tag-gewatteerde-jas-dames","20":"product_tag-groene-dames-dons-jack","21":"product_tag-versano-dames-collectie","22":"product_tag-versano-dames-zomerjas","23":"product_tag-zomerjas-online-kopen","24":"product_tag-zomerjassen-dames","25":"product_shipping_class-verzendkosten-1","26":"tm-no-options","28":"first","29":"instock","30":"taxable","31":"shipping-taxable","32":"purchasable","33":"product-type-variable"},"yoast_head":"<!-- This site is optimized with the Yoast SEO plugin v27.2 - https:\/\/yoast.com\/product\/yoast-seo-wordpress\/ -->\n<title>Donsjas dames groen Simi Versano, kunst donsjasje<\/title>\n<meta name=\"description\" content=\"Ben je op zoek naar een Donsjas dames groen Simi Versano, dan zit je bij Versano aan het juiste adres voor kunstdons jasjes.\" \/>\n<meta name=\"robots\" content=\"index, follow, max-snippet:-1, max-image-preview:large, max-video-preview:-1\" \/>\n<link rel=\"canonical\" href=\"https:\/\/versano.nl\/fr\/shop\/lightweight-dames-kunstdons-jack-groen-versano-simi\/\" \/>\n<meta property=\"og:locale\" content=\"fr_FR\" \/>\n<meta property=\"og:type\" content=\"article\" \/>\n<meta property=\"og:title\" content=\"Donsjas dames groen Simi Versano, kunst donsjasje\" \/>\n<meta property=\"og:description\" content=\"Ben je op zoek naar een Donsjas dames groen Simi Versano, dan zit je bij Versano aan het juiste adres voor kunstdons jasjes.\" \/>\n<meta property=\"og:url\" content=\"https:\/\/versano.nl\/fr\/shop\/lightweight-dames-kunstdons-jack-groen-versano-simi\/\" \/>\n<meta property=\"og:site_name\" content=\"Versano\" \/>\n<meta property=\"article:modified_time\" content=\"2026-03-11T11:22:36+00:00\" \/>\n<meta property=\"og:image\" content=\"https:\/\/versano.nl\/wp-content\/uploads\/2020\/08\/lightweight-dames-donsjasje-groen-versano-simi-voorkant-1.jpg\" \/>\n\t<meta property=\"og:image:width\" content=\"900\" \/>\n\t<meta property=\"og:image:height\" content=\"1200\" \/>\n\t<meta property=\"og:image:type\" content=\"image\/jpeg\" \/>\n<meta name=\"twitter:card\" content=\"summary_large_image\" \/>\n<meta name=\"twitter:label1\" content=\"Dur\u00e9e de lecture estim\u00e9e\" \/>\n\t<meta name=\"twitter:data1\" content=\"2 minutes\" \/>\n<script type=\"application\/ld+json\" class=\"yoast-schema-graph\">{\"@context\":\"https:\/\/schema.org\",\"@graph\":[{\"@type\":\"WebPage\",\"@id\":\"https:\/\/versano.nl\/shop\/lightweight-dames-kunstdons-jack-groen-versano-simi\/\",\"url\":\"https:\/\/versano.nl\/shop\/lightweight-dames-kunstdons-jack-groen-versano-simi\/\",\"name\":\"Donsjas dames groen Simi Versano, kunst donsjasje\",\"isPartOf\":{\"@id\":\"https:\/\/versano.nl\/#website\"},\"primaryImageOfPage\":{\"@id\":\"https:\/\/versano.nl\/shop\/lightweight-dames-kunstdons-jack-groen-versano-simi\/#primaryimage\"},\"image\":{\"@id\":\"https:\/\/versano.nl\/shop\/lightweight-dames-kunstdons-jack-groen-versano-simi\/#primaryimage\"},\"thumbnailUrl\":\"https:\/\/versano.nl\/wp-content\/uploads\/2020\/08\/lightweight-dames-donsjasje-groen-versano-simi-voorkant-1.jpg\",\"datePublished\":\"2020-08-04T23:13:34+00:00\",\"dateModified\":\"2026-03-11T11:22:36+00:00\",\"description\":\"Ben je op zoek naar een Donsjas dames groen Simi Versano, dan zit je bij Versano aan het juiste adres voor kunstdons jasjes.\",\"breadcrumb\":{\"@id\":\"https:\/\/versano.nl\/shop\/lightweight-dames-kunstdons-jack-groen-versano-simi\/#breadcrumb\"},\"inLanguage\":\"fr-FR\",\"potentialAction\":[{\"@type\":\"ReadAction\",\"target\":[\"https:\/\/versano.nl\/shop\/lightweight-dames-kunstdons-jack-groen-versano-simi\/\"]}]},{\"@type\":\"ImageObject\",\"inLanguage\":\"fr-FR\",\"@id\":\"https:\/\/versano.nl\/shop\/lightweight-dames-kunstdons-jack-groen-versano-simi\/#primaryimage\",\"url\":\"https:\/\/versano.nl\/wp-content\/uploads\/2020\/08\/lightweight-dames-donsjasje-groen-versano-simi-voorkant-1.jpg\",\"contentUrl\":\"https:\/\/versano.nl\/wp-content\/uploads\/2020\/08\/lightweight-dames-donsjasje-groen-versano-simi-voorkant-1.jpg\",\"width\":900,\"height\":1200,\"caption\":\"Donsjas dames groen Simi Versano\"},{\"@type\":\"BreadcrumbList\",\"@id\":\"https:\/\/versano.nl\/shop\/lightweight-dames-kunstdons-jack-groen-versano-simi\/#breadcrumb\",\"itemListElement\":[{\"@type\":\"ListItem\",\"position\":1,\"name\":\"Home\",\"item\":\"https:\/\/versano.nl\/\"},{\"@type\":\"ListItem\",\"position\":2,\"name\":\"Shop\",\"item\":\"https:\/\/versano.nl\/shop\/\"},{\"@type\":\"ListItem\",\"position\":3,\"name\":\"Donsjas dames groen Simi Versano\"}]},{\"@type\":\"WebSite\",\"@id\":\"https:\/\/versano.nl\/#website\",\"url\":\"https:\/\/versano.nl\/\",\"name\":\"Versano\",\"description\":\"winterjassen met bontkraag | leren dames jassen | leren heren jassen\",\"potentialAction\":[{\"@type\":\"SearchAction\",\"target\":{\"@type\":\"EntryPoint\",\"urlTemplate\":\"https:\/\/versano.nl\/?s={search_term_string}\"},\"query-input\":{\"@type\":\"PropertyValueSpecification\",\"valueRequired\":true,\"valueName\":\"search_term_string\"}}],\"inLanguage\":\"fr-FR\"}]}<\/script>\n<!-- \/ Yoast SEO plugin. -->","yoast_head_json":{"title":"Doudoune femme verte Simi Versano, doudoune artificielle","description":"\u00cates-vous \u00e0 la recherche d&#039;une doudoune femme verte Simi Versano, alors Versano est le bon endroit pour les doudounes artificielles.","robots":{"index":"index","follow":"follow","max-snippet":"max-snippet:-1","max-image-preview":"max-image-preview:large","max-video-preview":"max-video-preview:-1"},"canonical":"https:\/\/versano.nl\/fr\/shop\/lightweight-dames-kunstdons-jack-groen-versano-simi\/","og_locale":"fr_FR","og_type":"article","og_title":"Donsjas dames groen Simi Versano, kunst donsjasje","og_description":"Ben je op zoek naar een Donsjas dames groen Simi Versano, dan zit je bij Versano aan het juiste adres voor kunstdons jasjes.","og_url":"https:\/\/versano.nl\/fr\/shop\/lightweight-dames-kunstdons-jack-groen-versano-simi\/","og_site_name":"Versano","article_modified_time":"2026-03-11T11:22:36+00:00","og_image":[{"width":900,"height":1200,"url":"https:\/\/versano.nl\/wp-content\/uploads\/2020\/08\/lightweight-dames-donsjasje-groen-versano-simi-voorkant-1.jpg","type":"image\/jpeg"}],"twitter_card":"summary_large_image","twitter_misc":{"Dur\u00e9e de lecture estim\u00e9e":"2 minutes"},"schema":{"@context":"https:\/\/schema.org","@graph":[{"@type":"WebPage","@id":"https:\/\/versano.nl\/shop\/lightweight-dames-kunstdons-jack-groen-versano-simi\/","url":"https:\/\/versano.nl\/shop\/lightweight-dames-kunstdons-jack-groen-versano-simi\/","name":"Doudoune femme verte Simi Versano, doudoune artificielle","isPartOf":{"@id":"https:\/\/versano.nl\/#website"},"primaryImageOfPage":{"@id":"https:\/\/versano.nl\/shop\/lightweight-dames-kunstdons-jack-groen-versano-simi\/#primaryimage"},"image":{"@id":"https:\/\/versano.nl\/shop\/lightweight-dames-kunstdons-jack-groen-versano-simi\/#primaryimage"},"thumbnailUrl":"https:\/\/versano.nl\/wp-content\/uploads\/2020\/08\/lightweight-dames-donsjasje-groen-versano-simi-voorkant-1.jpg","datePublished":"2020-08-04T23:13:34+00:00","dateModified":"2026-03-11T11:22:36+00:00","description":"\u00cates-vous \u00e0 la recherche d&#039;une doudoune femme verte Simi Versano, alors Versano est le bon endroit pour les doudounes artificielles.","breadcrumb":{"@id":"https:\/\/versano.nl\/shop\/lightweight-dames-kunstdons-jack-groen-versano-simi\/#breadcrumb"},"inLanguage":"fr-FR","potentialAction":[{"@type":"ReadAction","target":["https:\/\/versano.nl\/shop\/lightweight-dames-kunstdons-jack-groen-versano-simi\/"]}]},{"@type":"ImageObject","inLanguage":"fr-FR","@id":"https:\/\/versano.nl\/shop\/lightweight-dames-kunstdons-jack-groen-versano-simi\/#primaryimage","url":"https:\/\/versano.nl\/wp-content\/uploads\/2020\/08\/lightweight-dames-donsjasje-groen-versano-simi-voorkant-1.jpg","contentUrl":"https:\/\/versano.nl\/wp-content\/uploads\/2020\/08\/lightweight-dames-donsjasje-groen-versano-simi-voorkant-1.jpg","width":900,"height":1200,"caption":"Donsjas dames groen Simi Versano"},{"@type":"BreadcrumbList","@id":"https:\/\/versano.nl\/shop\/lightweight-dames-kunstdons-jack-groen-versano-simi\/#breadcrumb","itemListElement":[{"@type":"ListItem","position":1,"name":"Home","item":"https:\/\/versano.nl\/"},{"@type":"ListItem","position":2,"name":"Shop","item":"https:\/\/versano.nl\/shop\/"},{"@type":"ListItem","position":3,"name":"Donsjas dames groen Simi Versano"}]},{"@type":"WebSite","@id":"https:\/\/versano.nl\/#website","url":"https:\/\/versano.nl\/","name":"Versano","description":"manteaux d&#039;hiver avec col en fourrure | vestes femme en cuir | vestes en cuir pour hommes","potentialAction":[{"@type":"SearchAction","target":{"@type":"EntryPoint","urlTemplate":"https:\/\/versano.nl\/?s={search_term_string}"},"query-input":{"@type":"PropertyValueSpecification","valueRequired":true,"valueName":"search_term_string"}}],"inLanguage":"fr-FR"}]}},"_links":{"self":[{"href":"https:\/\/versano.nl\/fr\/wp-json\/wp\/v2\/product\/16826","targetHints":{"allow":["GET"]}}],"collection":[{"href":"https:\/\/versano.nl\/fr\/wp-json\/wp\/v2\/product"}],"about":[{"href":"https:\/\/versano.nl\/fr\/wp-json\/wp\/v2\/types\/product"}],"replies":[{"embeddable":true,"href":"https:\/\/versano.nl\/fr\/wp-json\/wp\/v2\/comments?post=16826"}],"wp:featuredmedia":[{"embeddable":true,"href":"https:\/\/versano.nl\/fr\/wp-json\/wp\/v2\/media\/16836"}],"wp:attachment":[{"href":"https:\/\/versano.nl\/fr\/wp-json\/wp\/v2\/media?parent=16826"}],"wp:term":[{"taxonomy":"product_brand","embeddable":true,"href":"https:\/\/versano.nl\/fr\/wp-json\/wp\/v2\/product_brand?post=16826"},{"taxonomy":"product_cat","embeddable":true,"href":"https:\/\/versano.nl\/fr\/wp-json\/wp\/v2\/product_cat?post=16826"},{"taxonomy":"product_tag","embeddable":true,"href":"https:\/\/versano.nl\/fr\/wp-json\/wp\/v2\/product_tag?post=16826"}],"curies":[{"name":"wp","href":"https:\/\/api.w.org\/{rel}","templated":true}]}}