{"id":16764,"date":"2020-08-04T20:27:50","date_gmt":"2020-08-04T20:27:50","guid":{"rendered":"https:\/\/versano.nl\/shop\/lightweight-heren-jack-blauw-versano-peter\/"},"modified":"2026-01-23T09:49:42","modified_gmt":"2026-01-23T09:49:42","slug":"lightweight-heren-jack-blauw-versano-peter","status":"publish","type":"product","link":"https:\/\/versano.nl\/fr\/shop\/lightweight-heren-jack-blauw-versano-peter\/","title":{"rendered":"Doudoune homme bleu Peter Versano"},"content":{"rendered":"<h2>Doudoune homme bleu Peter Versano<\/h2>\n<p>Cette veste matelass\u00e9e pour homme bleu Peter Versano a un duvet artificiel de haute qualit\u00e9, ce qui signifie qu&#039;elle ne p\u00e8se que 265 grammes, cette veste en duvet artificiel est tr\u00e8s sp\u00e9ciale et elle est tr\u00e8s confortable en raison du poids l\u00e9ger sur votre corps. La veste a une tr\u00e8s belle coupe slim, ce qui la rend exceptionnellement plus jolie que les autres doudounes matelass\u00e9es. Vous pouvez porter cette veste au printemps ou en automne, mais la veste est en fait adapt\u00e9e \u00e0 porter toute l&#039;ann\u00e9e. La veste a un zip central, 2 poches lat\u00e9rales zipp\u00e9es et une poche int\u00e9rieure spacieuse. Ce mod\u00e8le Versano n&#039;est pas seulement disponible dans la couleur bleue froide, mais aussi dans les couleurs vert et noir. La veste est livr\u00e9e dans une jolie pochette Versano, vous pouvez donc l&#039;enrouler facilement et l&#039;emporter partout. C&#039;est donc un mod\u00e8le que nous ne pouvons que recommander chaleureusement. Avec cette veste, vous pouvez \u00eatre s\u00fbr que vous aurez bient\u00f4t une nouvelle veste accroch\u00e9e \u00e0 vos \u00e9paules dans laquelle vous pourrez \u00eatre vu.<\/p>\n<h2>Commander le mod\u00e8le Peter en bleu<\/h2>\n<p>Avec une si belle veste Versano, vous pouvez \u00eatre s\u00fbr que vous pourrez la porter tout l&#039;hiver. Vous pouvez facilement commander ce mod\u00e8le dans la boutique en ligne Versano. Nous avons rassembl\u00e9 ici toutes nos vestes pour que vous puissiez facilement passer une commande. Chez Versano, vous pouvez toujours \u00eatre s\u00fbr que vous achetez un beau manteau qui a \u00e9t\u00e9 travaill\u00e9 avec soin. Avec nous, vous pouvez facilement choisir la bonne taille en fonction de nos vid\u00e9os d&#039;instructions intelligentes. Vous avez des questions ou vous ne savez pas quelle taille commander ? Ensuite, vous pouvez toujours nous contacter par mail ou WhatsApp. Nos employ\u00e9s aimeraient vous aider!<\/p>\n<p>marque:\u00a0<a title=\"Versano\" href=\"https:\/\/versano.nl\/\" target=\"_blank\" rel=\"noopener noreferrer\">Versano<\/a><br \/>\nLongueur: court<br \/>\nCoupe : coupe ajust\u00e9e<br \/>\nDoublure: 100% polyester<br \/>\nLongueur des manches: manches longues<br \/>\nPoches: poches lat\u00e9rales \u00e0 l&#039;int\u00e9rieur,<br \/>\nFonction: imperm\u00e9able, coupe-vent<br \/>\nmat\u00e9riau couche ext\u00e9rieure: 100% polyester<\/p>\n<p>D\u00e9lai de livraison: 2-3 jours ouvrables<\/p>","protected":false},"excerpt":{"rendered":"<p><strong><span style=\"color: #ff0000;\">Conseils d&#039;ajustement:<\/span>\u00a0<\/strong>La coupe de cette veste est ajust\u00e9e. Notre mannequin mesure 1,85 cm et porte une taille S.<\/p>\n<p>Si vous n&#039;\u00eates pas s\u00fbr de vos mesures, nous vous recommandons de commencer par mesurer vos mesures de taille et de les comparer avec notre tableau des tailles. Si vous n&#039;avez aucune exp\u00e9rience dans la mesure des tailles de circonf\u00e9rence, cliquez sur\u00a0<a href=\"https:\/\/www.youtube.com\/watch?v=3ZSfY87v6pM\"><em>ICI<\/em>\u00a0<\/a>\u00a0\u00e0\u00a0<span style=\"color: #ff0000;\"><a style=\"color: #ff0000;\" href=\"https:\/\/www.youtube.com\/watch?v=3ZSfY87v6pM\"><em>VIDEO<\/em><\/a>\u00a0<\/span> avec des instructions. Vous pouvez \u00e9galement nous appeler ou nous appliquer directement! Nos employ\u00e9s sont toujours disponibles pour vous aider.<\/p>\n<p><strong>HEURE DE LIVRAISON :<\/strong>\u00a02 \u00e0 3 jours ouvr\u00e9s.<\/p>","protected":false},"featured_media":26522,"comment_status":"closed","ping_status":"closed","template":"","meta":[],"product_brand":[],"product_cat":[2005,1336,2008,1337,2006,1146,2010,1338,882,1143,1147],"product_tag":[1795,1794,1789,1269,1265,1268,1270,1267,1791,1774,1708,1793],"class_list":{"0":"post-16764","1":"product","2":"type-product","3":"status-publish","4":"has-post-thumbnail","6":"product_cat-gewatteerde-jas-heren","7":"product_cat-gewatteerde-jassen-heren","8":"product_cat-heren-donsjas","9":"product_cat-donsjassen-heren","10":"product_cat-heren-gewatteerde-jas","11":"product_cat-heren-winterjas","12":"product_cat-lichtgewicht-donsjas-heren","13":"product_cat-lightweight-jas-heren","14":"product_cat-versano","15":"product_cat-winterjas","16":"product_cat-winterjas-heren","17":"product_tag-blauwe-donsjas","18":"product_tag-donsjas-heren","19":"product_tag-gewatteerde-heren-jassen","20":"product_tag-heren-donsjas-blauw","21":"product_tag-heren-donsjasjes","22":"product_tag-heren-donzen-jas","23":"product_tag-heren-donzenjassen","24":"product_tag-kunstdons-jasje-heren","25":"product_tag-versano-donsjassen","26":"product_tag-zomerjas-heren","27":"product_tag-zomerjassen-heren","28":"product_tag-zomerjassen-versano","29":"product_shipping_class-verzendkosten-1","30":"tm-no-options","32":"first","33":"instock","34":"sale","35":"taxable","36":"shipping-taxable","37":"purchasable","38":"product-type-variable"},"yoast_head":"<!-- This site is optimized with the Yoast SEO plugin v27.2 - https:\/\/yoast.com\/product\/yoast-seo-wordpress\/ -->\n<title>Gewatteerde jas heren blauw Peter Versano, blauwe donsjas heren<\/title>\n<meta name=\"description\" content=\"Ben je op zoek naar een Gewatteerde jas heren blauw Peter Versano, dan zit je bij Versano aan het juiste adres voor kunstdons jasjes.\" \/>\n<meta name=\"robots\" content=\"index, follow, max-snippet:-1, max-image-preview:large, max-video-preview:-1\" \/>\n<link rel=\"canonical\" href=\"https:\/\/versano.nl\/fr\/shop\/lightweight-heren-jack-blauw-versano-peter\/\" \/>\n<meta property=\"og:locale\" content=\"fr_FR\" \/>\n<meta property=\"og:type\" content=\"article\" \/>\n<meta property=\"og:title\" content=\"Gewatteerde jas heren blauw Peter Versano, blauwe donsjas heren\" \/>\n<meta property=\"og:description\" content=\"Ben je op zoek naar een Gewatteerde jas heren blauw Peter Versano, dan zit je bij Versano aan het juiste adres voor kunstdons jasjes.\" \/>\n<meta property=\"og:url\" content=\"https:\/\/versano.nl\/fr\/shop\/lightweight-heren-jack-blauw-versano-peter\/\" \/>\n<meta property=\"og:site_name\" content=\"Versano\" \/>\n<meta property=\"article:modified_time\" content=\"2026-01-23T09:49:42+00:00\" \/>\n<meta property=\"og:image\" content=\"https:\/\/versano.nl\/wp-content\/uploads\/2022\/09\/heren-lightweight-donsjas-blauw-versano-peter-voorkant-nw.jpg\" \/>\n\t<meta property=\"og:image:width\" content=\"900\" \/>\n\t<meta property=\"og:image:height\" content=\"1200\" \/>\n\t<meta property=\"og:image:type\" content=\"image\/jpeg\" \/>\n<meta name=\"twitter:card\" content=\"summary_large_image\" \/>\n<meta name=\"twitter:label1\" content=\"Dur\u00e9e de lecture estim\u00e9e\" \/>\n\t<meta name=\"twitter:data1\" content=\"2 minutes\" \/>\n<script type=\"application\/ld+json\" class=\"yoast-schema-graph\">{\"@context\":\"https:\/\/schema.org\",\"@graph\":[{\"@type\":\"WebPage\",\"@id\":\"https:\/\/versano.nl\/shop\/lightweight-heren-jack-blauw-versano-peter\/\",\"url\":\"https:\/\/versano.nl\/shop\/lightweight-heren-jack-blauw-versano-peter\/\",\"name\":\"Gewatteerde jas heren blauw Peter Versano, blauwe donsjas heren\",\"isPartOf\":{\"@id\":\"https:\/\/versano.nl\/#website\"},\"primaryImageOfPage\":{\"@id\":\"https:\/\/versano.nl\/shop\/lightweight-heren-jack-blauw-versano-peter\/#primaryimage\"},\"image\":{\"@id\":\"https:\/\/versano.nl\/shop\/lightweight-heren-jack-blauw-versano-peter\/#primaryimage\"},\"thumbnailUrl\":\"https:\/\/versano.nl\/wp-content\/uploads\/2022\/09\/heren-lightweight-donsjas-blauw-versano-peter-voorkant-nw.jpg\",\"datePublished\":\"2020-08-04T20:27:50+00:00\",\"dateModified\":\"2026-01-23T09:49:42+00:00\",\"description\":\"Ben je op zoek naar een Gewatteerde jas heren blauw Peter Versano, dan zit je bij Versano aan het juiste adres voor kunstdons jasjes.\",\"breadcrumb\":{\"@id\":\"https:\/\/versano.nl\/shop\/lightweight-heren-jack-blauw-versano-peter\/#breadcrumb\"},\"inLanguage\":\"fr-FR\",\"potentialAction\":[{\"@type\":\"ReadAction\",\"target\":[\"https:\/\/versano.nl\/shop\/lightweight-heren-jack-blauw-versano-peter\/\"]}]},{\"@type\":\"ImageObject\",\"inLanguage\":\"fr-FR\",\"@id\":\"https:\/\/versano.nl\/shop\/lightweight-heren-jack-blauw-versano-peter\/#primaryimage\",\"url\":\"https:\/\/versano.nl\/wp-content\/uploads\/2022\/09\/heren-lightweight-donsjas-blauw-versano-peter-voorkant-nw.jpg\",\"contentUrl\":\"https:\/\/versano.nl\/wp-content\/uploads\/2022\/09\/heren-lightweight-donsjas-blauw-versano-peter-voorkant-nw.jpg\",\"width\":900,\"height\":1200,\"caption\":\"Gewatteerde jas heren blauw Peter Versano\"},{\"@type\":\"BreadcrumbList\",\"@id\":\"https:\/\/versano.nl\/shop\/lightweight-heren-jack-blauw-versano-peter\/#breadcrumb\",\"itemListElement\":[{\"@type\":\"ListItem\",\"position\":1,\"name\":\"Home\",\"item\":\"https:\/\/versano.nl\/\"},{\"@type\":\"ListItem\",\"position\":2,\"name\":\"Shop\",\"item\":\"https:\/\/versano.nl\/shop\/\"},{\"@type\":\"ListItem\",\"position\":3,\"name\":\"Gewatteerde jas heren blauw Peter Versano\"}]},{\"@type\":\"WebSite\",\"@id\":\"https:\/\/versano.nl\/#website\",\"url\":\"https:\/\/versano.nl\/\",\"name\":\"Versano\",\"description\":\"winterjassen met bontkraag | leren dames jassen | leren heren jassen\",\"potentialAction\":[{\"@type\":\"SearchAction\",\"target\":{\"@type\":\"EntryPoint\",\"urlTemplate\":\"https:\/\/versano.nl\/?s={search_term_string}\"},\"query-input\":{\"@type\":\"PropertyValueSpecification\",\"valueRequired\":true,\"valueName\":\"search_term_string\"}}],\"inLanguage\":\"fr-FR\"}]}<\/script>\n<!-- \/ Yoast SEO plugin. -->","yoast_head_json":{"title":"Doudoune homme bleu Peter Versano, doudoune bleu homme","description":"Si vous recherchez une doudoune homme bleu Peter Versano, alors Versano est le bon endroit pour les doudounes artificielles.","robots":{"index":"index","follow":"follow","max-snippet":"max-snippet:-1","max-image-preview":"max-image-preview:large","max-video-preview":"max-video-preview:-1"},"canonical":"https:\/\/versano.nl\/fr\/shop\/lightweight-heren-jack-blauw-versano-peter\/","og_locale":"fr_FR","og_type":"article","og_title":"Gewatteerde jas heren blauw Peter Versano, blauwe donsjas heren","og_description":"Ben je op zoek naar een Gewatteerde jas heren blauw Peter Versano, dan zit je bij Versano aan het juiste adres voor kunstdons jasjes.","og_url":"https:\/\/versano.nl\/fr\/shop\/lightweight-heren-jack-blauw-versano-peter\/","og_site_name":"Versano","article_modified_time":"2026-01-23T09:49:42+00:00","og_image":[{"width":900,"height":1200,"url":"https:\/\/versano.nl\/wp-content\/uploads\/2022\/09\/heren-lightweight-donsjas-blauw-versano-peter-voorkant-nw.jpg","type":"image\/jpeg"}],"twitter_card":"summary_large_image","twitter_misc":{"Dur\u00e9e de lecture estim\u00e9e":"2 minutes"},"schema":{"@context":"https:\/\/schema.org","@graph":[{"@type":"WebPage","@id":"https:\/\/versano.nl\/shop\/lightweight-heren-jack-blauw-versano-peter\/","url":"https:\/\/versano.nl\/shop\/lightweight-heren-jack-blauw-versano-peter\/","name":"Doudoune homme bleu Peter Versano, doudoune bleu homme","isPartOf":{"@id":"https:\/\/versano.nl\/#website"},"primaryImageOfPage":{"@id":"https:\/\/versano.nl\/shop\/lightweight-heren-jack-blauw-versano-peter\/#primaryimage"},"image":{"@id":"https:\/\/versano.nl\/shop\/lightweight-heren-jack-blauw-versano-peter\/#primaryimage"},"thumbnailUrl":"https:\/\/versano.nl\/wp-content\/uploads\/2022\/09\/heren-lightweight-donsjas-blauw-versano-peter-voorkant-nw.jpg","datePublished":"2020-08-04T20:27:50+00:00","dateModified":"2026-01-23T09:49:42+00:00","description":"Si vous recherchez une doudoune homme bleu Peter Versano, alors Versano est le bon endroit pour les doudounes artificielles.","breadcrumb":{"@id":"https:\/\/versano.nl\/shop\/lightweight-heren-jack-blauw-versano-peter\/#breadcrumb"},"inLanguage":"fr-FR","potentialAction":[{"@type":"ReadAction","target":["https:\/\/versano.nl\/shop\/lightweight-heren-jack-blauw-versano-peter\/"]}]},{"@type":"ImageObject","inLanguage":"fr-FR","@id":"https:\/\/versano.nl\/shop\/lightweight-heren-jack-blauw-versano-peter\/#primaryimage","url":"https:\/\/versano.nl\/wp-content\/uploads\/2022\/09\/heren-lightweight-donsjas-blauw-versano-peter-voorkant-nw.jpg","contentUrl":"https:\/\/versano.nl\/wp-content\/uploads\/2022\/09\/heren-lightweight-donsjas-blauw-versano-peter-voorkant-nw.jpg","width":900,"height":1200,"caption":"Gewatteerde jas heren blauw Peter Versano"},{"@type":"BreadcrumbList","@id":"https:\/\/versano.nl\/shop\/lightweight-heren-jack-blauw-versano-peter\/#breadcrumb","itemListElement":[{"@type":"ListItem","position":1,"name":"Home","item":"https:\/\/versano.nl\/"},{"@type":"ListItem","position":2,"name":"Shop","item":"https:\/\/versano.nl\/shop\/"},{"@type":"ListItem","position":3,"name":"Gewatteerde jas heren blauw Peter Versano"}]},{"@type":"WebSite","@id":"https:\/\/versano.nl\/#website","url":"https:\/\/versano.nl\/","name":"Versano","description":"manteaux d&#039;hiver avec col en fourrure | vestes femme en cuir | vestes en cuir pour hommes","potentialAction":[{"@type":"SearchAction","target":{"@type":"EntryPoint","urlTemplate":"https:\/\/versano.nl\/?s={search_term_string}"},"query-input":{"@type":"PropertyValueSpecification","valueRequired":true,"valueName":"search_term_string"}}],"inLanguage":"fr-FR"}]}},"_links":{"self":[{"href":"https:\/\/versano.nl\/fr\/wp-json\/wp\/v2\/product\/16764","targetHints":{"allow":["GET"]}}],"collection":[{"href":"https:\/\/versano.nl\/fr\/wp-json\/wp\/v2\/product"}],"about":[{"href":"https:\/\/versano.nl\/fr\/wp-json\/wp\/v2\/types\/product"}],"replies":[{"embeddable":true,"href":"https:\/\/versano.nl\/fr\/wp-json\/wp\/v2\/comments?post=16764"}],"wp:featuredmedia":[{"embeddable":true,"href":"https:\/\/versano.nl\/fr\/wp-json\/wp\/v2\/media\/26522"}],"wp:attachment":[{"href":"https:\/\/versano.nl\/fr\/wp-json\/wp\/v2\/media?parent=16764"}],"wp:term":[{"taxonomy":"product_brand","embeddable":true,"href":"https:\/\/versano.nl\/fr\/wp-json\/wp\/v2\/product_brand?post=16764"},{"taxonomy":"product_cat","embeddable":true,"href":"https:\/\/versano.nl\/fr\/wp-json\/wp\/v2\/product_cat?post=16764"},{"taxonomy":"product_tag","embeddable":true,"href":"https:\/\/versano.nl\/fr\/wp-json\/wp\/v2\/product_tag?post=16764"}],"curies":[{"name":"wp","href":"https:\/\/api.w.org\/{rel}","templated":true}]}}