{"id":16494,"date":"2016-10-20T21:24:23","date_gmt":"2016-10-20T21:24:23","guid":{"rendered":"https:\/\/versano.nl\/shop\/versano-echte-bontkraag-rood-xl-2\/"},"modified":"2021-08-27T19:53:14","modified_gmt":"2021-08-27T19:53:14","slug":"versano-echte-bontkraag-rood-xl-2","status":"publish","type":"product","link":"https:\/\/versano.nl\/fr\/shop\/versano-echte-bontkraag-rood-xl-2\/","title":{"rendered":"Versano r\u00e9el col de fourrure rouge XL"},"content":{"rendered":"<p><strong>Versano r\u00e9el col de fourrure rouge XL<br \/>\n<\/strong><\/p>\n<p>Mat\u00e9riel: American Raccoon<br \/>\nfixation: imprimantes<\/p>\n<p>: 2-4 jours<\/p>","protected":false},"excerpt":{"rendered":"<p>colliers de fourrure v\u00e9ritable Versano de raton laveur am\u00e9ricain. Les cols de fourrure sont disponibles en plusieurs couleurs.<\/p>\n<p><span style=\"color: #ff0000;\">Ce col de fourrure XL est de 60 cm de long et 24 cm de large<\/span><\/p>","protected":false},"featured_media":11769,"comment_status":"closed","ping_status":"closed","template":"","meta":[],"product_brand":[],"product_cat":[986],"product_tag":[609,610,611,586,119,120,121,122],"class_list":{"0":"post-16494","1":"product","2":"type-product","3":"status-publish","4":"has-post-thumbnail","6":"product_cat-unkategorisiert","7":"product_tag-biker-jas-blauw","8":"product_tag-bikerjas-blauw","9":"product_tag-blauw-leren-jas","10":"product_tag-dames-imitatieleer-blauw","11":"product_tag-dames-leren-jas-beige","12":"product_tag-goedkope-dames-leren-jas-beige","13":"product_tag-leren-beige-jas-dames","14":"product_tag-leren-jas-dames-beige","15":"product_shipping_class-verzendkosten-1","16":"tm-no-options","18":"first","19":"instock","20":"taxable","21":"shipping-taxable","22":"purchasable","23":"product-type-simple"},"yoast_head":"<!-- This site is optimized with the Yoast SEO plugin v27.2 - https:\/\/yoast.com\/product\/yoast-seo-wordpress\/ -->\n<title>Versano Echte Bontkraag Rood XL<\/title>\n<meta name=\"description\" content=\"Versano Echte Bontkraag Rood XL. Als u geen echte bontkraag op uw jas wil, dan zijn de kunst bontkragen van Versano ideaal.\" \/>\n<meta name=\"robots\" content=\"index, follow, max-snippet:-1, max-image-preview:large, max-video-preview:-1\" \/>\n<link rel=\"canonical\" href=\"https:\/\/versano.nl\/fr\/shop\/versano-echte-bontkraag-rood-xl-2\/\" \/>\n<meta property=\"og:locale\" content=\"fr_FR\" \/>\n<meta property=\"og:type\" content=\"article\" \/>\n<meta property=\"og:title\" content=\"Versano Echte Bontkraag Rood XL\" \/>\n<meta property=\"og:description\" content=\"Versano Echte Bontkraag Rood XL. Als u geen echte bontkraag op uw jas wil, dan zijn de kunst bontkragen van Versano ideaal.\" \/>\n<meta property=\"og:url\" content=\"https:\/\/versano.nl\/fr\/shop\/versano-echte-bontkraag-rood-xl-2\/\" \/>\n<meta property=\"og:site_name\" content=\"Versano\" \/>\n<meta property=\"article:modified_time\" content=\"2021-08-27T19:53:14+00:00\" \/>\n<meta property=\"og:image\" content=\"https:\/\/versano.nl\/wp-content\/uploads\/2019\/06\/matenspecs_tr60-M.png\" \/>\n\t<meta property=\"og:image:width\" content=\"750\" \/>\n\t<meta property=\"og:image:height\" content=\"980\" \/>\n\t<meta property=\"og:image:type\" content=\"image\/png\" \/>\n<meta name=\"twitter:card\" content=\"summary_large_image\" \/>\n<script type=\"application\/ld+json\" class=\"yoast-schema-graph\">{\"@context\":\"https:\/\/schema.org\",\"@graph\":[{\"@type\":\"WebPage\",\"@id\":\"https:\/\/versano.nl\/shop\/versano-echte-bontkraag-rood-xl-2\/\",\"url\":\"https:\/\/versano.nl\/shop\/versano-echte-bontkraag-rood-xl-2\/\",\"name\":\"Versano Echte Bontkraag Rood XL\",\"isPartOf\":{\"@id\":\"https:\/\/versano.nl\/#website\"},\"primaryImageOfPage\":{\"@id\":\"https:\/\/versano.nl\/shop\/versano-echte-bontkraag-rood-xl-2\/#primaryimage\"},\"image\":{\"@id\":\"https:\/\/versano.nl\/shop\/versano-echte-bontkraag-rood-xl-2\/#primaryimage\"},\"thumbnailUrl\":\"https:\/\/versano.nl\/wp-content\/uploads\/2019\/06\/matenspecs_tr60-M.png\",\"datePublished\":\"2016-10-20T21:24:23+00:00\",\"dateModified\":\"2021-08-27T19:53:14+00:00\",\"description\":\"Versano Echte Bontkraag Rood XL. Als u geen echte bontkraag op uw jas wil, dan zijn de kunst bontkragen van Versano ideaal.\",\"breadcrumb\":{\"@id\":\"https:\/\/versano.nl\/shop\/versano-echte-bontkraag-rood-xl-2\/#breadcrumb\"},\"inLanguage\":\"fr-FR\",\"potentialAction\":[{\"@type\":\"ReadAction\",\"target\":[\"https:\/\/versano.nl\/shop\/versano-echte-bontkraag-rood-xl-2\/\"]}]},{\"@type\":\"ImageObject\",\"inLanguage\":\"fr-FR\",\"@id\":\"https:\/\/versano.nl\/shop\/versano-echte-bontkraag-rood-xl-2\/#primaryimage\",\"url\":\"https:\/\/versano.nl\/wp-content\/uploads\/2019\/06\/matenspecs_tr60-M.png\",\"contentUrl\":\"https:\/\/versano.nl\/wp-content\/uploads\/2019\/06\/matenspecs_tr60-M.png\",\"width\":750,\"height\":980},{\"@type\":\"BreadcrumbList\",\"@id\":\"https:\/\/versano.nl\/shop\/versano-echte-bontkraag-rood-xl-2\/#breadcrumb\",\"itemListElement\":[{\"@type\":\"ListItem\",\"position\":1,\"name\":\"Home\",\"item\":\"https:\/\/versano.nl\/\"},{\"@type\":\"ListItem\",\"position\":2,\"name\":\"Shop\",\"item\":\"https:\/\/versano.nl\/shop\/\"},{\"@type\":\"ListItem\",\"position\":3,\"name\":\"Versano Echte Bontkraag Rood XL\"}]},{\"@type\":\"WebSite\",\"@id\":\"https:\/\/versano.nl\/#website\",\"url\":\"https:\/\/versano.nl\/\",\"name\":\"Versano\",\"description\":\"winterjassen met bontkraag | leren dames jassen | leren heren jassen\",\"potentialAction\":[{\"@type\":\"SearchAction\",\"target\":{\"@type\":\"EntryPoint\",\"urlTemplate\":\"https:\/\/versano.nl\/?s={search_term_string}\"},\"query-input\":{\"@type\":\"PropertyValueSpecification\",\"valueRequired\":true,\"valueName\":\"search_term_string\"}}],\"inLanguage\":\"fr-FR\"}]}<\/script>\n<!-- \/ Yoast SEO plugin. -->","yoast_head_json":{"title":"Versano r\u00e9el col de fourrure rouge XL","description":"Col de fourrure Versano R\u00e9el XL. Si vous ne voulez pas que votre veste soit dot\u00e9e d&#039;un v\u00e9ritable col en fourrure, les cols en fourrure art de Versano sont parfaits.","robots":{"index":"index","follow":"follow","max-snippet":"max-snippet:-1","max-image-preview":"max-image-preview:large","max-video-preview":"max-video-preview:-1"},"canonical":"https:\/\/versano.nl\/fr\/shop\/versano-echte-bontkraag-rood-xl-2\/","og_locale":"fr_FR","og_type":"article","og_title":"Versano Echte Bontkraag Rood XL","og_description":"Versano Echte Bontkraag Rood XL. Als u geen echte bontkraag op uw jas wil, dan zijn de kunst bontkragen van Versano ideaal.","og_url":"https:\/\/versano.nl\/fr\/shop\/versano-echte-bontkraag-rood-xl-2\/","og_site_name":"Versano","article_modified_time":"2021-08-27T19:53:14+00:00","og_image":[{"width":750,"height":980,"url":"https:\/\/versano.nl\/wp-content\/uploads\/2019\/06\/matenspecs_tr60-M.png","type":"image\/png"}],"twitter_card":"summary_large_image","schema":{"@context":"https:\/\/schema.org","@graph":[{"@type":"WebPage","@id":"https:\/\/versano.nl\/shop\/versano-echte-bontkraag-rood-xl-2\/","url":"https:\/\/versano.nl\/shop\/versano-echte-bontkraag-rood-xl-2\/","name":"Versano r\u00e9el col de fourrure rouge XL","isPartOf":{"@id":"https:\/\/versano.nl\/#website"},"primaryImageOfPage":{"@id":"https:\/\/versano.nl\/shop\/versano-echte-bontkraag-rood-xl-2\/#primaryimage"},"image":{"@id":"https:\/\/versano.nl\/shop\/versano-echte-bontkraag-rood-xl-2\/#primaryimage"},"thumbnailUrl":"https:\/\/versano.nl\/wp-content\/uploads\/2019\/06\/matenspecs_tr60-M.png","datePublished":"2016-10-20T21:24:23+00:00","dateModified":"2021-08-27T19:53:14+00:00","description":"Col de fourrure Versano R\u00e9el XL. Si vous ne voulez pas que votre veste soit dot\u00e9e d&#039;un v\u00e9ritable col en fourrure, les cols en fourrure art de Versano sont parfaits.","breadcrumb":{"@id":"https:\/\/versano.nl\/shop\/versano-echte-bontkraag-rood-xl-2\/#breadcrumb"},"inLanguage":"fr-FR","potentialAction":[{"@type":"ReadAction","target":["https:\/\/versano.nl\/shop\/versano-echte-bontkraag-rood-xl-2\/"]}]},{"@type":"ImageObject","inLanguage":"fr-FR","@id":"https:\/\/versano.nl\/shop\/versano-echte-bontkraag-rood-xl-2\/#primaryimage","url":"https:\/\/versano.nl\/wp-content\/uploads\/2019\/06\/matenspecs_tr60-M.png","contentUrl":"https:\/\/versano.nl\/wp-content\/uploads\/2019\/06\/matenspecs_tr60-M.png","width":750,"height":980},{"@type":"BreadcrumbList","@id":"https:\/\/versano.nl\/shop\/versano-echte-bontkraag-rood-xl-2\/#breadcrumb","itemListElement":[{"@type":"ListItem","position":1,"name":"Home","item":"https:\/\/versano.nl\/"},{"@type":"ListItem","position":2,"name":"Shop","item":"https:\/\/versano.nl\/shop\/"},{"@type":"ListItem","position":3,"name":"Versano Echte Bontkraag Rood XL"}]},{"@type":"WebSite","@id":"https:\/\/versano.nl\/#website","url":"https:\/\/versano.nl\/","name":"Versano","description":"manteaux d&#039;hiver avec col en fourrure | vestes femme en cuir | vestes en cuir pour hommes","potentialAction":[{"@type":"SearchAction","target":{"@type":"EntryPoint","urlTemplate":"https:\/\/versano.nl\/?s={search_term_string}"},"query-input":{"@type":"PropertyValueSpecification","valueRequired":true,"valueName":"search_term_string"}}],"inLanguage":"fr-FR"}]}},"_links":{"self":[{"href":"https:\/\/versano.nl\/fr\/wp-json\/wp\/v2\/product\/16494","targetHints":{"allow":["GET"]}}],"collection":[{"href":"https:\/\/versano.nl\/fr\/wp-json\/wp\/v2\/product"}],"about":[{"href":"https:\/\/versano.nl\/fr\/wp-json\/wp\/v2\/types\/product"}],"replies":[{"embeddable":true,"href":"https:\/\/versano.nl\/fr\/wp-json\/wp\/v2\/comments?post=16494"}],"wp:featuredmedia":[{"embeddable":true,"href":"https:\/\/versano.nl\/fr\/wp-json\/wp\/v2\/media\/11769"}],"wp:attachment":[{"href":"https:\/\/versano.nl\/fr\/wp-json\/wp\/v2\/media?parent=16494"}],"wp:term":[{"taxonomy":"product_brand","embeddable":true,"href":"https:\/\/versano.nl\/fr\/wp-json\/wp\/v2\/product_brand?post=16494"},{"taxonomy":"product_cat","embeddable":true,"href":"https:\/\/versano.nl\/fr\/wp-json\/wp\/v2\/product_cat?post=16494"},{"taxonomy":"product_tag","embeddable":true,"href":"https:\/\/versano.nl\/fr\/wp-json\/wp\/v2\/product_tag?post=16494"}],"curies":[{"name":"wp","href":"https:\/\/api.w.org\/{rel}","templated":true}]}}