{"id":16280,"date":"2020-04-22T20:56:06","date_gmt":"2020-04-22T20:56:06","guid":{"rendered":"https:\/\/versano.nl\/shop\/grote-maat-dames-jas-in-lamsleer-versano-316\/"},"modified":"2024-12-13T12:07:56","modified_gmt":"2024-12-13T12:07:56","slug":"grote-maat-dames-jas-in-lamsleer-versano-316","status":"publish","type":"product","link":"https:\/\/versano.nl\/fr\/shop\/grote-maat-dames-jas-in-lamsleer-versano-316\/","title":{"rendered":"veste en cuir femme grande taille noir Versano 316"},"content":{"rendered":"<h2>veste en cuir femme grande taille noir Versano 316<\/h2>\n<p>Si vous \u00eates \u00e0 la recherche d&#039;un blouson en cuir pour femme de base moderne sans fioritures, alors ce blouson en cuir pour femme grande taille noir Versano 316 est un must absolu. Cette veste en cuir d&#039;agneau de Versano a une coupe d\u00e9contract\u00e9e avec une encolure ronde et est parfaite pour toutes les occasions, que ce soit avec une jupe ou un jean. Cette veste en cuir de Versano est parfaitement finie avec de belles coutures et poss\u00e8de 2 poches avec fermetures \u00e9clair. La finition est absolument parfaite et tous les \u00e9l\u00e9ments sont joliment coordonn\u00e9s. C&#039;est l&#039;un des mod\u00e8les de base de Versano avec pas trop de d\u00e9tails et en tant que tel aussi l&#039;un de nos num\u00e9ros de succ\u00e8s. Cette veste est disponible en cuir d&#039;agneau durable qui est tr\u00e8s doux et a un mat\u00e9riau qui durera toute une vie.<\/p>\n<h2>Commandez le mod\u00e8le 316 dans la couleur noire<\/h2>\n<p>Cette veste chic pour femme de Versano est l&#039;un des meilleurs mod\u00e8les de base de la marque italienne Versano. Le 316 noir de Versano est fait des meilleurs mat\u00e9riaux et est doux et souple car il est en cuir d&#039;agneau 100%. La couleur noire cool est facile \u00e0 combiner et s&#039;adapte \u00e0 presque toutes vos tenues. Cette veste en cuir est non seulement disponible en noir, mais aussi en bleu p\u00e9trole. Si vous commandez cette veste chez nous, vous recevrez une veste qui restera belle toute votre vie. Son design italien garantit que la veste s&#039;adapte bien et se porte toujours confortablement. Ce mod\u00e8le n&#039;est pas trop occup\u00e9, ce qui en fait un grand classique. vous pouvez facilement commander sur notre site Web.<\/p>\n<p>marque: <a href=\"https:\/\/versano.nl\/\">Versano<\/a><br \/>\nMati\u00e8re: 100% cuir d&#039;agneau<br \/>\nDoublure: 100% polyester<br \/>\nLongueur: court<br \/>\nCoupe : tailles confort<br \/>\nFermeture: fermeture \u00e9clair<br \/>\nPoches: poches avec zip<br \/>\nCol: col montant<br \/>\ncouche externe Mat\u00e9riel: haute qualit\u00e9 et doux en peau d&#039;agneau<br \/>\nD\u00e9lai de livraison: 2-3 jours ouvrables<\/p>","protected":false},"excerpt":{"rendered":"<div class=\"short-description\">\n<p><strong>CHOISISSEZ UNE AUTRE COULEUR ICI<\/strong><\/p>\n<p><span style=\"color: #ff0000;\"><strong><a href=\"https:\/\/versano.nl\/shop\/grote-maat-dames-jas-blauw-in-lamsleer-versano-316\/\"><img loading=\"lazy\" decoding=\"async\" class=\"alignnone size-full wp-image-19870\" src=\"https:\/\/versano.nl\/wp-content\/uploads\/sites\/2\/2020\/04\/versano-316-blauw-thumb.jpg\" alt=\"\" width=\"56\" height=\"75\" \/><\/a><\/strong><\/span><\/p>\n<p><strong><span style=\"color: #ff0000;\">Conseils d&#039;ajustement:<\/span>\u00a0<\/strong>La coupe de ce mod\u00e8le est spacieuse. Notre mannequin mesure 1,80 cm et porte une taille Large.<\/p>\n<p>Si vous n&#039;\u00eates pas s\u00fbr de vos mesures, nous vous recommandons de commencer par mesurer vos mesures de taille et de les comparer avec notre tableau des tailles. Si vous n&#039;avez aucune exp\u00e9rience dans la mesure des tailles de circonf\u00e9rence, cliquez sur\u00a0<a href=\"https:\/\/www.youtube.com\/watch?v=3ZSfY87v6pM\"><em>ICI<\/em>\u00a0<\/a>\u00a0\u00e0\u00a0<a href=\"https:\/\/www.youtube.com\/watch?v=3ZSfY87v6pM\"><em><span style=\"color: #ff0000;\">VIDEO<\/span><\/em><\/a>\u00a0 avec des instructions. Vous pouvez \u00e9galement nous appeler ou nous appliquer directement! Nos employ\u00e9s sont toujours disponibles pour vous aider.<\/p>\n<p><strong>HEURE DE LIVRAISON :<\/strong>\u00a02 \u00e0 3 jours ouvr\u00e9s.<\/p>\n<\/div>","protected":false},"featured_media":16571,"comment_status":"closed","ping_status":"closed","template":"","meta":[],"product_brand":[],"product_cat":[90,1248,874,875,1470,1247,879,1469,1474,880,1712,881,2051,878,882,890],"product_tag":[1250,1523,1256,416,2117,1542,1251,1257,2115,427,2116],"class_list":{"0":"post-16280","1":"product","2":"type-product","3":"status-publish","4":"has-post-thumbnail","6":"product_cat-dames-leren-jassen","7":"product_cat-grote-maten-leren-dames-jassen","8":"product_cat-kort-leren-jasje","9":"product_cat-kort-leren-jasje-dames","10":"product_cat-leren-dames-jas","11":"product_cat-leren-dames-jas-grote-maat","12":"product_cat-leren-dames-jassen","13":"product_cat-leren-jas-dames","14":"product_cat-leren-jas-dames-grote-maten","15":"product_cat-leren-jasje-dames","16":"product_cat-leren-jassen","17":"product_cat-leren-jassen-dames","18":"product_cat-leren-jassen-dames-grote-maten","19":"product_cat-leren-jassen-dames-uitverkoop","20":"product_cat-versano","21":"product_cat-zwarte-leren-jas-dames","22":"product_tag-dames-grote-maten-leren-jassen","23":"product_tag-dames-leren-jas","24":"product_tag-dames-leren-jas-grote-maat","25":"product_tag-dames-leren-jas-zwart","26":"product_tag-dames-leren-jasje","27":"product_tag-grote-maat-dames-leren-jas","28":"product_tag-grote-maat-leren-dames-jas","29":"product_tag-grote-maten-dames-leren-jassen","30":"product_tag-leren-jas-dames-grote-maat","31":"product_tag-zwarte-leren-dames-jas","32":"product_tag-zwarte-leren-jas-dames-grote-maat","33":"tm-no-options","35":"first","36":"instock","37":"taxable","38":"shipping-taxable","39":"purchasable","40":"product-type-variable"},"yoast_head":"<!-- This site is optimized with the Yoast SEO plugin v27.2 - https:\/\/yoast.com\/product\/yoast-seo-wordpress\/ -->\n<title>dames leren jas grote maat zwart Versano 316, grote maten damesjassen<\/title>\n<meta name=\"description\" content=\"Ben je op zoek naar een dames leren jas grote maat zwart Versano 316, dan moet je zeker even een kijkje nemen in de webshop van Versano.\" \/>\n<meta name=\"robots\" content=\"index, follow, max-snippet:-1, max-image-preview:large, max-video-preview:-1\" \/>\n<link rel=\"canonical\" href=\"https:\/\/versano.nl\/fr\/shop\/grote-maat-dames-jas-in-lamsleer-versano-316\/\" \/>\n<meta property=\"og:locale\" content=\"fr_FR\" \/>\n<meta property=\"og:type\" content=\"article\" \/>\n<meta property=\"og:title\" content=\"dames leren jas grote maat zwart Versano 316, grote maten damesjassen\" \/>\n<meta property=\"og:description\" content=\"Ben je op zoek naar een dames leren jas grote maat zwart Versano 316, dan moet je zeker even een kijkje nemen in de webshop van Versano.\" \/>\n<meta property=\"og:url\" content=\"https:\/\/versano.nl\/fr\/shop\/grote-maat-dames-jas-in-lamsleer-versano-316\/\" \/>\n<meta property=\"og:site_name\" content=\"Versano\" \/>\n<meta property=\"article:modified_time\" content=\"2024-12-13T12:07:56+00:00\" \/>\n<meta property=\"og:image\" content=\"https:\/\/versano.nl\/wp-content\/uploads\/2020\/07\/grote-maat-leren-jas-dames-zwart-versano-316-voorkant.jpg\" \/>\n\t<meta property=\"og:image:width\" content=\"900\" \/>\n\t<meta property=\"og:image:height\" content=\"1200\" \/>\n\t<meta property=\"og:image:type\" content=\"image\/jpeg\" \/>\n<meta name=\"twitter:card\" content=\"summary_large_image\" \/>\n<meta name=\"twitter:label1\" content=\"Dur\u00e9e de lecture estim\u00e9e\" \/>\n\t<meta name=\"twitter:data1\" content=\"2 minutes\" \/>\n<script type=\"application\/ld+json\" class=\"yoast-schema-graph\">{\"@context\":\"https:\/\/schema.org\",\"@graph\":[{\"@type\":\"WebPage\",\"@id\":\"https:\/\/versano.nl\/shop\/grote-maat-dames-jas-in-lamsleer-versano-316\/\",\"url\":\"https:\/\/versano.nl\/shop\/grote-maat-dames-jas-in-lamsleer-versano-316\/\",\"name\":\"dames leren jas grote maat zwart Versano 316, grote maten damesjassen\",\"isPartOf\":{\"@id\":\"https:\/\/versano.nl\/#website\"},\"primaryImageOfPage\":{\"@id\":\"https:\/\/versano.nl\/shop\/grote-maat-dames-jas-in-lamsleer-versano-316\/#primaryimage\"},\"image\":{\"@id\":\"https:\/\/versano.nl\/shop\/grote-maat-dames-jas-in-lamsleer-versano-316\/#primaryimage\"},\"thumbnailUrl\":\"https:\/\/versano.nl\/wp-content\/uploads\/2020\/07\/grote-maat-leren-jas-dames-zwart-versano-316-voorkant.jpg\",\"datePublished\":\"2020-04-22T20:56:06+00:00\",\"dateModified\":\"2024-12-13T12:07:56+00:00\",\"description\":\"Ben je op zoek naar een dames leren jas grote maat zwart Versano 316, dan moet je zeker even een kijkje nemen in de webshop van Versano.\",\"breadcrumb\":{\"@id\":\"https:\/\/versano.nl\/shop\/grote-maat-dames-jas-in-lamsleer-versano-316\/#breadcrumb\"},\"inLanguage\":\"fr-FR\",\"potentialAction\":[{\"@type\":\"ReadAction\",\"target\":[\"https:\/\/versano.nl\/shop\/grote-maat-dames-jas-in-lamsleer-versano-316\/\"]}]},{\"@type\":\"ImageObject\",\"inLanguage\":\"fr-FR\",\"@id\":\"https:\/\/versano.nl\/shop\/grote-maat-dames-jas-in-lamsleer-versano-316\/#primaryimage\",\"url\":\"https:\/\/versano.nl\/wp-content\/uploads\/2020\/07\/grote-maat-leren-jas-dames-zwart-versano-316-voorkant.jpg\",\"contentUrl\":\"https:\/\/versano.nl\/wp-content\/uploads\/2020\/07\/grote-maat-leren-jas-dames-zwart-versano-316-voorkant.jpg\",\"width\":900,\"height\":1200,\"caption\":\"dames leren jas grote maat zwart Versano 316\"},{\"@type\":\"BreadcrumbList\",\"@id\":\"https:\/\/versano.nl\/shop\/grote-maat-dames-jas-in-lamsleer-versano-316\/#breadcrumb\",\"itemListElement\":[{\"@type\":\"ListItem\",\"position\":1,\"name\":\"Home\",\"item\":\"https:\/\/versano.nl\/\"},{\"@type\":\"ListItem\",\"position\":2,\"name\":\"Shop\",\"item\":\"https:\/\/versano.nl\/shop\/\"},{\"@type\":\"ListItem\",\"position\":3,\"name\":\"dames leren jas grote maat zwart Versano 316\"}]},{\"@type\":\"WebSite\",\"@id\":\"https:\/\/versano.nl\/#website\",\"url\":\"https:\/\/versano.nl\/\",\"name\":\"Versano\",\"description\":\"winterjassen met bontkraag | leren dames jassen | leren heren jassen\",\"potentialAction\":[{\"@type\":\"SearchAction\",\"target\":{\"@type\":\"EntryPoint\",\"urlTemplate\":\"https:\/\/versano.nl\/?s={search_term_string}\"},\"query-input\":{\"@type\":\"PropertyValueSpecification\",\"valueRequired\":true,\"valueName\":\"search_term_string\"}}],\"inLanguage\":\"fr-FR\"}]}<\/script>\n<!-- \/ Yoast SEO plugin. -->","yoast_head_json":{"title":"veste en cuir dames grande taille noir Versano 316, manteaux dames grandes tailles","description":"\u00cates-vous \u00e0 la recherche d&#039;une veste en cuir pour femme grande taille noire Versano 316, alors vous devriez absolument jeter un coup d&#039;\u0153il \u00e0 la boutique en ligne Versano.","robots":{"index":"index","follow":"follow","max-snippet":"max-snippet:-1","max-image-preview":"max-image-preview:large","max-video-preview":"max-video-preview:-1"},"canonical":"https:\/\/versano.nl\/fr\/shop\/grote-maat-dames-jas-in-lamsleer-versano-316\/","og_locale":"fr_FR","og_type":"article","og_title":"dames leren jas grote maat zwart Versano 316, grote maten damesjassen","og_description":"Ben je op zoek naar een dames leren jas grote maat zwart Versano 316, dan moet je zeker even een kijkje nemen in de webshop van Versano.","og_url":"https:\/\/versano.nl\/fr\/shop\/grote-maat-dames-jas-in-lamsleer-versano-316\/","og_site_name":"Versano","article_modified_time":"2024-12-13T12:07:56+00:00","og_image":[{"width":900,"height":1200,"url":"https:\/\/versano.nl\/wp-content\/uploads\/2020\/07\/grote-maat-leren-jas-dames-zwart-versano-316-voorkant.jpg","type":"image\/jpeg"}],"twitter_card":"summary_large_image","twitter_misc":{"Dur\u00e9e de lecture estim\u00e9e":"2 minutes"},"schema":{"@context":"https:\/\/schema.org","@graph":[{"@type":"WebPage","@id":"https:\/\/versano.nl\/shop\/grote-maat-dames-jas-in-lamsleer-versano-316\/","url":"https:\/\/versano.nl\/shop\/grote-maat-dames-jas-in-lamsleer-versano-316\/","name":"veste en cuir dames grande taille noir Versano 316, manteaux dames grandes tailles","isPartOf":{"@id":"https:\/\/versano.nl\/#website"},"primaryImageOfPage":{"@id":"https:\/\/versano.nl\/shop\/grote-maat-dames-jas-in-lamsleer-versano-316\/#primaryimage"},"image":{"@id":"https:\/\/versano.nl\/shop\/grote-maat-dames-jas-in-lamsleer-versano-316\/#primaryimage"},"thumbnailUrl":"https:\/\/versano.nl\/wp-content\/uploads\/2020\/07\/grote-maat-leren-jas-dames-zwart-versano-316-voorkant.jpg","datePublished":"2020-04-22T20:56:06+00:00","dateModified":"2024-12-13T12:07:56+00:00","description":"\u00cates-vous \u00e0 la recherche d&#039;une veste en cuir pour femme grande taille noire Versano 316, alors vous devriez absolument jeter un coup d&#039;\u0153il \u00e0 la boutique en ligne Versano.","breadcrumb":{"@id":"https:\/\/versano.nl\/shop\/grote-maat-dames-jas-in-lamsleer-versano-316\/#breadcrumb"},"inLanguage":"fr-FR","potentialAction":[{"@type":"ReadAction","target":["https:\/\/versano.nl\/shop\/grote-maat-dames-jas-in-lamsleer-versano-316\/"]}]},{"@type":"ImageObject","inLanguage":"fr-FR","@id":"https:\/\/versano.nl\/shop\/grote-maat-dames-jas-in-lamsleer-versano-316\/#primaryimage","url":"https:\/\/versano.nl\/wp-content\/uploads\/2020\/07\/grote-maat-leren-jas-dames-zwart-versano-316-voorkant.jpg","contentUrl":"https:\/\/versano.nl\/wp-content\/uploads\/2020\/07\/grote-maat-leren-jas-dames-zwart-versano-316-voorkant.jpg","width":900,"height":1200,"caption":"dames leren jas grote maat zwart Versano 316"},{"@type":"BreadcrumbList","@id":"https:\/\/versano.nl\/shop\/grote-maat-dames-jas-in-lamsleer-versano-316\/#breadcrumb","itemListElement":[{"@type":"ListItem","position":1,"name":"Home","item":"https:\/\/versano.nl\/"},{"@type":"ListItem","position":2,"name":"Shop","item":"https:\/\/versano.nl\/shop\/"},{"@type":"ListItem","position":3,"name":"dames leren jas grote maat zwart Versano 316"}]},{"@type":"WebSite","@id":"https:\/\/versano.nl\/#website","url":"https:\/\/versano.nl\/","name":"Versano","description":"manteaux d&#039;hiver avec col en fourrure | vestes femme en cuir | vestes en cuir pour hommes","potentialAction":[{"@type":"SearchAction","target":{"@type":"EntryPoint","urlTemplate":"https:\/\/versano.nl\/?s={search_term_string}"},"query-input":{"@type":"PropertyValueSpecification","valueRequired":true,"valueName":"search_term_string"}}],"inLanguage":"fr-FR"}]}},"_links":{"self":[{"href":"https:\/\/versano.nl\/fr\/wp-json\/wp\/v2\/product\/16280","targetHints":{"allow":["GET"]}}],"collection":[{"href":"https:\/\/versano.nl\/fr\/wp-json\/wp\/v2\/product"}],"about":[{"href":"https:\/\/versano.nl\/fr\/wp-json\/wp\/v2\/types\/product"}],"replies":[{"embeddable":true,"href":"https:\/\/versano.nl\/fr\/wp-json\/wp\/v2\/comments?post=16280"}],"wp:featuredmedia":[{"embeddable":true,"href":"https:\/\/versano.nl\/fr\/wp-json\/wp\/v2\/media\/16571"}],"wp:attachment":[{"href":"https:\/\/versano.nl\/fr\/wp-json\/wp\/v2\/media?parent=16280"}],"wp:term":[{"taxonomy":"product_brand","embeddable":true,"href":"https:\/\/versano.nl\/fr\/wp-json\/wp\/v2\/product_brand?post=16280"},{"taxonomy":"product_cat","embeddable":true,"href":"https:\/\/versano.nl\/fr\/wp-json\/wp\/v2\/product_cat?post=16280"},{"taxonomy":"product_tag","embeddable":true,"href":"https:\/\/versano.nl\/fr\/wp-json\/wp\/v2\/product_tag?post=16280"}],"curies":[{"name":"wp","href":"https:\/\/api.w.org\/{rel}","templated":true}]}}