{"id":16241,"date":"2020-04-19T21:32:24","date_gmt":"2020-04-19T21:32:24","guid":{"rendered":"https:\/\/versano.nl\/?post_type=product&#038;p=16241"},"modified":"2024-12-13T12:10:27","modified_gmt":"2024-12-13T12:10:27","slug":"grote-maten-leren-dames-jassen-versano-pino-blauw","status":"publish","type":"product","link":"https:\/\/versano.nl\/fr\/shop\/grote-maten-leren-dames-jassen-versano-pino-blauw\/","title":{"rendered":"veste femme en cuir grande taille Pino bleu Versano"},"content":{"rendered":"<h2>veste femme en cuir grande taille Pino bleu Versano<\/h2>\n<p>Vous \u00eates \u00e0 la recherche d&#039;une veste en cuir grande taille fabriqu\u00e9e dans les meilleurs mat\u00e9riaux ? Alors vous \u00eates au bon endroit avec cette belle veste en cuir de Versano. Nous parlons d&#039;un mod\u00e8le magnifiquement ajust\u00e9 et disponible en grandes tailles, et compl\u00e8tement dans le vrai style italien. La veste est faite d&#039;une belle peau d&#039;agneau souple. Il s&#039;agit d&#039;un type de cuir qui a un beau lavage, vous pouvez donc compter sur lui pour qu&#039;il soit plus beau et plus r\u00e9sistant. Cette veste en cuir grande taille pour femme Pino bleu Versano est une veste qui a deux poches lat\u00e9rales spacieuses et deux poches sur la poitrine. Toutes ces poches peuvent \u00eatre ferm\u00e9es par une fermeture \u00e9clair. Il y a aussi une poche int\u00e9rieure dans cette veste pour vos papiers importants. C&#039;est une veste qui peut \u00eatre bien combin\u00e9e, par exemple avec une jupe, une robe ou un jean cool.<\/p>\n<h2>Commander le mod\u00e8le bleu Pino<\/h2>\n<p>Cette veste chic pour femme de Versano est l&#039;un des meilleurs mod\u00e8les basiques de la marque italienne Versano. Le Pino blue de Versano est compos\u00e9 des meilleurs mat\u00e9riaux et est doux et souple car il est en cuir d&#039;agneau 100%. La couleur cool bleu p\u00e9trole est facile \u00e0 combiner et s&#039;adapte \u00e0 presque toutes vos tenues. Ce mod\u00e8le est non seulement disponible en bleu mais aussi en noir. Si vous commandez cette veste chez nous, vous recevrez une veste qui restera belle toute une vie. Son design italien garantit que la veste s&#039;adapte bien et se porte toujours confortablement. Ce mod\u00e8le n&#039;est pas trop charg\u00e9, ce qui en fait un grand classique. vous pouvez facilement commander sur notre site.<\/p>\n<p>marque: <a href=\"https:\/\/versano.nl\/\">Versano<\/a><br \/>\nMati\u00e8re: 100% cuir d&#039;agneau<br \/>\nDoublure: 100% polyester<br \/>\nLongueur: court<br \/>\nCoupe : tailles confort<br \/>\nFermeture: fermeture \u00e9clair<br \/>\nPoches: poches avec zip<br \/>\nCol: col montant<br \/>\ncouche externe Mat\u00e9riel: haute qualit\u00e9 et doux en peau d&#039;agneau<br \/>\nD\u00e9lai de livraison: 2-3 jours ouvrables<\/p>","protected":false},"excerpt":{"rendered":"<p><strong>CHOISISSEZ UNE AUTRE COULEUR ICI<\/strong><\/p>\n<p><strong><span style=\"color: #ff0000;\"><a href=\"https:\/\/versano.nl\/shop\/leren-dames-jas-extra-grote-maat-zwart-versano-pino\/\"><img loading=\"lazy\" decoding=\"async\" class=\"alignnone size-full wp-image-19872\" src=\"https:\/\/versano.nl\/wp-content\/uploads\/sites\/2\/2020\/04\/grote-maat-leren-damesjas-zwart-Pino-Versano-thumb.jpg\" alt=\"\" width=\"56\" height=\"75\" \/><\/a><\/span><\/strong><\/p>\n<p><strong><span style=\"color: #ff0000;\">Conseils d&#039;ajustement:<\/span>\u00a0<\/strong>La coupe de ce mod\u00e8le est spacieuse. Notre mannequin mesure 1,80 cm et porte une taille Large.<\/p>\n<p>Si vous n&#039;\u00eates pas s\u00fbr de vos mesures, nous vous recommandons de commencer par mesurer vos mesures de taille et de les comparer avec notre tableau des tailles. Si vous n&#039;avez aucune exp\u00e9rience dans la mesure des tailles de circonf\u00e9rence, cliquez sur\u00a0<a href=\"https:\/\/www.youtube.com\/watch?v=3ZSfY87v6pM\"><em>ICI<\/em>\u00a0<\/a>\u00a0\u00e0\u00a0<span style=\"color: #ff0000;\"><a style=\"color: #ff0000;\" href=\"https:\/\/www.youtube.com\/watch?v=3ZSfY87v6pM\"><em>VIDEO<\/em><\/a>\u00a0<\/span> avec des instructions. Vous pouvez \u00e9galement nous appeler ou nous appliquer directement! Nos employ\u00e9s sont toujours disponibles pour vous aider.<\/p>\n<p><strong>HEURE DE LIVRAISON :<\/strong>\u00a02 \u00e0 3 jours ouvr\u00e9s.<\/p>","protected":false},"featured_media":16251,"comment_status":"closed","ping_status":"closed","template":"","meta":[],"product_brand":[],"product_cat":[90,1248,874,875,1470,1247,879,1469,1474,880,1712,881,878,882],"product_tag":[1254,1255,1250,1548,832,1251,1549,1545],"class_list":{"0":"post-16241","1":"product","2":"type-product","3":"status-publish","4":"has-post-thumbnail","6":"product_cat-dames-leren-jassen","7":"product_cat-grote-maten-leren-dames-jassen","8":"product_cat-kort-leren-jasje","9":"product_cat-kort-leren-jasje-dames","10":"product_cat-leren-dames-jas","11":"product_cat-leren-dames-jas-grote-maat","12":"product_cat-leren-dames-jassen","13":"product_cat-leren-jas-dames","14":"product_cat-leren-jas-dames-grote-maten","15":"product_cat-leren-jasje-dames","16":"product_cat-leren-jassen","17":"product_cat-leren-jassen-dames","18":"product_cat-leren-jassen-dames-uitverkoop","19":"product_cat-versano","20":"product_tag-blauwe-leren-dames-jas-grote-maten","21":"product_tag-blauwe-leren-dames-jassen-grote-maten","22":"product_tag-dames-grote-maten-leren-jassen","23":"product_tag-dames-leren-jas-grote-maten","24":"product_tag-grote-maat-dames-jassen","25":"product_tag-grote-maat-leren-dames-jas","26":"product_tag-grote-maten-leren-dames-jas-sale","27":"product_tag-grote-maten-leren-jas-dames","28":"tm-no-options","30":"first","31":"instock","32":"taxable","33":"shipping-taxable","34":"purchasable","35":"product-type-variable"},"yoast_head":"<!-- This site is optimized with the Yoast SEO plugin v27.2 - https:\/\/yoast.com\/product\/yoast-seo-wordpress\/ -->\n<title>grote maat leren dames jas Pino blauw Versano, grote maten leren jas<\/title>\n<meta name=\"description\" content=\"Ben je op zoek naar een grote maat leren dames jas Pino blauw Versano, dan moet je zeker even een kijkje nemen in de webshop van Versano.\" \/>\n<meta name=\"robots\" content=\"index, follow, max-snippet:-1, max-image-preview:large, max-video-preview:-1\" \/>\n<link rel=\"canonical\" href=\"https:\/\/versano.nl\/fr\/shop\/grote-maten-leren-dames-jassen-versano-pino-blauw\/\" \/>\n<meta property=\"og:locale\" content=\"fr_FR\" \/>\n<meta property=\"og:type\" content=\"article\" \/>\n<meta property=\"og:title\" content=\"grote maat leren dames jas Pino blauw Versano, grote maten leren jas\" \/>\n<meta property=\"og:description\" content=\"Ben je op zoek naar een grote maat leren dames jas Pino blauw Versano, dan moet je zeker even een kijkje nemen in de webshop van Versano.\" \/>\n<meta property=\"og:url\" content=\"https:\/\/versano.nl\/fr\/shop\/grote-maten-leren-dames-jassen-versano-pino-blauw\/\" \/>\n<meta property=\"og:site_name\" content=\"Versano\" \/>\n<meta property=\"article:modified_time\" content=\"2024-12-13T12:10:27+00:00\" \/>\n<meta property=\"og:image\" content=\"https:\/\/versano.nl\/wp-content\/uploads\/2020\/04\/grote-maat-dames-leren-jas-blauw-Pino-Versano-voorkant.jpg\" \/>\n\t<meta property=\"og:image:width\" content=\"900\" \/>\n\t<meta property=\"og:image:height\" content=\"1200\" \/>\n\t<meta property=\"og:image:type\" content=\"image\/jpeg\" \/>\n<meta name=\"twitter:card\" content=\"summary_large_image\" \/>\n<meta name=\"twitter:label1\" content=\"Dur\u00e9e de lecture estim\u00e9e\" \/>\n\t<meta name=\"twitter:data1\" content=\"2 minutes\" \/>\n<script type=\"application\/ld+json\" class=\"yoast-schema-graph\">{\"@context\":\"https:\/\/schema.org\",\"@graph\":[{\"@type\":\"WebPage\",\"@id\":\"https:\/\/versano.nl\/shop\/grote-maten-leren-dames-jassen-versano-pino-blauw\/\",\"url\":\"https:\/\/versano.nl\/shop\/grote-maten-leren-dames-jassen-versano-pino-blauw\/\",\"name\":\"grote maat leren dames jas Pino blauw Versano, grote maten leren jas\",\"isPartOf\":{\"@id\":\"https:\/\/versano.nl\/#website\"},\"primaryImageOfPage\":{\"@id\":\"https:\/\/versano.nl\/shop\/grote-maten-leren-dames-jassen-versano-pino-blauw\/#primaryimage\"},\"image\":{\"@id\":\"https:\/\/versano.nl\/shop\/grote-maten-leren-dames-jassen-versano-pino-blauw\/#primaryimage\"},\"thumbnailUrl\":\"https:\/\/versano.nl\/wp-content\/uploads\/2020\/04\/grote-maat-dames-leren-jas-blauw-Pino-Versano-voorkant.jpg\",\"datePublished\":\"2020-04-19T21:32:24+00:00\",\"dateModified\":\"2024-12-13T12:10:27+00:00\",\"description\":\"Ben je op zoek naar een grote maat leren dames jas Pino blauw Versano, dan moet je zeker even een kijkje nemen in de webshop van Versano.\",\"breadcrumb\":{\"@id\":\"https:\/\/versano.nl\/shop\/grote-maten-leren-dames-jassen-versano-pino-blauw\/#breadcrumb\"},\"inLanguage\":\"fr-FR\",\"potentialAction\":[{\"@type\":\"ReadAction\",\"target\":[\"https:\/\/versano.nl\/shop\/grote-maten-leren-dames-jassen-versano-pino-blauw\/\"]}]},{\"@type\":\"ImageObject\",\"inLanguage\":\"fr-FR\",\"@id\":\"https:\/\/versano.nl\/shop\/grote-maten-leren-dames-jassen-versano-pino-blauw\/#primaryimage\",\"url\":\"https:\/\/versano.nl\/wp-content\/uploads\/2020\/04\/grote-maat-dames-leren-jas-blauw-Pino-Versano-voorkant.jpg\",\"contentUrl\":\"https:\/\/versano.nl\/wp-content\/uploads\/2020\/04\/grote-maat-dames-leren-jas-blauw-Pino-Versano-voorkant.jpg\",\"width\":900,\"height\":1200,\"caption\":\"grote maat leren dames jas Pino blauw Versano\"},{\"@type\":\"BreadcrumbList\",\"@id\":\"https:\/\/versano.nl\/shop\/grote-maten-leren-dames-jassen-versano-pino-blauw\/#breadcrumb\",\"itemListElement\":[{\"@type\":\"ListItem\",\"position\":1,\"name\":\"Home\",\"item\":\"https:\/\/versano.nl\/\"},{\"@type\":\"ListItem\",\"position\":2,\"name\":\"Shop\",\"item\":\"https:\/\/versano.nl\/shop\/\"},{\"@type\":\"ListItem\",\"position\":3,\"name\":\"grote maat leren dames jas Pino blauw Versano\"}]},{\"@type\":\"WebSite\",\"@id\":\"https:\/\/versano.nl\/#website\",\"url\":\"https:\/\/versano.nl\/\",\"name\":\"Versano\",\"description\":\"winterjassen met bontkraag | leren dames jassen | leren heren jassen\",\"potentialAction\":[{\"@type\":\"SearchAction\",\"target\":{\"@type\":\"EntryPoint\",\"urlTemplate\":\"https:\/\/versano.nl\/?s={search_term_string}\"},\"query-input\":{\"@type\":\"PropertyValueSpecification\",\"valueRequired\":true,\"valueName\":\"search_term_string\"}}],\"inLanguage\":\"fr-FR\"}]}<\/script>\n<!-- \/ Yoast SEO plugin. -->","yoast_head_json":{"title":"veste femme en cuir grande taille Pino bleu Versano, veste en cuir grande taille","description":"\u00cates-vous \u00e0 la recherche d&#039;une veste en cuir pour femme de grande taille Pino bleu Versano, alors vous devriez absolument jeter un coup d&#039;\u0153il \u00e0 la boutique en ligne Versano.","robots":{"index":"index","follow":"follow","max-snippet":"max-snippet:-1","max-image-preview":"max-image-preview:large","max-video-preview":"max-video-preview:-1"},"canonical":"https:\/\/versano.nl\/fr\/shop\/grote-maten-leren-dames-jassen-versano-pino-blauw\/","og_locale":"fr_FR","og_type":"article","og_title":"grote maat leren dames jas Pino blauw Versano, grote maten leren jas","og_description":"Ben je op zoek naar een grote maat leren dames jas Pino blauw Versano, dan moet je zeker even een kijkje nemen in de webshop van Versano.","og_url":"https:\/\/versano.nl\/fr\/shop\/grote-maten-leren-dames-jassen-versano-pino-blauw\/","og_site_name":"Versano","article_modified_time":"2024-12-13T12:10:27+00:00","og_image":[{"width":900,"height":1200,"url":"https:\/\/versano.nl\/wp-content\/uploads\/2020\/04\/grote-maat-dames-leren-jas-blauw-Pino-Versano-voorkant.jpg","type":"image\/jpeg"}],"twitter_card":"summary_large_image","twitter_misc":{"Dur\u00e9e de lecture estim\u00e9e":"2 minutes"},"schema":{"@context":"https:\/\/schema.org","@graph":[{"@type":"WebPage","@id":"https:\/\/versano.nl\/shop\/grote-maten-leren-dames-jassen-versano-pino-blauw\/","url":"https:\/\/versano.nl\/shop\/grote-maten-leren-dames-jassen-versano-pino-blauw\/","name":"veste femme en cuir grande taille Pino bleu Versano, veste en cuir grande taille","isPartOf":{"@id":"https:\/\/versano.nl\/#website"},"primaryImageOfPage":{"@id":"https:\/\/versano.nl\/shop\/grote-maten-leren-dames-jassen-versano-pino-blauw\/#primaryimage"},"image":{"@id":"https:\/\/versano.nl\/shop\/grote-maten-leren-dames-jassen-versano-pino-blauw\/#primaryimage"},"thumbnailUrl":"https:\/\/versano.nl\/wp-content\/uploads\/2020\/04\/grote-maat-dames-leren-jas-blauw-Pino-Versano-voorkant.jpg","datePublished":"2020-04-19T21:32:24+00:00","dateModified":"2024-12-13T12:10:27+00:00","description":"\u00cates-vous \u00e0 la recherche d&#039;une veste en cuir pour femme de grande taille Pino bleu Versano, alors vous devriez absolument jeter un coup d&#039;\u0153il \u00e0 la boutique en ligne Versano.","breadcrumb":{"@id":"https:\/\/versano.nl\/shop\/grote-maten-leren-dames-jassen-versano-pino-blauw\/#breadcrumb"},"inLanguage":"fr-FR","potentialAction":[{"@type":"ReadAction","target":["https:\/\/versano.nl\/shop\/grote-maten-leren-dames-jassen-versano-pino-blauw\/"]}]},{"@type":"ImageObject","inLanguage":"fr-FR","@id":"https:\/\/versano.nl\/shop\/grote-maten-leren-dames-jassen-versano-pino-blauw\/#primaryimage","url":"https:\/\/versano.nl\/wp-content\/uploads\/2020\/04\/grote-maat-dames-leren-jas-blauw-Pino-Versano-voorkant.jpg","contentUrl":"https:\/\/versano.nl\/wp-content\/uploads\/2020\/04\/grote-maat-dames-leren-jas-blauw-Pino-Versano-voorkant.jpg","width":900,"height":1200,"caption":"grote maat leren dames jas Pino blauw Versano"},{"@type":"BreadcrumbList","@id":"https:\/\/versano.nl\/shop\/grote-maten-leren-dames-jassen-versano-pino-blauw\/#breadcrumb","itemListElement":[{"@type":"ListItem","position":1,"name":"Home","item":"https:\/\/versano.nl\/"},{"@type":"ListItem","position":2,"name":"Shop","item":"https:\/\/versano.nl\/shop\/"},{"@type":"ListItem","position":3,"name":"grote maat leren dames jas Pino blauw Versano"}]},{"@type":"WebSite","@id":"https:\/\/versano.nl\/#website","url":"https:\/\/versano.nl\/","name":"Versano","description":"manteaux d&#039;hiver avec col en fourrure | vestes femme en cuir | vestes en cuir pour hommes","potentialAction":[{"@type":"SearchAction","target":{"@type":"EntryPoint","urlTemplate":"https:\/\/versano.nl\/?s={search_term_string}"},"query-input":{"@type":"PropertyValueSpecification","valueRequired":true,"valueName":"search_term_string"}}],"inLanguage":"fr-FR"}]}},"_links":{"self":[{"href":"https:\/\/versano.nl\/fr\/wp-json\/wp\/v2\/product\/16241","targetHints":{"allow":["GET"]}}],"collection":[{"href":"https:\/\/versano.nl\/fr\/wp-json\/wp\/v2\/product"}],"about":[{"href":"https:\/\/versano.nl\/fr\/wp-json\/wp\/v2\/types\/product"}],"replies":[{"embeddable":true,"href":"https:\/\/versano.nl\/fr\/wp-json\/wp\/v2\/comments?post=16241"}],"wp:featuredmedia":[{"embeddable":true,"href":"https:\/\/versano.nl\/fr\/wp-json\/wp\/v2\/media\/16251"}],"wp:attachment":[{"href":"https:\/\/versano.nl\/fr\/wp-json\/wp\/v2\/media?parent=16241"}],"wp:term":[{"taxonomy":"product_brand","embeddable":true,"href":"https:\/\/versano.nl\/fr\/wp-json\/wp\/v2\/product_brand?post=16241"},{"taxonomy":"product_cat","embeddable":true,"href":"https:\/\/versano.nl\/fr\/wp-json\/wp\/v2\/product_cat?post=16241"},{"taxonomy":"product_tag","embeddable":true,"href":"https:\/\/versano.nl\/fr\/wp-json\/wp\/v2\/product_tag?post=16241"}],"curies":[{"name":"wp","href":"https:\/\/api.w.org\/{rel}","templated":true}]}}