{"id":16023,"date":"2020-04-10T20:20:29","date_gmt":"2020-04-10T20:20:29","guid":{"rendered":"https:\/\/versano.nl\/?post_type=product&#038;p=16023"},"modified":"2026-03-18T23:11:01","modified_gmt":"2026-03-18T23:11:01","slug":"leren-heren-jas-basic-bruin-versano-tr53","status":"publish","type":"product","link":"https:\/\/versano.nl\/fr\/shop\/leren-heren-jas-basic-bruin-versano-tr53\/","title":{"rendered":"Blouson cuir homme marron TR53 Versano"},"content":{"rendered":"<h2>Blouson cuir homme marron TR53 Versano<\/h2>\n<p style=\"margin: 0cm 0cm 16.5pt 0cm;\"><span style=\"font-size: 10.5pt; font-family: 'Arial',sans-serif; color: #282828;\">La Veste en cuir pour hommes marron TR53 Versano est une veste sup\u00e9rieure de Versano et faite de cuir d&#039;agneau doux et souple. Nous avons gard\u00e9 les choses assez simples avec cette veste, et c&#039;est la force de ce mod\u00e8le. La veste a 2 poches lat\u00e9rales et une poche int\u00e9rieure. La fermeture \u00e9clair de cette veste en cuir d&#039;agneau se prolonge jusque dans le col allong\u00e9. Le TR53 est disponible en noir, marron et cognac. Il s&#039;agit d&#039;une belle veste ajust\u00e9e qui est compl\u00e8tement de style italien. Si vous commandez cette veste chez nous, vous recevrez une veste qui restera belle toute une vie. La veste est en cuir d&#039;agneau et est de coupe slim italienne avec une belle coupe. C&#039;est une vraie veste pour homme, qui vous fera para\u00eetre brevet \u00e0 l&#039;avenir. A la recherche d&#039;une veste de tous les jours ? Alors vous pouvez avoir fi\u00e8re allure avec cette veste en cuir d&#039;agneau.<\/span><\/p>\n<h2 style=\"text-align: start; margin: 11.25pt 0cm 11.25pt 0cm;\"><span style=\"font-size: 15pt; font-family: Arial, sans-serif; color: #282828;\">Commander le mod\u00e8le TR 53 en marron<\/span><\/h2>\n<p style=\"text-align: start; margin: 0cm 0cm 16.5pt 0cm;\"><span style=\"font-size: 10.5pt; font-family: 'Arial',sans-serif; color: #282828;\">Cette veste en cuir pour homme fait partie de la nouvelle collection Versano. Cette veste en cuir est une veste de tous les jours et s&#039;adapte parfaitement \u00e0 votre corps. C&#039;est juste une belle veste basique pour toutes les saisons. fonctionne aussi bien que lors d&#039;une soir\u00e9e ou juste pour aller et revenir du travail\u00a0! Vous pouvez facilement commander ce mod\u00e8le sur notre site en cognac ou en d&#039;autres coloris vari\u00e9s comme le marron et le noir. Nous vous recommandons donc de simplement jeter un \u0153il \u00e0 la couleur qui, selon vous, convient le mieux \u00e0 votre propre style. Vous avez des questions ou vous ne savez pas quelle taille commander ? Ensuite, vous pouvez toujours nous contacter par mail ou WhatsApp. Nos employ\u00e9s aimeraient vous aider!<\/span><\/p>\n<p style=\"margin: 0cm; text-align: start;\"><span style=\"font-size: 10.5pt; font-family: 'Arial',sans-serif; color: #282828;\">marque:\u00a0<a style=\"color: inherit;\" href=\"https:\/\/versano.nl\/\"><span style=\"text-decoration: none;\">Versano<\/span><\/a><br \/>\nMati\u00e8re: 100% cuir d&#039;agneau<br \/>\nDoublure: 100% polyester<br \/>\nLongueur: court<br \/>\nCoupe : coupe ajust\u00e9e<br \/>\nFermeture: fermeture \u00e9clair<br \/>\nPoches: poches avec zip<br \/>\nCol: col montant<br \/>\nMat\u00e9riau couche ext\u00e9rieure: Tr\u00e8s haute qualit\u00e9 et doux en peau d&#039;agneau<br \/>\nD\u00e9lai de livraison : 2-3 jours ouvrables<\/span><\/p>","protected":false},"excerpt":{"rendered":"<p>CHOISISSEZ UNE AUTRE COULEUR ICI<\/p>\n<p><a href=\"https:\/\/versano.nl\/shop\/leren-heren-jas-basic-cognac-versano-tr53\/\"><img loading=\"lazy\" decoding=\"async\" class=\"alignnone size-full wp-image-19925\" src=\"https:\/\/versano.nl\/wp-content\/uploads\/sites\/2\/2020\/04\/lamsleren-herenjas-met-platte-kraag-cognac-tr53-thumb.jpg\" alt=\"\" width=\"56\" height=\"75\" \/><\/a><a href=\"https:\/\/versano.nl\/shop\/leren-heren-jas-basic-zwart-versano-tr53\/\"><img loading=\"lazy\" decoding=\"async\" class=\"alignnone size-full wp-image-19926\" src=\"https:\/\/versano.nl\/wp-content\/uploads\/sites\/2\/2020\/04\/lamsleren-herenjas-met-platte-kraag-zwart-tr53-thumb.jpg\" alt=\"\" width=\"56\" height=\"75\" \/><\/a><\/p>\n<p style=\"margin: 0cm 0cm 11.25pt 0cm;\"><span style=\"font-size: 10.5pt; font-family: 'Arial',sans-serif; color: red;\">Conseils d&#039;ajustement:\u00a0<\/span><span style=\"font-size: 10.5pt; font-family: 'Arial',sans-serif; color: #5d5d5d;\">La coupe de cette veste est ajust\u00e9e. Notre mannequin mesure 1,80 cm et porte une taille M.<\/span><\/p>\n<p style=\"margin: 0cm 0cm 11.25pt 0cm;\"><span style=\"font-size: 10.5pt; font-family: 'Arial',sans-serif; color: #5d5d5d;\">Si vous n&#039;\u00eates pas s\u00fbr de vos mesures, nous vous recommandons de commencer par mesurer vos mesures de taille et de les comparer avec notre tableau des tailles. Si vous n&#039;avez aucune exp\u00e9rience dans la mesure des tailles de circonf\u00e9rence, cliquez sur\u00a0<\/span><a href=\"https:\/\/www.youtube.com\/watch?v=3ZSfY87v6pM\"><em><span style=\"font-size: 10.5pt; font-family: 'Arial',sans-serif; text-decoration: none;\">ICI<\/span><\/em><span style=\"font-size: 10.5pt; font-family: 'Arial',sans-serif; text-decoration: none;\">\u00a0<\/span><\/a><span style=\"font-size: 10.5pt; font-family: 'Arial',sans-serif; color: #5d5d5d;\">\u00a0\u00e0\u00a0<\/span><a href=\"https:\/\/www.youtube.com\/watch?v=3ZSfY87v6pM\"><em><span style=\"font-size: 10.5pt; font-family: 'Arial',sans-serif; color: red; text-decoration: none;\">VIDEO<\/span><\/em><\/a><span style=\"font-size: 10.5pt; font-family: 'Arial',sans-serif; color: #5d5d5d;\">\u00a0 avec des instructions. Vous pouvez \u00e9galement nous appeler ou nous appliquer directement! Nos employ\u00e9s sont toujours disponibles pour vous aider.<\/span><\/p>\n<p style=\"margin: 0cm;\"><strong><span style=\"font-size: 10.5pt; font-family: 'Arial',sans-serif; color: #5d5d5d;\">HEURE DE LIVRAISON :<\/span><\/strong><span style=\"font-size: 10.5pt; font-family: 'Arial',sans-serif; color: #5d5d5d;\">\u00a02 \u00e0 3 jours ouvr\u00e9s.<\/span><\/p>","protected":false},"featured_media":33570,"comment_status":"closed","ping_status":"closed","template":"","meta":[],"product_brand":[],"product_cat":[1670,147,874,907,1671,908,1669,1712,910,882],"product_tag":[1765,1691,1761,1762,1760,1692,1763,1698,1766,1764,101,1697,1699,1708],"class_list":{"0":"post-16023","1":"product","2":"type-product","3":"status-publish","4":"has-post-thumbnail","6":"product_cat-heren-leren-jas","7":"product_cat-heren-leren-jassen","8":"product_cat-kort-leren-jasje","9":"product_cat-kort-leren-jasje-heren","10":"product_cat-leren-heren-jas","11":"product_cat-leren-heren-jassen","12":"product_cat-leren-jas-heren","13":"product_cat-leren-jassen","14":"product_cat-leren-jassen-heren","15":"product_cat-versano","16":"product_tag-bruine-zomerjas-heren","17":"product_tag-echt-leer-heren-jas","18":"product_tag-heren-jas-leer","19":"product_tag-heren-leren-jas-bruin","20":"product_tag-herencollectie-versano","21":"product_tag-lamsleer-heren-jas","22":"product_tag-leren-heren-jas-met-kraag","23":"product_tag-leren-heren-jas-sale","24":"product_tag-leren-jassen-uitverkoop","25":"product_tag-liggende-kraag-heren-leren-jas","26":"product_tag-online-leren-jassen","27":"product_tag-uitverkoop-heren-leren-jas","28":"product_tag-versano-heren-leren-jas","29":"product_tag-zomerjassen-heren","30":"tm-no-options","32":"first","33":"instock","34":"sale","35":"taxable","36":"shipping-taxable","37":"purchasable","38":"product-type-variable"},"yoast_head":"<!-- This site is optimized with the Yoast SEO plugin v27.2 - https:\/\/yoast.com\/product\/yoast-seo-wordpress\/ -->\n<title>Leren heren jas bruin TR53 Versano, bruine leren jas heren<\/title>\n<meta name=\"description\" content=\"Bent u opzoek naar een Leren heren jas bruin TR53 Versano, dan bent u bij ons aan het juiste adres voor leren jassen voor heren.\" \/>\n<meta name=\"robots\" content=\"index, follow, max-snippet:-1, max-image-preview:large, max-video-preview:-1\" \/>\n<link rel=\"canonical\" href=\"https:\/\/versano.nl\/fr\/shop\/leren-heren-jas-basic-bruin-versano-tr53\/\" \/>\n<meta property=\"og:locale\" content=\"fr_FR\" \/>\n<meta property=\"og:type\" content=\"article\" \/>\n<meta property=\"og:title\" content=\"Leren heren jas bruin TR53 Versano, bruine leren jas heren\" \/>\n<meta property=\"og:description\" content=\"Bent u opzoek naar een Leren heren jas bruin TR53 Versano, dan bent u bij ons aan het juiste adres voor leren jassen voor heren.\" \/>\n<meta property=\"og:url\" content=\"https:\/\/versano.nl\/fr\/shop\/leren-heren-jas-basic-bruin-versano-tr53\/\" \/>\n<meta property=\"og:site_name\" content=\"Versano\" \/>\n<meta property=\"article:modified_time\" content=\"2026-03-18T23:11:01+00:00\" \/>\n<meta property=\"og:image\" content=\"https:\/\/versano.nl\/wp-content\/uploads\/2020\/04\/tr53-bruin.jpg\" \/>\n\t<meta property=\"og:image:width\" content=\"600\" \/>\n\t<meta property=\"og:image:height\" content=\"800\" \/>\n\t<meta property=\"og:image:type\" content=\"image\/jpeg\" \/>\n<meta name=\"twitter:card\" content=\"summary_large_image\" \/>\n<meta name=\"twitter:label1\" content=\"Dur\u00e9e de lecture estim\u00e9e\" \/>\n\t<meta name=\"twitter:data1\" content=\"2 minutes\" \/>\n<script type=\"application\/ld+json\" class=\"yoast-schema-graph\">{\"@context\":\"https:\/\/schema.org\",\"@graph\":[{\"@type\":\"WebPage\",\"@id\":\"https:\/\/versano.nl\/shop\/leren-heren-jas-basic-bruin-versano-tr53\/\",\"url\":\"https:\/\/versano.nl\/shop\/leren-heren-jas-basic-bruin-versano-tr53\/\",\"name\":\"Leren heren jas bruin TR53 Versano, bruine leren jas heren\",\"isPartOf\":{\"@id\":\"https:\/\/versano.nl\/#website\"},\"primaryImageOfPage\":{\"@id\":\"https:\/\/versano.nl\/shop\/leren-heren-jas-basic-bruin-versano-tr53\/#primaryimage\"},\"image\":{\"@id\":\"https:\/\/versano.nl\/shop\/leren-heren-jas-basic-bruin-versano-tr53\/#primaryimage\"},\"thumbnailUrl\":\"https:\/\/versano.nl\/wp-content\/uploads\/2020\/04\/tr53-bruin.jpg\",\"datePublished\":\"2020-04-10T20:20:29+00:00\",\"dateModified\":\"2026-03-18T23:11:01+00:00\",\"description\":\"Bent u opzoek naar een Leren heren jas bruin TR53 Versano, dan bent u bij ons aan het juiste adres voor leren jassen voor heren.\",\"breadcrumb\":{\"@id\":\"https:\/\/versano.nl\/shop\/leren-heren-jas-basic-bruin-versano-tr53\/#breadcrumb\"},\"inLanguage\":\"fr-FR\",\"potentialAction\":[{\"@type\":\"ReadAction\",\"target\":[\"https:\/\/versano.nl\/shop\/leren-heren-jas-basic-bruin-versano-tr53\/\"]}]},{\"@type\":\"ImageObject\",\"inLanguage\":\"fr-FR\",\"@id\":\"https:\/\/versano.nl\/shop\/leren-heren-jas-basic-bruin-versano-tr53\/#primaryimage\",\"url\":\"https:\/\/versano.nl\/wp-content\/uploads\/2020\/04\/tr53-bruin.jpg\",\"contentUrl\":\"https:\/\/versano.nl\/wp-content\/uploads\/2020\/04\/tr53-bruin.jpg\",\"width\":600,\"height\":800},{\"@type\":\"BreadcrumbList\",\"@id\":\"https:\/\/versano.nl\/shop\/leren-heren-jas-basic-bruin-versano-tr53\/#breadcrumb\",\"itemListElement\":[{\"@type\":\"ListItem\",\"position\":1,\"name\":\"Home\",\"item\":\"https:\/\/versano.nl\/\"},{\"@type\":\"ListItem\",\"position\":2,\"name\":\"Shop\",\"item\":\"https:\/\/versano.nl\/shop\/\"},{\"@type\":\"ListItem\",\"position\":3,\"name\":\"Leren heren jas bruin TR53 Versano\"}]},{\"@type\":\"WebSite\",\"@id\":\"https:\/\/versano.nl\/#website\",\"url\":\"https:\/\/versano.nl\/\",\"name\":\"Versano\",\"description\":\"winterjassen met bontkraag | leren dames jassen | leren heren jassen\",\"potentialAction\":[{\"@type\":\"SearchAction\",\"target\":{\"@type\":\"EntryPoint\",\"urlTemplate\":\"https:\/\/versano.nl\/?s={search_term_string}\"},\"query-input\":{\"@type\":\"PropertyValueSpecification\",\"valueRequired\":true,\"valueName\":\"search_term_string\"}}],\"inLanguage\":\"fr-FR\"}]}<\/script>\n<!-- \/ Yoast SEO plugin. -->","yoast_head_json":{"title":"Blouson cuir homme marron TR53 Versano, Blouson cuir homme marron","description":"Vous cherchez un Blouson cuir homme marron TR53 Versano, alors vous \u00eates au bon endroit pour les blousons cuir homme.","robots":{"index":"index","follow":"follow","max-snippet":"max-snippet:-1","max-image-preview":"max-image-preview:large","max-video-preview":"max-video-preview:-1"},"canonical":"https:\/\/versano.nl\/fr\/shop\/leren-heren-jas-basic-bruin-versano-tr53\/","og_locale":"fr_FR","og_type":"article","og_title":"Leren heren jas bruin TR53 Versano, bruine leren jas heren","og_description":"Bent u opzoek naar een Leren heren jas bruin TR53 Versano, dan bent u bij ons aan het juiste adres voor leren jassen voor heren.","og_url":"https:\/\/versano.nl\/fr\/shop\/leren-heren-jas-basic-bruin-versano-tr53\/","og_site_name":"Versano","article_modified_time":"2026-03-18T23:11:01+00:00","og_image":[{"width":600,"height":800,"url":"https:\/\/versano.nl\/wp-content\/uploads\/2020\/04\/tr53-bruin.jpg","type":"image\/jpeg"}],"twitter_card":"summary_large_image","twitter_misc":{"Dur\u00e9e de lecture estim\u00e9e":"2 minutes"},"schema":{"@context":"https:\/\/schema.org","@graph":[{"@type":"WebPage","@id":"https:\/\/versano.nl\/shop\/leren-heren-jas-basic-bruin-versano-tr53\/","url":"https:\/\/versano.nl\/shop\/leren-heren-jas-basic-bruin-versano-tr53\/","name":"Blouson cuir homme marron TR53 Versano, Blouson cuir homme marron","isPartOf":{"@id":"https:\/\/versano.nl\/#website"},"primaryImageOfPage":{"@id":"https:\/\/versano.nl\/shop\/leren-heren-jas-basic-bruin-versano-tr53\/#primaryimage"},"image":{"@id":"https:\/\/versano.nl\/shop\/leren-heren-jas-basic-bruin-versano-tr53\/#primaryimage"},"thumbnailUrl":"https:\/\/versano.nl\/wp-content\/uploads\/2020\/04\/tr53-bruin.jpg","datePublished":"2020-04-10T20:20:29+00:00","dateModified":"2026-03-18T23:11:01+00:00","description":"Vous cherchez un Blouson cuir homme marron TR53 Versano, alors vous \u00eates au bon endroit pour les blousons cuir homme.","breadcrumb":{"@id":"https:\/\/versano.nl\/shop\/leren-heren-jas-basic-bruin-versano-tr53\/#breadcrumb"},"inLanguage":"fr-FR","potentialAction":[{"@type":"ReadAction","target":["https:\/\/versano.nl\/shop\/leren-heren-jas-basic-bruin-versano-tr53\/"]}]},{"@type":"ImageObject","inLanguage":"fr-FR","@id":"https:\/\/versano.nl\/shop\/leren-heren-jas-basic-bruin-versano-tr53\/#primaryimage","url":"https:\/\/versano.nl\/wp-content\/uploads\/2020\/04\/tr53-bruin.jpg","contentUrl":"https:\/\/versano.nl\/wp-content\/uploads\/2020\/04\/tr53-bruin.jpg","width":600,"height":800},{"@type":"BreadcrumbList","@id":"https:\/\/versano.nl\/shop\/leren-heren-jas-basic-bruin-versano-tr53\/#breadcrumb","itemListElement":[{"@type":"ListItem","position":1,"name":"Home","item":"https:\/\/versano.nl\/"},{"@type":"ListItem","position":2,"name":"Shop","item":"https:\/\/versano.nl\/shop\/"},{"@type":"ListItem","position":3,"name":"Leren heren jas bruin TR53 Versano"}]},{"@type":"WebSite","@id":"https:\/\/versano.nl\/#website","url":"https:\/\/versano.nl\/","name":"Versano","description":"manteaux d&#039;hiver avec col en fourrure | vestes femme en cuir | vestes en cuir pour hommes","potentialAction":[{"@type":"SearchAction","target":{"@type":"EntryPoint","urlTemplate":"https:\/\/versano.nl\/?s={search_term_string}"},"query-input":{"@type":"PropertyValueSpecification","valueRequired":true,"valueName":"search_term_string"}}],"inLanguage":"fr-FR"}]}},"_links":{"self":[{"href":"https:\/\/versano.nl\/fr\/wp-json\/wp\/v2\/product\/16023","targetHints":{"allow":["GET"]}}],"collection":[{"href":"https:\/\/versano.nl\/fr\/wp-json\/wp\/v2\/product"}],"about":[{"href":"https:\/\/versano.nl\/fr\/wp-json\/wp\/v2\/types\/product"}],"replies":[{"embeddable":true,"href":"https:\/\/versano.nl\/fr\/wp-json\/wp\/v2\/comments?post=16023"}],"wp:featuredmedia":[{"embeddable":true,"href":"https:\/\/versano.nl\/fr\/wp-json\/wp\/v2\/media\/33570"}],"wp:attachment":[{"href":"https:\/\/versano.nl\/fr\/wp-json\/wp\/v2\/media?parent=16023"}],"wp:term":[{"taxonomy":"product_brand","embeddable":true,"href":"https:\/\/versano.nl\/fr\/wp-json\/wp\/v2\/product_brand?post=16023"},{"taxonomy":"product_cat","embeddable":true,"href":"https:\/\/versano.nl\/fr\/wp-json\/wp\/v2\/product_cat?post=16023"},{"taxonomy":"product_tag","embeddable":true,"href":"https:\/\/versano.nl\/fr\/wp-json\/wp\/v2\/product_tag?post=16023"}],"curies":[{"name":"wp","href":"https:\/\/api.w.org\/{rel}","templated":true}]}}