{"id":13498,"date":"2019-11-17T10:32:50","date_gmt":"2019-11-17T10:32:50","guid":{"rendered":"https:\/\/versano.nl\/shop\/heren-piloten-winterjas-bontkraag-met-badges-wit-zwart-cobra-versano\/"},"modified":"2025-11-23T23:12:40","modified_gmt":"2025-11-23T23:12:40","slug":"piloten-heren-winterjas-wit-zwart-cobra-versano","status":"publish","type":"product","link":"https:\/\/versano.nl\/fr\/shop\/piloten-heren-winterjas-wit-zwart-cobra-versano\/","title":{"rendered":"veste d&#039;hiver pour hommes pilotes blanc-noir Cobra Versano"},"content":{"rendered":"<h2>veste d&#039;hiver pour hommes pilotes blanc-noir Cobra Versano<\/h2>\n<p><span style=\"font-size: 11.0pt; font-family: 'Arial',sans-serif;\">Cette veste d&#039;hiver pour hommes pilote cool blanc-noir Cobra Versano est magnifiquement finie avec des badges sur la poitrine, les bras et les poches lat\u00e9rales. Le bord inf\u00e9rieur et les manches de la veste ont une bande c\u00f4tel\u00e9e \u00e9lastique tricot\u00e9e, de sorte que la veste se ferme bien. Le col en fourrure de raton laveur est facultatif (\u00e0 commander s\u00e9par\u00e9ment). Bien entendu, le col en fourrure peut \u00e9galement \u00eatre command\u00e9 en fourrure artificielle de diff\u00e9rentes couleurs. Avec cette veste pilote pour hommes de Versano, vous obtenez une veste que vous appr\u00e9cierez certainement pendant longtemps. C&#039;est une veste avec laquelle vous pouvez \u00eatre s\u00fbr que vous l&#039;appr\u00e9cierez lorsque vous la sortirez par mauvais temps. Il vous garde au chaud et est si joliment con\u00e7u que vous attirerez certainement l&#039;attention avec lui. La veste a une coupe slim et est \u00e9galement disponible en noir et blanc et noir.<\/span><\/p>\n<h2><span style=\"font-size: 11.0pt; font-family: 'Arial',sans-serif;\">Commandez le mod\u00e8le Cobra en noir et blanc<\/span><\/h2>\n<p><span style=\"font-size: 11.0pt; font-family: 'Arial',sans-serif;\">Avec la veste d&#039;hiver pour hommes pilotes Cobra Versano blanc-noir, vous pouvez \u00eatre s\u00fbr que vous l&#039;aurez tout l&#039;hiver. Vous pouvez facilement commander ce mod\u00e8le dans la boutique en ligne Versano. Nous avons rassembl\u00e9 ici toutes nos vestes pour que vous puissiez facilement passer une commande. Chez Versano, vous pouvez toujours \u00eatre s\u00fbr que vous achetez un beau manteau qui a \u00e9t\u00e9 travaill\u00e9 avec soin. Avec nous, vous pouvez facilement choisir la bonne taille en fonction de nos vid\u00e9os d&#039;instructions intelligentes. Vous avez des questions ou vous ne savez pas quelle taille commander ? Ensuite, vous pouvez toujours nous contacter par mail ou WhatsApp. Nos employ\u00e9s aimeraient vous aider!<\/span><\/p>\n<p><span style=\"font-size: 11.0pt; font-family: 'Arial',sans-serif;\">\u00a0<\/span><\/p>\n<p><span style=\"font-size: 11.0pt; font-family: 'Arial',sans-serif;\">marque: <a title=\"Versano\" href=\"https:\/\/versano.nl\/\" target=\"_blank\" rel=\"noopener noreferrer\">Versano<\/a><br \/>\nLongueur: court<br \/>\nCoupe: ajust\u00e9e<br \/>\nDoublure: 100% polyester<br \/>\n\u00e9paisseur Doublure: 200 grammes align\u00e9s \u00e9pais<br \/>\nLongueur des manches: manches longues<br \/>\nCapuche: doubl\u00e9e, solide<br \/>\nLes plus: coutures renforc\u00e9es<br \/>\nFermeture: fermeture \u00e9clair avec rabat de protection et ceinture<br \/>\nPoches: poches lat\u00e9rales \u00e0 l&#039;int\u00e9rieur,<br \/>\nFonction: imperm\u00e9able, coupe-vent<br \/>\nmat\u00e9riau couche ext\u00e9rieure: 100% polyester<br \/>\nAccessoires: col de fourrure (en option)<\/span><\/p>\n<p><span style=\"font-size: 11.0pt; font-family: 'Arial',sans-serif;\">D\u00e9lai de livraison: 2-3 jours ouvrables<\/span><\/p>\n<p><strong>EN OPTION: REAL FUR BAGUE RATON ART DE RACCOON FOURRURE<\/strong><\/p>","protected":false},"excerpt":{"rendered":"<p>CHOISISSEZ UNE AUTRE COULEUR ICI<\/p>\n<p><a href=\"https:\/\/versano.nl\/shop\/heren-winterjas-bontkraag-piloten-model-versano-effen-groen\/\"><img loading=\"lazy\" decoding=\"async\" class=\"alignnone size-full wp-image-19708\" src=\"https:\/\/versano.nl\/wp-content\/uploads\/sites\/2\/2019\/11\/heren-winterjas-met-bontkraag-groen-piloten-model-versano-thumb.jpg\" alt=\"\" width=\"57\" height=\"75\" \/><\/a><a href=\"https:\/\/versano.nl\/shop\/heren-winterjas-bontkraag-met-badges-cobra-versano-zwart\/\"><img loading=\"lazy\" decoding=\"async\" class=\"alignnone size-full wp-image-19709\" src=\"https:\/\/versano.nl\/wp-content\/uploads\/sites\/2\/2019\/11\/heren-winterjas-met-bontkraag-zwart-piloten-model-versano-thumb.jpg\" alt=\"\" width=\"57\" height=\"75\" \/><\/a><\/p>\n<p style=\"background: white; margin: 0cm 0cm 15.0pt 0cm;\"><strong><span style=\"font-size: 9.5pt; font-family: 'Arial',sans-serif; color: red;\">Conseils d&#039;ajustement:\u00a0<\/span><\/strong><span style=\"font-size: 9.5pt; font-family: 'Arial',sans-serif; color: #555555;\">La coupe de cette veste est ajust\u00e9e. Notre mannequin mesure 1,80 cm et porte une taille M.<\/span><\/p>\n<p style=\"background: white; box-sizing: border-box; text-rendering: optimizelegibility; font-variant-ligatures: normal; font-variant-caps: normal; orphans: 2; text-align: start; widows: 2; -webkit-text-stroke-width: 0px; text-decoration-thickness: initial; text-decoration-style: initial; text-decoration-color: initial; word-spacing: 0px; margin: 0cm 0cm 15.0pt 0cm;\"><span style=\"font-size: 9.5pt; font-family: 'Arial',sans-serif; color: #555555;\">Si vous n&#039;\u00eates pas s\u00fbr de vos mesures, nous vous recommandons de commencer par mesurer vos mesures de taille et de les comparer avec notre tableau des tailles. Si vous n&#039;avez aucune exp\u00e9rience dans la mesure des tailles de circonf\u00e9rence, cliquez sur\u00a0<a style=\"box-sizing: border-box; line-height: inherit;\" href=\"https:\/\/www.youtube.com\/watch?v=3ZSfY87v6pM\"><em style=\"box-sizing: border-box; line-height: inherit;\"><span style=\"font-family: 'Arial',sans-serif; color: #333333; text-decoration: none; text-underline: none;\">ICI<\/span><\/em><span style=\"color: #333333;\">\u00a0<\/span><\/a>\u00a0\u00e0\u00a0<\/span><span style=\"box-sizing: border-box;\"><span style=\"font-size: 9.5pt; font-family: 'Arial',sans-serif; color: red;\"><a style=\"box-sizing: border-box; line-height: inherit;\" href=\"https:\/\/www.youtube.com\/watch?v=3ZSfY87v6pM\"><em style=\"box-sizing: border-box; line-height: inherit;\"><span style=\"font-family: 'Arial',sans-serif; color: red; text-decoration: none; text-underline: none;\">VIDEO<\/span><\/em><\/a><\/span><\/span><span style=\"font-size: 9.5pt; font-family: 'Arial',sans-serif; color: #555555;\">\u00a0 avec des instructions. Vous pouvez \u00e9galement nous appeler ou nous appliquer directement! Nos employ\u00e9s sont toujours disponibles pour vous aider.<\/span><\/p>\n<p style=\"background: white; box-sizing: border-box; text-rendering: optimizelegibility; font-variant-ligatures: normal; font-variant-caps: normal; orphans: 2; text-align: start; widows: 2; -webkit-text-stroke-width: 0px; text-decoration-thickness: initial; text-decoration-style: initial; text-decoration-color: initial; word-spacing: 0px; margin: 0cm 0cm 15.0pt 0cm;\"><strong style=\"box-sizing: border-box; line-height: inherit;\"><span style=\"font-size: 9.5pt; font-family: 'Arial',sans-serif; color: #555555;\">HEURE DE LIVRAISON :<\/span><\/strong><span style=\"font-size: 9.5pt; font-family: 'Arial',sans-serif; color: #555555;\">\u00a02 \u00e0 3 jours ouvr\u00e9s.<\/span><\/p>\n<p style=\"background: white; box-sizing: border-box; text-rendering: optimizelegibility; font-variant-ligatures: normal; font-variant-caps: normal; orphans: 2; text-align: start; widows: 2; -webkit-text-stroke-width: 0px; text-decoration-thickness: initial; text-decoration-style: initial; text-decoration-color: initial; word-spacing: 0px; margin: 0cm 0cm 15.0pt 0cm;\"><span style=\"box-sizing: border-box;\"><span style=\"font-size: 9.5pt; font-family: 'Arial',sans-serif; color: red;\">INFORMATION IMPORTANTE:<\/span><\/span><span style=\"font-size: 9.5pt; font-family: 'Arial',sans-serif; color: #555555;\">\u00a0Vous pouvez acheter n&#039;importe quelle veste Versano avec ou sans col en fourrure, le col en fourrure n&#039;est pas inclus.<\/span><\/p>\n<p>&nbsp;<\/p>\n<p>&nbsp;<\/p>","protected":false},"featured_media":13495,"comment_status":"closed","ping_status":"closed","template":"","meta":[],"product_brand":[],"product_cat":[1403,231,1146,1596,1601,1605,2060,1037,1080,882,1143,1147,1041,1081,1404,1082,1547],"product_tag":[313,314,1200,1608,1325,1185,1610,1197,1609,1198,1199],"class_list":{"0":"post-13498","1":"product","2":"type-product","3":"status-publish","4":"has-post-thumbnail","6":"product_cat-bontkraag-jas","7":"product_cat-heren-jassen-met-bontkraag","8":"product_cat-heren-winterjas","9":"product_cat-heren-winterjas-met-bontkraag","10":"product_cat-heren-winterjas-met-pels","11":"product_cat-heren-winterjas-parka","12":"product_cat-heren-winterjassen","13":"product_cat-jas-met-bontkraag","14":"product_cat-jas-met-bontkraag-heren","15":"product_cat-versano","16":"product_cat-winterjas","17":"product_cat-winterjas-heren","18":"product_cat-winterjas-met-bontkraag","19":"product_cat-winterjas-met-bontkraag-heren","20":"product_cat-winterjassen","21":"product_cat-winterjassen-met-bontkraag-heren","22":"product_cat-winterjassen-heren","23":"product_tag-bontjassen","24":"product_tag-bontjassen-voor-heren","25":"product_tag-piloten-heren-winterjas-wit-met-zwart","26":"product_tag-piloten-jas-met-kraag","27":"product_tag-versano-winterjassen","28":"product_tag-winterjas-heren","29":"product_tag-winterjas-heren-met-kraag","30":"product_tag-winterjas-heren-wit","31":"product_tag-winterjas-met-kraag","32":"product_tag-witte-heren-winterjas","33":"product_tag-zwart-witte-heren-winterjas","34":"tm-has-options","36":"first","37":"instock","38":"taxable","39":"shipping-taxable","40":"purchasable","41":"product-type-variable"},"yoast_head":"<!-- This site is optimized with the Yoast SEO plugin v27.2 - https:\/\/yoast.com\/product\/yoast-seo-wordpress\/ -->\n<title>piloten heren winterjas wit-zwart Cobra Versano , heren piloten jas<\/title>\n<meta name=\"description\" content=\"Ben je op zoek naar een piloten heren winterjas met badges wit-zwart Cobra Versano, dan zit bij versano.nl aan het juiste adres.\" \/>\n<meta name=\"robots\" content=\"index, follow, max-snippet:-1, max-image-preview:large, max-video-preview:-1\" \/>\n<link rel=\"canonical\" href=\"https:\/\/versano.nl\/fr\/shop\/piloten-heren-winterjas-wit-zwart-cobra-versano\/\" \/>\n<meta property=\"og:locale\" content=\"fr_FR\" \/>\n<meta property=\"og:type\" content=\"article\" \/>\n<meta property=\"og:title\" content=\"piloten heren winterjas wit-zwart Cobra Versano , heren piloten jas\" \/>\n<meta property=\"og:description\" content=\"Ben je op zoek naar een piloten heren winterjas met badges wit-zwart Cobra Versano, dan zit bij versano.nl aan het juiste adres.\" \/>\n<meta property=\"og:url\" content=\"https:\/\/versano.nl\/fr\/shop\/piloten-heren-winterjas-wit-zwart-cobra-versano\/\" \/>\n<meta property=\"og:site_name\" content=\"Versano\" \/>\n<meta property=\"article:modified_time\" content=\"2025-11-23T23:12:40+00:00\" \/>\n<meta property=\"og:image\" content=\"https:\/\/versano.nl\/wp-content\/uploads\/2019\/11\/heren-winter-pitotenjack-wit-zwart-cobra-versano-voorkant.jpg\" \/>\n\t<meta property=\"og:image:width\" content=\"900\" \/>\n\t<meta property=\"og:image:height\" content=\"1176\" \/>\n\t<meta property=\"og:image:type\" content=\"image\/jpeg\" \/>\n<meta name=\"twitter:card\" content=\"summary_large_image\" \/>\n<meta name=\"twitter:label1\" content=\"Dur\u00e9e de lecture estim\u00e9e\" \/>\n\t<meta name=\"twitter:data1\" content=\"2 minutes\" \/>\n<script type=\"application\/ld+json\" class=\"yoast-schema-graph\">{\"@context\":\"https:\/\/schema.org\",\"@graph\":[{\"@type\":\"WebPage\",\"@id\":\"https:\/\/versano.nl\/shop\/piloten-heren-winterjas-wit-zwart-cobra-versano\/\",\"url\":\"https:\/\/versano.nl\/shop\/piloten-heren-winterjas-wit-zwart-cobra-versano\/\",\"name\":\"piloten heren winterjas wit-zwart Cobra Versano , heren piloten jas\",\"isPartOf\":{\"@id\":\"https:\/\/versano.nl\/#website\"},\"primaryImageOfPage\":{\"@id\":\"https:\/\/versano.nl\/shop\/piloten-heren-winterjas-wit-zwart-cobra-versano\/#primaryimage\"},\"image\":{\"@id\":\"https:\/\/versano.nl\/shop\/piloten-heren-winterjas-wit-zwart-cobra-versano\/#primaryimage\"},\"thumbnailUrl\":\"https:\/\/versano.nl\/wp-content\/uploads\/2019\/11\/heren-winter-pitotenjack-wit-zwart-cobra-versano-voorkant.jpg\",\"datePublished\":\"2019-11-17T10:32:50+00:00\",\"dateModified\":\"2025-11-23T23:12:40+00:00\",\"description\":\"Ben je op zoek naar een piloten heren winterjas met badges wit-zwart Cobra Versano, dan zit bij versano.nl aan het juiste adres.\",\"breadcrumb\":{\"@id\":\"https:\/\/versano.nl\/shop\/piloten-heren-winterjas-wit-zwart-cobra-versano\/#breadcrumb\"},\"inLanguage\":\"fr-FR\",\"potentialAction\":[{\"@type\":\"ReadAction\",\"target\":[\"https:\/\/versano.nl\/shop\/piloten-heren-winterjas-wit-zwart-cobra-versano\/\"]}]},{\"@type\":\"ImageObject\",\"inLanguage\":\"fr-FR\",\"@id\":\"https:\/\/versano.nl\/shop\/piloten-heren-winterjas-wit-zwart-cobra-versano\/#primaryimage\",\"url\":\"https:\/\/versano.nl\/wp-content\/uploads\/2019\/11\/heren-winter-pitotenjack-wit-zwart-cobra-versano-voorkant.jpg\",\"contentUrl\":\"https:\/\/versano.nl\/wp-content\/uploads\/2019\/11\/heren-winter-pitotenjack-wit-zwart-cobra-versano-voorkant.jpg\",\"width\":900,\"height\":1176,\"caption\":\"piloten heren winterjas wit-zwart Cobra Versano\"},{\"@type\":\"BreadcrumbList\",\"@id\":\"https:\/\/versano.nl\/shop\/piloten-heren-winterjas-wit-zwart-cobra-versano\/#breadcrumb\",\"itemListElement\":[{\"@type\":\"ListItem\",\"position\":1,\"name\":\"Home\",\"item\":\"https:\/\/versano.nl\/\"},{\"@type\":\"ListItem\",\"position\":2,\"name\":\"Shop\",\"item\":\"https:\/\/versano.nl\/shop\/\"},{\"@type\":\"ListItem\",\"position\":3,\"name\":\"piloten heren winterjas wit-zwart Cobra Versano\"}]},{\"@type\":\"WebSite\",\"@id\":\"https:\/\/versano.nl\/#website\",\"url\":\"https:\/\/versano.nl\/\",\"name\":\"Versano\",\"description\":\"winterjassen met bontkraag | leren dames jassen | leren heren jassen\",\"potentialAction\":[{\"@type\":\"SearchAction\",\"target\":{\"@type\":\"EntryPoint\",\"urlTemplate\":\"https:\/\/versano.nl\/?s={search_term_string}\"},\"query-input\":{\"@type\":\"PropertyValueSpecification\",\"valueRequired\":true,\"valueName\":\"search_term_string\"}}],\"inLanguage\":\"fr-FR\"}]}<\/script>\n<!-- \/ Yoast SEO plugin. -->","yoast_head_json":{"title":"veste d&#039;hiver pour hommes pilote blanc-noir Cobra Versano, veste de pilote pour hommes","description":"Si vous recherchez une veste d&#039;hiver pour hommes pilote avec des badges Cobra Versano blanc-noir, vous \u00eates au bon endroit sur versano.nl.","robots":{"index":"index","follow":"follow","max-snippet":"max-snippet:-1","max-image-preview":"max-image-preview:large","max-video-preview":"max-video-preview:-1"},"canonical":"https:\/\/versano.nl\/fr\/shop\/piloten-heren-winterjas-wit-zwart-cobra-versano\/","og_locale":"fr_FR","og_type":"article","og_title":"piloten heren winterjas wit-zwart Cobra Versano , heren piloten jas","og_description":"Ben je op zoek naar een piloten heren winterjas met badges wit-zwart Cobra Versano, dan zit bij versano.nl aan het juiste adres.","og_url":"https:\/\/versano.nl\/fr\/shop\/piloten-heren-winterjas-wit-zwart-cobra-versano\/","og_site_name":"Versano","article_modified_time":"2025-11-23T23:12:40+00:00","og_image":[{"width":900,"height":1176,"url":"https:\/\/versano.nl\/wp-content\/uploads\/2019\/11\/heren-winter-pitotenjack-wit-zwart-cobra-versano-voorkant.jpg","type":"image\/jpeg"}],"twitter_card":"summary_large_image","twitter_misc":{"Dur\u00e9e de lecture estim\u00e9e":"2 minutes"},"schema":{"@context":"https:\/\/schema.org","@graph":[{"@type":"WebPage","@id":"https:\/\/versano.nl\/shop\/piloten-heren-winterjas-wit-zwart-cobra-versano\/","url":"https:\/\/versano.nl\/shop\/piloten-heren-winterjas-wit-zwart-cobra-versano\/","name":"veste d&#039;hiver pour hommes pilote blanc-noir Cobra Versano, veste de pilote pour hommes","isPartOf":{"@id":"https:\/\/versano.nl\/#website"},"primaryImageOfPage":{"@id":"https:\/\/versano.nl\/shop\/piloten-heren-winterjas-wit-zwart-cobra-versano\/#primaryimage"},"image":{"@id":"https:\/\/versano.nl\/shop\/piloten-heren-winterjas-wit-zwart-cobra-versano\/#primaryimage"},"thumbnailUrl":"https:\/\/versano.nl\/wp-content\/uploads\/2019\/11\/heren-winter-pitotenjack-wit-zwart-cobra-versano-voorkant.jpg","datePublished":"2019-11-17T10:32:50+00:00","dateModified":"2025-11-23T23:12:40+00:00","description":"Si vous recherchez une veste d&#039;hiver pour hommes pilote avec des badges Cobra Versano blanc-noir, vous \u00eates au bon endroit sur versano.nl.","breadcrumb":{"@id":"https:\/\/versano.nl\/shop\/piloten-heren-winterjas-wit-zwart-cobra-versano\/#breadcrumb"},"inLanguage":"fr-FR","potentialAction":[{"@type":"ReadAction","target":["https:\/\/versano.nl\/shop\/piloten-heren-winterjas-wit-zwart-cobra-versano\/"]}]},{"@type":"ImageObject","inLanguage":"fr-FR","@id":"https:\/\/versano.nl\/shop\/piloten-heren-winterjas-wit-zwart-cobra-versano\/#primaryimage","url":"https:\/\/versano.nl\/wp-content\/uploads\/2019\/11\/heren-winter-pitotenjack-wit-zwart-cobra-versano-voorkant.jpg","contentUrl":"https:\/\/versano.nl\/wp-content\/uploads\/2019\/11\/heren-winter-pitotenjack-wit-zwart-cobra-versano-voorkant.jpg","width":900,"height":1176,"caption":"piloten heren winterjas wit-zwart Cobra Versano"},{"@type":"BreadcrumbList","@id":"https:\/\/versano.nl\/shop\/piloten-heren-winterjas-wit-zwart-cobra-versano\/#breadcrumb","itemListElement":[{"@type":"ListItem","position":1,"name":"Home","item":"https:\/\/versano.nl\/"},{"@type":"ListItem","position":2,"name":"Shop","item":"https:\/\/versano.nl\/shop\/"},{"@type":"ListItem","position":3,"name":"piloten heren winterjas wit-zwart Cobra Versano"}]},{"@type":"WebSite","@id":"https:\/\/versano.nl\/#website","url":"https:\/\/versano.nl\/","name":"Versano","description":"manteaux d&#039;hiver avec col en fourrure | vestes femme en cuir | vestes en cuir pour hommes","potentialAction":[{"@type":"SearchAction","target":{"@type":"EntryPoint","urlTemplate":"https:\/\/versano.nl\/?s={search_term_string}"},"query-input":{"@type":"PropertyValueSpecification","valueRequired":true,"valueName":"search_term_string"}}],"inLanguage":"fr-FR"}]}},"_links":{"self":[{"href":"https:\/\/versano.nl\/fr\/wp-json\/wp\/v2\/product\/13498","targetHints":{"allow":["GET"]}}],"collection":[{"href":"https:\/\/versano.nl\/fr\/wp-json\/wp\/v2\/product"}],"about":[{"href":"https:\/\/versano.nl\/fr\/wp-json\/wp\/v2\/types\/product"}],"replies":[{"embeddable":true,"href":"https:\/\/versano.nl\/fr\/wp-json\/wp\/v2\/comments?post=13498"}],"wp:featuredmedia":[{"embeddable":true,"href":"https:\/\/versano.nl\/fr\/wp-json\/wp\/v2\/media\/13495"}],"wp:attachment":[{"href":"https:\/\/versano.nl\/fr\/wp-json\/wp\/v2\/media?parent=13498"}],"wp:term":[{"taxonomy":"product_brand","embeddable":true,"href":"https:\/\/versano.nl\/fr\/wp-json\/wp\/v2\/product_brand?post=13498"},{"taxonomy":"product_cat","embeddable":true,"href":"https:\/\/versano.nl\/fr\/wp-json\/wp\/v2\/product_cat?post=13498"},{"taxonomy":"product_tag","embeddable":true,"href":"https:\/\/versano.nl\/fr\/wp-json\/wp\/v2\/product_tag?post=13498"}],"curies":[{"name":"wp","href":"https:\/\/api.w.org\/{rel}","templated":true}]}}