{"id":1330,"date":"2014-12-02T06:24:24","date_gmt":"2014-12-02T06:24:24","guid":{"rendered":"http:\/\/leathershopdoci.nl\/shop\/versano-dames-leren-jas-311-rood\/"},"modified":"2024-12-13T12:10:21","modified_gmt":"2024-12-13T12:10:21","slug":"dames-leren-jas-versano-311-rood","status":"publish","type":"product","link":"https:\/\/versano.nl\/fr\/shop\/dames-leren-jas-versano-311-rood\/","title":{"rendered":"dames rouge veste de motard Versano"},"content":{"rendered":"<h2>dames rouge veste de motard Versano<\/h2>\n<p>Mesdames, \u00e0 la recherche d&#039;une belle nouvelle couche? Si vous voulez encore une fois une couleur diff\u00e9rente pour votre manteau, une couleur que vous remarquez quelque chose de plus, nous recommandons la veste de motard dames rouge Versano. Ceci est une veste qui est parfait et vous aussi vous porterez avec plaisir. Nous vous encourageons \u00e0 consid\u00e9rer ce manteau en voir les d\u00e9tails. C&#039;est une veste de motard qui ne peut manquer si vous \u00eates juste une nuit sortir avec. Cette veste est exceptionnellement bien fini, \u00e0 travers, entre autres boucles sur la taille et de multiples poches. Nous parlons de deux grandes poches et une poche utile.<\/p>\n<p><strong>La veste de motard de base solide pour vous<\/strong><br \/>\nCette veste en cuir 311 dames rouge Versano est enti\u00e8rement en cuir d&#039;agneau doux. Ceci est un mat\u00e9riau qui est non seulement parfait, il est aussi un mat\u00e9riau qui se sent bien. Il est solide, vous pouvez continuer \u00e0 laver sans le style de la veste est affect\u00e9e. Il ne fait qu&#039;ajouter \u00e0 l&#039;aspect r\u00e9tro cool qui irradie cette veste. Il est une veste qui est disponible seulement en rouge, mais aussi dans les couleurs noir et cognac.<\/p>\n<p>marque: <a href=\"https:\/\/versano.nl\/\" target=\"_blank\" rel=\"noopener noreferrer\">Versano<\/a><br \/>\nMati\u00e8re: 100% cuir d&#039;agneau<br \/>\nDoublure: 100% polyester<br \/>\nLongueur: court<br \/>\nFit: bon<br \/>\nFermeture: fermeture \u00e9clair<br \/>\nPoches: poches avec zip<br \/>\nCol: col vers le bas<br \/>\ncouche externe Mat\u00e9riel: haute qualit\u00e9 et doux en peau d&#039;agneau<br \/>\nTemps: 1-3 jours<\/p>","protected":false},"excerpt":{"rendered":"<p>Rode dames biker jack van Versano Dames, op zoek naar een mooie nieuwe jas? Als u nu eens een keer een andere kleur wilt voor uw jas, een kleur waarmee u iets meer opvalt, dan raden wij deze Rode dames biker jack van Versano aan. Dit is een jas die [&hellip;]<\/p>\n","protected":false},"featured_media":14019,"comment_status":"closed","ping_status":"closed","template":"","meta":[],"product_brand":[],"product_cat":[90],"product_tag":[365,366,95,96,368,99,369,370,142,371,101,372,373,374,103,375,106,107],"class_list":{"0":"post-1330","1":"product","2":"type-product","3":"status-publish","4":"has-post-thumbnail","6":"product_cat-dames-leren-jassen","7":"product_tag-bikerjack-dames-rood","8":"product_tag-dames-bikerjack-rood","9":"product_tag-korte-leren-jassen","10":"product_tag-leren-dames-jas-rood","11":"product_tag-leren-jas-dames-rood","12":"product_tag-leren-jasje-rood","13":"product_tag-leren-jassen-dames-rood","14":"product_tag-leren-jassen-rood","15":"product_tag-online-dames-leren-jassen","16":"product_tag-online-dames-leren-jassen-rood","17":"product_tag-online-leren-jassen","18":"product_tag-online-rode-dames-bikerjack","19":"product_tag-rode-dames-bikerjack","20":"product_tag-rode-leren-dames-bikerjack","21":"product_tag-rode-leren-dames-jas","22":"product_tag-rode-leren-jassen","23":"product_tag-winter-leren-jassen","24":"product_tag-zomer-leren-jassen","25":"tm-no-options","27":"first","28":"instock","29":"taxable","30":"shipping-taxable","31":"product-type-variable"},"yoast_head":"<!-- This site is optimized with the Yoast SEO plugin v27.2 - https:\/\/yoast.com\/product\/yoast-seo-wordpress\/ -->\n<title>Rode dames biker jack van Versano, leren dames biker jack rood,<\/title>\n<meta name=\"description\" content=\"de rode dames biker jack van Versano mag je echt niet missen in je garderobe. De jas is gemaakt van lamsleer, en is mooi Italiaans getailleerd.\" \/>\n<meta name=\"robots\" content=\"index, follow, max-snippet:-1, max-image-preview:large, max-video-preview:-1\" \/>\n<link rel=\"canonical\" href=\"https:\/\/versano.nl\/fr\/shop\/dames-leren-jas-versano-311-rood\/\" \/>\n<meta property=\"og:locale\" content=\"fr_FR\" \/>\n<meta property=\"og:type\" content=\"article\" \/>\n<meta property=\"og:title\" content=\"Rode dames biker jack van Versano, leren dames biker jack rood,\" \/>\n<meta property=\"og:description\" content=\"de rode dames biker jack van Versano mag je echt niet missen in je garderobe. De jas is gemaakt van lamsleer, en is mooi Italiaans getailleerd.\" \/>\n<meta property=\"og:url\" content=\"https:\/\/versano.nl\/fr\/shop\/dames-leren-jas-versano-311-rood\/\" \/>\n<meta property=\"og:site_name\" content=\"Versano\" \/>\n<meta property=\"article:modified_time\" content=\"2024-12-13T12:10:21+00:00\" \/>\n<meta property=\"og:image\" content=\"https:\/\/versano.nl\/wp-content\/uploads\/2019\/11\/leren-bikerjack-dames-rood-versano-311-model2.jpg\" \/>\n\t<meta property=\"og:image:width\" content=\"900\" \/>\n\t<meta property=\"og:image:height\" content=\"1176\" \/>\n\t<meta property=\"og:image:type\" content=\"image\/jpeg\" \/>\n<meta name=\"twitter:card\" content=\"summary_large_image\" \/>\n<meta name=\"twitter:label1\" content=\"Dur\u00e9e de lecture estim\u00e9e\" \/>\n\t<meta name=\"twitter:data1\" content=\"1 minute\" \/>\n<script type=\"application\/ld+json\" class=\"yoast-schema-graph\">{\"@context\":\"https:\/\/schema.org\",\"@graph\":[{\"@type\":\"WebPage\",\"@id\":\"https:\/\/versano.nl\/shop\/dames-leren-jas-versano-311-rood\/\",\"url\":\"https:\/\/versano.nl\/shop\/dames-leren-jas-versano-311-rood\/\",\"name\":\"Rode dames biker jack van Versano, leren dames biker jack rood,\",\"isPartOf\":{\"@id\":\"https:\/\/versano.nl\/#website\"},\"primaryImageOfPage\":{\"@id\":\"https:\/\/versano.nl\/shop\/dames-leren-jas-versano-311-rood\/#primaryimage\"},\"image\":{\"@id\":\"https:\/\/versano.nl\/shop\/dames-leren-jas-versano-311-rood\/#primaryimage\"},\"thumbnailUrl\":\"https:\/\/versano.nl\/wp-content\/uploads\/2019\/11\/leren-bikerjack-dames-rood-versano-311-model2.jpg\",\"datePublished\":\"2014-12-02T06:24:24+00:00\",\"dateModified\":\"2024-12-13T12:10:21+00:00\",\"description\":\"de rode dames biker jack van Versano mag je echt niet missen in je garderobe. De jas is gemaakt van lamsleer, en is mooi Italiaans getailleerd.\",\"breadcrumb\":{\"@id\":\"https:\/\/versano.nl\/shop\/dames-leren-jas-versano-311-rood\/#breadcrumb\"},\"inLanguage\":\"fr-FR\",\"potentialAction\":[{\"@type\":\"ReadAction\",\"target\":[\"https:\/\/versano.nl\/shop\/dames-leren-jas-versano-311-rood\/\"]}]},{\"@type\":\"ImageObject\",\"inLanguage\":\"fr-FR\",\"@id\":\"https:\/\/versano.nl\/shop\/dames-leren-jas-versano-311-rood\/#primaryimage\",\"url\":\"https:\/\/versano.nl\/wp-content\/uploads\/2019\/11\/leren-bikerjack-dames-rood-versano-311-model2.jpg\",\"contentUrl\":\"https:\/\/versano.nl\/wp-content\/uploads\/2019\/11\/leren-bikerjack-dames-rood-versano-311-model2.jpg\",\"width\":900,\"height\":1176,\"caption\":\"leren-bikerjack-dames-rood-versano-311-model2\"},{\"@type\":\"BreadcrumbList\",\"@id\":\"https:\/\/versano.nl\/shop\/dames-leren-jas-versano-311-rood\/#breadcrumb\",\"itemListElement\":[{\"@type\":\"ListItem\",\"position\":1,\"name\":\"Home\",\"item\":\"https:\/\/versano.nl\/\"},{\"@type\":\"ListItem\",\"position\":2,\"name\":\"Shop\",\"item\":\"https:\/\/versano.nl\/shop\/\"},{\"@type\":\"ListItem\",\"position\":3,\"name\":\"Rode dames biker jack van Versano\"}]},{\"@type\":\"WebSite\",\"@id\":\"https:\/\/versano.nl\/#website\",\"url\":\"https:\/\/versano.nl\/\",\"name\":\"Versano\",\"description\":\"winterjassen met bontkraag | leren dames jassen | leren heren jassen\",\"potentialAction\":[{\"@type\":\"SearchAction\",\"target\":{\"@type\":\"EntryPoint\",\"urlTemplate\":\"https:\/\/versano.nl\/?s={search_term_string}\"},\"query-input\":{\"@type\":\"PropertyValueSpecification\",\"valueRequired\":true,\"valueName\":\"search_term_string\"}}],\"inLanguage\":\"fr-FR\"}]}<\/script>\n<!-- \/ Yoast SEO plugin. -->","yoast_head_json":{"title":"Veste de motard rouge Versano pour femme, veste de motard en cuir rouge","description":"Dans votre garde-robe, vous ne pouvez pas manquer la veste motard femme rouge de Versano. La veste est en cuir d&#039;agneau et est bien ajust\u00e9e \u00e0 l&#039;italienne.","robots":{"index":"index","follow":"follow","max-snippet":"max-snippet:-1","max-image-preview":"max-image-preview:large","max-video-preview":"max-video-preview:-1"},"canonical":"https:\/\/versano.nl\/fr\/shop\/dames-leren-jas-versano-311-rood\/","og_locale":"fr_FR","og_type":"article","og_title":"Rode dames biker jack van Versano, leren dames biker jack rood,","og_description":"de rode dames biker jack van Versano mag je echt niet missen in je garderobe. De jas is gemaakt van lamsleer, en is mooi Italiaans getailleerd.","og_url":"https:\/\/versano.nl\/fr\/shop\/dames-leren-jas-versano-311-rood\/","og_site_name":"Versano","article_modified_time":"2024-12-13T12:10:21+00:00","og_image":[{"width":900,"height":1176,"url":"https:\/\/versano.nl\/wp-content\/uploads\/2019\/11\/leren-bikerjack-dames-rood-versano-311-model2.jpg","type":"image\/jpeg"}],"twitter_card":"summary_large_image","twitter_misc":{"Dur\u00e9e de lecture estim\u00e9e":"1 minute"},"schema":{"@context":"https:\/\/schema.org","@graph":[{"@type":"WebPage","@id":"https:\/\/versano.nl\/shop\/dames-leren-jas-versano-311-rood\/","url":"https:\/\/versano.nl\/shop\/dames-leren-jas-versano-311-rood\/","name":"Veste de motard rouge Versano pour femme, veste de motard en cuir rouge","isPartOf":{"@id":"https:\/\/versano.nl\/#website"},"primaryImageOfPage":{"@id":"https:\/\/versano.nl\/shop\/dames-leren-jas-versano-311-rood\/#primaryimage"},"image":{"@id":"https:\/\/versano.nl\/shop\/dames-leren-jas-versano-311-rood\/#primaryimage"},"thumbnailUrl":"https:\/\/versano.nl\/wp-content\/uploads\/2019\/11\/leren-bikerjack-dames-rood-versano-311-model2.jpg","datePublished":"2014-12-02T06:24:24+00:00","dateModified":"2024-12-13T12:10:21+00:00","description":"Dans votre garde-robe, vous ne pouvez pas manquer la veste motard femme rouge de Versano. La veste est en cuir d&#039;agneau et est bien ajust\u00e9e \u00e0 l&#039;italienne.","breadcrumb":{"@id":"https:\/\/versano.nl\/shop\/dames-leren-jas-versano-311-rood\/#breadcrumb"},"inLanguage":"fr-FR","potentialAction":[{"@type":"ReadAction","target":["https:\/\/versano.nl\/shop\/dames-leren-jas-versano-311-rood\/"]}]},{"@type":"ImageObject","inLanguage":"fr-FR","@id":"https:\/\/versano.nl\/shop\/dames-leren-jas-versano-311-rood\/#primaryimage","url":"https:\/\/versano.nl\/wp-content\/uploads\/2019\/11\/leren-bikerjack-dames-rood-versano-311-model2.jpg","contentUrl":"https:\/\/versano.nl\/wp-content\/uploads\/2019\/11\/leren-bikerjack-dames-rood-versano-311-model2.jpg","width":900,"height":1176,"caption":"leren-bikerjack-dames-rood-versano-311-model2"},{"@type":"BreadcrumbList","@id":"https:\/\/versano.nl\/shop\/dames-leren-jas-versano-311-rood\/#breadcrumb","itemListElement":[{"@type":"ListItem","position":1,"name":"Home","item":"https:\/\/versano.nl\/"},{"@type":"ListItem","position":2,"name":"Shop","item":"https:\/\/versano.nl\/shop\/"},{"@type":"ListItem","position":3,"name":"Rode dames biker jack van Versano"}]},{"@type":"WebSite","@id":"https:\/\/versano.nl\/#website","url":"https:\/\/versano.nl\/","name":"Versano","description":"manteaux d&#039;hiver avec col en fourrure | vestes femme en cuir | vestes en cuir pour hommes","potentialAction":[{"@type":"SearchAction","target":{"@type":"EntryPoint","urlTemplate":"https:\/\/versano.nl\/?s={search_term_string}"},"query-input":{"@type":"PropertyValueSpecification","valueRequired":true,"valueName":"search_term_string"}}],"inLanguage":"fr-FR"}]}},"_links":{"self":[{"href":"https:\/\/versano.nl\/fr\/wp-json\/wp\/v2\/product\/1330","targetHints":{"allow":["GET"]}}],"collection":[{"href":"https:\/\/versano.nl\/fr\/wp-json\/wp\/v2\/product"}],"about":[{"href":"https:\/\/versano.nl\/fr\/wp-json\/wp\/v2\/types\/product"}],"replies":[{"embeddable":true,"href":"https:\/\/versano.nl\/fr\/wp-json\/wp\/v2\/comments?post=1330"}],"wp:featuredmedia":[{"embeddable":true,"href":"https:\/\/versano.nl\/fr\/wp-json\/wp\/v2\/media\/14019"}],"wp:attachment":[{"href":"https:\/\/versano.nl\/fr\/wp-json\/wp\/v2\/media?parent=1330"}],"wp:term":[{"taxonomy":"product_brand","embeddable":true,"href":"https:\/\/versano.nl\/fr\/wp-json\/wp\/v2\/product_brand?post=1330"},{"taxonomy":"product_cat","embeddable":true,"href":"https:\/\/versano.nl\/fr\/wp-json\/wp\/v2\/product_cat?post=1330"},{"taxonomy":"product_tag","embeddable":true,"href":"https:\/\/versano.nl\/fr\/wp-json\/wp\/v2\/product_tag?post=1330"}],"curies":[{"name":"wp","href":"https:\/\/api.w.org\/{rel}","templated":true}]}}