{"id":13204,"date":"2019-11-02T16:07:28","date_gmt":"2019-11-02T16:07:28","guid":{"rendered":"https:\/\/versano.nl\/?post_type=product&#038;p=13204"},"modified":"2024-12-13T11:38:40","modified_gmt":"2024-12-13T11:38:40","slug":"winterjas-parka-heren-thompson-n-zwart-versano","status":"publish","type":"product","link":"https:\/\/versano.nl\/fr\/shop\/winterjas-parka-heren-thompson-n-zwart-versano\/","title":{"rendered":"veste d&#039;hiver parka hommes Thompson N noir Versano"},"content":{"rendered":"<h2>veste d&#039;hiver parka hommes Thompson N noir Versano<\/h2>\n<p>Cette veste d&#039;hiver parka homme Thompson N noir Versano est tout \u00e0 fait comme il se doit. La veste zipp\u00e9e a une coupe parfaite et se ferme \u00e9galement avec des boutons pression et un rabat contre le vent. La veste a une poche zipp\u00e9e sur la poitrine et un bord c\u00f4te \u00e9lastique au poignet. Le col est en fourrure de raton laveur am\u00e9ricain 100% et en option (\u00e0 commander s\u00e9par\u00e9ment). C&#039;est une veste avec laquelle vous pouvez \u00eatre s\u00fbr que vous l&#039;appr\u00e9cierez lorsque vous la sortirez par mauvais temps. Il vous garde au chaud et est si joliment con\u00e7u que vous attirerez certainement l&#039;attention avec lui. Ce mod\u00e8le Thompson N est \u00e9galement disponible dans le coloris bleu. Nous vous recommandons de visualiser \u00e9galement cette couleur.<\/p>\n<h2><strong>Commander le mod\u00e8le Thompson N en noir<\/strong><\/h2>\n<p>Avec une si belle veste Versano, vous pouvez \u00eatre s\u00fbr que vous pourrez la porter tout l&#039;hiver. Vous pouvez facilement commander ce mod\u00e8le dans la boutique en ligne Versano. Nous avons rassembl\u00e9 ici toutes nos vestes pour que vous puissiez facilement passer une commande. Chez Versano, vous pouvez toujours \u00eatre s\u00fbr que vous achetez un beau manteau qui a \u00e9t\u00e9 travaill\u00e9 avec soin. Avec nous, vous pouvez facilement choisir la bonne taille en fonction de nos vid\u00e9os d&#039;instructions intelligentes. Vous avez des questions ou vous ne savez pas quelle taille commander ? Ensuite, vous pouvez toujours nous contacter par mail ou WhatsApp. Nos employ\u00e9s aimeraient vous aider!<\/p>\n<p>&nbsp;<\/p>\n<p>marque:<a href=\"https:\/\/versano.nl\"> Versano<\/a><br \/>\nlongueur: demi<br \/>\nFit: normal<br \/>\nDoublure: 100% polyester<br \/>\n\u00e9paisseur Doublure: 200 grammes align\u00e9s \u00e9pais<br \/>\nLongueur des manches: manches longues<br \/>\nCapuche: doubl\u00e9e, solide<br \/>\nLes plus: coutures renforc\u00e9es<br \/>\nfermeture: fermeture \u00e9clair + boutons-pression avec rabat de protection<br \/>\npoches: poches lat\u00e9rales sur la hanche avec boutons pression + poche int\u00e9rieure et une poche sur la manche<br \/>\nFonction: imperm\u00e9able, coupe-vent<br \/>\nmat\u00e9riau couche ext\u00e9rieure: 100% polyester<br \/>\nAccessoires: col de fourrure (en option)<\/p>\n<p>D\u00e9lai de livraison: 2-3 jours ouvrables<\/p>\n<p>&nbsp;<\/p>\n<p><strong>EN OPTION: REAL FUR BAGUE RATON ART DE RACCOON FOURRURE<\/strong><\/p>","protected":false},"excerpt":{"rendered":"<p>CHOISISSEZ UNE AUTRE COULEUR ICI<\/p>\n<p><a href=\"https:\/\/versano.nl\/shop\/heren-parka-winterjas-blauw-lang-model-thompson-versano\/\"><img loading=\"lazy\" decoding=\"async\" class=\"alignnone size-full wp-image-19721\" src=\"https:\/\/versano.nl\/wp-content\/uploads\/sites\/2\/2019\/11\/blauwe-heren-winterjas-halflang-versano-thomas-voorkant-thumb.jpg\" alt=\"\" width=\"57\" height=\"75\" \/><\/a><\/p>\n<p style=\"background: white; margin: 0cm 0cm 15.0pt 0cm;\"><strong><span style=\"font-size: 9.5pt; font-family: 'Arial',sans-serif; color: red;\">Conseils d&#039;ajustement:\u00a0<\/span><\/strong><span style=\"font-size: 9.5pt; font-family: 'Arial',sans-serif; color: #555555;\">La coupe de cette veste est ajust\u00e9e. Notre mannequin mesure 1,80 cm et porte une taille M.<\/span><\/p>\n<p style=\"background: white; box-sizing: border-box; text-rendering: optimizelegibility; font-variant-ligatures: normal; font-variant-caps: normal; orphans: 2; text-align: start; widows: 2; -webkit-text-stroke-width: 0px; text-decoration-thickness: initial; text-decoration-style: initial; text-decoration-color: initial; word-spacing: 0px; margin: 0cm 0cm 15.0pt 0cm;\"><span style=\"font-size: 9.5pt; font-family: 'Arial',sans-serif; color: #555555;\">Si vous n&#039;\u00eates pas s\u00fbr de vos mesures, nous vous recommandons de commencer par mesurer vos mesures de taille et de les comparer avec notre tableau des tailles. Si vous n&#039;avez aucune exp\u00e9rience dans la mesure des tailles de circonf\u00e9rence, cliquez sur\u00a0<a style=\"box-sizing: border-box; line-height: inherit;\" href=\"https:\/\/www.youtube.com\/watch?v=3ZSfY87v6pM\"><em style=\"box-sizing: border-box; line-height: inherit;\"><span style=\"font-family: 'Arial',sans-serif; color: #333333; text-decoration: none; text-underline: none;\">ICI<\/span><\/em><span style=\"color: #333333;\">\u00a0<\/span><\/a>\u00a0\u00e0\u00a0<\/span><span style=\"box-sizing: border-box;\"><span style=\"font-size: 9.5pt; font-family: 'Arial',sans-serif; color: red;\"><a style=\"box-sizing: border-box; line-height: inherit;\" href=\"https:\/\/www.youtube.com\/watch?v=3ZSfY87v6pM\"><em style=\"box-sizing: border-box; line-height: inherit;\"><span style=\"font-family: 'Arial',sans-serif; color: red; text-decoration: none; text-underline: none;\">VIDEO<\/span><\/em><\/a><\/span><\/span><span style=\"font-size: 9.5pt; font-family: 'Arial',sans-serif; color: #555555;\">\u00a0 avec des instructions. Vous pouvez \u00e9galement nous appeler ou nous appliquer directement! Nos employ\u00e9s sont toujours disponibles pour vous aider.<\/span><\/p>\n<p style=\"background: white; box-sizing: border-box; text-rendering: optimizelegibility; font-variant-ligatures: normal; font-variant-caps: normal; orphans: 2; text-align: start; widows: 2; -webkit-text-stroke-width: 0px; text-decoration-thickness: initial; text-decoration-style: initial; text-decoration-color: initial; word-spacing: 0px; margin: 0cm 0cm 15.0pt 0cm;\"><strong style=\"box-sizing: border-box; line-height: inherit;\"><span style=\"font-size: 9.5pt; font-family: 'Arial',sans-serif; color: #555555;\">HEURE DE LIVRAISON :<\/span><\/strong><span style=\"font-size: 9.5pt; font-family: 'Arial',sans-serif; color: #555555;\">\u00a02 \u00e0 3 jours ouvr\u00e9s.<\/span><\/p>\n<p style=\"background: white; box-sizing: border-box; text-rendering: optimizelegibility; font-variant-ligatures: normal; font-variant-caps: normal; orphans: 2; text-align: start; widows: 2; -webkit-text-stroke-width: 0px; text-decoration-thickness: initial; text-decoration-style: initial; text-decoration-color: initial; word-spacing: 0px; margin: 0cm 0cm 15.0pt 0cm;\"><span style=\"box-sizing: border-box;\"><span style=\"font-size: 9.5pt; font-family: 'Arial',sans-serif; color: red;\">INFORMATION IMPORTANTE:<\/span><\/span><span style=\"font-size: 9.5pt; font-family: 'Arial',sans-serif; color: #555555;\">\u00a0Vous pouvez acheter n&#039;importe quelle veste Versano avec ou sans col en fourrure, le col en fourrure n&#039;est pas inclus.<\/span><\/p>\n<p>&nbsp;<\/p>","protected":false},"featured_media":13214,"comment_status":"closed","ping_status":"closed","template":"","meta":[],"product_brand":[],"product_cat":[1403,231,1146,1596,1601,1605,2060,1037,1080,882,1143,1147,1041,1081,1010,1404,1082,1547],"product_tag":[1617,1183,1186,1184,1630,1620,1624,1629,1185,1626,1610,1625,1181,1627,1628],"class_list":{"0":"post-13204","1":"product","2":"type-product","3":"status-publish","4":"has-post-thumbnail","6":"product_cat-bontkraag-jas","7":"product_cat-heren-jassen-met-bontkraag","8":"product_cat-heren-winterjas","9":"product_cat-heren-winterjas-met-bontkraag","10":"product_cat-heren-winterjas-met-pels","11":"product_cat-heren-winterjas-parka","12":"product_cat-heren-winterjassen","13":"product_cat-jas-met-bontkraag","14":"product_cat-jas-met-bontkraag-heren","15":"product_cat-versano","16":"product_cat-winterjas","17":"product_cat-winterjas-heren","18":"product_cat-winterjas-met-bontkraag","19":"product_cat-winterjas-met-bontkraag-heren","20":"product_cat-winterjas-met-bontkraag-jongens","21":"product_cat-winterjassen","22":"product_cat-winterjassen-met-bontkraag-heren","23":"product_cat-winterjassen-heren","24":"product_tag-goedkope-winterjassen-heren","25":"product_tag-heren-winterjas-lang-model","26":"product_tag-heren-winterjas-zwart","27":"product_tag-lange-heren-winterjas","28":"product_tag-merk-winterjassen-voor-heren","29":"product_tag-parka-winterjas-heren","30":"product_tag-parka-winterjassen-heren","31":"product_tag-versano-winterjas-heren","32":"product_tag-winterjas-heren","33":"product_tag-winterjas-heren-in-sale","34":"product_tag-winterjas-heren-met-kraag","35":"product_tag-winterjassen-uitverkoop","36":"product_tag-zwarte-heren-winterjas","37":"product_tag-zwarte-parka-jas","38":"product_tag-zwarte-parka-jas-heren","39":"product_shipping_class-verzendkosten-1","40":"tm-has-options","42":"first","43":"instock","44":"taxable","45":"shipping-taxable","46":"purchasable","47":"product-type-variable"},"yoast_head":"<!-- This site is optimized with the Yoast SEO plugin v27.2 - https:\/\/yoast.com\/product\/yoast-seo-wordpress\/ -->\n<title>winterjas parka heren Thompson N zwart Versano, heren parka jas<\/title>\n<meta name=\"description\" content=\"Ben je op zoek naar een winterjas parka heren Thompson N zwart Versano, dan ben je bij ons aan het juiste adres voor heren parkajassen.\" \/>\n<meta name=\"robots\" content=\"index, follow, max-snippet:-1, max-image-preview:large, max-video-preview:-1\" \/>\n<link rel=\"canonical\" href=\"https:\/\/versano.nl\/fr\/shop\/winterjas-parka-heren-thompson-n-zwart-versano\/\" \/>\n<meta property=\"og:locale\" content=\"fr_FR\" \/>\n<meta property=\"og:type\" content=\"article\" \/>\n<meta property=\"og:title\" content=\"winterjas parka heren Thompson N zwart Versano, heren parka jas\" \/>\n<meta property=\"og:description\" content=\"Ben je op zoek naar een winterjas parka heren Thompson N zwart Versano, dan ben je bij ons aan het juiste adres voor heren parkajassen.\" \/>\n<meta property=\"og:url\" content=\"https:\/\/versano.nl\/fr\/shop\/winterjas-parka-heren-thompson-n-zwart-versano\/\" \/>\n<meta property=\"og:site_name\" content=\"Versano\" \/>\n<meta property=\"article:modified_time\" content=\"2024-12-13T11:38:40+00:00\" \/>\n<meta property=\"og:image\" content=\"https:\/\/versano.nl\/wp-content\/uploads\/2019\/11\/zwarte-heren-winterjas-halflang-versano-thomas-voorkant.jpg\" \/>\n\t<meta property=\"og:image:width\" content=\"900\" \/>\n\t<meta property=\"og:image:height\" content=\"1176\" \/>\n\t<meta property=\"og:image:type\" content=\"image\/jpeg\" \/>\n<meta name=\"twitter:card\" content=\"summary_large_image\" \/>\n<meta name=\"twitter:label1\" content=\"Dur\u00e9e de lecture estim\u00e9e\" \/>\n\t<meta name=\"twitter:data1\" content=\"2 minutes\" \/>\n<script type=\"application\/ld+json\" class=\"yoast-schema-graph\">{\"@context\":\"https:\/\/schema.org\",\"@graph\":[{\"@type\":\"WebPage\",\"@id\":\"https:\/\/versano.nl\/shop\/winterjas-parka-heren-thompson-n-zwart-versano\/\",\"url\":\"https:\/\/versano.nl\/shop\/winterjas-parka-heren-thompson-n-zwart-versano\/\",\"name\":\"winterjas parka heren Thompson N zwart Versano, heren parka jas\",\"isPartOf\":{\"@id\":\"https:\/\/versano.nl\/#website\"},\"primaryImageOfPage\":{\"@id\":\"https:\/\/versano.nl\/shop\/winterjas-parka-heren-thompson-n-zwart-versano\/#primaryimage\"},\"image\":{\"@id\":\"https:\/\/versano.nl\/shop\/winterjas-parka-heren-thompson-n-zwart-versano\/#primaryimage\"},\"thumbnailUrl\":\"https:\/\/versano.nl\/wp-content\/uploads\/2019\/11\/zwarte-heren-winterjas-halflang-versano-thomas-voorkant.jpg\",\"datePublished\":\"2019-11-02T16:07:28+00:00\",\"dateModified\":\"2024-12-13T11:38:40+00:00\",\"description\":\"Ben je op zoek naar een winterjas parka heren Thompson N zwart Versano, dan ben je bij ons aan het juiste adres voor heren parkajassen.\",\"breadcrumb\":{\"@id\":\"https:\/\/versano.nl\/shop\/winterjas-parka-heren-thompson-n-zwart-versano\/#breadcrumb\"},\"inLanguage\":\"fr-FR\",\"potentialAction\":[{\"@type\":\"ReadAction\",\"target\":[\"https:\/\/versano.nl\/shop\/winterjas-parka-heren-thompson-n-zwart-versano\/\"]}]},{\"@type\":\"ImageObject\",\"inLanguage\":\"fr-FR\",\"@id\":\"https:\/\/versano.nl\/shop\/winterjas-parka-heren-thompson-n-zwart-versano\/#primaryimage\",\"url\":\"https:\/\/versano.nl\/wp-content\/uploads\/2019\/11\/zwarte-heren-winterjas-halflang-versano-thomas-voorkant.jpg\",\"contentUrl\":\"https:\/\/versano.nl\/wp-content\/uploads\/2019\/11\/zwarte-heren-winterjas-halflang-versano-thomas-voorkant.jpg\",\"width\":900,\"height\":1176,\"caption\":\"winterjas parka heren Thompson N zwart Versano\"},{\"@type\":\"BreadcrumbList\",\"@id\":\"https:\/\/versano.nl\/shop\/winterjas-parka-heren-thompson-n-zwart-versano\/#breadcrumb\",\"itemListElement\":[{\"@type\":\"ListItem\",\"position\":1,\"name\":\"Home\",\"item\":\"https:\/\/versano.nl\/\"},{\"@type\":\"ListItem\",\"position\":2,\"name\":\"Shop\",\"item\":\"https:\/\/versano.nl\/shop\/\"},{\"@type\":\"ListItem\",\"position\":3,\"name\":\"winterjas parka heren Thompson N zwart Versano\"}]},{\"@type\":\"WebSite\",\"@id\":\"https:\/\/versano.nl\/#website\",\"url\":\"https:\/\/versano.nl\/\",\"name\":\"Versano\",\"description\":\"winterjassen met bontkraag | leren dames jassen | leren heren jassen\",\"potentialAction\":[{\"@type\":\"SearchAction\",\"target\":{\"@type\":\"EntryPoint\",\"urlTemplate\":\"https:\/\/versano.nl\/?s={search_term_string}\"},\"query-input\":{\"@type\":\"PropertyValueSpecification\",\"valueRequired\":true,\"valueName\":\"search_term_string\"}}],\"inLanguage\":\"fr-FR\"}]}<\/script>\n<!-- \/ Yoast SEO plugin. -->","yoast_head_json":{"title":"veste d&#039;hiver parka homme Thompson N noir Versano, veste parka homme","description":"Si vous \u00eates \u00e0 la recherche d&#039;une veste d&#039;hiver parka homme Thompson N noir Versano, alors vous \u00eates au bon endroit pour les vestes parka pour hommes.","robots":{"index":"index","follow":"follow","max-snippet":"max-snippet:-1","max-image-preview":"max-image-preview:large","max-video-preview":"max-video-preview:-1"},"canonical":"https:\/\/versano.nl\/fr\/shop\/winterjas-parka-heren-thompson-n-zwart-versano\/","og_locale":"fr_FR","og_type":"article","og_title":"winterjas parka heren Thompson N zwart Versano, heren parka jas","og_description":"Ben je op zoek naar een winterjas parka heren Thompson N zwart Versano, dan ben je bij ons aan het juiste adres voor heren parkajassen.","og_url":"https:\/\/versano.nl\/fr\/shop\/winterjas-parka-heren-thompson-n-zwart-versano\/","og_site_name":"Versano","article_modified_time":"2024-12-13T11:38:40+00:00","og_image":[{"width":900,"height":1176,"url":"https:\/\/versano.nl\/wp-content\/uploads\/2019\/11\/zwarte-heren-winterjas-halflang-versano-thomas-voorkant.jpg","type":"image\/jpeg"}],"twitter_card":"summary_large_image","twitter_misc":{"Dur\u00e9e de lecture estim\u00e9e":"2 minutes"},"schema":{"@context":"https:\/\/schema.org","@graph":[{"@type":"WebPage","@id":"https:\/\/versano.nl\/shop\/winterjas-parka-heren-thompson-n-zwart-versano\/","url":"https:\/\/versano.nl\/shop\/winterjas-parka-heren-thompson-n-zwart-versano\/","name":"veste d&#039;hiver parka homme Thompson N noir Versano, veste parka homme","isPartOf":{"@id":"https:\/\/versano.nl\/#website"},"primaryImageOfPage":{"@id":"https:\/\/versano.nl\/shop\/winterjas-parka-heren-thompson-n-zwart-versano\/#primaryimage"},"image":{"@id":"https:\/\/versano.nl\/shop\/winterjas-parka-heren-thompson-n-zwart-versano\/#primaryimage"},"thumbnailUrl":"https:\/\/versano.nl\/wp-content\/uploads\/2019\/11\/zwarte-heren-winterjas-halflang-versano-thomas-voorkant.jpg","datePublished":"2019-11-02T16:07:28+00:00","dateModified":"2024-12-13T11:38:40+00:00","description":"Si vous \u00eates \u00e0 la recherche d&#039;une veste d&#039;hiver parka homme Thompson N noir Versano, alors vous \u00eates au bon endroit pour les vestes parka pour hommes.","breadcrumb":{"@id":"https:\/\/versano.nl\/shop\/winterjas-parka-heren-thompson-n-zwart-versano\/#breadcrumb"},"inLanguage":"fr-FR","potentialAction":[{"@type":"ReadAction","target":["https:\/\/versano.nl\/shop\/winterjas-parka-heren-thompson-n-zwart-versano\/"]}]},{"@type":"ImageObject","inLanguage":"fr-FR","@id":"https:\/\/versano.nl\/shop\/winterjas-parka-heren-thompson-n-zwart-versano\/#primaryimage","url":"https:\/\/versano.nl\/wp-content\/uploads\/2019\/11\/zwarte-heren-winterjas-halflang-versano-thomas-voorkant.jpg","contentUrl":"https:\/\/versano.nl\/wp-content\/uploads\/2019\/11\/zwarte-heren-winterjas-halflang-versano-thomas-voorkant.jpg","width":900,"height":1176,"caption":"winterjas parka heren Thompson N zwart Versano"},{"@type":"BreadcrumbList","@id":"https:\/\/versano.nl\/shop\/winterjas-parka-heren-thompson-n-zwart-versano\/#breadcrumb","itemListElement":[{"@type":"ListItem","position":1,"name":"Home","item":"https:\/\/versano.nl\/"},{"@type":"ListItem","position":2,"name":"Shop","item":"https:\/\/versano.nl\/shop\/"},{"@type":"ListItem","position":3,"name":"winterjas parka heren Thompson N zwart Versano"}]},{"@type":"WebSite","@id":"https:\/\/versano.nl\/#website","url":"https:\/\/versano.nl\/","name":"Versano","description":"manteaux d&#039;hiver avec col en fourrure | vestes femme en cuir | vestes en cuir pour hommes","potentialAction":[{"@type":"SearchAction","target":{"@type":"EntryPoint","urlTemplate":"https:\/\/versano.nl\/?s={search_term_string}"},"query-input":{"@type":"PropertyValueSpecification","valueRequired":true,"valueName":"search_term_string"}}],"inLanguage":"fr-FR"}]}},"_links":{"self":[{"href":"https:\/\/versano.nl\/fr\/wp-json\/wp\/v2\/product\/13204","targetHints":{"allow":["GET"]}}],"collection":[{"href":"https:\/\/versano.nl\/fr\/wp-json\/wp\/v2\/product"}],"about":[{"href":"https:\/\/versano.nl\/fr\/wp-json\/wp\/v2\/types\/product"}],"replies":[{"embeddable":true,"href":"https:\/\/versano.nl\/fr\/wp-json\/wp\/v2\/comments?post=13204"}],"wp:featuredmedia":[{"embeddable":true,"href":"https:\/\/versano.nl\/fr\/wp-json\/wp\/v2\/media\/13214"}],"wp:attachment":[{"href":"https:\/\/versano.nl\/fr\/wp-json\/wp\/v2\/media?parent=13204"}],"wp:term":[{"taxonomy":"product_brand","embeddable":true,"href":"https:\/\/versano.nl\/fr\/wp-json\/wp\/v2\/product_brand?post=13204"},{"taxonomy":"product_cat","embeddable":true,"href":"https:\/\/versano.nl\/fr\/wp-json\/wp\/v2\/product_cat?post=13204"},{"taxonomy":"product_tag","embeddable":true,"href":"https:\/\/versano.nl\/fr\/wp-json\/wp\/v2\/product_tag?post=13204"}],"curies":[{"name":"wp","href":"https:\/\/api.w.org\/{rel}","templated":true}]}}