{"id":12443,"date":"2019-09-29T14:57:01","date_gmt":"2019-09-29T14:57:01","guid":{"rendered":"https:\/\/versano.nl\/shop\/kunst-bontkraag-wit-met-zwarte-puntjes-xl\/"},"modified":"2021-10-22T08:41:54","modified_gmt":"2021-10-22T08:41:54","slug":"kunst-bontkraag-wit-met-zwarte-puntjes-xl","status":"publish","type":"product","link":"https:\/\/versano.nl\/fr\/shop\/kunst-bontkraag-wit-met-zwarte-puntjes-xl\/","title":{"rendered":"COLLIER ART FUR BLANC \u00c0 POIS NOIRS XL"},"content":{"rendered":"<h2>Col en fourrure artificielle blanc \u00e0 pois noirs XL<\/h2>\n<p>Mat\u00e9riel: synth\u00e9tique<br \/>\nfixation: imprimantes<\/p>\n<p>D\u00e9lai de livraison: 2-3 jours<\/p>","protected":false},"excerpt":{"rendered":"<p>Si vous voulez une v\u00e9ritable col de fourrure sur votre veste, puis les cols de fourrure artificielle Versano id\u00e9al. Les colliers ne sont pas vraiment distinguer et sont de grande taille. Les colliers sont fix\u00e9s avec des boutons-pression ou des languettes \u00e9lastiques sur le capot.<\/p>\n<p><strong>Ce col de fourrure d&#039;art Versano est de 60 cm de long et 16 cm de large<\/strong><\/p>","protected":false},"featured_media":18097,"comment_status":"closed","ping_status":"closed","template":"","meta":[],"product_brand":[],"product_cat":[721],"product_tag":[1152,1153],"class_list":{"0":"post-12443","1":"product","2":"type-product","3":"status-publish","4":"has-post-thumbnail","6":"product_cat-capuchon-bontkragen","7":"product_tag-kunst-bontkraag-wit","8":"product_tag-witte-kunst-bontkraag-met-zwarte-puntjes","9":"product_shipping_class-verzendkosten-1","10":"tm-no-options","12":"first","13":"outofstock","14":"taxable","15":"shipping-taxable","16":"purchasable","17":"product-type-simple"},"yoast_head":"<!-- This site is optimized with the Yoast SEO plugin v27.2 - https:\/\/yoast.com\/product\/yoast-seo-wordpress\/ -->\n<title>KUNST BONTKRAAG WIT MET ZWARTE PUNTJES XL - Versano<\/title>\n<meta name=\"description\" content=\"Bent je op zoek naar een Kunst bontkraag wit met zwarte puntjes XL, dan zit je goed in de webshop van leather shop doci voor verschilende kleuren.\" \/>\n<meta name=\"robots\" content=\"index, follow, max-snippet:-1, max-image-preview:large, max-video-preview:-1\" \/>\n<link rel=\"canonical\" href=\"https:\/\/versano.nl\/fr\/shop\/kunst-bontkraag-wit-met-zwarte-puntjes-xl\/\" \/>\n<meta property=\"og:locale\" content=\"fr_FR\" \/>\n<meta property=\"og:type\" content=\"article\" \/>\n<meta property=\"og:title\" content=\"KUNST BONTKRAAG WIT MET ZWARTE PUNTJES XL - Versano\" \/>\n<meta property=\"og:description\" content=\"Bent je op zoek naar een Kunst bontkraag wit met zwarte puntjes XL, dan zit je goed in de webshop van leather shop doci voor verschilende kleuren.\" \/>\n<meta property=\"og:url\" content=\"https:\/\/versano.nl\/fr\/shop\/kunst-bontkraag-wit-met-zwarte-puntjes-xl\/\" \/>\n<meta property=\"og:site_name\" content=\"Versano\" \/>\n<meta property=\"article:modified_time\" content=\"2021-10-22T08:41:54+00:00\" \/>\n<meta property=\"og:image\" content=\"https:\/\/versano.nl\/wp-content\/uploads\/2020\/10\/Kunst-bontkraag-wit-zwarte-puntjes-versano-closeup.jpg\" \/>\n\t<meta property=\"og:image:width\" content=\"900\" \/>\n\t<meta property=\"og:image:height\" content=\"1176\" \/>\n\t<meta property=\"og:image:type\" content=\"image\/jpeg\" \/>\n<meta name=\"twitter:card\" content=\"summary_large_image\" \/>\n<script type=\"application\/ld+json\" class=\"yoast-schema-graph\">{\"@context\":\"https:\/\/schema.org\",\"@graph\":[{\"@type\":\"WebPage\",\"@id\":\"https:\/\/versano.nl\/es\/shop\/kunst-bontkraag-wit-met-zwarte-puntjes-xl\/\",\"url\":\"https:\/\/versano.nl\/es\/shop\/kunst-bontkraag-wit-met-zwarte-puntjes-xl\/\",\"name\":\"KUNST BONTKRAAG WIT MET ZWARTE PUNTJES XL - Versano\",\"isPartOf\":{\"@id\":\"https:\/\/versano.nl\/#website\"},\"primaryImageOfPage\":{\"@id\":\"https:\/\/versano.nl\/es\/shop\/kunst-bontkraag-wit-met-zwarte-puntjes-xl\/#primaryimage\"},\"image\":{\"@id\":\"https:\/\/versano.nl\/es\/shop\/kunst-bontkraag-wit-met-zwarte-puntjes-xl\/#primaryimage\"},\"thumbnailUrl\":\"https:\/\/versano.nl\/wp-content\/uploads\/2020\/10\/Kunst-bontkraag-wit-zwarte-puntjes-versano-closeup.jpg\",\"datePublished\":\"2019-09-29T14:57:01+00:00\",\"dateModified\":\"2021-10-22T08:41:54+00:00\",\"description\":\"Bent je op zoek naar een Kunst bontkraag wit met zwarte puntjes XL, dan zit je goed in de webshop van leather shop doci voor verschilende kleuren.\",\"breadcrumb\":{\"@id\":\"https:\/\/versano.nl\/es\/shop\/kunst-bontkraag-wit-met-zwarte-puntjes-xl\/#breadcrumb\"},\"inLanguage\":\"fr-FR\",\"potentialAction\":[{\"@type\":\"ReadAction\",\"target\":[\"https:\/\/versano.nl\/es\/shop\/kunst-bontkraag-wit-met-zwarte-puntjes-xl\/\"]}]},{\"@type\":\"ImageObject\",\"inLanguage\":\"fr-FR\",\"@id\":\"https:\/\/versano.nl\/es\/shop\/kunst-bontkraag-wit-met-zwarte-puntjes-xl\/#primaryimage\",\"url\":\"https:\/\/versano.nl\/wp-content\/uploads\/2020\/10\/Kunst-bontkraag-wit-zwarte-puntjes-versano-closeup.jpg\",\"contentUrl\":\"https:\/\/versano.nl\/wp-content\/uploads\/2020\/10\/Kunst-bontkraag-wit-zwarte-puntjes-versano-closeup.jpg\",\"width\":900,\"height\":1176,\"caption\":\"Kunst-bontkraag-wit-zwarte-puntjes-versano-closeup.jpg\"},{\"@type\":\"BreadcrumbList\",\"@id\":\"https:\/\/versano.nl\/es\/shop\/kunst-bontkraag-wit-met-zwarte-puntjes-xl\/#breadcrumb\",\"itemListElement\":[{\"@type\":\"ListItem\",\"position\":1,\"name\":\"Home\",\"item\":\"https:\/\/versano.nl\/\"},{\"@type\":\"ListItem\",\"position\":2,\"name\":\"Shop\",\"item\":\"https:\/\/versano.nl\/shop\/\"},{\"@type\":\"ListItem\",\"position\":3,\"name\":\"KUNST BONTKRAAG WIT MET ZWARTE PUNTJES XL\"}]},{\"@type\":\"WebSite\",\"@id\":\"https:\/\/versano.nl\/#website\",\"url\":\"https:\/\/versano.nl\/\",\"name\":\"Versano\",\"description\":\"winterjassen met bontkraag | leren dames jassen | leren heren jassen\",\"potentialAction\":[{\"@type\":\"SearchAction\",\"target\":{\"@type\":\"EntryPoint\",\"urlTemplate\":\"https:\/\/versano.nl\/?s={search_term_string}\"},\"query-input\":{\"@type\":\"PropertyValueSpecification\",\"valueRequired\":true,\"valueName\":\"search_term_string\"}}],\"inLanguage\":\"fr-FR\"}]}<\/script>\n<!-- \/ Yoast SEO plugin. -->","yoast_head_json":{"title":"COLLIER ART FUR BLANC \u00c0 POIS NOIRS XL - Versano","description":"Vous cherchez un col en fourrure Art blanc \u00e0 pois noirs XL, alors vous \u00eates au bon endroit dans la boutique en ligne de maroquinerie doci pour diff\u00e9rentes couleurs.","robots":{"index":"index","follow":"follow","max-snippet":"max-snippet:-1","max-image-preview":"max-image-preview:large","max-video-preview":"max-video-preview:-1"},"canonical":"https:\/\/versano.nl\/fr\/shop\/kunst-bontkraag-wit-met-zwarte-puntjes-xl\/","og_locale":"fr_FR","og_type":"article","og_title":"KUNST BONTKRAAG WIT MET ZWARTE PUNTJES XL - Versano","og_description":"Bent je op zoek naar een Kunst bontkraag wit met zwarte puntjes XL, dan zit je goed in de webshop van leather shop doci voor verschilende kleuren.","og_url":"https:\/\/versano.nl\/fr\/shop\/kunst-bontkraag-wit-met-zwarte-puntjes-xl\/","og_site_name":"Versano","article_modified_time":"2021-10-22T08:41:54+00:00","og_image":[{"width":900,"height":1176,"url":"https:\/\/versano.nl\/wp-content\/uploads\/2020\/10\/Kunst-bontkraag-wit-zwarte-puntjes-versano-closeup.jpg","type":"image\/jpeg"}],"twitter_card":"summary_large_image","schema":{"@context":"https:\/\/schema.org","@graph":[{"@type":"WebPage","@id":"https:\/\/versano.nl\/es\/shop\/kunst-bontkraag-wit-met-zwarte-puntjes-xl\/","url":"https:\/\/versano.nl\/es\/shop\/kunst-bontkraag-wit-met-zwarte-puntjes-xl\/","name":"COLLIER ART FUR BLANC \u00c0 POIS NOIRS XL - Versano","isPartOf":{"@id":"https:\/\/versano.nl\/#website"},"primaryImageOfPage":{"@id":"https:\/\/versano.nl\/es\/shop\/kunst-bontkraag-wit-met-zwarte-puntjes-xl\/#primaryimage"},"image":{"@id":"https:\/\/versano.nl\/es\/shop\/kunst-bontkraag-wit-met-zwarte-puntjes-xl\/#primaryimage"},"thumbnailUrl":"https:\/\/versano.nl\/wp-content\/uploads\/2020\/10\/Kunst-bontkraag-wit-zwarte-puntjes-versano-closeup.jpg","datePublished":"2019-09-29T14:57:01+00:00","dateModified":"2021-10-22T08:41:54+00:00","description":"Vous cherchez un col en fourrure Art blanc \u00e0 pois noirs XL, alors vous \u00eates au bon endroit dans la boutique en ligne de maroquinerie doci pour diff\u00e9rentes couleurs.","breadcrumb":{"@id":"https:\/\/versano.nl\/es\/shop\/kunst-bontkraag-wit-met-zwarte-puntjes-xl\/#breadcrumb"},"inLanguage":"fr-FR","potentialAction":[{"@type":"ReadAction","target":["https:\/\/versano.nl\/es\/shop\/kunst-bontkraag-wit-met-zwarte-puntjes-xl\/"]}]},{"@type":"ImageObject","inLanguage":"fr-FR","@id":"https:\/\/versano.nl\/es\/shop\/kunst-bontkraag-wit-met-zwarte-puntjes-xl\/#primaryimage","url":"https:\/\/versano.nl\/wp-content\/uploads\/2020\/10\/Kunst-bontkraag-wit-zwarte-puntjes-versano-closeup.jpg","contentUrl":"https:\/\/versano.nl\/wp-content\/uploads\/2020\/10\/Kunst-bontkraag-wit-zwarte-puntjes-versano-closeup.jpg","width":900,"height":1176,"caption":"Kunst-bontkraag-wit-zwarte-puntjes-versano-closeup.jpg"},{"@type":"BreadcrumbList","@id":"https:\/\/versano.nl\/es\/shop\/kunst-bontkraag-wit-met-zwarte-puntjes-xl\/#breadcrumb","itemListElement":[{"@type":"ListItem","position":1,"name":"Home","item":"https:\/\/versano.nl\/"},{"@type":"ListItem","position":2,"name":"Shop","item":"https:\/\/versano.nl\/shop\/"},{"@type":"ListItem","position":3,"name":"KUNST BONTKRAAG WIT MET ZWARTE PUNTJES XL"}]},{"@type":"WebSite","@id":"https:\/\/versano.nl\/#website","url":"https:\/\/versano.nl\/","name":"Versano","description":"manteaux d&#039;hiver avec col en fourrure | vestes femme en cuir | vestes en cuir pour hommes","potentialAction":[{"@type":"SearchAction","target":{"@type":"EntryPoint","urlTemplate":"https:\/\/versano.nl\/?s={search_term_string}"},"query-input":{"@type":"PropertyValueSpecification","valueRequired":true,"valueName":"search_term_string"}}],"inLanguage":"fr-FR"}]}},"_links":{"self":[{"href":"https:\/\/versano.nl\/fr\/wp-json\/wp\/v2\/product\/12443","targetHints":{"allow":["GET"]}}],"collection":[{"href":"https:\/\/versano.nl\/fr\/wp-json\/wp\/v2\/product"}],"about":[{"href":"https:\/\/versano.nl\/fr\/wp-json\/wp\/v2\/types\/product"}],"replies":[{"embeddable":true,"href":"https:\/\/versano.nl\/fr\/wp-json\/wp\/v2\/comments?post=12443"}],"wp:featuredmedia":[{"embeddable":true,"href":"https:\/\/versano.nl\/fr\/wp-json\/wp\/v2\/media\/18097"}],"wp:attachment":[{"href":"https:\/\/versano.nl\/fr\/wp-json\/wp\/v2\/media?parent=12443"}],"wp:term":[{"taxonomy":"product_brand","embeddable":true,"href":"https:\/\/versano.nl\/fr\/wp-json\/wp\/v2\/product_brand?post=12443"},{"taxonomy":"product_cat","embeddable":true,"href":"https:\/\/versano.nl\/fr\/wp-json\/wp\/v2\/product_cat?post=12443"},{"taxonomy":"product_tag","embeddable":true,"href":"https:\/\/versano.nl\/fr\/wp-json\/wp\/v2\/product_tag?post=12443"}],"curies":[{"name":"wp","href":"https:\/\/api.w.org\/{rel}","templated":true}]}}