{"id":12438,"date":"2019-09-29T14:09:49","date_gmt":"2019-09-29T14:09:49","guid":{"rendered":"https:\/\/versano.nl\/shop\/kunst-bontkraag-light-natural-xl\/"},"modified":"2021-10-22T08:42:11","modified_gmt":"2021-10-22T08:42:11","slug":"kunst-bontkraag-natural-xl","status":"publish","type":"product","link":"https:\/\/versano.nl\/fr\/shop\/kunst-bontkraag-natural-xl\/","title":{"rendered":"Col en fourrure art naturel XL"},"content":{"rendered":"<h2>Col en fourrure art naturel XL<\/h2>\n<p>Mat\u00e9riel: synth\u00e9tique<br \/>\nfixation: imprimantes<\/p>\n<p>D\u00e9lai de livraison: 2-3 jours<\/p>","protected":false},"excerpt":{"rendered":"<p>Si vous ne voulez pas de v\u00e9ritable col en fourrure sur votre veste, alors les cols en fourrure artificielle de Versano sont id\u00e9aux. Les colliers sont indiscernables de la vraie chose et sont de grande taille. Les cols sont fix\u00e9s \u00e0 la capuche avec des boutons-pression.<\/p>\n<p><strong>Ce col de fourrure d&#039;art Versano est de 60 cm de long et 16 cm de large<\/strong><\/p>","protected":false},"featured_media":18783,"comment_status":"closed","ping_status":"closed","template":"","meta":[],"product_brand":[],"product_cat":[721],"product_tag":[1457,1458],"class_list":{"0":"post-12438","1":"product","2":"type-product","3":"status-publish","4":"has-post-thumbnail","6":"product_cat-capuchon-bontkragen","7":"product_tag-kunst-bontkraag-naturel-xl","8":"product_tag-kunstbontkraag-naturel","9":"product_shipping_class-verzendkosten-1","10":"tm-no-options","12":"first","13":"outofstock","14":"taxable","15":"shipping-taxable","16":"purchasable","17":"product-type-simple"},"yoast_head":"<!-- This site is optimized with the Yoast SEO plugin v27.2 - https:\/\/yoast.com\/product\/yoast-seo-wordpress\/ -->\n<title>Kunst bontkraag natural XL, kunst bontkraag naturel<\/title>\n<meta name=\"description\" content=\"Ben je op zoek naar een Kunst bontkraag natural XL ? Dan bent u bij Versano aan het juiste adres. Tevens verkopen wij ook kunst bontkragen\" \/>\n<meta name=\"robots\" content=\"index, follow, max-snippet:-1, max-image-preview:large, max-video-preview:-1\" \/>\n<link rel=\"canonical\" href=\"https:\/\/versano.nl\/fr\/shop\/kunst-bontkraag-natural-xl\/\" \/>\n<meta property=\"og:locale\" content=\"fr_FR\" \/>\n<meta property=\"og:type\" content=\"article\" \/>\n<meta property=\"og:title\" content=\"Kunst bontkraag natural XL, kunst bontkraag naturel\" \/>\n<meta property=\"og:description\" content=\"Ben je op zoek naar een Kunst bontkraag natural XL ? Dan bent u bij Versano aan het juiste adres. Tevens verkopen wij ook kunst bontkragen\" \/>\n<meta property=\"og:url\" content=\"https:\/\/versano.nl\/fr\/shop\/kunst-bontkraag-natural-xl\/\" \/>\n<meta property=\"og:site_name\" content=\"Versano\" \/>\n<meta property=\"article:modified_time\" content=\"2021-10-22T08:42:11+00:00\" \/>\n<meta property=\"og:image\" content=\"https:\/\/versano.nl\/wp-content\/uploads\/2019\/09\/kunst-bontkraag-naturel-xl.jpg\" \/>\n\t<meta property=\"og:image:width\" content=\"900\" \/>\n\t<meta property=\"og:image:height\" content=\"1176\" \/>\n\t<meta property=\"og:image:type\" content=\"image\/jpeg\" \/>\n<meta name=\"twitter:card\" content=\"summary_large_image\" \/>\n<script type=\"application\/ld+json\" class=\"yoast-schema-graph\">{\"@context\":\"https:\/\/schema.org\",\"@graph\":[{\"@type\":\"WebPage\",\"@id\":\"https:\/\/versano.nl\/en\/shop\/kunst-bontkraag-natural-xl\/\",\"url\":\"https:\/\/versano.nl\/en\/shop\/kunst-bontkraag-natural-xl\/\",\"name\":\"Kunst bontkraag natural XL, kunst bontkraag naturel\",\"isPartOf\":{\"@id\":\"https:\/\/versano.nl\/#website\"},\"primaryImageOfPage\":{\"@id\":\"https:\/\/versano.nl\/en\/shop\/kunst-bontkraag-natural-xl\/#primaryimage\"},\"image\":{\"@id\":\"https:\/\/versano.nl\/en\/shop\/kunst-bontkraag-natural-xl\/#primaryimage\"},\"thumbnailUrl\":\"https:\/\/versano.nl\/wp-content\/uploads\/2019\/09\/kunst-bontkraag-naturel-xl.jpg\",\"datePublished\":\"2019-09-29T14:09:49+00:00\",\"dateModified\":\"2021-10-22T08:42:11+00:00\",\"description\":\"Ben je op zoek naar een Kunst bontkraag natural XL ? Dan bent u bij Versano aan het juiste adres. Tevens verkopen wij ook kunst bontkragen\",\"breadcrumb\":{\"@id\":\"https:\/\/versano.nl\/en\/shop\/kunst-bontkraag-natural-xl\/#breadcrumb\"},\"inLanguage\":\"fr-FR\",\"potentialAction\":[{\"@type\":\"ReadAction\",\"target\":[\"https:\/\/versano.nl\/en\/shop\/kunst-bontkraag-natural-xl\/\"]}]},{\"@type\":\"ImageObject\",\"inLanguage\":\"fr-FR\",\"@id\":\"https:\/\/versano.nl\/en\/shop\/kunst-bontkraag-natural-xl\/#primaryimage\",\"url\":\"https:\/\/versano.nl\/wp-content\/uploads\/2019\/09\/kunst-bontkraag-naturel-xl.jpg\",\"contentUrl\":\"https:\/\/versano.nl\/wp-content\/uploads\/2019\/09\/kunst-bontkraag-naturel-xl.jpg\",\"width\":900,\"height\":1176,\"caption\":\"kunst-bontkraag-naturel-xl.jpg\"},{\"@type\":\"BreadcrumbList\",\"@id\":\"https:\/\/versano.nl\/en\/shop\/kunst-bontkraag-natural-xl\/#breadcrumb\",\"itemListElement\":[{\"@type\":\"ListItem\",\"position\":1,\"name\":\"Home\",\"item\":\"https:\/\/versano.nl\/\"},{\"@type\":\"ListItem\",\"position\":2,\"name\":\"Shop\",\"item\":\"https:\/\/versano.nl\/shop\/\"},{\"@type\":\"ListItem\",\"position\":3,\"name\":\"Kunst bontkraag natural XL\"}]},{\"@type\":\"WebSite\",\"@id\":\"https:\/\/versano.nl\/#website\",\"url\":\"https:\/\/versano.nl\/\",\"name\":\"Versano\",\"description\":\"winterjassen met bontkraag | leren dames jassen | leren heren jassen\",\"potentialAction\":[{\"@type\":\"SearchAction\",\"target\":{\"@type\":\"EntryPoint\",\"urlTemplate\":\"https:\/\/versano.nl\/?s={search_term_string}\"},\"query-input\":{\"@type\":\"PropertyValueSpecification\",\"valueRequired\":true,\"valueName\":\"search_term_string\"}}],\"inLanguage\":\"fr-FR\"}]}<\/script>\n<!-- \/ Yoast SEO plugin. -->","yoast_head_json":{"title":"Col en fourrure artificielle naturel XL, col en fourrure artificielle naturel","description":"Vous recherchez un Col en fourrure artificielle naturel XL? Alors vous \u00eates au bon endroit chez Versano. Nous vendons \u00e9galement des colliers en fourrure artificielle","robots":{"index":"index","follow":"follow","max-snippet":"max-snippet:-1","max-image-preview":"max-image-preview:large","max-video-preview":"max-video-preview:-1"},"canonical":"https:\/\/versano.nl\/fr\/shop\/kunst-bontkraag-natural-xl\/","og_locale":"fr_FR","og_type":"article","og_title":"Kunst bontkraag natural XL, kunst bontkraag naturel","og_description":"Ben je op zoek naar een Kunst bontkraag natural XL ? Dan bent u bij Versano aan het juiste adres. Tevens verkopen wij ook kunst bontkragen","og_url":"https:\/\/versano.nl\/fr\/shop\/kunst-bontkraag-natural-xl\/","og_site_name":"Versano","article_modified_time":"2021-10-22T08:42:11+00:00","og_image":[{"width":900,"height":1176,"url":"https:\/\/versano.nl\/wp-content\/uploads\/2019\/09\/kunst-bontkraag-naturel-xl.jpg","type":"image\/jpeg"}],"twitter_card":"summary_large_image","schema":{"@context":"https:\/\/schema.org","@graph":[{"@type":"WebPage","@id":"https:\/\/versano.nl\/en\/shop\/kunst-bontkraag-natural-xl\/","url":"https:\/\/versano.nl\/en\/shop\/kunst-bontkraag-natural-xl\/","name":"Col en fourrure artificielle naturel XL, col en fourrure artificielle naturel","isPartOf":{"@id":"https:\/\/versano.nl\/#website"},"primaryImageOfPage":{"@id":"https:\/\/versano.nl\/en\/shop\/kunst-bontkraag-natural-xl\/#primaryimage"},"image":{"@id":"https:\/\/versano.nl\/en\/shop\/kunst-bontkraag-natural-xl\/#primaryimage"},"thumbnailUrl":"https:\/\/versano.nl\/wp-content\/uploads\/2019\/09\/kunst-bontkraag-naturel-xl.jpg","datePublished":"2019-09-29T14:09:49+00:00","dateModified":"2021-10-22T08:42:11+00:00","description":"Vous recherchez un Col en fourrure artificielle naturel XL? Alors vous \u00eates au bon endroit chez Versano. Nous vendons \u00e9galement des colliers en fourrure artificielle","breadcrumb":{"@id":"https:\/\/versano.nl\/en\/shop\/kunst-bontkraag-natural-xl\/#breadcrumb"},"inLanguage":"fr-FR","potentialAction":[{"@type":"ReadAction","target":["https:\/\/versano.nl\/en\/shop\/kunst-bontkraag-natural-xl\/"]}]},{"@type":"ImageObject","inLanguage":"fr-FR","@id":"https:\/\/versano.nl\/en\/shop\/kunst-bontkraag-natural-xl\/#primaryimage","url":"https:\/\/versano.nl\/wp-content\/uploads\/2019\/09\/kunst-bontkraag-naturel-xl.jpg","contentUrl":"https:\/\/versano.nl\/wp-content\/uploads\/2019\/09\/kunst-bontkraag-naturel-xl.jpg","width":900,"height":1176,"caption":"kunst-bontkraag-naturel-xl.jpg"},{"@type":"BreadcrumbList","@id":"https:\/\/versano.nl\/en\/shop\/kunst-bontkraag-natural-xl\/#breadcrumb","itemListElement":[{"@type":"ListItem","position":1,"name":"Home","item":"https:\/\/versano.nl\/"},{"@type":"ListItem","position":2,"name":"Shop","item":"https:\/\/versano.nl\/shop\/"},{"@type":"ListItem","position":3,"name":"Kunst bontkraag natural XL"}]},{"@type":"WebSite","@id":"https:\/\/versano.nl\/#website","url":"https:\/\/versano.nl\/","name":"Versano","description":"manteaux d&#039;hiver avec col en fourrure | vestes femme en cuir | vestes en cuir pour hommes","potentialAction":[{"@type":"SearchAction","target":{"@type":"EntryPoint","urlTemplate":"https:\/\/versano.nl\/?s={search_term_string}"},"query-input":{"@type":"PropertyValueSpecification","valueRequired":true,"valueName":"search_term_string"}}],"inLanguage":"fr-FR"}]}},"_links":{"self":[{"href":"https:\/\/versano.nl\/fr\/wp-json\/wp\/v2\/product\/12438","targetHints":{"allow":["GET"]}}],"collection":[{"href":"https:\/\/versano.nl\/fr\/wp-json\/wp\/v2\/product"}],"about":[{"href":"https:\/\/versano.nl\/fr\/wp-json\/wp\/v2\/types\/product"}],"replies":[{"embeddable":true,"href":"https:\/\/versano.nl\/fr\/wp-json\/wp\/v2\/comments?post=12438"}],"wp:featuredmedia":[{"embeddable":true,"href":"https:\/\/versano.nl\/fr\/wp-json\/wp\/v2\/media\/18783"}],"wp:attachment":[{"href":"https:\/\/versano.nl\/fr\/wp-json\/wp\/v2\/media?parent=12438"}],"wp:term":[{"taxonomy":"product_brand","embeddable":true,"href":"https:\/\/versano.nl\/fr\/wp-json\/wp\/v2\/product_brand?post=12438"},{"taxonomy":"product_cat","embeddable":true,"href":"https:\/\/versano.nl\/fr\/wp-json\/wp\/v2\/product_cat?post=12438"},{"taxonomy":"product_tag","embeddable":true,"href":"https:\/\/versano.nl\/fr\/wp-json\/wp\/v2\/product_tag?post=12438"}],"curies":[{"name":"wp","href":"https:\/\/api.w.org\/{rel}","templated":true}]}}