{"id":1184,"date":"2014-09-10T13:11:09","date_gmt":"2014-09-10T13:11:09","guid":{"rendered":"http:\/\/leathershopdoci.nl\/new\/shop\/heren-leren-jassen\/versano-heren-leren-jas-tr36\/"},"modified":"2024-12-11T16:28:53","modified_gmt":"2024-12-11T16:28:53","slug":"leren-jas-heren-versano-tr36-zwart","status":"publish","type":"product","link":"https:\/\/versano.nl\/fr\/shop\/leren-jas-heren-versano-tr36-zwart\/","title":{"rendered":"Blouson cuir homme noir TR36 Versano"},"content":{"rendered":"<h2>Blouson cuir homme noir TR36 Versano<\/h2>\n<p style=\"line-height: 18.0pt; margin: 0cm 0cm 16.5pt 0cm;\"><span style=\"font-size: 10.5pt; font-family: 'Arial',sans-serif; color: #282828;\">Si vous cherchez un blouson en cuir dont vous \u00eates s\u00fbr d&#039;\u00eatre confortable, il vous suffit de jeter un \u0153il \u00e0 notre gamme. Chez My-Versano, vous trouverez de belles vestes de Versano, une marque qui s&#039;est b\u00e2tie une bonne r\u00e9putation au fil des ans. La veste en cuir pour hommes noire TR36 Versano est une autre belle veste, un mod\u00e8le haut de gamme parfaitement ajust\u00e9 qui s&#039;adapte parfaitement \u00e0 votre corps. Un mod\u00e8le de base sp\u00e9cial de cette veste a \u00e9t\u00e9 con\u00e7u par les talentueux designers de Versano. C&#039;est une veste avec deux poches lat\u00e9rales profondes avec une fermeture \u00e9clair, mais aussi des poches sur la poitrine et les bras. Bien entendu, une jolie poche int\u00e9rieure est \u00e9galement incluse avec ce mod\u00e8le. Nous pouvons donc vous recommander de jeter un \u0153il \u00e0 notre gamme pour cette veste, ou l&#039;un des nombreux autres mod\u00e8les haut de gamme de Versano.<\/span><\/p>\n<h2 style=\"box-sizing: border-box; margin: 11.25pt 0cm 11.25pt 0cm;\"><strong style=\"box-sizing: border-box;\"><span style=\"font-size: 15pt; font-family: Arial, sans-serif; color: #282828;\">Commandez le mod\u00e8le TR36 en noir<\/span><\/strong><\/h2>\n<p style=\"line-height: 18.0pt; box-sizing: border-box; margin: 0cm 0cm 16.5pt 0cm;\"><span style=\"font-size: 10.5pt; font-family: 'Arial',sans-serif; color: #282828;\">La coupe de cette veste est ajust\u00e9e et s&#039;adaptera donc parfaitement \u00e0 votre corps. C&#039;est un beau manteau qui est compl\u00e8tement de style italien. En d&#039;autres termes, avec cette veste, vous n&#039;avez pas \u00e0 vous soucier de ne pas avoir l&#039;air \u00e0 votre place. Le TR36 est disponible en noir, bleu et cognac. Nous vous recommandons donc de simplement jeter un \u0153il \u00e0 la couleur qui, selon vous, convient le mieux \u00e0 votre propre style. Avec nous, vous pouvez facilement choisir la bonne taille en fonction de nos vid\u00e9os d&#039;instructions intelligentes. Ensuite, vous pouvez toujours nous contacter par mail ou WhatsApp. Nos employ\u00e9s aimeraient vous aider!<\/span><\/p>\n<p style=\"margin: 0cm; line-height: 18.0pt; box-sizing: border-box;\"><span style=\"font-size: 10.5pt; font-family: 'Arial',sans-serif; color: #282828;\">marque:\u00a0<a style=\"box-sizing: border-box; color: inherit;\" href=\"https:\/\/versano.nl\/\"><span style=\"text-decoration: none; text-underline: none;\">Versano<\/span><\/a><br style=\"box-sizing: border-box;\" \/>Mati\u00e8re: 100% cuir d&#039;agneau<br style=\"box-sizing: border-box;\" \/>Doublure: 100% polyester<br style=\"box-sizing: border-box;\" \/>Longueur: court<br style=\"box-sizing: border-box;\" \/>Coupe : coupe ajust\u00e9e<br style=\"box-sizing: border-box;\" \/>Fermeture: fermeture \u00e9clair<br style=\"box-sizing: border-box;\" \/>Poches: poches avec zip<br style=\"box-sizing: border-box;\" \/>Col: col montant<br style=\"box-sizing: border-box;\" \/>Mat\u00e9riau couche ext\u00e9rieure: Tr\u00e8s haute qualit\u00e9 et doux en peau d&#039;agneau<br style=\"box-sizing: border-box;\" \/>D\u00e9lai de livraison: 2-3 jours ouvrables<\/span><\/p>","protected":false},"excerpt":{"rendered":"<p>CHOISISSEZ UNE AUTRE COULEUR ICI<\/p>\n<p><a href=\"https:\/\/versano.nl\/shop\/leren-jas-heren-versano-tr36-cognac\/\"><img loading=\"lazy\" decoding=\"async\" class=\"alignnone size-full wp-image-19933\" src=\"https:\/\/versano.nl\/wp-content\/uploads\/sites\/2\/2016\/04\/leren-jassen-heren-cognac-versano-tr36-thumb.jpg\" alt=\"\" width=\"57\" height=\"75\" \/><\/a><a href=\"https:\/\/versano.nl\/shop\/leren-jas-heren-versano-tr36-blauw\/\"><img loading=\"lazy\" decoding=\"async\" class=\"alignnone size-full wp-image-19932\" src=\"https:\/\/versano.nl\/wp-content\/uploads\/sites\/2\/2016\/04\/leren-heren-jassen-blauw-versano-tr36-thumb.jpg\" alt=\"\" width=\"58\" height=\"75\" \/><\/a><\/p>\n<p><span style=\"color: #ff0000;\">Conseils d&#039;ajustement:\u00a0<\/span>La coupe de cette veste est ajust\u00e9e. Notre mannequin mesure 1,75 cm et porte une taille M.<\/p>\n<p>Si vous n&#039;\u00eates pas s\u00fbr de vos mesures, nous vous recommandons de commencer par mesurer vos mesures de taille et de les comparer avec notre tableau des tailles. Si vous n&#039;avez aucune exp\u00e9rience dans la mesure des tailles de circonf\u00e9rence, cliquez sur\u00a0<a href=\"https:\/\/www.youtube.com\/watch?v=3ZSfY87v6pM\"><em>ICI<\/em>\u00a0<\/a>\u00a0\u00e0\u00a0<span style=\"color: #ff0000;\"><a style=\"color: #ff0000;\" href=\"https:\/\/www.youtube.com\/watch?v=3ZSfY87v6pM\"><em>VIDEO<\/em><\/a>\u00a0<\/span> avec des instructions. Vous pouvez \u00e9galement nous appeler ou nous appliquer directement! Nos employ\u00e9s sont toujours disponibles pour vous aider.<\/p>\n<p><strong>HEURE DE LIVRAISON :<\/strong>\u00a02 \u00e0 3 jours ouvr\u00e9s.<\/p>","protected":false},"featured_media":20978,"comment_status":"closed","ping_status":"closed","template":"","meta":[],"product_brand":[],"product_cat":[1670,147,874,907,1671,908,1669,1712,913,910],"product_tag":[1691,1775,49,1692,50,1698,1773,52,53,24,1697,1758,1774,55,56,347,59,348],"class_list":{"0":"post-1184","1":"product","2":"type-product","3":"status-publish","4":"has-post-thumbnail","6":"product_cat-heren-leren-jas","7":"product_cat-heren-leren-jassen","8":"product_cat-kort-leren-jasje","9":"product_cat-kort-leren-jasje-heren","10":"product_cat-leren-heren-jas","11":"product_cat-leren-heren-jassen","12":"product_cat-leren-jas-heren","13":"product_cat-leren-jassen","14":"product_cat-leren-jassen-heren-uitverkoop","15":"product_cat-leren-jassen-heren","16":"product_tag-echt-leer-heren-jas","17":"product_tag-echt-leer-heren-jassen","18":"product_tag-heren-zwart","19":"product_tag-lamsleer-heren-jas","20":"product_tag-lederen-heren-jas-zwart","21":"product_tag-leren-heren-jas-sale","22":"product_tag-leren-heren-jas-versano","23":"product_tag-leren-jas-heren-zwart","24":"product_tag-leren-jas-zwart","25":"product_tag-stoer-jasje-heren","26":"product_tag-uitverkoop-heren-leren-jas","27":"product_tag-versano-herencollectie","28":"product_tag-zomerjas-heren","29":"product_tag-zwarte-heren-jas","30":"product_tag-zwarte-heren-leren-jas","31":"product_tag-zwarte-lederen-heren-jas","32":"product_tag-zwarte-leren-heren-jas","33":"product_tag-zwarte-leren-jas-heren","34":"tm-no-options","36":"first","37":"instock","38":"sale","39":"taxable","40":"shipping-taxable","41":"purchasable","42":"product-type-variable"},"yoast_head":"<!-- This site is optimized with the Yoast SEO plugin v27.2 - https:\/\/yoast.com\/product\/yoast-seo-wordpress\/ -->\n<title>Leren heren jas zwart TR36 Versano, leren heren jas zwart Versano<\/title>\n<meta name=\"description\" content=\"Bent u op zoek naar een Leren heren jas zwart TR36 Versano? Dan bent u bij ons aan het juiste adres. Bekijk de heren collectie van Versano.\" \/>\n<meta name=\"robots\" content=\"index, follow, max-snippet:-1, max-image-preview:large, max-video-preview:-1\" \/>\n<link rel=\"canonical\" href=\"https:\/\/versano.nl\/fr\/shop\/leren-jas-heren-versano-tr36-zwart\/\" \/>\n<meta property=\"og:locale\" content=\"fr_FR\" \/>\n<meta property=\"og:type\" content=\"article\" \/>\n<meta property=\"og:title\" content=\"Leren heren jas zwart TR36 Versano, leren heren jas zwart Versano\" \/>\n<meta property=\"og:description\" content=\"Bent u op zoek naar een Leren heren jas zwart TR36 Versano? Dan bent u bij ons aan het juiste adres. Bekijk de heren collectie van Versano.\" \/>\n<meta property=\"og:url\" content=\"https:\/\/versano.nl\/fr\/shop\/leren-jas-heren-versano-tr36-zwart\/\" \/>\n<meta property=\"og:site_name\" content=\"Versano\" \/>\n<meta property=\"article:modified_time\" content=\"2024-12-11T16:28:53+00:00\" \/>\n<meta property=\"og:image\" content=\"https:\/\/versano.nl\/wp-content\/uploads\/2014\/09\/heren-leren-jassen-zwart-versano-tr36-model5.jpg\" \/>\n\t<meta property=\"og:image:width\" content=\"900\" \/>\n\t<meta property=\"og:image:height\" content=\"1176\" \/>\n\t<meta property=\"og:image:type\" content=\"image\/jpeg\" \/>\n<meta name=\"twitter:card\" content=\"summary_large_image\" \/>\n<meta name=\"twitter:label1\" content=\"Dur\u00e9e de lecture estim\u00e9e\" \/>\n\t<meta name=\"twitter:data1\" content=\"1 minute\" \/>\n<script type=\"application\/ld+json\" class=\"yoast-schema-graph\">{\"@context\":\"https:\/\/schema.org\",\"@graph\":[{\"@type\":\"WebPage\",\"@id\":\"https:\/\/versano.nl\/shop\/leren-jas-heren-versano-tr36-zwart\/\",\"url\":\"https:\/\/versano.nl\/shop\/leren-jas-heren-versano-tr36-zwart\/\",\"name\":\"Leren heren jas zwart TR36 Versano, leren heren jas zwart Versano\",\"isPartOf\":{\"@id\":\"https:\/\/versano.nl\/#website\"},\"primaryImageOfPage\":{\"@id\":\"https:\/\/versano.nl\/shop\/leren-jas-heren-versano-tr36-zwart\/#primaryimage\"},\"image\":{\"@id\":\"https:\/\/versano.nl\/shop\/leren-jas-heren-versano-tr36-zwart\/#primaryimage\"},\"thumbnailUrl\":\"https:\/\/versano.nl\/wp-content\/uploads\/2014\/09\/heren-leren-jassen-zwart-versano-tr36-model5.jpg\",\"datePublished\":\"2014-09-10T13:11:09+00:00\",\"dateModified\":\"2024-12-11T16:28:53+00:00\",\"description\":\"Bent u op zoek naar een Leren heren jas zwart TR36 Versano? Dan bent u bij ons aan het juiste adres. Bekijk de heren collectie van Versano.\",\"breadcrumb\":{\"@id\":\"https:\/\/versano.nl\/shop\/leren-jas-heren-versano-tr36-zwart\/#breadcrumb\"},\"inLanguage\":\"fr-FR\",\"potentialAction\":[{\"@type\":\"ReadAction\",\"target\":[\"https:\/\/versano.nl\/shop\/leren-jas-heren-versano-tr36-zwart\/\"]}]},{\"@type\":\"ImageObject\",\"inLanguage\":\"fr-FR\",\"@id\":\"https:\/\/versano.nl\/shop\/leren-jas-heren-versano-tr36-zwart\/#primaryimage\",\"url\":\"https:\/\/versano.nl\/wp-content\/uploads\/2014\/09\/heren-leren-jassen-zwart-versano-tr36-model5.jpg\",\"contentUrl\":\"https:\/\/versano.nl\/wp-content\/uploads\/2014\/09\/heren-leren-jassen-zwart-versano-tr36-model5.jpg\",\"width\":900,\"height\":1176,\"caption\":\"Leren heren jas zwart TR36 Versano\"},{\"@type\":\"BreadcrumbList\",\"@id\":\"https:\/\/versano.nl\/shop\/leren-jas-heren-versano-tr36-zwart\/#breadcrumb\",\"itemListElement\":[{\"@type\":\"ListItem\",\"position\":1,\"name\":\"Home\",\"item\":\"https:\/\/versano.nl\/\"},{\"@type\":\"ListItem\",\"position\":2,\"name\":\"Shop\",\"item\":\"https:\/\/versano.nl\/shop\/\"},{\"@type\":\"ListItem\",\"position\":3,\"name\":\"Leren heren jas zwart TR36 Versano\"}]},{\"@type\":\"WebSite\",\"@id\":\"https:\/\/versano.nl\/#website\",\"url\":\"https:\/\/versano.nl\/\",\"name\":\"Versano\",\"description\":\"winterjassen met bontkraag | leren dames jassen | leren heren jassen\",\"potentialAction\":[{\"@type\":\"SearchAction\",\"target\":{\"@type\":\"EntryPoint\",\"urlTemplate\":\"https:\/\/versano.nl\/?s={search_term_string}\"},\"query-input\":{\"@type\":\"PropertyValueSpecification\",\"valueRequired\":true,\"valueName\":\"search_term_string\"}}],\"inLanguage\":\"fr-FR\"}]}<\/script>\n<!-- \/ Yoast SEO plugin. -->","yoast_head_json":{"title":"Blouson cuir homme noir TR36 Versano, Blouson cuir homme noir Versano","description":"Vous cherchez un blouson homme en cuir noir TR36 Versano ? Alors vous \u00eates au bon endroit. Voir la collection homme Versano.","robots":{"index":"index","follow":"follow","max-snippet":"max-snippet:-1","max-image-preview":"max-image-preview:large","max-video-preview":"max-video-preview:-1"},"canonical":"https:\/\/versano.nl\/fr\/shop\/leren-jas-heren-versano-tr36-zwart\/","og_locale":"fr_FR","og_type":"article","og_title":"Leren heren jas zwart TR36 Versano, leren heren jas zwart Versano","og_description":"Bent u op zoek naar een Leren heren jas zwart TR36 Versano? Dan bent u bij ons aan het juiste adres. Bekijk de heren collectie van Versano.","og_url":"https:\/\/versano.nl\/fr\/shop\/leren-jas-heren-versano-tr36-zwart\/","og_site_name":"Versano","article_modified_time":"2024-12-11T16:28:53+00:00","og_image":[{"width":900,"height":1176,"url":"https:\/\/versano.nl\/wp-content\/uploads\/2014\/09\/heren-leren-jassen-zwart-versano-tr36-model5.jpg","type":"image\/jpeg"}],"twitter_card":"summary_large_image","twitter_misc":{"Dur\u00e9e de lecture estim\u00e9e":"1 minute"},"schema":{"@context":"https:\/\/schema.org","@graph":[{"@type":"WebPage","@id":"https:\/\/versano.nl\/shop\/leren-jas-heren-versano-tr36-zwart\/","url":"https:\/\/versano.nl\/shop\/leren-jas-heren-versano-tr36-zwart\/","name":"Blouson cuir homme noir TR36 Versano, Blouson cuir homme noir Versano","isPartOf":{"@id":"https:\/\/versano.nl\/#website"},"primaryImageOfPage":{"@id":"https:\/\/versano.nl\/shop\/leren-jas-heren-versano-tr36-zwart\/#primaryimage"},"image":{"@id":"https:\/\/versano.nl\/shop\/leren-jas-heren-versano-tr36-zwart\/#primaryimage"},"thumbnailUrl":"https:\/\/versano.nl\/wp-content\/uploads\/2014\/09\/heren-leren-jassen-zwart-versano-tr36-model5.jpg","datePublished":"2014-09-10T13:11:09+00:00","dateModified":"2024-12-11T16:28:53+00:00","description":"Vous cherchez un blouson homme en cuir noir TR36 Versano ? Alors vous \u00eates au bon endroit. Voir la collection homme Versano.","breadcrumb":{"@id":"https:\/\/versano.nl\/shop\/leren-jas-heren-versano-tr36-zwart\/#breadcrumb"},"inLanguage":"fr-FR","potentialAction":[{"@type":"ReadAction","target":["https:\/\/versano.nl\/shop\/leren-jas-heren-versano-tr36-zwart\/"]}]},{"@type":"ImageObject","inLanguage":"fr-FR","@id":"https:\/\/versano.nl\/shop\/leren-jas-heren-versano-tr36-zwart\/#primaryimage","url":"https:\/\/versano.nl\/wp-content\/uploads\/2014\/09\/heren-leren-jassen-zwart-versano-tr36-model5.jpg","contentUrl":"https:\/\/versano.nl\/wp-content\/uploads\/2014\/09\/heren-leren-jassen-zwart-versano-tr36-model5.jpg","width":900,"height":1176,"caption":"Leren heren jas zwart TR36 Versano"},{"@type":"BreadcrumbList","@id":"https:\/\/versano.nl\/shop\/leren-jas-heren-versano-tr36-zwart\/#breadcrumb","itemListElement":[{"@type":"ListItem","position":1,"name":"Home","item":"https:\/\/versano.nl\/"},{"@type":"ListItem","position":2,"name":"Shop","item":"https:\/\/versano.nl\/shop\/"},{"@type":"ListItem","position":3,"name":"Leren heren jas zwart TR36 Versano"}]},{"@type":"WebSite","@id":"https:\/\/versano.nl\/#website","url":"https:\/\/versano.nl\/","name":"Versano","description":"manteaux d&#039;hiver avec col en fourrure | vestes femme en cuir | vestes en cuir pour hommes","potentialAction":[{"@type":"SearchAction","target":{"@type":"EntryPoint","urlTemplate":"https:\/\/versano.nl\/?s={search_term_string}"},"query-input":{"@type":"PropertyValueSpecification","valueRequired":true,"valueName":"search_term_string"}}],"inLanguage":"fr-FR"}]}},"_links":{"self":[{"href":"https:\/\/versano.nl\/fr\/wp-json\/wp\/v2\/product\/1184","targetHints":{"allow":["GET"]}}],"collection":[{"href":"https:\/\/versano.nl\/fr\/wp-json\/wp\/v2\/product"}],"about":[{"href":"https:\/\/versano.nl\/fr\/wp-json\/wp\/v2\/types\/product"}],"replies":[{"embeddable":true,"href":"https:\/\/versano.nl\/fr\/wp-json\/wp\/v2\/comments?post=1184"}],"wp:featuredmedia":[{"embeddable":true,"href":"https:\/\/versano.nl\/fr\/wp-json\/wp\/v2\/media\/20978"}],"wp:attachment":[{"href":"https:\/\/versano.nl\/fr\/wp-json\/wp\/v2\/media?parent=1184"}],"wp:term":[{"taxonomy":"product_brand","embeddable":true,"href":"https:\/\/versano.nl\/fr\/wp-json\/wp\/v2\/product_brand?post=1184"},{"taxonomy":"product_cat","embeddable":true,"href":"https:\/\/versano.nl\/fr\/wp-json\/wp\/v2\/product_cat?post=1184"},{"taxonomy":"product_tag","embeddable":true,"href":"https:\/\/versano.nl\/fr\/wp-json\/wp\/v2\/product_tag?post=1184"}],"curies":[{"name":"wp","href":"https:\/\/api.w.org\/{rel}","templated":true}]}}