{"id":11330,"date":"2016-04-07T14:52:47","date_gmt":"2016-04-07T14:52:47","guid":{"rendered":"https:\/\/versano.nl\/shop\/leren-jas-heren-versano-tr50-cognac\/"},"modified":"2024-08-20T19:35:26","modified_gmt":"2024-08-20T19:35:26","slug":"leren-jas-heren-versano-tr50-cognac","status":"publish","type":"product","link":"https:\/\/versano.nl\/fr\/shop\/leren-jas-heren-versano-tr50-cognac\/","title":{"rendered":"Blouson motard cuir homme cognac TR50 Versano"},"content":{"rendered":"<h2>Blouson motard cuir homme cognac TR50 Versano<\/h2>\n<p style=\"margin: 0cm 0cm 16.5pt 0cm\"><span style=\"font-size: 10.5pt;font-family: 'Arial',sans-serif;color: #282828\">Cette veste en cuir est un v\u00e9ritable accroche-regard et excelle en termes de confort et de mod\u00e8le. On a affaire ici \u00e0 une veste qui a l&#039;air costaud. Cette veste est faite de cuir d&#039;agneau et est une veste de motard vraiment cool. La veste a deux poches lat\u00e9rales profondes avec une fermeture \u00e9clair et une poche int\u00e9rieure. Cette veste en cuir pour homme a une excellente finition et a une coupe ajust\u00e9e. Pas besoin d&#039;\u00eatre motard pour porter cette veste. Il fera aussi bien l&#039;affaire lorsque vous sortez pour une soir\u00e9e ou que vous vous rendez \u00e0 une occasion sp\u00e9ciale. C&#039;est une veste en cuir que vous pouvez porter en toutes saisons de l&#039;ann\u00e9e. Avec la Veste de motard en cuir homme cognac TR50 Versano, vous obtenez une veste qui vous plaira certainement. Vous pouvez facilement commander ce mod\u00e8le sur notre site en diff\u00e9rentes couleurs.<\/span><\/p>\n<h2 style=\"margin: 11.25pt 0cm 11.25pt 0cm\"><span style=\"font-size: 15.0pt;font-family: 'Arial',sans-serif;color: #282828\">Commander le mod\u00e8le TR50 en cognac<\/span><\/h2>\n<p style=\"margin: 0cm 0cm 16.5pt 0cm\"><span style=\"font-size: 10.5pt;font-family: 'Arial',sans-serif;color: #282828\">Vous cherchez une veste de motard en cuir cool? Alors il est bon de jeter un \u0153il \u00e0 la gamme My-Versano. Nous vendons les vestes en cuir de la c\u00e9l\u00e8bre marque Versano. Les plus beaux mat\u00e9riaux sont ici utilis\u00e9s, qui sont moul\u00e9s par les meilleurs designers dans un mod\u00e8le attrayant et robuste. Le TR50 est disponible dans les couleurs noir et cognac, nous vous recommandons donc de voir simplement quelle couleur vous semble la mieux adapt\u00e9e \u00e0 votre propre style. Avec nous, vous pouvez facilement choisir la bonne taille en fonction de nos vid\u00e9os d&#039;instructions intelligentes. Ensuite, vous pouvez toujours nous contacter par mail ou WhatsApp. Nos employ\u00e9s aimeraient vous aider!<\/span><\/p>\n<p style=\"margin: 0cm\"><span style=\"font-size: 10.5pt;font-family: 'Arial',sans-serif;color: #282828\">marque:\u00a0<a href=\"https:\/\/versano.nl\/\">Versano<\/a><br \/>\nMati\u00e8re: 100% cuir d&#039;agneau<br \/>\nDoublure: 100% polyester<br \/>\nLongueur: court<br \/>\nCoupe : coupe ajust\u00e9e<br \/>\nFermeture: fermeture \u00e9clair<br \/>\nPoches: poches avec zip<br \/>\nCol: col montant<br \/>\nMat\u00e9riau couche ext\u00e9rieure: Tr\u00e8s haute qualit\u00e9 et doux en peau d&#039;agneau<br \/>\nD\u00e9lai de livraison: 2-3 jours ouvrables<\/span><\/p>","protected":false},"excerpt":{"rendered":"<p>CHOISISSEZ UNE AUTRE COULEUR ICI<\/p>\n<p><a href=\"https:\/\/versano.nl\/shop\/heren-bikerjack-lamsleer-zwart-versano-tr50\/\"><img loading=\"lazy\" decoding=\"async\" class=\"alignnone size-full wp-image-19912\" src=\"https:\/\/versano.nl\/wp-content\/uploads\/sites\/2\/2018\/08\/leren-bikerjack-heren-zwart-versano-tr50-thumb.jpg\" alt=\"\" width=\"57\" height=\"75\" \/><\/a><\/p>\n<p style=\"margin: 0cm 0cm 11.25pt 0cm\"><span style=\"font-size: 10.5pt;font-family: 'Arial',sans-serif;color: red\">Conseils d&#039;ajustement:\u00a0<\/span><span style=\"font-size: 10.5pt;font-family: 'Arial',sans-serif;color: #5d5d5d\">La coupe de cette veste est ajust\u00e9e. Notre mannequin mesure 1,75 cm et porte une taille M.<\/span><\/p>\n<p style=\"margin: 0cm 0cm 11.25pt 0cm\"><span style=\"font-size: 10.5pt;font-family: 'Arial',sans-serif;color: #5d5d5d\">Si vous n&#039;\u00eates pas s\u00fbr de vos mesures, nous vous recommandons de commencer par mesurer vos mesures de taille et de les comparer avec notre tableau des tailles. Si vous n&#039;avez aucune exp\u00e9rience dans la mesure des tailles de circonf\u00e9rence, cliquez sur\u00a0<a href=\"https:\/\/www.youtube.com\/watch?v=3ZSfY87v6pM\"><em><span style=\"font-family: 'Arial',sans-serif;text-decoration: none\">ICI<\/span><\/em><span style=\"text-decoration: none\">\u00a0<\/span><\/a>\u00a0\u00e0\u00a0<a href=\"https:\/\/www.youtube.com\/watch?v=3ZSfY87v6pM\"><em><span style=\"font-family: 'Arial',sans-serif;color: red;text-decoration: none\">VIDEO<\/span><\/em><\/a>\u00a0 avec des instructions. Vous pouvez \u00e9galement nous appeler ou nous appliquer directement! Nos employ\u00e9s sont toujours disponibles pour vous aider.<\/span><\/p>\n<p style=\"margin: 0cm\"><strong><span style=\"font-size: 10.5pt;font-family: 'Arial',sans-serif;color: #5d5d5d\">HEURE DE LIVRAISON :<\/span><\/strong><span style=\"font-size: 10.5pt;font-family: 'Arial',sans-serif;color: #5d5d5d\"> 2 \u00e0 3 jours ouvr\u00e9s.<\/span><\/p>","protected":false},"featured_media":13898,"comment_status":"closed","ping_status":"closed","template":"","meta":[],"product_brand":[],"product_cat":[1672,1670,147,874,907,912,1671,908,1669,1712,913,910,882],"product_tag":[1727,644,1725,1726,1724,301,645,646,1692,1698,23,647,24,1697,1716,105,1708],"class_list":{"0":"post-11330","1":"product","2":"type-product","3":"status-publish","4":"has-post-thumbnail","6":"product_cat-biker-jas-heren","7":"product_cat-heren-leren-jas","8":"product_cat-heren-leren-jassen","9":"product_cat-kort-leren-jasje","10":"product_cat-kort-leren-jasje-heren","11":"product_cat-leren-bikerjacks-heren","12":"product_cat-leren-heren-jas","13":"product_cat-leren-heren-jassen","14":"product_cat-leren-jas-heren","15":"product_cat-leren-jassen","16":"product_cat-leren-jassen-heren-uitverkoop","17":"product_cat-leren-jassen-heren","18":"product_cat-versano","19":"product_tag-biker-jas-heren-echt-leer","20":"product_tag-bikerjack-heren-cognac","21":"product_tag-cognac-biker-jas-heren","22":"product_tag-echt-leer-biker-jas","23":"product_tag-goedkope-leren-jas-heren","24":"product_tag-heren-bikerjack-cognac","25":"product_tag-heren-jas-leder-cognac","26":"product_tag-heren-motorjack-cognac","27":"product_tag-lamsleer-heren-jas","28":"product_tag-leren-heren-jas-sale","29":"product_tag-motorjacks-heren","30":"product_tag-online-heren-bikerjacks","31":"product_tag-stoer-jasje-heren","32":"product_tag-uitverkoop-heren-leren-jas","33":"product_tag-versano-heren-collectie","34":"product_tag-versano-leren-jassen","35":"product_tag-zomerjassen-heren","36":"tm-no-options","38":"first","39":"instock","40":"sale","41":"taxable","42":"shipping-taxable","43":"purchasable","44":"product-type-variable","45":"has-default-attributes"},"yoast_head":"<!-- This site is optimized with the Yoast SEO plugin v27.2 - https:\/\/yoast.com\/product\/yoast-seo-wordpress\/ -->\n<title>Leren biker jas heren cognac TR50 Versano, biker jas cognac<\/title>\n<meta name=\"description\" content=\"Op zoek naar een Leren biker jas heren cognac TR50 Versano? Dan bent u bij het bekende jassenmerk Versano aan het juiste adres.\" \/>\n<meta name=\"robots\" content=\"index, follow, max-snippet:-1, max-image-preview:large, max-video-preview:-1\" \/>\n<link rel=\"canonical\" href=\"https:\/\/versano.nl\/fr\/shop\/leren-jas-heren-versano-tr50-cognac\/\" \/>\n<meta property=\"og:locale\" content=\"fr_FR\" \/>\n<meta property=\"og:type\" content=\"article\" \/>\n<meta property=\"og:title\" content=\"Leren biker jas heren cognac TR50 Versano, biker jas cognac\" \/>\n<meta property=\"og:description\" content=\"Op zoek naar een Leren biker jas heren cognac TR50 Versano? Dan bent u bij het bekende jassenmerk Versano aan het juiste adres.\" \/>\n<meta property=\"og:url\" content=\"https:\/\/versano.nl\/fr\/shop\/leren-jas-heren-versano-tr50-cognac\/\" \/>\n<meta property=\"og:site_name\" content=\"Versano\" \/>\n<meta property=\"article:modified_time\" content=\"2024-08-20T19:35:26+00:00\" \/>\n<meta property=\"og:image\" content=\"https:\/\/versano.nl\/wp-content\/uploads\/2019\/11\/heren-bikerjack-cognac-schuine-ritsversano-tr50-1.jpg\" \/>\n\t<meta property=\"og:image:width\" content=\"900\" \/>\n\t<meta property=\"og:image:height\" content=\"1176\" \/>\n\t<meta property=\"og:image:type\" content=\"image\/jpeg\" \/>\n<meta name=\"twitter:card\" content=\"summary_large_image\" \/>\n<meta name=\"twitter:label1\" content=\"Dur\u00e9e de lecture estim\u00e9e\" \/>\n\t<meta name=\"twitter:data1\" content=\"2 minutes\" \/>\n<script type=\"application\/ld+json\" class=\"yoast-schema-graph\">{\"@context\":\"https:\/\/schema.org\",\"@graph\":[{\"@type\":\"WebPage\",\"@id\":\"https:\/\/versano.nl\/shop\/leren-jas-heren-versano-tr50-cognac\/\",\"url\":\"https:\/\/versano.nl\/shop\/leren-jas-heren-versano-tr50-cognac\/\",\"name\":\"Leren biker jas heren cognac TR50 Versano, biker jas cognac\",\"isPartOf\":{\"@id\":\"https:\/\/versano.nl\/#website\"},\"primaryImageOfPage\":{\"@id\":\"https:\/\/versano.nl\/shop\/leren-jas-heren-versano-tr50-cognac\/#primaryimage\"},\"image\":{\"@id\":\"https:\/\/versano.nl\/shop\/leren-jas-heren-versano-tr50-cognac\/#primaryimage\"},\"thumbnailUrl\":\"https:\/\/versano.nl\/wp-content\/uploads\/2019\/11\/heren-bikerjack-cognac-schuine-ritsversano-tr50-1.jpg\",\"datePublished\":\"2016-04-07T14:52:47+00:00\",\"dateModified\":\"2024-08-20T19:35:26+00:00\",\"description\":\"Op zoek naar een Leren biker jas heren cognac TR50 Versano? Dan bent u bij het bekende jassenmerk Versano aan het juiste adres.\",\"breadcrumb\":{\"@id\":\"https:\/\/versano.nl\/shop\/leren-jas-heren-versano-tr50-cognac\/#breadcrumb\"},\"inLanguage\":\"fr-FR\",\"potentialAction\":[{\"@type\":\"ReadAction\",\"target\":[\"https:\/\/versano.nl\/shop\/leren-jas-heren-versano-tr50-cognac\/\"]}]},{\"@type\":\"ImageObject\",\"inLanguage\":\"fr-FR\",\"@id\":\"https:\/\/versano.nl\/shop\/leren-jas-heren-versano-tr50-cognac\/#primaryimage\",\"url\":\"https:\/\/versano.nl\/wp-content\/uploads\/2019\/11\/heren-bikerjack-cognac-schuine-ritsversano-tr50-1.jpg\",\"contentUrl\":\"https:\/\/versano.nl\/wp-content\/uploads\/2019\/11\/heren-bikerjack-cognac-schuine-ritsversano-tr50-1.jpg\",\"width\":900,\"height\":1176,\"caption\":\"Leren biker jas heren cognac TR50 Versano\"},{\"@type\":\"BreadcrumbList\",\"@id\":\"https:\/\/versano.nl\/shop\/leren-jas-heren-versano-tr50-cognac\/#breadcrumb\",\"itemListElement\":[{\"@type\":\"ListItem\",\"position\":1,\"name\":\"Home\",\"item\":\"https:\/\/versano.nl\/\"},{\"@type\":\"ListItem\",\"position\":2,\"name\":\"Shop\",\"item\":\"https:\/\/versano.nl\/shop\/\"},{\"@type\":\"ListItem\",\"position\":3,\"name\":\"Leren biker jas heren cognac TR50 Versano\"}]},{\"@type\":\"WebSite\",\"@id\":\"https:\/\/versano.nl\/#website\",\"url\":\"https:\/\/versano.nl\/\",\"name\":\"Versano\",\"description\":\"winterjassen met bontkraag | leren dames jassen | leren heren jassen\",\"potentialAction\":[{\"@type\":\"SearchAction\",\"target\":{\"@type\":\"EntryPoint\",\"urlTemplate\":\"https:\/\/versano.nl\/?s={search_term_string}\"},\"query-input\":{\"@type\":\"PropertyValueSpecification\",\"valueRequired\":true,\"valueName\":\"search_term_string\"}}],\"inLanguage\":\"fr-FR\"}]}<\/script>\n<!-- \/ Yoast SEO plugin. -->","yoast_head_json":{"title":"Veste motard cuir homme cognac TR50 Versano, veste motard cognac","description":"A la recherche d&#039;un Blouson biker cuir homme cognac TR50 Versano ? Alors vous \u00eates au bon endroit chez la c\u00e9l\u00e8bre marque de vestes Versano.","robots":{"index":"index","follow":"follow","max-snippet":"max-snippet:-1","max-image-preview":"max-image-preview:large","max-video-preview":"max-video-preview:-1"},"canonical":"https:\/\/versano.nl\/fr\/shop\/leren-jas-heren-versano-tr50-cognac\/","og_locale":"fr_FR","og_type":"article","og_title":"Leren biker jas heren cognac TR50 Versano, biker jas cognac","og_description":"Op zoek naar een Leren biker jas heren cognac TR50 Versano? Dan bent u bij het bekende jassenmerk Versano aan het juiste adres.","og_url":"https:\/\/versano.nl\/fr\/shop\/leren-jas-heren-versano-tr50-cognac\/","og_site_name":"Versano","article_modified_time":"2024-08-20T19:35:26+00:00","og_image":[{"width":900,"height":1176,"url":"https:\/\/versano.nl\/wp-content\/uploads\/2019\/11\/heren-bikerjack-cognac-schuine-ritsversano-tr50-1.jpg","type":"image\/jpeg"}],"twitter_card":"summary_large_image","twitter_misc":{"Dur\u00e9e de lecture estim\u00e9e":"2 minutes"},"schema":{"@context":"https:\/\/schema.org","@graph":[{"@type":"WebPage","@id":"https:\/\/versano.nl\/shop\/leren-jas-heren-versano-tr50-cognac\/","url":"https:\/\/versano.nl\/shop\/leren-jas-heren-versano-tr50-cognac\/","name":"Veste motard cuir homme cognac TR50 Versano, veste motard cognac","isPartOf":{"@id":"https:\/\/versano.nl\/#website"},"primaryImageOfPage":{"@id":"https:\/\/versano.nl\/shop\/leren-jas-heren-versano-tr50-cognac\/#primaryimage"},"image":{"@id":"https:\/\/versano.nl\/shop\/leren-jas-heren-versano-tr50-cognac\/#primaryimage"},"thumbnailUrl":"https:\/\/versano.nl\/wp-content\/uploads\/2019\/11\/heren-bikerjack-cognac-schuine-ritsversano-tr50-1.jpg","datePublished":"2016-04-07T14:52:47+00:00","dateModified":"2024-08-20T19:35:26+00:00","description":"A la recherche d&#039;un Blouson biker cuir homme cognac TR50 Versano ? Alors vous \u00eates au bon endroit chez la c\u00e9l\u00e8bre marque de vestes Versano.","breadcrumb":{"@id":"https:\/\/versano.nl\/shop\/leren-jas-heren-versano-tr50-cognac\/#breadcrumb"},"inLanguage":"fr-FR","potentialAction":[{"@type":"ReadAction","target":["https:\/\/versano.nl\/shop\/leren-jas-heren-versano-tr50-cognac\/"]}]},{"@type":"ImageObject","inLanguage":"fr-FR","@id":"https:\/\/versano.nl\/shop\/leren-jas-heren-versano-tr50-cognac\/#primaryimage","url":"https:\/\/versano.nl\/wp-content\/uploads\/2019\/11\/heren-bikerjack-cognac-schuine-ritsversano-tr50-1.jpg","contentUrl":"https:\/\/versano.nl\/wp-content\/uploads\/2019\/11\/heren-bikerjack-cognac-schuine-ritsversano-tr50-1.jpg","width":900,"height":1176,"caption":"Leren biker jas heren cognac TR50 Versano"},{"@type":"BreadcrumbList","@id":"https:\/\/versano.nl\/shop\/leren-jas-heren-versano-tr50-cognac\/#breadcrumb","itemListElement":[{"@type":"ListItem","position":1,"name":"Home","item":"https:\/\/versano.nl\/"},{"@type":"ListItem","position":2,"name":"Shop","item":"https:\/\/versano.nl\/shop\/"},{"@type":"ListItem","position":3,"name":"Leren biker jas heren cognac TR50 Versano"}]},{"@type":"WebSite","@id":"https:\/\/versano.nl\/#website","url":"https:\/\/versano.nl\/","name":"Versano","description":"manteaux d&#039;hiver avec col en fourrure | vestes femme en cuir | vestes en cuir pour hommes","potentialAction":[{"@type":"SearchAction","target":{"@type":"EntryPoint","urlTemplate":"https:\/\/versano.nl\/?s={search_term_string}"},"query-input":{"@type":"PropertyValueSpecification","valueRequired":true,"valueName":"search_term_string"}}],"inLanguage":"fr-FR"}]}},"_links":{"self":[{"href":"https:\/\/versano.nl\/fr\/wp-json\/wp\/v2\/product\/11330","targetHints":{"allow":["GET"]}}],"collection":[{"href":"https:\/\/versano.nl\/fr\/wp-json\/wp\/v2\/product"}],"about":[{"href":"https:\/\/versano.nl\/fr\/wp-json\/wp\/v2\/types\/product"}],"replies":[{"embeddable":true,"href":"https:\/\/versano.nl\/fr\/wp-json\/wp\/v2\/comments?post=11330"}],"wp:featuredmedia":[{"embeddable":true,"href":"https:\/\/versano.nl\/fr\/wp-json\/wp\/v2\/media\/13898"}],"wp:attachment":[{"href":"https:\/\/versano.nl\/fr\/wp-json\/wp\/v2\/media?parent=11330"}],"wp:term":[{"taxonomy":"product_brand","embeddable":true,"href":"https:\/\/versano.nl\/fr\/wp-json\/wp\/v2\/product_brand?post=11330"},{"taxonomy":"product_cat","embeddable":true,"href":"https:\/\/versano.nl\/fr\/wp-json\/wp\/v2\/product_cat?post=11330"},{"taxonomy":"product_tag","embeddable":true,"href":"https:\/\/versano.nl\/fr\/wp-json\/wp\/v2\/product_tag?post=11330"}],"curies":[{"name":"wp","href":"https:\/\/api.w.org\/{rel}","templated":true}]}}