{"id":11095,"date":"2019-02-02T19:42:43","date_gmt":"2019-02-02T19:42:43","guid":{"rendered":"https:\/\/leathershopdoci.nl\/?post_type=product&#038;p=18471"},"modified":"2025-03-04T02:56:32","modified_gmt":"2025-03-04T02:56:32","slug":"heren-bomber-jas-van-imitatieleer-zwart-trr-48-versano","status":"publish","type":"product","link":"https:\/\/versano.nl\/fr\/shop\/heren-bomber-jas-van-imitatieleer-zwart-trr-48-versano\/","title":{"rendered":"blouson homme en simili cuir noir TRR 48 Versano"},"content":{"rendered":"<h2>blouson homme en simili cuir noir TRR 48 Versano<\/h2>\n<p>Les blousons aviateur ont toujours fait partie de la sc\u00e8ne de la mode, mais ces derniers temps, vous voyez de plus en plus ces blousons de pilote pour hommes. Avec le blouson bomber pour homme en simili cuir noir TRR 48 Versano, vous obtenez une belle veste basique que vous pouvez porter en toutes saisons. Ce mod\u00e8le robuste est enti\u00e8rement r\u00e9alis\u00e9 en simili cuir souple et arbore l&#039;allure typiquement biker sur les \u00e9paules. Cette veste va comme un gant gr\u00e2ce \u00e0 sa coupe parfaite. La veste est \u00e9quip\u00e9e de 2 poches zipp\u00e9es, et de bord-c\u00f4te sur les manches, le col montant et la taille. Avec cette veste, vous pouvez \u00eatre s\u00fbr que vous aurez bient\u00f4t une nouvelle veste accroch\u00e9e \u00e0 vos \u00e9paules dans laquelle vous pourrez \u00eatre vu. Nous vous conseillons donc de commander simplement cette veste chez nous et d&#039;\u00eatre s\u00fbr d&#039;avoir achet\u00e9 une belle nouvelle veste. Voulez-vous en savoir plus sur ce produit? Ensuite, nous vous recommandons d&#039;envoyer simplement un e-mail \u00e0 Versano.<\/p>\n<h2>Commander le mod\u00e8le TRR 48 en noir<\/h2>\n<p>Avec une si belle veste Versano, vous pouvez \u00eatre s\u00fbr que vous pourrez la porter tout l&#039;hiver. Vous pouvez facilement commander ce mod\u00e8le dans la boutique en ligne Versano. Nous avons rassembl\u00e9 ici toutes nos vestes pour que vous puissiez facilement passer une commande. Chez Versano, vous pouvez toujours \u00eatre s\u00fbr que vous achetez un beau manteau qui a \u00e9t\u00e9 travaill\u00e9 avec soin. Avec nous, vous pouvez facilement choisir la bonne taille en fonction de nos vid\u00e9os d&#039;instructions intelligentes. Vous avez des questions ou vous ne savez pas quelle taille commander ? Ensuite, vous pouvez toujours nous contacter par mail ou WhatsApp. Nos employ\u00e9s aimeraient vous aider!<\/p>\n<p><a href=\"https:\/\/versano.nl\/\">Versano<\/a><br \/>\nMati\u00e8re: 100% PU<br \/>\nDoublure: 100% polyester<br \/>\nLongueur: court<br \/>\nCoupe : coupe ajust\u00e9e<br \/>\nFermeture: fermeture \u00e9clair<br \/>\nPoches: poches avec zip<br \/>\nCol: col montant<br \/>\nMat\u00e9riau couche ext\u00e9rieure: Tr\u00e8s haute qualit\u00e9 et simili-cuir souple<br \/>\nD\u00e9lai de livraison: 2-3 jours ouvrables<\/p>","protected":false},"excerpt":{"rendered":"<p style=\"margin: 0cm 0cm 11.25pt 0cm;\"><span style=\"font-family: 'Arial',sans-serif; color: red;\">Conseils d&#039;ajustement:\u00a0<\/span><span style=\"font-family: 'Arial',sans-serif;\">La coupe de cette veste est ajust\u00e9e. Notre mannequin mesure 1,75 cm et porte une taille M.<\/span><\/p>\n<p style=\"margin: 0cm 0cm 11.25pt 0cm;\"><span style=\"font-family: 'Arial',sans-serif;\">Si vous n&#039;\u00eates pas s\u00fbr de vos mesures, nous vous recommandons de commencer par mesurer vos mesures de taille et de les comparer avec notre tableau des tailles. Si vous n&#039;avez aucune exp\u00e9rience dans la mesure des tailles de circonf\u00e9rence, cliquez sur\u00a0<\/span><a href=\"https:\/\/www.youtube.com\/watch?v=3ZSfY87v6pM\"><em><span style=\"font-family: 'Arial',sans-serif; color: windowtext; text-decoration: none; text-underline: none;\">ICI<\/span><\/em><span style=\"font-family: 'Arial',sans-serif; color: windowtext; text-decoration: none; text-underline: none;\">\u00a0<\/span><\/a><span style=\"font-family: 'Arial',sans-serif;\">\u00a0\u00e0\u00a0<\/span><a href=\"https:\/\/www.youtube.com\/watch?v=3ZSfY87v6pM\"><em><span style=\"font-family: 'Arial',sans-serif; color: red; text-decoration: none; text-underline: none;\">VIDEO<\/span><\/em><\/a><span style=\"font-family: 'Arial',sans-serif;\">\u00a0 avec des instructions. Vous pouvez \u00e9galement nous appeler ou nous appliquer directement! Nos employ\u00e9s sont toujours disponibles pour vous aider.<\/span><\/p>\n<p style=\"margin: 0cm;\"><strong><span style=\"font-family: 'Arial',sans-serif;\">HEURE DE LIVRAISON :<\/span><\/strong><span style=\"font-family: 'Arial',sans-serif;\">\u00a02 \u00e0 3 jours ouvr\u00e9s.<\/span><\/p>","protected":false},"featured_media":20748,"comment_status":"open","ping_status":"closed","template":"","meta":[],"product_brand":[],"product_cat":[1672,734,923,15,16,732,882],"product_tag":[1987,1015,1016,1971,1017,1953,1018,1983,1716,1990,1991,1856,1989,1986,1019,1988,1020],"class_list":{"0":"post-11095","1":"product","2":"type-product","3":"status-publish","4":"has-post-thumbnail","6":"product_cat-biker-jas-heren","7":"product_cat-heren-leatherlook-jassen-lederlook-jassen","8":"product_cat-imitatie-leren-jas","9":"product_cat-imitatieleren-jassen","10":"product_cat-imitatieleren-jassen-heren","11":"product_cat-leatherlook-jassen","12":"product_cat-versano","13":"product_tag-bomber-jas-van-imitatie-leer-heren","14":"product_tag-bomberjack-heren","15":"product_tag-heren-bomberjack-zwart","16":"product_tag-imitatie-leren-heren-jas-kopen","17":"product_tag-leren-heren-bomberjack","18":"product_tag-online-heren-imitatie-leren-jas-kopen","19":"product_tag-piloten-bomberjack","20":"product_tag-piloten-jas-heren","21":"product_tag-versano-heren-collectie","22":"product_tag-versano-heren-zomerjas","23":"product_tag-versano-jas-in-sale","24":"product_tag-versano-uitverkoop","25":"product_tag-zomerjas-voor-heren","26":"product_tag-zwarte-bomber-jas-heren","27":"product_tag-zwarte-bomberjack","28":"product_tag-zwarte-imitatie-leren-heren-jas","29":"product_tag-zwarte-leren-bomberjack","30":"product_shipping_class-verzendkosten-1","31":"tm-no-options","33":"first","34":"outofstock","35":"taxable","36":"shipping-taxable","37":"purchasable","38":"product-type-variable"},"yoast_head":"<!-- This site is optimized with the Yoast SEO plugin v27.2 - https:\/\/yoast.com\/product\/yoast-seo-wordpress\/ -->\n<title>heren bomber jas van imitatieleer zwart TRR 48 Versano<\/title>\n<meta name=\"description\" content=\"Bent u op zoek naar een heren bomber jas van imitatieleer zwart TRR 48 Versano? Dan bent u in de webshop van Versano aan het juist adres.\" \/>\n<meta name=\"robots\" content=\"index, follow, max-snippet:-1, max-image-preview:large, max-video-preview:-1\" \/>\n<link rel=\"canonical\" href=\"https:\/\/versano.nl\/fr\/shop\/heren-bomber-jas-van-imitatieleer-zwart-trr-48-versano\/\" \/>\n<meta property=\"og:locale\" content=\"fr_FR\" \/>\n<meta property=\"og:type\" content=\"article\" \/>\n<meta property=\"og:title\" content=\"heren bomber jas van imitatieleer zwart TRR 48 Versano\" \/>\n<meta property=\"og:description\" content=\"Bent u op zoek naar een heren bomber jas van imitatieleer zwart TRR 48 Versano? Dan bent u in de webshop van Versano aan het juist adres.\" \/>\n<meta property=\"og:url\" content=\"https:\/\/versano.nl\/fr\/shop\/heren-bomber-jas-van-imitatieleer-zwart-trr-48-versano\/\" \/>\n<meta property=\"og:site_name\" content=\"Versano\" \/>\n<meta property=\"article:modified_time\" content=\"2025-03-04T02:56:32+00:00\" \/>\n<meta property=\"og:image\" content=\"https:\/\/versano.nl\/wp-content\/uploads\/2018\/06\/heren-bomberjack-leer-zwart-versano-tr48-model-voorkant3.jpg\" \/>\n\t<meta property=\"og:image:width\" content=\"900\" \/>\n\t<meta property=\"og:image:height\" content=\"1176\" \/>\n\t<meta property=\"og:image:type\" content=\"image\/jpeg\" \/>\n<meta name=\"twitter:card\" content=\"summary_large_image\" \/>\n<meta name=\"twitter:label1\" content=\"Dur\u00e9e de lecture estim\u00e9e\" \/>\n\t<meta name=\"twitter:data1\" content=\"2 minutes\" \/>\n<script type=\"application\/ld+json\" class=\"yoast-schema-graph\">{\"@context\":\"https:\/\/schema.org\",\"@graph\":[{\"@type\":\"WebPage\",\"@id\":\"https:\/\/versano.nl\/shop\/heren-bomber-jas-van-imitatieleer-zwart-trr-48-versano\/\",\"url\":\"https:\/\/versano.nl\/shop\/heren-bomber-jas-van-imitatieleer-zwart-trr-48-versano\/\",\"name\":\"heren bomber jas van imitatieleer zwart TRR 48 Versano\",\"isPartOf\":{\"@id\":\"https:\/\/versano.nl\/#website\"},\"primaryImageOfPage\":{\"@id\":\"https:\/\/versano.nl\/shop\/heren-bomber-jas-van-imitatieleer-zwart-trr-48-versano\/#primaryimage\"},\"image\":{\"@id\":\"https:\/\/versano.nl\/shop\/heren-bomber-jas-van-imitatieleer-zwart-trr-48-versano\/#primaryimage\"},\"thumbnailUrl\":\"https:\/\/versano.nl\/wp-content\/uploads\/2018\/06\/heren-bomberjack-leer-zwart-versano-tr48-model-voorkant3.jpg\",\"datePublished\":\"2019-02-02T19:42:43+00:00\",\"dateModified\":\"2025-03-04T02:56:32+00:00\",\"description\":\"Bent u op zoek naar een heren bomber jas van imitatieleer zwart TRR 48 Versano? Dan bent u in de webshop van Versano aan het juist adres.\",\"breadcrumb\":{\"@id\":\"https:\/\/versano.nl\/shop\/heren-bomber-jas-van-imitatieleer-zwart-trr-48-versano\/#breadcrumb\"},\"inLanguage\":\"fr-FR\",\"potentialAction\":[{\"@type\":\"ReadAction\",\"target\":[\"https:\/\/versano.nl\/shop\/heren-bomber-jas-van-imitatieleer-zwart-trr-48-versano\/\"]}]},{\"@type\":\"ImageObject\",\"inLanguage\":\"fr-FR\",\"@id\":\"https:\/\/versano.nl\/shop\/heren-bomber-jas-van-imitatieleer-zwart-trr-48-versano\/#primaryimage\",\"url\":\"https:\/\/versano.nl\/wp-content\/uploads\/2018\/06\/heren-bomberjack-leer-zwart-versano-tr48-model-voorkant3.jpg\",\"contentUrl\":\"https:\/\/versano.nl\/wp-content\/uploads\/2018\/06\/heren-bomberjack-leer-zwart-versano-tr48-model-voorkant3.jpg\",\"width\":900,\"height\":1176,\"caption\":\"heren-bomberjack-leer-zwart-versano-tr48\"},{\"@type\":\"BreadcrumbList\",\"@id\":\"https:\/\/versano.nl\/shop\/heren-bomber-jas-van-imitatieleer-zwart-trr-48-versano\/#breadcrumb\",\"itemListElement\":[{\"@type\":\"ListItem\",\"position\":1,\"name\":\"Home\",\"item\":\"https:\/\/versano.nl\/\"},{\"@type\":\"ListItem\",\"position\":2,\"name\":\"Shop\",\"item\":\"https:\/\/versano.nl\/shop\/\"},{\"@type\":\"ListItem\",\"position\":3,\"name\":\"heren bomber jas van imitatieleer zwart TRR 48 Versano\"}]},{\"@type\":\"WebSite\",\"@id\":\"https:\/\/versano.nl\/#website\",\"url\":\"https:\/\/versano.nl\/\",\"name\":\"Versano\",\"description\":\"winterjassen met bontkraag | leren dames jassen | leren heren jassen\",\"potentialAction\":[{\"@type\":\"SearchAction\",\"target\":{\"@type\":\"EntryPoint\",\"urlTemplate\":\"https:\/\/versano.nl\/?s={search_term_string}\"},\"query-input\":{\"@type\":\"PropertyValueSpecification\",\"valueRequired\":true,\"valueName\":\"search_term_string\"}}],\"inLanguage\":\"fr-FR\"}]}<\/script>\n<!-- \/ Yoast SEO plugin. -->","yoast_head_json":{"title":"blouson homme en simili cuir noir TRR 48 Versano","description":"Vous cherchez un blouson bomber homme en simili cuir noir TRR 48 Versano ? Alors vous \u00eates au bon endroit dans la boutique en ligne Versano.","robots":{"index":"index","follow":"follow","max-snippet":"max-snippet:-1","max-image-preview":"max-image-preview:large","max-video-preview":"max-video-preview:-1"},"canonical":"https:\/\/versano.nl\/fr\/shop\/heren-bomber-jas-van-imitatieleer-zwart-trr-48-versano\/","og_locale":"fr_FR","og_type":"article","og_title":"heren bomber jas van imitatieleer zwart TRR 48 Versano","og_description":"Bent u op zoek naar een heren bomber jas van imitatieleer zwart TRR 48 Versano? Dan bent u in de webshop van Versano aan het juist adres.","og_url":"https:\/\/versano.nl\/fr\/shop\/heren-bomber-jas-van-imitatieleer-zwart-trr-48-versano\/","og_site_name":"Versano","article_modified_time":"2025-03-04T02:56:32+00:00","og_image":[{"width":900,"height":1176,"url":"https:\/\/versano.nl\/wp-content\/uploads\/2018\/06\/heren-bomberjack-leer-zwart-versano-tr48-model-voorkant3.jpg","type":"image\/jpeg"}],"twitter_card":"summary_large_image","twitter_misc":{"Dur\u00e9e de lecture estim\u00e9e":"2 minutes"},"schema":{"@context":"https:\/\/schema.org","@graph":[{"@type":"WebPage","@id":"https:\/\/versano.nl\/shop\/heren-bomber-jas-van-imitatieleer-zwart-trr-48-versano\/","url":"https:\/\/versano.nl\/shop\/heren-bomber-jas-van-imitatieleer-zwart-trr-48-versano\/","name":"blouson homme en simili cuir noir TRR 48 Versano","isPartOf":{"@id":"https:\/\/versano.nl\/#website"},"primaryImageOfPage":{"@id":"https:\/\/versano.nl\/shop\/heren-bomber-jas-van-imitatieleer-zwart-trr-48-versano\/#primaryimage"},"image":{"@id":"https:\/\/versano.nl\/shop\/heren-bomber-jas-van-imitatieleer-zwart-trr-48-versano\/#primaryimage"},"thumbnailUrl":"https:\/\/versano.nl\/wp-content\/uploads\/2018\/06\/heren-bomberjack-leer-zwart-versano-tr48-model-voorkant3.jpg","datePublished":"2019-02-02T19:42:43+00:00","dateModified":"2025-03-04T02:56:32+00:00","description":"Vous cherchez un blouson bomber homme en simili cuir noir TRR 48 Versano ? Alors vous \u00eates au bon endroit dans la boutique en ligne Versano.","breadcrumb":{"@id":"https:\/\/versano.nl\/shop\/heren-bomber-jas-van-imitatieleer-zwart-trr-48-versano\/#breadcrumb"},"inLanguage":"fr-FR","potentialAction":[{"@type":"ReadAction","target":["https:\/\/versano.nl\/shop\/heren-bomber-jas-van-imitatieleer-zwart-trr-48-versano\/"]}]},{"@type":"ImageObject","inLanguage":"fr-FR","@id":"https:\/\/versano.nl\/shop\/heren-bomber-jas-van-imitatieleer-zwart-trr-48-versano\/#primaryimage","url":"https:\/\/versano.nl\/wp-content\/uploads\/2018\/06\/heren-bomberjack-leer-zwart-versano-tr48-model-voorkant3.jpg","contentUrl":"https:\/\/versano.nl\/wp-content\/uploads\/2018\/06\/heren-bomberjack-leer-zwart-versano-tr48-model-voorkant3.jpg","width":900,"height":1176,"caption":"heren-bomberjack-leer-zwart-versano-tr48"},{"@type":"BreadcrumbList","@id":"https:\/\/versano.nl\/shop\/heren-bomber-jas-van-imitatieleer-zwart-trr-48-versano\/#breadcrumb","itemListElement":[{"@type":"ListItem","position":1,"name":"Home","item":"https:\/\/versano.nl\/"},{"@type":"ListItem","position":2,"name":"Shop","item":"https:\/\/versano.nl\/shop\/"},{"@type":"ListItem","position":3,"name":"heren bomber jas van imitatieleer zwart TRR 48 Versano"}]},{"@type":"WebSite","@id":"https:\/\/versano.nl\/#website","url":"https:\/\/versano.nl\/","name":"Versano","description":"manteaux d&#039;hiver avec col en fourrure | vestes femme en cuir | vestes en cuir pour hommes","potentialAction":[{"@type":"SearchAction","target":{"@type":"EntryPoint","urlTemplate":"https:\/\/versano.nl\/?s={search_term_string}"},"query-input":{"@type":"PropertyValueSpecification","valueRequired":true,"valueName":"search_term_string"}}],"inLanguage":"fr-FR"}]}},"_links":{"self":[{"href":"https:\/\/versano.nl\/fr\/wp-json\/wp\/v2\/product\/11095","targetHints":{"allow":["GET"]}}],"collection":[{"href":"https:\/\/versano.nl\/fr\/wp-json\/wp\/v2\/product"}],"about":[{"href":"https:\/\/versano.nl\/fr\/wp-json\/wp\/v2\/types\/product"}],"replies":[{"embeddable":true,"href":"https:\/\/versano.nl\/fr\/wp-json\/wp\/v2\/comments?post=11095"}],"wp:featuredmedia":[{"embeddable":true,"href":"https:\/\/versano.nl\/fr\/wp-json\/wp\/v2\/media\/20748"}],"wp:attachment":[{"href":"https:\/\/versano.nl\/fr\/wp-json\/wp\/v2\/media?parent=11095"}],"wp:term":[{"taxonomy":"product_brand","embeddable":true,"href":"https:\/\/versano.nl\/fr\/wp-json\/wp\/v2\/product_brand?post=11095"},{"taxonomy":"product_cat","embeddable":true,"href":"https:\/\/versano.nl\/fr\/wp-json\/wp\/v2\/product_cat?post=11095"},{"taxonomy":"product_tag","embeddable":true,"href":"https:\/\/versano.nl\/fr\/wp-json\/wp\/v2\/product_tag?post=11095"}],"curies":[{"name":"wp","href":"https:\/\/api.w.org\/{rel}","templated":true}]}}