{"id":10291,"date":"2014-09-29T20:56:30","date_gmt":"2014-09-29T20:56:30","guid":{"rendered":"http:\/\/leathershopdoci.nl\/new\/shop\/bontkragen\/kunst-bontkragen-zwart\/"},"modified":"2021-12-17T12:24:45","modified_gmt":"2021-12-17T12:24:45","slug":"kunst-bontkraag-zwart-xl","status":"publish","type":"product","link":"https:\/\/versano.nl\/fr\/shop\/kunst-bontkraag-zwart-xl\/","title":{"rendered":"Col fourrure noir XL"},"content":{"rendered":"<p><strong>Col fourrure noir XL<\/strong><\/p>\n<p>mat\u00e9riau: 100% polyester<br \/>\nfixation: imprimantes<\/p>\n<p>D\u00e9lai de livraison: 2-3 jours<\/p>","protected":false},"excerpt":{"rendered":"<p>Si vous voulez une v\u00e9ritable col de fourrure sur votre veste, puis les cols de fourrure artificielle Versano id\u00e9al. Les colliers ne sont pas vraiment distinguer et sont de grande taille. Les colliers sont fix\u00e9s avec des boutons-pression ou des languettes \u00e9lastiques sur le capot.<\/p>\n<p><span style=\"color: #ff0000;\">Ce col de fourrure d&#039;art Versano est de 60 cm de long et 16 cm de large<\/span><\/p>","protected":false},"featured_media":10427,"comment_status":"closed","ping_status":"closed","template":"","meta":[],"product_brand":[],"product_cat":[254,721],"product_tag":[276,277,281,282],"class_list":{"0":"post-10291","1":"product","2":"type-product","3":"status-publish","4":"has-post-thumbnail","6":"product_cat-bontkragen","7":"product_cat-capuchon-bontkragen","8":"product_tag-bontkraag","9":"product_tag-echte-bontkraag","10":"product_tag-nep-bontkraag","11":"product_tag-raccoon-bontkraag","12":"product_shipping_class-verzendkosten-1","13":"tm-no-options","15":"first","16":"outofstock","17":"taxable","18":"shipping-taxable","19":"purchasable","20":"product-type-simple"},"yoast_head":"<!-- This site is optimized with the Yoast SEO plugin v27.2 - https:\/\/yoast.com\/product\/yoast-seo-wordpress\/ -->\n<title>Versano Kunst Bontkraag Zwart XL<\/title>\n<meta name=\"description\" content=\"Versano Kunst Bontkraag Zwart XL. Als u geen echte bontkraag op uw jas wil, dan zijn de kunst bontkragen van Versano ideaal.\" \/>\n<meta name=\"robots\" content=\"index, follow, max-snippet:-1, max-image-preview:large, max-video-preview:-1\" \/>\n<link rel=\"canonical\" href=\"https:\/\/versano.nl\/fr\/shop\/kunst-bontkraag-zwart-xl\/\" \/>\n<meta property=\"og:locale\" content=\"fr_FR\" \/>\n<meta property=\"og:type\" content=\"article\" \/>\n<meta property=\"og:title\" content=\"Versano Kunst Bontkraag Zwart XL\" \/>\n<meta property=\"og:description\" content=\"Versano Kunst Bontkraag Zwart XL. Als u geen echte bontkraag op uw jas wil, dan zijn de kunst bontkragen van Versano ideaal.\" \/>\n<meta property=\"og:url\" content=\"https:\/\/versano.nl\/fr\/shop\/kunst-bontkraag-zwart-xl\/\" \/>\n<meta property=\"og:site_name\" content=\"Versano\" \/>\n<meta property=\"article:modified_time\" content=\"2021-12-17T12:24:45+00:00\" \/>\n<meta property=\"og:image\" content=\"https:\/\/versano.nl\/wp-content\/uploads\/2014\/09\/zwarte-bondkraag-groot.jpg\" \/>\n\t<meta property=\"og:image:width\" content=\"900\" \/>\n\t<meta property=\"og:image:height\" content=\"1197\" \/>\n\t<meta property=\"og:image:type\" content=\"image\/jpeg\" \/>\n<meta name=\"twitter:card\" content=\"summary_large_image\" \/>\n<script type=\"application\/ld+json\" class=\"yoast-schema-graph\">{\"@context\":\"https:\/\/schema.org\",\"@graph\":[{\"@type\":\"WebPage\",\"@id\":\"https:\/\/versano.nl\/shop\/kunst-bontkraag-zwart-xl\/\",\"url\":\"https:\/\/versano.nl\/shop\/kunst-bontkraag-zwart-xl\/\",\"name\":\"Versano Kunst Bontkraag Zwart XL\",\"isPartOf\":{\"@id\":\"https:\/\/versano.nl\/#website\"},\"primaryImageOfPage\":{\"@id\":\"https:\/\/versano.nl\/shop\/kunst-bontkraag-zwart-xl\/#primaryimage\"},\"image\":{\"@id\":\"https:\/\/versano.nl\/shop\/kunst-bontkraag-zwart-xl\/#primaryimage\"},\"thumbnailUrl\":\"https:\/\/versano.nl\/wp-content\/uploads\/2014\/09\/zwarte-bondkraag-groot.jpg\",\"datePublished\":\"2014-09-29T20:56:30+00:00\",\"dateModified\":\"2021-12-17T12:24:45+00:00\",\"description\":\"Versano Kunst Bontkraag Zwart XL. Als u geen echte bontkraag op uw jas wil, dan zijn de kunst bontkragen van Versano ideaal.\",\"breadcrumb\":{\"@id\":\"https:\/\/versano.nl\/shop\/kunst-bontkraag-zwart-xl\/#breadcrumb\"},\"inLanguage\":\"fr-FR\",\"potentialAction\":[{\"@type\":\"ReadAction\",\"target\":[\"https:\/\/versano.nl\/shop\/kunst-bontkraag-zwart-xl\/\"]}]},{\"@type\":\"ImageObject\",\"inLanguage\":\"fr-FR\",\"@id\":\"https:\/\/versano.nl\/shop\/kunst-bontkraag-zwart-xl\/#primaryimage\",\"url\":\"https:\/\/versano.nl\/wp-content\/uploads\/2014\/09\/zwarte-bondkraag-groot.jpg\",\"contentUrl\":\"https:\/\/versano.nl\/wp-content\/uploads\/2014\/09\/zwarte-bondkraag-groot.jpg\",\"width\":900,\"height\":1197,\"caption\":\"zwarte-bondkraag-groot\"},{\"@type\":\"BreadcrumbList\",\"@id\":\"https:\/\/versano.nl\/shop\/kunst-bontkraag-zwart-xl\/#breadcrumb\",\"itemListElement\":[{\"@type\":\"ListItem\",\"position\":1,\"name\":\"Home\",\"item\":\"https:\/\/versano.nl\/\"},{\"@type\":\"ListItem\",\"position\":2,\"name\":\"Shop\",\"item\":\"https:\/\/versano.nl\/shop\/\"},{\"@type\":\"ListItem\",\"position\":3,\"name\":\"Kunst Bontkraag Zwart XL\"}]},{\"@type\":\"WebSite\",\"@id\":\"https:\/\/versano.nl\/#website\",\"url\":\"https:\/\/versano.nl\/\",\"name\":\"Versano\",\"description\":\"winterjassen met bontkraag | leren dames jassen | leren heren jassen\",\"potentialAction\":[{\"@type\":\"SearchAction\",\"target\":{\"@type\":\"EntryPoint\",\"urlTemplate\":\"https:\/\/versano.nl\/?s={search_term_string}\"},\"query-input\":{\"@type\":\"PropertyValueSpecification\",\"valueRequired\":true,\"valueName\":\"search_term_string\"}}],\"inLanguage\":\"fr-FR\"}]}<\/script>\n<!-- \/ Yoast SEO plugin. -->","yoast_head_json":{"title":"Versano Art Fur Collar Black XL","description":"Versano Art Fur Collar Black XL. Si vous ne voulez pas que votre veste soit dot\u00e9e d&#039;un v\u00e9ritable col en fourrure, les cols en fourrure art de Versano sont parfaits.","robots":{"index":"index","follow":"follow","max-snippet":"max-snippet:-1","max-image-preview":"max-image-preview:large","max-video-preview":"max-video-preview:-1"},"canonical":"https:\/\/versano.nl\/fr\/shop\/kunst-bontkraag-zwart-xl\/","og_locale":"fr_FR","og_type":"article","og_title":"Versano Kunst Bontkraag Zwart XL","og_description":"Versano Kunst Bontkraag Zwart XL. Als u geen echte bontkraag op uw jas wil, dan zijn de kunst bontkragen van Versano ideaal.","og_url":"https:\/\/versano.nl\/fr\/shop\/kunst-bontkraag-zwart-xl\/","og_site_name":"Versano","article_modified_time":"2021-12-17T12:24:45+00:00","og_image":[{"width":900,"height":1197,"url":"https:\/\/versano.nl\/wp-content\/uploads\/2014\/09\/zwarte-bondkraag-groot.jpg","type":"image\/jpeg"}],"twitter_card":"summary_large_image","schema":{"@context":"https:\/\/schema.org","@graph":[{"@type":"WebPage","@id":"https:\/\/versano.nl\/shop\/kunst-bontkraag-zwart-xl\/","url":"https:\/\/versano.nl\/shop\/kunst-bontkraag-zwart-xl\/","name":"Versano Art Fur Collar Black XL","isPartOf":{"@id":"https:\/\/versano.nl\/#website"},"primaryImageOfPage":{"@id":"https:\/\/versano.nl\/shop\/kunst-bontkraag-zwart-xl\/#primaryimage"},"image":{"@id":"https:\/\/versano.nl\/shop\/kunst-bontkraag-zwart-xl\/#primaryimage"},"thumbnailUrl":"https:\/\/versano.nl\/wp-content\/uploads\/2014\/09\/zwarte-bondkraag-groot.jpg","datePublished":"2014-09-29T20:56:30+00:00","dateModified":"2021-12-17T12:24:45+00:00","description":"Versano Art Fur Collar Black XL. Si vous ne voulez pas que votre veste soit dot\u00e9e d&#039;un v\u00e9ritable col en fourrure, les cols en fourrure art de Versano sont parfaits.","breadcrumb":{"@id":"https:\/\/versano.nl\/shop\/kunst-bontkraag-zwart-xl\/#breadcrumb"},"inLanguage":"fr-FR","potentialAction":[{"@type":"ReadAction","target":["https:\/\/versano.nl\/shop\/kunst-bontkraag-zwart-xl\/"]}]},{"@type":"ImageObject","inLanguage":"fr-FR","@id":"https:\/\/versano.nl\/shop\/kunst-bontkraag-zwart-xl\/#primaryimage","url":"https:\/\/versano.nl\/wp-content\/uploads\/2014\/09\/zwarte-bondkraag-groot.jpg","contentUrl":"https:\/\/versano.nl\/wp-content\/uploads\/2014\/09\/zwarte-bondkraag-groot.jpg","width":900,"height":1197,"caption":"zwarte-bondkraag-groot"},{"@type":"BreadcrumbList","@id":"https:\/\/versano.nl\/shop\/kunst-bontkraag-zwart-xl\/#breadcrumb","itemListElement":[{"@type":"ListItem","position":1,"name":"Home","item":"https:\/\/versano.nl\/"},{"@type":"ListItem","position":2,"name":"Shop","item":"https:\/\/versano.nl\/shop\/"},{"@type":"ListItem","position":3,"name":"Kunst Bontkraag Zwart XL"}]},{"@type":"WebSite","@id":"https:\/\/versano.nl\/#website","url":"https:\/\/versano.nl\/","name":"Versano","description":"manteaux d&#039;hiver avec col en fourrure | vestes femme en cuir | vestes en cuir pour hommes","potentialAction":[{"@type":"SearchAction","target":{"@type":"EntryPoint","urlTemplate":"https:\/\/versano.nl\/?s={search_term_string}"},"query-input":{"@type":"PropertyValueSpecification","valueRequired":true,"valueName":"search_term_string"}}],"inLanguage":"fr-FR"}]}},"_links":{"self":[{"href":"https:\/\/versano.nl\/fr\/wp-json\/wp\/v2\/product\/10291","targetHints":{"allow":["GET"]}}],"collection":[{"href":"https:\/\/versano.nl\/fr\/wp-json\/wp\/v2\/product"}],"about":[{"href":"https:\/\/versano.nl\/fr\/wp-json\/wp\/v2\/types\/product"}],"replies":[{"embeddable":true,"href":"https:\/\/versano.nl\/fr\/wp-json\/wp\/v2\/comments?post=10291"}],"wp:featuredmedia":[{"embeddable":true,"href":"https:\/\/versano.nl\/fr\/wp-json\/wp\/v2\/media\/10427"}],"wp:attachment":[{"href":"https:\/\/versano.nl\/fr\/wp-json\/wp\/v2\/media?parent=10291"}],"wp:term":[{"taxonomy":"product_brand","embeddable":true,"href":"https:\/\/versano.nl\/fr\/wp-json\/wp\/v2\/product_brand?post=10291"},{"taxonomy":"product_cat","embeddable":true,"href":"https:\/\/versano.nl\/fr\/wp-json\/wp\/v2\/product_cat?post=10291"},{"taxonomy":"product_tag","embeddable":true,"href":"https:\/\/versano.nl\/fr\/wp-json\/wp\/v2\/product_tag?post=10291"}],"curies":[{"name":"wp","href":"https:\/\/api.w.org\/{rel}","templated":true}]}}