{"id":7,"date":"2017-05-05T02:42:23","date_gmt":"2017-05-05T02:42:23","guid":{"rendered":"https:\/\/leathershopdoci.nl\/versano\/?page_id=7"},"modified":"2021-11-24T19:27:11","modified_gmt":"2021-11-24T19:27:11","slug":"contact","status":"publish","type":"page","link":"https:\/\/versano.nl\/fr\/contact\/","title":{"rendered":"Questions fr\u00e9quemment pos\u00e9es"},"content":{"rendered":"<div class=\"wpb-content-wrapper\"><div  class=\"sec_row container\"><div class=\"vc_row wpb_row vc_row-fluid\"><div class=\"wpb_column vc_column_container vc_col-sm-12 et-dark-column\"><div class=\"vc_column-inner\"><div class=\"wpb_wrapper\"><div class=\"vc_tta-container\" data-vc-action=\"collapse\"><div class=\"vc_general vc_tta vc_tta-accordion vc_tta-o-shape-group vc_tta-controls-align-default\"><div class=\"vc_tta-panels-container\"><div class=\"vc_tta-panels\"><div class=\"vc_tta-panel vc_active\" id=\"1615729175291-d880ea8b-de6b\" data-vc-content=\".vc_tta-panel-body\"><div class=\"vc_tta-panel-heading\"><h4 class=\"vc_tta-panel-title vc_tta-controls-icon-position-left\"><a href=\"#1615729175291-d880ea8b-de6b\" data-vc-accordion data-vc-container=\".vc_tta-container\"><span class=\"vc_tta-title-text\">Je souhaite v\u00e9rifier le statut de ma commande via le track&amp;trace, o\u00f9 puis-je trouver le track&amp;trace ?<\/span><i class=\"vc_tta-controls-icon vc_tta-controls-icon-plus\"><\/i><\/a><\/h4><\/div><div class=\"vc_tta-panel-body\">\n\t<div class=\"wpb_text_column wpb_content_element\" >\n\t\t<div class=\"wpb_wrapper\">\n\t\t\t<p>D\u00e8s que le colis aura \u00e9t\u00e9 scann\u00e9 chez PostNL, vous recevrez un email de notre part dans la soir\u00e9e avec un code track &amp; trace pour suivre votre envoi. La commande peut \u00e9galement \u00eatre suivie avec le bouton track&amp;trace dans votre compte sur le site Web. Vous pouvez facilement cr\u00e9er un compte sur notre site Web.<\/p>\n<div id=\"gtx-trans\" style=\"position: absolute; left: -37px; top: 38px;\">\n<div class=\"gtx-trans-icon\"><\/div>\n<\/div>\n\n\t\t<\/div>\n\t<\/div>\n<\/div><\/div><div class=\"vc_tta-panel\" id=\"1615729383248-2802d0a5-e307\" data-vc-content=\".vc_tta-panel-body\"><div class=\"vc_tta-panel-heading\"><h4 class=\"vc_tta-panel-title vc_tta-controls-icon-position-left\"><a href=\"#1615729383248-2802d0a5-e307\" data-vc-accordion data-vc-container=\".vc_tta-container\"><span class=\"vc_tta-title-text\">Je souhaite \u00e9changer ma commande contre une taille diff\u00e9rente, comment puis-je m&#039;en occuper ?<\/span><i class=\"vc_tta-controls-icon vc_tta-controls-icon-plus\"><\/i><\/a><\/h4><\/div><div class=\"vc_tta-panel-body\">\n\t<div class=\"wpb_text_column wpb_content_element\" >\n\t\t<div class=\"wpb_wrapper\">\n\t\t\t<p>1. Vous pouvez retourner le produit et passer une nouvelle commande. De cette fa\u00e7on, vous pouvez \u00eatre s\u00fbr que la taille souhait\u00e9e est toujours en stock.<\/p>\n<p>2. Nous avons envoy\u00e9 un formulaire de retour\/\u00e9change avec votre commande. Vous pouvez remplir ce formulaire avec les informations n\u00e9cessaires \u00e0 votre \u00e9change et le retourner avec le produit \u00e0 notre adresse. D\u00e8s que nous aurons re\u00e7u votre colis, nous traiterons et retournerons l&#039;\u00e9change dans les plus brefs d\u00e9lais. Veuillez noter qu&#039;il existe un petit risque que la taille souhait\u00e9e ne soit plus en stock. Dans ce cas, nous vous rembourserons le montant d&#039;achat de votre commande sur votre compte.<\/p>\n\n\t\t<\/div>\n\t<\/div>\n<\/div><\/div><div class=\"vc_tta-panel\" id=\"1615729689542-4f429bec-dbe5\" data-vc-content=\".vc_tta-panel-body\"><div class=\"vc_tta-panel-heading\"><h4 class=\"vc_tta-panel-title vc_tta-controls-icon-position-left\"><a href=\"#1615729689542-4f429bec-dbe5\" data-vc-accordion data-vc-container=\".vc_tta-container\"><span class=\"vc_tta-title-text\">Je veux retourner ma commande, comment faire ?<\/span><i class=\"vc_tta-controls-icon vc_tta-controls-icon-plus\"><\/i><\/a><\/h4><\/div><div class=\"vc_tta-panel-body\">\n\t<div class=\"wpb_text_column wpb_content_element\" >\n\t\t<div class=\"wpb_wrapper\">\n\t\t\t<p>Vous pouvez facilement retourner votre commande en suivant les \u00e9tapes ci-dessous.<\/p>\n<p>1. V\u00e9rifiez si votre retour r\u00e9pond \u00e0 nos conditions de retour.<\/p>\n<p>2. Remplissez le formulaire de retour que vous avez re\u00e7u dans le colis et assurez-vous que les articles et le formulaire de retour sont retourn\u00e9s bien emball\u00e9s. (Nous ne pouvons pas traiter votre retour sans formulaire de retour.)<\/p>\n<p>3. Suivez les \u00e9tapes \u00e0 suivre et n&#039;oubliez pas de retirer l&#039;ancienne \u00e9tiquette d&#039;exp\u00e9dition sur la bo\u00eete.<\/p>\n<p>4. Conservez la preuve d&#039;exp\u00e9dition et Track &amp; Trace jusqu&#039;\u00e0 ce que votre retour ait \u00e9t\u00e9 enti\u00e8rement trait\u00e9 et rembours\u00e9.<\/p>\n<p>Sans une preuve d&#039;exp\u00e9dition valide avec un code Track &amp; Trace, nous ne pouvons pas commencer une enqu\u00eate sur les retours et nous ne rembourserons donc pas les retours manquants.<\/p>\n\n\t\t<\/div>\n\t<\/div>\n<\/div><\/div><div class=\"vc_tta-panel\" id=\"1615730006111-2f6b6c02-3930\" data-vc-content=\".vc_tta-panel-body\"><div class=\"vc_tta-panel-heading\"><h4 class=\"vc_tta-panel-title vc_tta-controls-icon-position-left\"><a href=\"#1615730006111-2f6b6c02-3930\" data-vc-accordion data-vc-container=\".vc_tta-container\"><span class=\"vc_tta-title-text\">J&#039;ai retourn\u00e9 ma commande, quand vais-je \u00eatre rembours\u00e9 ?<\/span><i class=\"vc_tta-controls-icon vc_tta-controls-icon-plus\"><\/i><\/a><\/h4><\/div><div class=\"vc_tta-panel-body\">\n\t<div class=\"wpb_text_column wpb_content_element\" >\n\t\t<div class=\"wpb_wrapper\">\n\t\t\t<p>une fois votre retour trait\u00e9, nous vous rembourserons le montant de l&#039;achat. Cela prend g\u00e9n\u00e9ralement 3 \u00e0 4 jours ouvrables. Veuillez noter qu&#039;en raison de votre propre temps de traitement bancaire, il peut s&#039;\u00e9couler quelques jours de plus avant que le montant ne soit r\u00e9ellement sur votre compte bancaire. Apr\u00e8s avoir rembours\u00e9 le montant, vous recevrez toujours un e-mail avec une confirmation du remboursement.<\/p>\n<div id=\"gtx-trans\" style=\"position: absolute; left: 1277px; top: 38px;\">\n<div class=\"gtx-trans-icon\"><\/div>\n<\/div>\n\n\t\t<\/div>\n\t<\/div>\n<\/div><\/div><div class=\"vc_tta-panel\" id=\"1615730403408-dc3722c1-336e\" data-vc-content=\".vc_tta-panel-body\"><div class=\"vc_tta-panel-heading\"><h4 class=\"vc_tta-panel-title vc_tta-controls-icon-position-left\"><a href=\"#1615730403408-dc3722c1-336e\" data-vc-accordion data-vc-container=\".vc_tta-container\"><span class=\"vc_tta-title-text\">J&#039;ai command\u00e9 via Klarna et renvoy\u00e9 l&#039;envoi, comment dois-je traiter cela avec Klarna ?<\/span><i class=\"vc_tta-controls-icon vc_tta-controls-icon-plus\"><\/i><\/a><\/h4><\/div><div class=\"vc_tta-panel-body\">\n\t<div class=\"wpb_text_column wpb_content_element\" >\n\t\t<div class=\"wpb_wrapper\">\n\t\t\t<p>D\u00e8s que nous aurons re\u00e7u et trait\u00e9 votre retour, un ajustement sera effectu\u00e9 sur votre facture. Cela prend g\u00e9n\u00e9ralement 3 \u00e0 5 jours ouvrables. Le d\u00e9lai de traitement maximum entre nous et Klarna est de 14 jours. Vous recevrez ensuite une facture ajust\u00e9e de Klarna, ajust\u00e9e en fonction de votre retour.<\/p>\n<p>L&#039;avantage de Klarna est que vous n&#039;avez pas \u00e0 payer l&#039;int\u00e9gralit\u00e9 de votre facture \u00e0 l&#039;avance. Nous vous recommandons toutefois de payer votre facture \u00e0 temps pour \u00e9viter une augmentation des co\u00fbts.<\/p>\n<p>Avez-vous d\u00e9j\u00e0 pay\u00e9 votre facture Klarna et \u00e9ventuellement retourn\u00e9 des articles ? Dans ce cas, vous recevrez un remboursement de Klarna une fois que nous aurons re\u00e7u et trait\u00e9 votre retour.<\/p>\n<p>Connaissez-vous d\u00e9j\u00e0 l&#039;application Klarna ? Avec l&#039;application Klarna, vous avez un aper\u00e7u de vos commandes et vous pouvez, entre autres, mettre votre facture en attente ou enregistrer des retours.<\/p>\n<p>Pour plus d&#039;informations, visitez https:\/\/www.klarna.nl<\/p>\n<div id=\"gtx-trans\" style=\"position: absolute; left: 1272px; top: -10px;\">\n<div class=\"gtx-trans-icon\"><\/div>\n<\/div>\n\n\t\t<\/div>\n\t<\/div>\n<\/div><\/div><div class=\"vc_tta-panel\" id=\"1615730876142-e2d7772e-24c7\" data-vc-content=\".vc_tta-panel-body\"><div class=\"vc_tta-panel-heading\"><h4 class=\"vc_tta-panel-title vc_tta-controls-icon-position-left\"><a href=\"#1615730876142-e2d7772e-24c7\" data-vc-accordion data-vc-container=\".vc_tta-container\"><span class=\"vc_tta-title-text\">J&#039;ai une demande particuli\u00e8re concernant ma commande, comment puis-je la transmettre ?<\/span><i class=\"vc_tta-controls-icon vc_tta-controls-icon-plus\"><\/i><\/a><\/h4><\/div><div class=\"vc_tta-panel-body\">\n\t<div class=\"wpb_text_column wpb_content_element\" >\n\t\t<div class=\"wpb_wrapper\">\n\t\t\t<p>Vous pouvez pr\u00e9ciser votre demande particuli\u00e8re lors de votre commande. Une note de commande sera plac\u00e9e ici lors de la saisie de vos coordonn\u00e9es. Vous pouvez toujours nous appeler.<\/p>\n<div id=\"gtx-trans\" style=\"position: absolute; left: -18px; top: 38px;\">\n<div class=\"gtx-trans-icon\"><\/div>\n<\/div>\n\n\t\t<\/div>\n\t<\/div>\n<\/div><\/div><div class=\"vc_tta-panel\" id=\"1615730972830-88355cff-a0cb\" data-vc-content=\".vc_tta-panel-body\"><div class=\"vc_tta-panel-heading\"><h4 class=\"vc_tta-panel-title vc_tta-controls-icon-position-left\"><a href=\"#1615730972830-88355cff-a0cb\" data-vc-accordion data-vc-container=\".vc_tta-container\"><span class=\"vc_tta-title-text\">Pourquoi n&#039;est-il pas possible de passer une commande ?<\/span><i class=\"vc_tta-controls-icon vc_tta-controls-icon-plus\"><\/i><\/a><\/h4><\/div><div class=\"vc_tta-panel-body\">\n\t<div class=\"wpb_text_column wpb_content_element\" >\n\t\t<div class=\"wpb_wrapper\">\n\t\t\t<p>Cela peut avoir plusieurs causes. Nous vous recommandons d&#039;entrer votre adresse manuellement dans la caisse et de ne pas utiliser le remplissage automatique. Si cela ne fonctionne toujours pas apr\u00e8s cela, nous vous recommandons de contacter notre service client. Il est utile d&#039;envoyer une capture d&#039;\u00e9cran de l&#039;int\u00e9gralit\u00e9 du paiement ou du message d&#039;erreur.<\/p>\n<div id=\"gtx-trans\" style=\"position: absolute; left: 1279px; top: -10px;\">\n<div class=\"gtx-trans-icon\"><\/div>\n<\/div>\n\n\t\t<\/div>\n\t<\/div>\n<\/div><\/div><div class=\"vc_tta-panel\" id=\"1617306640789-b5a13c63-d3ca\" data-vc-content=\".vc_tta-panel-body\"><div class=\"vc_tta-panel-heading\"><h4 class=\"vc_tta-panel-title vc_tta-controls-icon-position-left\"><a href=\"#1617306640789-b5a13c63-d3ca\" data-vc-accordion data-vc-container=\".vc_tta-container\"><span class=\"vc_tta-title-text\">J&#039;ai une demande de r\u00e9paration ou une r\u00e9clamation concernant un article endommag\u00e9, comment puis-je m&#039;en occuper ?<\/span><i class=\"vc_tta-controls-icon vc_tta-controls-icon-plus\"><\/i><\/a><\/h4><\/div><div class=\"vc_tta-panel-body\">\n\t<div class=\"wpb_text_column wpb_content_element\" >\n\t\t<div class=\"wpb_wrapper\">\n\t\t\t<p>Vous pouvez d\u00e9poser une r\u00e9clamation ou une demande de r\u00e9paration via le formulaire de contact et nous vous contacterons dans les plus brefs d\u00e9lais. Laissez votre nom, num\u00e9ro de t\u00e9l\u00e9phone et adresse e-mail et d\u00e9crivez votre r\u00e9clamation ou demande de r\u00e9paration de mani\u00e8re aussi d\u00e9taill\u00e9e que possible.<\/p>\n\n\t\t<\/div>\n\t<\/div>\n<\/div><\/div><\/div><\/div><\/div><\/div>\n\t<div class=\"wpb_text_column wpb_content_element\" >\n\t\t<div class=\"wpb_wrapper\">\n\t\t\t<h5>Si votre question ne figure pas ici, vous pouvez nous envoyer un message en utilisant le formulaire de contact ci-dessous, nous r\u00e9pondrons \u00e0 votre question dans les plus brefs d\u00e9lais.<\/h5>\n\n\t\t<\/div>\n\t<\/div>\n<\/div><\/div><\/div><\/div><\/div><div  class=\"sec_row container\"><div class=\"vc_row wpb_row vc_row-fluid vc_custom_1614609582921\"><div class=\"wpb_column vc_column_container vc_col-sm-8 et-dark-column\"><div class=\"vc_column-inner\"><div class=\"wpb_wrapper\">\n<div class=\"wpcf7 no-js\" id=\"wpcf7-f5297-o1\" lang=\"nl-NL\" dir=\"ltr\" data-wpcf7-id=\"5297\">\n<div class=\"screen-reader-response\"><p role=\"status\" aria-live=\"polite\" aria-atomic=\"true\"><\/p> <ul><\/ul><\/div>\n<form action=\"\/fr\/wp-json\/wp\/v2\/pages\/7#wpcf7-f5297-o1\" method=\"post\" class=\"wpcf7-form init\" aria-label=\"Contactformulier\" novalidate=\"novalidate\" data-status=\"init\" data-trp-original-action=\"\/fr\/wp-json\/wp\/v2\/pages\/7#wpcf7-f5297-o1\">\n<fieldset class=\"hidden-fields-container\"><input type=\"hidden\" name=\"_wpcf7\" value=\"5297\" \/><input type=\"hidden\" name=\"_wpcf7_version\" value=\"6.1.5\" \/><input type=\"hidden\" name=\"_wpcf7_locale\" value=\"nl_NL\" \/><input type=\"hidden\" name=\"_wpcf7_unit_tag\" value=\"wpcf7-f5297-o1\" \/><input type=\"hidden\" name=\"_wpcf7_container_post\" value=\"0\" \/><input type=\"hidden\" name=\"_wpcf7_posted_data_hash\" value=\"\" \/>\n<\/fieldset>\n<div class=\"contact-form\">\n\t<div class=\"entry-header\">\n\t\t<h2 class=\"entry-title\">ENVOIE-NOUS UN MESSAGE\n\t\t<\/h2>\n\t<\/div>\n\t<div class=\"row mb20\">\n\t\t<div class=\"col-sm-5 columns\">\n\t\t\t<p><label for=\"your-name\">nom <span class=\"required\">*<\/span><\/label><span class=\"wpcf7-form-control-wrap\" data-name=\"your-name\"><input size=\"40\" maxlength=\"400\" class=\"wpcf7-form-control wpcf7-text wpcf7-validates-as-required input-text txt-large txt-trans txt-shadow\" aria-required=\"true\" aria-invalid=\"false\" value=\"\" type=\"text\" name=\"your-name\" \/><\/span>\n\t\t\t<\/p>\n\t\t\t<p><label for=\"your-telephone\">t\u00e9l\u00e9phone <span class=\"required\">*<\/span><\/label><span class=\"wpcf7-form-control-wrap\" data-name=\"your-telephone\"><input size=\"40\" maxlength=\"400\" class=\"wpcf7-form-control wpcf7-text wpcf7-validates-as-required input-text txt-large txt-trans txt-shadow\" aria-required=\"true\" aria-invalid=\"false\" value=\"\" type=\"text\" name=\"your-telephone\" \/><\/span>\n\t\t\t<\/p>\n\t\t\t<p><label for=\"your-email\">\u00e9mail <span class=\"required\">*<\/span><\/label><span class=\"wpcf7-form-control-wrap\" data-name=\"your-email\"><input size=\"40\" maxlength=\"400\" class=\"wpcf7-form-control wpcf7-email wpcf7-validates-as-required wpcf7-text wpcf7-validates-as-email input-text txt-large txt-trans txt-shadow\" aria-required=\"true\" aria-invalid=\"false\" value=\"\" type=\"email\" name=\"your-email\" \/><\/span>\n\t\t\t<\/p>\n\t\t\t<p><label for=\"your-subject\">sujet <span class=\"required\">*<\/span><\/label><span class=\"wpcf7-form-control-wrap\" data-name=\"your-subject\"><input size=\"40\" maxlength=\"400\" class=\"wpcf7-form-control wpcf7-text input-text txt-large txt-trans txt-shadow\" aria-invalid=\"false\" value=\"\" type=\"text\" name=\"your-subject\" \/><\/span>\n\t\t\t<\/p>\n\t\t<\/div>\n\t\t<div class=\"col-sm-7 columns\">\n\t\t\t<p><label for=\"your-message\">message <span class=\"required\">*<\/span><\/label><br \/>\n<span class=\"wpcf7-form-control-wrap\" data-name=\"your-message\"><textarea cols=\"40\" rows=\"10\" maxlength=\"2000\" class=\"wpcf7-form-control wpcf7-textarea txt-trans txt-shadow\" aria-invalid=\"false\" name=\"your-message\"><\/textarea><\/span>\n\t\t\t<\/p>\n\t\t\t<p>\u00c9crire ces lettres et les chiffres ci-dessous <input type=\"hidden\" name=\"_wpcf7_captcha_challenge_captcha-518\" value=\"3452340823\" \/><img loading=\"lazy\" decoding=\"async\" class=\"wpcf7-form-control wpcf7-captchac wpcf7-captcha-captcha-518\" width=\"72\" height=\"24\" alt=\"captcha\" src=\"https:\/\/versano.nl\/wp-content\/uploads\/wpcf7_captcha\/3452340823.png\" \/><br \/>\n<span class=\"wpcf7-form-control-wrap\" data-name=\"captcha-518\"><input size=\"40\" class=\"wpcf7-form-control wpcf7-captchar\" autocomplete=\"off\" aria-invalid=\"false\" value=\"\" type=\"text\" name=\"captcha-518\" \/><\/span>\n\t\t\t<\/p>\n\t\t<\/div>\n\t<\/div>\n\t<p><input class=\"wpcf7-form-control wpcf7-submit has-spinner button btn-large\" type=\"submit\" value=\"Envoyer\" \/>\n\t<\/p>\n<\/div><div class=\"wpcf7-response-output\" aria-hidden=\"true\"><\/div>\n<input type=\"hidden\" name=\"trp-form-language\" value=\"fr\"\/><\/form>\n<\/div>\n<\/div><\/div><\/div><div class=\"wpb_column vc_column_container vc_col-sm-4 et-dark-column\"><div class=\"vc_column-inner\"><div class=\"wpb_wrapper\">\n\t<div class=\"wpb_text_column wpb_content_element   contact-info\" >\n\t\t<div class=\"wpb_wrapper\">\n\t\t\t<h3>INFO:<\/h3>\n<div class=\"contact-cell border\">\n<h4>Mezam BV<br \/>\nKVK 68323719<br \/>\nNL.857392499.B01<\/h4>\n<\/div>\n<p>&nbsp;<\/p>\n<h3>ADRESSE:<\/h3>\n<div class=\"contact-cell border\">\n<h4>Nickel Street 23<br \/>\n4823 AE Breda<\/h4>\n<\/div>\n<p>&nbsp;<\/p>\n<div id=\"gtx-trans\" style=\"position: absolute; left: -7px; top: 340.219px;\">\n<div class=\"gtx-trans-icon\"><\/div>\n<\/div>\n\n\t\t<\/div>\n\t<\/div>\n<\/div><\/div><\/div><\/div><\/div>\n<\/div>","protected":false},"excerpt":{"rendered":"Ik wil de status van mijn bestelling checken via de track&amp;trace, waar kan ik de track&amp;trace vinden? Zodra het pakket is gescand bij PostNL, ontvangt u in de avond een e-mail van ons met daarin een track&amp;trace code om uw zending te volgen. De bestelling is overigens ook te volgen [...]","protected":false},"author":90,"featured_media":0,"parent":0,"menu_order":0,"comment_status":"closed","ping_status":"closed","template":"","meta":{"footnotes":""},"class_list":["post-7","page","type-page","status-publish","hentry"],"yoast_head":"<!-- This site is optimized with the Yoast SEO plugin v27.2 - https:\/\/yoast.com\/product\/yoast-seo-wordpress\/ -->\n<title>Meest gestelde vragen - Versano<\/title>\n<meta name=\"robots\" content=\"index, follow, max-snippet:-1, max-image-preview:large, max-video-preview:-1\" \/>\n<link rel=\"canonical\" href=\"https:\/\/versano.nl\/fr\/contact\/\" \/>\n<meta property=\"og:locale\" content=\"fr_FR\" \/>\n<meta property=\"og:type\" content=\"article\" \/>\n<meta property=\"og:title\" content=\"Meest gestelde vragen - Versano\" \/>\n<meta property=\"og:url\" content=\"https:\/\/versano.nl\/fr\/contact\/\" \/>\n<meta property=\"og:site_name\" content=\"Versano\" \/>\n<meta property=\"article:modified_time\" content=\"2021-11-24T19:27:11+00:00\" \/>\n<meta name=\"twitter:card\" content=\"summary_large_image\" \/>\n<meta name=\"twitter:label1\" content=\"Dur\u00e9e de lecture estim\u00e9e\" \/>\n\t<meta name=\"twitter:data1\" content=\"4 minutes\" \/>\n<script type=\"application\/ld+json\" class=\"yoast-schema-graph\">{\"@context\":\"https:\/\/schema.org\",\"@graph\":[{\"@type\":\"WebPage\",\"@id\":\"https:\/\/versano.nl\/contact\/\",\"url\":\"https:\/\/versano.nl\/contact\/\",\"name\":\"Meest gestelde vragen - Versano\",\"isPartOf\":{\"@id\":\"https:\/\/versano.nl\/#website\"},\"datePublished\":\"2017-05-05T02:42:23+00:00\",\"dateModified\":\"2021-11-24T19:27:11+00:00\",\"breadcrumb\":{\"@id\":\"https:\/\/versano.nl\/contact\/#breadcrumb\"},\"inLanguage\":\"fr-FR\",\"potentialAction\":[{\"@type\":\"ReadAction\",\"target\":[\"https:\/\/versano.nl\/contact\/\"]}]},{\"@type\":\"BreadcrumbList\",\"@id\":\"https:\/\/versano.nl\/contact\/#breadcrumb\",\"itemListElement\":[{\"@type\":\"ListItem\",\"position\":1,\"name\":\"Home\",\"item\":\"https:\/\/versano.nl\/\"},{\"@type\":\"ListItem\",\"position\":2,\"name\":\"Meest gestelde vragen\"}]},{\"@type\":\"WebSite\",\"@id\":\"https:\/\/versano.nl\/#website\",\"url\":\"https:\/\/versano.nl\/\",\"name\":\"Versano\",\"description\":\"winterjassen met bontkraag | leren dames jassen | leren heren jassen\",\"potentialAction\":[{\"@type\":\"SearchAction\",\"target\":{\"@type\":\"EntryPoint\",\"urlTemplate\":\"https:\/\/versano.nl\/?s={search_term_string}\"},\"query-input\":{\"@type\":\"PropertyValueSpecification\",\"valueRequired\":true,\"valueName\":\"search_term_string\"}}],\"inLanguage\":\"fr-FR\"}]}<\/script>\n<!-- \/ Yoast SEO plugin. -->","yoast_head_json":{"title":"Foire aux questions - Versano","robots":{"index":"index","follow":"follow","max-snippet":"max-snippet:-1","max-image-preview":"max-image-preview:large","max-video-preview":"max-video-preview:-1"},"canonical":"https:\/\/versano.nl\/fr\/contact\/","og_locale":"fr_FR","og_type":"article","og_title":"Meest gestelde vragen - Versano","og_url":"https:\/\/versano.nl\/fr\/contact\/","og_site_name":"Versano","article_modified_time":"2021-11-24T19:27:11+00:00","twitter_card":"summary_large_image","twitter_misc":{"Dur\u00e9e de lecture estim\u00e9e":"4 minutes"},"schema":{"@context":"https:\/\/schema.org","@graph":[{"@type":"WebPage","@id":"https:\/\/versano.nl\/contact\/","url":"https:\/\/versano.nl\/contact\/","name":"Foire aux questions - Versano","isPartOf":{"@id":"https:\/\/versano.nl\/#website"},"datePublished":"2017-05-05T02:42:23+00:00","dateModified":"2021-11-24T19:27:11+00:00","breadcrumb":{"@id":"https:\/\/versano.nl\/contact\/#breadcrumb"},"inLanguage":"fr-FR","potentialAction":[{"@type":"ReadAction","target":["https:\/\/versano.nl\/contact\/"]}]},{"@type":"BreadcrumbList","@id":"https:\/\/versano.nl\/contact\/#breadcrumb","itemListElement":[{"@type":"ListItem","position":1,"name":"Home","item":"https:\/\/versano.nl\/"},{"@type":"ListItem","position":2,"name":"Meest gestelde vragen"}]},{"@type":"WebSite","@id":"https:\/\/versano.nl\/#website","url":"https:\/\/versano.nl\/","name":"Versano","description":"manteaux d&#039;hiver avec col en fourrure | vestes femme en cuir | vestes en cuir pour hommes","potentialAction":[{"@type":"SearchAction","target":{"@type":"EntryPoint","urlTemplate":"https:\/\/versano.nl\/?s={search_term_string}"},"query-input":{"@type":"PropertyValueSpecification","valueRequired":true,"valueName":"search_term_string"}}],"inLanguage":"fr-FR"}]}},"_links":{"self":[{"href":"https:\/\/versano.nl\/fr\/wp-json\/wp\/v2\/pages\/7","targetHints":{"allow":["GET"]}}],"collection":[{"href":"https:\/\/versano.nl\/fr\/wp-json\/wp\/v2\/pages"}],"about":[{"href":"https:\/\/versano.nl\/fr\/wp-json\/wp\/v2\/types\/page"}],"author":[{"embeddable":true,"href":"https:\/\/versano.nl\/fr\/wp-json\/wp\/v2\/users\/90"}],"replies":[{"embeddable":true,"href":"https:\/\/versano.nl\/fr\/wp-json\/wp\/v2\/comments?post=7"}],"version-history":[{"count":5,"href":"https:\/\/versano.nl\/fr\/wp-json\/wp\/v2\/pages\/7\/revisions"}],"predecessor-version":[{"id":33462,"href":"https:\/\/versano.nl\/fr\/wp-json\/wp\/v2\/pages\/7\/revisions\/33462"}],"wp:attachment":[{"href":"https:\/\/versano.nl\/fr\/wp-json\/wp\/v2\/media?parent=7"}],"curies":[{"name":"wp","href":"https:\/\/api.w.org\/{rel}","templated":true}]}}