{"id":5519,"date":"2017-05-19T00:21:42","date_gmt":"2017-05-19T00:21:42","guid":{"rendered":"https:\/\/leathershopdoci.nl\/versano\/?page_id=5519"},"modified":"2022-02-26T08:52:56","modified_gmt":"2022-02-26T08:52:56","slug":"klachten","status":"publish","type":"page","link":"https:\/\/versano.nl\/fr\/klachten\/","title":{"rendered":"plaintes"},"content":{"rendered":"<p>Si vous avez une plainte ou une exp\u00e9rience d\u00e9sagr\u00e9able concernant nos services ou la livraison, nous vous recommandons de nous informer d&#039;abord de toute plainte en envoyant un e-mail \u00e0 shop@versano.nl.<\/p>","protected":false},"excerpt":{"rendered":"<p>Si vous avez une plainte ou une exp\u00e9rience d\u00e9sagr\u00e9able concernant nos services ou la livraison, nous vous recommandons de nous informer d&#039;abord de toute plainte en envoyant un e-mail \u00e0 shop@versano.nl.<\/p>","protected":false},"author":90,"featured_media":0,"parent":0,"menu_order":0,"comment_status":"closed","ping_status":"closed","template":"","meta":{"footnotes":""},"class_list":["post-5519","page","type-page","status-publish","hentry"],"yoast_head":"<!-- This site is optimized with the Yoast SEO plugin v27.2 - https:\/\/yoast.com\/product\/yoast-seo-wordpress\/ -->\n<title>Klachten - Versano<\/title>\n<meta name=\"robots\" content=\"index, follow, max-snippet:-1, max-image-preview:large, max-video-preview:-1\" \/>\n<link rel=\"canonical\" href=\"https:\/\/versano.nl\/fr\/klachten\/\" \/>\n<meta property=\"og:locale\" content=\"fr_FR\" \/>\n<meta property=\"og:type\" content=\"article\" \/>\n<meta property=\"og:title\" content=\"Klachten - Versano\" \/>\n<meta property=\"og:description\" content=\"Mocht je een klacht of een vervelende ervaring hebben over onze dienstverlening of levering, dan raden wij je aan om de eventuele klachten eerst bij ons kenbaar te maken door te mailen naar shop@versano.nl.\" \/>\n<meta property=\"og:url\" content=\"https:\/\/versano.nl\/fr\/klachten\/\" \/>\n<meta property=\"og:site_name\" content=\"Versano\" \/>\n<meta property=\"article:modified_time\" content=\"2022-02-26T08:52:56+00:00\" \/>\n<meta name=\"twitter:card\" content=\"summary_large_image\" \/>\n<meta name=\"twitter:label1\" content=\"Dur\u00e9e de lecture estim\u00e9e\" \/>\n\t<meta name=\"twitter:data1\" content=\"1 minute\" \/>\n<script type=\"application\/ld+json\" class=\"yoast-schema-graph\">{\"@context\":\"https:\/\/schema.org\",\"@graph\":[{\"@type\":\"WebPage\",\"@id\":\"https:\/\/versano.nl\/klachten\/\",\"url\":\"https:\/\/versano.nl\/klachten\/\",\"name\":\"Klachten - Versano\",\"isPartOf\":{\"@id\":\"https:\/\/versano.nl\/#website\"},\"datePublished\":\"2017-05-19T00:21:42+00:00\",\"dateModified\":\"2022-02-26T08:52:56+00:00\",\"breadcrumb\":{\"@id\":\"https:\/\/versano.nl\/klachten\/#breadcrumb\"},\"inLanguage\":\"fr-FR\",\"potentialAction\":[{\"@type\":\"ReadAction\",\"target\":[\"https:\/\/versano.nl\/klachten\/\"]}]},{\"@type\":\"BreadcrumbList\",\"@id\":\"https:\/\/versano.nl\/klachten\/#breadcrumb\",\"itemListElement\":[{\"@type\":\"ListItem\",\"position\":1,\"name\":\"Home\",\"item\":\"https:\/\/versano.nl\/\"},{\"@type\":\"ListItem\",\"position\":2,\"name\":\"Klachten\"}]},{\"@type\":\"WebSite\",\"@id\":\"https:\/\/versano.nl\/#website\",\"url\":\"https:\/\/versano.nl\/\",\"name\":\"Versano\",\"description\":\"winterjassen met bontkraag | leren dames jassen | leren heren jassen\",\"potentialAction\":[{\"@type\":\"SearchAction\",\"target\":{\"@type\":\"EntryPoint\",\"urlTemplate\":\"https:\/\/versano.nl\/?s={search_term_string}\"},\"query-input\":{\"@type\":\"PropertyValueSpecification\",\"valueRequired\":true,\"valueName\":\"search_term_string\"}}],\"inLanguage\":\"fr-FR\"}]}<\/script>\n<!-- \/ Yoast SEO plugin. -->","yoast_head_json":{"title":"Plaintes - Versano","robots":{"index":"index","follow":"follow","max-snippet":"max-snippet:-1","max-image-preview":"max-image-preview:large","max-video-preview":"max-video-preview:-1"},"canonical":"https:\/\/versano.nl\/fr\/klachten\/","og_locale":"fr_FR","og_type":"article","og_title":"Klachten - Versano","og_description":"Mocht je een klacht of een vervelende ervaring hebben over onze dienstverlening of levering, dan raden wij je aan om de eventuele klachten eerst bij ons kenbaar te maken door te mailen naar shop@versano.nl.","og_url":"https:\/\/versano.nl\/fr\/klachten\/","og_site_name":"Versano","article_modified_time":"2022-02-26T08:52:56+00:00","twitter_card":"summary_large_image","twitter_misc":{"Dur\u00e9e de lecture estim\u00e9e":"1 minute"},"schema":{"@context":"https:\/\/schema.org","@graph":[{"@type":"WebPage","@id":"https:\/\/versano.nl\/klachten\/","url":"https:\/\/versano.nl\/klachten\/","name":"Plaintes - Versano","isPartOf":{"@id":"https:\/\/versano.nl\/#website"},"datePublished":"2017-05-19T00:21:42+00:00","dateModified":"2022-02-26T08:52:56+00:00","breadcrumb":{"@id":"https:\/\/versano.nl\/klachten\/#breadcrumb"},"inLanguage":"fr-FR","potentialAction":[{"@type":"ReadAction","target":["https:\/\/versano.nl\/klachten\/"]}]},{"@type":"BreadcrumbList","@id":"https:\/\/versano.nl\/klachten\/#breadcrumb","itemListElement":[{"@type":"ListItem","position":1,"name":"Home","item":"https:\/\/versano.nl\/"},{"@type":"ListItem","position":2,"name":"Klachten"}]},{"@type":"WebSite","@id":"https:\/\/versano.nl\/#website","url":"https:\/\/versano.nl\/","name":"Versano","description":"manteaux d&#039;hiver avec col en fourrure | vestes femme en cuir | vestes en cuir pour hommes","potentialAction":[{"@type":"SearchAction","target":{"@type":"EntryPoint","urlTemplate":"https:\/\/versano.nl\/?s={search_term_string}"},"query-input":{"@type":"PropertyValueSpecification","valueRequired":true,"valueName":"search_term_string"}}],"inLanguage":"fr-FR"}]}},"_links":{"self":[{"href":"https:\/\/versano.nl\/fr\/wp-json\/wp\/v2\/pages\/5519","targetHints":{"allow":["GET"]}}],"collection":[{"href":"https:\/\/versano.nl\/fr\/wp-json\/wp\/v2\/pages"}],"about":[{"href":"https:\/\/versano.nl\/fr\/wp-json\/wp\/v2\/types\/page"}],"author":[{"embeddable":true,"href":"https:\/\/versano.nl\/fr\/wp-json\/wp\/v2\/users\/90"}],"replies":[{"embeddable":true,"href":"https:\/\/versano.nl\/fr\/wp-json\/wp\/v2\/comments?post=5519"}],"version-history":[{"count":3,"href":"https:\/\/versano.nl\/fr\/wp-json\/wp\/v2\/pages\/5519\/revisions"}],"predecessor-version":[{"id":25431,"href":"https:\/\/versano.nl\/fr\/wp-json\/wp\/v2\/pages\/5519\/revisions\/25431"}],"wp:attachment":[{"href":"https:\/\/versano.nl\/fr\/wp-json\/wp\/v2\/media?parent=5519"}],"curies":[{"name":"wp","href":"https:\/\/api.w.org\/{rel}","templated":true}]}}