{"id":5470,"date":"2017-05-17T21:49:57","date_gmt":"2017-05-17T21:49:57","guid":{"rendered":"https:\/\/leathershopdoci.nl\/versano\/?page_id=5470"},"modified":"2018-02-12T23:17:20","modified_gmt":"2018-02-12T23:17:20","slug":"dames-jas-met-bontkraag","status":"publish","type":"page","link":"https:\/\/versano.nl\/fr\/dames-jas-met-bontkraag\/","title":{"rendered":"Mesdames veste avec col de fourrure"},"content":{"rendered":"<div class=\"wpb-content-wrapper\"><div  class=\"sec_row container\"><div class=\"vc_row wpb_row vc_row-fluid\"><div class=\"wpb_column vc_column_container vc_col-sm-12 et-dark-column\"><div class=\"vc_column-inner\"><div class=\"wpb_wrapper\">\n\t<div class=\"wpb_text_column wpb_content_element\" >\n\t\t<div class=\"wpb_wrapper\">\n\t\t\t<p><a href=\"https:\/\/versano.nl\/wp-content\/uploads\/sites\/2\/2018\/02\/dames-jas-met-bontkraag.jpg\"><img loading=\"lazy\" decoding=\"async\" class=\"size-full wp-image-7441 aligncenter\" src=\"https:\/\/versano.nl\/wp-content\/uploads\/sites\/2\/2018\/02\/dames-jas-met-bontkraag.jpg\" alt=\"manteau femmes avec col de fourrure\" width=\"1200\" height=\"628\" srcset=\"https:\/\/versano.nl\/wp-content\/uploads\/2018\/02\/dames-jas-met-bontkraag.jpg 1200w, https:\/\/versano.nl\/wp-content\/uploads\/2018\/02\/dames-jas-met-bontkraag-600x314.jpg 600w, https:\/\/versano.nl\/wp-content\/uploads\/2018\/02\/dames-jas-met-bontkraag-900x471.jpg 900w, https:\/\/versano.nl\/wp-content\/uploads\/2018\/02\/dames-jas-met-bontkraag-300x157.jpg 300w, https:\/\/versano.nl\/wp-content\/uploads\/2018\/02\/dames-jas-met-bontkraag-768x402.jpg 768w, https:\/\/versano.nl\/wp-content\/uploads\/2018\/02\/dames-jas-met-bontkraag-1024x536.jpg 1024w\" sizes=\"auto, (max-width: 1200px) 100vw, 1200px\" \/><\/a><\/p>\n\n\t\t<\/div>\n\t<\/div>\n<\/div><\/div><\/div><\/div><\/div><div  class=\"sec_row container\"><div class=\"vc_row wpb_row vc_row-fluid vc_custom_1495031441109\"><div class=\"wpb_column vc_column_container vc_col-sm-12 et-dark-column\"><div class=\"vc_column-inner\"><div class=\"wpb_wrapper\">\n\t<div class=\"wpb_text_column wpb_content_element\" >\n\t\t<div class=\"wpb_wrapper\">\n\t\t\t<h1>Mesdames veste avec col de fourrure<\/h1>\n<p>Vous voulez acheter une nouvelle veste mais vous ne savez toujours pas quel type de manteau vous cherchez? Alors jetez un oeil sur le site de Versano. Ceci est une marque n\u00e9erlandaise dans le domaine des vestes en cuir et manteaux avec col en fourrure. Ici vous trouverez des manteaux dans diff\u00e9rents styles, y compris le manteau des dames avec col en fourrure. Une belle veste pour femme avec col en fourrure peut parfaitement s&#039;adapter \u00e0 tous les moments possibles. Que vous passiez un apr\u00e8s-midi \u00e0 faire du shopping avec des amis, ou que vous sortiez avec votre famille pour une soir\u00e9e, nous vendons le manteau pour femme avec un col en fourrure qui convient! Sur Versano.nl vous trouverez \u00e9galement une large gamme d&#039;autres manteaux.<\/p>\n<h2>Une veste pour femme avec col en fourrure de Versano<\/h2>\n<p>Voulez-vous acheter une belle veste pour femme avec un col en fourrure fait du meilleur mat\u00e9riau possible, mais o\u00f9 vous n&#039;avez pas \u00e0 vous sentir trop profond pour votre porte-monnaie? Versano a la philosophie que les beaux manteaux de haute qualit\u00e9 ne doivent pas \u00eatre tr\u00e8s chers. C&#039;est pourquoi vous ne trouverez que des vestes \u00e0 des prix comp\u00e9titifs dans notre gamme. Vous n&#039;avez pas \u00e0 vous soucier de la qualit\u00e9 de nos produits. Nous avons notre propre tannerie, ainsi qu&#039;une usine o\u00f9 nos manteaux sont produits. Puisque nous avons entre nos mains toutes les \u00e9tapes du processus, nous pouvons garantir la qualit\u00e9 de nos manteaux.<\/p>\n<h2>O\u00f9 puis-je acheter cette veste pour femme avec col en fourrure?<\/h2>\n<p>Pour une veste de haute qualit\u00e9 de Versano, veuillez visiter notre site Web, que nous avons mis en place avec Leather Shop Doci. Dans les magasins de Leather Shop Doci, vous pouvez \u00e9galement opter pour nos magnifiques manteaux. Vous pouvez ensuite l&#039;ajuster ou prendre une commande. Donc, vous savez \u00e0 coup s\u00fbr que cette belle veste pour femme avec col en fourrure convient parfaitement et qu&#039;il est aussi confortable que vous le pensiez d\u00e9j\u00e0!<\/p>\n\n\t\t<\/div>\n\t<\/div>\n<\/div><\/div><\/div><\/div><\/div>\n<\/div>","protected":false},"excerpt":{"rendered":"Dames jas met bontkraag U wilt een nieuwe jas kopen maar weet nog niet zeker wat voor jas u precies zoekt? Neem dan eens een kijkje op de website van Versano. Dit is een Nederlands merk op het gebied van leren jassen en jassen met bontkraag. Hier vindt u jassen [...]","protected":false},"author":90,"featured_media":0,"parent":0,"menu_order":0,"comment_status":"closed","ping_status":"closed","template":"page-visual-composer.php","meta":{"footnotes":""},"class_list":["post-5470","page","type-page","status-publish","hentry"],"yoast_head":"<!-- This site is optimized with the Yoast SEO plugin v27.2 - https:\/\/yoast.com\/product\/yoast-seo-wordpress\/ -->\n<title>Dames jas met bontkraag, Damesjas met bontkraag | Versano<\/title>\n<meta name=\"description\" content=\"Bent u op zoek naar een dames jas met bontkraag? Bij Versano bent u aan het juiste adres voor o.a. een damesjas met bontkraag.\" \/>\n<meta name=\"robots\" content=\"index, follow, max-snippet:-1, max-image-preview:large, max-video-preview:-1\" \/>\n<link rel=\"canonical\" href=\"https:\/\/versano.nl\/fr\/dames-jas-met-bontkraag\/\" \/>\n<meta property=\"og:locale\" content=\"fr_FR\" \/>\n<meta property=\"og:type\" content=\"article\" \/>\n<meta property=\"og:title\" content=\"Dames jas met bontkraag, Damesjas met bontkraag | Versano\" \/>\n<meta property=\"og:description\" content=\"Bent u op zoek naar een dames jas met bontkraag? Bij Versano bent u aan het juiste adres voor o.a. een damesjas met bontkraag.\" \/>\n<meta property=\"og:url\" content=\"https:\/\/versano.nl\/fr\/dames-jas-met-bontkraag\/\" \/>\n<meta property=\"og:site_name\" content=\"Versano\" \/>\n<meta property=\"article:modified_time\" content=\"2018-02-12T23:17:20+00:00\" \/>\n<meta property=\"og:image\" content=\"https:\/\/versano.nl\/wp-content\/uploads\/sites\/2\/2018\/02\/dames-jas-met-bontkraag.jpg\" \/>\n<meta name=\"twitter:card\" content=\"summary_large_image\" \/>\n<meta name=\"twitter:label1\" content=\"Dur\u00e9e de lecture estim\u00e9e\" \/>\n\t<meta name=\"twitter:data1\" content=\"2 minutes\" \/>\n<script type=\"application\/ld+json\" class=\"yoast-schema-graph\">{\"@context\":\"https:\/\/schema.org\",\"@graph\":[{\"@type\":\"WebPage\",\"@id\":\"https:\/\/versano.nl\/dames-jas-met-bontkraag\/\",\"url\":\"https:\/\/versano.nl\/dames-jas-met-bontkraag\/\",\"name\":\"Dames jas met bontkraag, Damesjas met bontkraag | Versano\",\"isPartOf\":{\"@id\":\"https:\/\/versano.nl\/#website\"},\"primaryImageOfPage\":{\"@id\":\"https:\/\/versano.nl\/dames-jas-met-bontkraag\/#primaryimage\"},\"image\":{\"@id\":\"https:\/\/versano.nl\/dames-jas-met-bontkraag\/#primaryimage\"},\"thumbnailUrl\":\"https:\/\/versano.nl\/wp-content\/uploads\/sites\/2\/2018\/02\/dames-jas-met-bontkraag.jpg\",\"datePublished\":\"2017-05-17T21:49:57+00:00\",\"dateModified\":\"2018-02-12T23:17:20+00:00\",\"description\":\"Bent u op zoek naar een dames jas met bontkraag? Bij Versano bent u aan het juiste adres voor o.a. een damesjas met bontkraag.\",\"breadcrumb\":{\"@id\":\"https:\/\/versano.nl\/dames-jas-met-bontkraag\/#breadcrumb\"},\"inLanguage\":\"fr-FR\",\"potentialAction\":[{\"@type\":\"ReadAction\",\"target\":[\"https:\/\/versano.nl\/dames-jas-met-bontkraag\/\"]}]},{\"@type\":\"ImageObject\",\"inLanguage\":\"fr-FR\",\"@id\":\"https:\/\/versano.nl\/dames-jas-met-bontkraag\/#primaryimage\",\"url\":\"https:\/\/versano.nl\/wp-content\/uploads\/sites\/2\/2018\/02\/dames-jas-met-bontkraag.jpg\",\"contentUrl\":\"https:\/\/versano.nl\/wp-content\/uploads\/sites\/2\/2018\/02\/dames-jas-met-bontkraag.jpg\"},{\"@type\":\"BreadcrumbList\",\"@id\":\"https:\/\/versano.nl\/dames-jas-met-bontkraag\/#breadcrumb\",\"itemListElement\":[{\"@type\":\"ListItem\",\"position\":1,\"name\":\"Home\",\"item\":\"https:\/\/versano.nl\/\"},{\"@type\":\"ListItem\",\"position\":2,\"name\":\"Dames jas met bontkraag\"}]},{\"@type\":\"WebSite\",\"@id\":\"https:\/\/versano.nl\/#website\",\"url\":\"https:\/\/versano.nl\/\",\"name\":\"Versano\",\"description\":\"winterjassen met bontkraag | leren dames jassen | leren heren jassen\",\"potentialAction\":[{\"@type\":\"SearchAction\",\"target\":{\"@type\":\"EntryPoint\",\"urlTemplate\":\"https:\/\/versano.nl\/?s={search_term_string}\"},\"query-input\":{\"@type\":\"PropertyValueSpecification\",\"valueRequired\":true,\"valueName\":\"search_term_string\"}}],\"inLanguage\":\"fr-FR\"}]}<\/script>\n<!-- \/ Yoast SEO plugin. -->","yoast_head_json":{"title":"Manteau femme avec col en fourrure, Manteau femme avec col en fourrure | Versano","description":"Vous recherchez un manteau femme avec un col en fourrure? Chez Versano, vous \u00eates au bon endroit pour un manteau femme avec col en fourrure.","robots":{"index":"index","follow":"follow","max-snippet":"max-snippet:-1","max-image-preview":"max-image-preview:large","max-video-preview":"max-video-preview:-1"},"canonical":"https:\/\/versano.nl\/fr\/dames-jas-met-bontkraag\/","og_locale":"fr_FR","og_type":"article","og_title":"Dames jas met bontkraag, Damesjas met bontkraag | Versano","og_description":"Bent u op zoek naar een dames jas met bontkraag? Bij Versano bent u aan het juiste adres voor o.a. een damesjas met bontkraag.","og_url":"https:\/\/versano.nl\/fr\/dames-jas-met-bontkraag\/","og_site_name":"Versano","article_modified_time":"2018-02-12T23:17:20+00:00","og_image":[{"url":"https:\/\/versano.nl\/wp-content\/uploads\/sites\/2\/2018\/02\/dames-jas-met-bontkraag.jpg","type":"","width":"","height":""}],"twitter_card":"summary_large_image","twitter_misc":{"Dur\u00e9e de lecture estim\u00e9e":"2 minutes"},"schema":{"@context":"https:\/\/schema.org","@graph":[{"@type":"WebPage","@id":"https:\/\/versano.nl\/dames-jas-met-bontkraag\/","url":"https:\/\/versano.nl\/dames-jas-met-bontkraag\/","name":"Manteau femme avec col en fourrure, Manteau femme avec col en fourrure | Versano","isPartOf":{"@id":"https:\/\/versano.nl\/#website"},"primaryImageOfPage":{"@id":"https:\/\/versano.nl\/dames-jas-met-bontkraag\/#primaryimage"},"image":{"@id":"https:\/\/versano.nl\/dames-jas-met-bontkraag\/#primaryimage"},"thumbnailUrl":"https:\/\/versano.nl\/wp-content\/uploads\/sites\/2\/2018\/02\/dames-jas-met-bontkraag.jpg","datePublished":"2017-05-17T21:49:57+00:00","dateModified":"2018-02-12T23:17:20+00:00","description":"Vous recherchez un manteau femme avec un col en fourrure? Chez Versano, vous \u00eates au bon endroit pour un manteau femme avec col en fourrure.","breadcrumb":{"@id":"https:\/\/versano.nl\/dames-jas-met-bontkraag\/#breadcrumb"},"inLanguage":"fr-FR","potentialAction":[{"@type":"ReadAction","target":["https:\/\/versano.nl\/dames-jas-met-bontkraag\/"]}]},{"@type":"ImageObject","inLanguage":"fr-FR","@id":"https:\/\/versano.nl\/dames-jas-met-bontkraag\/#primaryimage","url":"https:\/\/versano.nl\/wp-content\/uploads\/sites\/2\/2018\/02\/dames-jas-met-bontkraag.jpg","contentUrl":"https:\/\/versano.nl\/wp-content\/uploads\/sites\/2\/2018\/02\/dames-jas-met-bontkraag.jpg"},{"@type":"BreadcrumbList","@id":"https:\/\/versano.nl\/dames-jas-met-bontkraag\/#breadcrumb","itemListElement":[{"@type":"ListItem","position":1,"name":"Home","item":"https:\/\/versano.nl\/"},{"@type":"ListItem","position":2,"name":"Dames jas met bontkraag"}]},{"@type":"WebSite","@id":"https:\/\/versano.nl\/#website","url":"https:\/\/versano.nl\/","name":"Versano","description":"manteaux d&#039;hiver avec col en fourrure | vestes femme en cuir | vestes en cuir pour hommes","potentialAction":[{"@type":"SearchAction","target":{"@type":"EntryPoint","urlTemplate":"https:\/\/versano.nl\/?s={search_term_string}"},"query-input":{"@type":"PropertyValueSpecification","valueRequired":true,"valueName":"search_term_string"}}],"inLanguage":"fr-FR"}]}},"_links":{"self":[{"href":"https:\/\/versano.nl\/fr\/wp-json\/wp\/v2\/pages\/5470","targetHints":{"allow":["GET"]}}],"collection":[{"href":"https:\/\/versano.nl\/fr\/wp-json\/wp\/v2\/pages"}],"about":[{"href":"https:\/\/versano.nl\/fr\/wp-json\/wp\/v2\/types\/page"}],"author":[{"embeddable":true,"href":"https:\/\/versano.nl\/fr\/wp-json\/wp\/v2\/users\/90"}],"replies":[{"embeddable":true,"href":"https:\/\/versano.nl\/fr\/wp-json\/wp\/v2\/comments?post=5470"}],"version-history":[{"count":2,"href":"https:\/\/versano.nl\/fr\/wp-json\/wp\/v2\/pages\/5470\/revisions"}],"predecessor-version":[{"id":7442,"href":"https:\/\/versano.nl\/fr\/wp-json\/wp\/v2\/pages\/5470\/revisions\/7442"}],"wp:attachment":[{"href":"https:\/\/versano.nl\/fr\/wp-json\/wp\/v2\/media?parent=5470"}],"curies":[{"name":"wp","href":"https:\/\/api.w.org\/{rel}","templated":true}]}}