{"id":28,"date":"2017-05-05T02:44:49","date_gmt":"2017-05-05T02:44:49","guid":{"rendered":"https:\/\/leathershopdoci.nl\/versano\/?page_id=28"},"modified":"2021-11-24T19:22:40","modified_gmt":"2021-11-24T19:22:40","slug":"retouraanvraag","status":"publish","type":"page","link":"https:\/\/versano.nl\/fr\/retouraanvraag\/","title":{"rendered":"retour Demande"},"content":{"rendered":"<div class=\"wpb-content-wrapper\"><div  class=\"sec_row container\"><div class=\"vc_row wpb_row vc_row-fluid\"><div class=\"wpb_column vc_column_container vc_col-sm-12 et-dark-column\"><div class=\"vc_column-inner\"><div class=\"wpb_wrapper\">\n\t<div class=\"wpb_text_column wpb_content_element\" >\n\t\t<div class=\"wpb_wrapper\">\n\t\t\t<p><img loading=\"lazy\" decoding=\"async\" class=\"alignnone size-full wp-image-5289\" src=\"https:\/\/sub.versano.nl\/wp-content\/uploads\/sites\/2\/2017\/05\/ruilen-versano.jpg\" alt=\"\" width=\"1200\" height=\"305\" srcset=\"https:\/\/versano.nl\/wp-content\/uploads\/2017\/05\/ruilen-versano.jpg 1200w, https:\/\/versano.nl\/wp-content\/uploads\/2017\/05\/ruilen-versano-600x153.jpg 600w, https:\/\/versano.nl\/wp-content\/uploads\/2017\/05\/ruilen-versano-900x229.jpg 900w, https:\/\/versano.nl\/wp-content\/uploads\/2017\/05\/ruilen-versano-300x76.jpg 300w, https:\/\/versano.nl\/wp-content\/uploads\/2017\/05\/ruilen-versano-768x195.jpg 768w, https:\/\/versano.nl\/wp-content\/uploads\/2017\/05\/ruilen-versano-1024x260.jpg 1024w\" sizes=\"auto, (max-width: 1200px) 100vw, 1200px\" \/><\/p>\n\n\t\t<\/div>\n\t<\/div>\n<div class=\"vc_tta-container\" data-vc-action=\"collapse\"><div class=\"vc_general vc_tta vc_tta-accordion vc_tta-o-shape-group vc_tta-controls-align-default\"><div class=\"vc_tta-panels-container\"><div class=\"vc_tta-panels\"><div class=\"vc_tta-panel vc_active\" id=\"1604294671135-fe380ac6-5893\" data-vc-content=\".vc_tta-panel-body\"><div class=\"vc_tta-panel-heading\"><h4 class=\"vc_tta-panel-title vc_tta-controls-icon-position-left\"><a href=\"#1604294671135-fe380ac6-5893\" data-vc-accordion data-vc-container=\".vc_tta-container\"><span class=\"vc_tta-title-text\">Comment puis-je retourner ou \u00e9changer ma commande ?<\/span><i class=\"vc_tta-controls-icon vc_tta-controls-icon-plus\"><\/i><\/a><\/h4><\/div><div class=\"vc_tta-panel-body\">\n\t<div class=\"wpb_text_column wpb_content_element\" >\n\t\t<div class=\"wpb_wrapper\">\n\t\t\t<p>Vous pouvez facilement retourner votre commande en suivant les \u00e9tapes ci-dessous.<\/p>\n<ol>\n<li>V\u00e9rifiez si votre retour r\u00e9pond \u00e0 nos conditions de retour.<\/li>\n<li>Suivez les \u00e9tapes \u00e0 suivre.\u00a0<b>N&#039;oubliez pas de retirer l&#039;ancienne \u00e9tiquette d&#039;exp\u00e9dition.<\/b><\/li>\n<li>Assurez-vous d&#039;envoyer votre retour assur\u00e9, car s&#039;il manque, vous \u00eates responsable de l&#039;exp\u00e9dition.<\/li>\n<\/ol>\n<p><strong>RETOUR<\/strong><br \/>\nVous pouvez nous retourner votre achat directement sans donner de raison. Vous pouvez retourner votre envoi via PostNL ou un autre transporteur. Nous vous recommandons d&#039;envoyer l&#039;envoi assur\u00e9. Veuillez retourner le formulaire de retour avec votre envoi, afin que nous puissions facilement traiter votre retour. Si vous retournez votre commande via PostNL ou DHL, vous recevrez un re\u00e7u d&#039;exp\u00e9dition de l&#039;employ\u00e9 du comptoir avec un code Track &amp; Trace. Vous recevrez \u00e9galement un re\u00e7u d&#039;exp\u00e9dition de Returnista avec un code Track &amp; Trace. Veuillez conserver la preuve d&#039;exp\u00e9dition jusqu&#039;\u00e0 ce que votre retour ait \u00e9t\u00e9 enti\u00e8rement trait\u00e9 et rembours\u00e9.<\/p>\n<p>FAITES ATTENTION! : Nous n&#039;envoyons pas de confirmation lorsque nous avons re\u00e7u votre retour. Vous pouvez suivre vous-m\u00eame votre envoi via le Track&amp;Trace. Votre retour sera trait\u00e9 imm\u00e9diatement apr\u00e8s nous avoir \u00e9t\u00e9 livr\u00e9. Le montant du retour sera rembours\u00e9 sur votre compte dans les 14 jours suivant la r\u00e9ception de votre envoi.<\/p>\n<p><strong>\u00c9CHANGER<\/strong><br \/>\nSi vous souhaitez \u00e9changer votre achat, vous pouvez imm\u00e9diatement retourner le produit et le commander \u00e0 nouveau via notre site internet. De cette fa\u00e7on, vous ne perdez pas de temps et vous recevrez le nouveau produit sous 2 \u00e0 3 jours. lors de l&#039;\u00e9change ou du retour, l&#039;article doit \u00eatre raisonnablement inutilis\u00e9 et en bon \u00e9tat. Cela signifie que l&#039;article ne doit pas avoir \u00e9t\u00e9 port\u00e9 et doit \u00eatre retourn\u00e9 dans son emballage d&#039;origine. De plus, vous ne pouvez jamais retirer l&#039;\u00e9tiquette. Si vous ne remplissez pas ces conditions, nous ne pouvons ni \u00e9changer ni reprendre l&#039;article.<\/p>\n<p>ADRESSE DE RETOUR : Versano \/ Mezam BV, Nikkelstraat 23, 4823 AE Breda Pays-Bas<\/p>\n<p>Sans une preuve d&#039;exp\u00e9dition valide avec un code Track &amp; Trace, nous ne pouvons pas commencer une enqu\u00eate sur les retours et nous ne rembourserons donc pas les retours manquants.<\/p>\n\n\t\t<\/div>\n\t<\/div>\n<\/div><\/div><div class=\"vc_tta-panel\" id=\"1604294464130-5b060e33-680d\" data-vc-content=\".vc_tta-panel-body\"><div class=\"vc_tta-panel-heading\"><h4 class=\"vc_tta-panel-title vc_tta-controls-icon-position-left\"><a href=\"#1604294464130-5b060e33-680d\" data-vc-accordion data-vc-container=\".vc_tta-container\"><span class=\"vc_tta-title-text\">Combien de temps faut-il pour traiter mon retour ou mon \u00e9change ?<\/span><i class=\"vc_tta-controls-icon vc_tta-controls-icon-plus\"><\/i><\/a><\/h4><\/div><div class=\"vc_tta-panel-body\">\n\t<div class=\"wpb_text_column wpb_content_element\" >\n\t\t<div class=\"wpb_wrapper\">\n\t\t\t<p>Bien que la p\u00e9riode de remboursement maximale soit de 14 jours, le traitement de votre retour avec nous \u00ab \u00e0 compter de la r\u00e9ception \u00bb ne prend que quelques jours. Apr\u00e8s avoir trait\u00e9 votre retour, vous serez averti par e-mail avec de plus amples informations sur votre remboursement.<\/p>\n<p>Si vous n&#039;avez pas re\u00e7u de message de notre part apr\u00e8s 14 jours, veuillez nous contacter via le formulaire de contact ou shop@versano.nl. Mentionnez votre nom, votre adresse e-mail, votre num\u00e9ro de t\u00e9l\u00e9phone et le num\u00e9ro de commande.<\/p>\n\n\t\t<\/div>\n\t<\/div>\n<\/div><\/div><div class=\"vc_tta-panel\" id=\"1604294464159-804e850b-6900\" data-vc-content=\".vc_tta-panel-body\"><div class=\"vc_tta-panel-heading\"><h4 class=\"vc_tta-panel-title vc_tta-controls-icon-position-left\"><a href=\"#1604294464159-804e850b-6900\" data-vc-accordion data-vc-container=\".vc_tta-container\"><span class=\"vc_tta-title-text\">Quand puis-je recevoir une r\u00e9ponse \u00e0 ma question ?<\/span><i class=\"vc_tta-controls-icon vc_tta-controls-icon-plus\"><\/i><\/a><\/h4><\/div><div class=\"vc_tta-panel-body\">\n\t<div class=\"wpb_text_column wpb_content_element\" >\n\t\t<div class=\"wpb_wrapper\">\n\t\t\t<p>R\u00e9pondre aux questions peut parfois prendre plus de temps que ce \u00e0 quoi vous \u00eates habitu\u00e9 de notre part. Nous vous recommandons donc de soumettre votre question via un seul canal. Si vous avez une question sur une commande, il est judicieux de vous r\u00e9f\u00e9rer \u00e0 votre num\u00e9ro de commande. Nous essayons bien entendu de vous r\u00e9pondre dans les plus brefs d\u00e9lais<\/p>\n\n\t\t<\/div>\n\t<\/div>\n<\/div><\/div><div class=\"vc_tta-panel\" id=\"1604294557734-6bf85c65-3fbd\" data-vc-content=\".vc_tta-panel-body\"><div class=\"vc_tta-panel-heading\"><h4 class=\"vc_tta-panel-title vc_tta-controls-icon-position-left\"><a href=\"#1604294557734-6bf85c65-3fbd\" data-vc-accordion data-vc-container=\".vc_tta-container\"><span class=\"vc_tta-title-text\">Que dois-je faire si j&#039;ai re\u00e7u mon colis endommag\u00e9 ?<\/span><i class=\"vc_tta-controls-icon vc_tta-controls-icon-plus\"><\/i><\/a><\/h4><\/div><div class=\"vc_tta-panel-body\">\n\t<div class=\"wpb_text_column wpb_content_element\" >\n\t\t<div class=\"wpb_wrapper\">\n\t\t\t<p>Il est malheureusement possible que votre commande soit endommag\u00e9e lors de l&#039;exp\u00e9dition. En tant que client, vous ne pouvez bien s\u00fbr rien y faire. Dans ce cas, nous vous demandons de contacter imm\u00e9diatement notre service client. Il est \u00e9galement utile d&#039;envoyer des photos de la plainte. Notre service client traitera votre message dans les plus brefs d\u00e9lais et recherchera avec vous la meilleure solution.<\/p>\n\n\t\t<\/div>\n\t<\/div>\n<\/div><\/div><div class=\"vc_tta-panel\" id=\"1604294594879-e744c66a-29eb\" data-vc-content=\".vc_tta-panel-body\"><div class=\"vc_tta-panel-heading\"><h4 class=\"vc_tta-panel-title vc_tta-controls-icon-position-left\"><a href=\"#1604294594879-e744c66a-29eb\" data-vc-accordion data-vc-container=\".vc_tta-container\"><span class=\"vc_tta-title-text\">Quand ma facture Klarna sera-t-elle ajust\u00e9e ?<\/span><i class=\"vc_tta-controls-icon vc_tta-controls-icon-plus\"><\/i><\/a><\/h4><\/div><div class=\"vc_tta-panel-body\">\n\t<div class=\"wpb_text_column wpb_content_element\" >\n\t\t<div class=\"wpb_wrapper\">\n\t\t\t<p>D\u00e8s que nous aurons re\u00e7u et trait\u00e9 votre retour, un ajustement sera effectu\u00e9 sur votre facture. Vous recevrez ensuite une facture ajust\u00e9e de Klarna dans les 24 heures, ajust\u00e9e en fonction de votre retour.<\/p>\n<p>L&#039;avantage de Klarna est que vous n&#039;avez pas \u00e0 payer l&#039;int\u00e9gralit\u00e9 de votre facture \u00e0 l&#039;avance. Nous vous recommandons toutefois de payer votre facture \u00e0 temps pour \u00e9viter une augmentation des co\u00fbts.<\/p>\n<p>Avez-vous d\u00e9j\u00e0 pay\u00e9 votre facture Klarna et \u00e9ventuellement retourn\u00e9 des articles ? Dans ce cas, vous recevrez un remboursement de Klarna d\u00e8s que nous aurons re\u00e7u et trait\u00e9 votre retour.<\/p>\n<p>Connaissez-vous d\u00e9j\u00e0 l&#039;application Klarna ? Avec l&#039;application Klarna, vous avez un aper\u00e7u de vos commandes et vous pouvez, entre autres, mettre votre facture en attente ou enregistrer des retours.<\/p>\n<p>Pour plus d&#039;informations, visitez https:\/\/www.klarna.nl<\/p>\n\n\t\t<\/div>\n\t<\/div>\n<\/div><\/div><div class=\"vc_tta-panel\" id=\"1604294636238-e9a43f8c-b577\" data-vc-content=\".vc_tta-panel-body\"><div class=\"vc_tta-panel-heading\"><h4 class=\"vc_tta-panel-title vc_tta-controls-icon-position-left\"><a href=\"#1604294636238-e9a43f8c-b577\" data-vc-accordion data-vc-container=\".vc_tta-container\"><span class=\"vc_tta-title-text\">Pourquoi n&#039;est-il pas possible de passer une commande ?<\/span><i class=\"vc_tta-controls-icon vc_tta-controls-icon-plus\"><\/i><\/a><\/h4><\/div><div class=\"vc_tta-panel-body\">\n\t<div class=\"wpb_text_column wpb_content_element\" >\n\t\t<div class=\"wpb_wrapper\">\n\t\t\t<p>Cela peut avoir plusieurs causes. Nous vous recommandons d&#039;entrer votre adresse manuellement dans la caisse et de ne pas utiliser le remplissage automatique. Si cela ne fonctionne toujours pas apr\u00e8s cela, nous vous recommandons de contacter notre service client. Il est utile d&#039;envoyer une capture d&#039;\u00e9cran de l&#039;int\u00e9gralit\u00e9 du paiement ou du message d&#039;erreur.<\/p>\n\n\t\t<\/div>\n\t<\/div>\n<\/div><\/div><\/div><\/div><\/div><\/div><div class=\"vc_row wpb_row vc_inner vc_row-fluid max_width vc_custom_1613838878752\"><div class=\"wpb_column vc_column_container vc_col-sm-3 et-dark-column\"><div class=\"vc_column-inner\"><div class=\"wpb_wrapper\">\r\n\t<div id=\"et-iconbox-146\" class=\"et-iconbox layout-default icon-style-image-default bottom-spacing-none icon-color- text-color- animation bottom-to-top\"> \r\n\t\t<div class=\"et-icon-inner\">\r\n\t\t\t\t\t\t<figure class=\"et-feature-icon\">\r\n\t\t\t\t\t\t\t\t\t<img decoding=\"async\" src=\"https:\/\/versano.nl\/wp-content\/uploads\/2021\/03\/retour-inpakken.jpg\" alt=\"Emballer\" \/>\r\n\t\t\t\t\t\t\t<\/figure>\r\n\t\t\t\t\t\t<div class=\"et-feature-content\"> \r\n\t\t\t\t\t\t\t\t\t\t\t\t\t\t\t\t\t<h4 class=\"title\">Emballer<\/h4>\r\n\t\t\t\t\t\t\t\t\t\t\t\t<div class=\"wpb_text_column\"><p>Pliez soigneusement les articles comme vous les avez re\u00e7us et emballez-les soigneusement. Joignez \u00e9galement le formulaire de retour au bordereau d&#039;exp\u00e9dition.<\/p>\n<\/div>\r\n\t\t\t<\/div>\r\n\t\t<\/div>\r\n\t<\/div>\r\n\r\n\t<\/div><\/div><\/div><div class=\"wpb_column vc_column_container vc_col-sm-3 et-dark-column\"><div class=\"vc_column-inner\"><div class=\"wpb_wrapper\">\r\n\t<div id=\"et-iconbox-221\" class=\"et-iconbox layout-default icon-style-image-default bottom-spacing-none icon-color- text-color- animation bottom-to-top\"> \r\n\t\t<div class=\"et-icon-inner\">\r\n\t\t\t\t\t\t<figure class=\"et-feature-icon\">\r\n\t\t\t\t\t\t\t\t\t<img decoding=\"async\" src=\"https:\/\/versano.nl\/wp-content\/uploads\/2021\/03\/retourlabel-downloaden.jpg\" alt=\"revenir\" \/>\r\n\t\t\t\t\t\t\t<\/figure>\r\n\t\t\t\t\t\t<div class=\"et-feature-content\"> \r\n\t\t\t\t\t\t\t\t\t\t\t\t\t\t\t\t\t<h4 class=\"title\">revenir<\/h4>\r\n\t\t\t\t\t\t\t\t\t\t\t\t<div class=\"wpb_text_column\"><p>Renvoyez votre colis avec une \u00e9tiquette d&#039;exp\u00e9dition valide. Vous pouvez l&#039;acheter dans un point de livraison PostNL ou DHL. Retirez l&#039;ancienne \u00e9tiquette de la bo\u00eete.<\/p>\n<\/div>\r\n\t\t\t<\/div>\r\n\t\t<\/div>\r\n\t<\/div>\r\n\r\n\t<\/div><\/div><\/div><div class=\"wpb_column vc_column_container vc_col-sm-3 et-dark-column\"><div class=\"vc_column-inner\"><div class=\"wpb_wrapper\">\r\n\t<div id=\"et-iconbox-475\" class=\"et-iconbox layout-default icon-style-image-default bottom-spacing-none icon-color- text-color- animation bottom-to-top\"> \r\n\t\t<div class=\"et-icon-inner\">\r\n\t\t\t\t\t\t<figure class=\"et-feature-icon\">\r\n\t\t\t\t\t\t\t\t\t<img decoding=\"async\" src=\"https:\/\/versano.nl\/wp-content\/uploads\/2021\/03\/retour-afgeven-postnl-punt.jpg\" alt=\"D\u00e9poser Postnl Punt\" \/>\r\n\t\t\t\t\t\t\t<\/figure>\r\n\t\t\t\t\t\t<div class=\"et-feature-content\"> \r\n\t\t\t\t\t\t\t\t\t\t\t\t\t\t\t\t\t<h4 class=\"title\">D\u00e9poser Postnl Punt<\/h4>\r\n\t\t\t\t\t\t\t\t\t\t\t\t<div class=\"wpb_text_column\"><p>Livrez votre colis \u00e0 un point d&#039;acceptation PostNL dans votre r\u00e9gion. Vous pouvez trouver un emplacement pr\u00e8s de chez vous par code postal et num\u00e9ro de maison sur postnl.nl\/locatiewijzer.<\/p>\n<\/div>\r\n\t\t\t<\/div>\r\n\t\t<\/div>\r\n\t<\/div>\r\n\r\n\t<\/div><\/div><\/div><div class=\"wpb_column vc_column_container vc_col-sm-3 et-dark-column\"><div class=\"vc_column-inner\"><div class=\"wpb_wrapper\">\r\n\t<div id=\"et-iconbox-337\" class=\"et-iconbox layout-default icon-style-image-default bottom-spacing-none icon-color- text-color- animation bottom-to-top\"> \r\n\t\t<div class=\"et-icon-inner\">\r\n\t\t\t\t\t\t<figure class=\"et-feature-icon\">\r\n\t\t\t\t\t\t\t\t\t<img decoding=\"async\" src=\"https:\/\/versano.nl\/wp-content\/uploads\/2021\/03\/retour-terugbetaling.jpg\" alt=\"Remboursement\" \/>\r\n\t\t\t\t\t\t\t<\/figure>\r\n\t\t\t\t\t\t<div class=\"et-feature-content\"> \r\n\t\t\t\t\t\t\t\t\t\t\t\t\t\t\t\t\t<h4 class=\"title\">Remboursement<\/h4>\r\n\t\t\t\t\t\t\t\t\t\t\t\t<div class=\"wpb_text_column\"><p>Le remboursement sera effectu\u00e9 sur le num\u00e9ro de compte avec lequel le paiement a \u00e9t\u00e9 effectu\u00e9. En r\u00e8gle g\u00e9n\u00e9rale, les remboursements sont trait\u00e9s dans les 14 jours suivant la r\u00e9ception.<\/p>\n<\/div>\r\n\t\t\t<\/div>\r\n\t\t<\/div>\r\n\t<\/div>\r\n\r\n\t<\/div><\/div><\/div><\/div><\/div><\/div><\/div><\/div><\/div>\n<\/div>","protected":false},"excerpt":{"rendered":"Hoe kan ik mijn bestelling retourneren of omruilen? Je kan je order makkelijk retourneren door de onderstaande stappen te volgen. Kijk of jouw retour voldoet aan onze retourvoorwaarden. Volg de te nemen stappen.\u00a0Vergeet niet om het oude verzendlabel te verwijderen. Zorg ervoor dat je je retour verzekerd terugstuurt, want bij [...]","protected":false},"author":90,"featured_media":0,"parent":0,"menu_order":0,"comment_status":"closed","ping_status":"closed","template":"","meta":{"footnotes":""},"class_list":["post-28","page","type-page","status-publish","hentry"],"yoast_head":"<!-- This site is optimized with the Yoast SEO plugin v27.2 - https:\/\/yoast.com\/product\/yoast-seo-wordpress\/ -->\n<title>Retouraanvraag - Versano<\/title>\n<meta name=\"robots\" content=\"index, follow, max-snippet:-1, max-image-preview:large, max-video-preview:-1\" \/>\n<link rel=\"canonical\" href=\"https:\/\/versano.nl\/fr\/retouraanvraag\/\" \/>\n<meta property=\"og:locale\" content=\"fr_FR\" \/>\n<meta property=\"og:type\" content=\"article\" \/>\n<meta property=\"og:title\" content=\"Retouraanvraag - Versano\" \/>\n<meta property=\"og:url\" content=\"https:\/\/versano.nl\/fr\/retouraanvraag\/\" \/>\n<meta property=\"og:site_name\" content=\"Versano\" \/>\n<meta property=\"article:modified_time\" content=\"2021-11-24T19:22:40+00:00\" \/>\n<meta property=\"og:image\" content=\"https:\/\/sub.versano.nl\/wp-content\/uploads\/sites\/2\/2017\/05\/ruilen-versano.jpg\" \/>\n<meta name=\"twitter:card\" content=\"summary_large_image\" \/>\n<meta name=\"twitter:label1\" content=\"Dur\u00e9e de lecture estim\u00e9e\" \/>\n\t<meta name=\"twitter:data1\" content=\"5 minutes\" \/>\n<script type=\"application\/ld+json\" class=\"yoast-schema-graph\">{\"@context\":\"https:\/\/schema.org\",\"@graph\":[{\"@type\":\"WebPage\",\"@id\":\"https:\/\/versano.nl\/retouraanvraag\/\",\"url\":\"https:\/\/versano.nl\/retouraanvraag\/\",\"name\":\"Retouraanvraag - Versano\",\"isPartOf\":{\"@id\":\"https:\/\/versano.nl\/#website\"},\"primaryImageOfPage\":{\"@id\":\"https:\/\/versano.nl\/retouraanvraag\/#primaryimage\"},\"image\":{\"@id\":\"https:\/\/versano.nl\/retouraanvraag\/#primaryimage\"},\"thumbnailUrl\":\"https:\/\/sub.versano.nl\/wp-content\/uploads\/sites\/2\/2017\/05\/ruilen-versano.jpg\",\"datePublished\":\"2017-05-05T02:44:49+00:00\",\"dateModified\":\"2021-11-24T19:22:40+00:00\",\"breadcrumb\":{\"@id\":\"https:\/\/versano.nl\/retouraanvraag\/#breadcrumb\"},\"inLanguage\":\"fr-FR\",\"potentialAction\":[{\"@type\":\"ReadAction\",\"target\":[\"https:\/\/versano.nl\/retouraanvraag\/\"]}]},{\"@type\":\"ImageObject\",\"inLanguage\":\"fr-FR\",\"@id\":\"https:\/\/versano.nl\/retouraanvraag\/#primaryimage\",\"url\":\"https:\/\/sub.versano.nl\/wp-content\/uploads\/sites\/2\/2017\/05\/ruilen-versano.jpg\",\"contentUrl\":\"https:\/\/sub.versano.nl\/wp-content\/uploads\/sites\/2\/2017\/05\/ruilen-versano.jpg\"},{\"@type\":\"BreadcrumbList\",\"@id\":\"https:\/\/versano.nl\/retouraanvraag\/#breadcrumb\",\"itemListElement\":[{\"@type\":\"ListItem\",\"position\":1,\"name\":\"Home\",\"item\":\"https:\/\/versano.nl\/\"},{\"@type\":\"ListItem\",\"position\":2,\"name\":\"Retouraanvraag\"}]},{\"@type\":\"WebSite\",\"@id\":\"https:\/\/versano.nl\/#website\",\"url\":\"https:\/\/versano.nl\/\",\"name\":\"Versano\",\"description\":\"winterjassen met bontkraag | leren dames jassen | leren heren jassen\",\"potentialAction\":[{\"@type\":\"SearchAction\",\"target\":{\"@type\":\"EntryPoint\",\"urlTemplate\":\"https:\/\/versano.nl\/?s={search_term_string}\"},\"query-input\":{\"@type\":\"PropertyValueSpecification\",\"valueRequired\":true,\"valueName\":\"search_term_string\"}}],\"inLanguage\":\"fr-FR\"}]}<\/script>\n<!-- \/ Yoast SEO plugin. -->","yoast_head_json":{"title":"Demande de retour - Versano","robots":{"index":"index","follow":"follow","max-snippet":"max-snippet:-1","max-image-preview":"max-image-preview:large","max-video-preview":"max-video-preview:-1"},"canonical":"https:\/\/versano.nl\/fr\/retouraanvraag\/","og_locale":"fr_FR","og_type":"article","og_title":"Retouraanvraag - Versano","og_url":"https:\/\/versano.nl\/fr\/retouraanvraag\/","og_site_name":"Versano","article_modified_time":"2021-11-24T19:22:40+00:00","og_image":[{"url":"https:\/\/sub.versano.nl\/wp-content\/uploads\/sites\/2\/2017\/05\/ruilen-versano.jpg","type":"","width":"","height":""}],"twitter_card":"summary_large_image","twitter_misc":{"Dur\u00e9e de lecture estim\u00e9e":"5 minutes"},"schema":{"@context":"https:\/\/schema.org","@graph":[{"@type":"WebPage","@id":"https:\/\/versano.nl\/retouraanvraag\/","url":"https:\/\/versano.nl\/retouraanvraag\/","name":"Demande de retour - Versano","isPartOf":{"@id":"https:\/\/versano.nl\/#website"},"primaryImageOfPage":{"@id":"https:\/\/versano.nl\/retouraanvraag\/#primaryimage"},"image":{"@id":"https:\/\/versano.nl\/retouraanvraag\/#primaryimage"},"thumbnailUrl":"https:\/\/sub.versano.nl\/wp-content\/uploads\/sites\/2\/2017\/05\/ruilen-versano.jpg","datePublished":"2017-05-05T02:44:49+00:00","dateModified":"2021-11-24T19:22:40+00:00","breadcrumb":{"@id":"https:\/\/versano.nl\/retouraanvraag\/#breadcrumb"},"inLanguage":"fr-FR","potentialAction":[{"@type":"ReadAction","target":["https:\/\/versano.nl\/retouraanvraag\/"]}]},{"@type":"ImageObject","inLanguage":"fr-FR","@id":"https:\/\/versano.nl\/retouraanvraag\/#primaryimage","url":"https:\/\/sub.versano.nl\/wp-content\/uploads\/sites\/2\/2017\/05\/ruilen-versano.jpg","contentUrl":"https:\/\/sub.versano.nl\/wp-content\/uploads\/sites\/2\/2017\/05\/ruilen-versano.jpg"},{"@type":"BreadcrumbList","@id":"https:\/\/versano.nl\/retouraanvraag\/#breadcrumb","itemListElement":[{"@type":"ListItem","position":1,"name":"Home","item":"https:\/\/versano.nl\/"},{"@type":"ListItem","position":2,"name":"Retouraanvraag"}]},{"@type":"WebSite","@id":"https:\/\/versano.nl\/#website","url":"https:\/\/versano.nl\/","name":"Versano","description":"manteaux d&#039;hiver avec col en fourrure | vestes femme en cuir | vestes en cuir pour hommes","potentialAction":[{"@type":"SearchAction","target":{"@type":"EntryPoint","urlTemplate":"https:\/\/versano.nl\/?s={search_term_string}"},"query-input":{"@type":"PropertyValueSpecification","valueRequired":true,"valueName":"search_term_string"}}],"inLanguage":"fr-FR"}]}},"_links":{"self":[{"href":"https:\/\/versano.nl\/fr\/wp-json\/wp\/v2\/pages\/28","targetHints":{"allow":["GET"]}}],"collection":[{"href":"https:\/\/versano.nl\/fr\/wp-json\/wp\/v2\/pages"}],"about":[{"href":"https:\/\/versano.nl\/fr\/wp-json\/wp\/v2\/types\/page"}],"author":[{"embeddable":true,"href":"https:\/\/versano.nl\/fr\/wp-json\/wp\/v2\/users\/90"}],"replies":[{"embeddable":true,"href":"https:\/\/versano.nl\/fr\/wp-json\/wp\/v2\/comments?post=28"}],"version-history":[{"count":5,"href":"https:\/\/versano.nl\/fr\/wp-json\/wp\/v2\/pages\/28\/revisions"}],"predecessor-version":[{"id":23869,"href":"https:\/\/versano.nl\/fr\/wp-json\/wp\/v2\/pages\/28\/revisions\/23869"}],"wp:attachment":[{"href":"https:\/\/versano.nl\/fr\/wp-json\/wp\/v2\/media?parent=28"}],"curies":[{"name":"wp","href":"https:\/\/api.w.org\/{rel}","templated":true}]}}