{"id":27,"date":"2017-05-05T02:44:48","date_gmt":"2017-05-05T02:44:48","guid":{"rendered":"https:\/\/leathershopdoci.nl\/versano\/?page_id=27"},"modified":"2017-05-23T13:30:40","modified_gmt":"2017-05-23T13:30:40","slug":"privacy-policy","status":"publish","type":"page","link":"https:\/\/versano.nl\/fr\/privacy-policy\/","title":{"rendered":"Politique de confidentialit\u00e9"},"content":{"rendered":"<div class=\"wpb-content-wrapper\"><div  class=\"sec_row container\"><div class=\"vc_row wpb_row vc_row-fluid\"><div class=\"wpb_column vc_column_container vc_col-sm-12 et-dark-column\"><div class=\"vc_column-inner\"><div class=\"wpb_wrapper\">\n\t<div class=\"wpb_text_column wpb_content_element\" >\n\t\t<div class=\"wpb_wrapper\">\n\t\t\t<p>confidentialit\u00e9 www.versano.nl<\/p>\n<p>Cette page a \u00e9t\u00e9 modifi\u00e9e le 1 D\u00e9cembre, 2016<\/p>\n<p>Nous sommes conscients que vous avez confiance en nous. Nous le voyons comme notre responsabilit\u00e9 de prot\u00e9ger votre vie priv\u00e9e. Cette page vous permet de savoir quelles sont les informations que nous recueillons lorsque vous utilisez notre site Web, pourquoi nous recueillons et comment nous aider \u00e0 am\u00e9liorer votre exp\u00e9rience utilisateur. Vous comprenez donc exactement comment nous travaillons.<\/p>\n<p>Cette politique de confidentialit\u00e9 s&#039;applique aux services de www.versano.nl. Vous devez \u00eatre conscient que www.versano.nl n&#039;est pas responsable des pratiques de confidentialit\u00e9 des autres sites et ressources. En utilisant ce site, vous acceptez la politique de confidentialit\u00e9.<\/p>\n<p>www.versano.nl respecte la vie priv\u00e9e de tous les utilisateurs de son site et veille \u00e0 ce que les renseignements personnels que vous fournissez sont confidentielles.<\/p>\n<p><strong>Notre utilisation de l&#039;information recueillie<\/strong><\/p>\n<p><strong>Utilisez nos services<\/strong><br \/>\nLorsque vous vous inscrivez \u00e0 un de nos services, nous vous demandons de fournir des renseignements personnels. Ces donn\u00e9es sont utilis\u00e9es pour effectuer le service. Les donn\u00e9es sont stock\u00e9es sur des serveurs s\u00e9curis\u00e9s www.versano.nl ou celui d&#039;un tiers. Nous ne pas combiner ces donn\u00e9es avec d&#039;autres donn\u00e9es personnelles que nous avons.<\/p>\n<p><strong>communications<\/strong><br \/>\nLors de l&#039;envoi \u00e0 notre e-mail ou d&#039;autres messages, il est possible que nous pouvons conserver ces communications. Parfois, nous demandons vos renseignements personnels pertinents \u00e0 la situation particuli\u00e8re. Cela permet de traiter vos demandes et r\u00e9pondre \u00e0 vos demandes. Les donn\u00e9es sont stock\u00e9es sur des serveurs s\u00e9curis\u00e9s www.versano.nl ou celui d&#039;un tiers. Nous ne pas combiner ces donn\u00e9es avec d&#039;autres donn\u00e9es personnelles que nous avons.<\/p>\n<p><strong>fins<\/strong><br \/>\nNous recueillons ou utiliser \u00e0 des fins autres que les fins d\u00e9crites dans la pr\u00e9sente Politique de confidentialit\u00e9, sauf si nous avons votre consentement pr\u00e9alable obtenu pr\u00e9c\u00e9demment.<\/p>\n<p><strong>tiers<\/strong><br \/>\nLes informations ne sont pas partag\u00e9es avec des tiers, sauf pour les applications Web que nous utilisons pour le b\u00e9n\u00e9fice de notre boutique. Ces pr\u00e9cautions comprennent le syst\u00e8me de notation Webwinkelkeur. Ces donn\u00e9es ne seront utilis\u00e9es que dans le but de l&#039;application particuli\u00e8re et ne sera pas la propagation. De plus peuvent \u00eatre partag\u00e9s en interne les informations contenues dans certains cas. Nos employ\u00e9s sont tenus de respecter la confidentialit\u00e9 de vos informations.<\/p>\n<p><strong>changements<\/strong><br \/>\nCette d\u00e9claration de confidentialit\u00e9 est adapt\u00e9 \u00e0 l&#039;utilisation et les capacit\u00e9s de ce site. Toute modification et \/ ou des modifications \u00e0 ce site, peuvent entra\u00eener des changements dans cette d\u00e9claration de confidentialit\u00e9. Il est donc conseill\u00e9 de v\u00e9rifier r\u00e9guli\u00e8rement cette d\u00e9claration de confidentialit\u00e9.<\/p>\n<p><strong>Choix de renseignements personnels<\/strong><br \/>\nNous offrons tous les visiteurs la possibilit\u00e9 de visualiser, modifier ou supprimer des informations personnelles qui nous \u00e0 l&#039;\u00e9poque.<\/p>\n<p>Modifier \/ d\u00e9sabonnement service de newsletter<br \/>\nEn bas de chaque envoi, vous trouverez la possibilit\u00e9 de modifier vos donn\u00e9es ou pour vous d\u00e9connecter.<\/p>\n<p>Modifier \/ communication d\u00e9sabonnement<br \/>\nSi vous souhaitez modifier vos donn\u00e9es ou que vous souhaitez obtenir de nos fichiers, s&#039;il vous pla\u00eet contactez-nous. Voir les d\u00e9tails de contact ci-dessous.<\/p>\n<p><strong>d\u00e9sactiver les cookies<\/strong><br \/>\nLa plupart des navigateurs sont configur\u00e9s pour accepter les cookies, mais vous pouvez configurer votre navigateur pour refuser tous les cookies ou pour indiquer quand un cookie est envoy\u00e9. Il est possible que certaines fonctions et services sur nos autres sites et ne peuvent pas fonctionner correctement si les cookies sont d\u00e9sactiv\u00e9s dans votre navigateur.<\/p>\n<p><strong>Questions et commentaires<\/strong><\/p>\n<p>Nous examinons r\u00e9guli\u00e8rement notre conformit\u00e9 \u00e0 la pr\u00e9sente politique de confidentialit\u00e9. Si vous avez des questions au sujet de cette politique de confidentialit\u00e9, s&#039;il vous pla\u00eet nous contacter:<\/p>\n<p>Versano (Mezam BV)<br \/>\nNell Bouwdewijn Street 9<br \/>\n4822VV Breda<br \/>\n025 2514700<br \/>\nshop@versano.nl<\/p>\n\n\t\t<\/div>\n\t<\/div>\n<\/div><\/div><\/div><\/div><\/div>\n<\/div>","protected":false},"excerpt":{"rendered":"Privacybeleid www.versano.nl Deze pagina is voor het laatst aangepast op 1 december 2016 Wij zijn er van bewust dat u vertrouwen stelt in ons. Wij zien het dan ook als onze verantwoordelijkheid om uw privacy te beschermen. Op deze pagina laten we u weten welke gegevens we verzamelen als u [...]","protected":false},"author":90,"featured_media":0,"parent":0,"menu_order":0,"comment_status":"closed","ping_status":"closed","template":"","meta":{"footnotes":""},"class_list":["post-27","page","type-page","status-publish","hentry"],"yoast_head":"<!-- This site is optimized with the Yoast SEO plugin v27.2 - https:\/\/yoast.com\/product\/yoast-seo-wordpress\/ -->\n<title>Privacy Policy - Versano<\/title>\n<meta name=\"robots\" content=\"index, follow, max-snippet:-1, max-image-preview:large, max-video-preview:-1\" \/>\n<link rel=\"canonical\" href=\"https:\/\/versano.nl\/fr\/privacy-policy\/\" \/>\n<meta property=\"og:locale\" content=\"fr_FR\" \/>\n<meta property=\"og:type\" content=\"article\" \/>\n<meta property=\"og:title\" content=\"Privacy Policy - Versano\" \/>\n<meta property=\"og:url\" content=\"https:\/\/versano.nl\/fr\/privacy-policy\/\" \/>\n<meta property=\"og:site_name\" content=\"Versano\" \/>\n<meta property=\"article:modified_time\" content=\"2017-05-23T13:30:40+00:00\" \/>\n<meta name=\"twitter:card\" content=\"summary_large_image\" \/>\n<meta name=\"twitter:label1\" content=\"Dur\u00e9e de lecture estim\u00e9e\" \/>\n\t<meta name=\"twitter:data1\" content=\"3 minutes\" \/>\n<script type=\"application\/ld+json\" class=\"yoast-schema-graph\">{\"@context\":\"https:\/\/schema.org\",\"@graph\":[{\"@type\":\"WebPage\",\"@id\":\"https:\/\/versano.nl\/privacy-policy\/\",\"url\":\"https:\/\/versano.nl\/privacy-policy\/\",\"name\":\"Privacy Policy - Versano\",\"isPartOf\":{\"@id\":\"https:\/\/versano.nl\/#website\"},\"datePublished\":\"2017-05-05T02:44:48+00:00\",\"dateModified\":\"2017-05-23T13:30:40+00:00\",\"breadcrumb\":{\"@id\":\"https:\/\/versano.nl\/privacy-policy\/#breadcrumb\"},\"inLanguage\":\"fr-FR\",\"potentialAction\":[{\"@type\":\"ReadAction\",\"target\":[\"https:\/\/versano.nl\/privacy-policy\/\"]}]},{\"@type\":\"BreadcrumbList\",\"@id\":\"https:\/\/versano.nl\/privacy-policy\/#breadcrumb\",\"itemListElement\":[{\"@type\":\"ListItem\",\"position\":1,\"name\":\"Home\",\"item\":\"https:\/\/versano.nl\/\"},{\"@type\":\"ListItem\",\"position\":2,\"name\":\"Privacy Policy\"}]},{\"@type\":\"WebSite\",\"@id\":\"https:\/\/versano.nl\/#website\",\"url\":\"https:\/\/versano.nl\/\",\"name\":\"Versano\",\"description\":\"winterjassen met bontkraag | leren dames jassen | leren heren jassen\",\"potentialAction\":[{\"@type\":\"SearchAction\",\"target\":{\"@type\":\"EntryPoint\",\"urlTemplate\":\"https:\/\/versano.nl\/?s={search_term_string}\"},\"query-input\":{\"@type\":\"PropertyValueSpecification\",\"valueRequired\":true,\"valueName\":\"search_term_string\"}}],\"inLanguage\":\"fr-FR\"}]}<\/script>\n<!-- \/ Yoast SEO plugin. -->","yoast_head_json":{"title":"Politique de confidentialit\u00e9 - Versano","robots":{"index":"index","follow":"follow","max-snippet":"max-snippet:-1","max-image-preview":"max-image-preview:large","max-video-preview":"max-video-preview:-1"},"canonical":"https:\/\/versano.nl\/fr\/privacy-policy\/","og_locale":"fr_FR","og_type":"article","og_title":"Privacy Policy - Versano","og_url":"https:\/\/versano.nl\/fr\/privacy-policy\/","og_site_name":"Versano","article_modified_time":"2017-05-23T13:30:40+00:00","twitter_card":"summary_large_image","twitter_misc":{"Dur\u00e9e de lecture estim\u00e9e":"3 minutes"},"schema":{"@context":"https:\/\/schema.org","@graph":[{"@type":"WebPage","@id":"https:\/\/versano.nl\/privacy-policy\/","url":"https:\/\/versano.nl\/privacy-policy\/","name":"Politique de confidentialit\u00e9 - Versano","isPartOf":{"@id":"https:\/\/versano.nl\/#website"},"datePublished":"2017-05-05T02:44:48+00:00","dateModified":"2017-05-23T13:30:40+00:00","breadcrumb":{"@id":"https:\/\/versano.nl\/privacy-policy\/#breadcrumb"},"inLanguage":"fr-FR","potentialAction":[{"@type":"ReadAction","target":["https:\/\/versano.nl\/privacy-policy\/"]}]},{"@type":"BreadcrumbList","@id":"https:\/\/versano.nl\/privacy-policy\/#breadcrumb","itemListElement":[{"@type":"ListItem","position":1,"name":"Home","item":"https:\/\/versano.nl\/"},{"@type":"ListItem","position":2,"name":"Privacy Policy"}]},{"@type":"WebSite","@id":"https:\/\/versano.nl\/#website","url":"https:\/\/versano.nl\/","name":"Versano","description":"manteaux d&#039;hiver avec col en fourrure | vestes femme en cuir | vestes en cuir pour hommes","potentialAction":[{"@type":"SearchAction","target":{"@type":"EntryPoint","urlTemplate":"https:\/\/versano.nl\/?s={search_term_string}"},"query-input":{"@type":"PropertyValueSpecification","valueRequired":true,"valueName":"search_term_string"}}],"inLanguage":"fr-FR"}]}},"_links":{"self":[{"href":"https:\/\/versano.nl\/fr\/wp-json\/wp\/v2\/pages\/27","targetHints":{"allow":["GET"]}}],"collection":[{"href":"https:\/\/versano.nl\/fr\/wp-json\/wp\/v2\/pages"}],"about":[{"href":"https:\/\/versano.nl\/fr\/wp-json\/wp\/v2\/types\/page"}],"author":[{"embeddable":true,"href":"https:\/\/versano.nl\/fr\/wp-json\/wp\/v2\/users\/90"}],"replies":[{"embeddable":true,"href":"https:\/\/versano.nl\/fr\/wp-json\/wp\/v2\/comments?post=27"}],"version-history":[{"count":2,"href":"https:\/\/versano.nl\/fr\/wp-json\/wp\/v2\/pages\/27\/revisions"}],"predecessor-version":[{"id":5621,"href":"https:\/\/versano.nl\/fr\/wp-json\/wp\/v2\/pages\/27\/revisions\/5621"}],"wp:attachment":[{"href":"https:\/\/versano.nl\/fr\/wp-json\/wp\/v2\/media?parent=27"}],"curies":[{"name":"wp","href":"https:\/\/api.w.org\/{rel}","templated":true}]}}