{"id":97,"date":"2017-04-21T11:33:36","date_gmt":"2017-04-21T11:33:36","guid":{"rendered":"https:\/\/leathershopdoci.nl\/shop\/imitatieleren-heren-jas-bruin-versano-trr-43-new\/"},"modified":"2025-05-09T10:32:22","modified_gmt":"2025-05-09T10:32:22","slug":"imitatieleren-heren-jas-bruin-versano-trr-43-new","status":"publish","type":"product","link":"https:\/\/versano.nl\/es\/shop\/imitatieleren-heren-jas-bruin-versano-trr-43-new\/","title":{"rendered":"Chaqueta de cuero de imitaci\u00f3n para hombre marr\u00f3n TRR 43 Versano"},"content":{"rendered":"<h2>Chaqueta de cuero de imitaci\u00f3n para hombre marr\u00f3n TRR 43 Versano<\/h2>\n<p>Si buscas una chaqueta de cuero sint\u00e9tico con la que puedas estar seguro de que te resultar\u00e1 c\u00f3moda, lo \u00fanico que tienes que hacer es echar un vistazo a nuestra gama. Con nosotros encontrar\u00e1 hermosas chaquetas de Versano, una marca que se ha ganado un buen nombre a lo largo de los a\u00f1os. La chaqueta de hombre de polipiel marr\u00f3n TRR 43 Versano es un modelo que est\u00e1 dise\u00f1ado como estamos acostumbrados desde Versano. En otras palabras: una chaqueta que queda perfecta con su corte italiano. Es una chaqueta que est\u00e1 fabricada en polipiel de alta calidad. Adem\u00e1s del color fr\u00edo negro, este modelo tambi\u00e9n est\u00e1 disponible en los colores co\u00f1ac, azul y marr\u00f3n. Para los entusiastas, este modelo tambi\u00e9n est\u00e1 disponible en la versi\u00f3n de piel de cordero.<\/p>\n<h2>Pida el modelo TRR 43 en marr\u00f3n<\/h2>\n<p><span style=\"font-family: 'Arial',sans-serif;\">Fue hecho por los dise\u00f1adores de Versano, que saben mejor que nadie c\u00f3mo dise\u00f1ar una hermosa chaqueta. Con una chaqueta tan hermosa de Versano, puede estar seguro de que podr\u00e1 usarla durante todo el invierno. Puede pedir f\u00e1cilmente este modelo en la tienda web de Versano. Hemos reunido todas nuestras chaquetas aqu\u00ed para que pueda realizar un pedido f\u00e1cilmente. En Versano siempre puede estar seguro de que est\u00e1 comprando un hermoso abrigo que ha sido trabajado con mimo. Con nosotros, puede elegir f\u00e1cilmente el tama\u00f1o correcto seg\u00fan nuestros videos de instrucciones inteligentes. \u00bfTiene alguna pregunta o no est\u00e1 seguro de qu\u00e9 talla pedir? Entonces siempre puede contactarnos por correo o WhatsApp. \u00a1Nuestros empleados desean ayudarlo!<\/span><\/p>\n<p><a href=\"https:\/\/versano.nl\/\">Versano<\/a><br \/>\nMaterial: piel sint\u00e9tica<br \/>\nForro: 100% poli\u00e9ster<br \/>\nlongitud: corto<br \/>\nAjuste: corte ce\u00f1ido<br \/>\nCierre: cremallera<br \/>\nBolsillos: bolsillo con cremallera<br \/>\nCollar: de pie cuello<br \/>\ncapa externa de material: cuero de imitaci\u00f3n muy alta calidad<br \/>\nPlazo de entrega: 2-3 d\u00edas laborables<\/p>","protected":false},"excerpt":{"rendered":"<p>ELIGE OTRO COLOR AQU\u00cd<\/p>\n<p><a href=\"https:\/\/versano.nl\/shop\/imitatieleren-jas-heren-versano-trr-43-zwart-new\/\"><img loading=\"lazy\" decoding=\"async\" class=\"alignnone size-full wp-image-19938\" src=\"https:\/\/versano.nl\/wp-content\/uploads\/sites\/2\/2017\/04\/heren-leatherlook-jas-zwart-versano-trr43-thumb.jpg\" alt=\"\" width=\"57\" height=\"75\" \/><\/a><a href=\"https:\/\/versano.nl\/shop\/imitatieleren-jas-heren-versano-trr-43-cognac\/\"><img loading=\"lazy\" decoding=\"async\" class=\"alignnone size-full wp-image-19940\" src=\"https:\/\/versano.nl\/wp-content\/uploads\/sites\/2\/2017\/04\/heren-zomerjas-jas-lederlook-cognac-versano-trr43-thumb.jpg\" alt=\"\" width=\"57\" height=\"75\" \/><\/a><a href=\"https:\/\/versano.nl\/shop\/imitatieleren-jas-heren-versano-trr-43-blauw\/\"><img loading=\"lazy\" decoding=\"async\" class=\"alignnone size-full wp-image-19941\" src=\"https:\/\/versano.nl\/wp-content\/uploads\/sites\/2\/2017\/04\/versano-heren-leatherlook-jas-blauw-TRR43-thumb.jpg\" alt=\"\" width=\"58\" height=\"75\" \/><\/a><\/p>\n<p><span style=\"font-family: 'Arial',sans-serif;\">\u00a0<\/span><\/p>\n<p style=\"margin: 0cm 0cm 11.25pt 0cm;\"><span style=\"font-family: 'Arial',sans-serif; color: red;\">Consejos de ajuste:\u00a0<\/span><span style=\"font-family: 'Arial',sans-serif;\">El ajuste de esta chaqueta es ajustado. Nuestro modelo mide 1,75 cm y lleva una talla M.<\/span><\/p>\n<p style=\"margin: 0cm 0cm 11.25pt 0cm;\"><span style=\"font-family: 'Arial',sans-serif;\">Si no est\u00e1 seguro de sus medidas, le recomendamos que primero mida las medidas de su talla y las compare con nuestra tabla de tallas. Si no tiene experiencia en medir tama\u00f1os de circunferencia, haga clic en\u00a0<\/span><a href=\"https:\/\/www.youtube.com\/watch?v=3ZSfY87v6pM\"><em><span style=\"font-family: 'Arial',sans-serif; color: windowtext; text-decoration: none;\">AQU\u00cd<\/span><\/em><span style=\"font-family: 'Arial',sans-serif; color: windowtext; text-decoration: none;\">\u00a0<\/span><\/a><span style=\"font-family: 'Arial',sans-serif;\">\u00a0para\u00a0<\/span><a href=\"https:\/\/www.youtube.com\/watch?v=3ZSfY87v6pM\"><em><span style=\"font-family: 'Arial',sans-serif; color: red; text-decoration: none;\">VIDEO<\/span><\/em><\/a><span style=\"font-family: 'Arial',sans-serif;\">\u00a0 con instrucciones. \u00a1Tambi\u00e9n puede llamarnos o enviarnos una aplicaci\u00f3n directamente! Nuestros empleados est\u00e1n siempre disponibles para ayudar.<\/span><\/p>\n<p style=\"margin: 0cm;\"><strong><span style=\"font-family: 'Arial',sans-serif;\">EL TIEMPO DE ENTREGA :<\/span><\/strong><span style=\"font-family: 'Arial',sans-serif;\">\u00a02 a 3 d\u00edas laborables.<\/span><\/p>","protected":false},"featured_media":21004,"comment_status":"closed","ping_status":"closed","template":"","meta":[],"product_brand":[],"product_cat":[1672,734,923,16,732,882],"product_tag":[61,1765,1979,62,63,20,1980,21,64,65,66,67,68,69,1970,70],"class_list":{"0":"post-97","1":"product","2":"type-product","3":"status-publish","4":"has-post-thumbnail","6":"product_cat-biker-jas-heren","7":"product_cat-heren-leatherlook-jassen-lederlook-jassen","8":"product_cat-imitatie-leren-jas","9":"product_cat-imitatieleren-jassen-heren","10":"product_cat-leatherlook-jassen","11":"product_cat-versano","12":"product_tag-bikerjack","13":"product_tag-bruine-zomerjas-heren","14":"product_tag-goedkope-kunsteren-jas-heren","15":"product_tag-heren-jas","16":"product_tag-heren-zomerjas-imitatieleer","17":"product_tag-heren-zomerjas-imitatieleer-bruin","18":"product_tag-imitatie-leer-jas-kopen-voor-heren","19":"product_tag-imitatie-leren-heren-jas-bruin","20":"product_tag-imitatieleer","21":"product_tag-imitatieleren-heren-jas-bruin","22":"product_tag-imitatieleren-heren-jassen-bruin","23":"product_tag-kunstleer","24":"product_tag-leatherlook-jas","25":"product_tag-lederlook-heren-jas-bruin","26":"product_tag-online-imitatie-leren-jas-heren","27":"product_tag-stoere-jack","28":"product_shipping_class-verzendkosten-1","29":"tm-no-options","31":"first","32":"instock","33":"sale","34":"taxable","35":"shipping-taxable","36":"purchasable","37":"product-type-variable"},"yoast_head":"<!-- This site is optimized with the Yoast SEO plugin v27.2 - https:\/\/yoast.com\/product\/yoast-seo-wordpress\/ -->\n<title>Imitatie leren heren jas bruin TRR 43 Versano, bruine heren jassen<\/title>\n<meta name=\"description\" content=\"Imitatie leren heren jas bruin TRR 43 Versano is gemaakt van Italiaanse rexion leer en bijna niet te onderscheiden van echt leer.\" \/>\n<meta name=\"robots\" content=\"index, follow, max-snippet:-1, max-image-preview:large, max-video-preview:-1\" \/>\n<link rel=\"canonical\" href=\"https:\/\/versano.nl\/es\/shop\/imitatieleren-heren-jas-bruin-versano-trr-43-new\/\" \/>\n<meta property=\"og:locale\" content=\"es_ES\" \/>\n<meta property=\"og:type\" content=\"article\" \/>\n<meta property=\"og:title\" content=\"Imitatie leren heren jas bruin TRR 43 Versano, bruine heren jassen\" \/>\n<meta property=\"og:description\" content=\"Imitatie leren heren jas bruin TRR 43 Versano is gemaakt van Italiaanse rexion leer en bijna niet te onderscheiden van echt leer.\" \/>\n<meta property=\"og:url\" content=\"https:\/\/versano.nl\/es\/shop\/imitatieleren-heren-jas-bruin-versano-trr-43-new\/\" \/>\n<meta property=\"og:site_name\" content=\"Versano\" \/>\n<meta property=\"article:modified_time\" content=\"2025-05-09T10:32:22+00:00\" \/>\n<meta property=\"og:image\" content=\"https:\/\/versano.nl\/wp-content\/uploads\/2021\/03\/heren-zomerjas-jas-lederlook-bruin-versano-trr43-voorkant.jpg\" \/>\n\t<meta property=\"og:image:width\" content=\"750\" \/>\n\t<meta property=\"og:image:height\" content=\"980\" \/>\n\t<meta property=\"og:image:type\" content=\"image\/jpeg\" \/>\n<meta name=\"twitter:card\" content=\"summary_large_image\" \/>\n<meta name=\"twitter:label1\" content=\"Tiempo de lectura\" \/>\n\t<meta name=\"twitter:data1\" content=\"2 minutos\" \/>\n<script type=\"application\/ld+json\" class=\"yoast-schema-graph\">{\"@context\":\"https:\/\/schema.org\",\"@graph\":[{\"@type\":\"WebPage\",\"@id\":\"https:\/\/versano.nl\/shop\/imitatieleren-heren-jas-bruin-versano-trr-43-new\/\",\"url\":\"https:\/\/versano.nl\/shop\/imitatieleren-heren-jas-bruin-versano-trr-43-new\/\",\"name\":\"Imitatie leren heren jas bruin TRR 43 Versano, bruine heren jassen\",\"isPartOf\":{\"@id\":\"https:\/\/versano.nl\/#website\"},\"primaryImageOfPage\":{\"@id\":\"https:\/\/versano.nl\/shop\/imitatieleren-heren-jas-bruin-versano-trr-43-new\/#primaryimage\"},\"image\":{\"@id\":\"https:\/\/versano.nl\/shop\/imitatieleren-heren-jas-bruin-versano-trr-43-new\/#primaryimage\"},\"thumbnailUrl\":\"https:\/\/versano.nl\/wp-content\/uploads\/2021\/03\/heren-zomerjas-jas-lederlook-bruin-versano-trr43-voorkant.jpg\",\"datePublished\":\"2017-04-21T11:33:36+00:00\",\"dateModified\":\"2025-05-09T10:32:22+00:00\",\"description\":\"Imitatie leren heren jas bruin TRR 43 Versano is gemaakt van Italiaanse rexion leer en bijna niet te onderscheiden van echt leer.\",\"breadcrumb\":{\"@id\":\"https:\/\/versano.nl\/shop\/imitatieleren-heren-jas-bruin-versano-trr-43-new\/#breadcrumb\"},\"inLanguage\":\"es\",\"potentialAction\":[{\"@type\":\"ReadAction\",\"target\":[\"https:\/\/versano.nl\/shop\/imitatieleren-heren-jas-bruin-versano-trr-43-new\/\"]}]},{\"@type\":\"ImageObject\",\"inLanguage\":\"es\",\"@id\":\"https:\/\/versano.nl\/shop\/imitatieleren-heren-jas-bruin-versano-trr-43-new\/#primaryimage\",\"url\":\"https:\/\/versano.nl\/wp-content\/uploads\/2021\/03\/heren-zomerjas-jas-lederlook-bruin-versano-trr43-voorkant.jpg\",\"contentUrl\":\"https:\/\/versano.nl\/wp-content\/uploads\/2021\/03\/heren-zomerjas-jas-lederlook-bruin-versano-trr43-voorkant.jpg\",\"width\":750,\"height\":980,\"caption\":\"heren-zomerjas-jas-lederlook-bruin-versano-trr43\"},{\"@type\":\"BreadcrumbList\",\"@id\":\"https:\/\/versano.nl\/shop\/imitatieleren-heren-jas-bruin-versano-trr-43-new\/#breadcrumb\",\"itemListElement\":[{\"@type\":\"ListItem\",\"position\":1,\"name\":\"Home\",\"item\":\"https:\/\/versano.nl\/\"},{\"@type\":\"ListItem\",\"position\":2,\"name\":\"Shop\",\"item\":\"https:\/\/versano.nl\/shop\/\"},{\"@type\":\"ListItem\",\"position\":3,\"name\":\"Imitatie leren heren jas bruin TRR 43 Versano\"}]},{\"@type\":\"WebSite\",\"@id\":\"https:\/\/versano.nl\/#website\",\"url\":\"https:\/\/versano.nl\/\",\"name\":\"Versano\",\"description\":\"winterjassen met bontkraag | leren dames jassen | leren heren jassen\",\"potentialAction\":[{\"@type\":\"SearchAction\",\"target\":{\"@type\":\"EntryPoint\",\"urlTemplate\":\"https:\/\/versano.nl\/?s={search_term_string}\"},\"query-input\":{\"@type\":\"PropertyValueSpecification\",\"valueRequired\":true,\"valueName\":\"search_term_string\"}}],\"inLanguage\":\"es\"}]}<\/script>\n<!-- \/ Yoast SEO plugin. -->","yoast_head_json":{"title":"Chaqueta de cuero de imitaci\u00f3n para hombre marr\u00f3n TRR 43 Versano, chaquetas de hombre marr\u00f3n","description":"Chaqueta de cuero de imitaci\u00f3n para hombre marr\u00f3n TRR 43 Versano est\u00e1 hecha de cuero italiano rexion y casi no se distingue del cuero real.","robots":{"index":"index","follow":"follow","max-snippet":"max-snippet:-1","max-image-preview":"max-image-preview:large","max-video-preview":"max-video-preview:-1"},"canonical":"https:\/\/versano.nl\/es\/shop\/imitatieleren-heren-jas-bruin-versano-trr-43-new\/","og_locale":"es_ES","og_type":"article","og_title":"Imitatie leren heren jas bruin TRR 43 Versano, bruine heren jassen","og_description":"Imitatie leren heren jas bruin TRR 43 Versano is gemaakt van Italiaanse rexion leer en bijna niet te onderscheiden van echt leer.","og_url":"https:\/\/versano.nl\/es\/shop\/imitatieleren-heren-jas-bruin-versano-trr-43-new\/","og_site_name":"Versano","article_modified_time":"2025-05-09T10:32:22+00:00","og_image":[{"width":750,"height":980,"url":"https:\/\/versano.nl\/wp-content\/uploads\/2021\/03\/heren-zomerjas-jas-lederlook-bruin-versano-trr43-voorkant.jpg","type":"image\/jpeg"}],"twitter_card":"summary_large_image","twitter_misc":{"Tiempo de lectura":"2 minutos"},"schema":{"@context":"https:\/\/schema.org","@graph":[{"@type":"WebPage","@id":"https:\/\/versano.nl\/shop\/imitatieleren-heren-jas-bruin-versano-trr-43-new\/","url":"https:\/\/versano.nl\/shop\/imitatieleren-heren-jas-bruin-versano-trr-43-new\/","name":"Chaqueta de cuero de imitaci\u00f3n para hombre marr\u00f3n TRR 43 Versano, chaquetas de hombre marr\u00f3n","isPartOf":{"@id":"https:\/\/versano.nl\/#website"},"primaryImageOfPage":{"@id":"https:\/\/versano.nl\/shop\/imitatieleren-heren-jas-bruin-versano-trr-43-new\/#primaryimage"},"image":{"@id":"https:\/\/versano.nl\/shop\/imitatieleren-heren-jas-bruin-versano-trr-43-new\/#primaryimage"},"thumbnailUrl":"https:\/\/versano.nl\/wp-content\/uploads\/2021\/03\/heren-zomerjas-jas-lederlook-bruin-versano-trr43-voorkant.jpg","datePublished":"2017-04-21T11:33:36+00:00","dateModified":"2025-05-09T10:32:22+00:00","description":"Chaqueta de cuero de imitaci\u00f3n para hombre marr\u00f3n TRR 43 Versano est\u00e1 hecha de cuero italiano rexion y casi no se distingue del cuero real.","breadcrumb":{"@id":"https:\/\/versano.nl\/shop\/imitatieleren-heren-jas-bruin-versano-trr-43-new\/#breadcrumb"},"inLanguage":"es","potentialAction":[{"@type":"ReadAction","target":["https:\/\/versano.nl\/shop\/imitatieleren-heren-jas-bruin-versano-trr-43-new\/"]}]},{"@type":"ImageObject","inLanguage":"es","@id":"https:\/\/versano.nl\/shop\/imitatieleren-heren-jas-bruin-versano-trr-43-new\/#primaryimage","url":"https:\/\/versano.nl\/wp-content\/uploads\/2021\/03\/heren-zomerjas-jas-lederlook-bruin-versano-trr43-voorkant.jpg","contentUrl":"https:\/\/versano.nl\/wp-content\/uploads\/2021\/03\/heren-zomerjas-jas-lederlook-bruin-versano-trr43-voorkant.jpg","width":750,"height":980,"caption":"heren-zomerjas-jas-lederlook-bruin-versano-trr43"},{"@type":"BreadcrumbList","@id":"https:\/\/versano.nl\/shop\/imitatieleren-heren-jas-bruin-versano-trr-43-new\/#breadcrumb","itemListElement":[{"@type":"ListItem","position":1,"name":"Home","item":"https:\/\/versano.nl\/"},{"@type":"ListItem","position":2,"name":"Shop","item":"https:\/\/versano.nl\/shop\/"},{"@type":"ListItem","position":3,"name":"Imitatie leren heren jas bruin TRR 43 Versano"}]},{"@type":"WebSite","@id":"https:\/\/versano.nl\/#website","url":"https:\/\/versano.nl\/","name":"Versano","description":"abrigos de invierno con cuello de piel | chaquetas de cuero para mujer | chaquetas de cuero para hombre","potentialAction":[{"@type":"SearchAction","target":{"@type":"EntryPoint","urlTemplate":"https:\/\/versano.nl\/?s={search_term_string}"},"query-input":{"@type":"PropertyValueSpecification","valueRequired":true,"valueName":"search_term_string"}}],"inLanguage":"es"}]}},"_links":{"self":[{"href":"https:\/\/versano.nl\/es\/wp-json\/wp\/v2\/product\/97","targetHints":{"allow":["GET"]}}],"collection":[{"href":"https:\/\/versano.nl\/es\/wp-json\/wp\/v2\/product"}],"about":[{"href":"https:\/\/versano.nl\/es\/wp-json\/wp\/v2\/types\/product"}],"replies":[{"embeddable":true,"href":"https:\/\/versano.nl\/es\/wp-json\/wp\/v2\/comments?post=97"}],"wp:featuredmedia":[{"embeddable":true,"href":"https:\/\/versano.nl\/es\/wp-json\/wp\/v2\/media\/21004"}],"wp:attachment":[{"href":"https:\/\/versano.nl\/es\/wp-json\/wp\/v2\/media?parent=97"}],"wp:term":[{"taxonomy":"product_brand","embeddable":true,"href":"https:\/\/versano.nl\/es\/wp-json\/wp\/v2\/product_brand?post=97"},{"taxonomy":"product_cat","embeddable":true,"href":"https:\/\/versano.nl\/es\/wp-json\/wp\/v2\/product_cat?post=97"},{"taxonomy":"product_tag","embeddable":true,"href":"https:\/\/versano.nl\/es\/wp-json\/wp\/v2\/product_tag?post=97"}],"curies":[{"name":"wp","href":"https:\/\/api.w.org\/{rel}","templated":true}]}}