{"id":9658,"date":"2018-08-28T18:37:08","date_gmt":"2018-08-28T18:37:08","guid":{"rendered":"https:\/\/leathershopdoci.nl\/?post_type=product&#038;p=17810"},"modified":"2026-04-06T22:33:55","modified_gmt":"2026-04-06T22:33:55","slug":"heren-bikerjack-lamsleer-zwart-versano-tr50","status":"publish","type":"product","link":"https:\/\/versano.nl\/es\/shop\/heren-bikerjack-lamsleer-zwart-versano-tr50\/","title":{"rendered":"Chaqueta biker hombre cuero negro TR50 Versano"},"content":{"rendered":"<h2>Chaqueta biker hombre cuero negro TR50 Versano<\/h2>\n<p style=\"margin: 0cm 0cm 16.5pt 0cm;\"><span style=\"font-size: 10.5pt; font-family: 'Arial',sans-serif; color: #282828;\">Esta chaqueta de cuero es un verdadero punto de atracci\u00f3n y destaca por su comodidad y modelo. Estamos tratando aqu\u00ed con una chaqueta que parece resistente. Esta chaqueta est\u00e1 hecha de piel de cordero y es una chaqueta motera realmente genial. La chaqueta tiene dos bolsillos laterales profundos con cremallera y un bolsillo interior. Esta cazadora de piel para hombre tiene un excelente acabado y presenta un corte ajustado. No necesariamente tienes que ser un ciclista para usar esta chaqueta. Funcionar\u00e1 igual de bien cuando salgas por la noche o vayas a una ocasi\u00f3n especial. Es una cazadora de piel que podr\u00e1s llevar en todas las estaciones del a\u00f1o. Con la cazadora biker hombre piel negra TR50 Versano consigues una cazadora que sin duda te gustar\u00e1. Puede pedir f\u00e1cilmente este modelo en nuestro sitio web en varios colores.<\/span><\/p>\n<h2 style=\"margin: 11.25pt 0cm 11.25pt 0cm;\"><span style=\"font-size: 15.0pt; font-family: 'Arial',sans-serif; color: #282828;\">Solicite el modelo TR50 en negro<\/span><\/h2>\n<p style=\"margin: 0cm 0cm 16.5pt 0cm;\"><span style=\"font-size: 10.5pt; font-family: 'Arial',sans-serif; color: #282828;\">\u00bfBuscas una chaqueta de motociclista de cuero genial? Entonces es bueno echar un vistazo a la gama My-Versano. Vendemos las chaquetas de cuero de la conocida marca Versano. Aqu\u00ed se utilizan los materiales m\u00e1s hermosos, que son moldeados por los mejores dise\u00f1adores en un modelo atractivo y resistente. El TR50 est\u00e1 disponible en los colores negro y co\u00f1ac, por lo que le recomendamos que simplemente vea qu\u00e9 color cree que se adapta mejor a su estilo. Con nosotros, puede elegir f\u00e1cilmente el tama\u00f1o correcto seg\u00fan nuestros videos de instrucciones inteligentes. Entonces siempre puede contactarnos por correo o WhatsApp. \u00a1Nuestros empleados desean ayudarlo!<\/span><\/p>\n<p style=\"margin: 0cm 0cm 16.5pt 0cm;\"><span style=\"font-size: 10.5pt; font-family: 'Arial',sans-serif; color: #282828;\">\u00a0<\/span><\/p>\n<p style=\"margin: 0cm;\"><span style=\"font-size: 10.5pt; font-family: 'Arial',sans-serif; color: #282828;\">marca:\u00a0<a href=\"https:\/\/versano.nl\/\">Versano<\/a><br \/>\nMaterial: 100% piel de cordero<br \/>\nForro: 100% poli\u00e9ster<br \/>\nlongitud: corto<br \/>\nAjuste: corte ce\u00f1ido<br \/>\nCierre: cremallera<br \/>\nBolsillos: bolsillo con cremallera<br \/>\nCollar: de pie cuello<br \/>\ncapa externa de material: Muy alta calidad y suave piel de cordero<br \/>\nPlazo de entrega: 2-3 d\u00edas laborables<\/span><\/p>","protected":false},"excerpt":{"rendered":"<p>ELIGE OTRO COLOR AQU\u00cd<\/p>\n<p><a href=\"https:\/\/versano.nl\/shop\/leren-jas-heren-versano-tr50-cognac\/\"><img loading=\"lazy\" decoding=\"async\" class=\"alignnone size-full wp-image-19911\" src=\"https:\/\/versano.nl\/wp-content\/uploads\/sites\/2\/2018\/08\/leren-bikerjack-heren-cognac-versano-tr50-thumb.jpg\" alt=\"\" width=\"57\" height=\"75\" \/><\/a><\/p>\n<p style=\"margin: 0cm 0cm 11.25pt 0cm;\"><span style=\"font-size: 10.5pt; font-family: 'Arial',sans-serif; color: red;\">Consejos de ajuste:\u00a0<\/span><span style=\"font-size: 10.5pt; font-family: 'Arial',sans-serif; color: #5d5d5d;\">El ajuste de esta chaqueta es ajustado. Nuestro modelo mide 1,75 cm y lleva una talla M.<\/span><\/p>\n<p style=\"margin: 0cm 0cm 11.25pt 0cm;\"><span style=\"font-size: 10.5pt; font-family: 'Arial',sans-serif; color: #5d5d5d;\">Si no est\u00e1 seguro de sus medidas, le recomendamos que primero mida las medidas de su talla y las compare con nuestra tabla de tallas. Si no tiene experiencia en medir tama\u00f1os de circunferencia, haga clic en\u00a0<a href=\"https:\/\/www.youtube.com\/watch?v=3ZSfY87v6pM\"><em><span style=\"font-family: 'Arial',sans-serif; text-decoration: none;\">AQU\u00cd<\/span><\/em><span style=\"text-decoration: none;\">\u00a0<\/span><\/a>\u00a0para\u00a0<a href=\"https:\/\/www.youtube.com\/watch?v=3ZSfY87v6pM\"><em><span style=\"font-family: 'Arial',sans-serif; color: red; text-decoration: none;\">VIDEO<\/span><\/em><\/a>\u00a0 con instrucciones. \u00a1Tambi\u00e9n puede llamarnos o enviarnos una aplicaci\u00f3n directamente! Nuestros empleados est\u00e1n siempre disponibles para ayudar.<\/span><\/p>\n<p style=\"margin: 0cm;\"><strong><span style=\"font-size: 10.5pt; font-family: 'Arial',sans-serif; color: #5d5d5d;\">EL TIEMPO DE ENTREGA :<\/span><\/strong><span style=\"font-size: 10.5pt; font-family: 'Arial',sans-serif; color: #5d5d5d;\">\u00a02 a 3 d\u00edas laborables.<\/span><\/p>","protected":false},"featured_media":20853,"comment_status":"closed","ping_status":"closed","template":"","meta":[],"product_brand":[],"product_cat":[1672,147,874,907,912,1671,908,1669,1712,913,910,882],"product_tag":[1732,1731,1691,508,1692,509,1698,1721,1699,1708,510,511,512],"class_list":{"0":"post-9658","1":"product","2":"type-product","3":"status-publish","4":"has-post-thumbnail","6":"product_cat-biker-jas-heren","7":"product_cat-heren-leren-jassen","8":"product_cat-kort-leren-jasje","9":"product_cat-kort-leren-jasje-heren","10":"product_cat-leren-bikerjacks-heren","11":"product_cat-leren-heren-jas","12":"product_cat-leren-heren-jassen","13":"product_cat-leren-jas-heren","14":"product_cat-leren-jassen","15":"product_cat-leren-jassen-heren-uitverkoop","16":"product_cat-leren-jassen-heren","17":"product_cat-versano","18":"product_tag-biker-jas-echt-leer","19":"product_tag-biker-jas-zwart-heren","20":"product_tag-echt-leer-heren-jas","21":"product_tag-heren-biker-jack-leer","22":"product_tag-lamsleer-heren-jas","23":"product_tag-leren-biker-jack-heren","24":"product_tag-leren-heren-jas-sale","25":"product_tag-uitverkoop-leren-heren-jas","26":"product_tag-versano-heren-leren-jas","27":"product_tag-zomerjassen-heren","28":"product_tag-zwarte-biker-jack","29":"product_tag-zwarte-biker-jack-heren","30":"product_tag-zwarte-leren-biker-jack-heren","31":"tm-no-options","33":"first","34":"instock","35":"sale","36":"taxable","37":"shipping-taxable","38":"purchasable","39":"product-type-variable"},"yoast_head":"<!-- This site is optimized with the Yoast SEO plugin v27.2 - https:\/\/yoast.com\/product\/yoast-seo-wordpress\/ -->\n<title>biker jas heren zwart TR50 Versano, biker jas heren<\/title>\n<meta name=\"description\" content=\"Ben je op zoek naar een biker jas heren zwart TR50 Versano, biker jas heren, dan zit je goed bij Versano voor leren biker jassen voor heren.\" \/>\n<meta name=\"robots\" content=\"index, follow, max-snippet:-1, max-image-preview:large, max-video-preview:-1\" \/>\n<link rel=\"canonical\" href=\"https:\/\/versano.nl\/es\/shop\/heren-bikerjack-lamsleer-zwart-versano-tr50\/\" \/>\n<meta property=\"og:locale\" content=\"es_ES\" \/>\n<meta property=\"og:type\" content=\"article\" \/>\n<meta property=\"og:title\" content=\"biker jas heren zwart TR50 Versano, biker jas heren\" \/>\n<meta property=\"og:description\" content=\"Ben je op zoek naar een biker jas heren zwart TR50 Versano, biker jas heren, dan zit je goed bij Versano voor leren biker jassen voor heren.\" \/>\n<meta property=\"og:url\" content=\"https:\/\/versano.nl\/es\/shop\/heren-bikerjack-lamsleer-zwart-versano-tr50\/\" \/>\n<meta property=\"og:site_name\" content=\"Versano\" \/>\n<meta property=\"article:modified_time\" content=\"2026-04-06T22:33:55+00:00\" \/>\n<meta property=\"og:image\" content=\"https:\/\/versano.nl\/wp-content\/uploads\/2021\/03\/leren-bikerjack-heren-zwart-versano-tr50-model2.jpg\" \/>\n\t<meta property=\"og:image:width\" content=\"900\" \/>\n\t<meta property=\"og:image:height\" content=\"1176\" \/>\n\t<meta property=\"og:image:type\" content=\"image\/jpeg\" \/>\n<meta name=\"twitter:card\" content=\"summary_large_image\" \/>\n<meta name=\"twitter:label1\" content=\"Tiempo de lectura\" \/>\n\t<meta name=\"twitter:data1\" content=\"2 minutos\" \/>\n<script type=\"application\/ld+json\" class=\"yoast-schema-graph\">{\"@context\":\"https:\/\/schema.org\",\"@graph\":[{\"@type\":\"WebPage\",\"@id\":\"https:\/\/versano.nl\/shop\/heren-bikerjack-lamsleer-zwart-versano-tr50\/\",\"url\":\"https:\/\/versano.nl\/shop\/heren-bikerjack-lamsleer-zwart-versano-tr50\/\",\"name\":\"biker jas heren zwart TR50 Versano, biker jas heren\",\"isPartOf\":{\"@id\":\"https:\/\/versano.nl\/#website\"},\"primaryImageOfPage\":{\"@id\":\"https:\/\/versano.nl\/shop\/heren-bikerjack-lamsleer-zwart-versano-tr50\/#primaryimage\"},\"image\":{\"@id\":\"https:\/\/versano.nl\/shop\/heren-bikerjack-lamsleer-zwart-versano-tr50\/#primaryimage\"},\"thumbnailUrl\":\"https:\/\/versano.nl\/wp-content\/uploads\/2021\/03\/leren-bikerjack-heren-zwart-versano-tr50-model2.jpg\",\"datePublished\":\"2018-08-28T18:37:08+00:00\",\"dateModified\":\"2026-04-06T22:33:55+00:00\",\"description\":\"Ben je op zoek naar een biker jas heren zwart TR50 Versano, biker jas heren, dan zit je goed bij Versano voor leren biker jassen voor heren.\",\"breadcrumb\":{\"@id\":\"https:\/\/versano.nl\/shop\/heren-bikerjack-lamsleer-zwart-versano-tr50\/#breadcrumb\"},\"inLanguage\":\"es\",\"potentialAction\":[{\"@type\":\"ReadAction\",\"target\":[\"https:\/\/versano.nl\/shop\/heren-bikerjack-lamsleer-zwart-versano-tr50\/\"]}]},{\"@type\":\"ImageObject\",\"inLanguage\":\"es\",\"@id\":\"https:\/\/versano.nl\/shop\/heren-bikerjack-lamsleer-zwart-versano-tr50\/#primaryimage\",\"url\":\"https:\/\/versano.nl\/wp-content\/uploads\/2021\/03\/leren-bikerjack-heren-zwart-versano-tr50-model2.jpg\",\"contentUrl\":\"https:\/\/versano.nl\/wp-content\/uploads\/2021\/03\/leren-bikerjack-heren-zwart-versano-tr50-model2.jpg\",\"width\":900,\"height\":1176,\"caption\":\"Biker jas heren zwart leer TR50 Versano\"},{\"@type\":\"BreadcrumbList\",\"@id\":\"https:\/\/versano.nl\/shop\/heren-bikerjack-lamsleer-zwart-versano-tr50\/#breadcrumb\",\"itemListElement\":[{\"@type\":\"ListItem\",\"position\":1,\"name\":\"Home\",\"item\":\"https:\/\/versano.nl\/\"},{\"@type\":\"ListItem\",\"position\":2,\"name\":\"Shop\",\"item\":\"https:\/\/versano.nl\/shop\/\"},{\"@type\":\"ListItem\",\"position\":3,\"name\":\"Biker jas heren zwart leer TR50 Versano\"}]},{\"@type\":\"WebSite\",\"@id\":\"https:\/\/versano.nl\/#website\",\"url\":\"https:\/\/versano.nl\/\",\"name\":\"Versano\",\"description\":\"winterjassen met bontkraag | leren dames jassen | leren heren jassen\",\"potentialAction\":[{\"@type\":\"SearchAction\",\"target\":{\"@type\":\"EntryPoint\",\"urlTemplate\":\"https:\/\/versano.nl\/?s={search_term_string}\"},\"query-input\":{\"@type\":\"PropertyValueSpecification\",\"valueRequired\":true,\"valueName\":\"search_term_string\"}}],\"inLanguage\":\"es\"}]}<\/script>\n<!-- \/ Yoast SEO plugin. -->","yoast_head_json":{"title":"chaqueta biker hombre negro TR50 Versano, chaqueta biker hombre","description":"Si est\u00e1 buscando una chaqueta de motociclista para hombre negra TR50 Versano, chaqueta de motociclista para hombre, entonces Versano es el lugar adecuado para usted para chaquetas de motociclista de cuero para hombre.","robots":{"index":"index","follow":"follow","max-snippet":"max-snippet:-1","max-image-preview":"max-image-preview:large","max-video-preview":"max-video-preview:-1"},"canonical":"https:\/\/versano.nl\/es\/shop\/heren-bikerjack-lamsleer-zwart-versano-tr50\/","og_locale":"es_ES","og_type":"article","og_title":"biker jas heren zwart TR50 Versano, biker jas heren","og_description":"Ben je op zoek naar een biker jas heren zwart TR50 Versano, biker jas heren, dan zit je goed bij Versano voor leren biker jassen voor heren.","og_url":"https:\/\/versano.nl\/es\/shop\/heren-bikerjack-lamsleer-zwart-versano-tr50\/","og_site_name":"Versano","article_modified_time":"2026-04-06T22:33:55+00:00","og_image":[{"width":900,"height":1176,"url":"https:\/\/versano.nl\/wp-content\/uploads\/2021\/03\/leren-bikerjack-heren-zwart-versano-tr50-model2.jpg","type":"image\/jpeg"}],"twitter_card":"summary_large_image","twitter_misc":{"Tiempo de lectura":"2 minutos"},"schema":{"@context":"https:\/\/schema.org","@graph":[{"@type":"WebPage","@id":"https:\/\/versano.nl\/shop\/heren-bikerjack-lamsleer-zwart-versano-tr50\/","url":"https:\/\/versano.nl\/shop\/heren-bikerjack-lamsleer-zwart-versano-tr50\/","name":"chaqueta biker hombre negro TR50 Versano, chaqueta biker hombre","isPartOf":{"@id":"https:\/\/versano.nl\/#website"},"primaryImageOfPage":{"@id":"https:\/\/versano.nl\/shop\/heren-bikerjack-lamsleer-zwart-versano-tr50\/#primaryimage"},"image":{"@id":"https:\/\/versano.nl\/shop\/heren-bikerjack-lamsleer-zwart-versano-tr50\/#primaryimage"},"thumbnailUrl":"https:\/\/versano.nl\/wp-content\/uploads\/2021\/03\/leren-bikerjack-heren-zwart-versano-tr50-model2.jpg","datePublished":"2018-08-28T18:37:08+00:00","dateModified":"2026-04-06T22:33:55+00:00","description":"Si est\u00e1 buscando una chaqueta de motociclista para hombre negra TR50 Versano, chaqueta de motociclista para hombre, entonces Versano es el lugar adecuado para usted para chaquetas de motociclista de cuero para hombre.","breadcrumb":{"@id":"https:\/\/versano.nl\/shop\/heren-bikerjack-lamsleer-zwart-versano-tr50\/#breadcrumb"},"inLanguage":"es","potentialAction":[{"@type":"ReadAction","target":["https:\/\/versano.nl\/shop\/heren-bikerjack-lamsleer-zwart-versano-tr50\/"]}]},{"@type":"ImageObject","inLanguage":"es","@id":"https:\/\/versano.nl\/shop\/heren-bikerjack-lamsleer-zwart-versano-tr50\/#primaryimage","url":"https:\/\/versano.nl\/wp-content\/uploads\/2021\/03\/leren-bikerjack-heren-zwart-versano-tr50-model2.jpg","contentUrl":"https:\/\/versano.nl\/wp-content\/uploads\/2021\/03\/leren-bikerjack-heren-zwart-versano-tr50-model2.jpg","width":900,"height":1176,"caption":"Biker jas heren zwart leer TR50 Versano"},{"@type":"BreadcrumbList","@id":"https:\/\/versano.nl\/shop\/heren-bikerjack-lamsleer-zwart-versano-tr50\/#breadcrumb","itemListElement":[{"@type":"ListItem","position":1,"name":"Home","item":"https:\/\/versano.nl\/"},{"@type":"ListItem","position":2,"name":"Shop","item":"https:\/\/versano.nl\/shop\/"},{"@type":"ListItem","position":3,"name":"Biker jas heren zwart leer TR50 Versano"}]},{"@type":"WebSite","@id":"https:\/\/versano.nl\/#website","url":"https:\/\/versano.nl\/","name":"Versano","description":"abrigos de invierno con cuello de piel | chaquetas de cuero para mujer | chaquetas de cuero para hombre","potentialAction":[{"@type":"SearchAction","target":{"@type":"EntryPoint","urlTemplate":"https:\/\/versano.nl\/?s={search_term_string}"},"query-input":{"@type":"PropertyValueSpecification","valueRequired":true,"valueName":"search_term_string"}}],"inLanguage":"es"}]}},"_links":{"self":[{"href":"https:\/\/versano.nl\/es\/wp-json\/wp\/v2\/product\/9658","targetHints":{"allow":["GET"]}}],"collection":[{"href":"https:\/\/versano.nl\/es\/wp-json\/wp\/v2\/product"}],"about":[{"href":"https:\/\/versano.nl\/es\/wp-json\/wp\/v2\/types\/product"}],"replies":[{"embeddable":true,"href":"https:\/\/versano.nl\/es\/wp-json\/wp\/v2\/comments?post=9658"}],"wp:featuredmedia":[{"embeddable":true,"href":"https:\/\/versano.nl\/es\/wp-json\/wp\/v2\/media\/20853"}],"wp:attachment":[{"href":"https:\/\/versano.nl\/es\/wp-json\/wp\/v2\/media?parent=9658"}],"wp:term":[{"taxonomy":"product_brand","embeddable":true,"href":"https:\/\/versano.nl\/es\/wp-json\/wp\/v2\/product_brand?post=9658"},{"taxonomy":"product_cat","embeddable":true,"href":"https:\/\/versano.nl\/es\/wp-json\/wp\/v2\/product_cat?post=9658"},{"taxonomy":"product_tag","embeddable":true,"href":"https:\/\/versano.nl\/es\/wp-json\/wp\/v2\/product_tag?post=9658"}],"curies":[{"name":"wp","href":"https:\/\/api.w.org\/{rel}","templated":true}]}}