{"id":963,"date":"2014-11-30T22:17:15","date_gmt":"2014-11-30T22:17:15","guid":{"rendered":"http:\/\/leathershopdoci.nl\/shop\/versano-heren-winterjas-bontjas-met-bontkraag-redwood-zwart\/"},"modified":"2021-01-22T02:36:13","modified_gmt":"2021-01-22T02:36:13","slug":"versano-heren-winterjas-met-bontkraag-redwood-zwart","status":"publish","type":"product","link":"https:\/\/versano.nl\/es\/shop\/versano-heren-winterjas-met-bontkraag-redwood-zwart\/","title":{"rendered":"chaqueta de invierno Versano hombres con cuello de piel Redwood Negro"},"content":{"rendered":"<h2>chaqueta de invierno Versano hombres con cuello de piel Redwood Negro<\/h2>\n<p>marca: <a title=\"versano\" href=\"https:\/\/versano.nl\" target=\"_blank\" rel=\"noopener noreferrer\">Versano<\/a><br \/>\nlongitud: corto<br \/>\nPoner: Equipada italiana<br \/>\nForro: 100% poli\u00e9ster<br \/>\nespesor del forro: 200 gramos alineados gruesa<br \/>\nlongitud de la manga: manga larga<br \/>\nHood, alineado, s\u00f3lida<br \/>\nLos extras: costuras reforzadas<br \/>\nCierre: de cremallera con solapa de protecci\u00f3n y la correa<br \/>\nsacos de cremallera bolsillos laterales, en el interior<br \/>\nFunci\u00f3n: impermeable, resistente al viento<br \/>\ncapa externa de material: 100% poli\u00e9ster<br \/>\naccesorios: cuello de piel (opcional)<\/p>\n<p>Tiempo: 2-4 d\u00edas<\/p>\n<p><strong>OPCIONAL: piel real CUELLO DEL MAPACHE MAPACHE ART DE PIEL<\/strong><\/p>","protected":false},"excerpt":{"rendered":"<p>Deportivo y c\u00f3modo, que la chaqueta de invierno de este hombre Versano con cuello de piel. Esta chaqueta negro para los hombres, tiene un buen acabado por rexion detalles de cuero negro en los juncos a lo largo de los dos bolsillos laterales y dos bolsillos de pecho solapa con broches. Tanto el borde inferior como la manga de la chaqueta tiene una banda el\u00e1stica de punto, de modo que la capa de cierre hermoso. El collar de la piel del mapache es opcional (vendido por separado). Por supuesto, el cuello de piel tambi\u00e9n est\u00e1 disponible en piel artificial en tres colores. La chaqueta tambi\u00e9n tiene armarios italiano.<\/p>\n<p><strong>OPCIONAL: piel real CUELLO DEL MAPACHE MAPACHE ART DE PIEL<\/strong><\/p>","protected":false},"featured_media":965,"comment_status":"closed","ping_status":"closed","template":"","meta":[],"product_brand":[],"product_cat":[231,1547],"product_tag":[313,314,315,266,316,317,318,319],"class_list":{"0":"post-963","1":"product","2":"type-product","3":"status-publish","4":"has-post-thumbnail","6":"product_cat-heren-jassen-met-bontkraag","7":"product_cat-winterjassen-heren","8":"product_tag-bontjassen","9":"product_tag-bontjassen-voor-heren","10":"product_tag-heren-bontjassen","11":"product_tag-jassen-met-bontkraag","12":"product_tag-online-heren-bontjassen","13":"product_tag-versano-bontjassen","14":"product_tag-winterjassen-met-bontkraag-heren","15":"product_tag-winterjassen-met-bontkraag-heren-zwart","16":"tm-has-options","18":"first","19":"outofstock","20":"sale","21":"taxable","22":"shipping-taxable","23":"purchasable","24":"product-type-variable"},"yoast_head":"<!-- This site is optimized with the Yoast SEO plugin v27.2 - https:\/\/yoast.com\/product\/yoast-seo-wordpress\/ -->\n<title>Versano Heren Winterjas met bontkraag Redwood Zwart<\/title>\n<meta name=\"description\" content=\"Trendy Versano Heren Winterjas met bontkraag Redwood Zwart. De jas is getailleerd en uiteraard is de bontkraag ook in kunstbont te bestellen in 3 kleuren.\" \/>\n<meta name=\"robots\" content=\"index, follow, max-snippet:-1, max-image-preview:large, max-video-preview:-1\" \/>\n<link rel=\"canonical\" href=\"https:\/\/versano.nl\/es\/shop\/versano-heren-winterjas-met-bontkraag-redwood-zwart\/\" \/>\n<meta property=\"og:locale\" content=\"es_ES\" \/>\n<meta property=\"og:type\" content=\"article\" \/>\n<meta property=\"og:title\" content=\"Versano Heren Winterjas met bontkraag Redwood Zwart\" \/>\n<meta property=\"og:description\" content=\"Trendy Versano Heren Winterjas met bontkraag Redwood Zwart. De jas is getailleerd en uiteraard is de bontkraag ook in kunstbont te bestellen in 3 kleuren.\" \/>\n<meta property=\"og:url\" content=\"https:\/\/versano.nl\/es\/shop\/versano-heren-winterjas-met-bontkraag-redwood-zwart\/\" \/>\n<meta property=\"og:site_name\" content=\"Versano\" \/>\n<meta property=\"article:modified_time\" content=\"2021-01-22T02:36:13+00:00\" \/>\n<meta property=\"og:image\" content=\"https:\/\/versano.nl\/wp-content\/uploads\/2017\/05\/Heren-winterjack-met-bontkraag-zwart-versano-redwood-voorkant.jpg\" \/>\n\t<meta property=\"og:image:width\" content=\"750\" \/>\n\t<meta property=\"og:image:height\" content=\"980\" \/>\n\t<meta property=\"og:image:type\" content=\"image\/jpeg\" \/>\n<meta name=\"twitter:card\" content=\"summary_large_image\" \/>\n<script type=\"application\/ld+json\" class=\"yoast-schema-graph\">{\"@context\":\"https:\/\/schema.org\",\"@graph\":[{\"@type\":\"WebPage\",\"@id\":\"https:\/\/versano.nl\/shop\/versano-heren-winterjas-met-bontkraag-redwood-zwart\/\",\"url\":\"https:\/\/versano.nl\/shop\/versano-heren-winterjas-met-bontkraag-redwood-zwart\/\",\"name\":\"Versano Heren Winterjas met bontkraag Redwood Zwart\",\"isPartOf\":{\"@id\":\"https:\/\/versano.nl\/#website\"},\"primaryImageOfPage\":{\"@id\":\"https:\/\/versano.nl\/shop\/versano-heren-winterjas-met-bontkraag-redwood-zwart\/#primaryimage\"},\"image\":{\"@id\":\"https:\/\/versano.nl\/shop\/versano-heren-winterjas-met-bontkraag-redwood-zwart\/#primaryimage\"},\"thumbnailUrl\":\"https:\/\/versano.nl\/wp-content\/uploads\/2017\/05\/Heren-winterjack-met-bontkraag-zwart-versano-redwood-voorkant.jpg\",\"datePublished\":\"2014-11-30T22:17:15+00:00\",\"dateModified\":\"2021-01-22T02:36:13+00:00\",\"description\":\"Trendy Versano Heren Winterjas met bontkraag Redwood Zwart. De jas is getailleerd en uiteraard is de bontkraag ook in kunstbont te bestellen in 3 kleuren.\",\"breadcrumb\":{\"@id\":\"https:\/\/versano.nl\/shop\/versano-heren-winterjas-met-bontkraag-redwood-zwart\/#breadcrumb\"},\"inLanguage\":\"es\",\"potentialAction\":[{\"@type\":\"ReadAction\",\"target\":[\"https:\/\/versano.nl\/shop\/versano-heren-winterjas-met-bontkraag-redwood-zwart\/\"]}]},{\"@type\":\"ImageObject\",\"inLanguage\":\"es\",\"@id\":\"https:\/\/versano.nl\/shop\/versano-heren-winterjas-met-bontkraag-redwood-zwart\/#primaryimage\",\"url\":\"https:\/\/versano.nl\/wp-content\/uploads\/2017\/05\/Heren-winterjack-met-bontkraag-zwart-versano-redwood-voorkant.jpg\",\"contentUrl\":\"https:\/\/versano.nl\/wp-content\/uploads\/2017\/05\/Heren-winterjack-met-bontkraag-zwart-versano-redwood-voorkant.jpg\",\"width\":750,\"height\":980},{\"@type\":\"BreadcrumbList\",\"@id\":\"https:\/\/versano.nl\/shop\/versano-heren-winterjas-met-bontkraag-redwood-zwart\/#breadcrumb\",\"itemListElement\":[{\"@type\":\"ListItem\",\"position\":1,\"name\":\"Home\",\"item\":\"https:\/\/versano.nl\/\"},{\"@type\":\"ListItem\",\"position\":2,\"name\":\"Shop\",\"item\":\"https:\/\/versano.nl\/shop\/\"},{\"@type\":\"ListItem\",\"position\":3,\"name\":\"Versano Heren Winterjas met bontkraag Redwood Zwart\"}]},{\"@type\":\"WebSite\",\"@id\":\"https:\/\/versano.nl\/#website\",\"url\":\"https:\/\/versano.nl\/\",\"name\":\"Versano\",\"description\":\"winterjassen met bontkraag | leren dames jassen | leren heren jassen\",\"potentialAction\":[{\"@type\":\"SearchAction\",\"target\":{\"@type\":\"EntryPoint\",\"urlTemplate\":\"https:\/\/versano.nl\/?s={search_term_string}\"},\"query-input\":{\"@type\":\"PropertyValueSpecification\",\"valueRequired\":true,\"valueName\":\"search_term_string\"}}],\"inLanguage\":\"es\"}]}<\/script>\n<!-- \/ Yoast SEO plugin. -->","yoast_head_json":{"title":"chaqueta de invierno Versano hombres con cuello de piel Redwood Negro","description":"Chaqueta de invierno Trendy Versano para hombre con cuello de piel Redwood Black. La chaqueta est\u00e1 hecha a medida y, por supuesto, el cuello de piel tambi\u00e9n se puede pedir en piel artificial en 3 colores.","robots":{"index":"index","follow":"follow","max-snippet":"max-snippet:-1","max-image-preview":"max-image-preview:large","max-video-preview":"max-video-preview:-1"},"canonical":"https:\/\/versano.nl\/es\/shop\/versano-heren-winterjas-met-bontkraag-redwood-zwart\/","og_locale":"es_ES","og_type":"article","og_title":"Versano Heren Winterjas met bontkraag Redwood Zwart","og_description":"Trendy Versano Heren Winterjas met bontkraag Redwood Zwart. De jas is getailleerd en uiteraard is de bontkraag ook in kunstbont te bestellen in 3 kleuren.","og_url":"https:\/\/versano.nl\/es\/shop\/versano-heren-winterjas-met-bontkraag-redwood-zwart\/","og_site_name":"Versano","article_modified_time":"2021-01-22T02:36:13+00:00","og_image":[{"width":750,"height":980,"url":"https:\/\/versano.nl\/wp-content\/uploads\/2017\/05\/Heren-winterjack-met-bontkraag-zwart-versano-redwood-voorkant.jpg","type":"image\/jpeg"}],"twitter_card":"summary_large_image","schema":{"@context":"https:\/\/schema.org","@graph":[{"@type":"WebPage","@id":"https:\/\/versano.nl\/shop\/versano-heren-winterjas-met-bontkraag-redwood-zwart\/","url":"https:\/\/versano.nl\/shop\/versano-heren-winterjas-met-bontkraag-redwood-zwart\/","name":"chaqueta de invierno Versano hombres con cuello de piel Redwood Negro","isPartOf":{"@id":"https:\/\/versano.nl\/#website"},"primaryImageOfPage":{"@id":"https:\/\/versano.nl\/shop\/versano-heren-winterjas-met-bontkraag-redwood-zwart\/#primaryimage"},"image":{"@id":"https:\/\/versano.nl\/shop\/versano-heren-winterjas-met-bontkraag-redwood-zwart\/#primaryimage"},"thumbnailUrl":"https:\/\/versano.nl\/wp-content\/uploads\/2017\/05\/Heren-winterjack-met-bontkraag-zwart-versano-redwood-voorkant.jpg","datePublished":"2014-11-30T22:17:15+00:00","dateModified":"2021-01-22T02:36:13+00:00","description":"Chaqueta de invierno Trendy Versano para hombre con cuello de piel Redwood Black. La chaqueta est\u00e1 hecha a medida y, por supuesto, el cuello de piel tambi\u00e9n se puede pedir en piel artificial en 3 colores.","breadcrumb":{"@id":"https:\/\/versano.nl\/shop\/versano-heren-winterjas-met-bontkraag-redwood-zwart\/#breadcrumb"},"inLanguage":"es","potentialAction":[{"@type":"ReadAction","target":["https:\/\/versano.nl\/shop\/versano-heren-winterjas-met-bontkraag-redwood-zwart\/"]}]},{"@type":"ImageObject","inLanguage":"es","@id":"https:\/\/versano.nl\/shop\/versano-heren-winterjas-met-bontkraag-redwood-zwart\/#primaryimage","url":"https:\/\/versano.nl\/wp-content\/uploads\/2017\/05\/Heren-winterjack-met-bontkraag-zwart-versano-redwood-voorkant.jpg","contentUrl":"https:\/\/versano.nl\/wp-content\/uploads\/2017\/05\/Heren-winterjack-met-bontkraag-zwart-versano-redwood-voorkant.jpg","width":750,"height":980},{"@type":"BreadcrumbList","@id":"https:\/\/versano.nl\/shop\/versano-heren-winterjas-met-bontkraag-redwood-zwart\/#breadcrumb","itemListElement":[{"@type":"ListItem","position":1,"name":"Home","item":"https:\/\/versano.nl\/"},{"@type":"ListItem","position":2,"name":"Shop","item":"https:\/\/versano.nl\/shop\/"},{"@type":"ListItem","position":3,"name":"Versano Heren Winterjas met bontkraag Redwood Zwart"}]},{"@type":"WebSite","@id":"https:\/\/versano.nl\/#website","url":"https:\/\/versano.nl\/","name":"Versano","description":"abrigos de invierno con cuello de piel | chaquetas de cuero para mujer | chaquetas de cuero para hombre","potentialAction":[{"@type":"SearchAction","target":{"@type":"EntryPoint","urlTemplate":"https:\/\/versano.nl\/?s={search_term_string}"},"query-input":{"@type":"PropertyValueSpecification","valueRequired":true,"valueName":"search_term_string"}}],"inLanguage":"es"}]}},"_links":{"self":[{"href":"https:\/\/versano.nl\/es\/wp-json\/wp\/v2\/product\/963","targetHints":{"allow":["GET"]}}],"collection":[{"href":"https:\/\/versano.nl\/es\/wp-json\/wp\/v2\/product"}],"about":[{"href":"https:\/\/versano.nl\/es\/wp-json\/wp\/v2\/types\/product"}],"replies":[{"embeddable":true,"href":"https:\/\/versano.nl\/es\/wp-json\/wp\/v2\/comments?post=963"}],"wp:featuredmedia":[{"embeddable":true,"href":"https:\/\/versano.nl\/es\/wp-json\/wp\/v2\/media\/965"}],"wp:attachment":[{"href":"https:\/\/versano.nl\/es\/wp-json\/wp\/v2\/media?parent=963"}],"wp:term":[{"taxonomy":"product_brand","embeddable":true,"href":"https:\/\/versano.nl\/es\/wp-json\/wp\/v2\/product_brand?post=963"},{"taxonomy":"product_cat","embeddable":true,"href":"https:\/\/versano.nl\/es\/wp-json\/wp\/v2\/product_cat?post=963"},{"taxonomy":"product_tag","embeddable":true,"href":"https:\/\/versano.nl\/es\/wp-json\/wp\/v2\/product_tag?post=963"}],"curies":[{"name":"wp","href":"https:\/\/api.w.org\/{rel}","templated":true}]}}