{"id":9211,"date":"2015-03-21T13:39:59","date_gmt":"2015-03-21T13:39:59","guid":{"rendered":"http:\/\/leathershopdoci.nl\/shop\/leren-jas-heren-versano-tr36-blauw\/"},"modified":"2024-12-11T16:29:00","modified_gmt":"2024-12-11T16:29:00","slug":"leren-jas-heren-versano-tr36-blauw","status":"publish","type":"product","link":"https:\/\/versano.nl\/es\/shop\/leren-jas-heren-versano-tr36-blauw\/","title":{"rendered":"Chaqueta de cuero hombre azul TR36 Versano"},"content":{"rendered":"<h2>Chaqueta de cuero hombre azul TR36 Versano<\/h2>\n<p style=\"line-height: 18.0pt; margin: 0cm 0cm 16.5pt 0cm;\"><span style=\"font-size: 10.5pt; font-family: 'Arial',sans-serif; color: #282828;\">Si est\u00e1s buscando una chaqueta de cuero con la que puedas estar seguro de que te resultar\u00e1 c\u00f3moda, lo \u00fanico que tienes que hacer es echar un vistazo a nuestra gama. En My-Versano encontrar\u00e1 hermosas chaquetas de Versano, una marca que se ha ganado un buen nombre a lo largo de los a\u00f1os. los <strong style=\"box-sizing: border-box;\"><span style=\"font-family: 'Arial',sans-serif; font-weight: normal;\">Chaqueta de cuero hombre azul TR36 Versano<\/span><\/strong>\u00a0es otra hermosa chaqueta, un modelo superior perfectamente ajustado que se ajusta perfectamente a tu cuerpo. Un modelo b\u00e1sico especial de esta chaqueta ha sido dise\u00f1ado por los talentosos dise\u00f1adores de Versano. Es una chaqueta con dos bolsillos laterales profundos con cremallera, pero tambi\u00e9n bolsillos en el pecho y los brazos. Por supuesto, este modelo tambi\u00e9n incluye un bonito bolsillo interior. Por lo tanto, podemos recomendarle que eche un vistazo a nuestra gama de esta chaqueta, o uno de los muchos otros modelos superiores de Versano.<\/span><\/p>\n<h2 style=\"box-sizing: border-box; margin: 11.25pt 0cm 11.25pt 0cm;\"><span style=\"font-size: 15pt; font-family: Arial, sans-serif; color: #282828;\">Pida el modelo TR36 en azul<\/span><\/h2>\n<p style=\"line-height: 18.0pt; box-sizing: border-box; margin: 0cm 0cm 16.5pt 0cm;\"><span style=\"font-size: 10.5pt; font-family: 'Arial',sans-serif; color: #282828;\">El ajuste de esta chaqueta es ajustado y, por lo tanto, se ajustar\u00e1 perfectamente a tu cuerpo. Este es un hermoso abrigo que es completamente de estilo italiano. En otras palabras, con esta chaqueta no tienes que preocuparte por verte fuera de lugar. El TR36 est\u00e1 disponible en negro, azul y co\u00f1ac. Por lo tanto, le recomendamos que simplemente eche un vistazo a qu\u00e9 color cree que se adapta mejor a su propio estilo. Con nosotros, puede elegir f\u00e1cilmente el tama\u00f1o correcto seg\u00fan nuestros videos de instrucciones inteligentes. Entonces siempre puede contactarnos por correo o WhatsApp. \u00a1Nuestros empleados desean ayudarlo!<\/span><\/p>\n<p style=\"margin: 0cm; line-height: 18.0pt; box-sizing: border-box;\"><span style=\"font-size: 10.5pt; font-family: 'Arial',sans-serif; color: #282828;\">marca:\u00a0<a style=\"box-sizing: border-box; color: inherit;\" href=\"https:\/\/versano.nl\/\"><span style=\"text-decoration: none; text-underline: none;\">Versano<\/span><\/a><br style=\"box-sizing: border-box;\" \/>Material: 100% piel de cordero<br style=\"box-sizing: border-box;\" \/>Forro: 100% poli\u00e9ster<br style=\"box-sizing: border-box;\" \/>longitud: corto<br style=\"box-sizing: border-box;\" \/>Ajuste: corte ce\u00f1ido<br style=\"box-sizing: border-box;\" \/>Cierre: cremallera<br style=\"box-sizing: border-box;\" \/>Bolsillos: bolsillo con cremallera<br style=\"box-sizing: border-box;\" \/>Collar: de pie cuello<br style=\"box-sizing: border-box;\" \/>capa externa de material: Muy alta calidad y suave piel de cordero<br style=\"box-sizing: border-box;\" \/>Plazo de entrega: 2-3 d\u00edas laborables<\/span><\/p>","protected":false},"excerpt":{"rendered":"<p>ELIGE OTRO COLOR AQU\u00cd<\/p>\n<p><a href=\"https:\/\/versano.nl\/shop\/leren-jas-heren-versano-tr36-zwart\/\"><img loading=\"lazy\" decoding=\"async\" class=\"alignnone size-full wp-image-19931\" src=\"https:\/\/versano.nl\/wp-content\/uploads\/sites\/2\/2016\/04\/heren-leren-jassen-zwart-versano-tr36-thumb.jpg\" alt=\"\" width=\"57\" height=\"75\" \/><\/a><a href=\"https:\/\/versano.nl\/shop\/leren-jas-heren-versano-tr36-cognac\/\"><img loading=\"lazy\" decoding=\"async\" class=\"alignnone size-full wp-image-19933\" src=\"https:\/\/versano.nl\/wp-content\/uploads\/sites\/2\/2016\/04\/leren-jassen-heren-cognac-versano-tr36-thumb.jpg\" alt=\"\" width=\"57\" height=\"75\" \/><\/a><\/p>\n<p style=\"margin: 0cm 0cm 11.25pt 0cm;\"><span style=\"font-size: 10.5pt; font-family: 'Arial',sans-serif; color: red;\">Consejos de ajuste:\u00a0<\/span><span style=\"font-size: 10.5pt; font-family: 'Arial',sans-serif; color: #5d5d5d;\">El ajuste de esta chaqueta es ajustado. Nuestro modelo mide 1,75 cm y lleva una talla M.<\/span><\/p>\n<p style=\"margin: 0cm 0cm 11.25pt 0cm;\"><span style=\"font-size: 10.5pt; font-family: 'Arial',sans-serif; color: #5d5d5d;\">Si no est\u00e1 seguro de sus medidas, le recomendamos que primero mida las medidas de su talla y las compare con nuestra tabla de tallas. Si no tiene experiencia en medir tama\u00f1os de circunferencia, haga clic en\u00a0<\/span><a href=\"https:\/\/www.youtube.com\/watch?v=3ZSfY87v6pM\"><em><span style=\"font-size: 10.5pt; font-family: 'Arial',sans-serif; text-decoration: none; text-underline: none;\">AQU\u00cd<\/span><\/em><span style=\"font-size: 10.5pt; font-family: 'Arial',sans-serif; text-decoration: none; text-underline: none;\">\u00a0<\/span><\/a><span style=\"font-size: 10.5pt; font-family: 'Arial',sans-serif; color: #5d5d5d;\">\u00a0para\u00a0<\/span><a href=\"https:\/\/www.youtube.com\/watch?v=3ZSfY87v6pM\"><em><span style=\"font-size: 10.5pt; font-family: 'Arial',sans-serif; color: red; text-decoration: none; text-underline: none;\">VIDEO<\/span><\/em><\/a><span style=\"font-size: 10.5pt; font-family: 'Arial',sans-serif; color: #5d5d5d;\">\u00a0 con instrucciones. \u00a1Tambi\u00e9n puede llamarnos o enviarnos una aplicaci\u00f3n directamente! Nuestros empleados est\u00e1n siempre disponibles para ayudar.<\/span><\/p>\n<p style=\"margin: 0cm;\"><strong><span style=\"font-size: 10.5pt; font-family: 'Arial',sans-serif; color: #5d5d5d;\">EL TIEMPO DE ENTREGA :<\/span><\/strong><span style=\"font-size: 10.5pt; font-family: 'Arial',sans-serif; color: #5d5d5d;\">\u00a02 a 3 d\u00edas laborables.<\/span><\/p>","protected":false},"featured_media":20967,"comment_status":"closed","ping_status":"closed","template":"","meta":[],"product_brand":[],"product_cat":[1670,147,874,907,1671,908,1669,1712,913,910,882],"product_tag":[1691,1761,49,1692,1694,1776,1777,24,1721,1758,1708],"class_list":{"0":"post-9211","1":"product","2":"type-product","3":"status-publish","4":"has-post-thumbnail","6":"product_cat-heren-leren-jas","7":"product_cat-heren-leren-jassen","8":"product_cat-kort-leren-jasje","9":"product_cat-kort-leren-jasje-heren","10":"product_cat-leren-heren-jas","11":"product_cat-leren-heren-jassen","12":"product_cat-leren-jas-heren","13":"product_cat-leren-jassen","14":"product_cat-leren-jassen-heren-uitverkoop","15":"product_cat-leren-jassen-heren","16":"product_cat-versano","17":"product_tag-echt-leer-heren-jas","18":"product_tag-heren-jas-leer","19":"product_tag-heren-zwart","20":"product_tag-lamsleer-heren-jas","21":"product_tag-leren-heren-jas-in-sale","22":"product_tag-leren-jassen-versano","23":"product_tag-online-leren-jassen-heren","24":"product_tag-stoer-jasje-heren","25":"product_tag-uitverkoop-leren-heren-jas","26":"product_tag-versano-herencollectie","27":"product_tag-zomerjassen-heren","28":"tm-no-options","30":"first","31":"instock","32":"sale","33":"taxable","34":"shipping-taxable","35":"purchasable","36":"product-type-variable"},"yoast_head":"<!-- This site is optimized with the Yoast SEO plugin v27.2 - https:\/\/yoast.com\/product\/yoast-seo-wordpress\/ -->\n<title>Leren jas heren blauw TR36 Versano, Versano leren jassen voor heren<\/title>\n<meta name=\"description\" content=\"Op zoek naar een Leren jas heren blauw TR36 Versano? Dan bent u bij het bekede jassen merk Versano aan het juiste adres voor leren jassen.\" \/>\n<meta name=\"robots\" content=\"index, follow, max-snippet:-1, max-image-preview:large, max-video-preview:-1\" \/>\n<link rel=\"canonical\" href=\"https:\/\/versano.nl\/es\/shop\/leren-jas-heren-versano-tr36-blauw\/\" \/>\n<meta property=\"og:locale\" content=\"es_ES\" \/>\n<meta property=\"og:type\" content=\"article\" \/>\n<meta property=\"og:title\" content=\"Leren jas heren blauw TR36 Versano, Versano leren jassen voor heren\" \/>\n<meta property=\"og:description\" content=\"Op zoek naar een Leren jas heren blauw TR36 Versano? Dan bent u bij het bekede jassen merk Versano aan het juiste adres voor leren jassen.\" \/>\n<meta property=\"og:url\" content=\"https:\/\/versano.nl\/es\/shop\/leren-jas-heren-versano-tr36-blauw\/\" \/>\n<meta property=\"og:site_name\" content=\"Versano\" \/>\n<meta property=\"article:modified_time\" content=\"2024-12-11T16:29:00+00:00\" \/>\n<meta property=\"og:image\" content=\"https:\/\/versano.nl\/wp-content\/uploads\/2015\/03\/leren-heren-jassen-blauw-versano-tr36-voorkant.jpg\" \/>\n\t<meta property=\"og:image:width\" content=\"750\" \/>\n\t<meta property=\"og:image:height\" content=\"975\" \/>\n\t<meta property=\"og:image:type\" content=\"image\/jpeg\" \/>\n<meta name=\"twitter:card\" content=\"summary_large_image\" \/>\n<meta name=\"twitter:label1\" content=\"Tiempo de lectura\" \/>\n\t<meta name=\"twitter:data1\" content=\"1 minuto\" \/>\n<script type=\"application\/ld+json\" class=\"yoast-schema-graph\">{\"@context\":\"https:\/\/schema.org\",\"@graph\":[{\"@type\":\"WebPage\",\"@id\":\"https:\/\/versano.nl\/shop\/leren-jas-heren-versano-tr36-blauw\/\",\"url\":\"https:\/\/versano.nl\/shop\/leren-jas-heren-versano-tr36-blauw\/\",\"name\":\"Leren jas heren blauw TR36 Versano, Versano leren jassen voor heren\",\"isPartOf\":{\"@id\":\"https:\/\/versano.nl\/#website\"},\"primaryImageOfPage\":{\"@id\":\"https:\/\/versano.nl\/shop\/leren-jas-heren-versano-tr36-blauw\/#primaryimage\"},\"image\":{\"@id\":\"https:\/\/versano.nl\/shop\/leren-jas-heren-versano-tr36-blauw\/#primaryimage\"},\"thumbnailUrl\":\"https:\/\/versano.nl\/wp-content\/uploads\/2015\/03\/leren-heren-jassen-blauw-versano-tr36-voorkant.jpg\",\"datePublished\":\"2015-03-21T13:39:59+00:00\",\"dateModified\":\"2024-12-11T16:29:00+00:00\",\"description\":\"Op zoek naar een Leren jas heren blauw TR36 Versano? Dan bent u bij het bekede jassen merk Versano aan het juiste adres voor leren jassen.\",\"breadcrumb\":{\"@id\":\"https:\/\/versano.nl\/shop\/leren-jas-heren-versano-tr36-blauw\/#breadcrumb\"},\"inLanguage\":\"es\",\"potentialAction\":[{\"@type\":\"ReadAction\",\"target\":[\"https:\/\/versano.nl\/shop\/leren-jas-heren-versano-tr36-blauw\/\"]}]},{\"@type\":\"ImageObject\",\"inLanguage\":\"es\",\"@id\":\"https:\/\/versano.nl\/shop\/leren-jas-heren-versano-tr36-blauw\/#primaryimage\",\"url\":\"https:\/\/versano.nl\/wp-content\/uploads\/2015\/03\/leren-heren-jassen-blauw-versano-tr36-voorkant.jpg\",\"contentUrl\":\"https:\/\/versano.nl\/wp-content\/uploads\/2015\/03\/leren-heren-jassen-blauw-versano-tr36-voorkant.jpg\",\"width\":750,\"height\":975,\"caption\":\"Leren jas heren blauw TR36 Versano\"},{\"@type\":\"BreadcrumbList\",\"@id\":\"https:\/\/versano.nl\/shop\/leren-jas-heren-versano-tr36-blauw\/#breadcrumb\",\"itemListElement\":[{\"@type\":\"ListItem\",\"position\":1,\"name\":\"Home\",\"item\":\"https:\/\/versano.nl\/\"},{\"@type\":\"ListItem\",\"position\":2,\"name\":\"Shop\",\"item\":\"https:\/\/versano.nl\/shop\/\"},{\"@type\":\"ListItem\",\"position\":3,\"name\":\"Leren jas heren blauw TR36 Versano\"}]},{\"@type\":\"WebSite\",\"@id\":\"https:\/\/versano.nl\/#website\",\"url\":\"https:\/\/versano.nl\/\",\"name\":\"Versano\",\"description\":\"winterjassen met bontkraag | leren dames jassen | leren heren jassen\",\"potentialAction\":[{\"@type\":\"SearchAction\",\"target\":{\"@type\":\"EntryPoint\",\"urlTemplate\":\"https:\/\/versano.nl\/?s={search_term_string}\"},\"query-input\":{\"@type\":\"PropertyValueSpecification\",\"valueRequired\":true,\"valueName\":\"search_term_string\"}}],\"inLanguage\":\"es\"}]}<\/script>\n<!-- \/ Yoast SEO plugin. -->","yoast_head_json":{"title":"Chaqueta de cuero hombre azul TR36 Versano, chaquetas de cuero Versano para hombre","description":"\u00bfBuscas una chaqueta de cuero para hombre azul TR36 Versano? Entonces ha venido al lugar correcto para las chaquetas de cuero de la marca de chaquetas revestidas Versano.","robots":{"index":"index","follow":"follow","max-snippet":"max-snippet:-1","max-image-preview":"max-image-preview:large","max-video-preview":"max-video-preview:-1"},"canonical":"https:\/\/versano.nl\/es\/shop\/leren-jas-heren-versano-tr36-blauw\/","og_locale":"es_ES","og_type":"article","og_title":"Leren jas heren blauw TR36 Versano, Versano leren jassen voor heren","og_description":"Op zoek naar een Leren jas heren blauw TR36 Versano? Dan bent u bij het bekede jassen merk Versano aan het juiste adres voor leren jassen.","og_url":"https:\/\/versano.nl\/es\/shop\/leren-jas-heren-versano-tr36-blauw\/","og_site_name":"Versano","article_modified_time":"2024-12-11T16:29:00+00:00","og_image":[{"width":750,"height":975,"url":"https:\/\/versano.nl\/wp-content\/uploads\/2015\/03\/leren-heren-jassen-blauw-versano-tr36-voorkant.jpg","type":"image\/jpeg"}],"twitter_card":"summary_large_image","twitter_misc":{"Tiempo de lectura":"1 minuto"},"schema":{"@context":"https:\/\/schema.org","@graph":[{"@type":"WebPage","@id":"https:\/\/versano.nl\/shop\/leren-jas-heren-versano-tr36-blauw\/","url":"https:\/\/versano.nl\/shop\/leren-jas-heren-versano-tr36-blauw\/","name":"Chaqueta de cuero hombre azul TR36 Versano, chaquetas de cuero Versano para hombre","isPartOf":{"@id":"https:\/\/versano.nl\/#website"},"primaryImageOfPage":{"@id":"https:\/\/versano.nl\/shop\/leren-jas-heren-versano-tr36-blauw\/#primaryimage"},"image":{"@id":"https:\/\/versano.nl\/shop\/leren-jas-heren-versano-tr36-blauw\/#primaryimage"},"thumbnailUrl":"https:\/\/versano.nl\/wp-content\/uploads\/2015\/03\/leren-heren-jassen-blauw-versano-tr36-voorkant.jpg","datePublished":"2015-03-21T13:39:59+00:00","dateModified":"2024-12-11T16:29:00+00:00","description":"\u00bfBuscas una chaqueta de cuero para hombre azul TR36 Versano? Entonces ha venido al lugar correcto para las chaquetas de cuero de la marca de chaquetas revestidas Versano.","breadcrumb":{"@id":"https:\/\/versano.nl\/shop\/leren-jas-heren-versano-tr36-blauw\/#breadcrumb"},"inLanguage":"es","potentialAction":[{"@type":"ReadAction","target":["https:\/\/versano.nl\/shop\/leren-jas-heren-versano-tr36-blauw\/"]}]},{"@type":"ImageObject","inLanguage":"es","@id":"https:\/\/versano.nl\/shop\/leren-jas-heren-versano-tr36-blauw\/#primaryimage","url":"https:\/\/versano.nl\/wp-content\/uploads\/2015\/03\/leren-heren-jassen-blauw-versano-tr36-voorkant.jpg","contentUrl":"https:\/\/versano.nl\/wp-content\/uploads\/2015\/03\/leren-heren-jassen-blauw-versano-tr36-voorkant.jpg","width":750,"height":975,"caption":"Leren jas heren blauw TR36 Versano"},{"@type":"BreadcrumbList","@id":"https:\/\/versano.nl\/shop\/leren-jas-heren-versano-tr36-blauw\/#breadcrumb","itemListElement":[{"@type":"ListItem","position":1,"name":"Home","item":"https:\/\/versano.nl\/"},{"@type":"ListItem","position":2,"name":"Shop","item":"https:\/\/versano.nl\/shop\/"},{"@type":"ListItem","position":3,"name":"Leren jas heren blauw TR36 Versano"}]},{"@type":"WebSite","@id":"https:\/\/versano.nl\/#website","url":"https:\/\/versano.nl\/","name":"Versano","description":"abrigos de invierno con cuello de piel | chaquetas de cuero para mujer | chaquetas de cuero para hombre","potentialAction":[{"@type":"SearchAction","target":{"@type":"EntryPoint","urlTemplate":"https:\/\/versano.nl\/?s={search_term_string}"},"query-input":{"@type":"PropertyValueSpecification","valueRequired":true,"valueName":"search_term_string"}}],"inLanguage":"es"}]}},"_links":{"self":[{"href":"https:\/\/versano.nl\/es\/wp-json\/wp\/v2\/product\/9211","targetHints":{"allow":["GET"]}}],"collection":[{"href":"https:\/\/versano.nl\/es\/wp-json\/wp\/v2\/product"}],"about":[{"href":"https:\/\/versano.nl\/es\/wp-json\/wp\/v2\/types\/product"}],"replies":[{"embeddable":true,"href":"https:\/\/versano.nl\/es\/wp-json\/wp\/v2\/comments?post=9211"}],"wp:featuredmedia":[{"embeddable":true,"href":"https:\/\/versano.nl\/es\/wp-json\/wp\/v2\/media\/20967"}],"wp:attachment":[{"href":"https:\/\/versano.nl\/es\/wp-json\/wp\/v2\/media?parent=9211"}],"wp:term":[{"taxonomy":"product_brand","embeddable":true,"href":"https:\/\/versano.nl\/es\/wp-json\/wp\/v2\/product_brand?post=9211"},{"taxonomy":"product_cat","embeddable":true,"href":"https:\/\/versano.nl\/es\/wp-json\/wp\/v2\/product_cat?post=9211"},{"taxonomy":"product_tag","embeddable":true,"href":"https:\/\/versano.nl\/es\/wp-json\/wp\/v2\/product_tag?post=9211"}],"curies":[{"name":"wp","href":"https:\/\/api.w.org\/{rel}","templated":true}]}}