{"id":9149,"date":"2018-06-19T21:44:50","date_gmt":"2018-06-19T21:44:50","guid":{"rendered":"https:\/\/leathershopdoci.nl\/?post_type=product&#038;p=17473"},"modified":"2024-12-11T16:23:30","modified_gmt":"2024-12-11T16:23:30","slug":"korte-leren-heren-jas-tr48-groen-versano","status":"publish","type":"product","link":"https:\/\/versano.nl\/es\/shop\/korte-leren-heren-jas-tr48-groen-versano\/","title":{"rendered":"Chaqueta corta de cuero para hombre TR48 verde Versano"},"content":{"rendered":"<h2>Chaqueta corta de cuero para hombre TR48 verde Versano<\/h2>\n<p>\u00bfBuscas una chaqueta para todos los d\u00edas para cada temporada? Entonces puedes lucir bien con la chaqueta corta de cuero para hombre TR48 verde Versano en piel de cordero. Las chaquetas bomber siempre han formado parte del panorama de la moda, pero \u00faltimamente ves cada vez m\u00e1s estas chaquetas de piloto para hombre. Con la TR48 de Versano obtienes un bonito b\u00e1sico pero tambi\u00e9n una chaqueta de cuero para hombre genial. Este modelo de chaqueta de bombardero fresco est\u00e1 hecho completamente de cuero de cordero flexible y tiene el t\u00edpico aspecto de motociclista en los hombros. Esta chaqueta encaja perfectamente con la piel de cordero perfecta. La chaqueta est\u00e1 equipada con 2 bolsillos con cremallera y acanalados en las mangas, el cuello alzado y la cintura. Si prefiere la chaqueta bomber en un color diferente, la chaqueta tambi\u00e9n est\u00e1 disponible en azul y negro. Por lo tanto, le recomendamos que simplemente eche un vistazo a qu\u00e9 color cree que se adapta mejor a su propio estilo.<\/p>\n<h2>Pida el modelo TR48 en verde<\/h2>\n<p>Con esta chaqueta puedes estar seguro de que pronto tendr\u00e1s una nueva chaqueta colgando de tus hombros en la que se te podr\u00e1 ver. Esta es una hermosa chaqueta de corte ajustado que es completamente de estilo italiano. En otras palabras, con esta chaqueta no tienes que preocuparte por verte fuera de lugar. Puede pedir f\u00e1cilmente este modelo en nuestro sitio web en varios colores. \u00bfTiene alguna pregunta o no est\u00e1 seguro de qu\u00e9 talla pedir? Entonces siempre puede contactarnos por correo o WhatsApp. \u00a1Nuestros empleados desean ayudarlo!<\/p>\n<p>marca:\u00a0<a href=\"https:\/\/versano.nl\/\">Versano<\/a><br \/>\nMaterial: 100% piel de cordero<br \/>\nForro: 100% poli\u00e9ster<br \/>\nlongitud: corto<br \/>\nAjuste: corte ce\u00f1ido<br \/>\nCierre: cremallera<br \/>\nBolsillos: bolsillo con cremallera<br \/>\nCollar: de pie cuello<br \/>\ncapa externa de material: Muy alta calidad y suave piel de cordero<br \/>\nPlazo de entrega: 2-3 d\u00edas laborables<\/p>","protected":false},"excerpt":{"rendered":"<p>ELIGE OTRO COLOR AQU\u00cd<\/p>\n<p><a href=\"https:\/\/versano.nl\/shop\/heren-bomberjack-echt-leer-blauw-versano-tr-48\/\"><img loading=\"lazy\" decoding=\"async\" class=\"alignnone size-full wp-image-19895\" src=\"https:\/\/versano.nl\/wp-content\/uploads\/sites\/2\/2018\/06\/heren-bomberjack-leer-blauw-versano-tr48-thumb.jpg\" alt=\"\" width=\"57\" height=\"75\" \/><\/a><a href=\"https:\/\/versano.nl\/shop\/heren-bomberjack-zwart-echt-leer-versano-tr-48\/\"><img loading=\"lazy\" decoding=\"async\" class=\"alignnone size-full wp-image-19897\" src=\"https:\/\/versano.nl\/wp-content\/uploads\/sites\/2\/2018\/06\/heren-bomberjack-leer-zwart-versano-tr48-thumb.jpg\" alt=\"\" width=\"57\" height=\"75\" \/><\/a><\/p>\n<p><span style=\"color: red;\">Consejos de ajuste:\u00a0<\/span>El ajuste de esta chaqueta es ajustado. Nuestro modelo mide 1,75 cm y lleva una talla M.<\/p>\n<p>Si no est\u00e1 seguro de sus medidas, le recomendamos que primero mida las medidas de su talla y las compare con nuestra tabla de tallas. Si no tiene experiencia en medir tama\u00f1os de circunferencia, haga clic en\u00a0<a href=\"https:\/\/www.youtube.com\/watch?v=3ZSfY87v6pM\"><em>AQU\u00cd<\/em>\u00a0<\/a>\u00a0para\u00a0<a href=\"https:\/\/www.youtube.com\/watch?v=3ZSfY87v6pM\"><em><span style=\"color: red;\">VIDEO<\/span><\/em><\/a>\u00a0 con instrucciones. \u00a1Tambi\u00e9n puede llamarnos o enviarnos una aplicaci\u00f3n directamente! Nuestros empleados est\u00e1n siempre disponibles para ayudar.<\/p>\n<p><strong>EL TIEMPO DE ENTREGA :<\/strong>\u00a02 a 3 d\u00edas laborables.<\/p>","protected":false},"featured_media":16590,"comment_status":"open","ping_status":"closed","template":"","meta":[],"product_brand":[],"product_cat":[1672,1670,147,874,907,912,1671,908,1669,1712,913,910,882],"product_tag":[1015,1687,1691,1022,1023,1024,1025,1026,1689,1692,1017,702,1027,1018,1688,1651,1690],"class_list":{"0":"post-9149","1":"product","2":"type-product","3":"status-publish","4":"has-post-thumbnail","6":"product_cat-biker-jas-heren","7":"product_cat-heren-leren-jas","8":"product_cat-heren-leren-jassen","9":"product_cat-kort-leren-jasje","10":"product_cat-kort-leren-jasje-heren","11":"product_cat-leren-bikerjacks-heren","12":"product_cat-leren-heren-jas","13":"product_cat-leren-heren-jassen","14":"product_cat-leren-jas-heren","15":"product_cat-leren-jassen","16":"product_cat-leren-jassen-heren-uitverkoop","17":"product_cat-leren-jassen-heren","18":"product_cat-versano","19":"product_tag-bomberjack-heren","20":"product_tag-bomberjas-heren","21":"product_tag-echt-leer-heren-jas","22":"product_tag-groene-bomberjack","23":"product_tag-groene-leren-bomberjack","24":"product_tag-groene-leren-heren-jas","25":"product_tag-groenen-leren-jas","26":"product_tag-heren-bomberjack-groen","27":"product_tag-heren-leren-jas-sale","28":"product_tag-lamsleer-heren-jas","29":"product_tag-leren-heren-bomberjack","30":"product_tag-leren-jas-groen","31":"product_tag-leren-jassen-groen","32":"product_tag-piloten-bomberjack","33":"product_tag-uitverkoop-leren-jassen-heren","34":"product_tag-versano-heren-jassen","35":"product_tag-vesano-leren-jassen-heren","36":"tm-no-options","38":"first","39":"instock","40":"taxable","41":"shipping-taxable","42":"product-type-variable"},"yoast_head":"<!-- This site is optimized with the Yoast SEO plugin v27.2 - https:\/\/yoast.com\/product\/yoast-seo-wordpress\/ -->\n<title>Korte leren heren jas TR48 groen Versano, bomberjas heren<\/title>\n<meta name=\"description\" content=\"Bent u op zoek naar een Korte leren heren jas TR48 groen Versano? Bij Versano zit u goed, want hier treft u een ruime keuze leren jassen aan.\" \/>\n<meta name=\"robots\" content=\"index, follow, max-snippet:-1, max-image-preview:large, max-video-preview:-1\" \/>\n<link rel=\"canonical\" href=\"https:\/\/versano.nl\/es\/shop\/korte-leren-heren-jas-tr48-groen-versano\/\" \/>\n<meta property=\"og:locale\" content=\"es_ES\" \/>\n<meta property=\"og:type\" content=\"article\" \/>\n<meta property=\"og:title\" content=\"Korte leren heren jas TR48 groen Versano, bomberjas heren\" \/>\n<meta property=\"og:description\" content=\"Bent u op zoek naar een Korte leren heren jas TR48 groen Versano? Bij Versano zit u goed, want hier treft u een ruime keuze leren jassen aan.\" \/>\n<meta property=\"og:url\" content=\"https:\/\/versano.nl\/es\/shop\/korte-leren-heren-jas-tr48-groen-versano\/\" \/>\n<meta property=\"og:site_name\" content=\"Versano\" \/>\n<meta property=\"article:modified_time\" content=\"2024-12-11T16:23:30+00:00\" \/>\n<meta property=\"og:image\" content=\"https:\/\/versano.nl\/wp-content\/uploads\/2020\/07\/heren-bomberjack-leer-groen-versano-tr48-model-voorkant2.jpg\" \/>\n\t<meta property=\"og:image:width\" content=\"900\" \/>\n\t<meta property=\"og:image:height\" content=\"1176\" \/>\n\t<meta property=\"og:image:type\" content=\"image\/jpeg\" \/>\n<meta name=\"twitter:card\" content=\"summary_large_image\" \/>\n<meta name=\"twitter:label1\" content=\"Tiempo de lectura\" \/>\n\t<meta name=\"twitter:data1\" content=\"2 minutos\" \/>\n<script type=\"application\/ld+json\" class=\"yoast-schema-graph\">{\"@context\":\"https:\/\/schema.org\",\"@graph\":[{\"@type\":\"WebPage\",\"@id\":\"https:\/\/versano.nl\/shop\/korte-leren-heren-jas-tr48-groen-versano\/\",\"url\":\"https:\/\/versano.nl\/shop\/korte-leren-heren-jas-tr48-groen-versano\/\",\"name\":\"Korte leren heren jas TR48 groen Versano, bomberjas heren\",\"isPartOf\":{\"@id\":\"https:\/\/versano.nl\/#website\"},\"primaryImageOfPage\":{\"@id\":\"https:\/\/versano.nl\/shop\/korte-leren-heren-jas-tr48-groen-versano\/#primaryimage\"},\"image\":{\"@id\":\"https:\/\/versano.nl\/shop\/korte-leren-heren-jas-tr48-groen-versano\/#primaryimage\"},\"thumbnailUrl\":\"https:\/\/versano.nl\/wp-content\/uploads\/2020\/07\/heren-bomberjack-leer-groen-versano-tr48-model-voorkant2.jpg\",\"datePublished\":\"2018-06-19T21:44:50+00:00\",\"dateModified\":\"2024-12-11T16:23:30+00:00\",\"description\":\"Bent u op zoek naar een Korte leren heren jas TR48 groen Versano? Bij Versano zit u goed, want hier treft u een ruime keuze leren jassen aan.\",\"breadcrumb\":{\"@id\":\"https:\/\/versano.nl\/shop\/korte-leren-heren-jas-tr48-groen-versano\/#breadcrumb\"},\"inLanguage\":\"es\",\"potentialAction\":[{\"@type\":\"ReadAction\",\"target\":[\"https:\/\/versano.nl\/shop\/korte-leren-heren-jas-tr48-groen-versano\/\"]}]},{\"@type\":\"ImageObject\",\"inLanguage\":\"es\",\"@id\":\"https:\/\/versano.nl\/shop\/korte-leren-heren-jas-tr48-groen-versano\/#primaryimage\",\"url\":\"https:\/\/versano.nl\/wp-content\/uploads\/2020\/07\/heren-bomberjack-leer-groen-versano-tr48-model-voorkant2.jpg\",\"contentUrl\":\"https:\/\/versano.nl\/wp-content\/uploads\/2020\/07\/heren-bomberjack-leer-groen-versano-tr48-model-voorkant2.jpg\",\"width\":900,\"height\":1176,\"caption\":\"Korte leren heren jas TR48 groen Versano\"},{\"@type\":\"BreadcrumbList\",\"@id\":\"https:\/\/versano.nl\/shop\/korte-leren-heren-jas-tr48-groen-versano\/#breadcrumb\",\"itemListElement\":[{\"@type\":\"ListItem\",\"position\":1,\"name\":\"Home\",\"item\":\"https:\/\/versano.nl\/\"},{\"@type\":\"ListItem\",\"position\":2,\"name\":\"Shop\",\"item\":\"https:\/\/versano.nl\/shop\/\"},{\"@type\":\"ListItem\",\"position\":3,\"name\":\"Korte leren heren jas TR48 groen Versano\"}]},{\"@type\":\"WebSite\",\"@id\":\"https:\/\/versano.nl\/#website\",\"url\":\"https:\/\/versano.nl\/\",\"name\":\"Versano\",\"description\":\"winterjassen met bontkraag | leren dames jassen | leren heren jassen\",\"potentialAction\":[{\"@type\":\"SearchAction\",\"target\":{\"@type\":\"EntryPoint\",\"urlTemplate\":\"https:\/\/versano.nl\/?s={search_term_string}\"},\"query-input\":{\"@type\":\"PropertyValueSpecification\",\"valueRequired\":true,\"valueName\":\"search_term_string\"}}],\"inLanguage\":\"es\"}]}<\/script>\n<!-- \/ Yoast SEO plugin. -->","yoast_head_json":{"title":"Chaqueta corta de cuero para hombre TR48 verde Versano, chaqueta bomber para hombre","description":"\u00bfEst\u00e1s buscando una Chaqueta corta de cuero para hombre TR48 verde Versano? Versano es el lugar adecuado para ti, porque aqu\u00ed encontrar\u00e1s una amplia variedad de chaquetas de cuero.","robots":{"index":"index","follow":"follow","max-snippet":"max-snippet:-1","max-image-preview":"max-image-preview:large","max-video-preview":"max-video-preview:-1"},"canonical":"https:\/\/versano.nl\/es\/shop\/korte-leren-heren-jas-tr48-groen-versano\/","og_locale":"es_ES","og_type":"article","og_title":"Korte leren heren jas TR48 groen Versano, bomberjas heren","og_description":"Bent u op zoek naar een Korte leren heren jas TR48 groen Versano? Bij Versano zit u goed, want hier treft u een ruime keuze leren jassen aan.","og_url":"https:\/\/versano.nl\/es\/shop\/korte-leren-heren-jas-tr48-groen-versano\/","og_site_name":"Versano","article_modified_time":"2024-12-11T16:23:30+00:00","og_image":[{"width":900,"height":1176,"url":"https:\/\/versano.nl\/wp-content\/uploads\/2020\/07\/heren-bomberjack-leer-groen-versano-tr48-model-voorkant2.jpg","type":"image\/jpeg"}],"twitter_card":"summary_large_image","twitter_misc":{"Tiempo de lectura":"2 minutos"},"schema":{"@context":"https:\/\/schema.org","@graph":[{"@type":"WebPage","@id":"https:\/\/versano.nl\/shop\/korte-leren-heren-jas-tr48-groen-versano\/","url":"https:\/\/versano.nl\/shop\/korte-leren-heren-jas-tr48-groen-versano\/","name":"Chaqueta corta de cuero para hombre TR48 verde Versano, chaqueta bomber para hombre","isPartOf":{"@id":"https:\/\/versano.nl\/#website"},"primaryImageOfPage":{"@id":"https:\/\/versano.nl\/shop\/korte-leren-heren-jas-tr48-groen-versano\/#primaryimage"},"image":{"@id":"https:\/\/versano.nl\/shop\/korte-leren-heren-jas-tr48-groen-versano\/#primaryimage"},"thumbnailUrl":"https:\/\/versano.nl\/wp-content\/uploads\/2020\/07\/heren-bomberjack-leer-groen-versano-tr48-model-voorkant2.jpg","datePublished":"2018-06-19T21:44:50+00:00","dateModified":"2024-12-11T16:23:30+00:00","description":"\u00bfEst\u00e1s buscando una Chaqueta corta de cuero para hombre TR48 verde Versano? Versano es el lugar adecuado para ti, porque aqu\u00ed encontrar\u00e1s una amplia variedad de chaquetas de cuero.","breadcrumb":{"@id":"https:\/\/versano.nl\/shop\/korte-leren-heren-jas-tr48-groen-versano\/#breadcrumb"},"inLanguage":"es","potentialAction":[{"@type":"ReadAction","target":["https:\/\/versano.nl\/shop\/korte-leren-heren-jas-tr48-groen-versano\/"]}]},{"@type":"ImageObject","inLanguage":"es","@id":"https:\/\/versano.nl\/shop\/korte-leren-heren-jas-tr48-groen-versano\/#primaryimage","url":"https:\/\/versano.nl\/wp-content\/uploads\/2020\/07\/heren-bomberjack-leer-groen-versano-tr48-model-voorkant2.jpg","contentUrl":"https:\/\/versano.nl\/wp-content\/uploads\/2020\/07\/heren-bomberjack-leer-groen-versano-tr48-model-voorkant2.jpg","width":900,"height":1176,"caption":"Korte leren heren jas TR48 groen Versano"},{"@type":"BreadcrumbList","@id":"https:\/\/versano.nl\/shop\/korte-leren-heren-jas-tr48-groen-versano\/#breadcrumb","itemListElement":[{"@type":"ListItem","position":1,"name":"Home","item":"https:\/\/versano.nl\/"},{"@type":"ListItem","position":2,"name":"Shop","item":"https:\/\/versano.nl\/shop\/"},{"@type":"ListItem","position":3,"name":"Korte leren heren jas TR48 groen Versano"}]},{"@type":"WebSite","@id":"https:\/\/versano.nl\/#website","url":"https:\/\/versano.nl\/","name":"Versano","description":"abrigos de invierno con cuello de piel | chaquetas de cuero para mujer | chaquetas de cuero para hombre","potentialAction":[{"@type":"SearchAction","target":{"@type":"EntryPoint","urlTemplate":"https:\/\/versano.nl\/?s={search_term_string}"},"query-input":{"@type":"PropertyValueSpecification","valueRequired":true,"valueName":"search_term_string"}}],"inLanguage":"es"}]}},"_links":{"self":[{"href":"https:\/\/versano.nl\/es\/wp-json\/wp\/v2\/product\/9149","targetHints":{"allow":["GET"]}}],"collection":[{"href":"https:\/\/versano.nl\/es\/wp-json\/wp\/v2\/product"}],"about":[{"href":"https:\/\/versano.nl\/es\/wp-json\/wp\/v2\/types\/product"}],"replies":[{"embeddable":true,"href":"https:\/\/versano.nl\/es\/wp-json\/wp\/v2\/comments?post=9149"}],"wp:featuredmedia":[{"embeddable":true,"href":"https:\/\/versano.nl\/es\/wp-json\/wp\/v2\/media\/16590"}],"wp:attachment":[{"href":"https:\/\/versano.nl\/es\/wp-json\/wp\/v2\/media?parent=9149"}],"wp:term":[{"taxonomy":"product_brand","embeddable":true,"href":"https:\/\/versano.nl\/es\/wp-json\/wp\/v2\/product_brand?post=9149"},{"taxonomy":"product_cat","embeddable":true,"href":"https:\/\/versano.nl\/es\/wp-json\/wp\/v2\/product_cat?post=9149"},{"taxonomy":"product_tag","embeddable":true,"href":"https:\/\/versano.nl\/es\/wp-json\/wp\/v2\/product_tag?post=9149"}],"curies":[{"name":"wp","href":"https:\/\/api.w.org\/{rel}","templated":true}]}}