{"id":8581,"date":"2018-05-03T19:24:38","date_gmt":"2018-05-03T19:24:38","guid":{"rendered":"https:\/\/leathershopdoci.nl\/?post_type=product&#038;p=17102"},"modified":"2026-04-26T09:48:10","modified_gmt":"2026-04-26T09:48:10","slug":"lange-leren-jas-dames-cognac-versano-312","status":"publish","type":"product","link":"https:\/\/versano.nl\/es\/shop\/lange-leren-jas-dames-cognac-versano-312\/","title":{"rendered":"chaqueta de cuero de media longitud se\u00f1oras co\u00f1ac 312 Versano"},"content":{"rendered":"<h2>chaqueta de cuero de media longitud se\u00f1oras co\u00f1ac 312 Versano<\/h2>\n<p>\u00bfBuscas una chaqueta de cuero de media longitud para mujer, es el color co\u00f1ac que te gusta pasear en varias temporadas? Entonces familiar\u00edcese con uno de los nuevos modelos de Versano, porque definitivamente le gustar\u00e1 la chaqueta de cuero de longitud media para mujer co\u00f1ac Versano 312. Este abrigo tiene una bonita cintura italiana y cae por debajo de las nalgas. Esta chaqueta de cuero semi larga de Versano est\u00e1 hecha de cuero de cordero duradero y tiene un hermoso acabado con 2 bolsillos con cremallera en el lateral y 2 bolsillos con cremallera en los senos. Las mangas tambi\u00e9n tienen un bonito acabado con cremalleras en la mu\u00f1eca. La chaqueta tiene una costura dividida en la parte delantera y trasera y est\u00e1 disponible en los colores co\u00f1ac, marr\u00f3n, azul y negro. Si desea pedir la chaqueta larga de cuero en un color diferente, puede encontrar varios colores en nuestro sitio web.<\/p>\n<h2>pedir chaqueta de cuero de versano<\/h2>\n<p>\u00bfEst\u00e1s buscando una chaqueta de mujer de cuero m\u00e1s larga? \u00a1Entonces definitivamente recomendamos este modelo y nunca te arrepentir\u00e1s! El co\u00f1ac 312 de Versano est\u00e1 hecho con los mejores materiales y es suave y flexible porque es piel de cordero 100%. Si nos encarga esta chaqueta, recibir\u00e1 una chaqueta que permanecer\u00e1 hermosa para toda la vida. El hermoso color co\u00f1ac es f\u00e1cil de combinar y se adapta a casi todos tus conjuntos. Su dise\u00f1o italiano garantiza que la chaqueta se ajuste bien y sea c\u00f3moda de llevar. Este modelo no est\u00e1 demasiado ocupado, lo que lo convierte en un cl\u00e1sico superior. Este modelo es f\u00e1cil de pedir en nuestro sitio web. Si lo solicita hoy, se lo entregar\u00e1 en un plazo de 2 d\u00edas h\u00e1biles.<\/p>\n<p>marca: <a href=\"https:\/\/versano.nl\" target=\"_blank\" rel=\"noopener noreferrer\">Versano<\/a><br \/>\nMaterial: 100% piel de cordero<br \/>\nForro: 100% poli\u00e9ster<br \/>\nlongitud: larga<br \/>\nAjuste: ajustado<br \/>\nCierre: cremallera<br \/>\nBolsillos: bolsillo con cremallera<br \/>\nCollar: collar de mentira<br \/>\ncapa exterior Material: de alta calidad y de piel de cordero suave<\/p>\n<p>Plazo de entrega: 2 a 3 d\u00edas laborales<\/p>","protected":false},"excerpt":{"rendered":"<h4><strong>ELIGE OTRO COLOR AQU\u00cd<\/strong><\/h4>\n<p><span style=\"color: red;\"><a href=\"https:\/\/versano.nl\/shop\/lange-leren-dames-jas-blauw-versano-312\/\"><img loading=\"lazy\" decoding=\"async\" class=\"alignnone size-full wp-image-19866\" src=\"https:\/\/versano.nl\/wp-content\/uploads\/sites\/2\/2020\/04\/lange-leren-dames-jas-blauw-versano-312-model2-thumb.jpg\" alt=\"\" width=\"57\" height=\"75\" \/><\/a><a href=\"https:\/\/versano.nl\/shop\/lange-dames-leren-jas-zwart-versano-312\/\"><img loading=\"lazy\" decoding=\"async\" class=\"alignnone size-full wp-image-19868\" src=\"https:\/\/versano.nl\/wp-content\/uploads\/sites\/2\/2020\/04\/lange-leren-dames-jas-zwart-versano-312-model2-thumb.jpg\" alt=\"\" width=\"57\" height=\"75\" \/><\/a><a href=\"https:\/\/versano.nl\/shop\/lange-leren-dames-jas-bruin\/\"><img loading=\"lazy\" decoding=\"async\" class=\"alignnone size-full wp-image-19867\" src=\"https:\/\/versano.nl\/wp-content\/uploads\/sites\/2\/2020\/04\/lange-leren-dames-jas-bruin-versano-312-zijkant-thumb.jpg\" alt=\"\" width=\"56\" height=\"75\" \/><\/a><\/span><\/p>\n<p><span style=\"color: red;\">Consejos de ajuste:<\/span> El ajuste de esta chaqueta est\u00e1 bien ajustado. Nuestro modelo mide 1,68 cm de altura y lleva una talla M.<\/p>\n<p>Si no est\u00e1 seguro de sus medidas, le recomendamos que primero mida las medidas de su talla y las compare con nuestra tabla de tallas. Si no tiene experiencia en medir tama\u00f1os de circunferencia, haga clic en <a href=\"https:\/\/www.youtube.com\/watch?v=3ZSfY87v6pM\"><em><span style=\"text-decoration: none;\">AQU\u00cd<\/span><\/em>\u00a0<\/a>\u00a0para <span style=\"color: red;\"><a href=\"https:\/\/www.youtube.com\/watch?v=3ZSfY87v6pM\"><em><span style=\"color: red; text-decoration: none;\">VIDEO<\/span><\/em><\/a><\/span>\u00a0 con instrucciones. \u00a1Tambi\u00e9n puede llamarnos o enviarnos una aplicaci\u00f3n directamente! Nuestros empleados est\u00e1n siempre disponibles para ayudar.<\/p>\n<p><strong><span style=\"color: black;\">EL TIEMPO DE ENTREGA :<\/span><\/strong> 2 a 3 d\u00edas laborables.<\/p>","protected":false},"featured_media":33537,"comment_status":"closed","ping_status":"closed","template":"","meta":[],"product_brand":[],"product_cat":[89,90,1479,955,996,1470,1247,879,1469,1474,880,1712,881,2051,878,882],"product_tag":[1482,956,957,958,959,960,961,142],"class_list":{"0":"post-8581","1":"product","2":"type-product","3":"status-publish","4":"has-post-thumbnail","6":"product_cat-dames","7":"product_cat-dames-leren-jassen","8":"product_cat-lange-dames-leren-jas","9":"product_cat-lange-leren-dames-jassen","10":"product_cat-lange-leren-jassen-dames","11":"product_cat-leren-dames-jas","12":"product_cat-leren-dames-jas-grote-maat","13":"product_cat-leren-dames-jassen","14":"product_cat-leren-jas-dames","15":"product_cat-leren-jas-dames-grote-maten","16":"product_cat-leren-jasje-dames","17":"product_cat-leren-jassen","18":"product_cat-leren-jassen-dames","19":"product_cat-leren-jassen-dames-grote-maten","20":"product_cat-leren-jassen-dames-uitverkoop","21":"product_cat-versano","22":"product_tag-halflange-leren-jas","23":"product_tag-lange-leren-dames-jas","24":"product_tag-lange-leren-dames-jassen","25":"product_tag-lange-leren-jas","26":"product_tag-lange-leren-jas-cognac","27":"product_tag-lange-leren-jassen","28":"product_tag-leren-dames-jas-lang-model","29":"product_tag-online-dames-leren-jassen","30":"tm-no-options","32":"first","33":"instock","34":"sale","35":"taxable","36":"shipping-taxable","37":"purchasable","38":"product-type-variable"},"yoast_head":"<!-- This site is optimized with the Yoast SEO plugin v27.2 - https:\/\/yoast.com\/product\/yoast-seo-wordpress\/ -->\n<title>halflange leren jas dames cognac 312 Versano, lange leren dames jas<\/title>\n<meta name=\"description\" content=\"Ben je op zoek naar een getailleerde halflange leren jas dames cognac 312 Versano, dan bent u bij Versano aan het juiste adres.\" \/>\n<meta name=\"robots\" content=\"index, follow, max-snippet:-1, max-image-preview:large, max-video-preview:-1\" \/>\n<link rel=\"canonical\" href=\"https:\/\/versano.nl\/es\/shop\/lange-leren-jas-dames-cognac-versano-312\/\" \/>\n<meta property=\"og:locale\" content=\"es_ES\" \/>\n<meta property=\"og:type\" content=\"article\" \/>\n<meta property=\"og:title\" content=\"halflange leren jas dames cognac 312 Versano, lange leren dames jas\" \/>\n<meta property=\"og:description\" content=\"Ben je op zoek naar een getailleerde halflange leren jas dames cognac 312 Versano, dan bent u bij Versano aan het juiste adres.\" \/>\n<meta property=\"og:url\" content=\"https:\/\/versano.nl\/es\/shop\/lange-leren-jas-dames-cognac-versano-312\/\" \/>\n<meta property=\"og:site_name\" content=\"Versano\" \/>\n<meta property=\"article:modified_time\" content=\"2026-04-26T09:48:10+00:00\" \/>\n<meta property=\"og:image\" content=\"https:\/\/versano.nl\/wp-content\/uploads\/2018\/05\/312-cogn.jpg\" \/>\n\t<meta property=\"og:image:width\" content=\"600\" \/>\n\t<meta property=\"og:image:height\" content=\"800\" \/>\n\t<meta property=\"og:image:type\" content=\"image\/jpeg\" \/>\n<meta name=\"twitter:card\" content=\"summary_large_image\" \/>\n<meta name=\"twitter:label1\" content=\"Tiempo de lectura\" \/>\n\t<meta name=\"twitter:data1\" content=\"2 minutos\" \/>\n<script type=\"application\/ld+json\" class=\"yoast-schema-graph\">{\"@context\":\"https:\/\/schema.org\",\"@graph\":[{\"@type\":\"WebPage\",\"@id\":\"https:\/\/versano.nl\/shop\/lange-leren-jas-dames-cognac-versano-312\/\",\"url\":\"https:\/\/versano.nl\/shop\/lange-leren-jas-dames-cognac-versano-312\/\",\"name\":\"halflange leren jas dames cognac 312 Versano, lange leren dames jas\",\"isPartOf\":{\"@id\":\"https:\/\/versano.nl\/#website\"},\"primaryImageOfPage\":{\"@id\":\"https:\/\/versano.nl\/shop\/lange-leren-jas-dames-cognac-versano-312\/#primaryimage\"},\"image\":{\"@id\":\"https:\/\/versano.nl\/shop\/lange-leren-jas-dames-cognac-versano-312\/#primaryimage\"},\"thumbnailUrl\":\"https:\/\/versano.nl\/wp-content\/uploads\/2018\/05\/312-cogn.jpg\",\"datePublished\":\"2018-05-03T19:24:38+00:00\",\"dateModified\":\"2026-04-26T09:48:10+00:00\",\"description\":\"Ben je op zoek naar een getailleerde halflange leren jas dames cognac 312 Versano, dan bent u bij Versano aan het juiste adres.\",\"breadcrumb\":{\"@id\":\"https:\/\/versano.nl\/shop\/lange-leren-jas-dames-cognac-versano-312\/#breadcrumb\"},\"inLanguage\":\"es\",\"potentialAction\":[{\"@type\":\"ReadAction\",\"target\":[\"https:\/\/versano.nl\/shop\/lange-leren-jas-dames-cognac-versano-312\/\"]}]},{\"@type\":\"ImageObject\",\"inLanguage\":\"es\",\"@id\":\"https:\/\/versano.nl\/shop\/lange-leren-jas-dames-cognac-versano-312\/#primaryimage\",\"url\":\"https:\/\/versano.nl\/wp-content\/uploads\/2018\/05\/312-cogn.jpg\",\"contentUrl\":\"https:\/\/versano.nl\/wp-content\/uploads\/2018\/05\/312-cogn.jpg\",\"width\":600,\"height\":800,\"caption\":\"312 cogn\"},{\"@type\":\"BreadcrumbList\",\"@id\":\"https:\/\/versano.nl\/shop\/lange-leren-jas-dames-cognac-versano-312\/#breadcrumb\",\"itemListElement\":[{\"@type\":\"ListItem\",\"position\":1,\"name\":\"Home\",\"item\":\"https:\/\/versano.nl\/\"},{\"@type\":\"ListItem\",\"position\":2,\"name\":\"Shop\",\"item\":\"https:\/\/versano.nl\/shop\/\"},{\"@type\":\"ListItem\",\"position\":3,\"name\":\"halflange leren jas dames cognac 312 Versano\"}]},{\"@type\":\"WebSite\",\"@id\":\"https:\/\/versano.nl\/#website\",\"url\":\"https:\/\/versano.nl\/\",\"name\":\"Versano\",\"description\":\"winterjassen met bontkraag | leren dames jassen | leren heren jassen\",\"potentialAction\":[{\"@type\":\"SearchAction\",\"target\":{\"@type\":\"EntryPoint\",\"urlTemplate\":\"https:\/\/versano.nl\/?s={search_term_string}\"},\"query-input\":{\"@type\":\"PropertyValueSpecification\",\"valueRequired\":true,\"valueName\":\"search_term_string\"}}],\"inLanguage\":\"es\"}]}<\/script>\n<!-- \/ Yoast SEO plugin. -->","yoast_head_json":{"title":"chaqueta de cuero de media longitud damas co\u00f1ac 312 Versano, chaqueta larga de cuero para damas","description":"Si est\u00e1 buscando una chaqueta de cuero de media longitud a medida para damas co\u00f1ac 312 Versano, entonces ha venido al lugar correcto en Versano.","robots":{"index":"index","follow":"follow","max-snippet":"max-snippet:-1","max-image-preview":"max-image-preview:large","max-video-preview":"max-video-preview:-1"},"canonical":"https:\/\/versano.nl\/es\/shop\/lange-leren-jas-dames-cognac-versano-312\/","og_locale":"es_ES","og_type":"article","og_title":"halflange leren jas dames cognac 312 Versano, lange leren dames jas","og_description":"Ben je op zoek naar een getailleerde halflange leren jas dames cognac 312 Versano, dan bent u bij Versano aan het juiste adres.","og_url":"https:\/\/versano.nl\/es\/shop\/lange-leren-jas-dames-cognac-versano-312\/","og_site_name":"Versano","article_modified_time":"2026-04-26T09:48:10+00:00","og_image":[{"width":600,"height":800,"url":"https:\/\/versano.nl\/wp-content\/uploads\/2018\/05\/312-cogn.jpg","type":"image\/jpeg"}],"twitter_card":"summary_large_image","twitter_misc":{"Tiempo de lectura":"2 minutos"},"schema":{"@context":"https:\/\/schema.org","@graph":[{"@type":"WebPage","@id":"https:\/\/versano.nl\/shop\/lange-leren-jas-dames-cognac-versano-312\/","url":"https:\/\/versano.nl\/shop\/lange-leren-jas-dames-cognac-versano-312\/","name":"chaqueta de cuero de media longitud damas co\u00f1ac 312 Versano, chaqueta larga de cuero para damas","isPartOf":{"@id":"https:\/\/versano.nl\/#website"},"primaryImageOfPage":{"@id":"https:\/\/versano.nl\/shop\/lange-leren-jas-dames-cognac-versano-312\/#primaryimage"},"image":{"@id":"https:\/\/versano.nl\/shop\/lange-leren-jas-dames-cognac-versano-312\/#primaryimage"},"thumbnailUrl":"https:\/\/versano.nl\/wp-content\/uploads\/2018\/05\/312-cogn.jpg","datePublished":"2018-05-03T19:24:38+00:00","dateModified":"2026-04-26T09:48:10+00:00","description":"Si est\u00e1 buscando una chaqueta de cuero de media longitud a medida para damas co\u00f1ac 312 Versano, entonces ha venido al lugar correcto en Versano.","breadcrumb":{"@id":"https:\/\/versano.nl\/shop\/lange-leren-jas-dames-cognac-versano-312\/#breadcrumb"},"inLanguage":"es","potentialAction":[{"@type":"ReadAction","target":["https:\/\/versano.nl\/shop\/lange-leren-jas-dames-cognac-versano-312\/"]}]},{"@type":"ImageObject","inLanguage":"es","@id":"https:\/\/versano.nl\/shop\/lange-leren-jas-dames-cognac-versano-312\/#primaryimage","url":"https:\/\/versano.nl\/wp-content\/uploads\/2018\/05\/312-cogn.jpg","contentUrl":"https:\/\/versano.nl\/wp-content\/uploads\/2018\/05\/312-cogn.jpg","width":600,"height":800,"caption":"312 cogn"},{"@type":"BreadcrumbList","@id":"https:\/\/versano.nl\/shop\/lange-leren-jas-dames-cognac-versano-312\/#breadcrumb","itemListElement":[{"@type":"ListItem","position":1,"name":"Home","item":"https:\/\/versano.nl\/"},{"@type":"ListItem","position":2,"name":"Shop","item":"https:\/\/versano.nl\/shop\/"},{"@type":"ListItem","position":3,"name":"halflange leren jas dames cognac 312 Versano"}]},{"@type":"WebSite","@id":"https:\/\/versano.nl\/#website","url":"https:\/\/versano.nl\/","name":"Versano","description":"abrigos de invierno con cuello de piel | chaquetas de cuero para mujer | chaquetas de cuero para hombre","potentialAction":[{"@type":"SearchAction","target":{"@type":"EntryPoint","urlTemplate":"https:\/\/versano.nl\/?s={search_term_string}"},"query-input":{"@type":"PropertyValueSpecification","valueRequired":true,"valueName":"search_term_string"}}],"inLanguage":"es"}]}},"_links":{"self":[{"href":"https:\/\/versano.nl\/es\/wp-json\/wp\/v2\/product\/8581","targetHints":{"allow":["GET"]}}],"collection":[{"href":"https:\/\/versano.nl\/es\/wp-json\/wp\/v2\/product"}],"about":[{"href":"https:\/\/versano.nl\/es\/wp-json\/wp\/v2\/types\/product"}],"replies":[{"embeddable":true,"href":"https:\/\/versano.nl\/es\/wp-json\/wp\/v2\/comments?post=8581"}],"wp:featuredmedia":[{"embeddable":true,"href":"https:\/\/versano.nl\/es\/wp-json\/wp\/v2\/media\/33537"}],"wp:attachment":[{"href":"https:\/\/versano.nl\/es\/wp-json\/wp\/v2\/media?parent=8581"}],"wp:term":[{"taxonomy":"product_brand","embeddable":true,"href":"https:\/\/versano.nl\/es\/wp-json\/wp\/v2\/product_brand?post=8581"},{"taxonomy":"product_cat","embeddable":true,"href":"https:\/\/versano.nl\/es\/wp-json\/wp\/v2\/product_cat?post=8581"},{"taxonomy":"product_tag","embeddable":true,"href":"https:\/\/versano.nl\/es\/wp-json\/wp\/v2\/product_tag?post=8581"}],"curies":[{"name":"wp","href":"https:\/\/api.w.org\/{rel}","templated":true}]}}