{"id":8479,"date":"2018-04-30T19:04:41","date_gmt":"2018-04-30T19:04:41","guid":{"rendered":"https:\/\/leathershopdoci.nl\/?post_type=product&#038;p=17032"},"modified":"2024-12-13T12:07:48","modified_gmt":"2024-12-13T12:07:48","slug":"leren-dames-jasje-basic-groen-versano-301","status":"publish","type":"product","link":"https:\/\/versano.nl\/es\/shop\/leren-dames-jasje-basic-groen-versano-301\/","title":{"rendered":"Chaqueta de cuero para mujer verde Versano 301"},"content":{"rendered":"<h2>chaqueta de cuero para mujer verde Versano 301<\/h2>\n<p>Si est\u00e1 buscando una chaqueta de cuero b\u00e1sica moderna sin campanas y silbidos, entonces la chaqueta de cuero verde para mujer modelo b\u00e1sico Versano 301 es una necesidad absoluta. Esta chaqueta de piel de cordero de Versano tiene un ajuste incre\u00edble con cuello redondo y es perfecta para cualquier ocasi\u00f3n, ya sea con falda o jeans. Esta chaqueta de cuero tiene un acabado perfecto con hermosas costuras y tiene 2 bolsillos laterales con botones autom\u00e1ticos. Este es uno de los modelos b\u00e1sicos de Versano y, como tal, tambi\u00e9n uno de nuestros \u00e9xitos. Esta chaqueta est\u00e1 disponible en piel de cordero duradera, pero si prefieres no llevarla, tambi\u00e9n hay diferentes modelos disponibles en s\u00edmil piel. Si desea pedir la chaqueta de cuero para mujer 301 verde en un color diferente, puede encontrar varios colores en nuestro sitio web.<\/p>\n<h2>Ordene el modelo 301 en el color verde<\/h2>\n<p>Esta elegante chaqueta de cuero para mujer de Versano es uno de los mejores modelos b\u00e1sicos de la marca italiana Versano. La chaqueta es de corte italiano con un buen ajuste y tambi\u00e9n est\u00e1 disponible en varios colores. El cuero de piel de cordero duradero tiene un lavado particularmente hermoso y le da un aspecto vintage. Esta chaqueta de cuero para mujer tambi\u00e9n est\u00e1 disponible en negro y co\u00f1ac. Esta es una chaqueta que, no puedes negarlo, luce sublime. El acabado es absolutamente perfecto y todos los elementos est\u00e1n muy bien coordinados. Su dise\u00f1o italiano garantiza que la chaqueta se ajuste bien y sea c\u00f3moda de llevar. Este modelo no est\u00e1 demasiado ocupado, lo que lo convierte en un cl\u00e1sico superior. puede ordenar f\u00e1cilmente en nuestro sitio web.<\/p>\n<p>marca: <a href=\"https:\/\/versano.nl\/\" target=\"_blank\" rel=\"noopener noreferrer\">Versano<\/a><br \/>\nMaterial: 100% piel de cordero<br \/>\nForro: 100% poli\u00e9ster<br \/>\nlongitud: corto<br \/>\nAjuste: ajustado<br \/>\nCierre: cremallera<br \/>\nBolsillos: bolsillo con cremallera<br \/>\nCollar: de pie cuello<br \/>\ncapa exterior Material: de alta calidad y de piel de cordero suave<br \/>\nPlazo de entrega: 2-3 d\u00edas laborables<\/p>","protected":false},"excerpt":{"rendered":"<p><strong>ELIGE OTRO COLOR AQU\u00cd<\/strong><\/p>\n<p><span style=\"color: #ff0000;\"><a href=\"https:\/\/versano.nl\/shop\/leren-dames-jasje-basic-blauw-versano-301\"><img loading=\"lazy\" decoding=\"async\" class=\"alignnone size-full wp-image-19823\" src=\"https:\/\/versano.nl\/wp-content\/uploads\/sites\/2\/2018\/04\/blauw-leren-jasje-dames-versano-301-model2-thumb.jpg\" alt=\"\" width=\"57\" height=\"75\" \/><\/a><a href=\"https:\/\/versano.nl\/shop\/dames-leren-jas-cognac-versano-301\/\"><img loading=\"lazy\" decoding=\"async\" class=\"alignnone size-full wp-image-19825\" src=\"https:\/\/versano.nl\/wp-content\/uploads\/sites\/2\/2018\/04\/lamsleren-dames-jas-basic-ronde-kraag-cognac-versano-301-voorkant-thumb.jpg\" alt=\"\" width=\"57\" height=\"75\" \/><\/a><a href=\"https:\/\/versano.nl\/shop\/leren-dames-jas-basic-zwart-versano-301\/\"><img loading=\"lazy\" decoding=\"async\" class=\"alignnone size-full wp-image-19826\" src=\"https:\/\/versano.nl\/wp-content\/uploads\/sites\/2\/2018\/04\/zwart-leren-jasje-dames-versano-301-model2-thumb.jpg\" alt=\"\" width=\"57\" height=\"75\" \/><\/a><\/span><\/p>\n<p><span style=\"color: #ff0000;\">Consejos de ajuste:<\/span>\u00a0El ajuste de esta chaqueta est\u00e1 bien ajustado. Nuestro modelo mide 1,68 cm de altura y lleva una talla S.<\/p>\n<p>Si no est\u00e1 seguro de sus medidas, le recomendamos que primero mida las medidas de su talla y las compare con nuestra tabla de tallas. Si no tiene experiencia en medir tama\u00f1os de circunferencia, haga clic en\u00a0<a href=\"https:\/\/www.youtube.com\/watch?v=3ZSfY87v6pM\"><em>AQU\u00cd<\/em>\u00a0<\/a>\u00a0para\u00a0<a href=\"https:\/\/www.youtube.com\/watch?v=3ZSfY87v6pM\"><em><span style=\"color: #ff0000;\">VIDEO<\/span><\/em><\/a>\u00a0 con instrucciones. \u00a1Tambi\u00e9n puede llamarnos o enviarnos una aplicaci\u00f3n directamente! Nuestros empleados est\u00e1n siempre disponibles para ayudar.<\/p>\n<p><strong>EL TIEMPO DE ENTREGA :<\/strong>\u00a02 a 3 d\u00edas laborables.<\/p>","protected":false},"featured_media":20418,"comment_status":"closed","ping_status":"closed","template":"","meta":[],"product_brand":[],"product_cat":[90,1248,874,875,879,1469,1712,881,878,882],"product_tag":[110,111,112,113,114,95,115,116,98,101,105,106,107],"class_list":{"0":"post-8479","1":"product","2":"type-product","3":"status-publish","4":"has-post-thumbnail","6":"product_cat-dames-leren-jassen","7":"product_cat-grote-maten-leren-dames-jassen","8":"product_cat-kort-leren-jasje","9":"product_cat-kort-leren-jasje-dames","10":"product_cat-leren-dames-jassen","11":"product_cat-leren-jas-dames","12":"product_cat-leren-jassen","13":"product_cat-leren-jassen-dames","14":"product_cat-leren-jassen-dames-uitverkoop","15":"product_cat-versano","16":"product_tag-dames-leren-jas-groen","17":"product_tag-goedkope-dames-leren-jas-groen","18":"product_tag-goedkope-leren-dames-jas-groen","19":"product_tag-groene-dames-leren-jas","20":"product_tag-groene-leren-dames-jas","21":"product_tag-korte-leren-jassen","22":"product_tag-leren-dames-jas-groen","23":"product_tag-leren-groene-jas-dames","24":"product_tag-leren-jasje","25":"product_tag-online-leren-jassen","26":"product_tag-versano-leren-jassen","27":"product_tag-winter-leren-jassen","28":"product_tag-zomer-leren-jassen","29":"tm-no-options","31":"first","32":"instock","33":"taxable","34":"shipping-taxable","35":"purchasable","36":"product-type-variable"},"yoast_head":"<!-- This site is optimized with the Yoast SEO plugin v27.2 - https:\/\/yoast.com\/product\/yoast-seo-wordpress\/ -->\n<title>leren dames jasje groen Versano 301, groene leren dames jas<\/title>\n<meta name=\"description\" content=\"Met het leren dames jasje groen Versano 301 mag je echt gezien worden. Deze jas is gemaakt van soepel en zacht 100% lamsleer.\" \/>\n<meta name=\"robots\" content=\"index, follow, max-snippet:-1, max-image-preview:large, max-video-preview:-1\" \/>\n<link rel=\"canonical\" href=\"https:\/\/versano.nl\/es\/shop\/leren-dames-jasje-basic-groen-versano-301\/\" \/>\n<meta property=\"og:locale\" content=\"es_ES\" \/>\n<meta property=\"og:type\" content=\"article\" \/>\n<meta property=\"og:title\" content=\"leren dames jasje groen Versano 301, groene leren dames jas\" \/>\n<meta property=\"og:description\" content=\"Met het leren dames jasje groen Versano 301 mag je echt gezien worden. Deze jas is gemaakt van soepel en zacht 100% lamsleer.\" \/>\n<meta property=\"og:url\" content=\"https:\/\/versano.nl\/es\/shop\/leren-dames-jasje-basic-groen-versano-301\/\" \/>\n<meta property=\"og:site_name\" content=\"Versano\" \/>\n<meta property=\"article:modified_time\" content=\"2024-12-13T12:07:48+00:00\" \/>\n<meta property=\"og:image\" content=\"https:\/\/versano.nl\/wp-content\/uploads\/2018\/04\/groen-leren-jasje-dames-versano-301-model2-1.jpg\" \/>\n\t<meta property=\"og:image:width\" content=\"900\" \/>\n\t<meta property=\"og:image:height\" content=\"1176\" \/>\n\t<meta property=\"og:image:type\" content=\"image\/jpeg\" \/>\n<meta name=\"twitter:card\" content=\"summary_large_image\" \/>\n<meta name=\"twitter:label1\" content=\"Tiempo de lectura\" \/>\n\t<meta name=\"twitter:data1\" content=\"2 minutos\" \/>\n<script type=\"application\/ld+json\" class=\"yoast-schema-graph\">{\"@context\":\"https:\/\/schema.org\",\"@graph\":[{\"@type\":\"WebPage\",\"@id\":\"https:\/\/versano.nl\/shop\/leren-dames-jasje-basic-groen-versano-301\/\",\"url\":\"https:\/\/versano.nl\/shop\/leren-dames-jasje-basic-groen-versano-301\/\",\"name\":\"leren dames jasje groen Versano 301, groene leren dames jas\",\"isPartOf\":{\"@id\":\"https:\/\/versano.nl\/#website\"},\"primaryImageOfPage\":{\"@id\":\"https:\/\/versano.nl\/shop\/leren-dames-jasje-basic-groen-versano-301\/#primaryimage\"},\"image\":{\"@id\":\"https:\/\/versano.nl\/shop\/leren-dames-jasje-basic-groen-versano-301\/#primaryimage\"},\"thumbnailUrl\":\"https:\/\/versano.nl\/wp-content\/uploads\/2018\/04\/groen-leren-jasje-dames-versano-301-model2-1.jpg\",\"datePublished\":\"2018-04-30T19:04:41+00:00\",\"dateModified\":\"2024-12-13T12:07:48+00:00\",\"description\":\"Met het leren dames jasje groen Versano 301 mag je echt gezien worden. Deze jas is gemaakt van soepel en zacht 100% lamsleer.\",\"breadcrumb\":{\"@id\":\"https:\/\/versano.nl\/shop\/leren-dames-jasje-basic-groen-versano-301\/#breadcrumb\"},\"inLanguage\":\"es\",\"potentialAction\":[{\"@type\":\"ReadAction\",\"target\":[\"https:\/\/versano.nl\/shop\/leren-dames-jasje-basic-groen-versano-301\/\"]}]},{\"@type\":\"ImageObject\",\"inLanguage\":\"es\",\"@id\":\"https:\/\/versano.nl\/shop\/leren-dames-jasje-basic-groen-versano-301\/#primaryimage\",\"url\":\"https:\/\/versano.nl\/wp-content\/uploads\/2018\/04\/groen-leren-jasje-dames-versano-301-model2-1.jpg\",\"contentUrl\":\"https:\/\/versano.nl\/wp-content\/uploads\/2018\/04\/groen-leren-jasje-dames-versano-301-model2-1.jpg\",\"width\":900,\"height\":1176,\"caption\":\"leren dames jasje groen Versano 301\"},{\"@type\":\"BreadcrumbList\",\"@id\":\"https:\/\/versano.nl\/shop\/leren-dames-jasje-basic-groen-versano-301\/#breadcrumb\",\"itemListElement\":[{\"@type\":\"ListItem\",\"position\":1,\"name\":\"Home\",\"item\":\"https:\/\/versano.nl\/\"},{\"@type\":\"ListItem\",\"position\":2,\"name\":\"Shop\",\"item\":\"https:\/\/versano.nl\/shop\/\"},{\"@type\":\"ListItem\",\"position\":3,\"name\":\"Leren dames jasje groen Versano 301\"}]},{\"@type\":\"WebSite\",\"@id\":\"https:\/\/versano.nl\/#website\",\"url\":\"https:\/\/versano.nl\/\",\"name\":\"Versano\",\"description\":\"winterjassen met bontkraag | leren dames jassen | leren heren jassen\",\"potentialAction\":[{\"@type\":\"SearchAction\",\"target\":{\"@type\":\"EntryPoint\",\"urlTemplate\":\"https:\/\/versano.nl\/?s={search_term_string}\"},\"query-input\":{\"@type\":\"PropertyValueSpecification\",\"valueRequired\":true,\"valueName\":\"search_term_string\"}}],\"inLanguage\":\"es\"}]}<\/script>\n<!-- \/ Yoast SEO plugin. -->","yoast_head_json":{"title":"chaqueta de cuero para mujer verde Versano 301, chaqueta de cuero para mujer verde","description":"Con la chaqueta de cuero para mujer verde Versano 301 realmente se puede ver. Esta chaqueta est\u00e1 hecha de piel de cordero 100% flexible y suave.","robots":{"index":"index","follow":"follow","max-snippet":"max-snippet:-1","max-image-preview":"max-image-preview:large","max-video-preview":"max-video-preview:-1"},"canonical":"https:\/\/versano.nl\/es\/shop\/leren-dames-jasje-basic-groen-versano-301\/","og_locale":"es_ES","og_type":"article","og_title":"leren dames jasje groen Versano 301, groene leren dames jas","og_description":"Met het leren dames jasje groen Versano 301 mag je echt gezien worden. Deze jas is gemaakt van soepel en zacht 100% lamsleer.","og_url":"https:\/\/versano.nl\/es\/shop\/leren-dames-jasje-basic-groen-versano-301\/","og_site_name":"Versano","article_modified_time":"2024-12-13T12:07:48+00:00","og_image":[{"width":900,"height":1176,"url":"https:\/\/versano.nl\/wp-content\/uploads\/2018\/04\/groen-leren-jasje-dames-versano-301-model2-1.jpg","type":"image\/jpeg"}],"twitter_card":"summary_large_image","twitter_misc":{"Tiempo de lectura":"2 minutos"},"schema":{"@context":"https:\/\/schema.org","@graph":[{"@type":"WebPage","@id":"https:\/\/versano.nl\/shop\/leren-dames-jasje-basic-groen-versano-301\/","url":"https:\/\/versano.nl\/shop\/leren-dames-jasje-basic-groen-versano-301\/","name":"chaqueta de cuero para mujer verde Versano 301, chaqueta de cuero para mujer verde","isPartOf":{"@id":"https:\/\/versano.nl\/#website"},"primaryImageOfPage":{"@id":"https:\/\/versano.nl\/shop\/leren-dames-jasje-basic-groen-versano-301\/#primaryimage"},"image":{"@id":"https:\/\/versano.nl\/shop\/leren-dames-jasje-basic-groen-versano-301\/#primaryimage"},"thumbnailUrl":"https:\/\/versano.nl\/wp-content\/uploads\/2018\/04\/groen-leren-jasje-dames-versano-301-model2-1.jpg","datePublished":"2018-04-30T19:04:41+00:00","dateModified":"2024-12-13T12:07:48+00:00","description":"Con la chaqueta de cuero para mujer verde Versano 301 realmente se puede ver. Esta chaqueta est\u00e1 hecha de piel de cordero 100% flexible y suave.","breadcrumb":{"@id":"https:\/\/versano.nl\/shop\/leren-dames-jasje-basic-groen-versano-301\/#breadcrumb"},"inLanguage":"es","potentialAction":[{"@type":"ReadAction","target":["https:\/\/versano.nl\/shop\/leren-dames-jasje-basic-groen-versano-301\/"]}]},{"@type":"ImageObject","inLanguage":"es","@id":"https:\/\/versano.nl\/shop\/leren-dames-jasje-basic-groen-versano-301\/#primaryimage","url":"https:\/\/versano.nl\/wp-content\/uploads\/2018\/04\/groen-leren-jasje-dames-versano-301-model2-1.jpg","contentUrl":"https:\/\/versano.nl\/wp-content\/uploads\/2018\/04\/groen-leren-jasje-dames-versano-301-model2-1.jpg","width":900,"height":1176,"caption":"leren dames jasje groen Versano 301"},{"@type":"BreadcrumbList","@id":"https:\/\/versano.nl\/shop\/leren-dames-jasje-basic-groen-versano-301\/#breadcrumb","itemListElement":[{"@type":"ListItem","position":1,"name":"Home","item":"https:\/\/versano.nl\/"},{"@type":"ListItem","position":2,"name":"Shop","item":"https:\/\/versano.nl\/shop\/"},{"@type":"ListItem","position":3,"name":"Leren dames jasje groen Versano 301"}]},{"@type":"WebSite","@id":"https:\/\/versano.nl\/#website","url":"https:\/\/versano.nl\/","name":"Versano","description":"abrigos de invierno con cuello de piel | chaquetas de cuero para mujer | chaquetas de cuero para hombre","potentialAction":[{"@type":"SearchAction","target":{"@type":"EntryPoint","urlTemplate":"https:\/\/versano.nl\/?s={search_term_string}"},"query-input":{"@type":"PropertyValueSpecification","valueRequired":true,"valueName":"search_term_string"}}],"inLanguage":"es"}]}},"_links":{"self":[{"href":"https:\/\/versano.nl\/es\/wp-json\/wp\/v2\/product\/8479","targetHints":{"allow":["GET"]}}],"collection":[{"href":"https:\/\/versano.nl\/es\/wp-json\/wp\/v2\/product"}],"about":[{"href":"https:\/\/versano.nl\/es\/wp-json\/wp\/v2\/types\/product"}],"replies":[{"embeddable":true,"href":"https:\/\/versano.nl\/es\/wp-json\/wp\/v2\/comments?post=8479"}],"wp:featuredmedia":[{"embeddable":true,"href":"https:\/\/versano.nl\/es\/wp-json\/wp\/v2\/media\/20418"}],"wp:attachment":[{"href":"https:\/\/versano.nl\/es\/wp-json\/wp\/v2\/media?parent=8479"}],"wp:term":[{"taxonomy":"product_brand","embeddable":true,"href":"https:\/\/versano.nl\/es\/wp-json\/wp\/v2\/product_brand?post=8479"},{"taxonomy":"product_cat","embeddable":true,"href":"https:\/\/versano.nl\/es\/wp-json\/wp\/v2\/product_cat?post=8479"},{"taxonomy":"product_tag","embeddable":true,"href":"https:\/\/versano.nl\/es\/wp-json\/wp\/v2\/product_tag?post=8479"}],"curies":[{"name":"wp","href":"https:\/\/api.w.org\/{rel}","templated":true}]}}