{"id":8421,"date":"2018-04-29T17:25:01","date_gmt":"2018-04-29T17:25:01","guid":{"rendered":"https:\/\/leathershopdoci.nl\/?post_type=product&#038;p=16993"},"modified":"2025-09-19T18:38:30","modified_gmt":"2025-09-19T18:38:30","slug":"lamsleren-dames-jasje-zwart-versano-340","status":"publish","type":"product","link":"https:\/\/versano.nl\/es\/shop\/lamsleren-dames-jasje-zwart-versano-340\/","title":{"rendered":"Chaqueta de cuero para dama negra Versano 340"},"content":{"rendered":"<h2>Chaqueta de cuero negro Versano 340<\/h2>\n<p>\u00bfEst\u00e1s buscando ese abrigo que puedas usar en varias temporadas? Entonces podemos recomendarle encarecidamente que eche un vistazo a la chaqueta de cuero para mujer negra Versano 340. Este modelo bellamente ajustado es perfecto tanto para d\u00edas fr\u00edos como c\u00e1lidos. Con este modelo consigues una chaqueta totalmente confeccionada para ofrecerte la mayor comodidad posible. Es un modelo que tiene dos bolsillos laterales profundos y dos bolsillos en el pecho, que se pueden cerrar con cremallera. La chaqueta tambi\u00e9n tiene un buen bolsillo interior. La chaqueta est\u00e1 hecha de una hermosa piel de cordero, que tiene un lavado fresco y elegante. Esta chaqueta de cuero para mujer no solo est\u00e1 disponible en negro, sino tambi\u00e9n en azul y co\u00f1ac en Versano.<\/p>\n<h2>Solicite el modelo 340 en negro<\/h2>\n<p>Esta elegante chaqueta de mujer de Versano es uno de los mejores modelos b\u00e1sicos de la marca italiana Versano. Es una chaqueta que se puede combinar muy bien con diferentes tipos de ropa. Piense en una falda, pero tambi\u00e9n en un par de jeans geniales. El acabado es absolutamente perfecto y todos los elementos est\u00e1n muy bien coordinados. Este modelo est\u00e1 disponible en varios colores y tambi\u00e9n en tama\u00f1os mayores hasta 5xl. Si nos encarga esta chaqueta, recibir\u00e1 una chaqueta que permanecer\u00e1 hermosa para toda la vida. El color azul es f\u00e1cil de combinar y va con casi todos tus outfits. Su dise\u00f1o italiano garantiza que la chaqueta se ajuste bien y sea c\u00f3moda de llevar. Este modelo no est\u00e1 demasiado ocupado, lo que lo convierte en un cl\u00e1sico superior. puede ordenar f\u00e1cilmente en nuestro sitio web.<\/p>\n<p>marca:\u00a0<a href=\"https:\/\/versano.nl\/\" target=\"_blank\" rel=\"noopener noreferrer\">Versano<\/a><br \/>\nMaterial: 100% piel de cordero<br \/>\nForro: 100% poli\u00e9ster<br \/>\nlongitud: corto<br \/>\nAjuste: ajustado<br \/>\nCierre: cremallera<br \/>\nBolsillos: bolsillo con cremallera<br \/>\nCollar: de pie cuello<br \/>\ncapa exterior Material: de alta calidad y de piel de cordero suave<br \/>\nPlazo de entrega: 2-3 d\u00edas laborables<\/p>","protected":false},"excerpt":{"rendered":"<p><strong>ELIGE OTRO COLOR AQU\u00cd<\/strong><\/p>\n<p><a href=\"https:\/\/versano.nl\/shop\/leren-dames-jasje-blauw-versano-340\/\"><img loading=\"lazy\" decoding=\"async\" class=\"alignnone size-full wp-image-19853\" src=\"https:\/\/versano.nl\/wp-content\/uploads\/sites\/2\/2018\/12\/leren-jasje-dames-donkerblauw-versano-340-model2-thumb.jpg\" alt=\"\" width=\"57\" height=\"75\" \/><\/a><a href=\"https:\/\/versano.nl\/shop\/dames-lederen-jas-cognac-340-versano\/\"><img loading=\"lazy\" decoding=\"async\" class=\"alignnone size-full wp-image-19852\" src=\"https:\/\/versano.nl\/wp-content\/uploads\/sites\/2\/2018\/12\/leren-jasje-dames-cognac-versano-340-model4-thumb.jpg\" alt=\"\" width=\"57\" height=\"75\" \/><\/a><\/p>\n<p><span style=\"color: #ff0000\">Consejos de ajuste:<\/span>\u00a0El ajuste de esta chaqueta est\u00e1 bien ajustado. Nuestro modelo mide 1,68 cm de altura y lleva una talla S.<\/p>\n<p>Si no est\u00e1 seguro de sus medidas, le recomendamos que primero mida las medidas de su talla y las compare con nuestra tabla de tallas. Si no tiene experiencia en medir tama\u00f1os de circunferencia, haga clic en\u00a0<a href=\"https:\/\/www.youtube.com\/watch?v=3ZSfY87v6pM\"><em>AQU\u00cd<\/em>\u00a0<\/a>\u00a0para\u00a0<a href=\"https:\/\/www.youtube.com\/watch?v=3ZSfY87v6pM\"><em><span style=\"color: #ff0000\">VIDEO<\/span><\/em><\/a>\u00a0 con instrucciones. \u00a1Tambi\u00e9n puede llamarnos o enviarnos una aplicaci\u00f3n directamente! Nuestros empleados est\u00e1n siempre disponibles para ayudar.<\/p>\n<p><strong>EL TIEMPO DE ENTREGA :<\/strong>\u00a02 a 3 d\u00edas laborables.<\/p>","protected":false},"featured_media":20595,"comment_status":"closed","ping_status":"closed","template":"","meta":[],"product_brand":[],"product_cat":[90,874,875,1470,879,1469,1474,880,1712,881,2051,878,882,890],"product_tag":[1556,1557,95,942,98,311,349,142,101,105,107,943,427],"class_list":{"0":"post-8421","1":"product","2":"type-product","3":"status-publish","4":"has-post-thumbnail","6":"product_cat-dames-leren-jassen","7":"product_cat-kort-leren-jasje","8":"product_cat-kort-leren-jasje-dames","9":"product_cat-leren-dames-jas","10":"product_cat-leren-dames-jassen","11":"product_cat-leren-jas-dames","12":"product_cat-leren-jas-dames-grote-maten","13":"product_cat-leren-jasje-dames","14":"product_cat-leren-jassen","15":"product_cat-leren-jassen-dames","16":"product_cat-leren-jassen-dames-grote-maten","17":"product_cat-leren-jassen-dames-uitverkoop","18":"product_cat-versano","19":"product_cat-zwarte-leren-jas-dames","20":"product_tag-dames-leren-jas-lamsleer","21":"product_tag-dames-leren-jassen-sale","22":"product_tag-korte-leren-jassen","23":"product_tag-leren-dames-jasje-zwart","24":"product_tag-leren-jasje","25":"product_tag-leren-jasje-zwart","26":"product_tag-leren-jassen","27":"product_tag-online-dames-leren-jassen","28":"product_tag-online-leren-jassen","29":"product_tag-versano-leren-jassen","30":"product_tag-zomer-leren-jassen","31":"product_tag-zwart-leren-dames-jasje","32":"product_tag-zwarte-leren-dames-jas","33":"tm-no-options","35":"first","36":"instock","37":"sale","38":"taxable","39":"shipping-taxable","40":"purchasable","41":"product-type-variable","42":"has-default-attributes"},"yoast_head":"<!-- This site is optimized with the Yoast SEO plugin v27.2 - https:\/\/yoast.com\/product\/yoast-seo-wordpress\/ -->\n<title>leren dames jasje zwart Versano 340, lamsleren jasje<\/title>\n<meta name=\"description\" content=\"Met dit leren dames jasje zwart Versano 340 mag je echt gezien worden. Deze jas is gemaakt van lamsleer, en heeft een uitstekende pasvorm.\" \/>\n<meta name=\"robots\" content=\"index, follow, max-snippet:-1, max-image-preview:large, max-video-preview:-1\" \/>\n<link rel=\"canonical\" href=\"https:\/\/versano.nl\/es\/shop\/lamsleren-dames-jasje-zwart-versano-340\/\" \/>\n<meta property=\"og:locale\" content=\"es_ES\" \/>\n<meta property=\"og:type\" content=\"article\" \/>\n<meta property=\"og:title\" content=\"leren dames jasje zwart Versano 340, lamsleren jasje\" \/>\n<meta property=\"og:description\" content=\"Met dit leren dames jasje zwart Versano 340 mag je echt gezien worden. Deze jas is gemaakt van lamsleer, en heeft een uitstekende pasvorm.\" \/>\n<meta property=\"og:url\" content=\"https:\/\/versano.nl\/es\/shop\/lamsleren-dames-jasje-zwart-versano-340\/\" \/>\n<meta property=\"og:site_name\" content=\"Versano\" \/>\n<meta property=\"article:modified_time\" content=\"2025-09-19T18:38:30+00:00\" \/>\n<meta property=\"og:image\" content=\"https:\/\/versano.nl\/wp-content\/uploads\/2018\/12\/leren-jasje-dames-zwart-versano-340-model2.jpg\" \/>\n\t<meta property=\"og:image:width\" content=\"900\" \/>\n\t<meta property=\"og:image:height\" content=\"1176\" \/>\n\t<meta property=\"og:image:type\" content=\"image\/jpeg\" \/>\n<meta name=\"twitter:card\" content=\"summary_large_image\" \/>\n<meta name=\"twitter:label1\" content=\"Tiempo de lectura\" \/>\n\t<meta name=\"twitter:data1\" content=\"2 minutos\" \/>\n<script type=\"application\/ld+json\" class=\"yoast-schema-graph\">{\"@context\":\"https:\/\/schema.org\",\"@graph\":[{\"@type\":\"WebPage\",\"@id\":\"https:\/\/versano.nl\/shop\/lamsleren-dames-jasje-zwart-versano-340\/\",\"url\":\"https:\/\/versano.nl\/shop\/lamsleren-dames-jasje-zwart-versano-340\/\",\"name\":\"leren dames jasje zwart Versano 340, lamsleren jasje\",\"isPartOf\":{\"@id\":\"https:\/\/versano.nl\/#website\"},\"primaryImageOfPage\":{\"@id\":\"https:\/\/versano.nl\/shop\/lamsleren-dames-jasje-zwart-versano-340\/#primaryimage\"},\"image\":{\"@id\":\"https:\/\/versano.nl\/shop\/lamsleren-dames-jasje-zwart-versano-340\/#primaryimage\"},\"thumbnailUrl\":\"https:\/\/versano.nl\/wp-content\/uploads\/2018\/12\/leren-jasje-dames-zwart-versano-340-model2.jpg\",\"datePublished\":\"2018-04-29T17:25:01+00:00\",\"dateModified\":\"2025-09-19T18:38:30+00:00\",\"description\":\"Met dit leren dames jasje zwart Versano 340 mag je echt gezien worden. Deze jas is gemaakt van lamsleer, en heeft een uitstekende pasvorm.\",\"breadcrumb\":{\"@id\":\"https:\/\/versano.nl\/shop\/lamsleren-dames-jasje-zwart-versano-340\/#breadcrumb\"},\"inLanguage\":\"es\",\"potentialAction\":[{\"@type\":\"ReadAction\",\"target\":[\"https:\/\/versano.nl\/shop\/lamsleren-dames-jasje-zwart-versano-340\/\"]}]},{\"@type\":\"ImageObject\",\"inLanguage\":\"es\",\"@id\":\"https:\/\/versano.nl\/shop\/lamsleren-dames-jasje-zwart-versano-340\/#primaryimage\",\"url\":\"https:\/\/versano.nl\/wp-content\/uploads\/2018\/12\/leren-jasje-dames-zwart-versano-340-model2.jpg\",\"contentUrl\":\"https:\/\/versano.nl\/wp-content\/uploads\/2018\/12\/leren-jasje-dames-zwart-versano-340-model2.jpg\",\"width\":900,\"height\":1176,\"caption\":\"dames imitatie leren jas 340 zwart Versano\"},{\"@type\":\"BreadcrumbList\",\"@id\":\"https:\/\/versano.nl\/shop\/lamsleren-dames-jasje-zwart-versano-340\/#breadcrumb\",\"itemListElement\":[{\"@type\":\"ListItem\",\"position\":1,\"name\":\"Home\",\"item\":\"https:\/\/versano.nl\/\"},{\"@type\":\"ListItem\",\"position\":2,\"name\":\"Shop\",\"item\":\"https:\/\/versano.nl\/shop\/\"},{\"@type\":\"ListItem\",\"position\":3,\"name\":\"leren dames jasje zwart Versano 340\"}]},{\"@type\":\"WebSite\",\"@id\":\"https:\/\/versano.nl\/#website\",\"url\":\"https:\/\/versano.nl\/\",\"name\":\"Versano\",\"description\":\"winterjassen met bontkraag | leren dames jassen | leren heren jassen\",\"potentialAction\":[{\"@type\":\"SearchAction\",\"target\":{\"@type\":\"EntryPoint\",\"urlTemplate\":\"https:\/\/versano.nl\/?s={search_term_string}\"},\"query-input\":{\"@type\":\"PropertyValueSpecification\",\"valueRequired\":true,\"valueName\":\"search_term_string\"}}],\"inLanguage\":\"es\"}]}<\/script>\n<!-- \/ Yoast SEO plugin. -->","yoast_head_json":{"title":"chaqueta de cuero para mujer negro Versano 340, chaqueta de piel de cordero","description":"Con esta chaqueta de cuero para mujer negra Versano 340 realmente se te ver\u00e1. Esta chaqueta est\u00e1 hecha de piel de cordero y tiene un ajuste excelente.","robots":{"index":"index","follow":"follow","max-snippet":"max-snippet:-1","max-image-preview":"max-image-preview:large","max-video-preview":"max-video-preview:-1"},"canonical":"https:\/\/versano.nl\/es\/shop\/lamsleren-dames-jasje-zwart-versano-340\/","og_locale":"es_ES","og_type":"article","og_title":"leren dames jasje zwart Versano 340, lamsleren jasje","og_description":"Met dit leren dames jasje zwart Versano 340 mag je echt gezien worden. Deze jas is gemaakt van lamsleer, en heeft een uitstekende pasvorm.","og_url":"https:\/\/versano.nl\/es\/shop\/lamsleren-dames-jasje-zwart-versano-340\/","og_site_name":"Versano","article_modified_time":"2025-09-19T18:38:30+00:00","og_image":[{"width":900,"height":1176,"url":"https:\/\/versano.nl\/wp-content\/uploads\/2018\/12\/leren-jasje-dames-zwart-versano-340-model2.jpg","type":"image\/jpeg"}],"twitter_card":"summary_large_image","twitter_misc":{"Tiempo de lectura":"2 minutos"},"schema":{"@context":"https:\/\/schema.org","@graph":[{"@type":"WebPage","@id":"https:\/\/versano.nl\/shop\/lamsleren-dames-jasje-zwart-versano-340\/","url":"https:\/\/versano.nl\/shop\/lamsleren-dames-jasje-zwart-versano-340\/","name":"chaqueta de cuero para mujer negro Versano 340, chaqueta de piel de cordero","isPartOf":{"@id":"https:\/\/versano.nl\/#website"},"primaryImageOfPage":{"@id":"https:\/\/versano.nl\/shop\/lamsleren-dames-jasje-zwart-versano-340\/#primaryimage"},"image":{"@id":"https:\/\/versano.nl\/shop\/lamsleren-dames-jasje-zwart-versano-340\/#primaryimage"},"thumbnailUrl":"https:\/\/versano.nl\/wp-content\/uploads\/2018\/12\/leren-jasje-dames-zwart-versano-340-model2.jpg","datePublished":"2018-04-29T17:25:01+00:00","dateModified":"2025-09-19T18:38:30+00:00","description":"Con esta chaqueta de cuero para mujer negra Versano 340 realmente se te ver\u00e1. Esta chaqueta est\u00e1 hecha de piel de cordero y tiene un ajuste excelente.","breadcrumb":{"@id":"https:\/\/versano.nl\/shop\/lamsleren-dames-jasje-zwart-versano-340\/#breadcrumb"},"inLanguage":"es","potentialAction":[{"@type":"ReadAction","target":["https:\/\/versano.nl\/shop\/lamsleren-dames-jasje-zwart-versano-340\/"]}]},{"@type":"ImageObject","inLanguage":"es","@id":"https:\/\/versano.nl\/shop\/lamsleren-dames-jasje-zwart-versano-340\/#primaryimage","url":"https:\/\/versano.nl\/wp-content\/uploads\/2018\/12\/leren-jasje-dames-zwart-versano-340-model2.jpg","contentUrl":"https:\/\/versano.nl\/wp-content\/uploads\/2018\/12\/leren-jasje-dames-zwart-versano-340-model2.jpg","width":900,"height":1176,"caption":"dames imitatie leren jas 340 zwart Versano"},{"@type":"BreadcrumbList","@id":"https:\/\/versano.nl\/shop\/lamsleren-dames-jasje-zwart-versano-340\/#breadcrumb","itemListElement":[{"@type":"ListItem","position":1,"name":"Home","item":"https:\/\/versano.nl\/"},{"@type":"ListItem","position":2,"name":"Shop","item":"https:\/\/versano.nl\/shop\/"},{"@type":"ListItem","position":3,"name":"leren dames jasje zwart Versano 340"}]},{"@type":"WebSite","@id":"https:\/\/versano.nl\/#website","url":"https:\/\/versano.nl\/","name":"Versano","description":"abrigos de invierno con cuello de piel | chaquetas de cuero para mujer | chaquetas de cuero para hombre","potentialAction":[{"@type":"SearchAction","target":{"@type":"EntryPoint","urlTemplate":"https:\/\/versano.nl\/?s={search_term_string}"},"query-input":{"@type":"PropertyValueSpecification","valueRequired":true,"valueName":"search_term_string"}}],"inLanguage":"es"}]}},"_links":{"self":[{"href":"https:\/\/versano.nl\/es\/wp-json\/wp\/v2\/product\/8421","targetHints":{"allow":["GET"]}}],"collection":[{"href":"https:\/\/versano.nl\/es\/wp-json\/wp\/v2\/product"}],"about":[{"href":"https:\/\/versano.nl\/es\/wp-json\/wp\/v2\/types\/product"}],"replies":[{"embeddable":true,"href":"https:\/\/versano.nl\/es\/wp-json\/wp\/v2\/comments?post=8421"}],"wp:featuredmedia":[{"embeddable":true,"href":"https:\/\/versano.nl\/es\/wp-json\/wp\/v2\/media\/20595"}],"wp:attachment":[{"href":"https:\/\/versano.nl\/es\/wp-json\/wp\/v2\/media?parent=8421"}],"wp:term":[{"taxonomy":"product_brand","embeddable":true,"href":"https:\/\/versano.nl\/es\/wp-json\/wp\/v2\/product_brand?post=8421"},{"taxonomy":"product_cat","embeddable":true,"href":"https:\/\/versano.nl\/es\/wp-json\/wp\/v2\/product_cat?post=8421"},{"taxonomy":"product_tag","embeddable":true,"href":"https:\/\/versano.nl\/es\/wp-json\/wp\/v2\/product_tag?post=8421"}],"curies":[{"name":"wp","href":"https:\/\/api.w.org\/{rel}","templated":true}]}}