{"id":8369,"date":"2015-03-07T13:56:26","date_gmt":"2015-03-07T13:56:26","guid":{"rendered":"http:\/\/leathershopdoci.nl\/shop\/dames-leren-jas-versano-318a-blauw\/"},"modified":"2024-12-13T12:07:18","modified_gmt":"2024-12-13T12:07:18","slug":"dames-leren-jas-blauw-318-versano","status":"publish","type":"product","link":"https:\/\/versano.nl\/es\/shop\/dames-leren-jas-blauw-318-versano\/","title":{"rendered":"Chaqueta de cuero para mujer azul 318 Versano"},"content":{"rendered":"<h2>Chaqueta de cuero para mujer azul 318 Versano<\/h2>\n<p>Seamos realistas, no importa d\u00f3nde uses la chaqueta de cuero para mujer Azul 318 Versano, \u00a1te quedar\u00e1 bien en todas partes! Es una chaqueta que est\u00e1 hecha de cuero de cordero hermoso, flexible y suave. Esto significa que obtienes una chaqueta que te queda maravillosamente, se ve perfecta y tiene un lavado extremadamente hermoso. Este es uno de los modelos b\u00e1sicos de Versano y, como tal, tambi\u00e9n uno de nuestros \u00e9xitos. Esta chaqueta est\u00e1 disponible en cuero de cordero duradero, pero si prefiere no usarlo, tambi\u00e9n hay diferentes modelos disponibles en cuero de imitaci\u00f3n. Esta es una chaqueta de cuero con la que definitivamente quieres que te vean, pero no quieres pagar el precio m\u00e1s alto. Versano hace que las chaquetas de piel de cordero sean muy asequibles. Adem\u00e1s, se presta atenci\u00f3n a los detalles y acabados.<\/p>\n<h2>Pide Miami en color azul<\/h2>\n<p>En Versano saben c\u00f3mo dise\u00f1ar una chaqueta de motociclista genial, que tampoco es demasiado. En otras palabras, esta chaqueta queda perfecta en la motocicleta, pero tambi\u00e9n si sales por la noche o vas de compras por la tarde. Por lo tanto, le recomendamos que simplemente eche un vistazo a qu\u00e9 color cree que se adapta mejor a su propio estilo. Esta chaqueta ha sido hecha completamente italiana por los dise\u00f1adores de Versano y, por lo tanto, se ajusta muy bien a la cintura. Si nos encarga esta chaqueta, recibir\u00e1 una chaqueta que permanecer\u00e1 hermosa para toda la vida. El color es f\u00e1cil de combinar y va con casi todos tus outfits. Su dise\u00f1o italiano garantiza que la chaqueta se ajuste bien y sea c\u00f3moda de llevar.<\/p>\n<p>marca:\u00a0<a href=\"https:\/\/versano.nl\/\" target=\"_blank\" rel=\"noopener noreferrer\">Versano<\/a><br \/>\nMaterial: 100% piel de cordero<br \/>\nForro: 100% poli\u00e9ster<br \/>\nlongitud: corto<br \/>\nAjuste: ajustado<br \/>\nCierre: cremallera<br \/>\nBolsillos: bolsillo con cremallera<br \/>\nCollar: de pie cuello<br \/>\ncapa exterior Material: de alta calidad y de piel de cordero suave<br \/>\nPlazo de entrega: 2-3 d\u00edas laborables<\/p>","protected":false},"excerpt":{"rendered":"<p><span style=\"color: #ff0000;\">Consejos de ajuste:<\/span>\u00a0El ajuste de esta chaqueta est\u00e1 bien ajustado. Nuestro modelo mide 1,68 cm de altura y lleva una talla S.<\/p>\n<p>Si no est\u00e1 seguro de sus medidas, le recomendamos que primero mida las medidas de su talla y las compare con nuestra tabla de tallas. Si no tiene experiencia en medir tama\u00f1os de circunferencia, haga clic en\u00a0<a href=\"https:\/\/www.youtube.com\/watch?v=3ZSfY87v6pM\"><em>AQU\u00cd<\/em>\u00a0<\/a>\u00a0para<span style=\"color: #ff0000;\">\u00a0<a style=\"color: #ff0000;\" href=\"https:\/\/www.youtube.com\/watch?v=3ZSfY87v6pM\"><em>VIDEO<\/em><\/a>\u00a0<\/span>\u00a0con instrucciones. \u00a1Tambi\u00e9n puede llamarnos o enviarnos una aplicaci\u00f3n directamente! Nuestros empleados est\u00e1n siempre disponibles para ayudar.<\/p>\n<p><strong>EL TIEMPO DE ENTREGA :<\/strong>\u00a02 a 3 d\u00edas laborables.<\/p>","protected":false},"featured_media":20676,"comment_status":"closed","ping_status":"closed","template":"","meta":[],"product_brand":[],"product_cat":[1472,90,874,875,877,1470,879,1469,880,1712,881,878,882],"product_tag":[391,1594,1593,1592,1595,1561,992,1557,1591,95,413,98,349,142,101,105,106,107],"class_list":{"0":"post-8369","1":"product","2":"type-product","3":"status-publish","4":"has-post-thumbnail","6":"product_cat-biker-jas-dames","7":"product_cat-dames-leren-jassen","8":"product_cat-kort-leren-jasje","9":"product_cat-kort-leren-jasje-dames","10":"product_cat-leren-bikerjacks-dames","11":"product_cat-leren-dames-jas","12":"product_cat-leren-dames-jassen","13":"product_cat-leren-jas-dames","14":"product_cat-leren-jasje-dames","15":"product_cat-leren-jassen","16":"product_cat-leren-jassen-dames","17":"product_cat-leren-jassen-dames-uitverkoop","18":"product_cat-versano","19":"product_tag-blauw","20":"product_tag-dames-bikerjas-leer","21":"product_tag-dames-bikerjassen-blauw","22":"product_tag-dames-bikerlook-jassen","23":"product_tag-dames-blauwe-bikerjas","24":"product_tag-dames-leren-jas-bikerlook","25":"product_tag-dames-leren-jas-blauw","26":"product_tag-dames-leren-jassen-sale","27":"product_tag-dames-leren-jassen-uitverkoop","28":"product_tag-korte-leren-jassen","29":"product_tag-leren-jas-blauw","30":"product_tag-leren-jasje","31":"product_tag-leren-jassen","32":"product_tag-online-dames-leren-jassen","33":"product_tag-online-leren-jassen","34":"product_tag-versano-leren-jassen","35":"product_tag-winter-leren-jassen","36":"product_tag-zomer-leren-jassen","37":"tm-no-options","39":"first","40":"instock","41":"taxable","42":"shipping-taxable","43":"purchasable","44":"product-type-variable"},"yoast_head":"<!-- This site is optimized with the Yoast SEO plugin v27.2 - https:\/\/yoast.com\/product\/yoast-seo-wordpress\/ -->\n<title>Dames leren jas blauw 318 Versano, leren dames jasje blauw<\/title>\n<meta name=\"description\" content=\"Deze Dames leren jas blauw 318 Versano heeft een bikerlook en is bijzonder comfortabel. Het duurzame lamsleer heeft een bijzonder mooie wassing.\" \/>\n<meta name=\"robots\" content=\"index, follow, max-snippet:-1, max-image-preview:large, max-video-preview:-1\" \/>\n<link rel=\"canonical\" href=\"https:\/\/versano.nl\/es\/shop\/dames-leren-jas-blauw-318-versano\/\" \/>\n<meta property=\"og:locale\" content=\"es_ES\" \/>\n<meta property=\"og:type\" content=\"article\" \/>\n<meta property=\"og:title\" content=\"Dames leren jas blauw 318 Versano, leren dames jasje blauw\" \/>\n<meta property=\"og:description\" content=\"Deze Dames leren jas blauw 318 Versano heeft een bikerlook en is bijzonder comfortabel. Het duurzame lamsleer heeft een bijzonder mooie wassing.\" \/>\n<meta property=\"og:url\" content=\"https:\/\/versano.nl\/es\/shop\/dames-leren-jas-blauw-318-versano\/\" \/>\n<meta property=\"og:site_name\" content=\"Versano\" \/>\n<meta property=\"article:modified_time\" content=\"2024-12-13T12:07:18+00:00\" \/>\n<meta property=\"og:image\" content=\"https:\/\/versano.nl\/wp-content\/uploads\/2015\/03\/donkerblauwe-leren-jasje-dames-versano-318-model2.jpg\" \/>\n\t<meta property=\"og:image:width\" content=\"900\" \/>\n\t<meta property=\"og:image:height\" content=\"1176\" \/>\n\t<meta property=\"og:image:type\" content=\"image\/jpeg\" \/>\n<meta name=\"twitter:card\" content=\"summary_large_image\" \/>\n<meta name=\"twitter:label1\" content=\"Tiempo de lectura\" \/>\n\t<meta name=\"twitter:data1\" content=\"2 minutos\" \/>\n<script type=\"application\/ld+json\" class=\"yoast-schema-graph\">{\"@context\":\"https:\/\/schema.org\",\"@graph\":[{\"@type\":\"WebPage\",\"@id\":\"https:\/\/versano.nl\/shop\/dames-leren-jas-blauw-318-versano\/\",\"url\":\"https:\/\/versano.nl\/shop\/dames-leren-jas-blauw-318-versano\/\",\"name\":\"Dames leren jas blauw 318 Versano, leren dames jasje blauw\",\"isPartOf\":{\"@id\":\"https:\/\/versano.nl\/#website\"},\"primaryImageOfPage\":{\"@id\":\"https:\/\/versano.nl\/shop\/dames-leren-jas-blauw-318-versano\/#primaryimage\"},\"image\":{\"@id\":\"https:\/\/versano.nl\/shop\/dames-leren-jas-blauw-318-versano\/#primaryimage\"},\"thumbnailUrl\":\"https:\/\/versano.nl\/wp-content\/uploads\/2015\/03\/donkerblauwe-leren-jasje-dames-versano-318-model2.jpg\",\"datePublished\":\"2015-03-07T13:56:26+00:00\",\"dateModified\":\"2024-12-13T12:07:18+00:00\",\"description\":\"Deze Dames leren jas blauw 318 Versano heeft een bikerlook en is bijzonder comfortabel. Het duurzame lamsleer heeft een bijzonder mooie wassing.\",\"breadcrumb\":{\"@id\":\"https:\/\/versano.nl\/shop\/dames-leren-jas-blauw-318-versano\/#breadcrumb\"},\"inLanguage\":\"es\",\"potentialAction\":[{\"@type\":\"ReadAction\",\"target\":[\"https:\/\/versano.nl\/shop\/dames-leren-jas-blauw-318-versano\/\"]}]},{\"@type\":\"ImageObject\",\"inLanguage\":\"es\",\"@id\":\"https:\/\/versano.nl\/shop\/dames-leren-jas-blauw-318-versano\/#primaryimage\",\"url\":\"https:\/\/versano.nl\/wp-content\/uploads\/2015\/03\/donkerblauwe-leren-jasje-dames-versano-318-model2.jpg\",\"contentUrl\":\"https:\/\/versano.nl\/wp-content\/uploads\/2015\/03\/donkerblauwe-leren-jasje-dames-versano-318-model2.jpg\",\"width\":900,\"height\":1176,\"caption\":\"donkerblauwe-leren-jasje-dames-versano-318\"},{\"@type\":\"BreadcrumbList\",\"@id\":\"https:\/\/versano.nl\/shop\/dames-leren-jas-blauw-318-versano\/#breadcrumb\",\"itemListElement\":[{\"@type\":\"ListItem\",\"position\":1,\"name\":\"Home\",\"item\":\"https:\/\/versano.nl\/\"},{\"@type\":\"ListItem\",\"position\":2,\"name\":\"Shop\",\"item\":\"https:\/\/versano.nl\/shop\/\"},{\"@type\":\"ListItem\",\"position\":3,\"name\":\"Dames leren jas blauw 318 Versano\"}]},{\"@type\":\"WebSite\",\"@id\":\"https:\/\/versano.nl\/#website\",\"url\":\"https:\/\/versano.nl\/\",\"name\":\"Versano\",\"description\":\"winterjassen met bontkraag | leren dames jassen | leren heren jassen\",\"potentialAction\":[{\"@type\":\"SearchAction\",\"target\":{\"@type\":\"EntryPoint\",\"urlTemplate\":\"https:\/\/versano.nl\/?s={search_term_string}\"},\"query-input\":{\"@type\":\"PropertyValueSpecification\",\"valueRequired\":true,\"valueName\":\"search_term_string\"}}],\"inLanguage\":\"es\"}]}<\/script>\n<!-- \/ Yoast SEO plugin. -->","yoast_head_json":{"title":"Chaqueta de cuero para mujer azul 318 Versano, chaqueta de cuero para mujer azul","description":"Esta chaqueta de cuero para mujer azul 318 Versano tiene un aspecto de motociclista y es muy c\u00f3moda. La duradera piel de cordero tiene un lavado particularmente hermoso.","robots":{"index":"index","follow":"follow","max-snippet":"max-snippet:-1","max-image-preview":"max-image-preview:large","max-video-preview":"max-video-preview:-1"},"canonical":"https:\/\/versano.nl\/es\/shop\/dames-leren-jas-blauw-318-versano\/","og_locale":"es_ES","og_type":"article","og_title":"Dames leren jas blauw 318 Versano, leren dames jasje blauw","og_description":"Deze Dames leren jas blauw 318 Versano heeft een bikerlook en is bijzonder comfortabel. Het duurzame lamsleer heeft een bijzonder mooie wassing.","og_url":"https:\/\/versano.nl\/es\/shop\/dames-leren-jas-blauw-318-versano\/","og_site_name":"Versano","article_modified_time":"2024-12-13T12:07:18+00:00","og_image":[{"width":900,"height":1176,"url":"https:\/\/versano.nl\/wp-content\/uploads\/2015\/03\/donkerblauwe-leren-jasje-dames-versano-318-model2.jpg","type":"image\/jpeg"}],"twitter_card":"summary_large_image","twitter_misc":{"Tiempo de lectura":"2 minutos"},"schema":{"@context":"https:\/\/schema.org","@graph":[{"@type":"WebPage","@id":"https:\/\/versano.nl\/shop\/dames-leren-jas-blauw-318-versano\/","url":"https:\/\/versano.nl\/shop\/dames-leren-jas-blauw-318-versano\/","name":"Chaqueta de cuero para mujer azul 318 Versano, chaqueta de cuero para mujer azul","isPartOf":{"@id":"https:\/\/versano.nl\/#website"},"primaryImageOfPage":{"@id":"https:\/\/versano.nl\/shop\/dames-leren-jas-blauw-318-versano\/#primaryimage"},"image":{"@id":"https:\/\/versano.nl\/shop\/dames-leren-jas-blauw-318-versano\/#primaryimage"},"thumbnailUrl":"https:\/\/versano.nl\/wp-content\/uploads\/2015\/03\/donkerblauwe-leren-jasje-dames-versano-318-model2.jpg","datePublished":"2015-03-07T13:56:26+00:00","dateModified":"2024-12-13T12:07:18+00:00","description":"Esta chaqueta de cuero para mujer azul 318 Versano tiene un aspecto de motociclista y es muy c\u00f3moda. La duradera piel de cordero tiene un lavado particularmente hermoso.","breadcrumb":{"@id":"https:\/\/versano.nl\/shop\/dames-leren-jas-blauw-318-versano\/#breadcrumb"},"inLanguage":"es","potentialAction":[{"@type":"ReadAction","target":["https:\/\/versano.nl\/shop\/dames-leren-jas-blauw-318-versano\/"]}]},{"@type":"ImageObject","inLanguage":"es","@id":"https:\/\/versano.nl\/shop\/dames-leren-jas-blauw-318-versano\/#primaryimage","url":"https:\/\/versano.nl\/wp-content\/uploads\/2015\/03\/donkerblauwe-leren-jasje-dames-versano-318-model2.jpg","contentUrl":"https:\/\/versano.nl\/wp-content\/uploads\/2015\/03\/donkerblauwe-leren-jasje-dames-versano-318-model2.jpg","width":900,"height":1176,"caption":"donkerblauwe-leren-jasje-dames-versano-318"},{"@type":"BreadcrumbList","@id":"https:\/\/versano.nl\/shop\/dames-leren-jas-blauw-318-versano\/#breadcrumb","itemListElement":[{"@type":"ListItem","position":1,"name":"Home","item":"https:\/\/versano.nl\/"},{"@type":"ListItem","position":2,"name":"Shop","item":"https:\/\/versano.nl\/shop\/"},{"@type":"ListItem","position":3,"name":"Dames leren jas blauw 318 Versano"}]},{"@type":"WebSite","@id":"https:\/\/versano.nl\/#website","url":"https:\/\/versano.nl\/","name":"Versano","description":"abrigos de invierno con cuello de piel | chaquetas de cuero para mujer | chaquetas de cuero para hombre","potentialAction":[{"@type":"SearchAction","target":{"@type":"EntryPoint","urlTemplate":"https:\/\/versano.nl\/?s={search_term_string}"},"query-input":{"@type":"PropertyValueSpecification","valueRequired":true,"valueName":"search_term_string"}}],"inLanguage":"es"}]}},"_links":{"self":[{"href":"https:\/\/versano.nl\/es\/wp-json\/wp\/v2\/product\/8369","targetHints":{"allow":["GET"]}}],"collection":[{"href":"https:\/\/versano.nl\/es\/wp-json\/wp\/v2\/product"}],"about":[{"href":"https:\/\/versano.nl\/es\/wp-json\/wp\/v2\/types\/product"}],"replies":[{"embeddable":true,"href":"https:\/\/versano.nl\/es\/wp-json\/wp\/v2\/comments?post=8369"}],"wp:featuredmedia":[{"embeddable":true,"href":"https:\/\/versano.nl\/es\/wp-json\/wp\/v2\/media\/20676"}],"wp:attachment":[{"href":"https:\/\/versano.nl\/es\/wp-json\/wp\/v2\/media?parent=8369"}],"wp:term":[{"taxonomy":"product_brand","embeddable":true,"href":"https:\/\/versano.nl\/es\/wp-json\/wp\/v2\/product_brand?post=8369"},{"taxonomy":"product_cat","embeddable":true,"href":"https:\/\/versano.nl\/es\/wp-json\/wp\/v2\/product_cat?post=8369"},{"taxonomy":"product_tag","embeddable":true,"href":"https:\/\/versano.nl\/es\/wp-json\/wp\/v2\/product_tag?post=8369"}],"curies":[{"name":"wp","href":"https:\/\/api.w.org\/{rel}","templated":true}]}}