{"id":7704,"date":"2018-04-14T21:43:14","date_gmt":"2018-04-14T21:43:14","guid":{"rendered":"https:\/\/leathershopdoci.nl\/?post_type=product&#038;p=16573"},"modified":"2025-06-18T11:27:07","modified_gmt":"2025-06-18T11:27:07","slug":"leren-dames-bikerjack-rood-versano-346","status":"publish","type":"product","link":"https:\/\/versano.nl\/es\/shop\/leren-dames-bikerjack-rood-versano-346\/","title":{"rendered":"Chaqueta de cuero damas 346 rojo Versano"},"content":{"rendered":"<h2>Chaqueta de cuero damas 346 rojo Versano<\/h2>\n<p>Versano es la elecci\u00f3n correcta para una chaqueta de cuero de mujer fresca. Esta chaqueta de cuero corta para damas 346 rojo Versano est\u00e1 hecha de cuero de cordero flexible. Es una chaqueta con cremallera recta. El cuero es hermoso y de alta calidad con un lavado muy agradable. Esto le da un hermoso aspecto vintage. Esta chaqueta estilo moto tiene dos bolsillos laterales y 2 bolsillos en el pecho, y por supuesto tambi\u00e9n se ha pensado en un bolsillo interior. Vendemos esta chaqueta en 5 colores diferentes. Adem\u00e1s del elegante rojo, la chaqueta tambi\u00e9n est\u00e1 disponible en una fresca versi\u00f3n co\u00f1ac, negro, azul y marr\u00f3n. Esta chaqueta ha sido hecha completamente italiana por los dise\u00f1adores de Versano, y tambi\u00e9n tiene una parte el\u00e1stica en la cintura, lo que hace que la chaqueta sea bastante flexible en la cintura. Por lo tanto, tambi\u00e9n vea las fotos detalladas para ver esto. Debido a que la chaqueta es flexible en la cintura, la chaqueta se ajusta perfectamente a tu cuerpo y realmente te queda como un guante.<\/p>\n<h2>Pida el modelo 346 en rojo<\/h2>\n<p>Si nos encarga esta hermosa chaqueta, obtendr\u00e1 una chaqueta que est\u00e1 hecha de un hermoso material. Debido a que est\u00e1 hecha de una hermosa piel de cordero fina, la chaqueta tambi\u00e9n es muy adecuada para usar en interiores. Es una chaqueta que se puede combinar muy bien con diferentes tipos de ropa. Piense en una falda, pero tambi\u00e9n en unos vaqueros geniales. Esta es una chaqueta que, no puedes negarlo, queda genial. El acabado es perfecto y todos los elementos est\u00e1n muy bien coordinados.<\/p>\n<p>marca: <a href=\"https:\/\/versano.nl\/\">Versano<\/a><br \/>\nMaterial: 100% piel de cordero<br \/>\nForro: 100% poli\u00e9ster<br \/>\nlongitud: corto<br \/>\nAjuste: ajustado<br \/>\nCierre: cremallera<br \/>\nBolsillos: bolsillo con cremallera<br \/>\nCollar: collar de pie redondo<br \/>\ncapa exterior Material: de alta calidad y de piel de cordero suave<br \/>\nPlazo de entrega: 2-3 d\u00edas laborables<\/p>","protected":false},"excerpt":{"rendered":"<p><strong>ELIGE OTRO COLOR AQU\u00cd<\/strong><\/p>\n<p><a href=\"https:\/\/versano.nl\/shop\/leren-dames-jas-biker-model-blauw-versano-346\/\"><img loading=\"lazy\" decoding=\"async\" class=\"alignnone size-full wp-image-19858\" src=\"https:\/\/versano.nl\/wp-content\/uploads\/sites\/2\/2019\/01\/bikerjack-dames-blauw-leren-jas-versano-346-thumb.jpg\" alt=\"\" width=\"57\" height=\"75\" \/><\/a><a href=\"https:\/\/versano.nl\/shop\/leren-biker-jas-dames-346-cognac-versano\/\"><img loading=\"lazy\" decoding=\"async\" class=\"alignnone size-full wp-image-19860\" src=\"https:\/\/versano.nl\/wp-content\/uploads\/sites\/2\/2019\/01\/bikerjack-dames-cognac-leren-jas-versano-346-thumb.jpg\" alt=\"\" width=\"57\" height=\"75\" \/><\/a><a href=\"https:\/\/versano.nl\/shop\/leren-dames-bikerjack-zwart-versano-346\/\"><img loading=\"lazy\" decoding=\"async\" class=\"alignnone size-full wp-image-19862\" src=\"https:\/\/versano.nl\/wp-content\/uploads\/sites\/2\/2019\/01\/bikerjack-dames-zwart-leren-jas-versano-346-voorkant-model2-thumb.jpg\" alt=\"\" width=\"57\" height=\"75\" \/><\/a><a href=\"https:\/\/versano.nl\/shop\/leren-dames-bikerjack-bruin-versano-346\/\"><img loading=\"lazy\" decoding=\"async\" class=\"alignnone size-full wp-image-19859\" src=\"https:\/\/versano.nl\/wp-content\/uploads\/sites\/2\/2019\/01\/bikerjack-dames-bruin-leren-jas-versano-346-thumb.jpg\" alt=\"\" width=\"57\" height=\"75\" \/><\/a><\/p>\n<p><span style=\"color: red;\">Consejos de ajuste:<\/span> El ajuste de esta chaqueta est\u00e1 bien ajustado. Nuestro modelo mide 1,68 cm de altura y lleva una talla S.<\/p>\n<p>Si no est\u00e1 seguro de sus medidas, le recomendamos que primero mida las medidas de su talla y las compare con nuestra tabla de tallas. Si no tiene experiencia en medir tama\u00f1os de circunferencia, haga clic en <a href=\"https:\/\/www.youtube.com\/watch?v=3ZSfY87v6pM\"><em><span style=\"text-decoration: none; text-underline: none;\">AQU\u00cd<\/span><\/em>\u00a0<\/a>\u00a0para <a href=\"https:\/\/www.youtube.com\/watch?v=3ZSfY87v6pM\"><em><span style=\"color: red; text-decoration: none; text-underline: none;\">VIDEO<\/span><\/em><\/a>\u00a0 con instrucciones. \u00a1Tambi\u00e9n puede llamarnos o enviarnos una aplicaci\u00f3n directamente! Nuestros empleados est\u00e1n siempre disponibles para ayudar.<\/p>\n<p><strong><span style=\"color: black;\">EL TIEMPO DE ENTREGA :<\/span><\/strong> 2 a 3 d\u00edas laborables.<\/p>","protected":false},"featured_media":20366,"comment_status":"closed","ping_status":"closed","template":"","meta":[],"product_brand":[],"product_cat":[90,874,875,1499,877,1470,879,1469,880,1712,881,878,882],"product_tag":[891,428,2121,429,91,434,98,1881,103,104,105],"class_list":{"0":"post-7704","1":"product","2":"type-product","3":"status-publish","4":"has-post-thumbnail","6":"product_cat-dames-leren-jassen","7":"product_cat-kort-leren-jasje","8":"product_cat-kort-leren-jasje-dames","9":"product_cat-leren-biker-jas-dames","10":"product_cat-leren-bikerjacks-dames","11":"product_cat-leren-dames-jas","12":"product_cat-leren-dames-jassen","13":"product_cat-leren-jas-dames","14":"product_cat-leren-jasje-dames","15":"product_cat-leren-jassen","16":"product_cat-leren-jassen-dames","17":"product_cat-leren-jassen-dames-uitverkoop","18":"product_cat-versano","19":"product_tag-bikerjack-rood","20":"product_tag-bikerjack-rood-dames","21":"product_tag-dames-biker-jas-rood","22":"product_tag-dames-leren-bikerjack-rood","23":"product_tag-dames-leren-jas-rood","24":"product_tag-leren-bikerjack-rood","25":"product_tag-leren-jasje","26":"product_tag-rode-biker-jas-dames","27":"product_tag-rode-leren-dames-jas","28":"product_tag-rood-leren-jasje","29":"product_tag-versano-leren-jassen","30":"product_shipping_class-verzendkosten-1","31":"tm-no-options","33":"first","34":"instock","35":"sale","36":"taxable","37":"shipping-taxable","38":"purchasable","39":"product-type-variable"},"yoast_head":"<!-- This site is optimized with the Yoast SEO plugin v27.2 - https:\/\/yoast.com\/product\/yoast-seo-wordpress\/ -->\n<title>Leren jas dames 346 rood Versano, korte leren dames jas<\/title>\n<meta name=\"description\" content=\"Ben je op zoek naar een rode leren jas van echt leer? dan is het model leren jas dames 346 rood Versano precies wat u zoekt.\" \/>\n<meta name=\"robots\" content=\"index, follow, max-snippet:-1, max-image-preview:large, max-video-preview:-1\" \/>\n<link rel=\"canonical\" href=\"https:\/\/versano.nl\/es\/shop\/leren-dames-bikerjack-rood-versano-346\/\" \/>\n<meta property=\"og:locale\" content=\"es_ES\" \/>\n<meta property=\"og:type\" content=\"article\" \/>\n<meta property=\"og:title\" content=\"Leren jas dames 346 rood Versano, korte leren dames jas\" \/>\n<meta property=\"og:description\" content=\"Ben je op zoek naar een rode leren jas van echt leer? dan is het model leren jas dames 346 rood Versano precies wat u zoekt.\" \/>\n<meta property=\"og:url\" content=\"https:\/\/versano.nl\/es\/shop\/leren-dames-bikerjack-rood-versano-346\/\" \/>\n<meta property=\"og:site_name\" content=\"Versano\" \/>\n<meta property=\"article:modified_time\" content=\"2025-06-18T11:27:07+00:00\" \/>\n<meta property=\"og:image\" content=\"https:\/\/versano.nl\/wp-content\/uploads\/2018\/04\/bikerjack-dames-rood-leren-jas-versano-346-voorkant-model2-3.jpg\" \/>\n\t<meta property=\"og:image:width\" content=\"900\" \/>\n\t<meta property=\"og:image:height\" content=\"1176\" \/>\n\t<meta property=\"og:image:type\" content=\"image\/jpeg\" \/>\n<meta name=\"twitter:card\" content=\"summary_large_image\" \/>\n<meta name=\"twitter:label1\" content=\"Tiempo de lectura\" \/>\n\t<meta name=\"twitter:data1\" content=\"2 minutos\" \/>\n<script type=\"application\/ld+json\" class=\"yoast-schema-graph\">{\"@context\":\"https:\/\/schema.org\",\"@graph\":[{\"@type\":\"WebPage\",\"@id\":\"https:\/\/versano.nl\/shop\/leren-dames-bikerjack-rood-versano-346\/\",\"url\":\"https:\/\/versano.nl\/shop\/leren-dames-bikerjack-rood-versano-346\/\",\"name\":\"Leren jas dames 346 rood Versano, korte leren dames jas\",\"isPartOf\":{\"@id\":\"https:\/\/versano.nl\/#website\"},\"primaryImageOfPage\":{\"@id\":\"https:\/\/versano.nl\/shop\/leren-dames-bikerjack-rood-versano-346\/#primaryimage\"},\"image\":{\"@id\":\"https:\/\/versano.nl\/shop\/leren-dames-bikerjack-rood-versano-346\/#primaryimage\"},\"thumbnailUrl\":\"https:\/\/versano.nl\/wp-content\/uploads\/2018\/04\/bikerjack-dames-rood-leren-jas-versano-346-voorkant-model2-3.jpg\",\"datePublished\":\"2018-04-14T21:43:14+00:00\",\"dateModified\":\"2025-06-18T11:27:07+00:00\",\"description\":\"Ben je op zoek naar een rode leren jas van echt leer? dan is het model leren jas dames 346 rood Versano precies wat u zoekt.\",\"breadcrumb\":{\"@id\":\"https:\/\/versano.nl\/shop\/leren-dames-bikerjack-rood-versano-346\/#breadcrumb\"},\"inLanguage\":\"es\",\"potentialAction\":[{\"@type\":\"ReadAction\",\"target\":[\"https:\/\/versano.nl\/shop\/leren-dames-bikerjack-rood-versano-346\/\"]}]},{\"@type\":\"ImageObject\",\"inLanguage\":\"es\",\"@id\":\"https:\/\/versano.nl\/shop\/leren-dames-bikerjack-rood-versano-346\/#primaryimage\",\"url\":\"https:\/\/versano.nl\/wp-content\/uploads\/2018\/04\/bikerjack-dames-rood-leren-jas-versano-346-voorkant-model2-3.jpg\",\"contentUrl\":\"https:\/\/versano.nl\/wp-content\/uploads\/2018\/04\/bikerjack-dames-rood-leren-jas-versano-346-voorkant-model2-3.jpg\",\"width\":900,\"height\":1176,\"caption\":\"imitatie leren dames jas rood 346 Versano\"},{\"@type\":\"BreadcrumbList\",\"@id\":\"https:\/\/versano.nl\/shop\/leren-dames-bikerjack-rood-versano-346\/#breadcrumb\",\"itemListElement\":[{\"@type\":\"ListItem\",\"position\":1,\"name\":\"Home\",\"item\":\"https:\/\/versano.nl\/\"},{\"@type\":\"ListItem\",\"position\":2,\"name\":\"Shop\",\"item\":\"https:\/\/versano.nl\/shop\/\"},{\"@type\":\"ListItem\",\"position\":3,\"name\":\"Leren jas dames 346 rood Versano\"}]},{\"@type\":\"WebSite\",\"@id\":\"https:\/\/versano.nl\/#website\",\"url\":\"https:\/\/versano.nl\/\",\"name\":\"Versano\",\"description\":\"winterjassen met bontkraag | leren dames jassen | leren heren jassen\",\"potentialAction\":[{\"@type\":\"SearchAction\",\"target\":{\"@type\":\"EntryPoint\",\"urlTemplate\":\"https:\/\/versano.nl\/?s={search_term_string}\"},\"query-input\":{\"@type\":\"PropertyValueSpecification\",\"valueRequired\":true,\"valueName\":\"search_term_string\"}}],\"inLanguage\":\"es\"}]}<\/script>\n<!-- \/ Yoast SEO plugin. -->","yoast_head_json":{"title":"Chaqueta de cuero para mujer 346 rojo Versano, chaqueta corta de cuero para mujer","description":"\u00bfEst\u00e1s buscando una chaqueta de cuero roja hecha de cuero genuino? entonces el modelo de chaqueta de cuero de las se\u00f1oras 346 rojo Versano es exactamente lo que est\u00e1 buscando.","robots":{"index":"index","follow":"follow","max-snippet":"max-snippet:-1","max-image-preview":"max-image-preview:large","max-video-preview":"max-video-preview:-1"},"canonical":"https:\/\/versano.nl\/es\/shop\/leren-dames-bikerjack-rood-versano-346\/","og_locale":"es_ES","og_type":"article","og_title":"Leren jas dames 346 rood Versano, korte leren dames jas","og_description":"Ben je op zoek naar een rode leren jas van echt leer? dan is het model leren jas dames 346 rood Versano precies wat u zoekt.","og_url":"https:\/\/versano.nl\/es\/shop\/leren-dames-bikerjack-rood-versano-346\/","og_site_name":"Versano","article_modified_time":"2025-06-18T11:27:07+00:00","og_image":[{"width":900,"height":1176,"url":"https:\/\/versano.nl\/wp-content\/uploads\/2018\/04\/bikerjack-dames-rood-leren-jas-versano-346-voorkant-model2-3.jpg","type":"image\/jpeg"}],"twitter_card":"summary_large_image","twitter_misc":{"Tiempo de lectura":"2 minutos"},"schema":{"@context":"https:\/\/schema.org","@graph":[{"@type":"WebPage","@id":"https:\/\/versano.nl\/shop\/leren-dames-bikerjack-rood-versano-346\/","url":"https:\/\/versano.nl\/shop\/leren-dames-bikerjack-rood-versano-346\/","name":"Chaqueta de cuero para mujer 346 rojo Versano, chaqueta corta de cuero para mujer","isPartOf":{"@id":"https:\/\/versano.nl\/#website"},"primaryImageOfPage":{"@id":"https:\/\/versano.nl\/shop\/leren-dames-bikerjack-rood-versano-346\/#primaryimage"},"image":{"@id":"https:\/\/versano.nl\/shop\/leren-dames-bikerjack-rood-versano-346\/#primaryimage"},"thumbnailUrl":"https:\/\/versano.nl\/wp-content\/uploads\/2018\/04\/bikerjack-dames-rood-leren-jas-versano-346-voorkant-model2-3.jpg","datePublished":"2018-04-14T21:43:14+00:00","dateModified":"2025-06-18T11:27:07+00:00","description":"\u00bfEst\u00e1s buscando una chaqueta de cuero roja hecha de cuero genuino? entonces el modelo de chaqueta de cuero de las se\u00f1oras 346 rojo Versano es exactamente lo que est\u00e1 buscando.","breadcrumb":{"@id":"https:\/\/versano.nl\/shop\/leren-dames-bikerjack-rood-versano-346\/#breadcrumb"},"inLanguage":"es","potentialAction":[{"@type":"ReadAction","target":["https:\/\/versano.nl\/shop\/leren-dames-bikerjack-rood-versano-346\/"]}]},{"@type":"ImageObject","inLanguage":"es","@id":"https:\/\/versano.nl\/shop\/leren-dames-bikerjack-rood-versano-346\/#primaryimage","url":"https:\/\/versano.nl\/wp-content\/uploads\/2018\/04\/bikerjack-dames-rood-leren-jas-versano-346-voorkant-model2-3.jpg","contentUrl":"https:\/\/versano.nl\/wp-content\/uploads\/2018\/04\/bikerjack-dames-rood-leren-jas-versano-346-voorkant-model2-3.jpg","width":900,"height":1176,"caption":"imitatie leren dames jas rood 346 Versano"},{"@type":"BreadcrumbList","@id":"https:\/\/versano.nl\/shop\/leren-dames-bikerjack-rood-versano-346\/#breadcrumb","itemListElement":[{"@type":"ListItem","position":1,"name":"Home","item":"https:\/\/versano.nl\/"},{"@type":"ListItem","position":2,"name":"Shop","item":"https:\/\/versano.nl\/shop\/"},{"@type":"ListItem","position":3,"name":"Leren jas dames 346 rood Versano"}]},{"@type":"WebSite","@id":"https:\/\/versano.nl\/#website","url":"https:\/\/versano.nl\/","name":"Versano","description":"abrigos de invierno con cuello de piel | chaquetas de cuero para mujer | chaquetas de cuero para hombre","potentialAction":[{"@type":"SearchAction","target":{"@type":"EntryPoint","urlTemplate":"https:\/\/versano.nl\/?s={search_term_string}"},"query-input":{"@type":"PropertyValueSpecification","valueRequired":true,"valueName":"search_term_string"}}],"inLanguage":"es"}]}},"_links":{"self":[{"href":"https:\/\/versano.nl\/es\/wp-json\/wp\/v2\/product\/7704","targetHints":{"allow":["GET"]}}],"collection":[{"href":"https:\/\/versano.nl\/es\/wp-json\/wp\/v2\/product"}],"about":[{"href":"https:\/\/versano.nl\/es\/wp-json\/wp\/v2\/types\/product"}],"replies":[{"embeddable":true,"href":"https:\/\/versano.nl\/es\/wp-json\/wp\/v2\/comments?post=7704"}],"wp:featuredmedia":[{"embeddable":true,"href":"https:\/\/versano.nl\/es\/wp-json\/wp\/v2\/media\/20366"}],"wp:attachment":[{"href":"https:\/\/versano.nl\/es\/wp-json\/wp\/v2\/media?parent=7704"}],"wp:term":[{"taxonomy":"product_brand","embeddable":true,"href":"https:\/\/versano.nl\/es\/wp-json\/wp\/v2\/product_brand?post=7704"},{"taxonomy":"product_cat","embeddable":true,"href":"https:\/\/versano.nl\/es\/wp-json\/wp\/v2\/product_cat?post=7704"},{"taxonomy":"product_tag","embeddable":true,"href":"https:\/\/versano.nl\/es\/wp-json\/wp\/v2\/product_tag?post=7704"}],"curies":[{"name":"wp","href":"https:\/\/api.w.org\/{rel}","templated":true}]}}