{"id":7675,"date":"2018-04-14T20:04:29","date_gmt":"2018-04-14T20:04:29","guid":{"rendered":"https:\/\/leathershopdoci.nl\/?post_type=product&#038;p=16555"},"modified":"2021-02-05T14:49:40","modified_gmt":"2021-02-05T14:49:40","slug":"dames-leren-biker-jack-zwart-dubbele-rits-versano","status":"publish","type":"product","link":"https:\/\/versano.nl\/es\/shop\/dames-leren-biker-jack-zwart-dubbele-rits-versano\/","title":{"rendered":"Chaqueta biker de se\u00f1ora con cremallera doble negra Versano"},"content":{"rendered":"<h2>Chaqueta biker de se\u00f1ora con cremallera doble negra Versano<\/h2>\n<p>Esta es una marca donde se puede encontrar una gran variedad de hermosos abrigos en todas las formas y tama\u00f1os. Tomemos por ejemplo esta chaqueta de motorista de cuero negro para damas con doble cremallera de Versano. Es una chaqueta perfectamente terminada que est\u00e1 hecha completamente de cuero de cordero. Las se\u00f1oras aprenden chaqueta biker cremallera doble negra Versano tiene un cuello asim\u00e9trico. Este cuero es de tan alta calidad que tiene un buen lavado. Esto le da a la chaqueta un bonito aspecto vintage. \u00a1Esa es otra chamarra resistente en la que te gustar\u00eda que te vean!<\/p>\n<p><strong>Ordene esta bonita chaqueta en Versano<\/strong><br \/>\nLa chaqueta de motorista de cuero negro con doble cremallera de Versano est\u00e1 equipada con cuatro bolsillos. Estamos hablando de dos bolsillos con cremallera, un bolsillo con cremallera en el cofre y un bolsillo interior. Al igual que las otras chaquetas de la gama Versano, esta es una chaqueta que se adapta a su estilo italiano. El ajuste es perfecto. Tambi\u00e9n puede pedir esta chaqueta con nosotros en una versi\u00f3n de co\u00f1ac. Puedes pedirnos esta chaqueta f\u00e1cilmente. Simplemente elija el color y el buen tama\u00f1o, y tendr\u00e1 una chaqueta que disfrutar\u00e1 durante muchos a\u00f1os.<\/p>\n<p>marca: <a href=\"https:\/\/versano.nl\/\">Versano<\/a><br \/>\nMaterial: 100% piel de cordero<br \/>\nForro: 100% poli\u00e9ster<br \/>\nlongitud: corto<br \/>\nPoner: Equipada italiana<br \/>\nCierre: cremallera<br \/>\nBolsillos: bolsillo con cremallera<br \/>\nCollar: a-sim\u00e9trica cuello<br \/>\ncapa exterior Material: de alta calidad y de piel de cordero suave<br \/>\nTiempo: 1-3 d\u00edas<\/p>","protected":false},"excerpt":{"rendered":"<p><strong>Si selecciona una medida, se muestra un dibujo con dimensiones. Si no est\u00e1 seguro de sus medidas, le recomendamos que primero mida las medidas de su tama\u00f1o y las compare con las medidas del dibujo. Si no tiene experiencia en la medici\u00f3n de medidas de tama\u00f1o, haga clic en\u00a0<a href=\"https:\/\/www.youtube.com\/watch?v=3ZSfY87v6pM\" target=\"_blank\" rel=\"noopener noreferrer\"><em>AQU\u00cd<\/em>\u00a0<\/a>\u00a0para\u00a0<a href=\"https:\/\/www.youtube.com\/watch?v=3ZSfY87v6pM\" target=\"_blank\" rel=\"noopener noreferrer\"><em>VIDEO<\/em><\/a>\u00a0 Con instrucciones.<\/strong><\/p>\n<p>La chaqueta biker est\u00e1 hecha de cuero de cordero con un cuello asim\u00e9trico. El cuero de cordero duradero tiene un lavado muy agradable y da un aspecto fresco vintage. La chaqueta tiene dos bolsillos con cremallera, un bolsillo con cremallera en el cofre y un bolsillo interior. La chaqueta tambi\u00e9n est\u00e1 disponible en negro y est\u00e1 equipada italiana.<\/p>","protected":false},"featured_media":7741,"comment_status":"closed","ping_status":"closed","template":"","meta":[],"product_brand":[],"product_cat":[90,874,875,877,879,880,1712,881,878,882],"product_tag":[883,172,156,884,411,885,886,98,105,107],"class_list":{"0":"post-7675","1":"product","2":"type-product","3":"status-publish","4":"has-post-thumbnail","6":"product_cat-dames-leren-jassen","7":"product_cat-kort-leren-jasje","8":"product_cat-kort-leren-jasje-dames","9":"product_cat-leren-bikerjacks-dames","10":"product_cat-leren-dames-jassen","11":"product_cat-leren-jasje-dames","12":"product_cat-leren-jassen","13":"product_cat-leren-jassen-dames","14":"product_cat-leren-jassen-dames-uitverkoop","15":"product_cat-versano","16":"product_tag-bikerjack-zwart","17":"product_tag-dames-biker-jack-zwart","18":"product_tag-dames-bikerjack-zwart","19":"product_tag-leren-biker-jack-zwart","20":"product_tag-leren-cognac-jas","21":"product_tag-leren-dames-motorjack-zwart","22":"product_tag-leren-dames-motorjasje-zwart","23":"product_tag-leren-jasje","24":"product_tag-versano-leren-jassen","25":"product_tag-zomer-leren-jassen","26":"tm-no-options","28":"first","29":"outofstock","30":"taxable","31":"shipping-taxable","32":"product-type-variable"},"yoast_head":"<!-- This site is optimized with the Yoast SEO plugin v27.2 - https:\/\/yoast.com\/product\/yoast-seo-wordpress\/ -->\n<title>Dames leren biker jack zwart dubbele rits Versano<\/title>\n<meta name=\"description\" content=\"Deze Dames leren biker jack zwart dubbele rits Versano is gemaakt van lamsleder en voelt erg soepel en glad aan. De jas heeft een stoere motor look\" \/>\n<meta name=\"robots\" content=\"index, follow, max-snippet:-1, max-image-preview:large, max-video-preview:-1\" \/>\n<link rel=\"canonical\" href=\"https:\/\/versano.nl\/es\/shop\/dames-leren-biker-jack-zwart-dubbele-rits-versano\/\" \/>\n<meta property=\"og:locale\" content=\"es_ES\" \/>\n<meta property=\"og:type\" content=\"article\" \/>\n<meta property=\"og:title\" content=\"Dames leren biker jack zwart dubbele rits Versano\" \/>\n<meta property=\"og:description\" content=\"Deze Dames leren biker jack zwart dubbele rits Versano is gemaakt van lamsleder en voelt erg soepel en glad aan. De jas heeft een stoere motor look\" \/>\n<meta property=\"og:url\" content=\"https:\/\/versano.nl\/es\/shop\/dames-leren-biker-jack-zwart-dubbele-rits-versano\/\" \/>\n<meta property=\"og:site_name\" content=\"Versano\" \/>\n<meta property=\"article:modified_time\" content=\"2021-02-05T14:49:40+00:00\" \/>\n<meta property=\"og:image\" content=\"https:\/\/versano.nl\/wp-content\/uploads\/2018\/04\/leren-bikerjack-dames-zwart-dubbele-rits-versano-342-model.jpg\" \/>\n\t<meta property=\"og:image:width\" content=\"900\" \/>\n\t<meta property=\"og:image:height\" content=\"1176\" \/>\n\t<meta property=\"og:image:type\" content=\"image\/jpeg\" \/>\n<meta name=\"twitter:card\" content=\"summary_large_image\" \/>\n<meta name=\"twitter:label1\" content=\"Tiempo de lectura\" \/>\n\t<meta name=\"twitter:data1\" content=\"1 minuto\" \/>\n<script type=\"application\/ld+json\" class=\"yoast-schema-graph\">{\"@context\":\"https:\/\/schema.org\",\"@graph\":[{\"@type\":\"WebPage\",\"@id\":\"https:\/\/versano.nl\/shop\/dames-leren-biker-jack-zwart-dubbele-rits-versano\/\",\"url\":\"https:\/\/versano.nl\/shop\/dames-leren-biker-jack-zwart-dubbele-rits-versano\/\",\"name\":\"Dames leren biker jack zwart dubbele rits Versano\",\"isPartOf\":{\"@id\":\"https:\/\/versano.nl\/#website\"},\"primaryImageOfPage\":{\"@id\":\"https:\/\/versano.nl\/shop\/dames-leren-biker-jack-zwart-dubbele-rits-versano\/#primaryimage\"},\"image\":{\"@id\":\"https:\/\/versano.nl\/shop\/dames-leren-biker-jack-zwart-dubbele-rits-versano\/#primaryimage\"},\"thumbnailUrl\":\"https:\/\/versano.nl\/wp-content\/uploads\/2018\/04\/leren-bikerjack-dames-zwart-dubbele-rits-versano-342-model.jpg\",\"datePublished\":\"2018-04-14T20:04:29+00:00\",\"dateModified\":\"2021-02-05T14:49:40+00:00\",\"description\":\"Deze Dames leren biker jack zwart dubbele rits Versano is gemaakt van lamsleder en voelt erg soepel en glad aan. De jas heeft een stoere motor look\",\"breadcrumb\":{\"@id\":\"https:\/\/versano.nl\/shop\/dames-leren-biker-jack-zwart-dubbele-rits-versano\/#breadcrumb\"},\"inLanguage\":\"es\",\"potentialAction\":[{\"@type\":\"ReadAction\",\"target\":[\"https:\/\/versano.nl\/shop\/dames-leren-biker-jack-zwart-dubbele-rits-versano\/\"]}]},{\"@type\":\"ImageObject\",\"inLanguage\":\"es\",\"@id\":\"https:\/\/versano.nl\/shop\/dames-leren-biker-jack-zwart-dubbele-rits-versano\/#primaryimage\",\"url\":\"https:\/\/versano.nl\/wp-content\/uploads\/2018\/04\/leren-bikerjack-dames-zwart-dubbele-rits-versano-342-model.jpg\",\"contentUrl\":\"https:\/\/versano.nl\/wp-content\/uploads\/2018\/04\/leren-bikerjack-dames-zwart-dubbele-rits-versano-342-model.jpg\",\"width\":900,\"height\":1176,\"caption\":\"leren-bikerjack-dames-zwart-dubbele-rits-versano-342-model\"},{\"@type\":\"BreadcrumbList\",\"@id\":\"https:\/\/versano.nl\/shop\/dames-leren-biker-jack-zwart-dubbele-rits-versano\/#breadcrumb\",\"itemListElement\":[{\"@type\":\"ListItem\",\"position\":1,\"name\":\"Home\",\"item\":\"https:\/\/versano.nl\/\"},{\"@type\":\"ListItem\",\"position\":2,\"name\":\"Shop\",\"item\":\"https:\/\/versano.nl\/shop\/\"},{\"@type\":\"ListItem\",\"position\":3,\"name\":\"Dames leren biker jack zwart dubbele rits Versano\"}]},{\"@type\":\"WebSite\",\"@id\":\"https:\/\/versano.nl\/#website\",\"url\":\"https:\/\/versano.nl\/\",\"name\":\"Versano\",\"description\":\"winterjassen met bontkraag | leren dames jassen | leren heren jassen\",\"potentialAction\":[{\"@type\":\"SearchAction\",\"target\":{\"@type\":\"EntryPoint\",\"urlTemplate\":\"https:\/\/versano.nl\/?s={search_term_string}\"},\"query-input\":{\"@type\":\"PropertyValueSpecification\",\"valueRequired\":true,\"valueName\":\"search_term_string\"}}],\"inLanguage\":\"es\"}]}<\/script>\n<!-- \/ Yoast SEO plugin. -->","yoast_head_json":{"title":"Chaqueta biker de se\u00f1ora con cremallera doble negra Versano","description":"Esta chaqueta de motociclista de cuero para damas, con doble cremallera negra, Versano est\u00e1 hecha de piel de cordero y se siente muy suave. La chaqueta tiene un look de moto genial.","robots":{"index":"index","follow":"follow","max-snippet":"max-snippet:-1","max-image-preview":"max-image-preview:large","max-video-preview":"max-video-preview:-1"},"canonical":"https:\/\/versano.nl\/es\/shop\/dames-leren-biker-jack-zwart-dubbele-rits-versano\/","og_locale":"es_ES","og_type":"article","og_title":"Dames leren biker jack zwart dubbele rits Versano","og_description":"Deze Dames leren biker jack zwart dubbele rits Versano is gemaakt van lamsleder en voelt erg soepel en glad aan. De jas heeft een stoere motor look","og_url":"https:\/\/versano.nl\/es\/shop\/dames-leren-biker-jack-zwart-dubbele-rits-versano\/","og_site_name":"Versano","article_modified_time":"2021-02-05T14:49:40+00:00","og_image":[{"width":900,"height":1176,"url":"https:\/\/versano.nl\/wp-content\/uploads\/2018\/04\/leren-bikerjack-dames-zwart-dubbele-rits-versano-342-model.jpg","type":"image\/jpeg"}],"twitter_card":"summary_large_image","twitter_misc":{"Tiempo de lectura":"1 minuto"},"schema":{"@context":"https:\/\/schema.org","@graph":[{"@type":"WebPage","@id":"https:\/\/versano.nl\/shop\/dames-leren-biker-jack-zwart-dubbele-rits-versano\/","url":"https:\/\/versano.nl\/shop\/dames-leren-biker-jack-zwart-dubbele-rits-versano\/","name":"Chaqueta biker de se\u00f1ora con cremallera doble negra Versano","isPartOf":{"@id":"https:\/\/versano.nl\/#website"},"primaryImageOfPage":{"@id":"https:\/\/versano.nl\/shop\/dames-leren-biker-jack-zwart-dubbele-rits-versano\/#primaryimage"},"image":{"@id":"https:\/\/versano.nl\/shop\/dames-leren-biker-jack-zwart-dubbele-rits-versano\/#primaryimage"},"thumbnailUrl":"https:\/\/versano.nl\/wp-content\/uploads\/2018\/04\/leren-bikerjack-dames-zwart-dubbele-rits-versano-342-model.jpg","datePublished":"2018-04-14T20:04:29+00:00","dateModified":"2021-02-05T14:49:40+00:00","description":"Esta chaqueta de motociclista de cuero para damas, con doble cremallera negra, Versano est\u00e1 hecha de piel de cordero y se siente muy suave. La chaqueta tiene un look de moto genial.","breadcrumb":{"@id":"https:\/\/versano.nl\/shop\/dames-leren-biker-jack-zwart-dubbele-rits-versano\/#breadcrumb"},"inLanguage":"es","potentialAction":[{"@type":"ReadAction","target":["https:\/\/versano.nl\/shop\/dames-leren-biker-jack-zwart-dubbele-rits-versano\/"]}]},{"@type":"ImageObject","inLanguage":"es","@id":"https:\/\/versano.nl\/shop\/dames-leren-biker-jack-zwart-dubbele-rits-versano\/#primaryimage","url":"https:\/\/versano.nl\/wp-content\/uploads\/2018\/04\/leren-bikerjack-dames-zwart-dubbele-rits-versano-342-model.jpg","contentUrl":"https:\/\/versano.nl\/wp-content\/uploads\/2018\/04\/leren-bikerjack-dames-zwart-dubbele-rits-versano-342-model.jpg","width":900,"height":1176,"caption":"leren-bikerjack-dames-zwart-dubbele-rits-versano-342-model"},{"@type":"BreadcrumbList","@id":"https:\/\/versano.nl\/shop\/dames-leren-biker-jack-zwart-dubbele-rits-versano\/#breadcrumb","itemListElement":[{"@type":"ListItem","position":1,"name":"Home","item":"https:\/\/versano.nl\/"},{"@type":"ListItem","position":2,"name":"Shop","item":"https:\/\/versano.nl\/shop\/"},{"@type":"ListItem","position":3,"name":"Dames leren biker jack zwart dubbele rits Versano"}]},{"@type":"WebSite","@id":"https:\/\/versano.nl\/#website","url":"https:\/\/versano.nl\/","name":"Versano","description":"abrigos de invierno con cuello de piel | chaquetas de cuero para mujer | chaquetas de cuero para hombre","potentialAction":[{"@type":"SearchAction","target":{"@type":"EntryPoint","urlTemplate":"https:\/\/versano.nl\/?s={search_term_string}"},"query-input":{"@type":"PropertyValueSpecification","valueRequired":true,"valueName":"search_term_string"}}],"inLanguage":"es"}]}},"_links":{"self":[{"href":"https:\/\/versano.nl\/es\/wp-json\/wp\/v2\/product\/7675","targetHints":{"allow":["GET"]}}],"collection":[{"href":"https:\/\/versano.nl\/es\/wp-json\/wp\/v2\/product"}],"about":[{"href":"https:\/\/versano.nl\/es\/wp-json\/wp\/v2\/types\/product"}],"replies":[{"embeddable":true,"href":"https:\/\/versano.nl\/es\/wp-json\/wp\/v2\/comments?post=7675"}],"wp:featuredmedia":[{"embeddable":true,"href":"https:\/\/versano.nl\/es\/wp-json\/wp\/v2\/media\/7741"}],"wp:attachment":[{"href":"https:\/\/versano.nl\/es\/wp-json\/wp\/v2\/media?parent=7675"}],"wp:term":[{"taxonomy":"product_brand","embeddable":true,"href":"https:\/\/versano.nl\/es\/wp-json\/wp\/v2\/product_brand?post=7675"},{"taxonomy":"product_cat","embeddable":true,"href":"https:\/\/versano.nl\/es\/wp-json\/wp\/v2\/product_cat?post=7675"},{"taxonomy":"product_tag","embeddable":true,"href":"https:\/\/versano.nl\/es\/wp-json\/wp\/v2\/product_tag?post=7675"}],"curies":[{"name":"wp","href":"https:\/\/api.w.org\/{rel}","templated":true}]}}