{"id":6667,"date":"2017-10-29T12:30:45","date_gmt":"2017-10-29T12:30:45","guid":{"rendered":"https:\/\/leathershopdoci.nl\/?post_type=product&#038;p=15730"},"modified":"2026-03-15T16:57:30","modified_gmt":"2026-03-15T16:57:30","slug":"leren-jasje-dames-biker-model-zwart-versano-miami","status":"publish","type":"product","link":"https:\/\/versano.nl\/es\/shop\/leren-jasje-dames-biker-model-zwart-versano-miami\/","title":{"rendered":"Chaqueta de cuero para mujer biker Miami negro Versano"},"content":{"rendered":"<h2>Chaqueta de cuero para mujer biker Miami negro Versano<\/h2>\n<p>Se decidi\u00f3 elegir el nombre Miami para esta chaqueta de cuero de Versano. Esto se debe al hecho de que esta es una chaqueta que definitivamente no se ver\u00eda fuera de lugar en esta ciudad estadounidense. Pero seamos honestos, no importa d\u00f3nde uses la chaqueta de cuero para mujer biker Miami black Versano, \u00a1te quedar\u00e1 bien en todas partes! Es una chaqueta que est\u00e1 hecha de cuero de cordero hermoso, flexible y suave. Esto significa que obtienes una chaqueta que te queda maravillosamente, se ve perfecta y tiene un lavado extremadamente hermoso. Este es uno de los modelos b\u00e1sicos de Versano y, como tal, tambi\u00e9n uno de nuestros \u00e9xitos. Esta chaqueta est\u00e1 disponible en cuero de cordero duradero, pero si prefiere no usarlo, tambi\u00e9n hay diferentes modelos disponibles en cuero de imitaci\u00f3n.<\/p>\n<h2>Orden Miami en negro<\/h2>\n<p>En Versano saben c\u00f3mo dise\u00f1ar una chaqueta de motociclista genial, que tampoco es demasiado. En otras palabras, esta chaqueta queda perfecta en la motocicleta, pero tambi\u00e9n si sales por la noche o vas de compras por la tarde. Esta chaqueta no solo est\u00e1 disponible en negro, sino tambi\u00e9n en los colores: verde, rojo, co\u00f1ac, azul y marr\u00f3n. Por lo tanto, le recomendamos que simplemente eche un vistazo a qu\u00e9 color cree que se adapta mejor a su propio estilo. Si nos encarga esta chaqueta, recibir\u00e1 una chaqueta que permanecer\u00e1 hermosa para toda la vida. El color es f\u00e1cil de combinar y va con casi todos tus outfits. Su dise\u00f1o italiano garantiza que la chaqueta se ajuste bien y sea c\u00f3moda de llevar.<\/p>\n<p>marca:\u00a0<a href=\"https:\/\/versano.nl\/\" target=\"_blank\" rel=\"noopener noreferrer\">Versano<\/a><br \/>\nMaterial: 100% piel de cordero<br \/>\nForro: 100% poli\u00e9ster<br \/>\nlongitud: corto<br \/>\nAjuste: ajustado<br \/>\nCierre: cremallera<br \/>\nBolsillos: bolsillo con cremallera<br \/>\nCollar: de pie cuello<br \/>\ncapa exterior Material: de alta calidad y de piel de cordero suave<br \/>\nPlazo de entrega: 2-3 d\u00edas laborables<\/p>","protected":false},"excerpt":{"rendered":"<p><strong>ELIGE OTRO COLOR AQU\u00cd<\/strong><\/p>\n<p><span style=\"color: #ff0000;\"><a href=\"https:\/\/versano.nl\/shop\/leren-dames-jas-bikerlook-groen-versano-miami\/\"><img loading=\"lazy\" decoding=\"async\" class=\"alignnone size-full wp-image-19873\" src=\"https:\/\/versano.nl\/wp-content\/uploads\/sites\/2\/2020\/04\/groene-leren-dames-jas-biker-model-versano-miami-thumb.jpg\" alt=\"\" width=\"57\" height=\"75\" \/><\/a><a href=\"https:\/\/versano.nl\/shop\/leren-biker-jas-dames-blauw-miami-versano\/\"><img loading=\"lazy\" decoding=\"async\" class=\"alignnone size-full wp-image-19875\" src=\"https:\/\/versano.nl\/wp-content\/uploads\/sites\/2\/2020\/04\/leren-jas-dames-blauw-biker-jack-miami-versano-voorkant-thumb.jpg\" alt=\"\" width=\"57\" height=\"75\" \/><\/a><a href=\"https:\/\/versano.nl\/shop\/biker-jas-dames-leer-bruin-miami-versano\/\"><img loading=\"lazy\" decoding=\"async\" class=\"alignnone size-full wp-image-19876\" src=\"https:\/\/versano.nl\/wp-content\/uploads\/sites\/2\/2020\/04\/leren-jas-dames-bruin-biker-jack-miami-versano-voorkant-thumb.jpg\" alt=\"\" width=\"57\" height=\"75\" \/><\/a><a href=\"https:\/\/versano.nl\/shop\/dames-leren-jas-cognac-miami-versano\/\"><img loading=\"lazy\" decoding=\"async\" class=\"alignnone size-full wp-image-19877\" src=\"https:\/\/versano.nl\/wp-content\/uploads\/sites\/2\/2020\/04\/leren-jas-dames-cognac-biker-jack-miami-versano-voorkant-thumb.jpg\" alt=\"\" width=\"57\" height=\"75\" \/><\/a><a href=\"https:\/\/versano.nl\/shop\/dames-leren-jasje-versano-miami-rood\/\"><img loading=\"lazy\" decoding=\"async\" class=\"alignnone size-full wp-image-19874\" src=\"https:\/\/versano.nl\/wp-content\/uploads\/sites\/2\/2020\/04\/leren-dames-biker-jack-rood-miami-versano-thumb.jpg\" alt=\"\" width=\"56\" height=\"75\" \/><\/a><\/span><\/p>\n<p><span style=\"color: #ff0000;\">Consejos de ajuste<\/span> <span style=\"color: #ff0000;\">:<\/span>\u00a0El ajuste de esta chaqueta est\u00e1 bien ajustado. Nuestro modelo mide 1,68 cm de altura y lleva una talla S.<\/p>\n<p>Si no est\u00e1 seguro de sus medidas, le recomendamos que primero mida las medidas de su talla y las compare con nuestra tabla de tallas. Si no tiene experiencia en medir tama\u00f1os de circunferencia, haga clic en\u00a0<a href=\"https:\/\/www.youtube.com\/watch?v=3ZSfY87v6pM\"><em>AQU\u00cd<\/em>\u00a0<\/a>\u00a0para\u00a0<a href=\"https:\/\/www.youtube.com\/watch?v=3ZSfY87v6pM\"><em><span style=\"color: #ff0000;\">VIDEO<\/span><\/em><\/a>\u00a0 con instrucciones. \u00a1Tambi\u00e9n puede llamarnos o enviarnos una aplicaci\u00f3n directamente! Nuestros empleados est\u00e1n siempre disponibles para ayudar.<\/p>\n<p><strong>EL TIEMPO DE ENTREGA :<\/strong>\u00a02 a 3 d\u00edas laborables.<\/p>","protected":false},"featured_media":33548,"comment_status":"open","ping_status":"closed","template":"","meta":[],"product_brand":[],"product_cat":[1472,1487,90,874,875,877,1470,879,1469,880,1712,881,882,890],"product_tag":[1577,1578,862,440,1557,1575,863,1576,1489,1573,1566,1574,421,353,864,865,866],"class_list":{"0":"post-6667","1":"product","2":"type-product","3":"status-publish","4":"has-post-thumbnail","6":"product_cat-biker-jas-dames","7":"product_cat-dames-biker-jas","8":"product_cat-dames-leren-jassen","9":"product_cat-kort-leren-jasje","10":"product_cat-kort-leren-jasje-dames","11":"product_cat-leren-bikerjacks-dames","12":"product_cat-leren-dames-jas","13":"product_cat-leren-dames-jassen","14":"product_cat-leren-jas-dames","15":"product_cat-leren-jasje-dames","16":"product_cat-leren-jassen","17":"product_cat-leren-jassen-dames","18":"product_cat-versano","19":"product_cat-zwarte-leren-jas-dames","20":"product_tag-bikerlook-dames-jas-zwart","21":"product_tag-bikerlook-dames-jassen","22":"product_tag-dames-biker-jack-cogac","23":"product_tag-dames-biker-jack-cognac","24":"product_tag-dames-leren-jassen-sale","25":"product_tag-goedlope-leren-dames-jassen","26":"product_tag-korte-leren-dames-jas-cognac","27":"product_tag-lamsleer-dames-jassen","28":"product_tag-leren-dames-biker-jas","29":"product_tag-leren-dames-jas-biker-look","30":"product_tag-leren-dames-jas-echt-leer","31":"product_tag-leren-dames-jas-lamsleer","32":"product_tag-leren-dames-jas-zwart","33":"product_tag-leren-dames-jasje-cognac","34":"product_tag-leren-dames-jassen-cognac","35":"product_tag-leren-jasje-cognac","36":"product_tag-online-leren-dames-jasjes","37":"tm-no-options","39":"first","40":"instock","41":"sale","42":"taxable","43":"shipping-taxable","44":"purchasable","45":"product-type-variable"},"yoast_head":"<!-- This site is optimized with the Yoast SEO plugin v27.2 - https:\/\/yoast.com\/product\/yoast-seo-wordpress\/ -->\n<title>Leren dames jas biker Miami zwart Versano, dames leren biker jas<\/title>\n<meta name=\"description\" content=\"De Leren dames jas biker Miami zwart van Versano heeft een mooie getailleerde pasvorm, en is verkrijgbaar in meerdere kleuren.\" \/>\n<meta name=\"robots\" content=\"index, follow, max-snippet:-1, max-image-preview:large, max-video-preview:-1\" \/>\n<link rel=\"canonical\" href=\"https:\/\/versano.nl\/es\/shop\/leren-jasje-dames-biker-model-zwart-versano-miami\/\" \/>\n<meta property=\"og:locale\" content=\"es_ES\" \/>\n<meta property=\"og:type\" content=\"article\" \/>\n<meta property=\"og:title\" content=\"Leren dames jas biker Miami zwart Versano, dames leren biker jas\" \/>\n<meta property=\"og:description\" content=\"De Leren dames jas biker Miami zwart van Versano heeft een mooie getailleerde pasvorm, en is verkrijgbaar in meerdere kleuren.\" \/>\n<meta property=\"og:url\" content=\"https:\/\/versano.nl\/es\/shop\/leren-jasje-dames-biker-model-zwart-versano-miami\/\" \/>\n<meta property=\"og:site_name\" content=\"Versano\" \/>\n<meta property=\"article:modified_time\" content=\"2026-03-15T16:57:30+00:00\" \/>\n<meta property=\"og:image\" content=\"https:\/\/versano.nl\/wp-content\/uploads\/2017\/10\/miami-zwart.jpg\" \/>\n\t<meta property=\"og:image:width\" content=\"600\" \/>\n\t<meta property=\"og:image:height\" content=\"800\" \/>\n\t<meta property=\"og:image:type\" content=\"image\/jpeg\" \/>\n<meta name=\"twitter:card\" content=\"summary_large_image\" \/>\n<meta name=\"twitter:label1\" content=\"Tiempo de lectura\" \/>\n\t<meta name=\"twitter:data1\" content=\"2 minutos\" \/>\n<script type=\"application\/ld+json\" class=\"yoast-schema-graph\">{\"@context\":\"https:\/\/schema.org\",\"@graph\":[{\"@type\":\"WebPage\",\"@id\":\"https:\/\/versano.nl\/shop\/leren-jasje-dames-biker-model-zwart-versano-miami\/\",\"url\":\"https:\/\/versano.nl\/shop\/leren-jasje-dames-biker-model-zwart-versano-miami\/\",\"name\":\"Leren dames jas biker Miami zwart Versano, dames leren biker jas\",\"isPartOf\":{\"@id\":\"https:\/\/versano.nl\/#website\"},\"primaryImageOfPage\":{\"@id\":\"https:\/\/versano.nl\/shop\/leren-jasje-dames-biker-model-zwart-versano-miami\/#primaryimage\"},\"image\":{\"@id\":\"https:\/\/versano.nl\/shop\/leren-jasje-dames-biker-model-zwart-versano-miami\/#primaryimage\"},\"thumbnailUrl\":\"https:\/\/versano.nl\/wp-content\/uploads\/2017\/10\/miami-zwart.jpg\",\"datePublished\":\"2017-10-29T12:30:45+00:00\",\"dateModified\":\"2026-03-15T16:57:30+00:00\",\"description\":\"De Leren dames jas biker Miami zwart van Versano heeft een mooie getailleerde pasvorm, en is verkrijgbaar in meerdere kleuren.\",\"breadcrumb\":{\"@id\":\"https:\/\/versano.nl\/shop\/leren-jasje-dames-biker-model-zwart-versano-miami\/#breadcrumb\"},\"inLanguage\":\"es\",\"potentialAction\":[{\"@type\":\"ReadAction\",\"target\":[\"https:\/\/versano.nl\/shop\/leren-jasje-dames-biker-model-zwart-versano-miami\/\"]}]},{\"@type\":\"ImageObject\",\"inLanguage\":\"es\",\"@id\":\"https:\/\/versano.nl\/shop\/leren-jasje-dames-biker-model-zwart-versano-miami\/#primaryimage\",\"url\":\"https:\/\/versano.nl\/wp-content\/uploads\/2017\/10\/miami-zwart.jpg\",\"contentUrl\":\"https:\/\/versano.nl\/wp-content\/uploads\/2017\/10\/miami-zwart.jpg\",\"width\":600,\"height\":800,\"caption\":\"Leren dames jas biker\"},{\"@type\":\"BreadcrumbList\",\"@id\":\"https:\/\/versano.nl\/shop\/leren-jasje-dames-biker-model-zwart-versano-miami\/#breadcrumb\",\"itemListElement\":[{\"@type\":\"ListItem\",\"position\":1,\"name\":\"Home\",\"item\":\"https:\/\/versano.nl\/\"},{\"@type\":\"ListItem\",\"position\":2,\"name\":\"Shop\",\"item\":\"https:\/\/versano.nl\/shop\/\"},{\"@type\":\"ListItem\",\"position\":3,\"name\":\"Leren dames jas biker Miami zwart Versano\"}]},{\"@type\":\"WebSite\",\"@id\":\"https:\/\/versano.nl\/#website\",\"url\":\"https:\/\/versano.nl\/\",\"name\":\"Versano\",\"description\":\"winterjassen met bontkraag | leren dames jassen | leren heren jassen\",\"potentialAction\":[{\"@type\":\"SearchAction\",\"target\":{\"@type\":\"EntryPoint\",\"urlTemplate\":\"https:\/\/versano.nl\/?s={search_term_string}\"},\"query-input\":{\"@type\":\"PropertyValueSpecification\",\"valueRequired\":true,\"valueName\":\"search_term_string\"}}],\"inLanguage\":\"es\"}]}<\/script>\n<!-- \/ Yoast SEO plugin. -->","yoast_head_json":{"title":"Chaqueta biker de cuero para mujer Miami black Versano, chaqueta biker de cuero para mujer","description":"La chaqueta de cuero para mujer biker Miami negra de Versano tiene un bonito ajuste a medida y est\u00e1 disponible en varios colores.","robots":{"index":"index","follow":"follow","max-snippet":"max-snippet:-1","max-image-preview":"max-image-preview:large","max-video-preview":"max-video-preview:-1"},"canonical":"https:\/\/versano.nl\/es\/shop\/leren-jasje-dames-biker-model-zwart-versano-miami\/","og_locale":"es_ES","og_type":"article","og_title":"Leren dames jas biker Miami zwart Versano, dames leren biker jas","og_description":"De Leren dames jas biker Miami zwart van Versano heeft een mooie getailleerde pasvorm, en is verkrijgbaar in meerdere kleuren.","og_url":"https:\/\/versano.nl\/es\/shop\/leren-jasje-dames-biker-model-zwart-versano-miami\/","og_site_name":"Versano","article_modified_time":"2026-03-15T16:57:30+00:00","og_image":[{"width":600,"height":800,"url":"https:\/\/versano.nl\/wp-content\/uploads\/2017\/10\/miami-zwart.jpg","type":"image\/jpeg"}],"twitter_card":"summary_large_image","twitter_misc":{"Tiempo de lectura":"2 minutos"},"schema":{"@context":"https:\/\/schema.org","@graph":[{"@type":"WebPage","@id":"https:\/\/versano.nl\/shop\/leren-jasje-dames-biker-model-zwart-versano-miami\/","url":"https:\/\/versano.nl\/shop\/leren-jasje-dames-biker-model-zwart-versano-miami\/","name":"Chaqueta biker de cuero para mujer Miami black Versano, chaqueta biker de cuero para mujer","isPartOf":{"@id":"https:\/\/versano.nl\/#website"},"primaryImageOfPage":{"@id":"https:\/\/versano.nl\/shop\/leren-jasje-dames-biker-model-zwart-versano-miami\/#primaryimage"},"image":{"@id":"https:\/\/versano.nl\/shop\/leren-jasje-dames-biker-model-zwart-versano-miami\/#primaryimage"},"thumbnailUrl":"https:\/\/versano.nl\/wp-content\/uploads\/2017\/10\/miami-zwart.jpg","datePublished":"2017-10-29T12:30:45+00:00","dateModified":"2026-03-15T16:57:30+00:00","description":"La chaqueta de cuero para mujer biker Miami negra de Versano tiene un bonito ajuste a medida y est\u00e1 disponible en varios colores.","breadcrumb":{"@id":"https:\/\/versano.nl\/shop\/leren-jasje-dames-biker-model-zwart-versano-miami\/#breadcrumb"},"inLanguage":"es","potentialAction":[{"@type":"ReadAction","target":["https:\/\/versano.nl\/shop\/leren-jasje-dames-biker-model-zwart-versano-miami\/"]}]},{"@type":"ImageObject","inLanguage":"es","@id":"https:\/\/versano.nl\/shop\/leren-jasje-dames-biker-model-zwart-versano-miami\/#primaryimage","url":"https:\/\/versano.nl\/wp-content\/uploads\/2017\/10\/miami-zwart.jpg","contentUrl":"https:\/\/versano.nl\/wp-content\/uploads\/2017\/10\/miami-zwart.jpg","width":600,"height":800,"caption":"Leren dames jas biker"},{"@type":"BreadcrumbList","@id":"https:\/\/versano.nl\/shop\/leren-jasje-dames-biker-model-zwart-versano-miami\/#breadcrumb","itemListElement":[{"@type":"ListItem","position":1,"name":"Home","item":"https:\/\/versano.nl\/"},{"@type":"ListItem","position":2,"name":"Shop","item":"https:\/\/versano.nl\/shop\/"},{"@type":"ListItem","position":3,"name":"Leren dames jas biker Miami zwart Versano"}]},{"@type":"WebSite","@id":"https:\/\/versano.nl\/#website","url":"https:\/\/versano.nl\/","name":"Versano","description":"abrigos de invierno con cuello de piel | chaquetas de cuero para mujer | chaquetas de cuero para hombre","potentialAction":[{"@type":"SearchAction","target":{"@type":"EntryPoint","urlTemplate":"https:\/\/versano.nl\/?s={search_term_string}"},"query-input":{"@type":"PropertyValueSpecification","valueRequired":true,"valueName":"search_term_string"}}],"inLanguage":"es"}]}},"_links":{"self":[{"href":"https:\/\/versano.nl\/es\/wp-json\/wp\/v2\/product\/6667","targetHints":{"allow":["GET"]}}],"collection":[{"href":"https:\/\/versano.nl\/es\/wp-json\/wp\/v2\/product"}],"about":[{"href":"https:\/\/versano.nl\/es\/wp-json\/wp\/v2\/types\/product"}],"replies":[{"embeddable":true,"href":"https:\/\/versano.nl\/es\/wp-json\/wp\/v2\/comments?post=6667"}],"wp:featuredmedia":[{"embeddable":true,"href":"https:\/\/versano.nl\/es\/wp-json\/wp\/v2\/media\/33548"}],"wp:attachment":[{"href":"https:\/\/versano.nl\/es\/wp-json\/wp\/v2\/media?parent=6667"}],"wp:term":[{"taxonomy":"product_brand","embeddable":true,"href":"https:\/\/versano.nl\/es\/wp-json\/wp\/v2\/product_brand?post=6667"},{"taxonomy":"product_cat","embeddable":true,"href":"https:\/\/versano.nl\/es\/wp-json\/wp\/v2\/product_cat?post=6667"},{"taxonomy":"product_tag","embeddable":true,"href":"https:\/\/versano.nl\/es\/wp-json\/wp\/v2\/product_tag?post=6667"}],"curies":[{"name":"wp","href":"https:\/\/api.w.org\/{rel}","templated":true}]}}