{"id":641,"date":"2016-12-17T18:43:56","date_gmt":"2016-12-17T18:43:56","guid":{"rendered":"http:\/\/leathershopdoci.nl\/?post_type=product&#038;p=12632"},"modified":"2024-12-13T11:39:07","modified_gmt":"2024-12-13T11:39:07","slug":"heren-winterjas-bontkraag-met-badges-cobra-versano-zwart","status":"publish","type":"product","link":"https:\/\/versano.nl\/es\/shop\/heren-winterjas-bontkraag-met-badges-cobra-versano-zwart\/","title":{"rendered":"Chaqueta de invierno para hombre con cuello de piel Cobra negro Versano"},"content":{"rendered":"<h2>Chaqueta de invierno para hombre con cuello de piel Cobra negro Versano<\/h2>\n<p><span style=\"font-size: 11.0pt; font-family: 'Arial',sans-serif;\">Esta fresca chaqueta de invierno para hombre con cuello de piel Cobra negro Versano tiene un hermoso acabado con insignias en los senos, los brazos y los bolsillos laterales. Tanto el borde inferior como las mangas de la chaqueta tienen una banda el\u00e1stica de punto, para que la chaqueta se cierre bien. El cuello de piel de mapache es opcional (se debe pedir por separado). Por supuesto, el cuello de piel tambi\u00e9n se puede pedir en piel artificial en varios colores. Con esta chaqueta de piloto para hombre de Versano obtienes una chaqueta de la que seguro disfrutar\u00e1s durante mucho tiempo. Se trata de una chaqueta con la que puedes estar seguro de que la disfrutar\u00e1s cuando la saques a las inclemencias del tiempo. Te mantiene abrigado y est\u00e1 tan bellamente dise\u00f1ado que sin duda atraer\u00e1s la atenci\u00f3n con \u00e9l. La chaqueta tiene un corte ajustado y tambi\u00e9n est\u00e1 disponible en blanco y negro y negro.<\/span><\/p>\n<h2><span style=\"font-size: 11.0pt; font-family: 'Arial',sans-serif;\">Pide el modelo Cobra en negro<\/span><\/h2>\n<p><span style=\"font-size: 11.0pt; font-family: 'Arial',sans-serif;\">Con la chaqueta de invierno para hombre con cuello de piel Cobra negra de Versano, puedes estar seguro de que tendr\u00e1s una patente durante todo el invierno. Puede pedir f\u00e1cilmente este modelo en la tienda web de Versano. Hemos reunido todas nuestras chaquetas aqu\u00ed para que pueda realizar un pedido f\u00e1cilmente. En Versano siempre puede estar seguro de que est\u00e1 comprando un hermoso abrigo que ha sido trabajado con mimo. Con nosotros, puede elegir f\u00e1cilmente el tama\u00f1o correcto seg\u00fan nuestros videos de instrucciones inteligentes. \u00bfTiene alguna pregunta o no est\u00e1 seguro de qu\u00e9 talla pedir? Entonces siempre puede contactarnos por correo o WhatsApp. \u00a1Nuestros empleados desean ayudarlo!<\/span><\/p>\n<p><span style=\"font-size: 11.0pt; font-family: 'Arial',sans-serif;\">\u00a0<\/span><\/p>\n<p><span style=\"font-size: 11.0pt; font-family: 'Arial',sans-serif;\">marca: <a title=\"versano\" href=\"https:\/\/versano.nl\/\" target=\"_blank\" rel=\"noopener noreferrer\">Versano<\/a><br \/>\nlongitud: corto<br \/>\nAjuste: ajustado<br \/>\nForro: 100% poli\u00e9ster<br \/>\nespesor del forro: 200 gramos alineados gruesa<br \/>\nlongitud de la manga: manga larga<br \/>\nHood, alineado, s\u00f3lida<br \/>\nLos extras: costuras reforzadas<br \/>\nCierre: de cremallera con solapa de protecci\u00f3n y la correa<br \/>\nbolsillos: bolsillos laterales, interiores<br \/>\nFunci\u00f3n: impermeable, resistente al viento<br \/>\ncapa externa de material: 100% poli\u00e9ster<br \/>\naccesorios: cuello de piel (opcional)<\/span><\/p>\n<p><span style=\"font-size: 11.0pt; font-family: 'Arial',sans-serif;\">Plazo de entrega: 2-3 d\u00edas laborables<\/span><\/p>\n<p><strong>OPCIONAL: piel real CUELLO DEL MAPACHE MAPACHE ART DE PIEL<\/strong><\/p>","protected":false},"excerpt":{"rendered":"<p>ELIGE OTRO COLOR AQU\u00cd<\/p>\n<p><a href=\"https:\/\/versano.nl\/shop\/heren-winterjas-bontkraag-piloten-model-versano-effen-groen\/\"><img loading=\"lazy\" decoding=\"async\" class=\"alignnone size-full wp-image-19708\" src=\"https:\/\/versano.nl\/wp-content\/uploads\/sites\/2\/2019\/11\/heren-winterjas-met-bontkraag-groen-piloten-model-versano-thumb.jpg\" alt=\"\" width=\"57\" height=\"75\" \/><\/a><a href=\"https:\/\/versano.nl\/shop\/heren-piloten-winterjas-bontkraag-met-badges-wit-zwart-cobra-versano\/\"><img loading=\"lazy\" decoding=\"async\" class=\"alignnone size-full wp-image-19710\" src=\"https:\/\/versano.nl\/wp-content\/uploads\/sites\/2\/2019\/11\/heren-winter-pitotenjack-wit-zwart-cobra-versano-thumb.jpg\" alt=\"\" width=\"57\" height=\"75\" \/><\/a><\/p>\n<p style=\"background: white; margin: 0cm 0cm 15.0pt 0cm;\"><strong><span style=\"font-size: 9.5pt; font-family: 'Arial',sans-serif; color: red;\">Consejos de ajuste:\u00a0<\/span><\/strong><span style=\"font-size: 9.5pt; font-family: 'Arial',sans-serif; color: #555555;\">El ajuste de esta chaqueta es ajustado. Nuestro modelo mide 1,80 cm y lleva una talla M.<\/span><\/p>\n<p style=\"background: white; text-align: start; margin: 0cm 0cm 15.0pt 0cm;\"><span style=\"font-size: 9.5pt; font-family: 'Arial',sans-serif; color: #555555;\">Si no est\u00e1 seguro de sus medidas, le recomendamos que primero mida las medidas de su talla y las compare con nuestra tabla de tallas. Si no tiene experiencia en medir tama\u00f1os de circunferencia, haga clic en\u00a0<a style=\"line-height: inherit;\" href=\"https:\/\/www.youtube.com\/watch?v=3ZSfY87v6pM\"><em style=\"line-height: inherit;\"><span style=\"font-family: 'Arial',sans-serif; color: #333333; text-decoration: none;\">AQU\u00cd<\/span><\/em><span style=\"color: #333333;\">\u00a0<\/span><\/a>\u00a0para\u00a0<\/span><span style=\"font-size: 9.5pt; font-family: 'Arial',sans-serif; color: red;\"><a style=\"line-height: inherit;\" href=\"https:\/\/www.youtube.com\/watch?v=3ZSfY87v6pM\"><em style=\"line-height: inherit;\"><span style=\"font-family: 'Arial',sans-serif; color: red; text-decoration: none;\">VIDEO<\/span><\/em><\/a><\/span><span style=\"font-size: 9.5pt; font-family: 'Arial',sans-serif; color: #555555;\">\u00a0 con instrucciones. \u00a1Tambi\u00e9n puede llamarnos o enviarnos una aplicaci\u00f3n directamente! Nuestros empleados est\u00e1n siempre disponibles para ayudar.<\/span><\/p>\n<p style=\"background: white; text-align: start; margin: 0cm 0cm 15.0pt 0cm;\"><strong style=\"line-height: inherit;\"><span style=\"font-size: 9.5pt; font-family: 'Arial',sans-serif; color: #555555;\">EL TIEMPO DE ENTREGA :<\/span><\/strong><span style=\"font-size: 9.5pt; font-family: 'Arial',sans-serif; color: #555555;\">\u00a02 a 3 d\u00edas laborables.<\/span><\/p>\n<p style=\"background: white; text-align: start; margin: 0cm 0cm 15.0pt 0cm;\"><span style=\"font-size: 9.5pt; font-family: 'Arial',sans-serif; color: red;\">INFORMACION IMPORTANTE:<\/span><span style=\"font-size: 9.5pt; font-family: 'Arial',sans-serif; color: #555555;\">\u00a0Puedes comprar cualquier chaqueta Versano con o sin cuello de piel, el cuello de piel no est\u00e1 incluido.<\/span><\/p>\n<p>&nbsp;<\/p>\n<p>&nbsp;<\/p>","protected":false},"featured_media":9445,"comment_status":"closed","ping_status":"closed","template":"","meta":[],"product_brand":[],"product_cat":[1403,146,231,1146,1596,1601,2060,1037,1080,882,1143,1147,1041,1081,1010,1404,1082,1547],"product_tag":[232,313,314,233,234,235,236,237,238,317,239,240],"class_list":{"0":"post-641","1":"product","2":"type-product","3":"status-publish","4":"has-post-thumbnail","6":"product_cat-bontkraag-jas","7":"product_cat-heren","8":"product_cat-heren-jassen-met-bontkraag","9":"product_cat-heren-winterjas","10":"product_cat-heren-winterjas-met-bontkraag","11":"product_cat-heren-winterjas-met-pels","12":"product_cat-heren-winterjassen","13":"product_cat-jas-met-bontkraag","14":"product_cat-jas-met-bontkraag-heren","15":"product_cat-versano","16":"product_cat-winterjas","17":"product_cat-winterjas-heren","18":"product_cat-winterjas-met-bontkraag","19":"product_cat-winterjas-met-bontkraag-heren","20":"product_cat-winterjas-met-bontkraag-jongens","21":"product_cat-winterjassen","22":"product_cat-winterjassen-met-bontkraag-heren","23":"product_cat-winterjassen-heren","24":"product_tag-air-force-heren-piloten-jas","25":"product_tag-bontjassen","26":"product_tag-bontjassen-voor-heren","27":"product_tag-heren-jas-met-badges","28":"product_tag-heren-piloten-jas-zwart","29":"product_tag-heren-pilotenjas","30":"product_tag-heren-pilotenjas-met-bontkraag","31":"product_tag-heren-winterjas-met-badges-en-bontkraag","32":"product_tag-jas-met-badges","33":"product_tag-versano-bontjassen","34":"product_tag-versano-piloten-jas-zwart","35":"product_tag-winterjas-met-badges","36":"tm-has-options","38":"first","39":"instock","40":"taxable","41":"shipping-taxable","42":"purchasable","43":"product-type-variable"},"yoast_head":"<!-- This site is optimized with the Yoast SEO plugin v27.2 - https:\/\/yoast.com\/product\/yoast-seo-wordpress\/ -->\n<title>Heren winterjas met bontkraag Cobra zwart Versano<\/title>\n<meta name=\"description\" content=\"Bent u op zoek naar een Heren winterjas met bontkraag Cobra zwart Versano? Dan bent u bij Versano aan het juiste adres voor winterjassen.\" \/>\n<meta name=\"robots\" content=\"index, follow, max-snippet:-1, max-image-preview:large, max-video-preview:-1\" \/>\n<link rel=\"canonical\" href=\"https:\/\/versano.nl\/es\/shop\/heren-winterjas-bontkraag-met-badges-cobra-versano-zwart\/\" \/>\n<meta property=\"og:locale\" content=\"es_ES\" \/>\n<meta property=\"og:type\" content=\"article\" \/>\n<meta property=\"og:title\" content=\"Heren winterjas met bontkraag Cobra zwart Versano\" \/>\n<meta property=\"og:description\" content=\"Bent u op zoek naar een Heren winterjas met bontkraag Cobra zwart Versano? Dan bent u bij Versano aan het juiste adres voor winterjassen.\" \/>\n<meta property=\"og:url\" content=\"https:\/\/versano.nl\/es\/shop\/heren-winterjas-bontkraag-met-badges-cobra-versano-zwart\/\" \/>\n<meta property=\"og:site_name\" content=\"Versano\" \/>\n<meta property=\"article:modified_time\" content=\"2024-12-13T11:39:07+00:00\" \/>\n<meta property=\"og:image\" content=\"https:\/\/versano.nl\/wp-content\/uploads\/2018\/08\/heren-winterjas-met-bontkraag-zwart-piloten-model-versano-model1.jpg\" \/>\n\t<meta property=\"og:image:width\" content=\"900\" \/>\n\t<meta property=\"og:image:height\" content=\"1176\" \/>\n\t<meta property=\"og:image:type\" content=\"image\/jpeg\" \/>\n<meta name=\"twitter:card\" content=\"summary_large_image\" \/>\n<meta name=\"twitter:label1\" content=\"Tiempo de lectura\" \/>\n\t<meta name=\"twitter:data1\" content=\"2 minutos\" \/>\n<script type=\"application\/ld+json\" class=\"yoast-schema-graph\">{\"@context\":\"https:\/\/schema.org\",\"@graph\":[{\"@type\":\"WebPage\",\"@id\":\"https:\/\/versano.nl\/shop\/heren-winterjas-bontkraag-met-badges-cobra-versano-zwart\/\",\"url\":\"https:\/\/versano.nl\/shop\/heren-winterjas-bontkraag-met-badges-cobra-versano-zwart\/\",\"name\":\"Heren winterjas met bontkraag Cobra zwart Versano\",\"isPartOf\":{\"@id\":\"https:\/\/versano.nl\/#website\"},\"primaryImageOfPage\":{\"@id\":\"https:\/\/versano.nl\/shop\/heren-winterjas-bontkraag-met-badges-cobra-versano-zwart\/#primaryimage\"},\"image\":{\"@id\":\"https:\/\/versano.nl\/shop\/heren-winterjas-bontkraag-met-badges-cobra-versano-zwart\/#primaryimage\"},\"thumbnailUrl\":\"https:\/\/versano.nl\/wp-content\/uploads\/2018\/08\/heren-winterjas-met-bontkraag-zwart-piloten-model-versano-model1.jpg\",\"datePublished\":\"2016-12-17T18:43:56+00:00\",\"dateModified\":\"2024-12-13T11:39:07+00:00\",\"description\":\"Bent u op zoek naar een Heren winterjas met bontkraag Cobra zwart Versano? Dan bent u bij Versano aan het juiste adres voor winterjassen.\",\"breadcrumb\":{\"@id\":\"https:\/\/versano.nl\/shop\/heren-winterjas-bontkraag-met-badges-cobra-versano-zwart\/#breadcrumb\"},\"inLanguage\":\"es\",\"potentialAction\":[{\"@type\":\"ReadAction\",\"target\":[\"https:\/\/versano.nl\/shop\/heren-winterjas-bontkraag-met-badges-cobra-versano-zwart\/\"]}]},{\"@type\":\"ImageObject\",\"inLanguage\":\"es\",\"@id\":\"https:\/\/versano.nl\/shop\/heren-winterjas-bontkraag-met-badges-cobra-versano-zwart\/#primaryimage\",\"url\":\"https:\/\/versano.nl\/wp-content\/uploads\/2018\/08\/heren-winterjas-met-bontkraag-zwart-piloten-model-versano-model1.jpg\",\"contentUrl\":\"https:\/\/versano.nl\/wp-content\/uploads\/2018\/08\/heren-winterjas-met-bontkraag-zwart-piloten-model-versano-model1.jpg\",\"width\":900,\"height\":1176,\"caption\":\"Heren winterjas met bontkraag Cobra zwart Versano\"},{\"@type\":\"BreadcrumbList\",\"@id\":\"https:\/\/versano.nl\/shop\/heren-winterjas-bontkraag-met-badges-cobra-versano-zwart\/#breadcrumb\",\"itemListElement\":[{\"@type\":\"ListItem\",\"position\":1,\"name\":\"Home\",\"item\":\"https:\/\/versano.nl\/\"},{\"@type\":\"ListItem\",\"position\":2,\"name\":\"Shop\",\"item\":\"https:\/\/versano.nl\/shop\/\"},{\"@type\":\"ListItem\",\"position\":3,\"name\":\"Heren winterjas met bontkraag Cobra zwart Versano\"}]},{\"@type\":\"WebSite\",\"@id\":\"https:\/\/versano.nl\/#website\",\"url\":\"https:\/\/versano.nl\/\",\"name\":\"Versano\",\"description\":\"winterjassen met bontkraag | leren dames jassen | leren heren jassen\",\"potentialAction\":[{\"@type\":\"SearchAction\",\"target\":{\"@type\":\"EntryPoint\",\"urlTemplate\":\"https:\/\/versano.nl\/?s={search_term_string}\"},\"query-input\":{\"@type\":\"PropertyValueSpecification\",\"valueRequired\":true,\"valueName\":\"search_term_string\"}}],\"inLanguage\":\"es\"}]}<\/script>\n<!-- \/ Yoast SEO plugin. -->","yoast_head_json":{"title":"Chaqueta de invierno para hombre con cuello de piel Cobra negro Versano","description":"\u00bfBuscas una chaqueta de invierno para hombre con cuello de piel Cobra negro Versano? Entonces Versano es el lugar adecuado para las chaquetas de invierno.","robots":{"index":"index","follow":"follow","max-snippet":"max-snippet:-1","max-image-preview":"max-image-preview:large","max-video-preview":"max-video-preview:-1"},"canonical":"https:\/\/versano.nl\/es\/shop\/heren-winterjas-bontkraag-met-badges-cobra-versano-zwart\/","og_locale":"es_ES","og_type":"article","og_title":"Heren winterjas met bontkraag Cobra zwart Versano","og_description":"Bent u op zoek naar een Heren winterjas met bontkraag Cobra zwart Versano? Dan bent u bij Versano aan het juiste adres voor winterjassen.","og_url":"https:\/\/versano.nl\/es\/shop\/heren-winterjas-bontkraag-met-badges-cobra-versano-zwart\/","og_site_name":"Versano","article_modified_time":"2024-12-13T11:39:07+00:00","og_image":[{"width":900,"height":1176,"url":"https:\/\/versano.nl\/wp-content\/uploads\/2018\/08\/heren-winterjas-met-bontkraag-zwart-piloten-model-versano-model1.jpg","type":"image\/jpeg"}],"twitter_card":"summary_large_image","twitter_misc":{"Tiempo de lectura":"2 minutos"},"schema":{"@context":"https:\/\/schema.org","@graph":[{"@type":"WebPage","@id":"https:\/\/versano.nl\/shop\/heren-winterjas-bontkraag-met-badges-cobra-versano-zwart\/","url":"https:\/\/versano.nl\/shop\/heren-winterjas-bontkraag-met-badges-cobra-versano-zwart\/","name":"Chaqueta de invierno para hombre con cuello de piel Cobra negro Versano","isPartOf":{"@id":"https:\/\/versano.nl\/#website"},"primaryImageOfPage":{"@id":"https:\/\/versano.nl\/shop\/heren-winterjas-bontkraag-met-badges-cobra-versano-zwart\/#primaryimage"},"image":{"@id":"https:\/\/versano.nl\/shop\/heren-winterjas-bontkraag-met-badges-cobra-versano-zwart\/#primaryimage"},"thumbnailUrl":"https:\/\/versano.nl\/wp-content\/uploads\/2018\/08\/heren-winterjas-met-bontkraag-zwart-piloten-model-versano-model1.jpg","datePublished":"2016-12-17T18:43:56+00:00","dateModified":"2024-12-13T11:39:07+00:00","description":"\u00bfBuscas una chaqueta de invierno para hombre con cuello de piel Cobra negro Versano? Entonces Versano es el lugar adecuado para las chaquetas de invierno.","breadcrumb":{"@id":"https:\/\/versano.nl\/shop\/heren-winterjas-bontkraag-met-badges-cobra-versano-zwart\/#breadcrumb"},"inLanguage":"es","potentialAction":[{"@type":"ReadAction","target":["https:\/\/versano.nl\/shop\/heren-winterjas-bontkraag-met-badges-cobra-versano-zwart\/"]}]},{"@type":"ImageObject","inLanguage":"es","@id":"https:\/\/versano.nl\/shop\/heren-winterjas-bontkraag-met-badges-cobra-versano-zwart\/#primaryimage","url":"https:\/\/versano.nl\/wp-content\/uploads\/2018\/08\/heren-winterjas-met-bontkraag-zwart-piloten-model-versano-model1.jpg","contentUrl":"https:\/\/versano.nl\/wp-content\/uploads\/2018\/08\/heren-winterjas-met-bontkraag-zwart-piloten-model-versano-model1.jpg","width":900,"height":1176,"caption":"Heren winterjas met bontkraag Cobra zwart Versano"},{"@type":"BreadcrumbList","@id":"https:\/\/versano.nl\/shop\/heren-winterjas-bontkraag-met-badges-cobra-versano-zwart\/#breadcrumb","itemListElement":[{"@type":"ListItem","position":1,"name":"Home","item":"https:\/\/versano.nl\/"},{"@type":"ListItem","position":2,"name":"Shop","item":"https:\/\/versano.nl\/shop\/"},{"@type":"ListItem","position":3,"name":"Heren winterjas met bontkraag Cobra zwart Versano"}]},{"@type":"WebSite","@id":"https:\/\/versano.nl\/#website","url":"https:\/\/versano.nl\/","name":"Versano","description":"abrigos de invierno con cuello de piel | chaquetas de cuero para mujer | chaquetas de cuero para hombre","potentialAction":[{"@type":"SearchAction","target":{"@type":"EntryPoint","urlTemplate":"https:\/\/versano.nl\/?s={search_term_string}"},"query-input":{"@type":"PropertyValueSpecification","valueRequired":true,"valueName":"search_term_string"}}],"inLanguage":"es"}]}},"_links":{"self":[{"href":"https:\/\/versano.nl\/es\/wp-json\/wp\/v2\/product\/641","targetHints":{"allow":["GET"]}}],"collection":[{"href":"https:\/\/versano.nl\/es\/wp-json\/wp\/v2\/product"}],"about":[{"href":"https:\/\/versano.nl\/es\/wp-json\/wp\/v2\/types\/product"}],"replies":[{"embeddable":true,"href":"https:\/\/versano.nl\/es\/wp-json\/wp\/v2\/comments?post=641"}],"wp:featuredmedia":[{"embeddable":true,"href":"https:\/\/versano.nl\/es\/wp-json\/wp\/v2\/media\/9445"}],"wp:attachment":[{"href":"https:\/\/versano.nl\/es\/wp-json\/wp\/v2\/media?parent=641"}],"wp:term":[{"taxonomy":"product_brand","embeddable":true,"href":"https:\/\/versano.nl\/es\/wp-json\/wp\/v2\/product_brand?post=641"},{"taxonomy":"product_cat","embeddable":true,"href":"https:\/\/versano.nl\/es\/wp-json\/wp\/v2\/product_cat?post=641"},{"taxonomy":"product_tag","embeddable":true,"href":"https:\/\/versano.nl\/es\/wp-json\/wp\/v2\/product_tag?post=641"}],"curies":[{"name":"wp","href":"https:\/\/api.w.org\/{rel}","templated":true}]}}