{"id":5384,"date":"2017-05-10T21:14:07","date_gmt":"2017-05-10T21:14:07","guid":{"rendered":"https:\/\/leathershopdoci.nl\/?post_type=product&#038;p=14294"},"modified":"2021-02-05T14:49:40","modified_gmt":"2021-02-05T14:49:40","slug":"leren-bikerjack-dames-cognac-dubbel-rits-versano-342","status":"publish","type":"product","link":"https:\/\/versano.nl\/es\/shop\/leren-bikerjack-dames-cognac-dubbel-rits-versano-342\/","title":{"rendered":"Las se\u00f1oras de cuero chaqueta de motociclista co\u00f1ac doble cremallera Versano"},"content":{"rendered":"<h2>Para obtener los mejores chaquetas de motociclista para ir con Versano<\/h2>\n<p>Esta es una marca que una amplia gama de hermosos vestidos se pueden encontrar en todas las formas y tama\u00f1os se muestran. Tomemos, por ejemplo, este co\u00f1ac damas chaqueta de cuero del motorista con la cremallera doble Versano. Es una chaqueta perfectamente acabado que est\u00e1 hecha de piel de cordero. Se\u00f1oras de la chaqueta de motociclista de cuero co\u00f1ac doble cremallera Versano tiene un cuello asim\u00e9trico. Esta doctrina es de tan alta calidad que tiene un buen lavado de distancia. Esta capa tiene un aspecto agradable de la vendimia. Ahora que es una chaqueta fresca desea ser visto!<\/p>\n<p><strong>Este hermoso libro con la chaqueta Versano<\/strong><br \/>\nLa chaqueta de motociclista de cuero damas co\u00f1ac con cremallera doble Versano est\u00e1 equipado con cuatro bolsillos. Estamos hablando de dos bolsillos que est\u00e1n equipados con una cremallera, un bolsillo con cremallera en el pecho y en el interior. Al igual que las otras chaquetas en el rango de Versano esto es una chaqueta que en italiano se monta. El ajuste es tan perfecto. Tambi\u00e9n puede ordenar la chaqueta en negro. Usted puede comprar esta chaqueta f\u00e1cil de reserva con nosotros. S\u00f3lo tienes que elegir el color y buen tama\u00f1o y tiene un abrigo que con muchos a\u00f1os de experiencia va.<\/p>\n<p>marca: <a href=\"https:\/\/versano.nl\/\" target=\"_blank\" rel=\"noopener noreferrer\">Versano<\/a><br \/>\nMaterial: 100% piel de cordero<br \/>\nForro: 100% poli\u00e9ster<br \/>\nlongitud: corto<br \/>\nPoner: Equipada italiana<br \/>\nCierre: cremallera<br \/>\nBolsillos: bolsillo con cremallera<br \/>\nCollar: a-sim\u00e9trica cuello<br \/>\ncapa exterior Material: de alta calidad y de piel de cordero suave<br \/>\nTiempo: 1-3 d\u00edas<\/p>","protected":false},"excerpt":{"rendered":"<p>Voor de leukste bikerjacks moet u bij Versano zijn Dit is een merk waar een groot assortiment mooie jassen in alle soorten en maten te vinden is. Neem nu bijvoorbeeld dit cognac leren dames bikerjack met dubbele rits van Versano. Het is een perfect afgewerkte jas die geheel is gemaakt [&hellip;]<\/p>\n","protected":false},"featured_media":13950,"comment_status":"closed","ping_status":"closed","template":"","meta":[],"product_brand":[],"product_cat":[90,874,875,877,879,1712,881,882],"product_tag":[439,719,209,151,411,412,98,105,107],"class_list":{"0":"post-5384","1":"product","2":"type-product","3":"status-publish","4":"has-post-thumbnail","6":"product_cat-dames-leren-jassen","7":"product_cat-kort-leren-jasje","8":"product_cat-kort-leren-jasje-dames","9":"product_cat-leren-bikerjacks-dames","10":"product_cat-leren-dames-jassen","11":"product_cat-leren-jassen","12":"product_cat-leren-jassen-dames","13":"product_cat-versano","14":"product_tag-bikerjack-cognac","15":"product_tag-bikerjack-dames-cognac","16":"product_tag-dames-bikerjack-cognac","17":"product_tag-leren-biker-jack-cognac","18":"product_tag-leren-cognac-jas","19":"product_tag-leren-dames-jas-motor-look-cognac","20":"product_tag-leren-jasje","21":"product_tag-versano-leren-jassen","22":"product_tag-zomer-leren-jassen","23":"product_shipping_class-verzendkosten-1","24":"tm-no-options","26":"first","27":"outofstock","28":"taxable","29":"shipping-taxable","30":"product-type-variable"},"yoast_head":"<!-- This site is optimized with the Yoast SEO plugin v27.2 - https:\/\/yoast.com\/product\/yoast-seo-wordpress\/ -->\n<title>Dames leren biker jack cognac dubbel rits Versano<\/title>\n<meta name=\"description\" content=\"Deze Dames leren biker jack cognac dubbel rits Versano is gemaakt van lamsleder en voelt erg soepel en glad aan. De jas heeft een stoere motor look\" \/>\n<meta name=\"robots\" content=\"index, follow, max-snippet:-1, max-image-preview:large, max-video-preview:-1\" \/>\n<link rel=\"canonical\" href=\"https:\/\/versano.nl\/es\/shop\/leren-bikerjack-dames-cognac-dubbel-rits-versano-342\/\" \/>\n<meta property=\"og:locale\" content=\"es_ES\" \/>\n<meta property=\"og:type\" content=\"article\" \/>\n<meta property=\"og:title\" content=\"Dames leren biker jack cognac dubbel rits Versano\" \/>\n<meta property=\"og:description\" content=\"Deze Dames leren biker jack cognac dubbel rits Versano is gemaakt van lamsleder en voelt erg soepel en glad aan. De jas heeft een stoere motor look\" \/>\n<meta property=\"og:url\" content=\"https:\/\/versano.nl\/es\/shop\/leren-bikerjack-dames-cognac-dubbel-rits-versano-342\/\" \/>\n<meta property=\"og:site_name\" content=\"Versano\" \/>\n<meta property=\"article:modified_time\" content=\"2021-02-05T14:49:40+00:00\" \/>\n<meta property=\"og:image\" content=\"https:\/\/versano.nl\/wp-content\/uploads\/2019\/11\/leren-bikerjack-dames-cognac-dubbele-rits-versano-342-model.jpg\" \/>\n\t<meta property=\"og:image:width\" content=\"900\" \/>\n\t<meta property=\"og:image:height\" content=\"1176\" \/>\n\t<meta property=\"og:image:type\" content=\"image\/jpeg\" \/>\n<meta name=\"twitter:card\" content=\"summary_large_image\" \/>\n<meta name=\"twitter:label1\" content=\"Tiempo de lectura\" \/>\n\t<meta name=\"twitter:data1\" content=\"1 minuto\" \/>\n<script type=\"application\/ld+json\" class=\"yoast-schema-graph\">{\"@context\":\"https:\/\/schema.org\",\"@graph\":[{\"@type\":\"WebPage\",\"@id\":\"https:\/\/versano.nl\/shop\/leren-bikerjack-dames-cognac-dubbel-rits-versano-342\/\",\"url\":\"https:\/\/versano.nl\/shop\/leren-bikerjack-dames-cognac-dubbel-rits-versano-342\/\",\"name\":\"Dames leren biker jack cognac dubbel rits Versano\",\"isPartOf\":{\"@id\":\"https:\/\/versano.nl\/#website\"},\"primaryImageOfPage\":{\"@id\":\"https:\/\/versano.nl\/shop\/leren-bikerjack-dames-cognac-dubbel-rits-versano-342\/#primaryimage\"},\"image\":{\"@id\":\"https:\/\/versano.nl\/shop\/leren-bikerjack-dames-cognac-dubbel-rits-versano-342\/#primaryimage\"},\"thumbnailUrl\":\"https:\/\/versano.nl\/wp-content\/uploads\/2019\/11\/leren-bikerjack-dames-cognac-dubbele-rits-versano-342-model.jpg\",\"datePublished\":\"2017-05-10T21:14:07+00:00\",\"dateModified\":\"2021-02-05T14:49:40+00:00\",\"description\":\"Deze Dames leren biker jack cognac dubbel rits Versano is gemaakt van lamsleder en voelt erg soepel en glad aan. De jas heeft een stoere motor look\",\"breadcrumb\":{\"@id\":\"https:\/\/versano.nl\/shop\/leren-bikerjack-dames-cognac-dubbel-rits-versano-342\/#breadcrumb\"},\"inLanguage\":\"es\",\"potentialAction\":[{\"@type\":\"ReadAction\",\"target\":[\"https:\/\/versano.nl\/shop\/leren-bikerjack-dames-cognac-dubbel-rits-versano-342\/\"]}]},{\"@type\":\"ImageObject\",\"inLanguage\":\"es\",\"@id\":\"https:\/\/versano.nl\/shop\/leren-bikerjack-dames-cognac-dubbel-rits-versano-342\/#primaryimage\",\"url\":\"https:\/\/versano.nl\/wp-content\/uploads\/2019\/11\/leren-bikerjack-dames-cognac-dubbele-rits-versano-342-model.jpg\",\"contentUrl\":\"https:\/\/versano.nl\/wp-content\/uploads\/2019\/11\/leren-bikerjack-dames-cognac-dubbele-rits-versano-342-model.jpg\",\"width\":900,\"height\":1176,\"caption\":\"leren-bikerjack-dames-cognac-dubbele-rits-versano-342-model\"},{\"@type\":\"BreadcrumbList\",\"@id\":\"https:\/\/versano.nl\/shop\/leren-bikerjack-dames-cognac-dubbel-rits-versano-342\/#breadcrumb\",\"itemListElement\":[{\"@type\":\"ListItem\",\"position\":1,\"name\":\"Home\",\"item\":\"https:\/\/versano.nl\/\"},{\"@type\":\"ListItem\",\"position\":2,\"name\":\"Shop\",\"item\":\"https:\/\/versano.nl\/shop\/\"},{\"@type\":\"ListItem\",\"position\":3,\"name\":\"Dames leren biker jack cognac dubbel rits Versano\"}]},{\"@type\":\"WebSite\",\"@id\":\"https:\/\/versano.nl\/#website\",\"url\":\"https:\/\/versano.nl\/\",\"name\":\"Versano\",\"description\":\"winterjassen met bontkraag | leren dames jassen | leren heren jassen\",\"potentialAction\":[{\"@type\":\"SearchAction\",\"target\":{\"@type\":\"EntryPoint\",\"urlTemplate\":\"https:\/\/versano.nl\/?s={search_term_string}\"},\"query-input\":{\"@type\":\"PropertyValueSpecification\",\"valueRequired\":true,\"valueName\":\"search_term_string\"}}],\"inLanguage\":\"es\"}]}<\/script>\n<!-- \/ Yoast SEO plugin. -->","yoast_head_json":{"title":"Las se\u00f1oras de cuero chaqueta de motociclista co\u00f1ac doble cremallera Versano","description":"Esta chaqueta de motociclista de cuero para mujer cognac con doble cremallera Versano est\u00e1 hecha de piel de cordero y se siente muy suave. La chaqueta tiene un look de moto genial.","robots":{"index":"index","follow":"follow","max-snippet":"max-snippet:-1","max-image-preview":"max-image-preview:large","max-video-preview":"max-video-preview:-1"},"canonical":"https:\/\/versano.nl\/es\/shop\/leren-bikerjack-dames-cognac-dubbel-rits-versano-342\/","og_locale":"es_ES","og_type":"article","og_title":"Dames leren biker jack cognac dubbel rits Versano","og_description":"Deze Dames leren biker jack cognac dubbel rits Versano is gemaakt van lamsleder en voelt erg soepel en glad aan. De jas heeft een stoere motor look","og_url":"https:\/\/versano.nl\/es\/shop\/leren-bikerjack-dames-cognac-dubbel-rits-versano-342\/","og_site_name":"Versano","article_modified_time":"2021-02-05T14:49:40+00:00","og_image":[{"width":900,"height":1176,"url":"https:\/\/versano.nl\/wp-content\/uploads\/2019\/11\/leren-bikerjack-dames-cognac-dubbele-rits-versano-342-model.jpg","type":"image\/jpeg"}],"twitter_card":"summary_large_image","twitter_misc":{"Tiempo de lectura":"1 minuto"},"schema":{"@context":"https:\/\/schema.org","@graph":[{"@type":"WebPage","@id":"https:\/\/versano.nl\/shop\/leren-bikerjack-dames-cognac-dubbel-rits-versano-342\/","url":"https:\/\/versano.nl\/shop\/leren-bikerjack-dames-cognac-dubbel-rits-versano-342\/","name":"Las se\u00f1oras de cuero chaqueta de motociclista co\u00f1ac doble cremallera Versano","isPartOf":{"@id":"https:\/\/versano.nl\/#website"},"primaryImageOfPage":{"@id":"https:\/\/versano.nl\/shop\/leren-bikerjack-dames-cognac-dubbel-rits-versano-342\/#primaryimage"},"image":{"@id":"https:\/\/versano.nl\/shop\/leren-bikerjack-dames-cognac-dubbel-rits-versano-342\/#primaryimage"},"thumbnailUrl":"https:\/\/versano.nl\/wp-content\/uploads\/2019\/11\/leren-bikerjack-dames-cognac-dubbele-rits-versano-342-model.jpg","datePublished":"2017-05-10T21:14:07+00:00","dateModified":"2021-02-05T14:49:40+00:00","description":"Esta chaqueta de motociclista de cuero para mujer cognac con doble cremallera Versano est\u00e1 hecha de piel de cordero y se siente muy suave. La chaqueta tiene un look de moto genial.","breadcrumb":{"@id":"https:\/\/versano.nl\/shop\/leren-bikerjack-dames-cognac-dubbel-rits-versano-342\/#breadcrumb"},"inLanguage":"es","potentialAction":[{"@type":"ReadAction","target":["https:\/\/versano.nl\/shop\/leren-bikerjack-dames-cognac-dubbel-rits-versano-342\/"]}]},{"@type":"ImageObject","inLanguage":"es","@id":"https:\/\/versano.nl\/shop\/leren-bikerjack-dames-cognac-dubbel-rits-versano-342\/#primaryimage","url":"https:\/\/versano.nl\/wp-content\/uploads\/2019\/11\/leren-bikerjack-dames-cognac-dubbele-rits-versano-342-model.jpg","contentUrl":"https:\/\/versano.nl\/wp-content\/uploads\/2019\/11\/leren-bikerjack-dames-cognac-dubbele-rits-versano-342-model.jpg","width":900,"height":1176,"caption":"leren-bikerjack-dames-cognac-dubbele-rits-versano-342-model"},{"@type":"BreadcrumbList","@id":"https:\/\/versano.nl\/shop\/leren-bikerjack-dames-cognac-dubbel-rits-versano-342\/#breadcrumb","itemListElement":[{"@type":"ListItem","position":1,"name":"Home","item":"https:\/\/versano.nl\/"},{"@type":"ListItem","position":2,"name":"Shop","item":"https:\/\/versano.nl\/shop\/"},{"@type":"ListItem","position":3,"name":"Dames leren biker jack cognac dubbel rits Versano"}]},{"@type":"WebSite","@id":"https:\/\/versano.nl\/#website","url":"https:\/\/versano.nl\/","name":"Versano","description":"abrigos de invierno con cuello de piel | chaquetas de cuero para mujer | chaquetas de cuero para hombre","potentialAction":[{"@type":"SearchAction","target":{"@type":"EntryPoint","urlTemplate":"https:\/\/versano.nl\/?s={search_term_string}"},"query-input":{"@type":"PropertyValueSpecification","valueRequired":true,"valueName":"search_term_string"}}],"inLanguage":"es"}]}},"_links":{"self":[{"href":"https:\/\/versano.nl\/es\/wp-json\/wp\/v2\/product\/5384","targetHints":{"allow":["GET"]}}],"collection":[{"href":"https:\/\/versano.nl\/es\/wp-json\/wp\/v2\/product"}],"about":[{"href":"https:\/\/versano.nl\/es\/wp-json\/wp\/v2\/types\/product"}],"replies":[{"embeddable":true,"href":"https:\/\/versano.nl\/es\/wp-json\/wp\/v2\/comments?post=5384"}],"wp:featuredmedia":[{"embeddable":true,"href":"https:\/\/versano.nl\/es\/wp-json\/wp\/v2\/media\/13950"}],"wp:attachment":[{"href":"https:\/\/versano.nl\/es\/wp-json\/wp\/v2\/media?parent=5384"}],"wp:term":[{"taxonomy":"product_brand","embeddable":true,"href":"https:\/\/versano.nl\/es\/wp-json\/wp\/v2\/product_brand?post=5384"},{"taxonomy":"product_cat","embeddable":true,"href":"https:\/\/versano.nl\/es\/wp-json\/wp\/v2\/product_cat?post=5384"},{"taxonomy":"product_tag","embeddable":true,"href":"https:\/\/versano.nl\/es\/wp-json\/wp\/v2\/product_tag?post=5384"}],"curies":[{"name":"wp","href":"https:\/\/api.w.org\/{rel}","templated":true}]}}