{"id":5161,"date":"2016-04-05T11:24:48","date_gmt":"2016-04-05T11:24:48","guid":{"rendered":"http:\/\/leathershopdoci.nl\/?post_type=product&#038;p=10123"},"modified":"2020-04-17T15:12:31","modified_gmt":"2020-04-17T15:12:31","slug":"dames-leren-jas-versano-315-taupe","status":"publish","type":"product","link":"https:\/\/versano.nl\/es\/shop\/dames-leren-jas-versano-315-taupe\/","title":{"rendered":"Chaqueta de cuero de las se\u00f1oras Topo"},"content":{"rendered":"<h2>damas de cuero gris oscuro abrigo<\/h2>\n<p>En busca de una chaqueta de cuero elegante de tomar placer en caminar? En Versano saben c\u00f3mo dise\u00f1ar y producir una chaqueta de este tipo. Tomemos por ejemplo esta preciosa chaqueta de las se\u00f1oras de cuero marr\u00f3n con un cuello redondo Versano. Se trata de una chaqueta, no se puede negar, parece sublime. El acabado es absolutamente perfecto y todos los elementos est\u00e1n bien coordinados. Este es uno de los modelos b\u00e1sicos de Versano y como tal uno de nuestros \u00e9xitos. Est\u00e1 disponible en piel de cordero duradera, pero si no prefieren usar, sino que tambi\u00e9n han llevado a esta capa en varios diversos tipos de cuero de imitaci\u00f3n.<\/p>\n<p><strong>Ordenar la chaqueta de cuero marr\u00f3n Versano<\/strong><br \/>\nSi pide este hermoso abrigo con nosotros, se obtiene una chaqueta en la casa que est\u00e1 hecha de material fino. Puede seguir para lavar la chaqueta, sin tener que temer que el estilo de la chaqueta se ve afectada. Tiene una capa que sea f\u00e1cil de combinar con diferentes tipos de prendas. Pensar en una falda, sino tambi\u00e9n un duro vaqueros. La chaqueta tiene cuatro bolsillos, dos bolsillos y dos peque\u00f1os bolsillos en el pecho.<\/p>\n<p>marca: <a href=\"https:\/\/versano.nl\/\" target=\"_blank\" rel=\"noopener noreferrer\">Versano<\/a><br \/>\nMaterial: 100% piel de cordero<br \/>\nForro: 100% poli\u00e9ster<br \/>\nlongitud: corto<br \/>\nMontar: Largo<br \/>\nCierre: cremallera<br \/>\nBolsillos: bolsillo con cremallera<br \/>\nCollar: de pie cuello<br \/>\ncapa exterior Material: de alta calidad y de piel de cordero suave<br \/>\nTiempo: 1-3 d\u00edas<\/p>","protected":false},"excerpt":{"rendered":"<p>Lederen dames jas taupe Op zoek naar een chique leren jas waar u met plezier in rondloopt? Bij Versano weten ze wel hoe een dergelijke jas ontworpen en geproduceerd moet worden. Neem bijvoorbeeld eens deze mooie lederen dames Jas taupe met ronde kraag van Versano. Dit is een jas die, [&hellip;]<\/p>\n","protected":false},"featured_media":14064,"comment_status":"closed","ping_status":"closed","template":"","meta":[],"product_brand":[],"product_cat":[90],"product_tag":[696,95,98,349,142,101,697,105,106,107],"class_list":{"0":"post-5161","1":"product","2":"type-product","3":"status-publish","4":"has-post-thumbnail","6":"product_cat-dames-leren-jassen","7":"product_tag-dames-leren-jas-taupe","8":"product_tag-korte-leren-jassen","9":"product_tag-leren-jasje","10":"product_tag-leren-jassen","11":"product_tag-online-dames-leren-jassen","12":"product_tag-online-leren-jassen","13":"product_tag-taupe","14":"product_tag-versano-leren-jassen","15":"product_tag-winter-leren-jassen","16":"product_tag-zomer-leren-jassen","17":"tm-no-options","19":"first","20":"outofstock","21":"taxable","22":"shipping-taxable","23":"purchasable","24":"product-type-variable"},"yoast_head":"<!-- This site is optimized with the Yoast SEO plugin v27.2 - https:\/\/yoast.com\/product\/yoast-seo-wordpress\/ -->\n<title>Dames leren jassen taupe, Lederen dames jas taupe<\/title>\n<meta name=\"description\" content=\"Met de Lederen dames jas taupe mag je echt gezien worden. Deze jas is gemaakt van lamsleer, en heeft door de taillering een uitstekende pasvorm.\" \/>\n<meta name=\"robots\" content=\"index, follow, max-snippet:-1, max-image-preview:large, max-video-preview:-1\" \/>\n<link rel=\"canonical\" href=\"https:\/\/versano.nl\/es\/shop\/dames-leren-jas-versano-315-taupe\/\" \/>\n<meta property=\"og:locale\" content=\"es_ES\" \/>\n<meta property=\"og:type\" content=\"article\" \/>\n<meta property=\"og:title\" content=\"Dames leren jassen taupe, Lederen dames jas taupe\" \/>\n<meta property=\"og:description\" content=\"Met de Lederen dames jas taupe mag je echt gezien worden. Deze jas is gemaakt van lamsleer, en heeft door de taillering een uitstekende pasvorm.\" \/>\n<meta property=\"og:url\" content=\"https:\/\/versano.nl\/es\/shop\/dames-leren-jas-versano-315-taupe\/\" \/>\n<meta property=\"og:site_name\" content=\"Versano\" \/>\n<meta property=\"article:modified_time\" content=\"2020-04-17T15:12:31+00:00\" \/>\n<meta property=\"og:image\" content=\"https:\/\/versano.nl\/wp-content\/uploads\/2019\/11\/leren-jas-dames-taupe-versano-315-voor.jpg\" \/>\n\t<meta property=\"og:image:width\" content=\"750\" \/>\n\t<meta property=\"og:image:height\" content=\"975\" \/>\n\t<meta property=\"og:image:type\" content=\"image\/jpeg\" \/>\n<meta name=\"twitter:card\" content=\"summary_large_image\" \/>\n<meta name=\"twitter:label1\" content=\"Tiempo de lectura\" \/>\n\t<meta name=\"twitter:data1\" content=\"1 minuto\" \/>\n<script type=\"application\/ld+json\" class=\"yoast-schema-graph\">{\"@context\":\"https:\/\/schema.org\",\"@graph\":[{\"@type\":\"WebPage\",\"@id\":\"https:\/\/versano.nl\/shop\/dames-leren-jas-versano-315-taupe\/\",\"url\":\"https:\/\/versano.nl\/shop\/dames-leren-jas-versano-315-taupe\/\",\"name\":\"Dames leren jassen taupe, Lederen dames jas taupe\",\"isPartOf\":{\"@id\":\"https:\/\/versano.nl\/#website\"},\"primaryImageOfPage\":{\"@id\":\"https:\/\/versano.nl\/shop\/dames-leren-jas-versano-315-taupe\/#primaryimage\"},\"image\":{\"@id\":\"https:\/\/versano.nl\/shop\/dames-leren-jas-versano-315-taupe\/#primaryimage\"},\"thumbnailUrl\":\"https:\/\/versano.nl\/wp-content\/uploads\/2019\/11\/leren-jas-dames-taupe-versano-315-voor.jpg\",\"datePublished\":\"2016-04-05T11:24:48+00:00\",\"dateModified\":\"2020-04-17T15:12:31+00:00\",\"description\":\"Met de Lederen dames jas taupe mag je echt gezien worden. Deze jas is gemaakt van lamsleer, en heeft door de taillering een uitstekende pasvorm.\",\"breadcrumb\":{\"@id\":\"https:\/\/versano.nl\/shop\/dames-leren-jas-versano-315-taupe\/#breadcrumb\"},\"inLanguage\":\"es\",\"potentialAction\":[{\"@type\":\"ReadAction\",\"target\":[\"https:\/\/versano.nl\/shop\/dames-leren-jas-versano-315-taupe\/\"]}]},{\"@type\":\"ImageObject\",\"inLanguage\":\"es\",\"@id\":\"https:\/\/versano.nl\/shop\/dames-leren-jas-versano-315-taupe\/#primaryimage\",\"url\":\"https:\/\/versano.nl\/wp-content\/uploads\/2019\/11\/leren-jas-dames-taupe-versano-315-voor.jpg\",\"contentUrl\":\"https:\/\/versano.nl\/wp-content\/uploads\/2019\/11\/leren-jas-dames-taupe-versano-315-voor.jpg\",\"width\":750,\"height\":975,\"caption\":\"Leren dames jas 315 taupe\/camel Versano\"},{\"@type\":\"BreadcrumbList\",\"@id\":\"https:\/\/versano.nl\/shop\/dames-leren-jas-versano-315-taupe\/#breadcrumb\",\"itemListElement\":[{\"@type\":\"ListItem\",\"position\":1,\"name\":\"Home\",\"item\":\"https:\/\/versano.nl\/\"},{\"@type\":\"ListItem\",\"position\":2,\"name\":\"Shop\",\"item\":\"https:\/\/versano.nl\/shop\/\"},{\"@type\":\"ListItem\",\"position\":3,\"name\":\"Lederen dames Jas Taupe\"}]},{\"@type\":\"WebSite\",\"@id\":\"https:\/\/versano.nl\/#website\",\"url\":\"https:\/\/versano.nl\/\",\"name\":\"Versano\",\"description\":\"winterjassen met bontkraag | leren dames jassen | leren heren jassen\",\"potentialAction\":[{\"@type\":\"SearchAction\",\"target\":{\"@type\":\"EntryPoint\",\"urlTemplate\":\"https:\/\/versano.nl\/?s={search_term_string}\"},\"query-input\":{\"@type\":\"PropertyValueSpecification\",\"valueRequired\":true,\"valueName\":\"search_term_string\"}}],\"inLanguage\":\"es\"}]}<\/script>\n<!-- \/ Yoast SEO plugin. -->","yoast_head_json":{"title":"Chaquetas de piel mujer taupe, Chaqueta de piel mujer taupe.","description":"Con la chaqueta de cuero marr\u00f3n taupe puedes ser realmente visto. Esta chaqueta est\u00e1 hecha de cuero de cordero y tiene un ajuste excelente debido a la cintura.","robots":{"index":"index","follow":"follow","max-snippet":"max-snippet:-1","max-image-preview":"max-image-preview:large","max-video-preview":"max-video-preview:-1"},"canonical":"https:\/\/versano.nl\/es\/shop\/dames-leren-jas-versano-315-taupe\/","og_locale":"es_ES","og_type":"article","og_title":"Dames leren jassen taupe, Lederen dames jas taupe","og_description":"Met de Lederen dames jas taupe mag je echt gezien worden. Deze jas is gemaakt van lamsleer, en heeft door de taillering een uitstekende pasvorm.","og_url":"https:\/\/versano.nl\/es\/shop\/dames-leren-jas-versano-315-taupe\/","og_site_name":"Versano","article_modified_time":"2020-04-17T15:12:31+00:00","og_image":[{"width":750,"height":975,"url":"https:\/\/versano.nl\/wp-content\/uploads\/2019\/11\/leren-jas-dames-taupe-versano-315-voor.jpg","type":"image\/jpeg"}],"twitter_card":"summary_large_image","twitter_misc":{"Tiempo de lectura":"1 minuto"},"schema":{"@context":"https:\/\/schema.org","@graph":[{"@type":"WebPage","@id":"https:\/\/versano.nl\/shop\/dames-leren-jas-versano-315-taupe\/","url":"https:\/\/versano.nl\/shop\/dames-leren-jas-versano-315-taupe\/","name":"Chaquetas de piel mujer taupe, Chaqueta de piel mujer taupe.","isPartOf":{"@id":"https:\/\/versano.nl\/#website"},"primaryImageOfPage":{"@id":"https:\/\/versano.nl\/shop\/dames-leren-jas-versano-315-taupe\/#primaryimage"},"image":{"@id":"https:\/\/versano.nl\/shop\/dames-leren-jas-versano-315-taupe\/#primaryimage"},"thumbnailUrl":"https:\/\/versano.nl\/wp-content\/uploads\/2019\/11\/leren-jas-dames-taupe-versano-315-voor.jpg","datePublished":"2016-04-05T11:24:48+00:00","dateModified":"2020-04-17T15:12:31+00:00","description":"Con la chaqueta de cuero marr\u00f3n taupe puedes ser realmente visto. Esta chaqueta est\u00e1 hecha de cuero de cordero y tiene un ajuste excelente debido a la cintura.","breadcrumb":{"@id":"https:\/\/versano.nl\/shop\/dames-leren-jas-versano-315-taupe\/#breadcrumb"},"inLanguage":"es","potentialAction":[{"@type":"ReadAction","target":["https:\/\/versano.nl\/shop\/dames-leren-jas-versano-315-taupe\/"]}]},{"@type":"ImageObject","inLanguage":"es","@id":"https:\/\/versano.nl\/shop\/dames-leren-jas-versano-315-taupe\/#primaryimage","url":"https:\/\/versano.nl\/wp-content\/uploads\/2019\/11\/leren-jas-dames-taupe-versano-315-voor.jpg","contentUrl":"https:\/\/versano.nl\/wp-content\/uploads\/2019\/11\/leren-jas-dames-taupe-versano-315-voor.jpg","width":750,"height":975,"caption":"Leren dames jas 315 taupe\/camel Versano"},{"@type":"BreadcrumbList","@id":"https:\/\/versano.nl\/shop\/dames-leren-jas-versano-315-taupe\/#breadcrumb","itemListElement":[{"@type":"ListItem","position":1,"name":"Home","item":"https:\/\/versano.nl\/"},{"@type":"ListItem","position":2,"name":"Shop","item":"https:\/\/versano.nl\/shop\/"},{"@type":"ListItem","position":3,"name":"Lederen dames Jas Taupe"}]},{"@type":"WebSite","@id":"https:\/\/versano.nl\/#website","url":"https:\/\/versano.nl\/","name":"Versano","description":"abrigos de invierno con cuello de piel | chaquetas de cuero para mujer | chaquetas de cuero para hombre","potentialAction":[{"@type":"SearchAction","target":{"@type":"EntryPoint","urlTemplate":"https:\/\/versano.nl\/?s={search_term_string}"},"query-input":{"@type":"PropertyValueSpecification","valueRequired":true,"valueName":"search_term_string"}}],"inLanguage":"es"}]}},"_links":{"self":[{"href":"https:\/\/versano.nl\/es\/wp-json\/wp\/v2\/product\/5161","targetHints":{"allow":["GET"]}}],"collection":[{"href":"https:\/\/versano.nl\/es\/wp-json\/wp\/v2\/product"}],"about":[{"href":"https:\/\/versano.nl\/es\/wp-json\/wp\/v2\/types\/product"}],"replies":[{"embeddable":true,"href":"https:\/\/versano.nl\/es\/wp-json\/wp\/v2\/comments?post=5161"}],"wp:featuredmedia":[{"embeddable":true,"href":"https:\/\/versano.nl\/es\/wp-json\/wp\/v2\/media\/14064"}],"wp:attachment":[{"href":"https:\/\/versano.nl\/es\/wp-json\/wp\/v2\/media?parent=5161"}],"wp:term":[{"taxonomy":"product_brand","embeddable":true,"href":"https:\/\/versano.nl\/es\/wp-json\/wp\/v2\/product_brand?post=5161"},{"taxonomy":"product_cat","embeddable":true,"href":"https:\/\/versano.nl\/es\/wp-json\/wp\/v2\/product_cat?post=5161"},{"taxonomy":"product_tag","embeddable":true,"href":"https:\/\/versano.nl\/es\/wp-json\/wp\/v2\/product_tag?post=5161"}],"curies":[{"name":"wp","href":"https:\/\/api.w.org\/{rel}","templated":true}]}}