{"id":5116,"date":"2016-04-05T14:14:50","date_gmt":"2016-04-05T14:14:50","guid":{"rendered":"http:\/\/leathershopdoci.nl\/?post_type=product&#038;p=10186"},"modified":"2017-09-24T00:14:05","modified_gmt":"2017-09-24T00:14:05","slug":"dames-leren-jasje-in-zwart-van-versano","status":"publish","type":"product","link":"https:\/\/versano.nl\/es\/shop\/dames-leren-jasje-in-zwart-van-versano\/","title":{"rendered":"chaqueta de cuero de las mujeres en Versano negro"},"content":{"rendered":"<h2>chaqueta de cuero de las mujeres en Versano negro<\/h2>\n<p>Estos chaqueta de cuero de las se\u00f1oras de un nuevo modelo de la marca italiana Versano. La chaqueta est\u00e1 equipado con un buen ajuste italiano. duradera piel de cordero tiene un muy buen lavado y hermosa costura en los hombros y los codos. Por ejemplo, llevar con jeans o una falda justo. La chaqueta de cuero de las se\u00f1oras en negro Versano dos bolsillos laterales con cremallera, dos bolsillos en el pecho con cremallera y un bolsillo interior. Estos chaqueta de cuero de las se\u00f1oras tambi\u00e9n est\u00e1 disponible en marr\u00f3n.<\/p>\n<p>marca: <a href=\"https:\/\/versano.nl\/\" target=\"_blank\" rel=\"noopener noreferrer\">Versano<\/a><br \/>\nMaterial: 100% piel de cordero<br \/>\nForro: 100% poli\u00e9ster<br \/>\nlongitud: corto<br \/>\nMontar: Largo<br \/>\nCierre: cremallera<br \/>\nBolsillos: bolsillo con cremallera<br \/>\nCollar: de pie cuello<br \/>\ncapa exterior Material: de alta calidad y de piel de cordero suave<br \/>\nTiempo: 1-3 d\u00edas<\/p>","protected":false},"excerpt":{"rendered":"<p><strong>Si selecciona un tama\u00f1o, a continuaci\u00f3n, aparece un dibujo con dimensiones de tama\u00f1o. Para determinar el tama\u00f1o adecuado, se recomienda medir primero sus medidas de la circunferencia y compararla con las dimensiones en el dibujo. \u00bfTiene alguna experiencia en la medici\u00f3n de las dimensiones, por favor haga clic <a href=\"https:\/\/www.youtube.com\/watch?v=MmcpCx4GsdU\" target=\"_blank\" rel=\"noopener noreferrer\"><span style=\"color: #ff0000;\"><em>AQU\u00cd<\/em><\/span>\u00a0<\/a> para <span style=\"color: #ff0000;\"><em><a style=\"color: #ff0000;\" href=\"https:\/\/www.youtube.com\/watch?v=MmcpCx4GsdU\" target=\"_blank\" rel=\"noopener noreferrer\">VIDEO<\/a><\/em><\/span> para ver c\u00f3mo hacer esto<\/strong>.<\/p>\n<p>&nbsp;<\/p>","protected":false},"featured_media":5122,"comment_status":"closed","ping_status":"closed","template":"","meta":[],"product_brand":[],"product_cat":[89,90],"product_tag":[95,419,695,53,98,311,349,142,101,105,106,107,427,628],"class_list":{"0":"post-5116","1":"product","2":"type-product","3":"status-publish","4":"has-post-thumbnail","6":"product_cat-dames","7":"product_cat-dames-leren-jassen","8":"product_tag-korte-leren-jassen","9":"product_tag-lederen-dames-jas-zwart","10":"product_tag-lederen-dames-jasje-zwart","11":"product_tag-leren-jas-zwart","12":"product_tag-leren-jasje","13":"product_tag-leren-jasje-zwart","14":"product_tag-leren-jassen","15":"product_tag-online-dames-leren-jassen","16":"product_tag-online-leren-jassen","17":"product_tag-versano-leren-jassen","18":"product_tag-winter-leren-jassen","19":"product_tag-zomer-leren-jassen","20":"product_tag-zwarte-leren-dames-jas","21":"product_tag-zwarte-leren-jas","22":"tm-no-options","24":"first","25":"instock","26":"sale","27":"taxable","28":"shipping-taxable","29":"purchasable","30":"product-type-variable"},"yoast_head":"<!-- This site is optimized with the Yoast SEO plugin v27.2 - https:\/\/yoast.com\/product\/yoast-seo-wordpress\/ -->\n<title>Leren Dames Jas Versano Zwart, Dames leren jasje in zwart van Versano<\/title>\n<meta name=\"description\" content=\"Met de Dames leren jasje in zwart van Versano mag je echt gezien worden. De jas heeft door de taillering een uitstekende pasvorm.\" \/>\n<meta name=\"robots\" content=\"index, follow, max-snippet:-1, max-image-preview:large, max-video-preview:-1\" \/>\n<link rel=\"canonical\" href=\"https:\/\/versano.nl\/es\/shop\/dames-leren-jasje-in-zwart-van-versano\/\" \/>\n<meta property=\"og:locale\" content=\"es_ES\" \/>\n<meta property=\"og:type\" content=\"article\" \/>\n<meta property=\"og:title\" content=\"Leren Dames Jas Versano Zwart, Dames leren jasje in zwart van Versano\" \/>\n<meta property=\"og:description\" content=\"Met de Dames leren jasje in zwart van Versano mag je echt gezien worden. De jas heeft door de taillering een uitstekende pasvorm.\" \/>\n<meta property=\"og:url\" content=\"https:\/\/versano.nl\/es\/shop\/dames-leren-jasje-in-zwart-van-versano\/\" \/>\n<meta property=\"og:site_name\" content=\"Versano\" \/>\n<meta property=\"article:modified_time\" content=\"2017-09-24T00:14:05+00:00\" \/>\n<meta property=\"og:image\" content=\"https:\/\/versano.nl\/wp-content\/uploads\/2017\/05\/dames-leren-jas-zwart-versano-339-voor.jpg\" \/>\n\t<meta property=\"og:image:width\" content=\"750\" \/>\n\t<meta property=\"og:image:height\" content=\"975\" \/>\n\t<meta property=\"og:image:type\" content=\"image\/jpeg\" \/>\n<meta name=\"twitter:card\" content=\"summary_large_image\" \/>\n<meta name=\"twitter:label1\" content=\"Tiempo de lectura\" \/>\n\t<meta name=\"twitter:data1\" content=\"1 minuto\" \/>\n<script type=\"application\/ld+json\" class=\"yoast-schema-graph\">{\"@context\":\"https:\/\/schema.org\",\"@graph\":[{\"@type\":\"WebPage\",\"@id\":\"https:\/\/versano.nl\/shop\/dames-leren-jasje-in-zwart-van-versano\/\",\"url\":\"https:\/\/versano.nl\/shop\/dames-leren-jasje-in-zwart-van-versano\/\",\"name\":\"Leren Dames Jas Versano Zwart, Dames leren jasje in zwart van Versano\",\"isPartOf\":{\"@id\":\"https:\/\/versano.nl\/#website\"},\"primaryImageOfPage\":{\"@id\":\"https:\/\/versano.nl\/shop\/dames-leren-jasje-in-zwart-van-versano\/#primaryimage\"},\"image\":{\"@id\":\"https:\/\/versano.nl\/shop\/dames-leren-jasje-in-zwart-van-versano\/#primaryimage\"},\"thumbnailUrl\":\"https:\/\/versano.nl\/wp-content\/uploads\/2017\/05\/dames-leren-jas-zwart-versano-339-voor.jpg\",\"datePublished\":\"2016-04-05T14:14:50+00:00\",\"dateModified\":\"2017-09-24T00:14:05+00:00\",\"description\":\"Met de Dames leren jasje in zwart van Versano mag je echt gezien worden. De jas heeft door de taillering een uitstekende pasvorm.\",\"breadcrumb\":{\"@id\":\"https:\/\/versano.nl\/shop\/dames-leren-jasje-in-zwart-van-versano\/#breadcrumb\"},\"inLanguage\":\"es\",\"potentialAction\":[{\"@type\":\"ReadAction\",\"target\":[\"https:\/\/versano.nl\/shop\/dames-leren-jasje-in-zwart-van-versano\/\"]}]},{\"@type\":\"ImageObject\",\"inLanguage\":\"es\",\"@id\":\"https:\/\/versano.nl\/shop\/dames-leren-jasje-in-zwart-van-versano\/#primaryimage\",\"url\":\"https:\/\/versano.nl\/wp-content\/uploads\/2017\/05\/dames-leren-jas-zwart-versano-339-voor.jpg\",\"contentUrl\":\"https:\/\/versano.nl\/wp-content\/uploads\/2017\/05\/dames-leren-jas-zwart-versano-339-voor.jpg\",\"width\":750,\"height\":975,\"caption\":\"Dames leren jasje in zwart van Versano\"},{\"@type\":\"BreadcrumbList\",\"@id\":\"https:\/\/versano.nl\/shop\/dames-leren-jasje-in-zwart-van-versano\/#breadcrumb\",\"itemListElement\":[{\"@type\":\"ListItem\",\"position\":1,\"name\":\"Home\",\"item\":\"https:\/\/versano.nl\/\"},{\"@type\":\"ListItem\",\"position\":2,\"name\":\"Shop\",\"item\":\"https:\/\/versano.nl\/shop\/\"},{\"@type\":\"ListItem\",\"position\":3,\"name\":\"Dames leren jasje in zwart van Versano\"}]},{\"@type\":\"WebSite\",\"@id\":\"https:\/\/versano.nl\/#website\",\"url\":\"https:\/\/versano.nl\/\",\"name\":\"Versano\",\"description\":\"winterjassen met bontkraag | leren dames jassen | leren heren jassen\",\"potentialAction\":[{\"@type\":\"SearchAction\",\"target\":{\"@type\":\"EntryPoint\",\"urlTemplate\":\"https:\/\/versano.nl\/?s={search_term_string}\"},\"query-input\":{\"@type\":\"PropertyValueSpecification\",\"valueRequired\":true,\"valueName\":\"search_term_string\"}}],\"inLanguage\":\"es\"}]}<\/script>\n<!-- \/ Yoast SEO plugin. -->","yoast_head_json":{"title":"Chaqueta de cuero para mujer Versano Black, Chaqueta de cuero para mujer en negro de Versano","description":"Realmente puedes ser visto con la chaqueta de cuero para damas en negro de Versano. La chaqueta tiene un ajuste excelente debido a la cintura.","robots":{"index":"index","follow":"follow","max-snippet":"max-snippet:-1","max-image-preview":"max-image-preview:large","max-video-preview":"max-video-preview:-1"},"canonical":"https:\/\/versano.nl\/es\/shop\/dames-leren-jasje-in-zwart-van-versano\/","og_locale":"es_ES","og_type":"article","og_title":"Leren Dames Jas Versano Zwart, Dames leren jasje in zwart van Versano","og_description":"Met de Dames leren jasje in zwart van Versano mag je echt gezien worden. De jas heeft door de taillering een uitstekende pasvorm.","og_url":"https:\/\/versano.nl\/es\/shop\/dames-leren-jasje-in-zwart-van-versano\/","og_site_name":"Versano","article_modified_time":"2017-09-24T00:14:05+00:00","og_image":[{"width":750,"height":975,"url":"https:\/\/versano.nl\/wp-content\/uploads\/2017\/05\/dames-leren-jas-zwart-versano-339-voor.jpg","type":"image\/jpeg"}],"twitter_card":"summary_large_image","twitter_misc":{"Tiempo de lectura":"1 minuto"},"schema":{"@context":"https:\/\/schema.org","@graph":[{"@type":"WebPage","@id":"https:\/\/versano.nl\/shop\/dames-leren-jasje-in-zwart-van-versano\/","url":"https:\/\/versano.nl\/shop\/dames-leren-jasje-in-zwart-van-versano\/","name":"Chaqueta de cuero para mujer Versano Black, Chaqueta de cuero para mujer en negro de Versano","isPartOf":{"@id":"https:\/\/versano.nl\/#website"},"primaryImageOfPage":{"@id":"https:\/\/versano.nl\/shop\/dames-leren-jasje-in-zwart-van-versano\/#primaryimage"},"image":{"@id":"https:\/\/versano.nl\/shop\/dames-leren-jasje-in-zwart-van-versano\/#primaryimage"},"thumbnailUrl":"https:\/\/versano.nl\/wp-content\/uploads\/2017\/05\/dames-leren-jas-zwart-versano-339-voor.jpg","datePublished":"2016-04-05T14:14:50+00:00","dateModified":"2017-09-24T00:14:05+00:00","description":"Realmente puedes ser visto con la chaqueta de cuero para damas en negro de Versano. La chaqueta tiene un ajuste excelente debido a la cintura.","breadcrumb":{"@id":"https:\/\/versano.nl\/shop\/dames-leren-jasje-in-zwart-van-versano\/#breadcrumb"},"inLanguage":"es","potentialAction":[{"@type":"ReadAction","target":["https:\/\/versano.nl\/shop\/dames-leren-jasje-in-zwart-van-versano\/"]}]},{"@type":"ImageObject","inLanguage":"es","@id":"https:\/\/versano.nl\/shop\/dames-leren-jasje-in-zwart-van-versano\/#primaryimage","url":"https:\/\/versano.nl\/wp-content\/uploads\/2017\/05\/dames-leren-jas-zwart-versano-339-voor.jpg","contentUrl":"https:\/\/versano.nl\/wp-content\/uploads\/2017\/05\/dames-leren-jas-zwart-versano-339-voor.jpg","width":750,"height":975,"caption":"Dames leren jasje in zwart van Versano"},{"@type":"BreadcrumbList","@id":"https:\/\/versano.nl\/shop\/dames-leren-jasje-in-zwart-van-versano\/#breadcrumb","itemListElement":[{"@type":"ListItem","position":1,"name":"Home","item":"https:\/\/versano.nl\/"},{"@type":"ListItem","position":2,"name":"Shop","item":"https:\/\/versano.nl\/shop\/"},{"@type":"ListItem","position":3,"name":"Dames leren jasje in zwart van Versano"}]},{"@type":"WebSite","@id":"https:\/\/versano.nl\/#website","url":"https:\/\/versano.nl\/","name":"Versano","description":"abrigos de invierno con cuello de piel | chaquetas de cuero para mujer | chaquetas de cuero para hombre","potentialAction":[{"@type":"SearchAction","target":{"@type":"EntryPoint","urlTemplate":"https:\/\/versano.nl\/?s={search_term_string}"},"query-input":{"@type":"PropertyValueSpecification","valueRequired":true,"valueName":"search_term_string"}}],"inLanguage":"es"}]}},"_links":{"self":[{"href":"https:\/\/versano.nl\/es\/wp-json\/wp\/v2\/product\/5116","targetHints":{"allow":["GET"]}}],"collection":[{"href":"https:\/\/versano.nl\/es\/wp-json\/wp\/v2\/product"}],"about":[{"href":"https:\/\/versano.nl\/es\/wp-json\/wp\/v2\/types\/product"}],"replies":[{"embeddable":true,"href":"https:\/\/versano.nl\/es\/wp-json\/wp\/v2\/comments?post=5116"}],"wp:featuredmedia":[{"embeddable":true,"href":"https:\/\/versano.nl\/es\/wp-json\/wp\/v2\/media\/5122"}],"wp:attachment":[{"href":"https:\/\/versano.nl\/es\/wp-json\/wp\/v2\/media?parent=5116"}],"wp:term":[{"taxonomy":"product_brand","embeddable":true,"href":"https:\/\/versano.nl\/es\/wp-json\/wp\/v2\/product_brand?post=5116"},{"taxonomy":"product_cat","embeddable":true,"href":"https:\/\/versano.nl\/es\/wp-json\/wp\/v2\/product_cat?post=5116"},{"taxonomy":"product_tag","embeddable":true,"href":"https:\/\/versano.nl\/es\/wp-json\/wp\/v2\/product_tag?post=5116"}],"curies":[{"name":"wp","href":"https:\/\/api.w.org\/{rel}","templated":true}]}}