{"id":5093,"date":"2016-04-05T21:30:25","date_gmt":"2016-04-05T21:30:25","guid":{"rendered":"http:\/\/leathershopdoci.nl\/?post_type=product&#038;p=10204"},"modified":"2021-02-05T14:50:51","modified_gmt":"2021-02-05T14:50:51","slug":"lederen-dames-jasje-bruin-van-versano","status":"publish","type":"product","link":"https:\/\/versano.nl\/es\/shop\/lederen-dames-jasje-bruin-van-versano\/","title":{"rendered":"damas de cuero chaqueta marr\u00f3n Versano"},"content":{"rendered":"<h2>damas de cuero chaqueta marr\u00f3n Versano<\/h2>\n<p>En busca de ese buen chaqueta de cuero que es perfecto no s\u00f3lo es c\u00f3modo, pero tambi\u00e9n se\u00f1alar con orgullo en el espejo? Entonces usted no necesita mirar m\u00e1s all\u00e1 de esto las se\u00f1oras del cuero chaqueta marr\u00f3n Versano. Se trata de una chaqueta como lo vemos. Muy bien dise\u00f1ado e implementado en un hermoso color. Co\u00f1ac es un color que se presta idealmente para usar chaquetas de cuero. Se trata de una chaqueta que tambi\u00e9n mediante la implementaci\u00f3n de los cuatro puede llevar f\u00e1cilmente a las estaciones. Al igual que los otros productos de la gama de Versano esto es una chaqueta que se adapta italiano. Puede por lo tanto tambi\u00e9n estar seguro de que es perfecto.<\/p>\n<h3>Esta chaqueta de las se\u00f1oras del cuero marr\u00f3n pedido Versano<\/h3>\n<p>Aquellos chaqueta de cuero de color marr\u00f3n hermosa Versano est\u00e1 completamente hecha de piel de cordero duradera. Este es un material que tiene un buen lavado, haciendo que la chaqueta all\u00ed durante los a\u00f1os solamente conseguir mejor se ver\u00e1 as\u00ed. Es una chaqueta con dos bolsillos en el pecho con cremallera y dos bolsillos laterales tambi\u00e9n cuentan con una cremallera. Es una chaqueta que no s\u00f3lo en marr\u00f3n est\u00e1 disponible tambi\u00e9n en el co\u00f1ac. Puede color tambi\u00e9n disponible en nuestra p\u00e1gina web y por lo tanto a nosotros mismos para decidir qu\u00e9 color le convenga.<\/p>\n<p>marca: <a href=\"https:\/\/versano.nl\/\" target=\"_blank\" rel=\"noopener noreferrer\">Versano<\/a><br \/>\nMaterial: 100% piel de cordero<br \/>\nForro: 100% poli\u00e9ster<br \/>\nlongitud: corto<br \/>\nMontar: Largo<br \/>\nCierre: cremallera<br \/>\nBolsillos: bolsillo con cremallera<br \/>\nCuello: cuello hacia abajo<br \/>\ncapa exterior Material: de alta calidad y de piel de cordero suave<br \/>\nTiempo: 1-3 d\u00edas<\/p>","protected":false},"excerpt":{"rendered":"<p><strong>Si selecciona un tama\u00f1o, a continuaci\u00f3n, aparece un dibujo con dimensiones de tama\u00f1o. Para determinar el tama\u00f1o adecuado, se recomienda medir primero sus medidas de la circunferencia y compararla con las dimensiones en el dibujo. \u00bfTiene alguna experiencia en la medici\u00f3n de las dimensiones, por favor haga clic <a href=\"https:\/\/www.youtube.com\/watch?v=MmcpCx4GsdU\" target=\"_blank\" rel=\"noopener noreferrer\"><span style=\"color: #ff0000;\"><em>AQU\u00cd<\/em><\/span>\u00a0<\/a> para <span style=\"color: #ff0000;\"><em><a style=\"color: #ff0000;\" href=\"https:\/\/www.youtube.com\/watch?v=MmcpCx4GsdU\" target=\"_blank\" rel=\"noopener noreferrer\">VIDEO<\/a><\/em><\/span> para ver c\u00f3mo hacer esto<\/strong>.<\/p>\n<p>Esta chaqueta de cuero de la marca italiana Versano es una chaqueta de cuatro estaciones. El italiano est\u00e1 equipado con una cremallera recta y dos bolsillos laterales con cremallera, dos bolsillos en el pecho con cremallera y un bolsillo interior. duradera piel de cordero tiene un muy buen lavado. Estos chaqueta de cuero de las se\u00f1oras tambi\u00e9n est\u00e1 disponible en el co\u00f1ac.<\/p>","protected":false},"featured_media":5099,"comment_status":"closed","ping_status":"closed","template":"","meta":[],"product_brand":[],"product_cat":[90,1712],"product_tag":[691,692,443,446,95,693,98,349,694,142,101,105,106,107],"class_list":{"0":"post-5093","1":"product","2":"type-product","3":"status-publish","4":"has-post-thumbnail","6":"product_cat-dames-leren-jassen","7":"product_cat-leren-jassen","8":"product_tag-bruin","9":"product_tag-bruine-lederen-dames-jas","10":"product_tag-bruine-leren-dames-jas","11":"product_tag-dames-leren-jas-bruin","12":"product_tag-korte-leren-jassen","13":"product_tag-lederen-dames-jas-bruin","14":"product_tag-leren-jasje","15":"product_tag-leren-jassen","16":"product_tag-online-bruine-leren-dames-jas","17":"product_tag-online-dames-leren-jassen","18":"product_tag-online-leren-jassen","19":"product_tag-versano-leren-jassen","20":"product_tag-winter-leren-jassen","21":"product_tag-zomer-leren-jassen","22":"tm-no-options","24":"first","25":"outofstock","26":"taxable","27":"shipping-taxable","28":"product-type-variable"},"yoast_head":"<!-- This site is optimized with the Yoast SEO plugin v27.2 - https:\/\/yoast.com\/product\/yoast-seo-wordpress\/ -->\n<title>Lederen dames jasje bruin van Versano, leren jasje bruin, leren jas bruin<\/title>\n<meta name=\"description\" content=\"Met deze Lederen dames jasje bruin van Versano mag je echt gezien worden. Deze jas is gemaakt van lamsleer, en is mooi getailleerd\" \/>\n<meta name=\"robots\" content=\"index, follow, max-snippet:-1, max-image-preview:large, max-video-preview:-1\" \/>\n<link rel=\"canonical\" href=\"https:\/\/versano.nl\/es\/shop\/lederen-dames-jasje-bruin-van-versano\/\" \/>\n<meta property=\"og:locale\" content=\"es_ES\" \/>\n<meta property=\"og:type\" content=\"article\" \/>\n<meta property=\"og:title\" content=\"Lederen dames jasje bruin van Versano, leren jasje bruin, leren jas bruin\" \/>\n<meta property=\"og:description\" content=\"Met deze Lederen dames jasje bruin van Versano mag je echt gezien worden. Deze jas is gemaakt van lamsleer, en is mooi getailleerd\" \/>\n<meta property=\"og:url\" content=\"https:\/\/versano.nl\/es\/shop\/lederen-dames-jasje-bruin-van-versano\/\" \/>\n<meta property=\"og:site_name\" content=\"Versano\" \/>\n<meta property=\"article:modified_time\" content=\"2021-02-05T14:50:51+00:00\" \/>\n<meta property=\"og:image\" content=\"https:\/\/versano.nl\/wp-content\/uploads\/2017\/05\/dames-jas-leder-bruin-versano-340-voor.jpg\" \/>\n\t<meta property=\"og:image:width\" content=\"750\" \/>\n\t<meta property=\"og:image:height\" content=\"975\" \/>\n\t<meta property=\"og:image:type\" content=\"image\/jpeg\" \/>\n<meta name=\"twitter:card\" content=\"summary_large_image\" \/>\n<meta name=\"twitter:label1\" content=\"Tiempo de lectura\" \/>\n\t<meta name=\"twitter:data1\" content=\"1 minuto\" \/>\n<script type=\"application\/ld+json\" class=\"yoast-schema-graph\">{\"@context\":\"https:\/\/schema.org\",\"@graph\":[{\"@type\":\"WebPage\",\"@id\":\"https:\/\/versano.nl\/shop\/lederen-dames-jasje-bruin-van-versano\/\",\"url\":\"https:\/\/versano.nl\/shop\/lederen-dames-jasje-bruin-van-versano\/\",\"name\":\"Lederen dames jasje bruin van Versano, leren jasje bruin, leren jas bruin\",\"isPartOf\":{\"@id\":\"https:\/\/versano.nl\/#website\"},\"primaryImageOfPage\":{\"@id\":\"https:\/\/versano.nl\/shop\/lederen-dames-jasje-bruin-van-versano\/#primaryimage\"},\"image\":{\"@id\":\"https:\/\/versano.nl\/shop\/lederen-dames-jasje-bruin-van-versano\/#primaryimage\"},\"thumbnailUrl\":\"https:\/\/versano.nl\/wp-content\/uploads\/2017\/05\/dames-jas-leder-bruin-versano-340-voor.jpg\",\"datePublished\":\"2016-04-05T21:30:25+00:00\",\"dateModified\":\"2021-02-05T14:50:51+00:00\",\"description\":\"Met deze Lederen dames jasje bruin van Versano mag je echt gezien worden. Deze jas is gemaakt van lamsleer, en is mooi getailleerd\",\"breadcrumb\":{\"@id\":\"https:\/\/versano.nl\/shop\/lederen-dames-jasje-bruin-van-versano\/#breadcrumb\"},\"inLanguage\":\"es\",\"potentialAction\":[{\"@type\":\"ReadAction\",\"target\":[\"https:\/\/versano.nl\/shop\/lederen-dames-jasje-bruin-van-versano\/\"]}]},{\"@type\":\"ImageObject\",\"inLanguage\":\"es\",\"@id\":\"https:\/\/versano.nl\/shop\/lederen-dames-jasje-bruin-van-versano\/#primaryimage\",\"url\":\"https:\/\/versano.nl\/wp-content\/uploads\/2017\/05\/dames-jas-leder-bruin-versano-340-voor.jpg\",\"contentUrl\":\"https:\/\/versano.nl\/wp-content\/uploads\/2017\/05\/dames-jas-leder-bruin-versano-340-voor.jpg\",\"width\":750,\"height\":975,\"caption\":\"Lederen dames jasje bruin van Versano\"},{\"@type\":\"BreadcrumbList\",\"@id\":\"https:\/\/versano.nl\/shop\/lederen-dames-jasje-bruin-van-versano\/#breadcrumb\",\"itemListElement\":[{\"@type\":\"ListItem\",\"position\":1,\"name\":\"Home\",\"item\":\"https:\/\/versano.nl\/\"},{\"@type\":\"ListItem\",\"position\":2,\"name\":\"Shop\",\"item\":\"https:\/\/versano.nl\/shop\/\"},{\"@type\":\"ListItem\",\"position\":3,\"name\":\"Lederen dames jasje bruin van Versano\"}]},{\"@type\":\"WebSite\",\"@id\":\"https:\/\/versano.nl\/#website\",\"url\":\"https:\/\/versano.nl\/\",\"name\":\"Versano\",\"description\":\"winterjassen met bontkraag | leren dames jassen | leren heren jassen\",\"potentialAction\":[{\"@type\":\"SearchAction\",\"target\":{\"@type\":\"EntryPoint\",\"urlTemplate\":\"https:\/\/versano.nl\/?s={search_term_string}\"},\"query-input\":{\"@type\":\"PropertyValueSpecification\",\"valueRequired\":true,\"valueName\":\"search_term_string\"}}],\"inLanguage\":\"es\"}]}<\/script>\n<!-- \/ Yoast SEO plugin. -->","yoast_head_json":{"title":"Chaqueta de cuero para mujer en marr\u00f3n de Versano, chaqueta de cuero en marr\u00f3n, chaqueta de cuero en marr\u00f3n","description":"Con esta chaqueta de cuero marr\u00f3n de Versano se puede ver realmente. Esta chaqueta est\u00e1 hecha de piel de cordero y est\u00e1 muy bien ajustada.","robots":{"index":"index","follow":"follow","max-snippet":"max-snippet:-1","max-image-preview":"max-image-preview:large","max-video-preview":"max-video-preview:-1"},"canonical":"https:\/\/versano.nl\/es\/shop\/lederen-dames-jasje-bruin-van-versano\/","og_locale":"es_ES","og_type":"article","og_title":"Lederen dames jasje bruin van Versano, leren jasje bruin, leren jas bruin","og_description":"Met deze Lederen dames jasje bruin van Versano mag je echt gezien worden. Deze jas is gemaakt van lamsleer, en is mooi getailleerd","og_url":"https:\/\/versano.nl\/es\/shop\/lederen-dames-jasje-bruin-van-versano\/","og_site_name":"Versano","article_modified_time":"2021-02-05T14:50:51+00:00","og_image":[{"width":750,"height":975,"url":"https:\/\/versano.nl\/wp-content\/uploads\/2017\/05\/dames-jas-leder-bruin-versano-340-voor.jpg","type":"image\/jpeg"}],"twitter_card":"summary_large_image","twitter_misc":{"Tiempo de lectura":"1 minuto"},"schema":{"@context":"https:\/\/schema.org","@graph":[{"@type":"WebPage","@id":"https:\/\/versano.nl\/shop\/lederen-dames-jasje-bruin-van-versano\/","url":"https:\/\/versano.nl\/shop\/lederen-dames-jasje-bruin-van-versano\/","name":"Chaqueta de cuero para mujer en marr\u00f3n de Versano, chaqueta de cuero en marr\u00f3n, chaqueta de cuero en marr\u00f3n","isPartOf":{"@id":"https:\/\/versano.nl\/#website"},"primaryImageOfPage":{"@id":"https:\/\/versano.nl\/shop\/lederen-dames-jasje-bruin-van-versano\/#primaryimage"},"image":{"@id":"https:\/\/versano.nl\/shop\/lederen-dames-jasje-bruin-van-versano\/#primaryimage"},"thumbnailUrl":"https:\/\/versano.nl\/wp-content\/uploads\/2017\/05\/dames-jas-leder-bruin-versano-340-voor.jpg","datePublished":"2016-04-05T21:30:25+00:00","dateModified":"2021-02-05T14:50:51+00:00","description":"Con esta chaqueta de cuero marr\u00f3n de Versano se puede ver realmente. Esta chaqueta est\u00e1 hecha de piel de cordero y est\u00e1 muy bien ajustada.","breadcrumb":{"@id":"https:\/\/versano.nl\/shop\/lederen-dames-jasje-bruin-van-versano\/#breadcrumb"},"inLanguage":"es","potentialAction":[{"@type":"ReadAction","target":["https:\/\/versano.nl\/shop\/lederen-dames-jasje-bruin-van-versano\/"]}]},{"@type":"ImageObject","inLanguage":"es","@id":"https:\/\/versano.nl\/shop\/lederen-dames-jasje-bruin-van-versano\/#primaryimage","url":"https:\/\/versano.nl\/wp-content\/uploads\/2017\/05\/dames-jas-leder-bruin-versano-340-voor.jpg","contentUrl":"https:\/\/versano.nl\/wp-content\/uploads\/2017\/05\/dames-jas-leder-bruin-versano-340-voor.jpg","width":750,"height":975,"caption":"Lederen dames jasje bruin van Versano"},{"@type":"BreadcrumbList","@id":"https:\/\/versano.nl\/shop\/lederen-dames-jasje-bruin-van-versano\/#breadcrumb","itemListElement":[{"@type":"ListItem","position":1,"name":"Home","item":"https:\/\/versano.nl\/"},{"@type":"ListItem","position":2,"name":"Shop","item":"https:\/\/versano.nl\/shop\/"},{"@type":"ListItem","position":3,"name":"Lederen dames jasje bruin van Versano"}]},{"@type":"WebSite","@id":"https:\/\/versano.nl\/#website","url":"https:\/\/versano.nl\/","name":"Versano","description":"abrigos de invierno con cuello de piel | chaquetas de cuero para mujer | chaquetas de cuero para hombre","potentialAction":[{"@type":"SearchAction","target":{"@type":"EntryPoint","urlTemplate":"https:\/\/versano.nl\/?s={search_term_string}"},"query-input":{"@type":"PropertyValueSpecification","valueRequired":true,"valueName":"search_term_string"}}],"inLanguage":"es"}]}},"_links":{"self":[{"href":"https:\/\/versano.nl\/es\/wp-json\/wp\/v2\/product\/5093","targetHints":{"allow":["GET"]}}],"collection":[{"href":"https:\/\/versano.nl\/es\/wp-json\/wp\/v2\/product"}],"about":[{"href":"https:\/\/versano.nl\/es\/wp-json\/wp\/v2\/types\/product"}],"replies":[{"embeddable":true,"href":"https:\/\/versano.nl\/es\/wp-json\/wp\/v2\/comments?post=5093"}],"wp:featuredmedia":[{"embeddable":true,"href":"https:\/\/versano.nl\/es\/wp-json\/wp\/v2\/media\/5099"}],"wp:attachment":[{"href":"https:\/\/versano.nl\/es\/wp-json\/wp\/v2\/media?parent=5093"}],"wp:term":[{"taxonomy":"product_brand","embeddable":true,"href":"https:\/\/versano.nl\/es\/wp-json\/wp\/v2\/product_brand?post=5093"},{"taxonomy":"product_cat","embeddable":true,"href":"https:\/\/versano.nl\/es\/wp-json\/wp\/v2\/product_cat?post=5093"},{"taxonomy":"product_tag","embeddable":true,"href":"https:\/\/versano.nl\/es\/wp-json\/wp\/v2\/product_tag?post=5093"}],"curies":[{"name":"wp","href":"https:\/\/api.w.org\/{rel}","templated":true}]}}