{"id":5028,"date":"2016-04-05T22:53:39","date_gmt":"2016-04-05T22:53:39","guid":{"rendered":"http:\/\/leathershopdoci.nl\/?post_type=product&#038;p=10258"},"modified":"2020-04-27T10:19:12","modified_gmt":"2020-04-27T10:19:12","slug":"imitatieleren-jas-dames-versano-miami-beige","status":"publish","type":"product","link":"https:\/\/versano.nl\/es\/shop\/imitatieleren-jas-dames-versano-miami-beige\/","title":{"rendered":"La imitaci\u00f3n de cuero de la chaqueta de las se\u00f1oras Versano Miami Beige"},"content":{"rendered":"<h2>La imitaci\u00f3n de cuero de la chaqueta de las se\u00f1oras Versano Miami Beige<\/h2>\n<p>marca: <a href=\"https:\/\/versano.nl\/\" target=\"_blank\" rel=\"noopener noreferrer\">Versano<\/a><br \/>\nMaterial: 100% cuero Rexion<br \/>\nForro: 100% poli\u00e9ster<br \/>\nlongitud: corto<br \/>\nMontar: Largo<br \/>\nCierre: cremallera<br \/>\nBolsillos: bolsillo con cremallera<br \/>\nCollar: de pie cuello<br \/>\ncapa externa de material: cuero sint\u00e9tico suave muy alta calidad<br \/>\nTiempo: 1-3 d\u00edas<\/p>","protected":false},"excerpt":{"rendered":"<p>Imitatieleren jas dames Versano Miami Beige Merk: Versano Materiaal: 100% Rexion leer Voering: 100% polyester lengte: kort Pasvorm:\u00a0normaal sluiting: ritssluiting zakken: insteekzakken met ritssluiting Kraag: staande kraag Materiaal buitenlaag: Zeer hoge kwaliteit zacht imitatieleer Levertijd: 1-3 dagen<\/p>","protected":false},"featured_media":5034,"comment_status":"closed","ping_status":"closed","template":"","meta":[],"product_brand":[],"product_cat":[124],"product_tag":[552,672,95,98,349,142,101,105,106,107],"class_list":{"0":"post-5028","1":"product","2":"type-product","3":"status-publish","4":"has-post-thumbnail","6":"product_cat-imitatieleren-jassen-dames","7":"product_tag-beige","8":"product_tag-imitatieleren-jas-beige","9":"product_tag-korte-leren-jassen","10":"product_tag-leren-jasje","11":"product_tag-leren-jassen","12":"product_tag-online-dames-leren-jassen","13":"product_tag-online-leren-jassen","14":"product_tag-versano-leren-jassen","15":"product_tag-winter-leren-jassen","16":"product_tag-zomer-leren-jassen","17":"product_shipping_class-verzendkosten-1","18":"tm-no-options","20":"first","21":"outofstock","22":"taxable","23":"shipping-taxable","24":"purchasable","25":"product-type-variable"},"yoast_head":"<!-- This site is optimized with the Yoast SEO plugin v27.2 - https:\/\/yoast.com\/product\/yoast-seo-wordpress\/ -->\n<title>Imitatieleren jas dames Versano Miami Beige - Leather Shop Doci<\/title>\n<meta name=\"description\" content=\"Deze Imitatieleren jas dames Versano Miami Beige is gemaakt van Italiaanse rexion leer. Rexion leer bestaat uit zeer hoogwaardige kwaliteit kunst..\" \/>\n<meta name=\"robots\" content=\"index, follow, max-snippet:-1, max-image-preview:large, max-video-preview:-1\" \/>\n<link rel=\"canonical\" href=\"https:\/\/versano.nl\/es\/shop\/imitatieleren-jas-dames-versano-miami-beige\/\" \/>\n<meta property=\"og:locale\" content=\"es_ES\" \/>\n<meta property=\"og:type\" content=\"article\" \/>\n<meta property=\"og:title\" content=\"Imitatieleren jas dames Versano Miami Beige - Leather Shop Doci\" \/>\n<meta property=\"og:description\" content=\"Deze Imitatieleren jas dames Versano Miami Beige is gemaakt van Italiaanse rexion leer. Rexion leer bestaat uit zeer hoogwaardige kwaliteit kunst..\" \/>\n<meta property=\"og:url\" content=\"https:\/\/versano.nl\/es\/shop\/imitatieleren-jas-dames-versano-miami-beige\/\" \/>\n<meta property=\"og:site_name\" content=\"Versano\" \/>\n<meta property=\"article:modified_time\" content=\"2020-04-27T10:19:12+00:00\" \/>\n<meta property=\"og:image\" content=\"https:\/\/versano.nl\/wp-content\/uploads\/2017\/05\/imitatie-leren-dames-jas-versano-miami-beige-voor.jpg\" \/>\n\t<meta property=\"og:image:width\" content=\"750\" \/>\n\t<meta property=\"og:image:height\" content=\"975\" \/>\n\t<meta property=\"og:image:type\" content=\"image\/jpeg\" \/>\n<meta name=\"twitter:card\" content=\"summary_large_image\" \/>\n<script type=\"application\/ld+json\" class=\"yoast-schema-graph\">{\"@context\":\"https:\/\/schema.org\",\"@graph\":[{\"@type\":\"WebPage\",\"@id\":\"https:\/\/versano.nl\/shop\/imitatieleren-jas-dames-versano-miami-beige\/\",\"url\":\"https:\/\/versano.nl\/shop\/imitatieleren-jas-dames-versano-miami-beige\/\",\"name\":\"Imitatieleren jas dames Versano Miami Beige - Leather Shop Doci\",\"isPartOf\":{\"@id\":\"https:\/\/versano.nl\/#website\"},\"primaryImageOfPage\":{\"@id\":\"https:\/\/versano.nl\/shop\/imitatieleren-jas-dames-versano-miami-beige\/#primaryimage\"},\"image\":{\"@id\":\"https:\/\/versano.nl\/shop\/imitatieleren-jas-dames-versano-miami-beige\/#primaryimage\"},\"thumbnailUrl\":\"https:\/\/versano.nl\/wp-content\/uploads\/2017\/05\/imitatie-leren-dames-jas-versano-miami-beige-voor.jpg\",\"datePublished\":\"2016-04-05T22:53:39+00:00\",\"dateModified\":\"2020-04-27T10:19:12+00:00\",\"description\":\"Deze Imitatieleren jas dames Versano Miami Beige is gemaakt van Italiaanse rexion leer. Rexion leer bestaat uit zeer hoogwaardige kwaliteit kunst..\",\"breadcrumb\":{\"@id\":\"https:\/\/versano.nl\/shop\/imitatieleren-jas-dames-versano-miami-beige\/#breadcrumb\"},\"inLanguage\":\"es\",\"potentialAction\":[{\"@type\":\"ReadAction\",\"target\":[\"https:\/\/versano.nl\/shop\/imitatieleren-jas-dames-versano-miami-beige\/\"]}]},{\"@type\":\"ImageObject\",\"inLanguage\":\"es\",\"@id\":\"https:\/\/versano.nl\/shop\/imitatieleren-jas-dames-versano-miami-beige\/#primaryimage\",\"url\":\"https:\/\/versano.nl\/wp-content\/uploads\/2017\/05\/imitatie-leren-dames-jas-versano-miami-beige-voor.jpg\",\"contentUrl\":\"https:\/\/versano.nl\/wp-content\/uploads\/2017\/05\/imitatie-leren-dames-jas-versano-miami-beige-voor.jpg\",\"width\":750,\"height\":975},{\"@type\":\"BreadcrumbList\",\"@id\":\"https:\/\/versano.nl\/shop\/imitatieleren-jas-dames-versano-miami-beige\/#breadcrumb\",\"itemListElement\":[{\"@type\":\"ListItem\",\"position\":1,\"name\":\"Home\",\"item\":\"https:\/\/versano.nl\/\"},{\"@type\":\"ListItem\",\"position\":2,\"name\":\"Shop\",\"item\":\"https:\/\/versano.nl\/shop\/\"},{\"@type\":\"ListItem\",\"position\":3,\"name\":\"Imitatieleren jas dames Versano Miami Beige\"}]},{\"@type\":\"WebSite\",\"@id\":\"https:\/\/versano.nl\/#website\",\"url\":\"https:\/\/versano.nl\/\",\"name\":\"Versano\",\"description\":\"winterjassen met bontkraag | leren dames jassen | leren heren jassen\",\"potentialAction\":[{\"@type\":\"SearchAction\",\"target\":{\"@type\":\"EntryPoint\",\"urlTemplate\":\"https:\/\/versano.nl\/?s={search_term_string}\"},\"query-input\":{\"@type\":\"PropertyValueSpecification\",\"valueRequired\":true,\"valueName\":\"search_term_string\"}}],\"inLanguage\":\"es\"}]}<\/script>\n<!-- \/ Yoast SEO plugin. -->","yoast_head_json":{"title":"Chaqueta de piel sint\u00e9tica para damas Versano Miami Beige - Leather Shop Doci","description":"Esta chaqueta de cuero de imitaci\u00f3n para damas Versano Miami Beige est\u00e1 hecha de cuero italiano rexion. El cuero Rexion est\u00e1 formado por arte de muy alta calidad.","robots":{"index":"index","follow":"follow","max-snippet":"max-snippet:-1","max-image-preview":"max-image-preview:large","max-video-preview":"max-video-preview:-1"},"canonical":"https:\/\/versano.nl\/es\/shop\/imitatieleren-jas-dames-versano-miami-beige\/","og_locale":"es_ES","og_type":"article","og_title":"Imitatieleren jas dames Versano Miami Beige - Leather Shop Doci","og_description":"Deze Imitatieleren jas dames Versano Miami Beige is gemaakt van Italiaanse rexion leer. Rexion leer bestaat uit zeer hoogwaardige kwaliteit kunst..","og_url":"https:\/\/versano.nl\/es\/shop\/imitatieleren-jas-dames-versano-miami-beige\/","og_site_name":"Versano","article_modified_time":"2020-04-27T10:19:12+00:00","og_image":[{"width":750,"height":975,"url":"https:\/\/versano.nl\/wp-content\/uploads\/2017\/05\/imitatie-leren-dames-jas-versano-miami-beige-voor.jpg","type":"image\/jpeg"}],"twitter_card":"summary_large_image","schema":{"@context":"https:\/\/schema.org","@graph":[{"@type":"WebPage","@id":"https:\/\/versano.nl\/shop\/imitatieleren-jas-dames-versano-miami-beige\/","url":"https:\/\/versano.nl\/shop\/imitatieleren-jas-dames-versano-miami-beige\/","name":"Chaqueta de piel sint\u00e9tica para damas Versano Miami Beige - Leather Shop Doci","isPartOf":{"@id":"https:\/\/versano.nl\/#website"},"primaryImageOfPage":{"@id":"https:\/\/versano.nl\/shop\/imitatieleren-jas-dames-versano-miami-beige\/#primaryimage"},"image":{"@id":"https:\/\/versano.nl\/shop\/imitatieleren-jas-dames-versano-miami-beige\/#primaryimage"},"thumbnailUrl":"https:\/\/versano.nl\/wp-content\/uploads\/2017\/05\/imitatie-leren-dames-jas-versano-miami-beige-voor.jpg","datePublished":"2016-04-05T22:53:39+00:00","dateModified":"2020-04-27T10:19:12+00:00","description":"Esta chaqueta de cuero de imitaci\u00f3n para damas Versano Miami Beige est\u00e1 hecha de cuero italiano rexion. El cuero Rexion est\u00e1 formado por arte de muy alta calidad.","breadcrumb":{"@id":"https:\/\/versano.nl\/shop\/imitatieleren-jas-dames-versano-miami-beige\/#breadcrumb"},"inLanguage":"es","potentialAction":[{"@type":"ReadAction","target":["https:\/\/versano.nl\/shop\/imitatieleren-jas-dames-versano-miami-beige\/"]}]},{"@type":"ImageObject","inLanguage":"es","@id":"https:\/\/versano.nl\/shop\/imitatieleren-jas-dames-versano-miami-beige\/#primaryimage","url":"https:\/\/versano.nl\/wp-content\/uploads\/2017\/05\/imitatie-leren-dames-jas-versano-miami-beige-voor.jpg","contentUrl":"https:\/\/versano.nl\/wp-content\/uploads\/2017\/05\/imitatie-leren-dames-jas-versano-miami-beige-voor.jpg","width":750,"height":975},{"@type":"BreadcrumbList","@id":"https:\/\/versano.nl\/shop\/imitatieleren-jas-dames-versano-miami-beige\/#breadcrumb","itemListElement":[{"@type":"ListItem","position":1,"name":"Home","item":"https:\/\/versano.nl\/"},{"@type":"ListItem","position":2,"name":"Shop","item":"https:\/\/versano.nl\/shop\/"},{"@type":"ListItem","position":3,"name":"Imitatieleren jas dames Versano Miami Beige"}]},{"@type":"WebSite","@id":"https:\/\/versano.nl\/#website","url":"https:\/\/versano.nl\/","name":"Versano","description":"abrigos de invierno con cuello de piel | chaquetas de cuero para mujer | chaquetas de cuero para hombre","potentialAction":[{"@type":"SearchAction","target":{"@type":"EntryPoint","urlTemplate":"https:\/\/versano.nl\/?s={search_term_string}"},"query-input":{"@type":"PropertyValueSpecification","valueRequired":true,"valueName":"search_term_string"}}],"inLanguage":"es"}]}},"_links":{"self":[{"href":"https:\/\/versano.nl\/es\/wp-json\/wp\/v2\/product\/5028","targetHints":{"allow":["GET"]}}],"collection":[{"href":"https:\/\/versano.nl\/es\/wp-json\/wp\/v2\/product"}],"about":[{"href":"https:\/\/versano.nl\/es\/wp-json\/wp\/v2\/types\/product"}],"replies":[{"embeddable":true,"href":"https:\/\/versano.nl\/es\/wp-json\/wp\/v2\/comments?post=5028"}],"wp:featuredmedia":[{"embeddable":true,"href":"https:\/\/versano.nl\/es\/wp-json\/wp\/v2\/media\/5034"}],"wp:attachment":[{"href":"https:\/\/versano.nl\/es\/wp-json\/wp\/v2\/media?parent=5028"}],"wp:term":[{"taxonomy":"product_brand","embeddable":true,"href":"https:\/\/versano.nl\/es\/wp-json\/wp\/v2\/product_brand?post=5028"},{"taxonomy":"product_cat","embeddable":true,"href":"https:\/\/versano.nl\/es\/wp-json\/wp\/v2\/product_cat?post=5028"},{"taxonomy":"product_tag","embeddable":true,"href":"https:\/\/versano.nl\/es\/wp-json\/wp\/v2\/product_tag?post=5028"}],"curies":[{"name":"wp","href":"https:\/\/api.w.org\/{rel}","templated":true}]}}