{"id":4982,"date":"2016-04-06T12:29:41","date_gmt":"2016-04-06T12:29:41","guid":{"rendered":"http:\/\/leathershopdoci.nl\/?post_type=product&#038;p=10291"},"modified":"2020-05-19T09:08:55","modified_gmt":"2020-05-19T09:08:55","slug":"imitatieleren-jas-dames-versano-lr-315-beige","status":"publish","type":"product","link":"https:\/\/versano.nl\/es\/shop\/imitatieleren-jas-dames-versano-lr-315-beige\/","title":{"rendered":"La imitaci\u00f3n de cuero de la chaqueta de las se\u00f1oras Versano LR 315 Beige"},"content":{"rendered":"<h2>La imitaci\u00f3n de cuero de la chaqueta de las se\u00f1oras Versano LR 315 Beige<\/h2>\n<p>marca: <a title=\"versano\" href=\"https:\/\/versano.nl\" target=\"_blank\" rel=\"noopener noreferrer\">Versano<\/a><br \/>\nMaterial: 100% cuero Rexion<br \/>\nForro: 100% poli\u00e9ster<br \/>\nlongitud: corto<br \/>\nPoner: buena<br \/>\nCierre: cremallera<br \/>\nBolsillos: bolsillo con cremallera<br \/>\nCollar: de pie cuello<br \/>\ncapa externa de material: cuero sint\u00e9tico suave muy alta calidad<br \/>\nTiempo: 1-3 d\u00edas<\/p>","protected":false},"excerpt":{"rendered":"<p>Imitatieleren jas dames Versano LR 315 Beige Merk: Versano Materiaal: 100%\u00a0Rexion leer Voering: 100% polyester lengte: kort Pasvorm:\u00a0goed sluiting: ritssluiting zakken: insteekzakken met ritssluiting Kraag: staande kraag Materiaal buitenlaag: Zeer hoge kwaliteit zacht\u00a0imitatieleer Levertijd: 1-3 dagen<\/p>","protected":false},"featured_media":4984,"comment_status":"closed","ping_status":"closed","template":"","meta":[],"product_brand":[],"product_cat":[15,124],"product_tag":[552,667,668,191,669,670,671,672,487,67,673,674,68,675,676,677,678,679,680],"class_list":{"0":"post-4982","1":"product","2":"type-product","3":"status-publish","4":"has-post-thumbnail","6":"product_cat-imitatieleren-jassen","7":"product_cat-imitatieleren-jassen-dames","8":"product_tag-beige","9":"product_tag-beige-lederlook-dames-jas","10":"product_tag-dames-imitatieleer-beige","11":"product_tag-dames-jas","12":"product_tag-dames-jas-beige-kunstleer","13":"product_tag-imitatieleren-dames-jas-beige","14":"product_tag-imitatieleren-dames-jas-creme","15":"product_tag-imitatieleren-jas-beige","16":"product_tag-imitatieleren-jas-dames-beige","17":"product_tag-kunstleer","18":"product_tag-kunstleer-dames-jas-beige","19":"product_tag-kunstleren-dames-jas-beige","20":"product_tag-leatherlook-jas","21":"product_tag-lederlook-dames-jas-camel","22":"product_tag-lederlook-dames-jas-creme","23":"product_tag-leren-dames-jas-beige","24":"product_tag-leren-jas-beige","25":"product_tag-online-imitatie-leren-dames-jas-beige","26":"product_tag-online-imitatie-lerendames-jas","27":"product_shipping_class-verzendkosten-1","28":"tm-no-options","30":"first","31":"outofstock","32":"taxable","33":"shipping-taxable","34":"purchasable","35":"product-type-variable"},"yoast_head":"<!-- This site is optimized with the Yoast SEO plugin v27.2 - https:\/\/yoast.com\/product\/yoast-seo-wordpress\/ -->\n<title>Imitatieleren jas dames Versano LR 315 Beige, lederlook dames jas beige<\/title>\n<meta name=\"description\" content=\"Imitatieleren jas dames Versano LR 315 Beige\" \/>\n<meta name=\"robots\" content=\"index, follow, max-snippet:-1, max-image-preview:large, max-video-preview:-1\" \/>\n<link rel=\"canonical\" href=\"https:\/\/versano.nl\/es\/shop\/imitatieleren-jas-dames-versano-lr-315-beige\/\" \/>\n<meta property=\"og:locale\" content=\"es_ES\" \/>\n<meta property=\"og:type\" content=\"article\" \/>\n<meta property=\"og:title\" content=\"Imitatieleren jas dames Versano LR 315 Beige, lederlook dames jas beige\" \/>\n<meta property=\"og:description\" content=\"Imitatieleren jas dames Versano LR 315 Beige\" \/>\n<meta property=\"og:url\" content=\"https:\/\/versano.nl\/es\/shop\/imitatieleren-jas-dames-versano-lr-315-beige\/\" \/>\n<meta property=\"og:site_name\" content=\"Versano\" \/>\n<meta property=\"article:modified_time\" content=\"2020-05-19T09:08:55+00:00\" \/>\n<meta property=\"og:image\" content=\"https:\/\/versano.nl\/wp-content\/uploads\/2017\/05\/imitatieleren-dames-jas-versano-315-beige-voor.jpg\" \/>\n\t<meta property=\"og:image:width\" content=\"750\" \/>\n\t<meta property=\"og:image:height\" content=\"980\" \/>\n\t<meta property=\"og:image:type\" content=\"image\/jpeg\" \/>\n<meta name=\"twitter:card\" content=\"summary_large_image\" \/>\n<script type=\"application\/ld+json\" class=\"yoast-schema-graph\">{\"@context\":\"https:\/\/schema.org\",\"@graph\":[{\"@type\":\"WebPage\",\"@id\":\"https:\/\/versano.nl\/shop\/imitatieleren-jas-dames-versano-lr-315-beige\/\",\"url\":\"https:\/\/versano.nl\/shop\/imitatieleren-jas-dames-versano-lr-315-beige\/\",\"name\":\"Imitatieleren jas dames Versano LR 315 Beige, lederlook dames jas beige\",\"isPartOf\":{\"@id\":\"https:\/\/versano.nl\/#website\"},\"primaryImageOfPage\":{\"@id\":\"https:\/\/versano.nl\/shop\/imitatieleren-jas-dames-versano-lr-315-beige\/#primaryimage\"},\"image\":{\"@id\":\"https:\/\/versano.nl\/shop\/imitatieleren-jas-dames-versano-lr-315-beige\/#primaryimage\"},\"thumbnailUrl\":\"https:\/\/versano.nl\/wp-content\/uploads\/2017\/05\/imitatieleren-dames-jas-versano-315-beige-voor.jpg\",\"datePublished\":\"2016-04-06T12:29:41+00:00\",\"dateModified\":\"2020-05-19T09:08:55+00:00\",\"description\":\"Imitatieleren jas dames Versano LR 315 Beige\",\"breadcrumb\":{\"@id\":\"https:\/\/versano.nl\/shop\/imitatieleren-jas-dames-versano-lr-315-beige\/#breadcrumb\"},\"inLanguage\":\"es\",\"potentialAction\":[{\"@type\":\"ReadAction\",\"target\":[\"https:\/\/versano.nl\/shop\/imitatieleren-jas-dames-versano-lr-315-beige\/\"]}]},{\"@type\":\"ImageObject\",\"inLanguage\":\"es\",\"@id\":\"https:\/\/versano.nl\/shop\/imitatieleren-jas-dames-versano-lr-315-beige\/#primaryimage\",\"url\":\"https:\/\/versano.nl\/wp-content\/uploads\/2017\/05\/imitatieleren-dames-jas-versano-315-beige-voor.jpg\",\"contentUrl\":\"https:\/\/versano.nl\/wp-content\/uploads\/2017\/05\/imitatieleren-dames-jas-versano-315-beige-voor.jpg\",\"width\":750,\"height\":980},{\"@type\":\"BreadcrumbList\",\"@id\":\"https:\/\/versano.nl\/shop\/imitatieleren-jas-dames-versano-lr-315-beige\/#breadcrumb\",\"itemListElement\":[{\"@type\":\"ListItem\",\"position\":1,\"name\":\"Home\",\"item\":\"https:\/\/versano.nl\/\"},{\"@type\":\"ListItem\",\"position\":2,\"name\":\"Shop\",\"item\":\"https:\/\/versano.nl\/shop\/\"},{\"@type\":\"ListItem\",\"position\":3,\"name\":\"Imitatieleren jas dames Versano LR 315 Beige\"}]},{\"@type\":\"WebSite\",\"@id\":\"https:\/\/versano.nl\/#website\",\"url\":\"https:\/\/versano.nl\/\",\"name\":\"Versano\",\"description\":\"winterjassen met bontkraag | leren dames jassen | leren heren jassen\",\"potentialAction\":[{\"@type\":\"SearchAction\",\"target\":{\"@type\":\"EntryPoint\",\"urlTemplate\":\"https:\/\/versano.nl\/?s={search_term_string}\"},\"query-input\":{\"@type\":\"PropertyValueSpecification\",\"valueRequired\":true,\"valueName\":\"search_term_string\"}}],\"inLanguage\":\"es\"}]}<\/script>\n<!-- \/ Yoast SEO plugin. -->","yoast_head_json":{"title":"Chaqueta de piel sint\u00e9tica para damas Versano LR 315 Beige, chaqueta de mujer de cuero beige","description":"La imitaci\u00f3n de cuero de la chaqueta de las se\u00f1oras Versano LR 315 Beige","robots":{"index":"index","follow":"follow","max-snippet":"max-snippet:-1","max-image-preview":"max-image-preview:large","max-video-preview":"max-video-preview:-1"},"canonical":"https:\/\/versano.nl\/es\/shop\/imitatieleren-jas-dames-versano-lr-315-beige\/","og_locale":"es_ES","og_type":"article","og_title":"Imitatieleren jas dames Versano LR 315 Beige, lederlook dames jas beige","og_description":"Imitatieleren jas dames Versano LR 315 Beige","og_url":"https:\/\/versano.nl\/es\/shop\/imitatieleren-jas-dames-versano-lr-315-beige\/","og_site_name":"Versano","article_modified_time":"2020-05-19T09:08:55+00:00","og_image":[{"width":750,"height":980,"url":"https:\/\/versano.nl\/wp-content\/uploads\/2017\/05\/imitatieleren-dames-jas-versano-315-beige-voor.jpg","type":"image\/jpeg"}],"twitter_card":"summary_large_image","schema":{"@context":"https:\/\/schema.org","@graph":[{"@type":"WebPage","@id":"https:\/\/versano.nl\/shop\/imitatieleren-jas-dames-versano-lr-315-beige\/","url":"https:\/\/versano.nl\/shop\/imitatieleren-jas-dames-versano-lr-315-beige\/","name":"Chaqueta de piel sint\u00e9tica para damas Versano LR 315 Beige, chaqueta de mujer de cuero beige","isPartOf":{"@id":"https:\/\/versano.nl\/#website"},"primaryImageOfPage":{"@id":"https:\/\/versano.nl\/shop\/imitatieleren-jas-dames-versano-lr-315-beige\/#primaryimage"},"image":{"@id":"https:\/\/versano.nl\/shop\/imitatieleren-jas-dames-versano-lr-315-beige\/#primaryimage"},"thumbnailUrl":"https:\/\/versano.nl\/wp-content\/uploads\/2017\/05\/imitatieleren-dames-jas-versano-315-beige-voor.jpg","datePublished":"2016-04-06T12:29:41+00:00","dateModified":"2020-05-19T09:08:55+00:00","description":"La imitaci\u00f3n de cuero de la chaqueta de las se\u00f1oras Versano LR 315 Beige","breadcrumb":{"@id":"https:\/\/versano.nl\/shop\/imitatieleren-jas-dames-versano-lr-315-beige\/#breadcrumb"},"inLanguage":"es","potentialAction":[{"@type":"ReadAction","target":["https:\/\/versano.nl\/shop\/imitatieleren-jas-dames-versano-lr-315-beige\/"]}]},{"@type":"ImageObject","inLanguage":"es","@id":"https:\/\/versano.nl\/shop\/imitatieleren-jas-dames-versano-lr-315-beige\/#primaryimage","url":"https:\/\/versano.nl\/wp-content\/uploads\/2017\/05\/imitatieleren-dames-jas-versano-315-beige-voor.jpg","contentUrl":"https:\/\/versano.nl\/wp-content\/uploads\/2017\/05\/imitatieleren-dames-jas-versano-315-beige-voor.jpg","width":750,"height":980},{"@type":"BreadcrumbList","@id":"https:\/\/versano.nl\/shop\/imitatieleren-jas-dames-versano-lr-315-beige\/#breadcrumb","itemListElement":[{"@type":"ListItem","position":1,"name":"Home","item":"https:\/\/versano.nl\/"},{"@type":"ListItem","position":2,"name":"Shop","item":"https:\/\/versano.nl\/shop\/"},{"@type":"ListItem","position":3,"name":"Imitatieleren jas dames Versano LR 315 Beige"}]},{"@type":"WebSite","@id":"https:\/\/versano.nl\/#website","url":"https:\/\/versano.nl\/","name":"Versano","description":"abrigos de invierno con cuello de piel | chaquetas de cuero para mujer | chaquetas de cuero para hombre","potentialAction":[{"@type":"SearchAction","target":{"@type":"EntryPoint","urlTemplate":"https:\/\/versano.nl\/?s={search_term_string}"},"query-input":{"@type":"PropertyValueSpecification","valueRequired":true,"valueName":"search_term_string"}}],"inLanguage":"es"}]}},"_links":{"self":[{"href":"https:\/\/versano.nl\/es\/wp-json\/wp\/v2\/product\/4982","targetHints":{"allow":["GET"]}}],"collection":[{"href":"https:\/\/versano.nl\/es\/wp-json\/wp\/v2\/product"}],"about":[{"href":"https:\/\/versano.nl\/es\/wp-json\/wp\/v2\/types\/product"}],"replies":[{"embeddable":true,"href":"https:\/\/versano.nl\/es\/wp-json\/wp\/v2\/comments?post=4982"}],"wp:featuredmedia":[{"embeddable":true,"href":"https:\/\/versano.nl\/es\/wp-json\/wp\/v2\/media\/4984"}],"wp:attachment":[{"href":"https:\/\/versano.nl\/es\/wp-json\/wp\/v2\/media?parent=4982"}],"wp:term":[{"taxonomy":"product_brand","embeddable":true,"href":"https:\/\/versano.nl\/es\/wp-json\/wp\/v2\/product_brand?post=4982"},{"taxonomy":"product_cat","embeddable":true,"href":"https:\/\/versano.nl\/es\/wp-json\/wp\/v2\/product_cat?post=4982"},{"taxonomy":"product_tag","embeddable":true,"href":"https:\/\/versano.nl\/es\/wp-json\/wp\/v2\/product_tag?post=4982"}],"curies":[{"name":"wp","href":"https:\/\/api.w.org\/{rel}","templated":true}]}}