{"id":4848,"date":"2016-05-14T12:27:59","date_gmt":"2016-05-14T12:27:59","guid":{"rendered":"http:\/\/leathershopdoci.nl\/?post_type=product&#038;p=10555"},"modified":"2025-05-09T10:30:45","modified_gmt":"2025-05-09T10:30:45","slug":"imitatieleren-bikerjack-zwart-heren-versano-tr50","status":"publish","type":"product","link":"https:\/\/versano.nl\/es\/shop\/imitatieleren-bikerjack-zwart-heren-versano-tr50\/","title":{"rendered":"chaqueta de motociclista de los hombres de cuero de imitaci\u00f3n negro TRR 50 Versano"},"content":{"rendered":"<h2>chaqueta de motociclista de los hombres de cuero de imitaci\u00f3n negro TRR 50 Versano<\/h2>\n<p>Esta chaqueta es realmente llamativa y destaca por su comodidad y modelo. Estamos ante una chaqueta que parece dura. Esta chaqueta est\u00e1 hecha de cuero sint\u00e9tico y es realmente una chaqueta de motociclista genial. La chaqueta tiene dos bolsillos laterales profundos con cremallera y un bolsillo interior. Esta chaqueta para hombre tiene un excelente acabado y un corte ce\u00f1ido. No es necesario que seas motociclista para usar esta chaqueta. Le ir\u00e1 igual de bien cuando salga por la noche o vaya a una ocasi\u00f3n especial. Es una chaqueta de hombre de polipiel que puedes llevar en todas las estaciones del a\u00f1o. Con la chaqueta motera hombre imitaci\u00f3n cuero negro TRR 50 Versano obtienes una chaqueta que sin duda te gustar\u00e1. Puede pedir f\u00e1cilmente este modelo en nuestro sitio web en varios colores.<\/p>\n<h2>Solicite el modelo TR50 en negro<\/h2>\n<p>\u00bfBuscas una chaqueta de motociclista de imitaci\u00f3n de cuero genial? Entonces es bueno echar un vistazo a la gama Versano. Vendemos las chaquetas de cuero de la conocida marca Versano. Aqu\u00ed se utilizan los materiales m\u00e1s hermosos, que son moldeados por los mejores dise\u00f1adores en un modelo atractivo y resistente. El TR50 est\u00e1 disponible en los colores negro y co\u00f1ac, por lo que le recomendamos que simplemente vea qu\u00e9 color cree que se adapta mejor a su estilo. Con nosotros, puede elegir f\u00e1cilmente el tama\u00f1o correcto seg\u00fan nuestros videos de instrucciones inteligentes. Entonces siempre puede contactarnos por correo o WhatsApp. \u00a1Nuestros empleados desean ayudarlo!<\/p>\n<p>marca: <a href=\"https:\/\/versano.nl\" target=\"_blank\" rel=\"noopener noreferrer\">Versano<\/a><br \/>\nMaterial: cuero sint\u00e9tico Rexion<br \/>\nForro: 100% poli\u00e9ster<br \/>\nlongitud: corto<br \/>\nAjuste: corte ce\u00f1ido<br \/>\nCierre: cremallera<br \/>\nBolsillos: bolsillo con cremallera<br \/>\nCollar: A-sim\u00e9trica<br \/>\nPlazo de entrega: 2-3 d\u00edas laborables<\/p>","protected":false},"excerpt":{"rendered":"<p style=\"margin: 0cm 0cm 11.25pt 0cm;\"><span style=\"font-family: 'Arial',sans-serif; color: red;\">Consejos de ajuste:\u00a0<\/span><span style=\"font-family: 'Arial',sans-serif;\">El ajuste de esta chaqueta es ajustado. Nuestro modelo mide 1,75 cm y lleva una talla M.<\/span><\/p>\n<p style=\"margin: 0cm 0cm 11.25pt 0cm;\"><span style=\"font-family: 'Arial',sans-serif;\">Si no est\u00e1 seguro de sus medidas, le recomendamos que primero mida las medidas de su talla y las compare con nuestra tabla de tallas. Si no tiene experiencia en medir tama\u00f1os de circunferencia, haga clic en\u00a0<\/span><a href=\"https:\/\/www.youtube.com\/watch?v=3ZSfY87v6pM\"><em><span style=\"font-family: 'Arial',sans-serif; color: windowtext; text-decoration: none;\">AQU\u00cd<\/span><\/em><span style=\"font-family: 'Arial',sans-serif; color: windowtext; text-decoration: none;\">\u00a0<\/span><\/a><span style=\"font-family: 'Arial',sans-serif;\">\u00a0para\u00a0<\/span><a href=\"https:\/\/www.youtube.com\/watch?v=3ZSfY87v6pM\"><em><span style=\"font-family: 'Arial',sans-serif; color: red; text-decoration: none;\">VIDEO<\/span><\/em><\/a><span style=\"font-family: 'Arial',sans-serif;\">\u00a0 con instrucciones. \u00a1Tambi\u00e9n puede llamarnos o enviarnos una aplicaci\u00f3n directamente! Nuestros empleados est\u00e1n siempre disponibles para ayudar.<\/span><\/p>\n<p style=\"margin: 0cm;\"><strong><span style=\"font-family: 'Arial',sans-serif;\">EL TIEMPO DE ENTREGA :<\/span><\/strong><span style=\"font-family: 'Arial',sans-serif;\">\u00a02 a 3 d\u00edas laborables.<\/span><\/p>\n<p style=\"margin: 0cm;\"><span style=\"font-family: 'Arial',sans-serif;\">\u00a0<\/span><\/p>","protected":false},"featured_media":20854,"comment_status":"closed","ping_status":"closed","template":"","meta":[],"product_brand":[],"product_cat":[1672,734,923,16,732,882],"product_tag":[636,1985,637,49,638,1971,639,640,641,478,642,643,479,23,24,1837,1735],"class_list":{"0":"post-4848","1":"product","2":"type-product","3":"status-publish","4":"has-post-thumbnail","6":"product_cat-biker-jas-heren","7":"product_cat-heren-leatherlook-jassen-lederlook-jassen","8":"product_cat-imitatie-leren-jas","9":"product_cat-imitatieleren-jassen-heren","10":"product_cat-leatherlook-jassen","11":"product_cat-versano","12":"product_tag-bikerjack-heren-zwart","13":"product_tag-goedkope-imitatie-leren-heren-jas","14":"product_tag-heren-lederlook-bikerjack","15":"product_tag-heren-zwart","16":"product_tag-imitatie-leren-heren-biker-jack","17":"product_tag-imitatie-leren-heren-jas-kopen","18":"product_tag-imitatie-leren-heren-jas-zwart","19":"product_tag-imitatieleren-bikerjas-zwart-heren","20":"product_tag-imitatieleren-heren-bikerjack-zwart","21":"product_tag-imitatieleren-heren-jas-zwart","22":"product_tag-immitatie-leren-heren-jas-zwart","23":"product_tag-kunstleer-bikerjack-heren-zwart","24":"product_tag-kunstleren-heren-jas-zwart","25":"product_tag-motorjacks-heren","26":"product_tag-stoer-jasje-heren","27":"product_tag-uitverkoop-versano","28":"product_tag-zwarte-biker-jas-heren","29":"product_shipping_class-verzendkosten-1","30":"tm-no-options","32":"first","33":"instock","34":"sale","35":"taxable","36":"shipping-taxable","37":"purchasable","38":"product-type-variable"},"yoast_head":"<!-- This site is optimized with the Yoast SEO plugin v27.2 - https:\/\/yoast.com\/product\/yoast-seo-wordpress\/ -->\n<title>biker jas heren imitatie leer zwart TRR 50 Versano<\/title>\n<meta name=\"description\" content=\"Deze biker jas heren imitatie leer zwart TRR 50 Versano is haast niet te onderscheiden van het leren model. Goed geprijsd en een stoere jas.\" \/>\n<meta name=\"robots\" content=\"index, follow, max-snippet:-1, max-image-preview:large, max-video-preview:-1\" \/>\n<link rel=\"canonical\" href=\"https:\/\/versano.nl\/es\/shop\/imitatieleren-bikerjack-zwart-heren-versano-tr50\/\" \/>\n<meta property=\"og:locale\" content=\"es_ES\" \/>\n<meta property=\"og:type\" content=\"article\" \/>\n<meta property=\"og:title\" content=\"biker jas heren imitatie leer zwart TRR 50 Versano\" \/>\n<meta property=\"og:description\" content=\"Deze biker jas heren imitatie leer zwart TRR 50 Versano is haast niet te onderscheiden van het leren model. Goed geprijsd en een stoere jas.\" \/>\n<meta property=\"og:url\" content=\"https:\/\/versano.nl\/es\/shop\/imitatieleren-bikerjack-zwart-heren-versano-tr50\/\" \/>\n<meta property=\"og:site_name\" content=\"Versano\" \/>\n<meta property=\"article:modified_time\" content=\"2025-05-09T10:30:45+00:00\" \/>\n<meta property=\"og:image\" content=\"https:\/\/versano.nl\/wp-content\/uploads\/2021\/03\/leren-bikerjack-heren-zwart-versano-tr50-model3.jpg\" \/>\n\t<meta property=\"og:image:width\" content=\"900\" \/>\n\t<meta property=\"og:image:height\" content=\"1176\" \/>\n\t<meta property=\"og:image:type\" content=\"image\/jpeg\" \/>\n<meta name=\"twitter:card\" content=\"summary_large_image\" \/>\n<meta name=\"twitter:label1\" content=\"Tiempo de lectura\" \/>\n\t<meta name=\"twitter:data1\" content=\"2 minutos\" \/>\n<script type=\"application\/ld+json\" class=\"yoast-schema-graph\">{\"@context\":\"https:\/\/schema.org\",\"@graph\":[{\"@type\":\"WebPage\",\"@id\":\"https:\/\/versano.nl\/shop\/imitatieleren-bikerjack-zwart-heren-versano-tr50\/\",\"url\":\"https:\/\/versano.nl\/shop\/imitatieleren-bikerjack-zwart-heren-versano-tr50\/\",\"name\":\"biker jas heren imitatie leer zwart TRR 50 Versano\",\"isPartOf\":{\"@id\":\"https:\/\/versano.nl\/#website\"},\"primaryImageOfPage\":{\"@id\":\"https:\/\/versano.nl\/shop\/imitatieleren-bikerjack-zwart-heren-versano-tr50\/#primaryimage\"},\"image\":{\"@id\":\"https:\/\/versano.nl\/shop\/imitatieleren-bikerjack-zwart-heren-versano-tr50\/#primaryimage\"},\"thumbnailUrl\":\"https:\/\/versano.nl\/wp-content\/uploads\/2021\/03\/leren-bikerjack-heren-zwart-versano-tr50-model3.jpg\",\"datePublished\":\"2016-05-14T12:27:59+00:00\",\"dateModified\":\"2025-05-09T10:30:45+00:00\",\"description\":\"Deze biker jas heren imitatie leer zwart TRR 50 Versano is haast niet te onderscheiden van het leren model. Goed geprijsd en een stoere jas.\",\"breadcrumb\":{\"@id\":\"https:\/\/versano.nl\/shop\/imitatieleren-bikerjack-zwart-heren-versano-tr50\/#breadcrumb\"},\"inLanguage\":\"es\",\"potentialAction\":[{\"@type\":\"ReadAction\",\"target\":[\"https:\/\/versano.nl\/shop\/imitatieleren-bikerjack-zwart-heren-versano-tr50\/\"]}]},{\"@type\":\"ImageObject\",\"inLanguage\":\"es\",\"@id\":\"https:\/\/versano.nl\/shop\/imitatieleren-bikerjack-zwart-heren-versano-tr50\/#primaryimage\",\"url\":\"https:\/\/versano.nl\/wp-content\/uploads\/2021\/03\/leren-bikerjack-heren-zwart-versano-tr50-model3.jpg\",\"contentUrl\":\"https:\/\/versano.nl\/wp-content\/uploads\/2021\/03\/leren-bikerjack-heren-zwart-versano-tr50-model3.jpg\",\"width\":900,\"height\":1176,\"caption\":\"leren-bikerjack-heren-zwart-versano-tr50-model\"},{\"@type\":\"BreadcrumbList\",\"@id\":\"https:\/\/versano.nl\/shop\/imitatieleren-bikerjack-zwart-heren-versano-tr50\/#breadcrumb\",\"itemListElement\":[{\"@type\":\"ListItem\",\"position\":1,\"name\":\"Home\",\"item\":\"https:\/\/versano.nl\/\"},{\"@type\":\"ListItem\",\"position\":2,\"name\":\"Shop\",\"item\":\"https:\/\/versano.nl\/shop\/\"},{\"@type\":\"ListItem\",\"position\":3,\"name\":\"biker jas heren imitatie leer zwart TRR 50 Versano\"}]},{\"@type\":\"WebSite\",\"@id\":\"https:\/\/versano.nl\/#website\",\"url\":\"https:\/\/versano.nl\/\",\"name\":\"Versano\",\"description\":\"winterjassen met bontkraag | leren dames jassen | leren heren jassen\",\"potentialAction\":[{\"@type\":\"SearchAction\",\"target\":{\"@type\":\"EntryPoint\",\"urlTemplate\":\"https:\/\/versano.nl\/?s={search_term_string}\"},\"query-input\":{\"@type\":\"PropertyValueSpecification\",\"valueRequired\":true,\"valueName\":\"search_term_string\"}}],\"inLanguage\":\"es\"}]}<\/script>\n<!-- \/ Yoast SEO plugin. -->","yoast_head_json":{"title":"chaqueta de motociclista de los hombres de cuero de imitaci\u00f3n negro TRR 50 Versano","description":"Esta cazadora motera hombre imitaci\u00f3n piel negra TRR 50 Versano es casi indistinguible del modelo de piel. Buen precio y una chaqueta genial.","robots":{"index":"index","follow":"follow","max-snippet":"max-snippet:-1","max-image-preview":"max-image-preview:large","max-video-preview":"max-video-preview:-1"},"canonical":"https:\/\/versano.nl\/es\/shop\/imitatieleren-bikerjack-zwart-heren-versano-tr50\/","og_locale":"es_ES","og_type":"article","og_title":"biker jas heren imitatie leer zwart TRR 50 Versano","og_description":"Deze biker jas heren imitatie leer zwart TRR 50 Versano is haast niet te onderscheiden van het leren model. Goed geprijsd en een stoere jas.","og_url":"https:\/\/versano.nl\/es\/shop\/imitatieleren-bikerjack-zwart-heren-versano-tr50\/","og_site_name":"Versano","article_modified_time":"2025-05-09T10:30:45+00:00","og_image":[{"width":900,"height":1176,"url":"https:\/\/versano.nl\/wp-content\/uploads\/2021\/03\/leren-bikerjack-heren-zwart-versano-tr50-model3.jpg","type":"image\/jpeg"}],"twitter_card":"summary_large_image","twitter_misc":{"Tiempo de lectura":"2 minutos"},"schema":{"@context":"https:\/\/schema.org","@graph":[{"@type":"WebPage","@id":"https:\/\/versano.nl\/shop\/imitatieleren-bikerjack-zwart-heren-versano-tr50\/","url":"https:\/\/versano.nl\/shop\/imitatieleren-bikerjack-zwart-heren-versano-tr50\/","name":"chaqueta de motociclista de los hombres de cuero de imitaci\u00f3n negro TRR 50 Versano","isPartOf":{"@id":"https:\/\/versano.nl\/#website"},"primaryImageOfPage":{"@id":"https:\/\/versano.nl\/shop\/imitatieleren-bikerjack-zwart-heren-versano-tr50\/#primaryimage"},"image":{"@id":"https:\/\/versano.nl\/shop\/imitatieleren-bikerjack-zwart-heren-versano-tr50\/#primaryimage"},"thumbnailUrl":"https:\/\/versano.nl\/wp-content\/uploads\/2021\/03\/leren-bikerjack-heren-zwart-versano-tr50-model3.jpg","datePublished":"2016-05-14T12:27:59+00:00","dateModified":"2025-05-09T10:30:45+00:00","description":"Esta cazadora motera hombre imitaci\u00f3n piel negra TRR 50 Versano es casi indistinguible del modelo de piel. Buen precio y una chaqueta genial.","breadcrumb":{"@id":"https:\/\/versano.nl\/shop\/imitatieleren-bikerjack-zwart-heren-versano-tr50\/#breadcrumb"},"inLanguage":"es","potentialAction":[{"@type":"ReadAction","target":["https:\/\/versano.nl\/shop\/imitatieleren-bikerjack-zwart-heren-versano-tr50\/"]}]},{"@type":"ImageObject","inLanguage":"es","@id":"https:\/\/versano.nl\/shop\/imitatieleren-bikerjack-zwart-heren-versano-tr50\/#primaryimage","url":"https:\/\/versano.nl\/wp-content\/uploads\/2021\/03\/leren-bikerjack-heren-zwart-versano-tr50-model3.jpg","contentUrl":"https:\/\/versano.nl\/wp-content\/uploads\/2021\/03\/leren-bikerjack-heren-zwart-versano-tr50-model3.jpg","width":900,"height":1176,"caption":"leren-bikerjack-heren-zwart-versano-tr50-model"},{"@type":"BreadcrumbList","@id":"https:\/\/versano.nl\/shop\/imitatieleren-bikerjack-zwart-heren-versano-tr50\/#breadcrumb","itemListElement":[{"@type":"ListItem","position":1,"name":"Home","item":"https:\/\/versano.nl\/"},{"@type":"ListItem","position":2,"name":"Shop","item":"https:\/\/versano.nl\/shop\/"},{"@type":"ListItem","position":3,"name":"biker jas heren imitatie leer zwart TRR 50 Versano"}]},{"@type":"WebSite","@id":"https:\/\/versano.nl\/#website","url":"https:\/\/versano.nl\/","name":"Versano","description":"abrigos de invierno con cuello de piel | chaquetas de cuero para mujer | chaquetas de cuero para hombre","potentialAction":[{"@type":"SearchAction","target":{"@type":"EntryPoint","urlTemplate":"https:\/\/versano.nl\/?s={search_term_string}"},"query-input":{"@type":"PropertyValueSpecification","valueRequired":true,"valueName":"search_term_string"}}],"inLanguage":"es"}]}},"_links":{"self":[{"href":"https:\/\/versano.nl\/es\/wp-json\/wp\/v2\/product\/4848","targetHints":{"allow":["GET"]}}],"collection":[{"href":"https:\/\/versano.nl\/es\/wp-json\/wp\/v2\/product"}],"about":[{"href":"https:\/\/versano.nl\/es\/wp-json\/wp\/v2\/types\/product"}],"replies":[{"embeddable":true,"href":"https:\/\/versano.nl\/es\/wp-json\/wp\/v2\/comments?post=4848"}],"wp:featuredmedia":[{"embeddable":true,"href":"https:\/\/versano.nl\/es\/wp-json\/wp\/v2\/media\/20854"}],"wp:attachment":[{"href":"https:\/\/versano.nl\/es\/wp-json\/wp\/v2\/media?parent=4848"}],"wp:term":[{"taxonomy":"product_brand","embeddable":true,"href":"https:\/\/versano.nl\/es\/wp-json\/wp\/v2\/product_brand?post=4848"},{"taxonomy":"product_cat","embeddable":true,"href":"https:\/\/versano.nl\/es\/wp-json\/wp\/v2\/product_cat?post=4848"},{"taxonomy":"product_tag","embeddable":true,"href":"https:\/\/versano.nl\/es\/wp-json\/wp\/v2\/product_tag?post=4848"}],"curies":[{"name":"wp","href":"https:\/\/api.w.org\/{rel}","templated":true}]}}