{"id":4804,"date":"2016-06-25T23:39:58","date_gmt":"2016-06-25T23:39:58","guid":{"rendered":"http:\/\/leathershopdoci.nl\/?post_type=product&#038;p=10677"},"modified":"2024-12-11T16:23:19","modified_gmt":"2024-12-11T16:23:19","slug":"leren-heren-jas-zwart-biker-model-versano-tr-36-b","status":"publish","type":"product","link":"https:\/\/versano.nl\/es\/shop\/leren-heren-jas-zwart-biker-model-versano-tr-36-b\/","title":{"rendered":"Chaqueta de hombre piel negra TR36 B piel de cabra Versano"},"content":{"rendered":"<h2>Chaqueta de hombre piel negra TR36 B piel de cabra Versano<\/h2>\n<p style=\"margin: 0cm 0cm 16.5pt 0cm;\"><span style=\"font-size: 10.5pt; font-family: 'Arial',sans-serif; color: #282828;\">La chaqueta de hombre de cuero negro TR36 B de piel de cabra Versano es uno de los modelos m\u00e1s populares de Versano. Esta es una bonita chaqueta que nuestros clientes compran ampliamente. Un modelo especial de motociclista de esta chaqueta ha sido dise\u00f1ado por los talentosos dise\u00f1adores de Versano. En otras palabras, la chaqueta motera de hombre co\u00f1ac de Versano es una chaqueta que probablemente disfrutar\u00e1s vistiendo. El modelo de motociclista es un poco m\u00e1s resistente que la otra versi\u00f3n elegante. No es necesario que seas motociclista para usar esta chaqueta. Le ir\u00e1 igual de bien cuando salga por la noche o vaya a una ocasi\u00f3n especial. Es una chaqueta de cuero que puedes llevar en todas las estaciones del a\u00f1o. <\/span><\/p>\n<h2 style=\"margin: 0cm 0cm 16.5pt 0cm;\"><span style=\"font-size: 10.5pt; font-family: 'Arial',sans-serif; color: #282828;\">Pide el modelo motociclista TR36 B en negro<\/span><\/h2>\n<p style=\"margin: 0cm 0cm 16.5pt 0cm;\"><span style=\"font-size: 10.5pt; font-family: 'Arial',sans-serif; color: #282828;\">Si nos encarga esta chaqueta, recibir\u00e1 una chaqueta que permanecer\u00e1 hermosa para toda la vida. Esta es una hermosa chaqueta de corte ajustado que es completamente de estilo italiano. En otras palabras, con una chaqueta motera negra para hombre no tienes que preocuparte por lucir patente. La chaqueta est\u00e1 equipada con dos bolsillos laterales profundos con cremalleras, as\u00ed como dos bolsillos m\u00e1s peque\u00f1os en el pecho. Estos tambi\u00e9n se pueden cerrar con una cremallera resistente. Puede pedir f\u00e1cilmente este modelo en nuestro sitio web en negro u otros colores varios en la versi\u00f3n de piel de cordero. Por lo tanto, le recomendamos que simplemente eche un vistazo a qu\u00e9 color cree que se adapta mejor a su propio estilo. \u00bfTiene alguna pregunta o no est\u00e1 seguro de qu\u00e9 talla pedir? Entonces siempre puede contactarnos por correo o WhatsApp. \u00a1Nuestros empleados desean ayudarlo!<\/span><\/p>\n<p style=\"margin: 0cm;\"><span style=\"font-size: 10.5pt; font-family: 'Arial',sans-serif; color: #282828;\"><a href=\"https:\/\/versano.nl\/\">Versano<\/a><br \/>\nMaterial: 100% piel de cordero<br \/>\nForro: 100% poli\u00e9ster<br \/>\nlongitud: media-corta<br \/>\nAjuste: corte ce\u00f1ido<br \/>\nCierre: cremallera<br \/>\nBolsillos: bolsillo con cremallera<br \/>\nCollar: de pie cuello<br \/>\ncapa externa de material: Muy alta calidad y suave piel de cordero<br \/>\nPlazo de entrega: 2-3 d\u00edas laborables<\/span><\/p>","protected":false},"excerpt":{"rendered":"<p style=\"margin: 0cm 0cm 11.25pt 0cm;\"><span style=\"font-size: 10.5pt; font-family: 'Arial',sans-serif; color: red;\">Consejos de ajuste:\u00a0<\/span><span style=\"font-size: 10.5pt; font-family: 'Arial',sans-serif; color: #5d5d5d;\">El ajuste de esta chaqueta es ajustado. Nuestro modelo mide 1,75 cm y lleva una talla M.<\/span><\/p>\n<p style=\"margin: 0cm 0cm 11.25pt 0cm;\"><span style=\"font-size: 10.5pt; font-family: 'Arial',sans-serif; color: #5d5d5d;\">Si no est\u00e1 seguro de sus medidas, le recomendamos que primero mida las medidas de su talla y las compare con nuestra tabla de tallas. Si no tiene experiencia en medir tama\u00f1os de circunferencia, haga clic en\u00a0<a href=\"https:\/\/www.youtube.com\/watch?v=3ZSfY87v6pM\"><em><span style=\"font-family: 'Arial',sans-serif; text-decoration: none; text-underline: none;\">AQU\u00cd<\/span><\/em><span style=\"text-decoration: none; text-underline: none;\">\u00a0<\/span><\/a>\u00a0para\u00a0<a href=\"https:\/\/www.youtube.com\/watch?v=3ZSfY87v6pM\"><em><span style=\"font-family: 'Arial',sans-serif; color: red; text-decoration: none; text-underline: none;\">VIDEO<\/span><\/em><\/a>\u00a0 con instrucciones. \u00a1Tambi\u00e9n puede llamarnos o enviarnos una aplicaci\u00f3n directamente! Nuestros empleados est\u00e1n siempre disponibles para ayudar.<\/span><\/p>\n<p style=\"margin: 0cm;\"><strong><span style=\"font-size: 10.5pt; font-family: 'Arial',sans-serif; color: #5d5d5d;\">EL TIEMPO DE ENTREGA :<\/span><\/strong><span style=\"font-size: 10.5pt; font-family: 'Arial',sans-serif; color: #5d5d5d;\">\u00a02 a 3 d\u00edas laborables.<\/span><\/p>","protected":false},"featured_media":20818,"comment_status":"open","ping_status":"closed","template":"","meta":[],"product_brand":[],"product_cat":[1672,1670,147,907,912,1671,908,1669,1712,913],"product_tag":[185,1691,188,626,1692,50,472,1722,53,1721,1723,627,59,628,348,629,189],"class_list":{"0":"post-4804","1":"product","2":"type-product","3":"status-publish","4":"has-post-thumbnail","6":"product_cat-biker-jas-heren","7":"product_cat-heren-leren-jas","8":"product_cat-heren-leren-jassen","9":"product_cat-kort-leren-jasje-heren","10":"product_cat-leren-bikerjacks-heren","11":"product_cat-leren-heren-jas","12":"product_cat-leren-heren-jassen","13":"product_cat-leren-jas-heren","14":"product_cat-leren-jassen","15":"product_cat-leren-jassen-heren-uitverkoop","16":"product_tag-biker-jas-zwart","17":"product_tag-echt-leer-heren-jas","18":"product_tag-heren-bikerjas-zwart","19":"product_tag-heren-jas-leer-zwart","20":"product_tag-lamsleer-heren-jas","21":"product_tag-lederen-heren-jas-zwart","22":"product_tag-leren-heren-jas-zwart","23":"product_tag-leren-heren-jassen-sale","24":"product_tag-leren-jas-zwart","25":"product_tag-uitverkoop-leren-heren-jas","26":"product_tag-versano-heren-jas","27":"product_tag-zwarte-leren-heren-bikerjas","28":"product_tag-zwarte-leren-heren-jas","29":"product_tag-zwarte-leren-jas","30":"product_tag-zwarte-leren-jas-heren","31":"product_tag-zwarte-leren-versano-jas","32":"product_tag-zwarte-versano-jas","33":"tm-no-options","35":"first","36":"instock","37":"taxable","38":"shipping-taxable","39":"purchasable","40":"product-type-variable"},"yoast_head":"<!-- This site is optimized with the Yoast SEO plugin v27.2 - https:\/\/yoast.com\/product\/yoast-seo-wordpress\/ -->\n<title>Heren jas leer zwart TR36 B geitenleer Versano, biker jas heren<\/title>\n<meta name=\"description\" content=\"Bent u op zoek naar een Heren jas leer zwart TR36 B geitenleer Versano? dan zit u goed bij versano voor leren heren jassen.\" \/>\n<meta name=\"robots\" content=\"index, follow, max-snippet:-1, max-image-preview:large, max-video-preview:-1\" \/>\n<link rel=\"canonical\" href=\"https:\/\/versano.nl\/es\/shop\/leren-heren-jas-zwart-biker-model-versano-tr-36-b\/\" \/>\n<meta property=\"og:locale\" content=\"es_ES\" \/>\n<meta property=\"og:type\" content=\"article\" \/>\n<meta property=\"og:title\" content=\"Heren jas leer zwart TR36 B geitenleer Versano, biker jas heren\" \/>\n<meta property=\"og:description\" content=\"Bent u op zoek naar een Heren jas leer zwart TR36 B geitenleer Versano? dan zit u goed bij versano voor leren heren jassen.\" \/>\n<meta property=\"og:url\" content=\"https:\/\/versano.nl\/es\/shop\/leren-heren-jas-zwart-biker-model-versano-tr-36-b\/\" \/>\n<meta property=\"og:site_name\" content=\"Versano\" \/>\n<meta property=\"article:modified_time\" content=\"2024-12-11T16:23:19+00:00\" \/>\n<meta property=\"og:image\" content=\"https:\/\/versano.nl\/wp-content\/uploads\/2021\/03\/leren-jassen-heren-zwart-biker-model-TR36B-versano-model2.jpg\" \/>\n\t<meta property=\"og:image:width\" content=\"900\" \/>\n\t<meta property=\"og:image:height\" content=\"1176\" \/>\n\t<meta property=\"og:image:type\" content=\"image\/jpeg\" \/>\n<meta name=\"twitter:card\" content=\"summary_large_image\" \/>\n<meta name=\"twitter:label1\" content=\"Tiempo de lectura\" \/>\n\t<meta name=\"twitter:data1\" content=\"2 minutos\" \/>\n<script type=\"application\/ld+json\" class=\"yoast-schema-graph\">{\"@context\":\"https:\/\/schema.org\",\"@graph\":[{\"@type\":\"WebPage\",\"@id\":\"https:\/\/versano.nl\/shop\/leren-heren-jas-zwart-biker-model-versano-tr-36-b\/\",\"url\":\"https:\/\/versano.nl\/shop\/leren-heren-jas-zwart-biker-model-versano-tr-36-b\/\",\"name\":\"Heren jas leer zwart TR36 B geitenleer Versano, biker jas heren\",\"isPartOf\":{\"@id\":\"https:\/\/versano.nl\/#website\"},\"primaryImageOfPage\":{\"@id\":\"https:\/\/versano.nl\/shop\/leren-heren-jas-zwart-biker-model-versano-tr-36-b\/#primaryimage\"},\"image\":{\"@id\":\"https:\/\/versano.nl\/shop\/leren-heren-jas-zwart-biker-model-versano-tr-36-b\/#primaryimage\"},\"thumbnailUrl\":\"https:\/\/versano.nl\/wp-content\/uploads\/2021\/03\/leren-jassen-heren-zwart-biker-model-TR36B-versano-model2.jpg\",\"datePublished\":\"2016-06-25T23:39:58+00:00\",\"dateModified\":\"2024-12-11T16:23:19+00:00\",\"description\":\"Bent u op zoek naar een Heren jas leer zwart TR36 B geitenleer Versano? dan zit u goed bij versano voor leren heren jassen.\",\"breadcrumb\":{\"@id\":\"https:\/\/versano.nl\/shop\/leren-heren-jas-zwart-biker-model-versano-tr-36-b\/#breadcrumb\"},\"inLanguage\":\"es\",\"potentialAction\":[{\"@type\":\"ReadAction\",\"target\":[\"https:\/\/versano.nl\/shop\/leren-heren-jas-zwart-biker-model-versano-tr-36-b\/\"]}]},{\"@type\":\"ImageObject\",\"inLanguage\":\"es\",\"@id\":\"https:\/\/versano.nl\/shop\/leren-heren-jas-zwart-biker-model-versano-tr-36-b\/#primaryimage\",\"url\":\"https:\/\/versano.nl\/wp-content\/uploads\/2021\/03\/leren-jassen-heren-zwart-biker-model-TR36B-versano-model2.jpg\",\"contentUrl\":\"https:\/\/versano.nl\/wp-content\/uploads\/2021\/03\/leren-jassen-heren-zwart-biker-model-TR36B-versano-model2.jpg\",\"width\":900,\"height\":1176,\"caption\":\"Heren jas leer zwart TR36 B geitenleer Versano\"},{\"@type\":\"BreadcrumbList\",\"@id\":\"https:\/\/versano.nl\/shop\/leren-heren-jas-zwart-biker-model-versano-tr-36-b\/#breadcrumb\",\"itemListElement\":[{\"@type\":\"ListItem\",\"position\":1,\"name\":\"Home\",\"item\":\"https:\/\/versano.nl\/\"},{\"@type\":\"ListItem\",\"position\":2,\"name\":\"Shop\",\"item\":\"https:\/\/versano.nl\/shop\/\"},{\"@type\":\"ListItem\",\"position\":3,\"name\":\"Heren jas leer zwart TR36 B geitenleer Versano\"}]},{\"@type\":\"WebSite\",\"@id\":\"https:\/\/versano.nl\/#website\",\"url\":\"https:\/\/versano.nl\/\",\"name\":\"Versano\",\"description\":\"winterjassen met bontkraag | leren dames jassen | leren heren jassen\",\"potentialAction\":[{\"@type\":\"SearchAction\",\"target\":{\"@type\":\"EntryPoint\",\"urlTemplate\":\"https:\/\/versano.nl\/?s={search_term_string}\"},\"query-input\":{\"@type\":\"PropertyValueSpecification\",\"valueRequired\":true,\"valueName\":\"search_term_string\"}}],\"inLanguage\":\"es\"}]}<\/script>\n<!-- \/ Yoast SEO plugin. -->","yoast_head_json":{"title":"Chaqueta de hombre de cuero negro TR36 B piel de cabra Versano, chaqueta de motorista de los hombres","description":"\u00bfEst\u00e1s buscando una Chaqueta de hombre de cuero negro TR36 B de piel de cabra Versano? entonces est\u00e1s en el lugar correcto en Versano para chaquetas de cuero para hombres.","robots":{"index":"index","follow":"follow","max-snippet":"max-snippet:-1","max-image-preview":"max-image-preview:large","max-video-preview":"max-video-preview:-1"},"canonical":"https:\/\/versano.nl\/es\/shop\/leren-heren-jas-zwart-biker-model-versano-tr-36-b\/","og_locale":"es_ES","og_type":"article","og_title":"Heren jas leer zwart TR36 B geitenleer Versano, biker jas heren","og_description":"Bent u op zoek naar een Heren jas leer zwart TR36 B geitenleer Versano? dan zit u goed bij versano voor leren heren jassen.","og_url":"https:\/\/versano.nl\/es\/shop\/leren-heren-jas-zwart-biker-model-versano-tr-36-b\/","og_site_name":"Versano","article_modified_time":"2024-12-11T16:23:19+00:00","og_image":[{"width":900,"height":1176,"url":"https:\/\/versano.nl\/wp-content\/uploads\/2021\/03\/leren-jassen-heren-zwart-biker-model-TR36B-versano-model2.jpg","type":"image\/jpeg"}],"twitter_card":"summary_large_image","twitter_misc":{"Tiempo de lectura":"2 minutos"},"schema":{"@context":"https:\/\/schema.org","@graph":[{"@type":"WebPage","@id":"https:\/\/versano.nl\/shop\/leren-heren-jas-zwart-biker-model-versano-tr-36-b\/","url":"https:\/\/versano.nl\/shop\/leren-heren-jas-zwart-biker-model-versano-tr-36-b\/","name":"Chaqueta de hombre de cuero negro TR36 B piel de cabra Versano, chaqueta de motorista de los hombres","isPartOf":{"@id":"https:\/\/versano.nl\/#website"},"primaryImageOfPage":{"@id":"https:\/\/versano.nl\/shop\/leren-heren-jas-zwart-biker-model-versano-tr-36-b\/#primaryimage"},"image":{"@id":"https:\/\/versano.nl\/shop\/leren-heren-jas-zwart-biker-model-versano-tr-36-b\/#primaryimage"},"thumbnailUrl":"https:\/\/versano.nl\/wp-content\/uploads\/2021\/03\/leren-jassen-heren-zwart-biker-model-TR36B-versano-model2.jpg","datePublished":"2016-06-25T23:39:58+00:00","dateModified":"2024-12-11T16:23:19+00:00","description":"\u00bfEst\u00e1s buscando una Chaqueta de hombre de cuero negro TR36 B de piel de cabra Versano? entonces est\u00e1s en el lugar correcto en Versano para chaquetas de cuero para hombres.","breadcrumb":{"@id":"https:\/\/versano.nl\/shop\/leren-heren-jas-zwart-biker-model-versano-tr-36-b\/#breadcrumb"},"inLanguage":"es","potentialAction":[{"@type":"ReadAction","target":["https:\/\/versano.nl\/shop\/leren-heren-jas-zwart-biker-model-versano-tr-36-b\/"]}]},{"@type":"ImageObject","inLanguage":"es","@id":"https:\/\/versano.nl\/shop\/leren-heren-jas-zwart-biker-model-versano-tr-36-b\/#primaryimage","url":"https:\/\/versano.nl\/wp-content\/uploads\/2021\/03\/leren-jassen-heren-zwart-biker-model-TR36B-versano-model2.jpg","contentUrl":"https:\/\/versano.nl\/wp-content\/uploads\/2021\/03\/leren-jassen-heren-zwart-biker-model-TR36B-versano-model2.jpg","width":900,"height":1176,"caption":"Heren jas leer zwart TR36 B geitenleer Versano"},{"@type":"BreadcrumbList","@id":"https:\/\/versano.nl\/shop\/leren-heren-jas-zwart-biker-model-versano-tr-36-b\/#breadcrumb","itemListElement":[{"@type":"ListItem","position":1,"name":"Home","item":"https:\/\/versano.nl\/"},{"@type":"ListItem","position":2,"name":"Shop","item":"https:\/\/versano.nl\/shop\/"},{"@type":"ListItem","position":3,"name":"Heren jas leer zwart TR36 B geitenleer Versano"}]},{"@type":"WebSite","@id":"https:\/\/versano.nl\/#website","url":"https:\/\/versano.nl\/","name":"Versano","description":"abrigos de invierno con cuello de piel | chaquetas de cuero para mujer | chaquetas de cuero para hombre","potentialAction":[{"@type":"SearchAction","target":{"@type":"EntryPoint","urlTemplate":"https:\/\/versano.nl\/?s={search_term_string}"},"query-input":{"@type":"PropertyValueSpecification","valueRequired":true,"valueName":"search_term_string"}}],"inLanguage":"es"}]}},"_links":{"self":[{"href":"https:\/\/versano.nl\/es\/wp-json\/wp\/v2\/product\/4804","targetHints":{"allow":["GET"]}}],"collection":[{"href":"https:\/\/versano.nl\/es\/wp-json\/wp\/v2\/product"}],"about":[{"href":"https:\/\/versano.nl\/es\/wp-json\/wp\/v2\/types\/product"}],"replies":[{"embeddable":true,"href":"https:\/\/versano.nl\/es\/wp-json\/wp\/v2\/comments?post=4804"}],"wp:featuredmedia":[{"embeddable":true,"href":"https:\/\/versano.nl\/es\/wp-json\/wp\/v2\/media\/20818"}],"wp:attachment":[{"href":"https:\/\/versano.nl\/es\/wp-json\/wp\/v2\/media?parent=4804"}],"wp:term":[{"taxonomy":"product_brand","embeddable":true,"href":"https:\/\/versano.nl\/es\/wp-json\/wp\/v2\/product_brand?post=4804"},{"taxonomy":"product_cat","embeddable":true,"href":"https:\/\/versano.nl\/es\/wp-json\/wp\/v2\/product_cat?post=4804"},{"taxonomy":"product_tag","embeddable":true,"href":"https:\/\/versano.nl\/es\/wp-json\/wp\/v2\/product_tag?post=4804"}],"curies":[{"name":"wp","href":"https:\/\/api.w.org\/{rel}","templated":true}]}}