{"id":4712,"date":"2016-09-18T20:11:05","date_gmt":"2016-09-18T20:11:05","guid":{"rendered":"http:\/\/leathershopdoci.nl\/?post_type=product&#038;p=11131"},"modified":"2019-11-03T18:32:27","modified_gmt":"2019-11-03T18:32:27","slug":"echte-bontkraag-naturel-versano-medium","status":"publish","type":"product","link":"https:\/\/versano.nl\/es\/shop\/echte-bontkraag-naturel-versano-medium\/","title":{"rendered":"collar verdadero de la piel natural Versano Medio"},"content":{"rendered":"<p><strong>collar verdadero de la piel natural Versano Medio<br \/>\n<\/strong><\/p>\n<p>Material: mapache americano<br \/>\nde fijaci\u00f3n: -botones o leng\u00fcetas el\u00e1sticos<\/p>\n<p>Tiempo: 2-4 d\u00edas<\/p>","protected":false},"excerpt":{"rendered":"<p>cuellos de piel real Versano del mapache americano. Los cuellos de piel est\u00e1n disponibles en varios colores.<\/p>\n<p><span style=\"color: #ff0000;\">Este collar medio piel es de 60 cm de largo y 15 cm de ancho<\/span><\/p>","protected":false},"featured_media":4715,"comment_status":"closed","ping_status":"closed","template":"","meta":[],"product_brand":[],"product_cat":[721],"product_tag":[276,597,277,598,281,282],"class_list":{"0":"post-4712","1":"product","2":"type-product","3":"status-publish","4":"has-post-thumbnail","6":"product_cat-capuchon-bontkragen","7":"product_tag-bontkraag","8":"product_tag-bontkraag-bruin","9":"product_tag-echte-bontkraag","10":"product_tag-echte-bontkraag-naturel-medium","11":"product_tag-nep-bontkraag","12":"product_tag-raccoon-bontkraag","13":"product_shipping_class-verzendkosten-1","14":"tm-no-options","16":"first","17":"outofstock","18":"taxable","19":"shipping-taxable","20":"purchasable","21":"product-type-simple"},"yoast_head":"<!-- This site is optimized with the Yoast SEO plugin v27.2 - https:\/\/yoast.com\/product\/yoast-seo-wordpress\/ -->\n<title>Echte Bontkraag Naturel Versano Medium<\/title>\n<meta name=\"description\" content=\"Versano Echte Bontkraag Naturel Versano Medium. Als u geen echte bontkraag op uw jas wil, dan zijn de kunst bontkragen van Versano ideaal.\" \/>\n<meta name=\"robots\" content=\"index, follow, max-snippet:-1, max-image-preview:large, max-video-preview:-1\" \/>\n<link rel=\"canonical\" href=\"https:\/\/versano.nl\/es\/shop\/echte-bontkraag-naturel-versano-medium\/\" \/>\n<meta property=\"og:locale\" content=\"es_ES\" \/>\n<meta property=\"og:type\" content=\"article\" \/>\n<meta property=\"og:title\" content=\"Echte Bontkraag Naturel Versano Medium\" \/>\n<meta property=\"og:description\" content=\"Versano Echte Bontkraag Naturel Versano Medium. Als u geen echte bontkraag op uw jas wil, dan zijn de kunst bontkragen van Versano ideaal.\" \/>\n<meta property=\"og:url\" content=\"https:\/\/versano.nl\/es\/shop\/echte-bontkraag-naturel-versano-medium\/\" \/>\n<meta property=\"og:site_name\" content=\"Versano\" \/>\n<meta property=\"article:modified_time\" content=\"2019-11-03T18:32:27+00:00\" \/>\n<meta property=\"og:image\" content=\"https:\/\/versano.nl\/wp-content\/uploads\/2017\/05\/echte-bontkraag-medium-naturel-versano-achter-1.jpg\" \/>\n\t<meta property=\"og:image:width\" content=\"750\" \/>\n\t<meta property=\"og:image:height\" content=\"980\" \/>\n\t<meta property=\"og:image:type\" content=\"image\/jpeg\" \/>\n<meta name=\"twitter:card\" content=\"summary_large_image\" \/>\n<script type=\"application\/ld+json\" class=\"yoast-schema-graph\">{\"@context\":\"https:\/\/schema.org\",\"@graph\":[{\"@type\":\"WebPage\",\"@id\":\"https:\/\/versano.nl\/shop\/echte-bontkraag-naturel-versano-medium\/\",\"url\":\"https:\/\/versano.nl\/shop\/echte-bontkraag-naturel-versano-medium\/\",\"name\":\"Echte Bontkraag Naturel Versano Medium\",\"isPartOf\":{\"@id\":\"https:\/\/versano.nl\/#website\"},\"primaryImageOfPage\":{\"@id\":\"https:\/\/versano.nl\/shop\/echte-bontkraag-naturel-versano-medium\/#primaryimage\"},\"image\":{\"@id\":\"https:\/\/versano.nl\/shop\/echte-bontkraag-naturel-versano-medium\/#primaryimage\"},\"thumbnailUrl\":\"https:\/\/versano.nl\/wp-content\/uploads\/2017\/05\/echte-bontkraag-medium-naturel-versano-achter-1.jpg\",\"datePublished\":\"2016-09-18T20:11:05+00:00\",\"dateModified\":\"2019-11-03T18:32:27+00:00\",\"description\":\"Versano Echte Bontkraag Naturel Versano Medium. Als u geen echte bontkraag op uw jas wil, dan zijn de kunst bontkragen van Versano ideaal.\",\"breadcrumb\":{\"@id\":\"https:\/\/versano.nl\/shop\/echte-bontkraag-naturel-versano-medium\/#breadcrumb\"},\"inLanguage\":\"es\",\"potentialAction\":[{\"@type\":\"ReadAction\",\"target\":[\"https:\/\/versano.nl\/shop\/echte-bontkraag-naturel-versano-medium\/\"]}]},{\"@type\":\"ImageObject\",\"inLanguage\":\"es\",\"@id\":\"https:\/\/versano.nl\/shop\/echte-bontkraag-naturel-versano-medium\/#primaryimage\",\"url\":\"https:\/\/versano.nl\/wp-content\/uploads\/2017\/05\/echte-bontkraag-medium-naturel-versano-achter-1.jpg\",\"contentUrl\":\"https:\/\/versano.nl\/wp-content\/uploads\/2017\/05\/echte-bontkraag-medium-naturel-versano-achter-1.jpg\",\"width\":750,\"height\":980},{\"@type\":\"BreadcrumbList\",\"@id\":\"https:\/\/versano.nl\/shop\/echte-bontkraag-naturel-versano-medium\/#breadcrumb\",\"itemListElement\":[{\"@type\":\"ListItem\",\"position\":1,\"name\":\"Home\",\"item\":\"https:\/\/versano.nl\/\"},{\"@type\":\"ListItem\",\"position\":2,\"name\":\"Shop\",\"item\":\"https:\/\/versano.nl\/shop\/\"},{\"@type\":\"ListItem\",\"position\":3,\"name\":\"Echte Bontkraag Naturel Versano Medium\"}]},{\"@type\":\"WebSite\",\"@id\":\"https:\/\/versano.nl\/#website\",\"url\":\"https:\/\/versano.nl\/\",\"name\":\"Versano\",\"description\":\"winterjassen met bontkraag | leren dames jassen | leren heren jassen\",\"potentialAction\":[{\"@type\":\"SearchAction\",\"target\":{\"@type\":\"EntryPoint\",\"urlTemplate\":\"https:\/\/versano.nl\/?s={search_term_string}\"},\"query-input\":{\"@type\":\"PropertyValueSpecification\",\"valueRequired\":true,\"valueName\":\"search_term_string\"}}],\"inLanguage\":\"es\"}]}<\/script>\n<!-- \/ Yoast SEO plugin. -->","yoast_head_json":{"title":"collar verdadero de la piel natural Versano Medio","description":"Versano Real Fur Collar Natural Versano Mediano. Si no quieres un collar de piel real en tu chaqueta, entonces los collares art\u00edsticos de Versano son ideales.","robots":{"index":"index","follow":"follow","max-snippet":"max-snippet:-1","max-image-preview":"max-image-preview:large","max-video-preview":"max-video-preview:-1"},"canonical":"https:\/\/versano.nl\/es\/shop\/echte-bontkraag-naturel-versano-medium\/","og_locale":"es_ES","og_type":"article","og_title":"Echte Bontkraag Naturel Versano Medium","og_description":"Versano Echte Bontkraag Naturel Versano Medium. Als u geen echte bontkraag op uw jas wil, dan zijn de kunst bontkragen van Versano ideaal.","og_url":"https:\/\/versano.nl\/es\/shop\/echte-bontkraag-naturel-versano-medium\/","og_site_name":"Versano","article_modified_time":"2019-11-03T18:32:27+00:00","og_image":[{"width":750,"height":980,"url":"https:\/\/versano.nl\/wp-content\/uploads\/2017\/05\/echte-bontkraag-medium-naturel-versano-achter-1.jpg","type":"image\/jpeg"}],"twitter_card":"summary_large_image","schema":{"@context":"https:\/\/schema.org","@graph":[{"@type":"WebPage","@id":"https:\/\/versano.nl\/shop\/echte-bontkraag-naturel-versano-medium\/","url":"https:\/\/versano.nl\/shop\/echte-bontkraag-naturel-versano-medium\/","name":"collar verdadero de la piel natural Versano Medio","isPartOf":{"@id":"https:\/\/versano.nl\/#website"},"primaryImageOfPage":{"@id":"https:\/\/versano.nl\/shop\/echte-bontkraag-naturel-versano-medium\/#primaryimage"},"image":{"@id":"https:\/\/versano.nl\/shop\/echte-bontkraag-naturel-versano-medium\/#primaryimage"},"thumbnailUrl":"https:\/\/versano.nl\/wp-content\/uploads\/2017\/05\/echte-bontkraag-medium-naturel-versano-achter-1.jpg","datePublished":"2016-09-18T20:11:05+00:00","dateModified":"2019-11-03T18:32:27+00:00","description":"Versano Real Fur Collar Natural Versano Mediano. Si no quieres un collar de piel real en tu chaqueta, entonces los collares art\u00edsticos de Versano son ideales.","breadcrumb":{"@id":"https:\/\/versano.nl\/shop\/echte-bontkraag-naturel-versano-medium\/#breadcrumb"},"inLanguage":"es","potentialAction":[{"@type":"ReadAction","target":["https:\/\/versano.nl\/shop\/echte-bontkraag-naturel-versano-medium\/"]}]},{"@type":"ImageObject","inLanguage":"es","@id":"https:\/\/versano.nl\/shop\/echte-bontkraag-naturel-versano-medium\/#primaryimage","url":"https:\/\/versano.nl\/wp-content\/uploads\/2017\/05\/echte-bontkraag-medium-naturel-versano-achter-1.jpg","contentUrl":"https:\/\/versano.nl\/wp-content\/uploads\/2017\/05\/echte-bontkraag-medium-naturel-versano-achter-1.jpg","width":750,"height":980},{"@type":"BreadcrumbList","@id":"https:\/\/versano.nl\/shop\/echte-bontkraag-naturel-versano-medium\/#breadcrumb","itemListElement":[{"@type":"ListItem","position":1,"name":"Home","item":"https:\/\/versano.nl\/"},{"@type":"ListItem","position":2,"name":"Shop","item":"https:\/\/versano.nl\/shop\/"},{"@type":"ListItem","position":3,"name":"Echte Bontkraag Naturel Versano Medium"}]},{"@type":"WebSite","@id":"https:\/\/versano.nl\/#website","url":"https:\/\/versano.nl\/","name":"Versano","description":"abrigos de invierno con cuello de piel | chaquetas de cuero para mujer | chaquetas de cuero para hombre","potentialAction":[{"@type":"SearchAction","target":{"@type":"EntryPoint","urlTemplate":"https:\/\/versano.nl\/?s={search_term_string}"},"query-input":{"@type":"PropertyValueSpecification","valueRequired":true,"valueName":"search_term_string"}}],"inLanguage":"es"}]}},"_links":{"self":[{"href":"https:\/\/versano.nl\/es\/wp-json\/wp\/v2\/product\/4712","targetHints":{"allow":["GET"]}}],"collection":[{"href":"https:\/\/versano.nl\/es\/wp-json\/wp\/v2\/product"}],"about":[{"href":"https:\/\/versano.nl\/es\/wp-json\/wp\/v2\/types\/product"}],"replies":[{"embeddable":true,"href":"https:\/\/versano.nl\/es\/wp-json\/wp\/v2\/comments?post=4712"}],"wp:featuredmedia":[{"embeddable":true,"href":"https:\/\/versano.nl\/es\/wp-json\/wp\/v2\/media\/4715"}],"wp:attachment":[{"href":"https:\/\/versano.nl\/es\/wp-json\/wp\/v2\/media?parent=4712"}],"wp:term":[{"taxonomy":"product_brand","embeddable":true,"href":"https:\/\/versano.nl\/es\/wp-json\/wp\/v2\/product_brand?post=4712"},{"taxonomy":"product_cat","embeddable":true,"href":"https:\/\/versano.nl\/es\/wp-json\/wp\/v2\/product_cat?post=4712"},{"taxonomy":"product_tag","embeddable":true,"href":"https:\/\/versano.nl\/es\/wp-json\/wp\/v2\/product_tag?post=4712"}],"curies":[{"name":"wp","href":"https:\/\/api.w.org\/{rel}","templated":true}]}}