{"id":4688,"date":"2016-10-07T22:02:45","date_gmt":"2016-10-07T22:02:45","guid":{"rendered":"http:\/\/leathershopdoci.nl\/?post_type=product&#038;p=11458"},"modified":"2019-10-01T17:53:43","modified_gmt":"2019-10-01T17:53:43","slug":"versano-machetkragen-kunstbont-zwart","status":"publish","type":"product","link":"https:\/\/versano.nl\/es\/shop\/versano-machetkragen-kunstbont-zwart\/","title":{"rendered":"Versano Machetkragen Arte Piel Negro"},"content":{"rendered":"<p><strong>Versano Machetkragen Arte Piel Negro<br \/>\n<\/strong><\/p>\n<p>n\u00famero: por par<br \/>\nMaterial: piel sint\u00e9tica artificial<br \/>\nde fijaci\u00f3n: los collares se sujetan alrededor del manguito<\/p>\n<p>Tiempo: 2-4 d\u00edas<\/p>","protected":false},"excerpt":{"rendered":"<p>Este Versano cuellos de pu\u00f1o son de color negro y piel sint\u00e9tica. Los collares clip le pegan al final de la manga y tambi\u00e9n est\u00e1 disponible en piel real natural. Los collares son un par.<\/p>","protected":false},"featured_media":4689,"comment_status":"closed","ping_status":"closed","template":"","meta":[],"product_brand":[],"product_cat":[720],"product_tag":[276,277,595,596,281],"class_list":{"0":"post-4688","1":"product","2":"type-product","3":"status-publish","4":"has-post-thumbnail","6":"product_cat-manchet-bontkragen","7":"product_tag-bontkraag","8":"product_tag-echte-bontkraag","9":"product_tag-manchet-bontkraag-zwart","10":"product_tag-manchet-kunst-bontkraag-zwart","11":"product_tag-nep-bontkraag","12":"product_shipping_class-verzendkosten-1","13":"tm-no-options","15":"first","16":"outofstock","17":"sale","18":"taxable","19":"shipping-taxable","20":"purchasable","21":"product-type-simple"},"yoast_head":"<!-- This site is optimized with the Yoast SEO plugin v27.2 - https:\/\/yoast.com\/product\/yoast-seo-wordpress\/ -->\n<title>Versano Machetkragen Kunstbont Zwart<\/title>\n<meta name=\"description\" content=\"Versano Machetkragen Kunstbont Zwart . Als u geen echte bontkraag op uw jas wil, dan zijn de kunst bontkragen van Versano ideaal.\" \/>\n<meta name=\"robots\" content=\"index, follow, max-snippet:-1, max-image-preview:large, max-video-preview:-1\" \/>\n<link rel=\"canonical\" href=\"https:\/\/versano.nl\/es\/shop\/versano-machetkragen-kunstbont-zwart\/\" \/>\n<meta property=\"og:locale\" content=\"es_ES\" \/>\n<meta property=\"og:type\" content=\"article\" \/>\n<meta property=\"og:title\" content=\"Versano Machetkragen Kunstbont Zwart\" \/>\n<meta property=\"og:description\" content=\"Versano Machetkragen Kunstbont Zwart . Als u geen echte bontkraag op uw jas wil, dan zijn de kunst bontkragen van Versano ideaal.\" \/>\n<meta property=\"og:url\" content=\"https:\/\/versano.nl\/es\/shop\/versano-machetkragen-kunstbont-zwart\/\" \/>\n<meta property=\"og:site_name\" content=\"Versano\" \/>\n<meta property=\"article:modified_time\" content=\"2019-10-01T17:53:43+00:00\" \/>\n<meta property=\"og:image\" content=\"https:\/\/versano.nl\/wp-content\/uploads\/2017\/05\/kunst-bon-tmanchet-kraag-zwart.jpg\" \/>\n\t<meta property=\"og:image:width\" content=\"750\" \/>\n\t<meta property=\"og:image:height\" content=\"980\" \/>\n\t<meta property=\"og:image:type\" content=\"image\/jpeg\" \/>\n<meta name=\"twitter:card\" content=\"summary_large_image\" \/>\n<script type=\"application\/ld+json\" class=\"yoast-schema-graph\">{\"@context\":\"https:\/\/schema.org\",\"@graph\":[{\"@type\":\"WebPage\",\"@id\":\"https:\/\/versano.nl\/shop\/versano-machetkragen-kunstbont-zwart\/\",\"url\":\"https:\/\/versano.nl\/shop\/versano-machetkragen-kunstbont-zwart\/\",\"name\":\"Versano Machetkragen Kunstbont Zwart\",\"isPartOf\":{\"@id\":\"https:\/\/versano.nl\/#website\"},\"primaryImageOfPage\":{\"@id\":\"https:\/\/versano.nl\/shop\/versano-machetkragen-kunstbont-zwart\/#primaryimage\"},\"image\":{\"@id\":\"https:\/\/versano.nl\/shop\/versano-machetkragen-kunstbont-zwart\/#primaryimage\"},\"thumbnailUrl\":\"https:\/\/versano.nl\/wp-content\/uploads\/2017\/05\/kunst-bon-tmanchet-kraag-zwart.jpg\",\"datePublished\":\"2016-10-07T22:02:45+00:00\",\"dateModified\":\"2019-10-01T17:53:43+00:00\",\"description\":\"Versano Machetkragen Kunstbont Zwart . Als u geen echte bontkraag op uw jas wil, dan zijn de kunst bontkragen van Versano ideaal.\",\"breadcrumb\":{\"@id\":\"https:\/\/versano.nl\/shop\/versano-machetkragen-kunstbont-zwart\/#breadcrumb\"},\"inLanguage\":\"es\",\"potentialAction\":[{\"@type\":\"ReadAction\",\"target\":[\"https:\/\/versano.nl\/shop\/versano-machetkragen-kunstbont-zwart\/\"]}]},{\"@type\":\"ImageObject\",\"inLanguage\":\"es\",\"@id\":\"https:\/\/versano.nl\/shop\/versano-machetkragen-kunstbont-zwart\/#primaryimage\",\"url\":\"https:\/\/versano.nl\/wp-content\/uploads\/2017\/05\/kunst-bon-tmanchet-kraag-zwart.jpg\",\"contentUrl\":\"https:\/\/versano.nl\/wp-content\/uploads\/2017\/05\/kunst-bon-tmanchet-kraag-zwart.jpg\",\"width\":750,\"height\":980},{\"@type\":\"BreadcrumbList\",\"@id\":\"https:\/\/versano.nl\/shop\/versano-machetkragen-kunstbont-zwart\/#breadcrumb\",\"itemListElement\":[{\"@type\":\"ListItem\",\"position\":1,\"name\":\"Home\",\"item\":\"https:\/\/versano.nl\/\"},{\"@type\":\"ListItem\",\"position\":2,\"name\":\"Shop\",\"item\":\"https:\/\/versano.nl\/shop\/\"},{\"@type\":\"ListItem\",\"position\":3,\"name\":\"Versano Machetkragen Kunstbont Zwart\"}]},{\"@type\":\"WebSite\",\"@id\":\"https:\/\/versano.nl\/#website\",\"url\":\"https:\/\/versano.nl\/\",\"name\":\"Versano\",\"description\":\"winterjassen met bontkraag | leren dames jassen | leren heren jassen\",\"potentialAction\":[{\"@type\":\"SearchAction\",\"target\":{\"@type\":\"EntryPoint\",\"urlTemplate\":\"https:\/\/versano.nl\/?s={search_term_string}\"},\"query-input\":{\"@type\":\"PropertyValueSpecification\",\"valueRequired\":true,\"valueName\":\"search_term_string\"}}],\"inLanguage\":\"es\"}]}<\/script>\n<!-- \/ Yoast SEO plugin. -->","yoast_head_json":{"title":"Versano Machetkragen Arte Piel Negro","description":"Versano Machet Collares Piel Artificial Negro. Si no quieres un collar de piel real en tu chaqueta, entonces los collares art\u00edsticos de Versano son ideales.","robots":{"index":"index","follow":"follow","max-snippet":"max-snippet:-1","max-image-preview":"max-image-preview:large","max-video-preview":"max-video-preview:-1"},"canonical":"https:\/\/versano.nl\/es\/shop\/versano-machetkragen-kunstbont-zwart\/","og_locale":"es_ES","og_type":"article","og_title":"Versano Machetkragen Kunstbont Zwart","og_description":"Versano Machetkragen Kunstbont Zwart . Als u geen echte bontkraag op uw jas wil, dan zijn de kunst bontkragen van Versano ideaal.","og_url":"https:\/\/versano.nl\/es\/shop\/versano-machetkragen-kunstbont-zwart\/","og_site_name":"Versano","article_modified_time":"2019-10-01T17:53:43+00:00","og_image":[{"width":750,"height":980,"url":"https:\/\/versano.nl\/wp-content\/uploads\/2017\/05\/kunst-bon-tmanchet-kraag-zwart.jpg","type":"image\/jpeg"}],"twitter_card":"summary_large_image","schema":{"@context":"https:\/\/schema.org","@graph":[{"@type":"WebPage","@id":"https:\/\/versano.nl\/shop\/versano-machetkragen-kunstbont-zwart\/","url":"https:\/\/versano.nl\/shop\/versano-machetkragen-kunstbont-zwart\/","name":"Versano Machetkragen Arte Piel Negro","isPartOf":{"@id":"https:\/\/versano.nl\/#website"},"primaryImageOfPage":{"@id":"https:\/\/versano.nl\/shop\/versano-machetkragen-kunstbont-zwart\/#primaryimage"},"image":{"@id":"https:\/\/versano.nl\/shop\/versano-machetkragen-kunstbont-zwart\/#primaryimage"},"thumbnailUrl":"https:\/\/versano.nl\/wp-content\/uploads\/2017\/05\/kunst-bon-tmanchet-kraag-zwart.jpg","datePublished":"2016-10-07T22:02:45+00:00","dateModified":"2019-10-01T17:53:43+00:00","description":"Versano Machet Collares Piel Artificial Negro. Si no quieres un collar de piel real en tu chaqueta, entonces los collares art\u00edsticos de Versano son ideales.","breadcrumb":{"@id":"https:\/\/versano.nl\/shop\/versano-machetkragen-kunstbont-zwart\/#breadcrumb"},"inLanguage":"es","potentialAction":[{"@type":"ReadAction","target":["https:\/\/versano.nl\/shop\/versano-machetkragen-kunstbont-zwart\/"]}]},{"@type":"ImageObject","inLanguage":"es","@id":"https:\/\/versano.nl\/shop\/versano-machetkragen-kunstbont-zwart\/#primaryimage","url":"https:\/\/versano.nl\/wp-content\/uploads\/2017\/05\/kunst-bon-tmanchet-kraag-zwart.jpg","contentUrl":"https:\/\/versano.nl\/wp-content\/uploads\/2017\/05\/kunst-bon-tmanchet-kraag-zwart.jpg","width":750,"height":980},{"@type":"BreadcrumbList","@id":"https:\/\/versano.nl\/shop\/versano-machetkragen-kunstbont-zwart\/#breadcrumb","itemListElement":[{"@type":"ListItem","position":1,"name":"Home","item":"https:\/\/versano.nl\/"},{"@type":"ListItem","position":2,"name":"Shop","item":"https:\/\/versano.nl\/shop\/"},{"@type":"ListItem","position":3,"name":"Versano Machetkragen Kunstbont Zwart"}]},{"@type":"WebSite","@id":"https:\/\/versano.nl\/#website","url":"https:\/\/versano.nl\/","name":"Versano","description":"abrigos de invierno con cuello de piel | chaquetas de cuero para mujer | chaquetas de cuero para hombre","potentialAction":[{"@type":"SearchAction","target":{"@type":"EntryPoint","urlTemplate":"https:\/\/versano.nl\/?s={search_term_string}"},"query-input":{"@type":"PropertyValueSpecification","valueRequired":true,"valueName":"search_term_string"}}],"inLanguage":"es"}]}},"_links":{"self":[{"href":"https:\/\/versano.nl\/es\/wp-json\/wp\/v2\/product\/4688","targetHints":{"allow":["GET"]}}],"collection":[{"href":"https:\/\/versano.nl\/es\/wp-json\/wp\/v2\/product"}],"about":[{"href":"https:\/\/versano.nl\/es\/wp-json\/wp\/v2\/types\/product"}],"replies":[{"embeddable":true,"href":"https:\/\/versano.nl\/es\/wp-json\/wp\/v2\/comments?post=4688"}],"wp:featuredmedia":[{"embeddable":true,"href":"https:\/\/versano.nl\/es\/wp-json\/wp\/v2\/media\/4689"}],"wp:attachment":[{"href":"https:\/\/versano.nl\/es\/wp-json\/wp\/v2\/media?parent=4688"}],"wp:term":[{"taxonomy":"product_brand","embeddable":true,"href":"https:\/\/versano.nl\/es\/wp-json\/wp\/v2\/product_brand?post=4688"},{"taxonomy":"product_cat","embeddable":true,"href":"https:\/\/versano.nl\/es\/wp-json\/wp\/v2\/product_cat?post=4688"},{"taxonomy":"product_tag","embeddable":true,"href":"https:\/\/versano.nl\/es\/wp-json\/wp\/v2\/product_tag?post=4688"}],"curies":[{"name":"wp","href":"https:\/\/api.w.org\/{rel}","templated":true}]}}