{"id":4512,"date":"2015-06-09T21:08:32","date_gmt":"2015-06-09T21:08:32","guid":{"rendered":"http:\/\/leathershopdoci.nl\/shop\/leren-jas-heren-versano-peter-blauw\/"},"modified":"2024-12-11T16:29:06","modified_gmt":"2024-12-11T16:29:06","slug":"leren-jas-heren-versano-peter-blauw","status":"publish","type":"product","link":"https:\/\/versano.nl\/es\/shop\/leren-jas-heren-versano-peter-blauw\/","title":{"rendered":"Chaqueta bomber hombre piel Peter blue Versano"},"content":{"rendered":"<h2>Chaqueta bomber hombre piel Peter blue Versano<\/h2>\n<p>Esta chaqueta de bombardero para hombre de cuero Peter blue Versano es realmente llamativa y destaca por su comodidad y modelo. La duradera piel de cordero tiene un lavado particularmente hermoso para un look deportivo pero elegante. Por ejemplo, ll\u00e9velo con jeans o con chinos. La chaqueta tiene dos bolsillos laterales profundos con cremallera y un bolsillo interior. Esta chaqueta de cuero para hombre tiene un excelente acabado y un corte ce\u00f1ido. Si est\u00e1s buscando una chaqueta de cuero con la que puedas estar seguro de que te resultar\u00e1 c\u00f3moda, lo \u00fanico que tienes que hacer es echar un vistazo a nuestra gama. En My-Versano encontrar\u00e1 hermosas chaquetas de Versano, una marca que se ha ganado un buen nombre a lo largo de los a\u00f1os. Peter es un modelo que est\u00e1 dise\u00f1ado como estamos acostumbrados desde Versano. En otras palabras: una chaqueta que queda perfecta con su corte italiano. Es una chaqueta que est\u00e1 fabricada con piel de cordero de muy alta calidad. Con esta chaqueta puedes estar seguro de que pronto tendr\u00e1s una nueva chaqueta colgando de tus hombros en la que se te podr\u00e1 ver.<\/p>\n<h2>Pedir modelo Peter en azul<\/h2>\n<p>Vendemos las chaquetas de cuero de la conocida marca Versano. Aqu\u00ed se utilizan los materiales m\u00e1s hermosos, que son moldeados por los mejores dise\u00f1adores en un modelo atractivo y resistente. El ajuste de esta chaqueta es ajustado y, por lo tanto, se ajustar\u00e1 perfectamente a tu cuerpo. Este es un hermoso abrigo que es completamente de estilo italiano. En otras palabras, con esta chaqueta no tienes que preocuparte por verte fuera de lugar. El modelo Peter est\u00e1 disponible en color azul petr\u00f3leo. Con nosotros, puede elegir f\u00e1cilmente el tama\u00f1o correcto seg\u00fan nuestros videos de instrucciones inteligentes. \u00bfTiene alguna pregunta o no est\u00e1 seguro de qu\u00e9 talla pedir? Entonces siempre puede contactarnos por correo o WhatsApp. \u00a1Nuestros empleados desean ayudarlo!<\/p>\n<p><a href=\"https:\/\/versano.nl\/\">Versano<\/a><br \/>\nMaterial: 100% piel de cordero<br \/>\nForro: 100% poli\u00e9ster<br \/>\nlongitud: corto<br \/>\nAjuste: corte ce\u00f1ido<br \/>\nCierre: cremallera<br \/>\nBolsillos: bolsillo con cremallera<br \/>\nCollar: de pie cuello<br \/>\ncapa exterior Material: de alta calidad y de piel de cordero suave<br \/>\nPlazo de entrega: 2-3 d\u00edas laborables<\/p>","protected":false},"excerpt":{"rendered":"<p><span style=\"color: #ff0000;\">Consejos de ajuste:<\/span> El ajuste de esta chaqueta es ajustado. Nuestro modelo mide 1,75 cm y lleva una talla M.<\/p>\n<p>Si no est\u00e1 seguro de sus medidas, le recomendamos que primero mida las medidas de su talla y las compare con nuestra tabla de tallas. Si no tiene experiencia en medir tama\u00f1os de circunferencia, haga clic en\u00a0<a href=\"https:\/\/www.youtube.com\/watch?v=3ZSfY87v6pM\"><em>AQU\u00cd<\/em>\u00a0<\/a>\u00a0para\u00a0<span style=\"color: #ff0000;\"><a style=\"color: #ff0000;\" href=\"https:\/\/www.youtube.com\/watch?v=3ZSfY87v6pM\"><em>VIDEO<\/em><\/a>\u00a0<\/span> con instrucciones. \u00a1Tambi\u00e9n puede llamarnos o enviarnos una aplicaci\u00f3n directamente! Nuestros empleados est\u00e1n siempre disponibles para ayudar.<\/p>\n<p>&nbsp;<\/p>\n<p>Consejo de ajuste: el ajuste de esta chaqueta es ajustado. Nuestro modelo mide 1,80 cm y lleva una talla M.<\/p>\n<p>Si no est\u00e1 seguro de sus tallas, le recomendamos que primero mida su circunferencia y la compare con nuestra tabla de tallas. Si no tiene experiencia en medir medidas de circunferencia, haga clic AQU\u00cd para ver el VIDEO con instrucciones. \u00a1Tambi\u00e9n puede llamarnos o enviarnos una aplicaci\u00f3n directamente! Nuestros empleados est\u00e1n siempre disponibles para ayudar.<\/p>\n<p>PLAZO DE ENTREGA: 2 a 3 d\u00edas laborables.<\/p>","protected":false},"featured_media":9277,"comment_status":"closed","ping_status":"closed","template":"","meta":[],"product_brand":[],"product_cat":[1670,147,874,907,1671,908,1669,1712,910],"product_tag":[574,575,576,1788,403,1786,577,579,580,581,1787,582,583,23,24,977,105],"class_list":{"0":"post-4512","1":"product","2":"type-product","3":"status-publish","4":"has-post-thumbnail","6":"product_cat-heren-leren-jas","7":"product_cat-heren-leren-jassen","8":"product_cat-kort-leren-jasje","9":"product_cat-kort-leren-jasje-heren","10":"product_cat-leren-heren-jas","11":"product_cat-leren-heren-jassen","12":"product_cat-leren-jas-heren","13":"product_cat-leren-jassen","14":"product_cat-leren-jassen-heren","15":"product_tag-blauwe-leren-heren-jas","16":"product_tag-blauwe-leren-jas","17":"product_tag-blauwe-leren-jas-heren","18":"product_tag-echt-leer-leren-jassen","19":"product_tag-heren-blauw","20":"product_tag-heren-bomberjas-blauw","21":"product_tag-heren-jassen-leer","22":"product_tag-heren-leren-jas-blauw","23":"product_tag-lederen-heren-jas-blauw","24":"product_tag-lederen-jas-blauw","25":"product_tag-leren-bomberjas-voor-heren","26":"product_tag-leren-jas-heren-blauw","27":"product_tag-leren-jassen-heren-blauw","28":"product_tag-motorjacks-heren","29":"product_tag-stoer-jasje-heren","30":"product_tag-uitverkoop-leren-jassen","31":"product_tag-versano-leren-jassen","32":"product_shipping_class-verzendkosten-1","33":"tm-no-options","35":"first","36":"instock","37":"sale","38":"taxable","39":"shipping-taxable","40":"purchasable","41":"product-type-variable"},"yoast_head":"<!-- This site is optimized with the Yoast SEO plugin v27.2 - https:\/\/yoast.com\/product\/yoast-seo-wordpress\/ -->\n<title>Heren bomberjas leer Peter blauw Versano, leren jassen voor heren<\/title>\n<meta name=\"description\" content=\"Bent u op zoek naar een Heren bomberjas leer Peter blauw Versano? Dann bent u bij Versano aan het juiste adres voor leren jassen.\" \/>\n<meta name=\"robots\" content=\"index, follow, max-snippet:-1, max-image-preview:large, max-video-preview:-1\" \/>\n<link rel=\"canonical\" href=\"https:\/\/versano.nl\/es\/shop\/leren-jas-heren-versano-peter-blauw\/\" \/>\n<meta property=\"og:locale\" content=\"es_ES\" \/>\n<meta property=\"og:type\" content=\"article\" \/>\n<meta property=\"og:title\" content=\"Heren bomberjas leer Peter blauw Versano, leren jassen voor heren\" \/>\n<meta property=\"og:description\" content=\"Bent u op zoek naar een Heren bomberjas leer Peter blauw Versano? Dann bent u bij Versano aan het juiste adres voor leren jassen.\" \/>\n<meta property=\"og:url\" content=\"https:\/\/versano.nl\/es\/shop\/leren-jas-heren-versano-peter-blauw\/\" \/>\n<meta property=\"og:site_name\" content=\"Versano\" \/>\n<meta property=\"article:modified_time\" content=\"2024-12-11T16:29:06+00:00\" \/>\n<meta property=\"og:image\" content=\"https:\/\/versano.nl\/wp-content\/uploads\/2014\/12\/leren-jassen-heren-blauw-versano-peter3.jpg\" \/>\n\t<meta property=\"og:image:width\" content=\"900\" \/>\n\t<meta property=\"og:image:height\" content=\"1196\" \/>\n\t<meta property=\"og:image:type\" content=\"image\/jpeg\" \/>\n<meta name=\"twitter:card\" content=\"summary_large_image\" \/>\n<meta name=\"twitter:label1\" content=\"Tiempo de lectura\" \/>\n\t<meta name=\"twitter:data1\" content=\"2 minutos\" \/>\n<script type=\"application\/ld+json\" class=\"yoast-schema-graph\">{\"@context\":\"https:\/\/schema.org\",\"@graph\":[{\"@type\":\"WebPage\",\"@id\":\"https:\/\/versano.nl\/shop\/leren-jas-heren-versano-peter-blauw\/\",\"url\":\"https:\/\/versano.nl\/shop\/leren-jas-heren-versano-peter-blauw\/\",\"name\":\"Heren bomberjas leer Peter blauw Versano, leren jassen voor heren\",\"isPartOf\":{\"@id\":\"https:\/\/versano.nl\/#website\"},\"primaryImageOfPage\":{\"@id\":\"https:\/\/versano.nl\/shop\/leren-jas-heren-versano-peter-blauw\/#primaryimage\"},\"image\":{\"@id\":\"https:\/\/versano.nl\/shop\/leren-jas-heren-versano-peter-blauw\/#primaryimage\"},\"thumbnailUrl\":\"https:\/\/versano.nl\/wp-content\/uploads\/2014\/12\/leren-jassen-heren-blauw-versano-peter3.jpg\",\"datePublished\":\"2015-06-09T21:08:32+00:00\",\"dateModified\":\"2024-12-11T16:29:06+00:00\",\"description\":\"Bent u op zoek naar een Heren bomberjas leer Peter blauw Versano? Dann bent u bij Versano aan het juiste adres voor leren jassen.\",\"breadcrumb\":{\"@id\":\"https:\/\/versano.nl\/shop\/leren-jas-heren-versano-peter-blauw\/#breadcrumb\"},\"inLanguage\":\"es\",\"potentialAction\":[{\"@type\":\"ReadAction\",\"target\":[\"https:\/\/versano.nl\/shop\/leren-jas-heren-versano-peter-blauw\/\"]}]},{\"@type\":\"ImageObject\",\"inLanguage\":\"es\",\"@id\":\"https:\/\/versano.nl\/shop\/leren-jas-heren-versano-peter-blauw\/#primaryimage\",\"url\":\"https:\/\/versano.nl\/wp-content\/uploads\/2014\/12\/leren-jassen-heren-blauw-versano-peter3.jpg\",\"contentUrl\":\"https:\/\/versano.nl\/wp-content\/uploads\/2014\/12\/leren-jassen-heren-blauw-versano-peter3.jpg\",\"width\":900,\"height\":1196,\"caption\":\"Heren bomberjas leer Peter blauw Versano\"},{\"@type\":\"BreadcrumbList\",\"@id\":\"https:\/\/versano.nl\/shop\/leren-jas-heren-versano-peter-blauw\/#breadcrumb\",\"itemListElement\":[{\"@type\":\"ListItem\",\"position\":1,\"name\":\"Home\",\"item\":\"https:\/\/versano.nl\/\"},{\"@type\":\"ListItem\",\"position\":2,\"name\":\"Shop\",\"item\":\"https:\/\/versano.nl\/shop\/\"},{\"@type\":\"ListItem\",\"position\":3,\"name\":\"Heren bomberjas leer Peter blauw Versano\"}]},{\"@type\":\"WebSite\",\"@id\":\"https:\/\/versano.nl\/#website\",\"url\":\"https:\/\/versano.nl\/\",\"name\":\"Versano\",\"description\":\"winterjassen met bontkraag | leren dames jassen | leren heren jassen\",\"potentialAction\":[{\"@type\":\"SearchAction\",\"target\":{\"@type\":\"EntryPoint\",\"urlTemplate\":\"https:\/\/versano.nl\/?s={search_term_string}\"},\"query-input\":{\"@type\":\"PropertyValueSpecification\",\"valueRequired\":true,\"valueName\":\"search_term_string\"}}],\"inLanguage\":\"es\"}]}<\/script>\n<!-- \/ Yoast SEO plugin. -->","yoast_head_json":{"title":"Chaqueta bomber para hombre piel Peter blue Versano, chaquetas de piel para hombre","description":"\u00bfEst\u00e1s buscando una chaqueta bomber de hombre de cuero Peter blue Versano? Entonces ha venido al lugar correcto en Versano para las chaquetas de cuero.","robots":{"index":"index","follow":"follow","max-snippet":"max-snippet:-1","max-image-preview":"max-image-preview:large","max-video-preview":"max-video-preview:-1"},"canonical":"https:\/\/versano.nl\/es\/shop\/leren-jas-heren-versano-peter-blauw\/","og_locale":"es_ES","og_type":"article","og_title":"Heren bomberjas leer Peter blauw Versano, leren jassen voor heren","og_description":"Bent u op zoek naar een Heren bomberjas leer Peter blauw Versano? Dann bent u bij Versano aan het juiste adres voor leren jassen.","og_url":"https:\/\/versano.nl\/es\/shop\/leren-jas-heren-versano-peter-blauw\/","og_site_name":"Versano","article_modified_time":"2024-12-11T16:29:06+00:00","og_image":[{"width":900,"height":1196,"url":"https:\/\/versano.nl\/wp-content\/uploads\/2014\/12\/leren-jassen-heren-blauw-versano-peter3.jpg","type":"image\/jpeg"}],"twitter_card":"summary_large_image","twitter_misc":{"Tiempo de lectura":"2 minutos"},"schema":{"@context":"https:\/\/schema.org","@graph":[{"@type":"WebPage","@id":"https:\/\/versano.nl\/shop\/leren-jas-heren-versano-peter-blauw\/","url":"https:\/\/versano.nl\/shop\/leren-jas-heren-versano-peter-blauw\/","name":"Chaqueta bomber para hombre piel Peter blue Versano, chaquetas de piel para hombre","isPartOf":{"@id":"https:\/\/versano.nl\/#website"},"primaryImageOfPage":{"@id":"https:\/\/versano.nl\/shop\/leren-jas-heren-versano-peter-blauw\/#primaryimage"},"image":{"@id":"https:\/\/versano.nl\/shop\/leren-jas-heren-versano-peter-blauw\/#primaryimage"},"thumbnailUrl":"https:\/\/versano.nl\/wp-content\/uploads\/2014\/12\/leren-jassen-heren-blauw-versano-peter3.jpg","datePublished":"2015-06-09T21:08:32+00:00","dateModified":"2024-12-11T16:29:06+00:00","description":"\u00bfEst\u00e1s buscando una chaqueta bomber de hombre de cuero Peter blue Versano? Entonces ha venido al lugar correcto en Versano para las chaquetas de cuero.","breadcrumb":{"@id":"https:\/\/versano.nl\/shop\/leren-jas-heren-versano-peter-blauw\/#breadcrumb"},"inLanguage":"es","potentialAction":[{"@type":"ReadAction","target":["https:\/\/versano.nl\/shop\/leren-jas-heren-versano-peter-blauw\/"]}]},{"@type":"ImageObject","inLanguage":"es","@id":"https:\/\/versano.nl\/shop\/leren-jas-heren-versano-peter-blauw\/#primaryimage","url":"https:\/\/versano.nl\/wp-content\/uploads\/2014\/12\/leren-jassen-heren-blauw-versano-peter3.jpg","contentUrl":"https:\/\/versano.nl\/wp-content\/uploads\/2014\/12\/leren-jassen-heren-blauw-versano-peter3.jpg","width":900,"height":1196,"caption":"Heren bomberjas leer Peter blauw Versano"},{"@type":"BreadcrumbList","@id":"https:\/\/versano.nl\/shop\/leren-jas-heren-versano-peter-blauw\/#breadcrumb","itemListElement":[{"@type":"ListItem","position":1,"name":"Home","item":"https:\/\/versano.nl\/"},{"@type":"ListItem","position":2,"name":"Shop","item":"https:\/\/versano.nl\/shop\/"},{"@type":"ListItem","position":3,"name":"Heren bomberjas leer Peter blauw Versano"}]},{"@type":"WebSite","@id":"https:\/\/versano.nl\/#website","url":"https:\/\/versano.nl\/","name":"Versano","description":"abrigos de invierno con cuello de piel | chaquetas de cuero para mujer | chaquetas de cuero para hombre","potentialAction":[{"@type":"SearchAction","target":{"@type":"EntryPoint","urlTemplate":"https:\/\/versano.nl\/?s={search_term_string}"},"query-input":{"@type":"PropertyValueSpecification","valueRequired":true,"valueName":"search_term_string"}}],"inLanguage":"es"}]}},"_links":{"self":[{"href":"https:\/\/versano.nl\/es\/wp-json\/wp\/v2\/product\/4512","targetHints":{"allow":["GET"]}}],"collection":[{"href":"https:\/\/versano.nl\/es\/wp-json\/wp\/v2\/product"}],"about":[{"href":"https:\/\/versano.nl\/es\/wp-json\/wp\/v2\/types\/product"}],"replies":[{"embeddable":true,"href":"https:\/\/versano.nl\/es\/wp-json\/wp\/v2\/comments?post=4512"}],"wp:featuredmedia":[{"embeddable":true,"href":"https:\/\/versano.nl\/es\/wp-json\/wp\/v2\/media\/9277"}],"wp:attachment":[{"href":"https:\/\/versano.nl\/es\/wp-json\/wp\/v2\/media?parent=4512"}],"wp:term":[{"taxonomy":"product_brand","embeddable":true,"href":"https:\/\/versano.nl\/es\/wp-json\/wp\/v2\/product_brand?post=4512"},{"taxonomy":"product_cat","embeddable":true,"href":"https:\/\/versano.nl\/es\/wp-json\/wp\/v2\/product_cat?post=4512"},{"taxonomy":"product_tag","embeddable":true,"href":"https:\/\/versano.nl\/es\/wp-json\/wp\/v2\/product_tag?post=4512"}],"curies":[{"name":"wp","href":"https:\/\/api.w.org\/{rel}","templated":true}]}}