{"id":4447,"date":"2015-08-11T12:31:55","date_gmt":"2015-08-11T12:31:55","guid":{"rendered":"http:\/\/leathershopdoci.nl\/?post_type=product&#038;p=6817"},"modified":"2024-12-13T11:38:17","modified_gmt":"2024-12-13T11:38:17","slug":"versano-heren-winterjas-met-bontkraag-roger-zwart","status":"publish","type":"product","link":"https:\/\/versano.nl\/es\/shop\/versano-heren-winterjas-met-bontkraag-roger-zwart\/","title":{"rendered":"chaqueta de invierno de los hombres con cuello de piel Roger negro"},"content":{"rendered":"<h2>chaqueta de invierno de los hombres con cuello de piel Roger negro<\/h2>\n<p>Chaqueta de invierno para hombre de moda en azul con cuello de piel. En realidad, las im\u00e1genes dicen lo suficiente sobre esta elegante chaqueta de invierno para hombre. La chaqueta tiene un ajuste perfecto, y los bolsillos laterales con cremallera y los bolsillos con solapa con botones de presi\u00f3n en el pecho est\u00e1n terminados con cuero Rexion color co\u00f1ac, al igual que el borde ancho a lo largo de la cremallera. El collar est\u00e1 hecho de piel de mapache americano 100% y es opcional (se debe pedir por separado). Por supuesto, el cuello de piel tambi\u00e9n se puede pedir en piel artificial en varios colores. Esta chaqueta de invierno para hombre con cuello de piel Roger negro es de corte italiano y tambi\u00e9n est\u00e1 disponible en color azul. Recomendamos comprobar este color antes de realizar su pedido. Se trata de una chaqueta con la que puedes estar seguro de que la disfrutar\u00e1s cuando la saques a las inclemencias del tiempo. Te mantiene abrigado y est\u00e1 tan bellamente dise\u00f1ado que sin duda atraer\u00e1s la atenci\u00f3n con \u00e9l.<\/p>\n<h2>Solicitar modelo Rogger en negro<\/h2>\n<p>Con una chaqueta tan hermosa de Versano, puede estar seguro de que podr\u00e1 usarla durante todo el invierno. Puede pedir f\u00e1cilmente este modelo en la tienda web de Versano. Hemos reunido todas nuestras chaquetas aqu\u00ed para que pueda realizar un pedido f\u00e1cilmente. En Versano siempre puede estar seguro de que est\u00e1 comprando un hermoso abrigo que ha sido trabajado con mimo. Con nosotros, puede elegir f\u00e1cilmente el tama\u00f1o correcto seg\u00fan nuestros videos de instrucciones inteligentes. \u00bfTiene alguna pregunta o no est\u00e1 seguro de qu\u00e9 talla pedir? Entonces siempre puede contactarnos por correo o WhatsApp. \u00a1Nuestros empleados desean ayudarlo!<\/p>\n<p>marca:<a href=\"https:\/\/versano.nl\"> Versano<\/a><br \/>\nlongitud: media<br \/>\nAjuste: corte ce\u00f1ido<br \/>\nForro: 100% poli\u00e9ster<br \/>\nespesor del forro: 200 gramos alineados gruesa<br \/>\nlongitud de la manga: manga larga<br \/>\nHood, alineado, s\u00f3lida<br \/>\nLos extras: costuras reforzadas<br \/>\ncierre: cremallera + broches con solapa protectora<br \/>\nbolsillos: bolsillos laterales en la cadera con botones de presi\u00f3n + bolsillo interior y bolsillo en la manga<br \/>\nFunci\u00f3n: impermeable, resistente al viento<br \/>\ncapa externa de material: 100% poli\u00e9ster<br \/>\naccesorios: cuello de piel (opcional)<\/p>\n<p>Plazo de entrega: 2-3 d\u00edas laborables<\/p>","protected":false},"excerpt":{"rendered":"<p>ELIGE OTRO COLOR AQU\u00cd<\/p>\n<p><a href=\"https:\/\/versano.nl\/shop\/versano-heren-winterjas-met-bontkraag-roger-blauw\/\"><img loading=\"lazy\" decoding=\"async\" class=\"alignnone size-full wp-image-19717\" src=\"https:\/\/versano.nl\/wp-content\/uploads\/sites\/2\/2015\/08\/versano-heren-winterjas-met-bontkraag-Roger-blauw-thumb.jpg\" alt=\"\" width=\"57\" height=\"75\" \/><\/a><\/p>\n<p><strong><span style=\"color: #ff0000;\">Consejos de ajuste:<\/span>\u00a0<\/strong>El ajuste de esta chaqueta es ajustado. Nuestro modelo mide 1,75 cm y lleva una talla M.<\/p>\n<p>Si no est\u00e1 seguro de sus medidas, le recomendamos que primero mida las medidas de su talla y las compare con nuestra tabla de tallas. Si no tiene experiencia en medir tama\u00f1os de circunferencia, haga clic en\u00a0<a href=\"https:\/\/www.youtube.com\/watch?v=3ZSfY87v6pM\"><em>AQU\u00cd<\/em>\u00a0<\/a>\u00a0para\u00a0<span style=\"color: #ff0000;\"><a style=\"color: #ff0000;\" href=\"https:\/\/www.youtube.com\/watch?v=3ZSfY87v6pM\"><em>VIDEO<\/em><\/a>\u00a0<\/span> con instrucciones. \u00a1Tambi\u00e9n puede llamarnos o enviarnos una aplicaci\u00f3n directamente! Nuestros empleados est\u00e1n siempre disponibles para ayudar.<\/p>\n<p><strong>EL TIEMPO DE ENTREGA :<\/strong>\u00a02 a 3 d\u00edas laborables.<\/p>\n<p><span style=\"color: #ff0000;\">INFORMACION IMPORTANTE:\u00a0<\/span>Puedes comprar cualquier chaqueta Versano con o sin cuello de piel, el cuello de piel no est\u00e1 incluido.<\/p>","protected":false},"featured_media":14522,"comment_status":"closed","ping_status":"closed","template":"","meta":[],"product_brand":[],"product_cat":[231,1037,1080,1041,1081,1082,1547],"product_tag":[314,276,277,1617,315,1186,266,1317,1668,1632,317,1660,1325,572,573,1613],"class_list":{"0":"post-4447","1":"product","2":"type-product","3":"status-publish","4":"has-post-thumbnail","6":"product_cat-heren-jassen-met-bontkraag","7":"product_cat-jas-met-bontkraag","8":"product_cat-jas-met-bontkraag-heren","9":"product_cat-winterjas-met-bontkraag","10":"product_cat-winterjas-met-bontkraag-heren","11":"product_cat-winterjassen-met-bontkraag-heren","12":"product_cat-winterjassen-heren","13":"product_tag-bontjassen-voor-heren","14":"product_tag-bontkraag","15":"product_tag-echte-bontkraag","16":"product_tag-goedkope-winterjassen-heren","17":"product_tag-heren-bontjassen","18":"product_tag-heren-winterjas-zwart","19":"product_tag-jassen-met-bontkraag","20":"product_tag-korte-heren-winterjas","21":"product_tag-korte-winterjassen","22":"product_tag-uitverkoop-winterjas-heren","23":"product_tag-versano-bontjassen","24":"product_tag-versano-heren","25":"product_tag-versano-winterjassen","26":"product_tag-winterjas-met-bontkraag-heren","27":"product_tag-winterjas-met-bontkraag-heren-zwart","28":"product_tag-winterjassen-heren-in-sale","29":"product_shipping_class-verzendkosten-1","30":"tm-has-options","32":"first","33":"instock","34":"taxable","35":"shipping-taxable","36":"purchasable","37":"product-type-variable"},"yoast_head":"<!-- This site is optimized with the Yoast SEO plugin v27.2 - https:\/\/yoast.com\/product\/yoast-seo-wordpress\/ -->\n<title>winterjas heren met bontkraag Roger zwart, korte winterjas heren<\/title>\n<meta name=\"description\" content=\"Versano heren winterjas met bontkraag Roger zwart. De zwarte casual heren winterjas heeft een mooie afwerking en is ook mooi Italiaans getailleerd.\" \/>\n<meta name=\"robots\" content=\"index, follow, max-snippet:-1, max-image-preview:large, max-video-preview:-1\" \/>\n<link rel=\"canonical\" href=\"https:\/\/versano.nl\/es\/shop\/versano-heren-winterjas-met-bontkraag-roger-zwart\/\" \/>\n<meta property=\"og:locale\" content=\"es_ES\" \/>\n<meta property=\"og:type\" content=\"article\" \/>\n<meta property=\"og:title\" content=\"winterjas heren met bontkraag Roger zwart, korte winterjas heren\" \/>\n<meta property=\"og:description\" content=\"Versano heren winterjas met bontkraag Roger zwart. De zwarte casual heren winterjas heeft een mooie afwerking en is ook mooi Italiaans getailleerd.\" \/>\n<meta property=\"og:url\" content=\"https:\/\/versano.nl\/es\/shop\/versano-heren-winterjas-met-bontkraag-roger-zwart\/\" \/>\n<meta property=\"og:site_name\" content=\"Versano\" \/>\n<meta property=\"article:modified_time\" content=\"2024-12-13T11:38:17+00:00\" \/>\n<meta property=\"og:image\" content=\"https:\/\/versano.nl\/wp-content\/uploads\/2019\/11\/versano-heren-winterjas-met-bontkraag-Roger-zwart-model.jpg\" \/>\n\t<meta property=\"og:image:width\" content=\"900\" \/>\n\t<meta property=\"og:image:height\" content=\"1176\" \/>\n\t<meta property=\"og:image:type\" content=\"image\/jpeg\" \/>\n<meta name=\"twitter:card\" content=\"summary_large_image\" \/>\n<meta name=\"twitter:label1\" content=\"Tiempo de lectura\" \/>\n\t<meta name=\"twitter:data1\" content=\"2 minutos\" \/>\n<script type=\"application\/ld+json\" class=\"yoast-schema-graph\">{\"@context\":\"https:\/\/schema.org\",\"@graph\":[{\"@type\":\"WebPage\",\"@id\":\"https:\/\/versano.nl\/shop\/versano-heren-winterjas-met-bontkraag-roger-zwart\/\",\"url\":\"https:\/\/versano.nl\/shop\/versano-heren-winterjas-met-bontkraag-roger-zwart\/\",\"name\":\"winterjas heren met bontkraag Roger zwart, korte winterjas heren\",\"isPartOf\":{\"@id\":\"https:\/\/versano.nl\/#website\"},\"primaryImageOfPage\":{\"@id\":\"https:\/\/versano.nl\/shop\/versano-heren-winterjas-met-bontkraag-roger-zwart\/#primaryimage\"},\"image\":{\"@id\":\"https:\/\/versano.nl\/shop\/versano-heren-winterjas-met-bontkraag-roger-zwart\/#primaryimage\"},\"thumbnailUrl\":\"https:\/\/versano.nl\/wp-content\/uploads\/2019\/11\/versano-heren-winterjas-met-bontkraag-Roger-zwart-model.jpg\",\"datePublished\":\"2015-08-11T12:31:55+00:00\",\"dateModified\":\"2024-12-13T11:38:17+00:00\",\"description\":\"Versano heren winterjas met bontkraag Roger zwart. De zwarte casual heren winterjas heeft een mooie afwerking en is ook mooi Italiaans getailleerd.\",\"breadcrumb\":{\"@id\":\"https:\/\/versano.nl\/shop\/versano-heren-winterjas-met-bontkraag-roger-zwart\/#breadcrumb\"},\"inLanguage\":\"es\",\"potentialAction\":[{\"@type\":\"ReadAction\",\"target\":[\"https:\/\/versano.nl\/shop\/versano-heren-winterjas-met-bontkraag-roger-zwart\/\"]}]},{\"@type\":\"ImageObject\",\"inLanguage\":\"es\",\"@id\":\"https:\/\/versano.nl\/shop\/versano-heren-winterjas-met-bontkraag-roger-zwart\/#primaryimage\",\"url\":\"https:\/\/versano.nl\/wp-content\/uploads\/2019\/11\/versano-heren-winterjas-met-bontkraag-Roger-zwart-model.jpg\",\"contentUrl\":\"https:\/\/versano.nl\/wp-content\/uploads\/2019\/11\/versano-heren-winterjas-met-bontkraag-Roger-zwart-model.jpg\",\"width\":900,\"height\":1176,\"caption\":\"winterjas heren met bontkraag Roger zwart\"},{\"@type\":\"BreadcrumbList\",\"@id\":\"https:\/\/versano.nl\/shop\/versano-heren-winterjas-met-bontkraag-roger-zwart\/#breadcrumb\",\"itemListElement\":[{\"@type\":\"ListItem\",\"position\":1,\"name\":\"Home\",\"item\":\"https:\/\/versano.nl\/\"},{\"@type\":\"ListItem\",\"position\":2,\"name\":\"Shop\",\"item\":\"https:\/\/versano.nl\/shop\/\"},{\"@type\":\"ListItem\",\"position\":3,\"name\":\"winterjas heren met bontkraag Roger zwart\"}]},{\"@type\":\"WebSite\",\"@id\":\"https:\/\/versano.nl\/#website\",\"url\":\"https:\/\/versano.nl\/\",\"name\":\"Versano\",\"description\":\"winterjassen met bontkraag | leren dames jassen | leren heren jassen\",\"potentialAction\":[{\"@type\":\"SearchAction\",\"target\":{\"@type\":\"EntryPoint\",\"urlTemplate\":\"https:\/\/versano.nl\/?s={search_term_string}\"},\"query-input\":{\"@type\":\"PropertyValueSpecification\",\"valueRequired\":true,\"valueName\":\"search_term_string\"}}],\"inLanguage\":\"es\"}]}<\/script>\n<!-- \/ Yoast SEO plugin. -->","yoast_head_json":{"title":"chaqueta de invierno para hombre con cuello de piel Roger negro, chaqueta corta de invierno para hombre","description":"Chaqueta de invierno para hombre Versano con cuello de piel Roger negro. La chaqueta negra casual de invierno para hombre tiene un bonito acabado y tambi\u00e9n est\u00e1 muy bien equipada en italiano.","robots":{"index":"index","follow":"follow","max-snippet":"max-snippet:-1","max-image-preview":"max-image-preview:large","max-video-preview":"max-video-preview:-1"},"canonical":"https:\/\/versano.nl\/es\/shop\/versano-heren-winterjas-met-bontkraag-roger-zwart\/","og_locale":"es_ES","og_type":"article","og_title":"winterjas heren met bontkraag Roger zwart, korte winterjas heren","og_description":"Versano heren winterjas met bontkraag Roger zwart. De zwarte casual heren winterjas heeft een mooie afwerking en is ook mooi Italiaans getailleerd.","og_url":"https:\/\/versano.nl\/es\/shop\/versano-heren-winterjas-met-bontkraag-roger-zwart\/","og_site_name":"Versano","article_modified_time":"2024-12-13T11:38:17+00:00","og_image":[{"width":900,"height":1176,"url":"https:\/\/versano.nl\/wp-content\/uploads\/2019\/11\/versano-heren-winterjas-met-bontkraag-Roger-zwart-model.jpg","type":"image\/jpeg"}],"twitter_card":"summary_large_image","twitter_misc":{"Tiempo de lectura":"2 minutos"},"schema":{"@context":"https:\/\/schema.org","@graph":[{"@type":"WebPage","@id":"https:\/\/versano.nl\/shop\/versano-heren-winterjas-met-bontkraag-roger-zwart\/","url":"https:\/\/versano.nl\/shop\/versano-heren-winterjas-met-bontkraag-roger-zwart\/","name":"chaqueta de invierno para hombre con cuello de piel Roger negro, chaqueta corta de invierno para hombre","isPartOf":{"@id":"https:\/\/versano.nl\/#website"},"primaryImageOfPage":{"@id":"https:\/\/versano.nl\/shop\/versano-heren-winterjas-met-bontkraag-roger-zwart\/#primaryimage"},"image":{"@id":"https:\/\/versano.nl\/shop\/versano-heren-winterjas-met-bontkraag-roger-zwart\/#primaryimage"},"thumbnailUrl":"https:\/\/versano.nl\/wp-content\/uploads\/2019\/11\/versano-heren-winterjas-met-bontkraag-Roger-zwart-model.jpg","datePublished":"2015-08-11T12:31:55+00:00","dateModified":"2024-12-13T11:38:17+00:00","description":"Chaqueta de invierno para hombre Versano con cuello de piel Roger negro. La chaqueta negra casual de invierno para hombre tiene un bonito acabado y tambi\u00e9n est\u00e1 muy bien equipada en italiano.","breadcrumb":{"@id":"https:\/\/versano.nl\/shop\/versano-heren-winterjas-met-bontkraag-roger-zwart\/#breadcrumb"},"inLanguage":"es","potentialAction":[{"@type":"ReadAction","target":["https:\/\/versano.nl\/shop\/versano-heren-winterjas-met-bontkraag-roger-zwart\/"]}]},{"@type":"ImageObject","inLanguage":"es","@id":"https:\/\/versano.nl\/shop\/versano-heren-winterjas-met-bontkraag-roger-zwart\/#primaryimage","url":"https:\/\/versano.nl\/wp-content\/uploads\/2019\/11\/versano-heren-winterjas-met-bontkraag-Roger-zwart-model.jpg","contentUrl":"https:\/\/versano.nl\/wp-content\/uploads\/2019\/11\/versano-heren-winterjas-met-bontkraag-Roger-zwart-model.jpg","width":900,"height":1176,"caption":"winterjas heren met bontkraag Roger zwart"},{"@type":"BreadcrumbList","@id":"https:\/\/versano.nl\/shop\/versano-heren-winterjas-met-bontkraag-roger-zwart\/#breadcrumb","itemListElement":[{"@type":"ListItem","position":1,"name":"Home","item":"https:\/\/versano.nl\/"},{"@type":"ListItem","position":2,"name":"Shop","item":"https:\/\/versano.nl\/shop\/"},{"@type":"ListItem","position":3,"name":"winterjas heren met bontkraag Roger zwart"}]},{"@type":"WebSite","@id":"https:\/\/versano.nl\/#website","url":"https:\/\/versano.nl\/","name":"Versano","description":"abrigos de invierno con cuello de piel | chaquetas de cuero para mujer | chaquetas de cuero para hombre","potentialAction":[{"@type":"SearchAction","target":{"@type":"EntryPoint","urlTemplate":"https:\/\/versano.nl\/?s={search_term_string}"},"query-input":{"@type":"PropertyValueSpecification","valueRequired":true,"valueName":"search_term_string"}}],"inLanguage":"es"}]}},"_links":{"self":[{"href":"https:\/\/versano.nl\/es\/wp-json\/wp\/v2\/product\/4447","targetHints":{"allow":["GET"]}}],"collection":[{"href":"https:\/\/versano.nl\/es\/wp-json\/wp\/v2\/product"}],"about":[{"href":"https:\/\/versano.nl\/es\/wp-json\/wp\/v2\/types\/product"}],"replies":[{"embeddable":true,"href":"https:\/\/versano.nl\/es\/wp-json\/wp\/v2\/comments?post=4447"}],"wp:featuredmedia":[{"embeddable":true,"href":"https:\/\/versano.nl\/es\/wp-json\/wp\/v2\/media\/14522"}],"wp:attachment":[{"href":"https:\/\/versano.nl\/es\/wp-json\/wp\/v2\/media?parent=4447"}],"wp:term":[{"taxonomy":"product_brand","embeddable":true,"href":"https:\/\/versano.nl\/es\/wp-json\/wp\/v2\/product_brand?post=4447"},{"taxonomy":"product_cat","embeddable":true,"href":"https:\/\/versano.nl\/es\/wp-json\/wp\/v2\/product_cat?post=4447"},{"taxonomy":"product_tag","embeddable":true,"href":"https:\/\/versano.nl\/es\/wp-json\/wp\/v2\/product_tag?post=4447"}],"curies":[{"name":"wp","href":"https:\/\/api.w.org\/{rel}","templated":true}]}}