{"id":4428,"date":"2015-08-11T13:10:57","date_gmt":"2015-08-11T13:10:57","guid":{"rendered":"http:\/\/leathershopdoci.nl\/?post_type=product&#038;p=6834"},"modified":"2021-01-22T02:36:11","modified_gmt":"2021-01-22T02:36:11","slug":"heren-winterjas-blauw-met-cognac-biezen-roger-versano","status":"publish","type":"product","link":"https:\/\/versano.nl\/es\/shop\/heren-winterjas-blauw-met-cognac-biezen-roger-versano\/","title":{"rendered":"chaqueta de invierno hombre azul con ribetes co\u00f1ac Roger Versano"},"content":{"rendered":"<h2>chaqueta de invierno hombre azul con ribetes co\u00f1ac Roger Versano<\/h2>\n<p>marca:<a title=\"versano\" href=\"https:\/\/versano.nl\" target=\"_blank\" rel=\"noopener noreferrer\"> Versano<\/a><br \/>\nlongitud: corto<br \/>\nPoner: Equipada italiana<br \/>\nForro: 100% poli\u00e9ster<br \/>\nespesor del forro: 200 gramos alineados gruesa<br \/>\nlongitud de la manga: manga larga<br \/>\nHood, alineado, s\u00f3lida<br \/>\nLos extras: costuras reforzadas<br \/>\nCierre: cremallera<br \/>\nbolsillos: bolsillos con cremalleras y sacos de v\u00e1lvula en el pecho con las impresoras, interior<br \/>\nFunci\u00f3n: impermeable, resistente al viento<br \/>\ncapa externa de material: 100% poli\u00e9ster<br \/>\naccesorios: cuello de piel (opcional)<\/p>\n<p>Tiempo: 2-4 d\u00edas<\/p>\n<p><strong>OPCIONAL: piel real CUELLO DEL MAPACHE MAPACHE ART DE PIEL<\/strong><\/p>","protected":false},"excerpt":{"rendered":"<p>Chaqueta de invierno para hombre de moda en azul con ribete co\u00f1ac y cuello de piel. En realidad, las fotos dicen lo suficiente sobre este elegante abrigo de invierno para hombre. La chaqueta tiene un ajuste perfecto, y los bolsillos con cremallera en los laterales y los bolsillos con solapa con botones de presi\u00f3n en los senos est\u00e1n terminados con cuero Rexion color co\u00f1ac, al igual que el borde ancho a lo largo de la cremallera. El collar est\u00e1 hecho de piel de mapache americano 100% y es opcional (se debe pedir por separado). Por supuesto, el cuello de piel tambi\u00e9n se puede pedir en piel artificial en 3 colores. Esta chaqueta de hombre marr\u00f3n de Versano es de corte italiano y tambi\u00e9n est\u00e1 disponible en otros 2 colores.<\/p>\n<p><strong>OPCIONAL: piel real CUELLO DEL MAPACHE MAPACHE ART DE PIEL<\/strong><\/p>","protected":false},"featured_media":13578,"comment_status":"closed","ping_status":"closed","template":"","meta":[],"product_brand":[],"product_cat":[231,1146,1037,1080,882,1143,1147,1041,1082,1547],"product_tag":[314,315,266,571,317],"class_list":{"0":"post-4428","1":"product","2":"type-product","3":"status-publish","4":"has-post-thumbnail","6":"product_cat-heren-jassen-met-bontkraag","7":"product_cat-heren-winterjas","8":"product_cat-jas-met-bontkraag","9":"product_cat-jas-met-bontkraag-heren","10":"product_cat-versano","11":"product_cat-winterjas","12":"product_cat-winterjas-heren","13":"product_cat-winterjas-met-bontkraag","14":"product_cat-winterjassen-met-bontkraag-heren","15":"product_cat-winterjassen-heren","16":"product_tag-bontjassen-voor-heren","17":"product_tag-heren-bontjassen","18":"product_tag-jassen-met-bontkraag","19":"product_tag-jassen-met-bontkraag-heren","20":"product_tag-versano-bontjassen","21":"product_shipping_class-verzendkosten-1","22":"tm-has-options","24":"first","25":"outofstock","26":"taxable","27":"shipping-taxable","28":"purchasable","29":"product-type-variable"},"yoast_head":"<!-- This site is optimized with the Yoast SEO plugin v27.2 - https:\/\/yoast.com\/product\/yoast-seo-wordpress\/ -->\n<title>winterjas heren blauw met cognac biezen Roger Versano<\/title>\n<meta name=\"description\" content=\"Ben je op zoek naar een Italiaanse winterjas heren blauw met cognac biezen Roger Versano, dan zit je bij Versano aan het juiste adres.\" \/>\n<meta name=\"robots\" content=\"index, follow, max-snippet:-1, max-image-preview:large, max-video-preview:-1\" \/>\n<link rel=\"canonical\" href=\"https:\/\/versano.nl\/es\/shop\/heren-winterjas-blauw-met-cognac-biezen-roger-versano\/\" \/>\n<meta property=\"og:locale\" content=\"es_ES\" \/>\n<meta property=\"og:type\" content=\"article\" \/>\n<meta property=\"og:title\" content=\"winterjas heren blauw met cognac biezen Roger Versano\" \/>\n<meta property=\"og:description\" content=\"Ben je op zoek naar een Italiaanse winterjas heren blauw met cognac biezen Roger Versano, dan zit je bij Versano aan het juiste adres.\" \/>\n<meta property=\"og:url\" content=\"https:\/\/versano.nl\/es\/shop\/heren-winterjas-blauw-met-cognac-biezen-roger-versano\/\" \/>\n<meta property=\"og:site_name\" content=\"Versano\" \/>\n<meta property=\"article:modified_time\" content=\"2021-01-22T02:36:11+00:00\" \/>\n<meta property=\"og:image\" content=\"https:\/\/versano.nl\/wp-content\/uploads\/2019\/11\/versano-heren-winterjas-met-bontkraag-Roger-blauw-voor-1.jpg\" \/>\n\t<meta property=\"og:image:width\" content=\"750\" \/>\n\t<meta property=\"og:image:height\" content=\"980\" \/>\n\t<meta property=\"og:image:type\" content=\"image\/jpeg\" \/>\n<meta name=\"twitter:card\" content=\"summary_large_image\" \/>\n<script type=\"application\/ld+json\" class=\"yoast-schema-graph\">{\"@context\":\"https:\/\/schema.org\",\"@graph\":[{\"@type\":\"WebPage\",\"@id\":\"https:\/\/versano.nl\/shop\/heren-winterjas-blauw-met-cognac-biezen-roger-versano\/\",\"url\":\"https:\/\/versano.nl\/shop\/heren-winterjas-blauw-met-cognac-biezen-roger-versano\/\",\"name\":\"winterjas heren blauw met cognac biezen Roger Versano\",\"isPartOf\":{\"@id\":\"https:\/\/versano.nl\/#website\"},\"primaryImageOfPage\":{\"@id\":\"https:\/\/versano.nl\/shop\/heren-winterjas-blauw-met-cognac-biezen-roger-versano\/#primaryimage\"},\"image\":{\"@id\":\"https:\/\/versano.nl\/shop\/heren-winterjas-blauw-met-cognac-biezen-roger-versano\/#primaryimage\"},\"thumbnailUrl\":\"https:\/\/versano.nl\/wp-content\/uploads\/2019\/11\/versano-heren-winterjas-met-bontkraag-Roger-blauw-voor-1.jpg\",\"datePublished\":\"2015-08-11T13:10:57+00:00\",\"dateModified\":\"2021-01-22T02:36:11+00:00\",\"description\":\"Ben je op zoek naar een Italiaanse winterjas heren blauw met cognac biezen Roger Versano, dan zit je bij Versano aan het juiste adres.\",\"breadcrumb\":{\"@id\":\"https:\/\/versano.nl\/shop\/heren-winterjas-blauw-met-cognac-biezen-roger-versano\/#breadcrumb\"},\"inLanguage\":\"es\",\"potentialAction\":[{\"@type\":\"ReadAction\",\"target\":[\"https:\/\/versano.nl\/shop\/heren-winterjas-blauw-met-cognac-biezen-roger-versano\/\"]}]},{\"@type\":\"ImageObject\",\"inLanguage\":\"es\",\"@id\":\"https:\/\/versano.nl\/shop\/heren-winterjas-blauw-met-cognac-biezen-roger-versano\/#primaryimage\",\"url\":\"https:\/\/versano.nl\/wp-content\/uploads\/2019\/11\/versano-heren-winterjas-met-bontkraag-Roger-blauw-voor-1.jpg\",\"contentUrl\":\"https:\/\/versano.nl\/wp-content\/uploads\/2019\/11\/versano-heren-winterjas-met-bontkraag-Roger-blauw-voor-1.jpg\",\"width\":750,\"height\":980},{\"@type\":\"BreadcrumbList\",\"@id\":\"https:\/\/versano.nl\/shop\/heren-winterjas-blauw-met-cognac-biezen-roger-versano\/#breadcrumb\",\"itemListElement\":[{\"@type\":\"ListItem\",\"position\":1,\"name\":\"Home\",\"item\":\"https:\/\/versano.nl\/\"},{\"@type\":\"ListItem\",\"position\":2,\"name\":\"Shop\",\"item\":\"https:\/\/versano.nl\/shop\/\"},{\"@type\":\"ListItem\",\"position\":3,\"name\":\"winterjas heren blauw met cognac biezen Roger Versano\"}]},{\"@type\":\"WebSite\",\"@id\":\"https:\/\/versano.nl\/#website\",\"url\":\"https:\/\/versano.nl\/\",\"name\":\"Versano\",\"description\":\"winterjassen met bontkraag | leren dames jassen | leren heren jassen\",\"potentialAction\":[{\"@type\":\"SearchAction\",\"target\":{\"@type\":\"EntryPoint\",\"urlTemplate\":\"https:\/\/versano.nl\/?s={search_term_string}\"},\"query-input\":{\"@type\":\"PropertyValueSpecification\",\"valueRequired\":true,\"valueName\":\"search_term_string\"}}],\"inLanguage\":\"es\"}]}<\/script>\n<!-- \/ Yoast SEO plugin. -->","yoast_head_json":{"title":"chaqueta de invierno hombre azul con ribetes co\u00f1ac Roger Versano","description":"\u00bfEst\u00e1 buscando una chaqueta de invierno italiana para hombres de color azul con rayas co\u00f1ac Roger Versano, entonces Versano es el lugar adecuado para usted.","robots":{"index":"index","follow":"follow","max-snippet":"max-snippet:-1","max-image-preview":"max-image-preview:large","max-video-preview":"max-video-preview:-1"},"canonical":"https:\/\/versano.nl\/es\/shop\/heren-winterjas-blauw-met-cognac-biezen-roger-versano\/","og_locale":"es_ES","og_type":"article","og_title":"winterjas heren blauw met cognac biezen Roger Versano","og_description":"Ben je op zoek naar een Italiaanse winterjas heren blauw met cognac biezen Roger Versano, dan zit je bij Versano aan het juiste adres.","og_url":"https:\/\/versano.nl\/es\/shop\/heren-winterjas-blauw-met-cognac-biezen-roger-versano\/","og_site_name":"Versano","article_modified_time":"2021-01-22T02:36:11+00:00","og_image":[{"width":750,"height":980,"url":"https:\/\/versano.nl\/wp-content\/uploads\/2019\/11\/versano-heren-winterjas-met-bontkraag-Roger-blauw-voor-1.jpg","type":"image\/jpeg"}],"twitter_card":"summary_large_image","schema":{"@context":"https:\/\/schema.org","@graph":[{"@type":"WebPage","@id":"https:\/\/versano.nl\/shop\/heren-winterjas-blauw-met-cognac-biezen-roger-versano\/","url":"https:\/\/versano.nl\/shop\/heren-winterjas-blauw-met-cognac-biezen-roger-versano\/","name":"chaqueta de invierno hombre azul con ribetes co\u00f1ac Roger Versano","isPartOf":{"@id":"https:\/\/versano.nl\/#website"},"primaryImageOfPage":{"@id":"https:\/\/versano.nl\/shop\/heren-winterjas-blauw-met-cognac-biezen-roger-versano\/#primaryimage"},"image":{"@id":"https:\/\/versano.nl\/shop\/heren-winterjas-blauw-met-cognac-biezen-roger-versano\/#primaryimage"},"thumbnailUrl":"https:\/\/versano.nl\/wp-content\/uploads\/2019\/11\/versano-heren-winterjas-met-bontkraag-Roger-blauw-voor-1.jpg","datePublished":"2015-08-11T13:10:57+00:00","dateModified":"2021-01-22T02:36:11+00:00","description":"\u00bfEst\u00e1 buscando una chaqueta de invierno italiana para hombres de color azul con rayas co\u00f1ac Roger Versano, entonces Versano es el lugar adecuado para usted.","breadcrumb":{"@id":"https:\/\/versano.nl\/shop\/heren-winterjas-blauw-met-cognac-biezen-roger-versano\/#breadcrumb"},"inLanguage":"es","potentialAction":[{"@type":"ReadAction","target":["https:\/\/versano.nl\/shop\/heren-winterjas-blauw-met-cognac-biezen-roger-versano\/"]}]},{"@type":"ImageObject","inLanguage":"es","@id":"https:\/\/versano.nl\/shop\/heren-winterjas-blauw-met-cognac-biezen-roger-versano\/#primaryimage","url":"https:\/\/versano.nl\/wp-content\/uploads\/2019\/11\/versano-heren-winterjas-met-bontkraag-Roger-blauw-voor-1.jpg","contentUrl":"https:\/\/versano.nl\/wp-content\/uploads\/2019\/11\/versano-heren-winterjas-met-bontkraag-Roger-blauw-voor-1.jpg","width":750,"height":980},{"@type":"BreadcrumbList","@id":"https:\/\/versano.nl\/shop\/heren-winterjas-blauw-met-cognac-biezen-roger-versano\/#breadcrumb","itemListElement":[{"@type":"ListItem","position":1,"name":"Home","item":"https:\/\/versano.nl\/"},{"@type":"ListItem","position":2,"name":"Shop","item":"https:\/\/versano.nl\/shop\/"},{"@type":"ListItem","position":3,"name":"winterjas heren blauw met cognac biezen Roger Versano"}]},{"@type":"WebSite","@id":"https:\/\/versano.nl\/#website","url":"https:\/\/versano.nl\/","name":"Versano","description":"abrigos de invierno con cuello de piel | chaquetas de cuero para mujer | chaquetas de cuero para hombre","potentialAction":[{"@type":"SearchAction","target":{"@type":"EntryPoint","urlTemplate":"https:\/\/versano.nl\/?s={search_term_string}"},"query-input":{"@type":"PropertyValueSpecification","valueRequired":true,"valueName":"search_term_string"}}],"inLanguage":"es"}]}},"_links":{"self":[{"href":"https:\/\/versano.nl\/es\/wp-json\/wp\/v2\/product\/4428","targetHints":{"allow":["GET"]}}],"collection":[{"href":"https:\/\/versano.nl\/es\/wp-json\/wp\/v2\/product"}],"about":[{"href":"https:\/\/versano.nl\/es\/wp-json\/wp\/v2\/types\/product"}],"replies":[{"embeddable":true,"href":"https:\/\/versano.nl\/es\/wp-json\/wp\/v2\/comments?post=4428"}],"wp:featuredmedia":[{"embeddable":true,"href":"https:\/\/versano.nl\/es\/wp-json\/wp\/v2\/media\/13578"}],"wp:attachment":[{"href":"https:\/\/versano.nl\/es\/wp-json\/wp\/v2\/media?parent=4428"}],"wp:term":[{"taxonomy":"product_brand","embeddable":true,"href":"https:\/\/versano.nl\/es\/wp-json\/wp\/v2\/product_brand?post=4428"},{"taxonomy":"product_cat","embeddable":true,"href":"https:\/\/versano.nl\/es\/wp-json\/wp\/v2\/product_cat?post=4428"},{"taxonomy":"product_tag","embeddable":true,"href":"https:\/\/versano.nl\/es\/wp-json\/wp\/v2\/product_tag?post=4428"}],"curies":[{"name":"wp","href":"https:\/\/api.w.org\/{rel}","templated":true}]}}