{"id":3903,"date":"2015-09-24T20:18:16","date_gmt":"2015-09-24T20:18:16","guid":{"rendered":"http:\/\/leathershopdoci.nl\/?post_type=product&#038;p=7786"},"modified":"2021-02-06T21:05:44","modified_gmt":"2021-02-06T21:05:44","slug":"airforce-classic-jongens-kinderjas-met-bontkraag-blauw","status":"publish","type":"product","link":"https:\/\/versano.nl\/es\/shop\/airforce-classic-jongens-kinderjas-met-bontkraag-blauw\/","title":{"rendered":"Chaqueta cl\u00e1sica para ni\u00f1os de Airforce para ni\u00f1os con cuello de piel azul."},"content":{"rendered":"<h2>Chaqueta cl\u00e1sica para ni\u00f1os de Airforce para ni\u00f1os con cuello de piel azul.<\/h2>\n<p>marca: <a href=\"https:\/\/versano.nl\" target=\"_blank\" rel=\"noopener noreferrer\">Fuerza A\u00e9rea<\/a><br \/>\nlongitud: media<br \/>\nAjuste: Se ejecuta<br \/>\nForro: 100% poli\u00e9ster<br \/>\nespesor del forro: 200 gramos alineados gruesa<br \/>\nlongitud de la manga: manga larga<br \/>\nHood, alineado, s\u00f3lida<br \/>\nCuello: piel artificial<br \/>\nLos extras: costuras reforzadas<br \/>\nCierre: cremallera con solapa de protecci\u00f3n, cremallera frontal<br \/>\nBolsillos: bolsillos con v\u00e1lvula<br \/>\nFunci\u00f3n: impermeable, resistente al viento<br \/>\ncapa externa de material: 100% poli\u00e9ster<\/p>\n<p>Tiempo: 2-4 d\u00edas<\/p>","protected":false},"excerpt":{"rendered":"<p><strong>ATENCI\u00d3N, esto incluye el cuello del abrigo PIEL<\/strong><\/p>\n<p>Esta chaqueta de la fuerza a\u00e9rea negro original para los ni\u00f1os es de la serie cl\u00e1sica. La chaqueta de los ni\u00f1os negros con cuello de piel es acolchada y el cuello es desmontable.<\/p>","protected":false},"featured_media":3905,"comment_status":"closed","ping_status":"closed","template":"","meta":[],"product_brand":[],"product_cat":[332],"product_tag":[313,333,334,335,336],"class_list":{"0":"post-3903","1":"product","2":"type-product","3":"status-publish","4":"has-post-thumbnail","6":"product_cat-kinderjassen-met-bontkraag","7":"product_tag-bontjassen","8":"product_tag-bontjassen-voor-kinderen","9":"product_tag-kinderen-bontkraag","10":"product_tag-online-bontjassen-kinderen","11":"product_tag-versano-bontjassen-voor-kinderen","12":"product_shipping_class-verzendkosten-1","13":"tm-no-options","15":"first","16":"outofstock","17":"sale","18":"taxable","19":"shipping-taxable","20":"purchasable","21":"product-type-variable"},"yoast_head":"<!-- This site is optimized with the Yoast SEO plugin v27.2 - https:\/\/yoast.com\/product\/yoast-seo-wordpress\/ -->\n<title>Airforce classic jongens kinderjas met bontkraag blauw<\/title>\n<meta name=\"description\" content=\"Airforce classic jongens kinderjas met bontkraag blauw. Deze originele Airforce jas voor jongens, is uit de classic serie. De zwarte kinderjas met bontkraag\" \/>\n<meta name=\"robots\" content=\"index, follow, max-snippet:-1, max-image-preview:large, max-video-preview:-1\" \/>\n<link rel=\"canonical\" href=\"https:\/\/versano.nl\/es\/shop\/airforce-classic-jongens-kinderjas-met-bontkraag-blauw\/\" \/>\n<meta property=\"og:locale\" content=\"es_ES\" \/>\n<meta property=\"og:type\" content=\"article\" \/>\n<meta property=\"og:title\" content=\"Airforce classic jongens kinderjas met bontkraag blauw\" \/>\n<meta property=\"og:description\" content=\"Airforce classic jongens kinderjas met bontkraag blauw. Deze originele Airforce jas voor jongens, is uit de classic serie. De zwarte kinderjas met bontkraag\" \/>\n<meta property=\"og:url\" content=\"https:\/\/versano.nl\/es\/shop\/airforce-classic-jongens-kinderjas-met-bontkraag-blauw\/\" \/>\n<meta property=\"og:site_name\" content=\"Versano\" \/>\n<meta property=\"article:modified_time\" content=\"2021-02-06T21:05:44+00:00\" \/>\n<meta property=\"og:image\" content=\"https:\/\/versano.nl\/wp-content\/uploads\/2017\/05\/leather-shop-doci-airforce-jongens-winterjas-blauw-voor.jpg\" \/>\n\t<meta property=\"og:image:width\" content=\"750\" \/>\n\t<meta property=\"og:image:height\" content=\"980\" \/>\n\t<meta property=\"og:image:type\" content=\"image\/jpeg\" \/>\n<meta name=\"twitter:card\" content=\"summary_large_image\" \/>\n<script type=\"application\/ld+json\" class=\"yoast-schema-graph\">{\"@context\":\"https:\/\/schema.org\",\"@graph\":[{\"@type\":\"WebPage\",\"@id\":\"https:\/\/versano.nl\/de\/shop\/airforce-classic-jongens-kinderjas-met-bontkraag-blauw\/\",\"url\":\"https:\/\/versano.nl\/de\/shop\/airforce-classic-jongens-kinderjas-met-bontkraag-blauw\/\",\"name\":\"Airforce classic jongens kinderjas met bontkraag blauw\",\"isPartOf\":{\"@id\":\"https:\/\/versano.nl\/#website\"},\"primaryImageOfPage\":{\"@id\":\"https:\/\/versano.nl\/de\/shop\/airforce-classic-jongens-kinderjas-met-bontkraag-blauw\/#primaryimage\"},\"image\":{\"@id\":\"https:\/\/versano.nl\/de\/shop\/airforce-classic-jongens-kinderjas-met-bontkraag-blauw\/#primaryimage\"},\"thumbnailUrl\":\"https:\/\/versano.nl\/wp-content\/uploads\/2017\/05\/leather-shop-doci-airforce-jongens-winterjas-blauw-voor.jpg\",\"datePublished\":\"2015-09-24T20:18:16+00:00\",\"dateModified\":\"2021-02-06T21:05:44+00:00\",\"description\":\"Airforce classic jongens kinderjas met bontkraag blauw. Deze originele Airforce jas voor jongens, is uit de classic serie. De zwarte kinderjas met bontkraag\",\"breadcrumb\":{\"@id\":\"https:\/\/versano.nl\/de\/shop\/airforce-classic-jongens-kinderjas-met-bontkraag-blauw\/#breadcrumb\"},\"inLanguage\":\"es\",\"potentialAction\":[{\"@type\":\"ReadAction\",\"target\":[\"https:\/\/versano.nl\/de\/shop\/airforce-classic-jongens-kinderjas-met-bontkraag-blauw\/\"]}]},{\"@type\":\"ImageObject\",\"inLanguage\":\"es\",\"@id\":\"https:\/\/versano.nl\/de\/shop\/airforce-classic-jongens-kinderjas-met-bontkraag-blauw\/#primaryimage\",\"url\":\"https:\/\/versano.nl\/wp-content\/uploads\/2017\/05\/leather-shop-doci-airforce-jongens-winterjas-blauw-voor.jpg\",\"contentUrl\":\"https:\/\/versano.nl\/wp-content\/uploads\/2017\/05\/leather-shop-doci-airforce-jongens-winterjas-blauw-voor.jpg\",\"width\":750,\"height\":980},{\"@type\":\"BreadcrumbList\",\"@id\":\"https:\/\/versano.nl\/de\/shop\/airforce-classic-jongens-kinderjas-met-bontkraag-blauw\/#breadcrumb\",\"itemListElement\":[{\"@type\":\"ListItem\",\"position\":1,\"name\":\"Home\",\"item\":\"https:\/\/versano.nl\/\"},{\"@type\":\"ListItem\",\"position\":2,\"name\":\"Shop\",\"item\":\"https:\/\/versano.nl\/shop\/\"},{\"@type\":\"ListItem\",\"position\":3,\"name\":\"Airforce classic jongens kinderjas met bontkraag blauw\"}]},{\"@type\":\"WebSite\",\"@id\":\"https:\/\/versano.nl\/#website\",\"url\":\"https:\/\/versano.nl\/\",\"name\":\"Versano\",\"description\":\"winterjassen met bontkraag | leren dames jassen | leren heren jassen\",\"potentialAction\":[{\"@type\":\"SearchAction\",\"target\":{\"@type\":\"EntryPoint\",\"urlTemplate\":\"https:\/\/versano.nl\/?s={search_term_string}\"},\"query-input\":{\"@type\":\"PropertyValueSpecification\",\"valueRequired\":true,\"valueName\":\"search_term_string\"}}],\"inLanguage\":\"es\"}]}<\/script>\n<!-- \/ Yoast SEO plugin. -->","yoast_head_json":{"title":"Chaqueta cl\u00e1sica para ni\u00f1os de Airforce para ni\u00f1os con cuello de piel azul.","description":"Chaqueta infantil de la fuerza a\u00e9rea cl\u00e1sica para ni\u00f1os con cuello de piel azul. Esta original chaqueta de Airforce para ni\u00f1os es de la serie cl\u00e1sica. La chaqueta negra para ni\u00f1os con cuello de piel.","robots":{"index":"index","follow":"follow","max-snippet":"max-snippet:-1","max-image-preview":"max-image-preview:large","max-video-preview":"max-video-preview:-1"},"canonical":"https:\/\/versano.nl\/es\/shop\/airforce-classic-jongens-kinderjas-met-bontkraag-blauw\/","og_locale":"es_ES","og_type":"article","og_title":"Airforce classic jongens kinderjas met bontkraag blauw","og_description":"Airforce classic jongens kinderjas met bontkraag blauw. Deze originele Airforce jas voor jongens, is uit de classic serie. De zwarte kinderjas met bontkraag","og_url":"https:\/\/versano.nl\/es\/shop\/airforce-classic-jongens-kinderjas-met-bontkraag-blauw\/","og_site_name":"Versano","article_modified_time":"2021-02-06T21:05:44+00:00","og_image":[{"width":750,"height":980,"url":"https:\/\/versano.nl\/wp-content\/uploads\/2017\/05\/leather-shop-doci-airforce-jongens-winterjas-blauw-voor.jpg","type":"image\/jpeg"}],"twitter_card":"summary_large_image","schema":{"@context":"https:\/\/schema.org","@graph":[{"@type":"WebPage","@id":"https:\/\/versano.nl\/de\/shop\/airforce-classic-jongens-kinderjas-met-bontkraag-blauw\/","url":"https:\/\/versano.nl\/de\/shop\/airforce-classic-jongens-kinderjas-met-bontkraag-blauw\/","name":"Chaqueta cl\u00e1sica para ni\u00f1os de Airforce para ni\u00f1os con cuello de piel azul.","isPartOf":{"@id":"https:\/\/versano.nl\/#website"},"primaryImageOfPage":{"@id":"https:\/\/versano.nl\/de\/shop\/airforce-classic-jongens-kinderjas-met-bontkraag-blauw\/#primaryimage"},"image":{"@id":"https:\/\/versano.nl\/de\/shop\/airforce-classic-jongens-kinderjas-met-bontkraag-blauw\/#primaryimage"},"thumbnailUrl":"https:\/\/versano.nl\/wp-content\/uploads\/2017\/05\/leather-shop-doci-airforce-jongens-winterjas-blauw-voor.jpg","datePublished":"2015-09-24T20:18:16+00:00","dateModified":"2021-02-06T21:05:44+00:00","description":"Chaqueta infantil de la fuerza a\u00e9rea cl\u00e1sica para ni\u00f1os con cuello de piel azul. Esta original chaqueta de Airforce para ni\u00f1os es de la serie cl\u00e1sica. La chaqueta negra para ni\u00f1os con cuello de piel.","breadcrumb":{"@id":"https:\/\/versano.nl\/de\/shop\/airforce-classic-jongens-kinderjas-met-bontkraag-blauw\/#breadcrumb"},"inLanguage":"es","potentialAction":[{"@type":"ReadAction","target":["https:\/\/versano.nl\/de\/shop\/airforce-classic-jongens-kinderjas-met-bontkraag-blauw\/"]}]},{"@type":"ImageObject","inLanguage":"es","@id":"https:\/\/versano.nl\/de\/shop\/airforce-classic-jongens-kinderjas-met-bontkraag-blauw\/#primaryimage","url":"https:\/\/versano.nl\/wp-content\/uploads\/2017\/05\/leather-shop-doci-airforce-jongens-winterjas-blauw-voor.jpg","contentUrl":"https:\/\/versano.nl\/wp-content\/uploads\/2017\/05\/leather-shop-doci-airforce-jongens-winterjas-blauw-voor.jpg","width":750,"height":980},{"@type":"BreadcrumbList","@id":"https:\/\/versano.nl\/de\/shop\/airforce-classic-jongens-kinderjas-met-bontkraag-blauw\/#breadcrumb","itemListElement":[{"@type":"ListItem","position":1,"name":"Home","item":"https:\/\/versano.nl\/"},{"@type":"ListItem","position":2,"name":"Shop","item":"https:\/\/versano.nl\/shop\/"},{"@type":"ListItem","position":3,"name":"Airforce classic jongens kinderjas met bontkraag blauw"}]},{"@type":"WebSite","@id":"https:\/\/versano.nl\/#website","url":"https:\/\/versano.nl\/","name":"Versano","description":"abrigos de invierno con cuello de piel | chaquetas de cuero para mujer | chaquetas de cuero para hombre","potentialAction":[{"@type":"SearchAction","target":{"@type":"EntryPoint","urlTemplate":"https:\/\/versano.nl\/?s={search_term_string}"},"query-input":{"@type":"PropertyValueSpecification","valueRequired":true,"valueName":"search_term_string"}}],"inLanguage":"es"}]}},"_links":{"self":[{"href":"https:\/\/versano.nl\/es\/wp-json\/wp\/v2\/product\/3903","targetHints":{"allow":["GET"]}}],"collection":[{"href":"https:\/\/versano.nl\/es\/wp-json\/wp\/v2\/product"}],"about":[{"href":"https:\/\/versano.nl\/es\/wp-json\/wp\/v2\/types\/product"}],"replies":[{"embeddable":true,"href":"https:\/\/versano.nl\/es\/wp-json\/wp\/v2\/comments?post=3903"}],"wp:featuredmedia":[{"embeddable":true,"href":"https:\/\/versano.nl\/es\/wp-json\/wp\/v2\/media\/3905"}],"wp:attachment":[{"href":"https:\/\/versano.nl\/es\/wp-json\/wp\/v2\/media?parent=3903"}],"wp:term":[{"taxonomy":"product_brand","embeddable":true,"href":"https:\/\/versano.nl\/es\/wp-json\/wp\/v2\/product_brand?post=3903"},{"taxonomy":"product_cat","embeddable":true,"href":"https:\/\/versano.nl\/es\/wp-json\/wp\/v2\/product_cat?post=3903"},{"taxonomy":"product_tag","embeddable":true,"href":"https:\/\/versano.nl\/es\/wp-json\/wp\/v2\/product_tag?post=3903"}],"curies":[{"name":"wp","href":"https:\/\/api.w.org\/{rel}","templated":true}]}}